{"id":9785,"date":"2025-10-01T18:58:26","date_gmt":"2025-10-01T18:58:26","guid":{"rendered":"https:\/\/invertas.lt\/?post_type=product&#038;p=9785"},"modified":"2025-10-08T18:09:07","modified_gmt":"2025-10-08T18:09:07","slug":"ups-su-transformatoriumi-ist7-t-80-600-kva","status":"publish","type":"product","link":"https:\/\/invertas.lt\/en\/produktai\/ups-nepertraukiamo-maitinimo-saltiniai\/ups-su-transformatoriumi-ist7-t-80-600-kva\/","title":{"rendered":"AEC UPS with transformer | IST7-T | 80-600 kVA"},"content":{"rendered":"<p data-start=\"66\" data-end=\"329\"><strong data-start=\"66\" data-end=\"135\">Three-phase Online UPS with isolation transformer (80\u2013600 kVA)<\/strong><\/p>\n<p data-start=\"66\" data-end=\"329\">High efficiency three-phase online UPS with output isolation transformer. Provides up to 94 % efficiency, 0.9 power factor and reliable protection for medical and industrial equipment.<\/p>\n<p data-start=\"331\" data-end=\"348\"><strong data-start=\"331\" data-end=\"346\">Advantages:<\/strong><\/p>\n<ul>\n<li data-start=\"351\" data-end=\"410\">Isolation transformer, up to 94 % AC-AC efficiency;<\/li>\n<li data-start=\"413\" data-end=\"459\">Flexible configuration and arbitrariness function;<\/li>\n<li data-start=\"462\" data-end=\"524\">Compatible with generators, records up to 10,000 events;<\/li>\n<li data-start=\"527\" data-end=\"580\">Parallel operation up to 4.8 MVA, SNMP\/Modbus communications;<\/li>\n<li data-start=\"583\" data-end=\"639\">ECO mode up to 98 %, three-phase imbalance tolerance.<\/li>\n<\/ul>","protected":false},"excerpt":{"rendered":"<p>Trifazis Online UPS su izoliaciniu transformatoriumi (80\u2013600 kVA) Auk\u0161to efektyvumo trifazis online UPS su i\u0161\u0117jimo izoliaciniu transformatoriumi. U\u017etikrina iki 94 % efektyvum\u0105, 0,9 galios koeficient\u0105 ir patikim\u0105 apsaug\u0105 medicininei bei pramoninei \u012frangai. Privalumai: Izoliacinis transformatorius, iki 94 % AC-AC efektyvumas; Lanksti konfig\u016bracija ir savivalos funkcija; Suderinamas su generatoriais, registruoja iki 10 000 \u012fvyki\u0173; Paralelinis darbas [&hellip;]<\/p>","protected":false},"featured_media":9269,"comment_status":"open","ping_status":"closed","template":"","meta":{"_acf_changed":false,"inline_featured_image":false},"product_brand":[],"product_cat":[581],"product_tag":[608,607,606,605],"class_list":{"0":"post-9785","1":"product","2":"type-product","3":"status-publish","4":"has-post-thumbnail","6":"product_cat-ups-nepertraukiamo-maitinimo-saltiniai","7":"product_tag-aec","8":"product_tag-invertas","9":"product_tag-nepertraukiamo-maitinimo-saltiniai","10":"product_tag-ups","12":"first","13":"instock","14":"shipping-taxable","15":"purchasable","16":"product-type-variable"},"acf":[],"yoast_head":"<!-- This site is optimized with the Yoast SEO plugin v25.5 - https:\/\/yoast.com\/wordpress\/plugins\/seo\/ -->\n<title>AEC UPS su transformatoriumi | IST7-T | 80-600 kVA - Invertas<\/title>\n<meta name=\"description\" content=\"AEC Ital\u0173 gamintojo kokybi\u0161ki UPS (Nepertraukiamo maitinimo \u0161altiniai). 3 met\u0173 garantija, greitas tiekimas, nepriekai\u0161tinga kokyb\u0117.\" \/>\n<meta name=\"robots\" content=\"index, follow, max-snippet:-1, max-image-preview:large, max-video-preview:-1\" \/>\n<link rel=\"canonical\" href=\"https:\/\/invertas.lt\/en\/produktai\/ups-nepertraukiamo-maitinimo-saltiniai\/ups-su-transformatoriumi-ist7-t-80-600-kva\/\" \/>\n<meta property=\"og:locale\" content=\"en_GB\" \/>\n<meta property=\"og:type\" content=\"article\" \/>\n<meta property=\"og:title\" content=\"AEC UPS su transformatoriumi | IST7-T | 80-600 kVA - Invertas\" \/>\n<meta property=\"og:description\" content=\"AEC Ital\u0173 gamintojo kokybi\u0161ki UPS (Nepertraukiamo maitinimo \u0161altiniai). 3 met\u0173 garantija, greitas tiekimas, nepriekai\u0161tinga kokyb\u0117.\" \/>\n<meta property=\"og:url\" content=\"https:\/\/invertas.lt\/en\/produktai\/ups-nepertraukiamo-maitinimo-saltiniai\/ups-su-transformatoriumi-ist7-t-80-600-kva\/\" \/>\n<meta property=\"og:site_name\" content=\"Invertas\" \/>\n<meta property=\"article:modified_time\" content=\"2025-10-08T18:09:07+00:00\" \/>\n<meta property=\"og:image\" content=\"https:\/\/invertas.lt\/wp-content\/uploads\/2025\/09\/1e9cbe2714cff720591e3e8996298f1897f40c9d-1.png\" \/>\n\t<meta property=\"og:image:width\" content=\"730\" \/>\n\t<meta property=\"og:image:height\" content=\"820\" \/>\n\t<meta property=\"og:image:type\" content=\"image\/png\" \/>\n<meta name=\"twitter:card\" content=\"summary_large_image\" \/>\n<meta name=\"twitter:label1\" content=\"Estimated reading time\" \/>\n\t<meta name=\"twitter:data1\" content=\"1 minute\" \/>\n<script type=\"application\/ld+json\" class=\"yoast-schema-graph\">{\"@context\":\"https:\/\/schema.org\",\"@graph\":[{\"@type\":\"WebPage\",\"@id\":\"https:\/\/invertas.lt\/produktai\/ups-nepertraukiamo-maitinimo-saltiniai\/ups-su-transformatoriumi-ist7-t-80-600-kva\/\",\"url\":\"https:\/\/invertas.lt\/produktai\/ups-nepertraukiamo-maitinimo-saltiniai\/ups-su-transformatoriumi-ist7-t-80-600-kva\/\",\"name\":\"AEC UPS su transformatoriumi | IST7-T | 80-600 kVA - Invertas\",\"isPartOf\":{\"@id\":\"https:\/\/invertas.lt\/#website\"},\"primaryImageOfPage\":{\"@id\":\"https:\/\/invertas.lt\/produktai\/ups-nepertraukiamo-maitinimo-saltiniai\/ups-su-transformatoriumi-ist7-t-80-600-kva\/#primaryimage\"},\"image\":{\"@id\":\"https:\/\/invertas.lt\/produktai\/ups-nepertraukiamo-maitinimo-saltiniai\/ups-su-transformatoriumi-ist7-t-80-600-kva\/#primaryimage\"},\"thumbnailUrl\":\"https:\/\/invertas.lt\/wp-content\/uploads\/2025\/09\/1e9cbe2714cff720591e3e8996298f1897f40c9d-1.png\",\"datePublished\":\"2025-10-01T18:58:26+00:00\",\"dateModified\":\"2025-10-08T18:09:07+00:00\",\"description\":\"AEC Ital\u0173 gamintojo kokybi\u0161ki UPS (Nepertraukiamo maitinimo \u0161altiniai). 3 met\u0173 garantija, greitas tiekimas, nepriekai\u0161tinga kokyb\u0117.\",\"breadcrumb\":{\"@id\":\"https:\/\/invertas.lt\/produktai\/ups-nepertraukiamo-maitinimo-saltiniai\/ups-su-transformatoriumi-ist7-t-80-600-kva\/#breadcrumb\"},\"inLanguage\":\"en-GB\",\"potentialAction\":[{\"@type\":\"ReadAction\",\"target\":[\"https:\/\/invertas.lt\/produktai\/ups-nepertraukiamo-maitinimo-saltiniai\/ups-su-transformatoriumi-ist7-t-80-600-kva\/\"]}]},{\"@type\":\"ImageObject\",\"inLanguage\":\"en-GB\",\"@id\":\"https:\/\/invertas.lt\/produktai\/ups-nepertraukiamo-maitinimo-saltiniai\/ups-su-transformatoriumi-ist7-t-80-600-kva\/#primaryimage\",\"url\":\"https:\/\/invertas.lt\/wp-content\/uploads\/2025\/09\/1e9cbe2714cff720591e3e8996298f1897f40c9d-1.png\",\"contentUrl\":\"https:\/\/invertas.lt\/wp-content\/uploads\/2025\/09\/1e9cbe2714cff720591e3e8996298f1897f40c9d-1.png\",\"width\":730,\"height\":820},{\"@type\":\"BreadcrumbList\",\"@id\":\"https:\/\/invertas.lt\/produktai\/ups-nepertraukiamo-maitinimo-saltiniai\/ups-su-transformatoriumi-ist7-t-80-600-kva\/#breadcrumb\",\"itemListElement\":[{\"@type\":\"ListItem\",\"position\":1,\"name\":\"Prad\u017eia\",\"item\":\"https:\/\/invertas.lt\/\"},{\"@type\":\"ListItem\",\"position\":2,\"name\":\"Products\",\"item\":\"https:\/\/invertas.lt\/shop\/\"},{\"@type\":\"ListItem\",\"position\":3,\"name\":\"UPS\",\"item\":\"https:\/\/invertas.lt\/.\/ups-nepertraukiamo-maitinimo-saltiniai\/\"},{\"@type\":\"ListItem\",\"position\":4,\"name\":\"AEC UPS su transformatoriumi | IST7-T | 80-600 kVA\"}]},{\"@type\":\"WebSite\",\"@id\":\"https:\/\/invertas.lt\/#website\",\"url\":\"https:\/\/invertas.lt\/\",\"name\":\"Invertas\",\"description\":\"\",\"publisher\":{\"@id\":\"https:\/\/invertas.lt\/#organization\"},\"potentialAction\":[{\"@type\":\"SearchAction\",\"target\":{\"@type\":\"EntryPoint\",\"urlTemplate\":\"https:\/\/invertas.lt\/?s={search_term_string}\"},\"query-input\":{\"@type\":\"PropertyValueSpecification\",\"valueRequired\":true,\"valueName\":\"search_term_string\"}}],\"inLanguage\":\"en-GB\"},{\"@type\":\"Organization\",\"@id\":\"https:\/\/invertas.lt\/#organization\",\"name\":\"Invertas\",\"url\":\"https:\/\/invertas.lt\/\",\"logo\":{\"@type\":\"ImageObject\",\"inLanguage\":\"en-GB\",\"@id\":\"https:\/\/invertas.lt\/#\/schema\/logo\/image\/\",\"url\":\"https:\/\/invertas.lt\/wp-content\/uploads\/2025\/03\/New-Text-Document-2.svg\",\"contentUrl\":\"https:\/\/invertas.lt\/wp-content\/uploads\/2025\/03\/New-Text-Document-2.svg\",\"width\":140,\"height\":39,\"caption\":\"Invertas\"},\"image\":{\"@id\":\"https:\/\/invertas.lt\/#\/schema\/logo\/image\/\"}}]}<\/script>\n<!-- \/ Yoast SEO plugin. -->","yoast_head_json":{"title":"AEC UPS su transformatoriumi | IST7-T | 80-600 kVA - Invertas","description":"AEC Ital\u0173 gamintojo kokybi\u0161ki UPS (Nepertraukiamo maitinimo \u0161altiniai). 3 met\u0173 garantija, greitas tiekimas, nepriekai\u0161tinga kokyb\u0117.","robots":{"index":"index","follow":"follow","max-snippet":"max-snippet:-1","max-image-preview":"max-image-preview:large","max-video-preview":"max-video-preview:-1"},"canonical":"https:\/\/invertas.lt\/en\/produktai\/ups-nepertraukiamo-maitinimo-saltiniai\/ups-su-transformatoriumi-ist7-t-80-600-kva\/","og_locale":"en_GB","og_type":"article","og_title":"AEC UPS su transformatoriumi | IST7-T | 80-600 kVA - Invertas","og_description":"AEC Ital\u0173 gamintojo kokybi\u0161ki UPS (Nepertraukiamo maitinimo \u0161altiniai). 3 met\u0173 garantija, greitas tiekimas, nepriekai\u0161tinga kokyb\u0117.","og_url":"https:\/\/invertas.lt\/en\/produktai\/ups-nepertraukiamo-maitinimo-saltiniai\/ups-su-transformatoriumi-ist7-t-80-600-kva\/","og_site_name":"Invertas","article_modified_time":"2025-10-08T18:09:07+00:00","og_image":[{"width":730,"height":820,"url":"https:\/\/invertas.lt\/wp-content\/uploads\/2025\/09\/1e9cbe2714cff720591e3e8996298f1897f40c9d-1.png","type":"image\/png"}],"twitter_card":"summary_large_image","twitter_misc":{"Estimated reading time":"1 minute"},"schema":{"@context":"https:\/\/schema.org","@graph":[{"@type":"WebPage","@id":"https:\/\/invertas.lt\/produktai\/ups-nepertraukiamo-maitinimo-saltiniai\/ups-su-transformatoriumi-ist7-t-80-600-kva\/","url":"https:\/\/invertas.lt\/produktai\/ups-nepertraukiamo-maitinimo-saltiniai\/ups-su-transformatoriumi-ist7-t-80-600-kva\/","name":"AEC UPS su transformatoriumi | IST7-T | 80-600 kVA - Invertas","isPartOf":{"@id":"https:\/\/invertas.lt\/#website"},"primaryImageOfPage":{"@id":"https:\/\/invertas.lt\/produktai\/ups-nepertraukiamo-maitinimo-saltiniai\/ups-su-transformatoriumi-ist7-t-80-600-kva\/#primaryimage"},"image":{"@id":"https:\/\/invertas.lt\/produktai\/ups-nepertraukiamo-maitinimo-saltiniai\/ups-su-transformatoriumi-ist7-t-80-600-kva\/#primaryimage"},"thumbnailUrl":"https:\/\/invertas.lt\/wp-content\/uploads\/2025\/09\/1e9cbe2714cff720591e3e8996298f1897f40c9d-1.png","datePublished":"2025-10-01T18:58:26+00:00","dateModified":"2025-10-08T18:09:07+00:00","description":"AEC Ital\u0173 gamintojo kokybi\u0161ki UPS (Nepertraukiamo maitinimo \u0161altiniai). 3 met\u0173 garantija, greitas tiekimas, nepriekai\u0161tinga kokyb\u0117.","breadcrumb":{"@id":"https:\/\/invertas.lt\/produktai\/ups-nepertraukiamo-maitinimo-saltiniai\/ups-su-transformatoriumi-ist7-t-80-600-kva\/#breadcrumb"},"inLanguage":"en-GB","potentialAction":[{"@type":"ReadAction","target":["https:\/\/invertas.lt\/produktai\/ups-nepertraukiamo-maitinimo-saltiniai\/ups-su-transformatoriumi-ist7-t-80-600-kva\/"]}]},{"@type":"ImageObject","inLanguage":"en-GB","@id":"https:\/\/invertas.lt\/produktai\/ups-nepertraukiamo-maitinimo-saltiniai\/ups-su-transformatoriumi-ist7-t-80-600-kva\/#primaryimage","url":"https:\/\/invertas.lt\/wp-content\/uploads\/2025\/09\/1e9cbe2714cff720591e3e8996298f1897f40c9d-1.png","contentUrl":"https:\/\/invertas.lt\/wp-content\/uploads\/2025\/09\/1e9cbe2714cff720591e3e8996298f1897f40c9d-1.png","width":730,"height":820},{"@type":"BreadcrumbList","@id":"https:\/\/invertas.lt\/produktai\/ups-nepertraukiamo-maitinimo-saltiniai\/ups-su-transformatoriumi-ist7-t-80-600-kva\/#breadcrumb","itemListElement":[{"@type":"ListItem","position":1,"name":"Prad\u017eia","item":"https:\/\/invertas.lt\/"},{"@type":"ListItem","position":2,"name":"Products","item":"https:\/\/invertas.lt\/shop\/"},{"@type":"ListItem","position":3,"name":"UPS","item":"https:\/\/invertas.lt\/.\/ups-nepertraukiamo-maitinimo-saltiniai\/"},{"@type":"ListItem","position":4,"name":"AEC UPS su transformatoriumi | IST7-T | 80-600 kVA"}]},{"@type":"WebSite","@id":"https:\/\/invertas.lt\/#website","url":"https:\/\/invertas.lt\/","name":"Invert","description":"","publisher":{"@id":"https:\/\/invertas.lt\/#organization"},"potentialAction":[{"@type":"SearchAction","target":{"@type":"EntryPoint","urlTemplate":"https:\/\/invertas.lt\/?s={search_term_string}"},"query-input":{"@type":"PropertyValueSpecification","valueRequired":true,"valueName":"search_term_string"}}],"inLanguage":"en-GB"},{"@type":"Organization","@id":"https:\/\/invertas.lt\/#organization","name":"Invert","url":"https:\/\/invertas.lt\/","logo":{"@type":"ImageObject","inLanguage":"en-GB","@id":"https:\/\/invertas.lt\/#\/schema\/logo\/image\/","url":"https:\/\/invertas.lt\/wp-content\/uploads\/2025\/03\/New-Text-Document-2.svg","contentUrl":"https:\/\/invertas.lt\/wp-content\/uploads\/2025\/03\/New-Text-Document-2.svg","width":140,"height":39,"caption":"Invertas"},"image":{"@id":"https:\/\/invertas.lt\/#\/schema\/logo\/image\/"}}]}},"_links":{"self":[{"href":"https:\/\/invertas.lt\/en\/wp-json\/wp\/v2\/product\/9785","targetHints":{"allow":["GET"]}}],"collection":[{"href":"https:\/\/invertas.lt\/en\/wp-json\/wp\/v2\/product"}],"about":[{"href":"https:\/\/invertas.lt\/en\/wp-json\/wp\/v2\/types\/product"}],"replies":[{"embeddable":true,"href":"https:\/\/invertas.lt\/en\/wp-json\/wp\/v2\/comments?post=9785"}],"wp:featuredmedia":[{"embeddable":true,"href":"https:\/\/invertas.lt\/en\/wp-json\/wp\/v2\/media\/9269"}],"wp:attachment":[{"href":"https:\/\/invertas.lt\/en\/wp-json\/wp\/v2\/media?parent=9785"}],"wp:term":[{"taxonomy":"product_brand","embeddable":true,"href":"https:\/\/invertas.lt\/en\/wp-json\/wp\/v2\/product_brand?post=9785"},{"taxonomy":"product_cat","embeddable":true,"href":"https:\/\/invertas.lt\/en\/wp-json\/wp\/v2\/product_cat?post=9785"},{"taxonomy":"product_tag","embeddable":true,"href":"https:\/\/invertas.lt\/en\/wp-json\/wp\/v2\/product_tag?post=9785"}],"curies":[{"name":"wp","href":"https:\/\/api.w.org\/{rel}","templated":true}]}}