{"id":8267,"date":"2025-07-11T18:02:43","date_gmt":"2025-07-11T18:02:43","guid":{"rendered":"https:\/\/aurimasb15.sg-host.com\/?post_type=product&#038;p=8267"},"modified":"2025-08-08T15:33:00","modified_gmt":"2025-08-08T15:33:00","slug":"belaidis-siustuvas-twph-1ut","status":"publish","type":"product","link":"https:\/\/invertas.lt\/en\/produktai\/temperaturos-jutikliai\/belaidis-siustuvas-twph-1ut\/","title":{"rendered":"Guenther wireless transmitter TWPH-1UT"},"content":{"rendered":"<h3 data-start=\"0\" data-end=\"14\">Fields of application<\/h3>\n<p data-start=\"0\" data-end=\"225\">In-Head temperature transmitter with 1 universal measuring input. The device is designed for mounting in the sensor terminal head form B or bigger. The temperature and other associated values are transmitted wirelessly to a dedicated receiver. Transmission band 868MHz.<\/p>\n<h3 data-start=\"16\" data-end=\"183\">Features<\/h3>\n<ul>\n<li>Measurement input for esistance sensor Pt100 or thermocouples<\/li>\n<li>Wide range of supply voltage 5 to 24V DC<\/li>\n<li>Low power consumption<\/li>\n<li>Communication range up to 4km [LOS]<\/li>\n<li>Operating frequency 868MHz<\/li>\n<\/ul>","protected":false},"excerpt":{"rendered":"<p>Taikymo sritys Temperat\u016bros si\u0173stuvas su vienu universaliu matavimo \u012f\u0117jimu, montuojamas jutiklio gnybt\u0173 galvut\u0117je (formos B arba didesn\u0117je). Temperat\u016bra ir kitos susijusios reik\u0161m\u0117s perduodamos belaid\u017eiu ry\u0161iu \u012f special\u0173 imtuv\u0105. Perdavimo da\u017eni\u0173 juosta \u2013 868 MHz. Savyb\u0117s Matavimo \u012f\u0117jimas var\u017einiam jutikliui Pt100 arba termoporoms Plati maitinimo \u012ftampos sritis: 5\u201324 V DC Ma\u017eas energijos suvartojimas Ry\u0161io nuotolis iki [&hellip;]<\/p>","protected":false},"featured_media":8268,"comment_status":"open","ping_status":"closed","template":"","meta":{"_acf_changed":false,"inline_featured_image":false},"product_brand":[],"product_cat":[501],"product_tag":[],"class_list":{"0":"post-8267","1":"product","2":"type-product","3":"status-publish","4":"has-post-thumbnail","6":"product_cat-temperaturos-jutikliai","8":"first","9":"instock","10":"shipping-taxable","11":"purchasable","12":"product-type-simple"},"acf":[],"yoast_head":"<!-- This site is optimized with the Yoast SEO plugin v25.5 - https:\/\/yoast.com\/wordpress\/plugins\/seo\/ -->\n<title>Guenther belaidis si\u0173stuvas TWPH-1UT - Invertas<\/title>\n<meta name=\"description\" content=\"Temperat\u016bros si\u0173stuvas su Pt100 ir termopor\u0173 \u012f\u0117jimu, belaidis 868 MHz ry\u0161ys, iki 4 km nuotolis, ma\u017eas energijos suvartojimas.\" \/>\n<meta name=\"robots\" content=\"index, follow, max-snippet:-1, max-image-preview:large, max-video-preview:-1\" \/>\n<link rel=\"canonical\" href=\"https:\/\/invertas.lt\/en\/produktai\/temperaturos-jutikliai\/belaidis-siustuvas-twph-1ut\/\" \/>\n<meta property=\"og:locale\" content=\"en_GB\" \/>\n<meta property=\"og:type\" content=\"article\" \/>\n<meta property=\"og:title\" content=\"Guenther belaidis si\u0173stuvas TWPH-1UT - Invertas\" \/>\n<meta property=\"og:description\" content=\"Temperat\u016bros si\u0173stuvas su Pt100 ir termopor\u0173 \u012f\u0117jimu, belaidis 868 MHz ry\u0161ys, iki 4 km nuotolis, ma\u017eas energijos suvartojimas.\" \/>\n<meta property=\"og:url\" content=\"https:\/\/invertas.lt\/en\/produktai\/temperaturos-jutikliai\/belaidis-siustuvas-twph-1ut\/\" \/>\n<meta property=\"og:site_name\" content=\"Invertas\" \/>\n<meta property=\"article:modified_time\" content=\"2025-08-08T15:33:00+00:00\" \/>\n<meta property=\"og:image\" content=\"https:\/\/invertas.lt\/wp-content\/uploads\/2025\/07\/x6497b204-9611-70aa-1860-1e93a3033af8_520c7505-4dec-78c9-c71a-ad1fe2f98a13_cntIdImage_6b9db47319941ce5ff252d1a90ab927d.jpgqWidth600aHeight800aQuality90aOFpngaConfirm1.pagespeed.ic_.Jml0R27zHs.webp\" \/>\n\t<meta property=\"og:image:width\" content=\"600\" \/>\n\t<meta property=\"og:image:height\" content=\"800\" \/>\n\t<meta property=\"og:image:type\" content=\"image\/webp\" \/>\n<meta name=\"twitter:card\" content=\"summary_large_image\" \/>\n<meta name=\"twitter:label1\" content=\"Estimated reading time\" \/>\n\t<meta name=\"twitter:data1\" content=\"1 minute\" \/>\n<script type=\"application\/ld+json\" class=\"yoast-schema-graph\">{\"@context\":\"https:\/\/schema.org\",\"@graph\":[{\"@type\":\"WebPage\",\"@id\":\"https:\/\/invertas.lt\/produktai\/temperaturos-jutikliai\/belaidis-siustuvas-twph-1ut\/\",\"url\":\"https:\/\/invertas.lt\/produktai\/temperaturos-jutikliai\/belaidis-siustuvas-twph-1ut\/\",\"name\":\"Guenther belaidis si\u0173stuvas TWPH-1UT - Invertas\",\"isPartOf\":{\"@id\":\"https:\/\/invertas.lt\/#website\"},\"primaryImageOfPage\":{\"@id\":\"https:\/\/invertas.lt\/produktai\/temperaturos-jutikliai\/belaidis-siustuvas-twph-1ut\/#primaryimage\"},\"image\":{\"@id\":\"https:\/\/invertas.lt\/produktai\/temperaturos-jutikliai\/belaidis-siustuvas-twph-1ut\/#primaryimage\"},\"thumbnailUrl\":\"https:\/\/invertas.lt\/wp-content\/uploads\/2025\/07\/x6497b204-9611-70aa-1860-1e93a3033af8_520c7505-4dec-78c9-c71a-ad1fe2f98a13_cntIdImage_6b9db47319941ce5ff252d1a90ab927d.jpgqWidth600aHeight800aQuality90aOFpngaConfirm1.pagespeed.ic_.Jml0R27zHs.webp\",\"datePublished\":\"2025-07-11T18:02:43+00:00\",\"dateModified\":\"2025-08-08T15:33:00+00:00\",\"description\":\"Temperat\u016bros si\u0173stuvas su Pt100 ir termopor\u0173 \u012f\u0117jimu, belaidis 868 MHz ry\u0161ys, iki 4 km nuotolis, ma\u017eas energijos suvartojimas.\",\"breadcrumb\":{\"@id\":\"https:\/\/invertas.lt\/produktai\/temperaturos-jutikliai\/belaidis-siustuvas-twph-1ut\/#breadcrumb\"},\"inLanguage\":\"en-GB\",\"potentialAction\":[{\"@type\":\"ReadAction\",\"target\":[\"https:\/\/invertas.lt\/produktai\/temperaturos-jutikliai\/belaidis-siustuvas-twph-1ut\/\"]}]},{\"@type\":\"ImageObject\",\"inLanguage\":\"en-GB\",\"@id\":\"https:\/\/invertas.lt\/produktai\/temperaturos-jutikliai\/belaidis-siustuvas-twph-1ut\/#primaryimage\",\"url\":\"https:\/\/invertas.lt\/wp-content\/uploads\/2025\/07\/x6497b204-9611-70aa-1860-1e93a3033af8_520c7505-4dec-78c9-c71a-ad1fe2f98a13_cntIdImage_6b9db47319941ce5ff252d1a90ab927d.jpgqWidth600aHeight800aQuality90aOFpngaConfirm1.pagespeed.ic_.Jml0R27zHs.webp\",\"contentUrl\":\"https:\/\/invertas.lt\/wp-content\/uploads\/2025\/07\/x6497b204-9611-70aa-1860-1e93a3033af8_520c7505-4dec-78c9-c71a-ad1fe2f98a13_cntIdImage_6b9db47319941ce5ff252d1a90ab927d.jpgqWidth600aHeight800aQuality90aOFpngaConfirm1.pagespeed.ic_.Jml0R27zHs.webp\",\"width\":600,\"height\":800},{\"@type\":\"BreadcrumbList\",\"@id\":\"https:\/\/invertas.lt\/produktai\/temperaturos-jutikliai\/belaidis-siustuvas-twph-1ut\/#breadcrumb\",\"itemListElement\":[{\"@type\":\"ListItem\",\"position\":1,\"name\":\"Prad\u017eia\",\"item\":\"https:\/\/invertas.lt\/\"},{\"@type\":\"ListItem\",\"position\":2,\"name\":\"Products\",\"item\":\"https:\/\/invertas.lt\/shop\/\"},{\"@type\":\"ListItem\",\"position\":3,\"name\":\"Temperat\u016bros jutikliai\",\"item\":\"https:\/\/invertas.lt\/.\/temperaturos-jutikliai\/\"},{\"@type\":\"ListItem\",\"position\":4,\"name\":\"Guenther belaidis si\u0173stuvas TWPH-1UT\"}]},{\"@type\":\"WebSite\",\"@id\":\"https:\/\/invertas.lt\/#website\",\"url\":\"https:\/\/invertas.lt\/\",\"name\":\"Invertas\",\"description\":\"\",\"publisher\":{\"@id\":\"https:\/\/invertas.lt\/#organization\"},\"potentialAction\":[{\"@type\":\"SearchAction\",\"target\":{\"@type\":\"EntryPoint\",\"urlTemplate\":\"https:\/\/invertas.lt\/?s={search_term_string}\"},\"query-input\":{\"@type\":\"PropertyValueSpecification\",\"valueRequired\":true,\"valueName\":\"search_term_string\"}}],\"inLanguage\":\"en-GB\"},{\"@type\":\"Organization\",\"@id\":\"https:\/\/invertas.lt\/#organization\",\"name\":\"Invertas\",\"url\":\"https:\/\/invertas.lt\/\",\"logo\":{\"@type\":\"ImageObject\",\"inLanguage\":\"en-GB\",\"@id\":\"https:\/\/invertas.lt\/#\/schema\/logo\/image\/\",\"url\":\"https:\/\/invertas.lt\/wp-content\/uploads\/2025\/03\/New-Text-Document-2.svg\",\"contentUrl\":\"https:\/\/invertas.lt\/wp-content\/uploads\/2025\/03\/New-Text-Document-2.svg\",\"width\":140,\"height\":39,\"caption\":\"Invertas\"},\"image\":{\"@id\":\"https:\/\/invertas.lt\/#\/schema\/logo\/image\/\"}}]}<\/script>\n<!-- \/ Yoast SEO plugin. -->","yoast_head_json":{"title":"Guenther belaidis si\u0173stuvas TWPH-1UT - Invertas","description":"Temperat\u016bros si\u0173stuvas su Pt100 ir termopor\u0173 \u012f\u0117jimu, belaidis 868 MHz ry\u0161ys, iki 4 km nuotolis, ma\u017eas energijos suvartojimas.","robots":{"index":"index","follow":"follow","max-snippet":"max-snippet:-1","max-image-preview":"max-image-preview:large","max-video-preview":"max-video-preview:-1"},"canonical":"https:\/\/invertas.lt\/en\/produktai\/temperaturos-jutikliai\/belaidis-siustuvas-twph-1ut\/","og_locale":"en_GB","og_type":"article","og_title":"Guenther belaidis si\u0173stuvas TWPH-1UT - Invertas","og_description":"Temperat\u016bros si\u0173stuvas su Pt100 ir termopor\u0173 \u012f\u0117jimu, belaidis 868 MHz ry\u0161ys, iki 4 km nuotolis, ma\u017eas energijos suvartojimas.","og_url":"https:\/\/invertas.lt\/en\/produktai\/temperaturos-jutikliai\/belaidis-siustuvas-twph-1ut\/","og_site_name":"Invertas","article_modified_time":"2025-08-08T15:33:00+00:00","og_image":[{"width":600,"height":800,"url":"https:\/\/invertas.lt\/wp-content\/uploads\/2025\/07\/x6497b204-9611-70aa-1860-1e93a3033af8_520c7505-4dec-78c9-c71a-ad1fe2f98a13_cntIdImage_6b9db47319941ce5ff252d1a90ab927d.jpgqWidth600aHeight800aQuality90aOFpngaConfirm1.pagespeed.ic_.Jml0R27zHs.webp","type":"image\/webp"}],"twitter_card":"summary_large_image","twitter_misc":{"Estimated reading time":"1 minute"},"schema":{"@context":"https:\/\/schema.org","@graph":[{"@type":"WebPage","@id":"https:\/\/invertas.lt\/produktai\/temperaturos-jutikliai\/belaidis-siustuvas-twph-1ut\/","url":"https:\/\/invertas.lt\/produktai\/temperaturos-jutikliai\/belaidis-siustuvas-twph-1ut\/","name":"Guenther belaidis si\u0173stuvas TWPH-1UT - Invertas","isPartOf":{"@id":"https:\/\/invertas.lt\/#website"},"primaryImageOfPage":{"@id":"https:\/\/invertas.lt\/produktai\/temperaturos-jutikliai\/belaidis-siustuvas-twph-1ut\/#primaryimage"},"image":{"@id":"https:\/\/invertas.lt\/produktai\/temperaturos-jutikliai\/belaidis-siustuvas-twph-1ut\/#primaryimage"},"thumbnailUrl":"https:\/\/invertas.lt\/wp-content\/uploads\/2025\/07\/x6497b204-9611-70aa-1860-1e93a3033af8_520c7505-4dec-78c9-c71a-ad1fe2f98a13_cntIdImage_6b9db47319941ce5ff252d1a90ab927d.jpgqWidth600aHeight800aQuality90aOFpngaConfirm1.pagespeed.ic_.Jml0R27zHs.webp","datePublished":"2025-07-11T18:02:43+00:00","dateModified":"2025-08-08T15:33:00+00:00","description":"Temperat\u016bros si\u0173stuvas su Pt100 ir termopor\u0173 \u012f\u0117jimu, belaidis 868 MHz ry\u0161ys, iki 4 km nuotolis, ma\u017eas energijos suvartojimas.","breadcrumb":{"@id":"https:\/\/invertas.lt\/produktai\/temperaturos-jutikliai\/belaidis-siustuvas-twph-1ut\/#breadcrumb"},"inLanguage":"en-GB","potentialAction":[{"@type":"ReadAction","target":["https:\/\/invertas.lt\/produktai\/temperaturos-jutikliai\/belaidis-siustuvas-twph-1ut\/"]}]},{"@type":"ImageObject","inLanguage":"en-GB","@id":"https:\/\/invertas.lt\/produktai\/temperaturos-jutikliai\/belaidis-siustuvas-twph-1ut\/#primaryimage","url":"https:\/\/invertas.lt\/wp-content\/uploads\/2025\/07\/x6497b204-9611-70aa-1860-1e93a3033af8_520c7505-4dec-78c9-c71a-ad1fe2f98a13_cntIdImage_6b9db47319941ce5ff252d1a90ab927d.jpgqWidth600aHeight800aQuality90aOFpngaConfirm1.pagespeed.ic_.Jml0R27zHs.webp","contentUrl":"https:\/\/invertas.lt\/wp-content\/uploads\/2025\/07\/x6497b204-9611-70aa-1860-1e93a3033af8_520c7505-4dec-78c9-c71a-ad1fe2f98a13_cntIdImage_6b9db47319941ce5ff252d1a90ab927d.jpgqWidth600aHeight800aQuality90aOFpngaConfirm1.pagespeed.ic_.Jml0R27zHs.webp","width":600,"height":800},{"@type":"BreadcrumbList","@id":"https:\/\/invertas.lt\/produktai\/temperaturos-jutikliai\/belaidis-siustuvas-twph-1ut\/#breadcrumb","itemListElement":[{"@type":"ListItem","position":1,"name":"Prad\u017eia","item":"https:\/\/invertas.lt\/"},{"@type":"ListItem","position":2,"name":"Products","item":"https:\/\/invertas.lt\/shop\/"},{"@type":"ListItem","position":3,"name":"Temperat\u016bros jutikliai","item":"https:\/\/invertas.lt\/.\/temperaturos-jutikliai\/"},{"@type":"ListItem","position":4,"name":"Guenther belaidis si\u0173stuvas TWPH-1UT"}]},{"@type":"WebSite","@id":"https:\/\/invertas.lt\/#website","url":"https:\/\/invertas.lt\/","name":"Invert","description":"","publisher":{"@id":"https:\/\/invertas.lt\/#organization"},"potentialAction":[{"@type":"SearchAction","target":{"@type":"EntryPoint","urlTemplate":"https:\/\/invertas.lt\/?s={search_term_string}"},"query-input":{"@type":"PropertyValueSpecification","valueRequired":true,"valueName":"search_term_string"}}],"inLanguage":"en-GB"},{"@type":"Organization","@id":"https:\/\/invertas.lt\/#organization","name":"Invert","url":"https:\/\/invertas.lt\/","logo":{"@type":"ImageObject","inLanguage":"en-GB","@id":"https:\/\/invertas.lt\/#\/schema\/logo\/image\/","url":"https:\/\/invertas.lt\/wp-content\/uploads\/2025\/03\/New-Text-Document-2.svg","contentUrl":"https:\/\/invertas.lt\/wp-content\/uploads\/2025\/03\/New-Text-Document-2.svg","width":140,"height":39,"caption":"Invertas"},"image":{"@id":"https:\/\/invertas.lt\/#\/schema\/logo\/image\/"}}]}},"_links":{"self":[{"href":"https:\/\/invertas.lt\/en\/wp-json\/wp\/v2\/product\/8267","targetHints":{"allow":["GET"]}}],"collection":[{"href":"https:\/\/invertas.lt\/en\/wp-json\/wp\/v2\/product"}],"about":[{"href":"https:\/\/invertas.lt\/en\/wp-json\/wp\/v2\/types\/product"}],"replies":[{"embeddable":true,"href":"https:\/\/invertas.lt\/en\/wp-json\/wp\/v2\/comments?post=8267"}],"wp:featuredmedia":[{"embeddable":true,"href":"https:\/\/invertas.lt\/en\/wp-json\/wp\/v2\/media\/8268"}],"wp:attachment":[{"href":"https:\/\/invertas.lt\/en\/wp-json\/wp\/v2\/media?parent=8267"}],"wp:term":[{"taxonomy":"product_brand","embeddable":true,"href":"https:\/\/invertas.lt\/en\/wp-json\/wp\/v2\/product_brand?post=8267"},{"taxonomy":"product_cat","embeddable":true,"href":"https:\/\/invertas.lt\/en\/wp-json\/wp\/v2\/product_cat?post=8267"},{"taxonomy":"product_tag","embeddable":true,"href":"https:\/\/invertas.lt\/en\/wp-json\/wp\/v2\/product_tag?post=8267"}],"curies":[{"name":"wp","href":"https:\/\/api.w.org\/{rel}","templated":true}]}}