{"id":8264,"date":"2025-07-11T17:36:41","date_gmt":"2025-07-11T17:36:41","guid":{"rendered":"https:\/\/aurimasb15.sg-host.com\/?post_type=product&#038;p=8264"},"modified":"2025-10-01T09:01:58","modified_gmt":"2025-10-01T09:01:58","slug":"galvuteje-montuojamas-siustuvas-gt-5337d","status":"publish","type":"product","link":"https:\/\/invertas.lt\/en\/produktai\/temperaturos-jutikliai\/galvuteje-montuojamas-siustuvas-gt-5337d\/","title":{"rendered":"Guenther head-mounted signal converter GT 5337D"},"content":{"rendered":"<p data-start=\"0\" data-end=\"207\"><strong data-start=\"0\" data-end=\"18\">Fields of application<\/strong><\/p>\n<p data-start=\"0\" data-end=\"207\">GT 5337D temperature transmitter with universal input for RTD and thermocouples, 4-20 mA output and HART\u00ae 7 protocol (converted to 5). Configurable with a computer or HART communicator.<\/p>\n<p data-start=\"209\" data-end=\"222\"><strong data-start=\"209\" data-end=\"220\">Features<\/strong><\/p>\n<ul data-start=\"223\" data-end=\"396\" data-is-last-node=\"\" data-is-only-node=\"\">\n<li data-start=\"223\" data-end=\"270\">\n<p data-start=\"225\" data-end=\"270\">SIL certified for safety systems<\/p>\n<\/li>\n<li data-start=\"271\" data-end=\"337\">\n<p data-start=\"273\" data-end=\"337\">High accuracy and reliability under EMC conditions according to NAMUR NE21<\/p>\n<\/li>\n<li data-start=\"338\" data-end=\"396\" data-is-last-node=\"\">\n<p data-start=\"340\" data-end=\"396\" data-is-last-node=\"\">Fault detection according to NAMUR NE43 and NE89 recommendations<\/p>\n<\/li>\n<\/ul>","protected":false},"excerpt":{"rendered":"<p>Taikymo sritys GT 5337D temperat\u016bros si\u0173stuvas su universaliu \u012f\u0117jimu RTD ir termoporoms, 4\u201320 mA i\u0161vestimi ir HART\u00ae 7 protokolu (konvertuotu \u012f 5). Konfig\u016bruojamas kompiuteriu arba HART komunikatoriumi. Savyb\u0117s SIL sertifikuotas, skirtas saugos sistemoms Auk\u0161tas tikslumas ir patikimumas EMC s\u0105lygose pagal NAMUR NE21 Klaid\u0173 aptikimas pagal NAMUR NE43 ir NE89 rekomendacijas<\/p>","protected":false},"featured_media":8265,"comment_status":"open","ping_status":"closed","template":"","meta":{"_acf_changed":false,"inline_featured_image":false},"product_brand":[],"product_cat":[501],"product_tag":[],"class_list":{"0":"post-8264","1":"product","2":"type-product","3":"status-publish","4":"has-post-thumbnail","6":"product_cat-temperaturos-jutikliai","8":"first","9":"instock","10":"shipping-taxable","11":"purchasable","12":"product-type-simple"},"acf":[],"yoast_head":"<!-- This site is optimized with the Yoast SEO plugin v25.5 - https:\/\/yoast.com\/wordpress\/plugins\/seo\/ -->\n<title>Guenther galvut\u0117je montuojamas signal\u0173 keitiklis GT 5337D - Invertas<\/title>\n<meta name=\"description\" content=\"GT 5337D temperat\u016bros si\u0173stuvas su universaliu \u012f\u0117jimu RTD ir termoporoms, 4\u201320 mA i\u0161vestimi, HART\u00ae 7 protokolu, SIL sertifikatu ir NAMUR NE21 standartu.\" \/>\n<meta name=\"robots\" content=\"index, follow, max-snippet:-1, max-image-preview:large, max-video-preview:-1\" \/>\n<link rel=\"canonical\" href=\"https:\/\/invertas.lt\/en\/produktai\/temperaturos-jutikliai\/galvuteje-montuojamas-siustuvas-gt-5337d\/\" \/>\n<meta property=\"og:locale\" content=\"en_GB\" \/>\n<meta property=\"og:type\" content=\"article\" \/>\n<meta property=\"og:title\" content=\"Guenther galvut\u0117je montuojamas signal\u0173 keitiklis GT 5337D - Invertas\" \/>\n<meta property=\"og:description\" content=\"GT 5337D temperat\u016bros si\u0173stuvas su universaliu \u012f\u0117jimu RTD ir termoporoms, 4\u201320 mA i\u0161vestimi, HART\u00ae 7 protokolu, SIL sertifikatu ir NAMUR NE21 standartu.\" \/>\n<meta property=\"og:url\" content=\"https:\/\/invertas.lt\/en\/produktai\/temperaturos-jutikliai\/galvuteje-montuojamas-siustuvas-gt-5337d\/\" \/>\n<meta property=\"og:site_name\" content=\"Invertas\" \/>\n<meta property=\"article:modified_time\" content=\"2025-10-01T09:01:58+00:00\" \/>\n<meta property=\"og:image\" content=\"https:\/\/invertas.lt\/wp-content\/uploads\/2025\/07\/71576fef-f6d5-a7d1-c51b-827d0916bb6e_b821ea0c-eb1f-0288-af7d-747b21517d85_cntIdImage_7e490b7c22d7430041256bb3731fd413-e1752255459116.png\" \/>\n\t<meta property=\"og:image:width\" content=\"1500\" \/>\n\t<meta property=\"og:image:height\" content=\"1500\" \/>\n\t<meta property=\"og:image:type\" content=\"image\/png\" \/>\n<meta name=\"twitter:card\" content=\"summary_large_image\" \/>\n<meta name=\"twitter:label1\" content=\"Estimated reading time\" \/>\n\t<meta name=\"twitter:data1\" content=\"1 minute\" \/>\n<script type=\"application\/ld+json\" class=\"yoast-schema-graph\">{\"@context\":\"https:\/\/schema.org\",\"@graph\":[{\"@type\":\"WebPage\",\"@id\":\"https:\/\/invertas.lt\/produktai\/temperaturos-jutikliai\/galvuteje-montuojamas-siustuvas-gt-5337d\/\",\"url\":\"https:\/\/invertas.lt\/produktai\/temperaturos-jutikliai\/galvuteje-montuojamas-siustuvas-gt-5337d\/\",\"name\":\"Guenther galvut\u0117je montuojamas signal\u0173 keitiklis GT 5337D - Invertas\",\"isPartOf\":{\"@id\":\"https:\/\/invertas.lt\/#website\"},\"primaryImageOfPage\":{\"@id\":\"https:\/\/invertas.lt\/produktai\/temperaturos-jutikliai\/galvuteje-montuojamas-siustuvas-gt-5337d\/#primaryimage\"},\"image\":{\"@id\":\"https:\/\/invertas.lt\/produktai\/temperaturos-jutikliai\/galvuteje-montuojamas-siustuvas-gt-5337d\/#primaryimage\"},\"thumbnailUrl\":\"https:\/\/invertas.lt\/wp-content\/uploads\/2025\/07\/71576fef-f6d5-a7d1-c51b-827d0916bb6e_b821ea0c-eb1f-0288-af7d-747b21517d85_cntIdImage_7e490b7c22d7430041256bb3731fd413-e1752255459116.png\",\"datePublished\":\"2025-07-11T17:36:41+00:00\",\"dateModified\":\"2025-10-01T09:01:58+00:00\",\"description\":\"GT 5337D temperat\u016bros si\u0173stuvas su universaliu \u012f\u0117jimu RTD ir termoporoms, 4\u201320 mA i\u0161vestimi, HART\u00ae 7 protokolu, SIL sertifikatu ir NAMUR NE21 standartu.\",\"breadcrumb\":{\"@id\":\"https:\/\/invertas.lt\/produktai\/temperaturos-jutikliai\/galvuteje-montuojamas-siustuvas-gt-5337d\/#breadcrumb\"},\"inLanguage\":\"en-GB\",\"potentialAction\":[{\"@type\":\"ReadAction\",\"target\":[\"https:\/\/invertas.lt\/produktai\/temperaturos-jutikliai\/galvuteje-montuojamas-siustuvas-gt-5337d\/\"]}]},{\"@type\":\"ImageObject\",\"inLanguage\":\"en-GB\",\"@id\":\"https:\/\/invertas.lt\/produktai\/temperaturos-jutikliai\/galvuteje-montuojamas-siustuvas-gt-5337d\/#primaryimage\",\"url\":\"https:\/\/invertas.lt\/wp-content\/uploads\/2025\/07\/71576fef-f6d5-a7d1-c51b-827d0916bb6e_b821ea0c-eb1f-0288-af7d-747b21517d85_cntIdImage_7e490b7c22d7430041256bb3731fd413-e1752255459116.png\",\"contentUrl\":\"https:\/\/invertas.lt\/wp-content\/uploads\/2025\/07\/71576fef-f6d5-a7d1-c51b-827d0916bb6e_b821ea0c-eb1f-0288-af7d-747b21517d85_cntIdImage_7e490b7c22d7430041256bb3731fd413-e1752255459116.png\",\"width\":1500,\"height\":1500},{\"@type\":\"BreadcrumbList\",\"@id\":\"https:\/\/invertas.lt\/produktai\/temperaturos-jutikliai\/galvuteje-montuojamas-siustuvas-gt-5337d\/#breadcrumb\",\"itemListElement\":[{\"@type\":\"ListItem\",\"position\":1,\"name\":\"Prad\u017eia\",\"item\":\"https:\/\/invertas.lt\/\"},{\"@type\":\"ListItem\",\"position\":2,\"name\":\"Products\",\"item\":\"https:\/\/invertas.lt\/shop\/\"},{\"@type\":\"ListItem\",\"position\":3,\"name\":\"Temperat\u016bros jutikliai\",\"item\":\"https:\/\/invertas.lt\/.\/temperaturos-jutikliai\/\"},{\"@type\":\"ListItem\",\"position\":4,\"name\":\"Guenther galvut\u0117je montuojamas signal\u0173 keitiklis GT 5337D\"}]},{\"@type\":\"WebSite\",\"@id\":\"https:\/\/invertas.lt\/#website\",\"url\":\"https:\/\/invertas.lt\/\",\"name\":\"Invertas\",\"description\":\"\",\"publisher\":{\"@id\":\"https:\/\/invertas.lt\/#organization\"},\"potentialAction\":[{\"@type\":\"SearchAction\",\"target\":{\"@type\":\"EntryPoint\",\"urlTemplate\":\"https:\/\/invertas.lt\/?s={search_term_string}\"},\"query-input\":{\"@type\":\"PropertyValueSpecification\",\"valueRequired\":true,\"valueName\":\"search_term_string\"}}],\"inLanguage\":\"en-GB\"},{\"@type\":\"Organization\",\"@id\":\"https:\/\/invertas.lt\/#organization\",\"name\":\"Invertas\",\"url\":\"https:\/\/invertas.lt\/\",\"logo\":{\"@type\":\"ImageObject\",\"inLanguage\":\"en-GB\",\"@id\":\"https:\/\/invertas.lt\/#\/schema\/logo\/image\/\",\"url\":\"https:\/\/invertas.lt\/wp-content\/uploads\/2025\/03\/New-Text-Document-2.svg\",\"contentUrl\":\"https:\/\/invertas.lt\/wp-content\/uploads\/2025\/03\/New-Text-Document-2.svg\",\"width\":140,\"height\":39,\"caption\":\"Invertas\"},\"image\":{\"@id\":\"https:\/\/invertas.lt\/#\/schema\/logo\/image\/\"}}]}<\/script>\n<!-- \/ Yoast SEO plugin. -->","yoast_head_json":{"title":"Guenther galvut\u0117je montuojamas signal\u0173 keitiklis GT 5337D - Invertas","description":"GT 5337D temperat\u016bros si\u0173stuvas su universaliu \u012f\u0117jimu RTD ir termoporoms, 4\u201320 mA i\u0161vestimi, HART\u00ae 7 protokolu, SIL sertifikatu ir NAMUR NE21 standartu.","robots":{"index":"index","follow":"follow","max-snippet":"max-snippet:-1","max-image-preview":"max-image-preview:large","max-video-preview":"max-video-preview:-1"},"canonical":"https:\/\/invertas.lt\/en\/produktai\/temperaturos-jutikliai\/galvuteje-montuojamas-siustuvas-gt-5337d\/","og_locale":"en_GB","og_type":"article","og_title":"Guenther galvut\u0117je montuojamas signal\u0173 keitiklis GT 5337D - Invertas","og_description":"GT 5337D temperat\u016bros si\u0173stuvas su universaliu \u012f\u0117jimu RTD ir termoporoms, 4\u201320 mA i\u0161vestimi, HART\u00ae 7 protokolu, SIL sertifikatu ir NAMUR NE21 standartu.","og_url":"https:\/\/invertas.lt\/en\/produktai\/temperaturos-jutikliai\/galvuteje-montuojamas-siustuvas-gt-5337d\/","og_site_name":"Invertas","article_modified_time":"2025-10-01T09:01:58+00:00","og_image":[{"width":1500,"height":1500,"url":"https:\/\/invertas.lt\/wp-content\/uploads\/2025\/07\/71576fef-f6d5-a7d1-c51b-827d0916bb6e_b821ea0c-eb1f-0288-af7d-747b21517d85_cntIdImage_7e490b7c22d7430041256bb3731fd413-e1752255459116.png","type":"image\/png"}],"twitter_card":"summary_large_image","twitter_misc":{"Estimated reading time":"1 minute"},"schema":{"@context":"https:\/\/schema.org","@graph":[{"@type":"WebPage","@id":"https:\/\/invertas.lt\/produktai\/temperaturos-jutikliai\/galvuteje-montuojamas-siustuvas-gt-5337d\/","url":"https:\/\/invertas.lt\/produktai\/temperaturos-jutikliai\/galvuteje-montuojamas-siustuvas-gt-5337d\/","name":"Guenther galvut\u0117je montuojamas signal\u0173 keitiklis GT 5337D - Invertas","isPartOf":{"@id":"https:\/\/invertas.lt\/#website"},"primaryImageOfPage":{"@id":"https:\/\/invertas.lt\/produktai\/temperaturos-jutikliai\/galvuteje-montuojamas-siustuvas-gt-5337d\/#primaryimage"},"image":{"@id":"https:\/\/invertas.lt\/produktai\/temperaturos-jutikliai\/galvuteje-montuojamas-siustuvas-gt-5337d\/#primaryimage"},"thumbnailUrl":"https:\/\/invertas.lt\/wp-content\/uploads\/2025\/07\/71576fef-f6d5-a7d1-c51b-827d0916bb6e_b821ea0c-eb1f-0288-af7d-747b21517d85_cntIdImage_7e490b7c22d7430041256bb3731fd413-e1752255459116.png","datePublished":"2025-07-11T17:36:41+00:00","dateModified":"2025-10-01T09:01:58+00:00","description":"GT 5337D temperat\u016bros si\u0173stuvas su universaliu \u012f\u0117jimu RTD ir termoporoms, 4\u201320 mA i\u0161vestimi, HART\u00ae 7 protokolu, SIL sertifikatu ir NAMUR NE21 standartu.","breadcrumb":{"@id":"https:\/\/invertas.lt\/produktai\/temperaturos-jutikliai\/galvuteje-montuojamas-siustuvas-gt-5337d\/#breadcrumb"},"inLanguage":"en-GB","potentialAction":[{"@type":"ReadAction","target":["https:\/\/invertas.lt\/produktai\/temperaturos-jutikliai\/galvuteje-montuojamas-siustuvas-gt-5337d\/"]}]},{"@type":"ImageObject","inLanguage":"en-GB","@id":"https:\/\/invertas.lt\/produktai\/temperaturos-jutikliai\/galvuteje-montuojamas-siustuvas-gt-5337d\/#primaryimage","url":"https:\/\/invertas.lt\/wp-content\/uploads\/2025\/07\/71576fef-f6d5-a7d1-c51b-827d0916bb6e_b821ea0c-eb1f-0288-af7d-747b21517d85_cntIdImage_7e490b7c22d7430041256bb3731fd413-e1752255459116.png","contentUrl":"https:\/\/invertas.lt\/wp-content\/uploads\/2025\/07\/71576fef-f6d5-a7d1-c51b-827d0916bb6e_b821ea0c-eb1f-0288-af7d-747b21517d85_cntIdImage_7e490b7c22d7430041256bb3731fd413-e1752255459116.png","width":1500,"height":1500},{"@type":"BreadcrumbList","@id":"https:\/\/invertas.lt\/produktai\/temperaturos-jutikliai\/galvuteje-montuojamas-siustuvas-gt-5337d\/#breadcrumb","itemListElement":[{"@type":"ListItem","position":1,"name":"Prad\u017eia","item":"https:\/\/invertas.lt\/"},{"@type":"ListItem","position":2,"name":"Products","item":"https:\/\/invertas.lt\/shop\/"},{"@type":"ListItem","position":3,"name":"Temperat\u016bros jutikliai","item":"https:\/\/invertas.lt\/.\/temperaturos-jutikliai\/"},{"@type":"ListItem","position":4,"name":"Guenther galvut\u0117je montuojamas signal\u0173 keitiklis GT 5337D"}]},{"@type":"WebSite","@id":"https:\/\/invertas.lt\/#website","url":"https:\/\/invertas.lt\/","name":"Invert","description":"","publisher":{"@id":"https:\/\/invertas.lt\/#organization"},"potentialAction":[{"@type":"SearchAction","target":{"@type":"EntryPoint","urlTemplate":"https:\/\/invertas.lt\/?s={search_term_string}"},"query-input":{"@type":"PropertyValueSpecification","valueRequired":true,"valueName":"search_term_string"}}],"inLanguage":"en-GB"},{"@type":"Organization","@id":"https:\/\/invertas.lt\/#organization","name":"Invert","url":"https:\/\/invertas.lt\/","logo":{"@type":"ImageObject","inLanguage":"en-GB","@id":"https:\/\/invertas.lt\/#\/schema\/logo\/image\/","url":"https:\/\/invertas.lt\/wp-content\/uploads\/2025\/03\/New-Text-Document-2.svg","contentUrl":"https:\/\/invertas.lt\/wp-content\/uploads\/2025\/03\/New-Text-Document-2.svg","width":140,"height":39,"caption":"Invertas"},"image":{"@id":"https:\/\/invertas.lt\/#\/schema\/logo\/image\/"}}]}},"_links":{"self":[{"href":"https:\/\/invertas.lt\/en\/wp-json\/wp\/v2\/product\/8264","targetHints":{"allow":["GET"]}}],"collection":[{"href":"https:\/\/invertas.lt\/en\/wp-json\/wp\/v2\/product"}],"about":[{"href":"https:\/\/invertas.lt\/en\/wp-json\/wp\/v2\/types\/product"}],"replies":[{"embeddable":true,"href":"https:\/\/invertas.lt\/en\/wp-json\/wp\/v2\/comments?post=8264"}],"wp:featuredmedia":[{"embeddable":true,"href":"https:\/\/invertas.lt\/en\/wp-json\/wp\/v2\/media\/8265"}],"wp:attachment":[{"href":"https:\/\/invertas.lt\/en\/wp-json\/wp\/v2\/media?parent=8264"}],"wp:term":[{"taxonomy":"product_brand","embeddable":true,"href":"https:\/\/invertas.lt\/en\/wp-json\/wp\/v2\/product_brand?post=8264"},{"taxonomy":"product_cat","embeddable":true,"href":"https:\/\/invertas.lt\/en\/wp-json\/wp\/v2\/product_cat?post=8264"},{"taxonomy":"product_tag","embeddable":true,"href":"https:\/\/invertas.lt\/en\/wp-json\/wp\/v2\/product_tag?post=8264"}],"curies":[{"name":"wp","href":"https:\/\/api.w.org\/{rel}","templated":true}]}}