{"id":8257,"date":"2025-07-11T17:10:18","date_gmt":"2025-07-11T17:10:18","guid":{"rendered":"https:\/\/aurimasb15.sg-host.com\/?post_type=product&#038;p=8257"},"modified":"2025-08-08T15:45:46","modified_gmt":"2025-08-08T15:45:46","slug":"galvuteje-montuojamas-siustuvas-gt-5335d","status":"publish","type":"product","link":"https:\/\/invertas.lt\/en\/produktai\/temperaturos-jutikliai\/galvuteje-montuojamas-siustuvas-gt-5335d\/","title":{"rendered":"Guenther head-mounted signal converter GT 5337A"},"content":{"rendered":"<p data-start=\"0\" data-end=\"199\"><strong data-start=\"0\" data-end=\"18\">Fields of application<\/strong><\/p>\n<p data-start=\"0\" data-end=\"199\">GT 5337A temperature transmitter with universal RTD and thermocouple input, 4-20 mA output and HART\u00ae 7 (or HART 5) protocol. Configurable via PC or HART communicator.<\/p>\n<p data-start=\"201\" data-end=\"214\"><strong data-start=\"201\" data-end=\"212\">Features<\/strong><\/p>\n<ul data-start=\"215\" data-end=\"410\" data-is-last-node=\"\" data-is-only-node=\"\">\n<li data-start=\"215\" data-end=\"253\">\n<p data-start=\"217\" data-end=\"253\">SIL certified for safety systems<\/p>\n<\/li>\n<li data-start=\"254\" data-end=\"320\">\n<p data-start=\"256\" data-end=\"320\">High accuracy and reliability under EMC conditions according to NAMUR NE21<\/p>\n<\/li>\n<li data-start=\"321\" data-end=\"366\">\n<p data-start=\"323\" data-end=\"366\">Error detection according to NAMUR NE43 and NE89<\/p>\n<\/li>\n<li data-start=\"367\" data-end=\"410\" data-is-last-node=\"\">\n<p data-start=\"369\" data-end=\"410\" data-is-last-node=\"\">Flexible HART protocol version options<\/p>\n<\/li>\n<\/ul>","protected":false},"excerpt":{"rendered":"<p>Taikymo sritys GT 5337A temperat\u016bros si\u0173stuvas su universaliu RTD ir termopor\u0173 \u012f\u0117jimu, 4\u201320 mA i\u0161vestimi ir HART\u00ae 7 (ar HART 5) protokolu. Konfig\u016bruojamas kompiuteriu arba HART komunikatoriumi. Savyb\u0117s SIL sertifikuotas saugos sistemoms Auk\u0161tas tikslumas ir patikimumas EMC s\u0105lygose pagal NAMUR NE21 Klaid\u0173 aptikimas pagal NAMUR NE43 ir NE89 Lanksti HART protokolo versijos parinktis<\/p>","protected":false},"featured_media":8261,"comment_status":"open","ping_status":"closed","template":"","meta":{"_acf_changed":false,"inline_featured_image":false},"product_brand":[],"product_cat":[501],"product_tag":[],"class_list":{"0":"post-8257","1":"product","2":"type-product","3":"status-publish","4":"has-post-thumbnail","6":"product_cat-temperaturos-jutikliai","8":"first","9":"instock","10":"shipping-taxable","11":"purchasable","12":"product-type-simple"},"acf":[],"yoast_head":"<!-- This site is optimized with the Yoast SEO plugin v25.5 - https:\/\/yoast.com\/wordpress\/plugins\/seo\/ -->\n<title>Guenther galvut\u0117je montuojamas signal\u0173 keitiklis GT 5337A - Invertas<\/title>\n<meta name=\"description\" content=\"GT 5337A temperat\u016bros si\u0173stuvas su universaliu RTD ir termopor\u0173 \u012f\u0117jimu, 4\u201320 mA i\u0161vestimi, HART\u00ae 5\/7 protokolu, SIL sertifikatu ir NAMUR NE21 standartu.\" \/>\n<meta name=\"robots\" content=\"index, follow, max-snippet:-1, max-image-preview:large, max-video-preview:-1\" \/>\n<link rel=\"canonical\" href=\"https:\/\/invertas.lt\/en\/produktai\/temperaturos-jutikliai\/galvuteje-montuojamas-siustuvas-gt-5335d\/\" \/>\n<meta property=\"og:locale\" content=\"en_GB\" \/>\n<meta property=\"og:type\" content=\"article\" \/>\n<meta property=\"og:title\" content=\"Guenther galvut\u0117je montuojamas signal\u0173 keitiklis GT 5337A - Invertas\" \/>\n<meta property=\"og:description\" content=\"GT 5337A temperat\u016bros si\u0173stuvas su universaliu RTD ir termopor\u0173 \u012f\u0117jimu, 4\u201320 mA i\u0161vestimi, HART\u00ae 5\/7 protokolu, SIL sertifikatu ir NAMUR NE21 standartu.\" \/>\n<meta property=\"og:url\" content=\"https:\/\/invertas.lt\/en\/produktai\/temperaturos-jutikliai\/galvuteje-montuojamas-siustuvas-gt-5335d\/\" \/>\n<meta property=\"og:site_name\" content=\"Invertas\" \/>\n<meta property=\"article:modified_time\" content=\"2025-08-08T15:45:46+00:00\" \/>\n<meta property=\"og:image\" content=\"https:\/\/invertas.lt\/wp-content\/uploads\/2025\/07\/e7cd6d59-ce44-369f-c866-6f2d94542082_663f7906-3e66-6ace-7dd0-d36871d815c8_cntIdImage_7e490b7c22d7430041256bb3731fd413-e1752254587353.png\" \/>\n\t<meta property=\"og:image:width\" content=\"1500\" \/>\n\t<meta property=\"og:image:height\" content=\"1500\" \/>\n\t<meta property=\"og:image:type\" content=\"image\/png\" \/>\n<meta name=\"twitter:card\" content=\"summary_large_image\" \/>\n<meta name=\"twitter:label1\" content=\"Estimated reading time\" \/>\n\t<meta name=\"twitter:data1\" content=\"1 minute\" \/>\n<script type=\"application\/ld+json\" class=\"yoast-schema-graph\">{\"@context\":\"https:\/\/schema.org\",\"@graph\":[{\"@type\":\"WebPage\",\"@id\":\"https:\/\/invertas.lt\/produktai\/temperaturos-jutikliai\/galvuteje-montuojamas-siustuvas-gt-5335d\/\",\"url\":\"https:\/\/invertas.lt\/produktai\/temperaturos-jutikliai\/galvuteje-montuojamas-siustuvas-gt-5335d\/\",\"name\":\"Guenther galvut\u0117je montuojamas signal\u0173 keitiklis GT 5337A - Invertas\",\"isPartOf\":{\"@id\":\"https:\/\/invertas.lt\/#website\"},\"primaryImageOfPage\":{\"@id\":\"https:\/\/invertas.lt\/produktai\/temperaturos-jutikliai\/galvuteje-montuojamas-siustuvas-gt-5335d\/#primaryimage\"},\"image\":{\"@id\":\"https:\/\/invertas.lt\/produktai\/temperaturos-jutikliai\/galvuteje-montuojamas-siustuvas-gt-5335d\/#primaryimage\"},\"thumbnailUrl\":\"https:\/\/invertas.lt\/wp-content\/uploads\/2025\/07\/e7cd6d59-ce44-369f-c866-6f2d94542082_663f7906-3e66-6ace-7dd0-d36871d815c8_cntIdImage_7e490b7c22d7430041256bb3731fd413-e1752254587353.png\",\"datePublished\":\"2025-07-11T17:10:18+00:00\",\"dateModified\":\"2025-08-08T15:45:46+00:00\",\"description\":\"GT 5337A temperat\u016bros si\u0173stuvas su universaliu RTD ir termopor\u0173 \u012f\u0117jimu, 4\u201320 mA i\u0161vestimi, HART\u00ae 5\/7 protokolu, SIL sertifikatu ir NAMUR NE21 standartu.\",\"breadcrumb\":{\"@id\":\"https:\/\/invertas.lt\/produktai\/temperaturos-jutikliai\/galvuteje-montuojamas-siustuvas-gt-5335d\/#breadcrumb\"},\"inLanguage\":\"en-GB\",\"potentialAction\":[{\"@type\":\"ReadAction\",\"target\":[\"https:\/\/invertas.lt\/produktai\/temperaturos-jutikliai\/galvuteje-montuojamas-siustuvas-gt-5335d\/\"]}]},{\"@type\":\"ImageObject\",\"inLanguage\":\"en-GB\",\"@id\":\"https:\/\/invertas.lt\/produktai\/temperaturos-jutikliai\/galvuteje-montuojamas-siustuvas-gt-5335d\/#primaryimage\",\"url\":\"https:\/\/invertas.lt\/wp-content\/uploads\/2025\/07\/e7cd6d59-ce44-369f-c866-6f2d94542082_663f7906-3e66-6ace-7dd0-d36871d815c8_cntIdImage_7e490b7c22d7430041256bb3731fd413-e1752254587353.png\",\"contentUrl\":\"https:\/\/invertas.lt\/wp-content\/uploads\/2025\/07\/e7cd6d59-ce44-369f-c866-6f2d94542082_663f7906-3e66-6ace-7dd0-d36871d815c8_cntIdImage_7e490b7c22d7430041256bb3731fd413-e1752254587353.png\",\"width\":1500,\"height\":1500},{\"@type\":\"BreadcrumbList\",\"@id\":\"https:\/\/invertas.lt\/produktai\/temperaturos-jutikliai\/galvuteje-montuojamas-siustuvas-gt-5335d\/#breadcrumb\",\"itemListElement\":[{\"@type\":\"ListItem\",\"position\":1,\"name\":\"Prad\u017eia\",\"item\":\"https:\/\/invertas.lt\/\"},{\"@type\":\"ListItem\",\"position\":2,\"name\":\"Products\",\"item\":\"https:\/\/invertas.lt\/shop\/\"},{\"@type\":\"ListItem\",\"position\":3,\"name\":\"Temperat\u016bros jutikliai\",\"item\":\"https:\/\/invertas.lt\/.\/temperaturos-jutikliai\/\"},{\"@type\":\"ListItem\",\"position\":4,\"name\":\"Guenther galvut\u0117je montuojamas signal\u0173 keitiklis GT 5337A\"}]},{\"@type\":\"WebSite\",\"@id\":\"https:\/\/invertas.lt\/#website\",\"url\":\"https:\/\/invertas.lt\/\",\"name\":\"Invertas\",\"description\":\"\",\"publisher\":{\"@id\":\"https:\/\/invertas.lt\/#organization\"},\"potentialAction\":[{\"@type\":\"SearchAction\",\"target\":{\"@type\":\"EntryPoint\",\"urlTemplate\":\"https:\/\/invertas.lt\/?s={search_term_string}\"},\"query-input\":{\"@type\":\"PropertyValueSpecification\",\"valueRequired\":true,\"valueName\":\"search_term_string\"}}],\"inLanguage\":\"en-GB\"},{\"@type\":\"Organization\",\"@id\":\"https:\/\/invertas.lt\/#organization\",\"name\":\"Invertas\",\"url\":\"https:\/\/invertas.lt\/\",\"logo\":{\"@type\":\"ImageObject\",\"inLanguage\":\"en-GB\",\"@id\":\"https:\/\/invertas.lt\/#\/schema\/logo\/image\/\",\"url\":\"https:\/\/invertas.lt\/wp-content\/uploads\/2025\/03\/New-Text-Document-2.svg\",\"contentUrl\":\"https:\/\/invertas.lt\/wp-content\/uploads\/2025\/03\/New-Text-Document-2.svg\",\"width\":140,\"height\":39,\"caption\":\"Invertas\"},\"image\":{\"@id\":\"https:\/\/invertas.lt\/#\/schema\/logo\/image\/\"}}]}<\/script>\n<!-- \/ Yoast SEO plugin. -->","yoast_head_json":{"title":"Guenther galvut\u0117je montuojamas signal\u0173 keitiklis GT 5337A - Invertas","description":"GT 5337A temperat\u016bros si\u0173stuvas su universaliu RTD ir termopor\u0173 \u012f\u0117jimu, 4\u201320 mA i\u0161vestimi, HART\u00ae 5\/7 protokolu, SIL sertifikatu ir NAMUR NE21 standartu.","robots":{"index":"index","follow":"follow","max-snippet":"max-snippet:-1","max-image-preview":"max-image-preview:large","max-video-preview":"max-video-preview:-1"},"canonical":"https:\/\/invertas.lt\/en\/produktai\/temperaturos-jutikliai\/galvuteje-montuojamas-siustuvas-gt-5335d\/","og_locale":"en_GB","og_type":"article","og_title":"Guenther galvut\u0117je montuojamas signal\u0173 keitiklis GT 5337A - Invertas","og_description":"GT 5337A temperat\u016bros si\u0173stuvas su universaliu RTD ir termopor\u0173 \u012f\u0117jimu, 4\u201320 mA i\u0161vestimi, HART\u00ae 5\/7 protokolu, SIL sertifikatu ir NAMUR NE21 standartu.","og_url":"https:\/\/invertas.lt\/en\/produktai\/temperaturos-jutikliai\/galvuteje-montuojamas-siustuvas-gt-5335d\/","og_site_name":"Invertas","article_modified_time":"2025-08-08T15:45:46+00:00","og_image":[{"width":1500,"height":1500,"url":"https:\/\/invertas.lt\/wp-content\/uploads\/2025\/07\/e7cd6d59-ce44-369f-c866-6f2d94542082_663f7906-3e66-6ace-7dd0-d36871d815c8_cntIdImage_7e490b7c22d7430041256bb3731fd413-e1752254587353.png","type":"image\/png"}],"twitter_card":"summary_large_image","twitter_misc":{"Estimated reading time":"1 minute"},"schema":{"@context":"https:\/\/schema.org","@graph":[{"@type":"WebPage","@id":"https:\/\/invertas.lt\/produktai\/temperaturos-jutikliai\/galvuteje-montuojamas-siustuvas-gt-5335d\/","url":"https:\/\/invertas.lt\/produktai\/temperaturos-jutikliai\/galvuteje-montuojamas-siustuvas-gt-5335d\/","name":"Guenther galvut\u0117je montuojamas signal\u0173 keitiklis GT 5337A - Invertas","isPartOf":{"@id":"https:\/\/invertas.lt\/#website"},"primaryImageOfPage":{"@id":"https:\/\/invertas.lt\/produktai\/temperaturos-jutikliai\/galvuteje-montuojamas-siustuvas-gt-5335d\/#primaryimage"},"image":{"@id":"https:\/\/invertas.lt\/produktai\/temperaturos-jutikliai\/galvuteje-montuojamas-siustuvas-gt-5335d\/#primaryimage"},"thumbnailUrl":"https:\/\/invertas.lt\/wp-content\/uploads\/2025\/07\/e7cd6d59-ce44-369f-c866-6f2d94542082_663f7906-3e66-6ace-7dd0-d36871d815c8_cntIdImage_7e490b7c22d7430041256bb3731fd413-e1752254587353.png","datePublished":"2025-07-11T17:10:18+00:00","dateModified":"2025-08-08T15:45:46+00:00","description":"GT 5337A temperat\u016bros si\u0173stuvas su universaliu RTD ir termopor\u0173 \u012f\u0117jimu, 4\u201320 mA i\u0161vestimi, HART\u00ae 5\/7 protokolu, SIL sertifikatu ir NAMUR NE21 standartu.","breadcrumb":{"@id":"https:\/\/invertas.lt\/produktai\/temperaturos-jutikliai\/galvuteje-montuojamas-siustuvas-gt-5335d\/#breadcrumb"},"inLanguage":"en-GB","potentialAction":[{"@type":"ReadAction","target":["https:\/\/invertas.lt\/produktai\/temperaturos-jutikliai\/galvuteje-montuojamas-siustuvas-gt-5335d\/"]}]},{"@type":"ImageObject","inLanguage":"en-GB","@id":"https:\/\/invertas.lt\/produktai\/temperaturos-jutikliai\/galvuteje-montuojamas-siustuvas-gt-5335d\/#primaryimage","url":"https:\/\/invertas.lt\/wp-content\/uploads\/2025\/07\/e7cd6d59-ce44-369f-c866-6f2d94542082_663f7906-3e66-6ace-7dd0-d36871d815c8_cntIdImage_7e490b7c22d7430041256bb3731fd413-e1752254587353.png","contentUrl":"https:\/\/invertas.lt\/wp-content\/uploads\/2025\/07\/e7cd6d59-ce44-369f-c866-6f2d94542082_663f7906-3e66-6ace-7dd0-d36871d815c8_cntIdImage_7e490b7c22d7430041256bb3731fd413-e1752254587353.png","width":1500,"height":1500},{"@type":"BreadcrumbList","@id":"https:\/\/invertas.lt\/produktai\/temperaturos-jutikliai\/galvuteje-montuojamas-siustuvas-gt-5335d\/#breadcrumb","itemListElement":[{"@type":"ListItem","position":1,"name":"Prad\u017eia","item":"https:\/\/invertas.lt\/"},{"@type":"ListItem","position":2,"name":"Products","item":"https:\/\/invertas.lt\/shop\/"},{"@type":"ListItem","position":3,"name":"Temperat\u016bros jutikliai","item":"https:\/\/invertas.lt\/.\/temperaturos-jutikliai\/"},{"@type":"ListItem","position":4,"name":"Guenther galvut\u0117je montuojamas signal\u0173 keitiklis GT 5337A"}]},{"@type":"WebSite","@id":"https:\/\/invertas.lt\/#website","url":"https:\/\/invertas.lt\/","name":"Invert","description":"","publisher":{"@id":"https:\/\/invertas.lt\/#organization"},"potentialAction":[{"@type":"SearchAction","target":{"@type":"EntryPoint","urlTemplate":"https:\/\/invertas.lt\/?s={search_term_string}"},"query-input":{"@type":"PropertyValueSpecification","valueRequired":true,"valueName":"search_term_string"}}],"inLanguage":"en-GB"},{"@type":"Organization","@id":"https:\/\/invertas.lt\/#organization","name":"Invert","url":"https:\/\/invertas.lt\/","logo":{"@type":"ImageObject","inLanguage":"en-GB","@id":"https:\/\/invertas.lt\/#\/schema\/logo\/image\/","url":"https:\/\/invertas.lt\/wp-content\/uploads\/2025\/03\/New-Text-Document-2.svg","contentUrl":"https:\/\/invertas.lt\/wp-content\/uploads\/2025\/03\/New-Text-Document-2.svg","width":140,"height":39,"caption":"Invertas"},"image":{"@id":"https:\/\/invertas.lt\/#\/schema\/logo\/image\/"}}]}},"_links":{"self":[{"href":"https:\/\/invertas.lt\/en\/wp-json\/wp\/v2\/product\/8257","targetHints":{"allow":["GET"]}}],"collection":[{"href":"https:\/\/invertas.lt\/en\/wp-json\/wp\/v2\/product"}],"about":[{"href":"https:\/\/invertas.lt\/en\/wp-json\/wp\/v2\/types\/product"}],"replies":[{"embeddable":true,"href":"https:\/\/invertas.lt\/en\/wp-json\/wp\/v2\/comments?post=8257"}],"wp:featuredmedia":[{"embeddable":true,"href":"https:\/\/invertas.lt\/en\/wp-json\/wp\/v2\/media\/8261"}],"wp:attachment":[{"href":"https:\/\/invertas.lt\/en\/wp-json\/wp\/v2\/media?parent=8257"}],"wp:term":[{"taxonomy":"product_brand","embeddable":true,"href":"https:\/\/invertas.lt\/en\/wp-json\/wp\/v2\/product_brand?post=8257"},{"taxonomy":"product_cat","embeddable":true,"href":"https:\/\/invertas.lt\/en\/wp-json\/wp\/v2\/product_cat?post=8257"},{"taxonomy":"product_tag","embeddable":true,"href":"https:\/\/invertas.lt\/en\/wp-json\/wp\/v2\/product_tag?post=8257"}],"curies":[{"name":"wp","href":"https:\/\/api.w.org\/{rel}","templated":true}]}}