{"id":8244,"date":"2025-07-11T15:58:29","date_gmt":"2025-07-11T15:58:29","guid":{"rendered":"https:\/\/aurimasb15.sg-host.com\/?post_type=product&#038;p=8244"},"modified":"2025-08-08T15:39:41","modified_gmt":"2025-08-08T15:39:41","slug":"galvuteje-montuojamas-siustuvas-gt-5334a3b","status":"publish","type":"product","link":"https:\/\/invertas.lt\/en\/produktai\/temperaturos-jutikliai\/galvuteje-montuojamas-siustuvas-gt-5334a3b\/","title":{"rendered":"Guenther head-mounted signal converter GT 5334A3B"},"content":{"rendered":"<p data-start=\"0\" data-end=\"210\"><strong data-start=\"0\" data-end=\"18\">Type of application<\/strong><br data-start=\"18\" data-end=\"21\" \/>Temperature transmitter for mounting in the sensor head, with 1 input for thermocouples (J, L, K, S, B, N) and 4-20 mA output. Parameters are configured on a computer via special software.<\/p>\n<p data-start=\"212\" data-end=\"225\"><strong data-start=\"212\" data-end=\"223\">Features<\/strong><\/p>\n<ul data-start=\"226\" data-end=\"386\" data-is-last-node=\"\" data-is-only-node=\"\">\n<li data-start=\"226\" data-end=\"259\">\n<p data-start=\"228\" data-end=\"259\">Thermocouple input or [mV]<\/p>\n<\/li>\n<li data-start=\"260\" data-end=\"288\">\n<p data-start=\"262\" data-end=\"288\">Integrated CJC sensor<\/p>\n<\/li>\n<li data-start=\"289\" data-end=\"319\">\n<p data-start=\"291\" data-end=\"319\">Analog output 4-20 mA<\/p>\n<\/li>\n<li data-start=\"320\" data-end=\"355\">\n<p data-start=\"322\" data-end=\"355\">Error indication (NAMUR NE43)<\/p>\n<\/li>\n<li data-start=\"356\" data-end=\"386\" data-is-last-node=\"\">\n<p data-start=\"358\" data-end=\"386\" data-is-last-node=\"\">Precise process calibration<\/p>\n<\/li>\n<\/ul>","protected":false},"excerpt":{"rendered":"<p>Taikymo sritisTemperat\u016bros si\u0173stuvas montavimui jutiklio galvut\u0117je, su 1 \u012f\u0117jimu termoporoms (J, L, K, S, B, N) ir 4\u201320\u202fmA i\u0161vestimi. Parametrai konfig\u016bruojami kompiuteriu per speciali\u0105 programin\u0119 \u012frang\u0105. Savyb\u0117s \u012e\u0117jimas termoporoms arba [mV] Integruotas CJC jutiklis Analogin\u0117 i\u0161vestis 4\u201320\u202fmA Klaidos indikacija (NAMUR NE43) Tiksli procesin\u0117 kalibracija<\/p>","protected":false},"featured_media":8245,"comment_status":"open","ping_status":"closed","template":"","meta":{"_acf_changed":false,"inline_featured_image":false},"product_brand":[],"product_cat":[501],"product_tag":[],"class_list":{"0":"post-8244","1":"product","2":"type-product","3":"status-publish","4":"has-post-thumbnail","6":"product_cat-temperaturos-jutikliai","8":"first","9":"instock","10":"shipping-taxable","11":"purchasable","12":"product-type-simple"},"acf":[],"yoast_head":"<!-- This site is optimized with the Yoast SEO plugin v25.5 - https:\/\/yoast.com\/wordpress\/plugins\/seo\/ -->\n<title>Guenther galvut\u0117je montuojamas signal\u0173 keitiklis GT 5334A3B - Invertas<\/title>\n<meta name=\"description\" content=\"Temperat\u016bros si\u0173stuvas termoporoms (J, K, S, B ir kt.), montuojamas jutiklio galvut\u0117je, su 4\u201320\u202fmA , integruotu CJC ir konfig\u016bracija per kompiuter\u012f.\" \/>\n<meta name=\"robots\" content=\"index, follow, max-snippet:-1, max-image-preview:large, max-video-preview:-1\" \/>\n<link rel=\"canonical\" href=\"https:\/\/invertas.lt\/en\/produktai\/temperaturos-jutikliai\/galvuteje-montuojamas-siustuvas-gt-5334a3b\/\" \/>\n<meta property=\"og:locale\" content=\"en_GB\" \/>\n<meta property=\"og:type\" content=\"article\" \/>\n<meta property=\"og:title\" content=\"Guenther galvut\u0117je montuojamas signal\u0173 keitiklis GT 5334A3B - Invertas\" \/>\n<meta property=\"og:description\" content=\"Temperat\u016bros si\u0173stuvas termoporoms (J, K, S, B ir kt.), montuojamas jutiklio galvut\u0117je, su 4\u201320\u202fmA , integruotu CJC ir konfig\u016bracija per kompiuter\u012f.\" \/>\n<meta property=\"og:url\" content=\"https:\/\/invertas.lt\/en\/produktai\/temperaturos-jutikliai\/galvuteje-montuojamas-siustuvas-gt-5334a3b\/\" \/>\n<meta property=\"og:site_name\" content=\"Invertas\" \/>\n<meta property=\"article:modified_time\" content=\"2025-08-08T15:39:41+00:00\" \/>\n<meta property=\"og:image\" content=\"https:\/\/invertas.lt\/wp-content\/uploads\/2025\/07\/65980dbc-1a14-49f7-7fd3-da01ecd61818_693dadb1-b3e6-5944-135d-199265e1ad7d_cntIdImage_7e490b7c22d7430041256bb3731fd413-e1752250667979.png\" \/>\n\t<meta property=\"og:image:width\" content=\"1500\" \/>\n\t<meta property=\"og:image:height\" content=\"1500\" \/>\n\t<meta property=\"og:image:type\" content=\"image\/png\" \/>\n<meta name=\"twitter:card\" content=\"summary_large_image\" \/>\n<meta name=\"twitter:label1\" content=\"Estimated reading time\" \/>\n\t<meta name=\"twitter:data1\" content=\"1 minute\" \/>\n<script type=\"application\/ld+json\" class=\"yoast-schema-graph\">{\"@context\":\"https:\/\/schema.org\",\"@graph\":[{\"@type\":\"WebPage\",\"@id\":\"https:\/\/invertas.lt\/produktai\/temperaturos-jutikliai\/galvuteje-montuojamas-siustuvas-gt-5334a3b\/\",\"url\":\"https:\/\/invertas.lt\/produktai\/temperaturos-jutikliai\/galvuteje-montuojamas-siustuvas-gt-5334a3b\/\",\"name\":\"Guenther galvut\u0117je montuojamas signal\u0173 keitiklis GT 5334A3B - Invertas\",\"isPartOf\":{\"@id\":\"https:\/\/invertas.lt\/#website\"},\"primaryImageOfPage\":{\"@id\":\"https:\/\/invertas.lt\/produktai\/temperaturos-jutikliai\/galvuteje-montuojamas-siustuvas-gt-5334a3b\/#primaryimage\"},\"image\":{\"@id\":\"https:\/\/invertas.lt\/produktai\/temperaturos-jutikliai\/galvuteje-montuojamas-siustuvas-gt-5334a3b\/#primaryimage\"},\"thumbnailUrl\":\"https:\/\/invertas.lt\/wp-content\/uploads\/2025\/07\/65980dbc-1a14-49f7-7fd3-da01ecd61818_693dadb1-b3e6-5944-135d-199265e1ad7d_cntIdImage_7e490b7c22d7430041256bb3731fd413-e1752250667979.png\",\"datePublished\":\"2025-07-11T15:58:29+00:00\",\"dateModified\":\"2025-08-08T15:39:41+00:00\",\"description\":\"Temperat\u016bros si\u0173stuvas termoporoms (J, K, S, B ir kt.), montuojamas jutiklio galvut\u0117je, su 4\u201320\u202fmA , integruotu CJC ir konfig\u016bracija per kompiuter\u012f.\",\"breadcrumb\":{\"@id\":\"https:\/\/invertas.lt\/produktai\/temperaturos-jutikliai\/galvuteje-montuojamas-siustuvas-gt-5334a3b\/#breadcrumb\"},\"inLanguage\":\"en-GB\",\"potentialAction\":[{\"@type\":\"ReadAction\",\"target\":[\"https:\/\/invertas.lt\/produktai\/temperaturos-jutikliai\/galvuteje-montuojamas-siustuvas-gt-5334a3b\/\"]}]},{\"@type\":\"ImageObject\",\"inLanguage\":\"en-GB\",\"@id\":\"https:\/\/invertas.lt\/produktai\/temperaturos-jutikliai\/galvuteje-montuojamas-siustuvas-gt-5334a3b\/#primaryimage\",\"url\":\"https:\/\/invertas.lt\/wp-content\/uploads\/2025\/07\/65980dbc-1a14-49f7-7fd3-da01ecd61818_693dadb1-b3e6-5944-135d-199265e1ad7d_cntIdImage_7e490b7c22d7430041256bb3731fd413-e1752250667979.png\",\"contentUrl\":\"https:\/\/invertas.lt\/wp-content\/uploads\/2025\/07\/65980dbc-1a14-49f7-7fd3-da01ecd61818_693dadb1-b3e6-5944-135d-199265e1ad7d_cntIdImage_7e490b7c22d7430041256bb3731fd413-e1752250667979.png\",\"width\":1500,\"height\":1500},{\"@type\":\"BreadcrumbList\",\"@id\":\"https:\/\/invertas.lt\/produktai\/temperaturos-jutikliai\/galvuteje-montuojamas-siustuvas-gt-5334a3b\/#breadcrumb\",\"itemListElement\":[{\"@type\":\"ListItem\",\"position\":1,\"name\":\"Prad\u017eia\",\"item\":\"https:\/\/invertas.lt\/\"},{\"@type\":\"ListItem\",\"position\":2,\"name\":\"Products\",\"item\":\"https:\/\/invertas.lt\/shop\/\"},{\"@type\":\"ListItem\",\"position\":3,\"name\":\"Temperat\u016bros jutikliai\",\"item\":\"https:\/\/invertas.lt\/.\/temperaturos-jutikliai\/\"},{\"@type\":\"ListItem\",\"position\":4,\"name\":\"Guenther galvut\u0117je montuojamas signal\u0173 keitiklis GT 5334A3B\"}]},{\"@type\":\"WebSite\",\"@id\":\"https:\/\/invertas.lt\/#website\",\"url\":\"https:\/\/invertas.lt\/\",\"name\":\"Invertas\",\"description\":\"\",\"publisher\":{\"@id\":\"https:\/\/invertas.lt\/#organization\"},\"potentialAction\":[{\"@type\":\"SearchAction\",\"target\":{\"@type\":\"EntryPoint\",\"urlTemplate\":\"https:\/\/invertas.lt\/?s={search_term_string}\"},\"query-input\":{\"@type\":\"PropertyValueSpecification\",\"valueRequired\":true,\"valueName\":\"search_term_string\"}}],\"inLanguage\":\"en-GB\"},{\"@type\":\"Organization\",\"@id\":\"https:\/\/invertas.lt\/#organization\",\"name\":\"Invertas\",\"url\":\"https:\/\/invertas.lt\/\",\"logo\":{\"@type\":\"ImageObject\",\"inLanguage\":\"en-GB\",\"@id\":\"https:\/\/invertas.lt\/#\/schema\/logo\/image\/\",\"url\":\"https:\/\/invertas.lt\/wp-content\/uploads\/2025\/03\/New-Text-Document-2.svg\",\"contentUrl\":\"https:\/\/invertas.lt\/wp-content\/uploads\/2025\/03\/New-Text-Document-2.svg\",\"width\":140,\"height\":39,\"caption\":\"Invertas\"},\"image\":{\"@id\":\"https:\/\/invertas.lt\/#\/schema\/logo\/image\/\"}}]}<\/script>\n<!-- \/ Yoast SEO plugin. -->","yoast_head_json":{"title":"Guenther galvut\u0117je montuojamas signal\u0173 keitiklis GT 5334A3B - Invertas","description":"Temperat\u016bros si\u0173stuvas termoporoms (J, K, S, B ir kt.), montuojamas jutiklio galvut\u0117je, su 4\u201320\u202fmA , integruotu CJC ir konfig\u016bracija per kompiuter\u012f.","robots":{"index":"index","follow":"follow","max-snippet":"max-snippet:-1","max-image-preview":"max-image-preview:large","max-video-preview":"max-video-preview:-1"},"canonical":"https:\/\/invertas.lt\/en\/produktai\/temperaturos-jutikliai\/galvuteje-montuojamas-siustuvas-gt-5334a3b\/","og_locale":"en_GB","og_type":"article","og_title":"Guenther galvut\u0117je montuojamas signal\u0173 keitiklis GT 5334A3B - Invertas","og_description":"Temperat\u016bros si\u0173stuvas termoporoms (J, K, S, B ir kt.), montuojamas jutiklio galvut\u0117je, su 4\u201320\u202fmA , integruotu CJC ir konfig\u016bracija per kompiuter\u012f.","og_url":"https:\/\/invertas.lt\/en\/produktai\/temperaturos-jutikliai\/galvuteje-montuojamas-siustuvas-gt-5334a3b\/","og_site_name":"Invertas","article_modified_time":"2025-08-08T15:39:41+00:00","og_image":[{"width":1500,"height":1500,"url":"https:\/\/invertas.lt\/wp-content\/uploads\/2025\/07\/65980dbc-1a14-49f7-7fd3-da01ecd61818_693dadb1-b3e6-5944-135d-199265e1ad7d_cntIdImage_7e490b7c22d7430041256bb3731fd413-e1752250667979.png","type":"image\/png"}],"twitter_card":"summary_large_image","twitter_misc":{"Estimated reading time":"1 minute"},"schema":{"@context":"https:\/\/schema.org","@graph":[{"@type":"WebPage","@id":"https:\/\/invertas.lt\/produktai\/temperaturos-jutikliai\/galvuteje-montuojamas-siustuvas-gt-5334a3b\/","url":"https:\/\/invertas.lt\/produktai\/temperaturos-jutikliai\/galvuteje-montuojamas-siustuvas-gt-5334a3b\/","name":"Guenther galvut\u0117je montuojamas signal\u0173 keitiklis GT 5334A3B - Invertas","isPartOf":{"@id":"https:\/\/invertas.lt\/#website"},"primaryImageOfPage":{"@id":"https:\/\/invertas.lt\/produktai\/temperaturos-jutikliai\/galvuteje-montuojamas-siustuvas-gt-5334a3b\/#primaryimage"},"image":{"@id":"https:\/\/invertas.lt\/produktai\/temperaturos-jutikliai\/galvuteje-montuojamas-siustuvas-gt-5334a3b\/#primaryimage"},"thumbnailUrl":"https:\/\/invertas.lt\/wp-content\/uploads\/2025\/07\/65980dbc-1a14-49f7-7fd3-da01ecd61818_693dadb1-b3e6-5944-135d-199265e1ad7d_cntIdImage_7e490b7c22d7430041256bb3731fd413-e1752250667979.png","datePublished":"2025-07-11T15:58:29+00:00","dateModified":"2025-08-08T15:39:41+00:00","description":"Temperat\u016bros si\u0173stuvas termoporoms (J, K, S, B ir kt.), montuojamas jutiklio galvut\u0117je, su 4\u201320\u202fmA , integruotu CJC ir konfig\u016bracija per kompiuter\u012f.","breadcrumb":{"@id":"https:\/\/invertas.lt\/produktai\/temperaturos-jutikliai\/galvuteje-montuojamas-siustuvas-gt-5334a3b\/#breadcrumb"},"inLanguage":"en-GB","potentialAction":[{"@type":"ReadAction","target":["https:\/\/invertas.lt\/produktai\/temperaturos-jutikliai\/galvuteje-montuojamas-siustuvas-gt-5334a3b\/"]}]},{"@type":"ImageObject","inLanguage":"en-GB","@id":"https:\/\/invertas.lt\/produktai\/temperaturos-jutikliai\/galvuteje-montuojamas-siustuvas-gt-5334a3b\/#primaryimage","url":"https:\/\/invertas.lt\/wp-content\/uploads\/2025\/07\/65980dbc-1a14-49f7-7fd3-da01ecd61818_693dadb1-b3e6-5944-135d-199265e1ad7d_cntIdImage_7e490b7c22d7430041256bb3731fd413-e1752250667979.png","contentUrl":"https:\/\/invertas.lt\/wp-content\/uploads\/2025\/07\/65980dbc-1a14-49f7-7fd3-da01ecd61818_693dadb1-b3e6-5944-135d-199265e1ad7d_cntIdImage_7e490b7c22d7430041256bb3731fd413-e1752250667979.png","width":1500,"height":1500},{"@type":"BreadcrumbList","@id":"https:\/\/invertas.lt\/produktai\/temperaturos-jutikliai\/galvuteje-montuojamas-siustuvas-gt-5334a3b\/#breadcrumb","itemListElement":[{"@type":"ListItem","position":1,"name":"Prad\u017eia","item":"https:\/\/invertas.lt\/"},{"@type":"ListItem","position":2,"name":"Products","item":"https:\/\/invertas.lt\/shop\/"},{"@type":"ListItem","position":3,"name":"Temperat\u016bros jutikliai","item":"https:\/\/invertas.lt\/.\/temperaturos-jutikliai\/"},{"@type":"ListItem","position":4,"name":"Guenther galvut\u0117je montuojamas signal\u0173 keitiklis GT 5334A3B"}]},{"@type":"WebSite","@id":"https:\/\/invertas.lt\/#website","url":"https:\/\/invertas.lt\/","name":"Invert","description":"","publisher":{"@id":"https:\/\/invertas.lt\/#organization"},"potentialAction":[{"@type":"SearchAction","target":{"@type":"EntryPoint","urlTemplate":"https:\/\/invertas.lt\/?s={search_term_string}"},"query-input":{"@type":"PropertyValueSpecification","valueRequired":true,"valueName":"search_term_string"}}],"inLanguage":"en-GB"},{"@type":"Organization","@id":"https:\/\/invertas.lt\/#organization","name":"Invert","url":"https:\/\/invertas.lt\/","logo":{"@type":"ImageObject","inLanguage":"en-GB","@id":"https:\/\/invertas.lt\/#\/schema\/logo\/image\/","url":"https:\/\/invertas.lt\/wp-content\/uploads\/2025\/03\/New-Text-Document-2.svg","contentUrl":"https:\/\/invertas.lt\/wp-content\/uploads\/2025\/03\/New-Text-Document-2.svg","width":140,"height":39,"caption":"Invertas"},"image":{"@id":"https:\/\/invertas.lt\/#\/schema\/logo\/image\/"}}]}},"_links":{"self":[{"href":"https:\/\/invertas.lt\/en\/wp-json\/wp\/v2\/product\/8244","targetHints":{"allow":["GET"]}}],"collection":[{"href":"https:\/\/invertas.lt\/en\/wp-json\/wp\/v2\/product"}],"about":[{"href":"https:\/\/invertas.lt\/en\/wp-json\/wp\/v2\/types\/product"}],"replies":[{"embeddable":true,"href":"https:\/\/invertas.lt\/en\/wp-json\/wp\/v2\/comments?post=8244"}],"wp:featuredmedia":[{"embeddable":true,"href":"https:\/\/invertas.lt\/en\/wp-json\/wp\/v2\/media\/8245"}],"wp:attachment":[{"href":"https:\/\/invertas.lt\/en\/wp-json\/wp\/v2\/media?parent=8244"}],"wp:term":[{"taxonomy":"product_brand","embeddable":true,"href":"https:\/\/invertas.lt\/en\/wp-json\/wp\/v2\/product_brand?post=8244"},{"taxonomy":"product_cat","embeddable":true,"href":"https:\/\/invertas.lt\/en\/wp-json\/wp\/v2\/product_cat?post=8244"},{"taxonomy":"product_tag","embeddable":true,"href":"https:\/\/invertas.lt\/en\/wp-json\/wp\/v2\/product_tag?post=8244"}],"curies":[{"name":"wp","href":"https:\/\/api.w.org\/{rel}","templated":true}]}}