{"id":8227,"date":"2025-07-11T13:01:12","date_gmt":"2025-07-11T13:01:12","guid":{"rendered":"https:\/\/aurimasb15.sg-host.com\/?post_type=product&#038;p=8227"},"modified":"2025-08-08T15:34:33","modified_gmt":"2025-08-08T15:34:33","slug":"galvuteje-montuojamas-siustuvas-gt-5333a","status":"publish","type":"product","link":"https:\/\/invertas.lt\/en\/produktai\/temperaturos-jutikliai\/galvuteje-montuojamas-siustuvas-gt-5333a\/","title":{"rendered":"Guenther head-mounted signal converter GT 5333A"},"content":{"rendered":"<p data-start=\"0\" data-end=\"242\"><strong data-start=\"0\" data-end=\"18\">Fields of application<\/strong><br data-start=\"18\" data-end=\"21\" \/>Temperature transmitter for mounting in a sensor terminal head. Has one measuring input (e.g. Pt100, Pt1000) and an analog 4-20 mA output. 1 measuring input.<\/p>\n<p data-start=\"244\" data-end=\"257\"><strong data-start=\"244\" data-end=\"255\">Features<\/strong><\/p>\n<ul data-start=\"258\" data-end=\"482\" data-is-last-node=\"\" data-is-only-node=\"\">\n<li data-start=\"258\" data-end=\"321\">\n<p data-start=\"260\" data-end=\"321\">Pt100, Pt1000, Ni100, Ni1000 or R [\u03a9]<\/p>\n<\/li>\n<li data-start=\"322\" data-end=\"357\">\n<p data-start=\"324\" data-end=\"357\">2- or 3-wire sensor connection<\/p>\n<\/li>\n<li data-start=\"358\" data-end=\"389\">\n<p data-start=\"360\" data-end=\"389\">Analog output: 4\u202620 mA<\/p>\n<\/li>\n<li data-start=\"390\" data-end=\"439\">\n<p data-start=\"392\" data-end=\"439\">Sensor error indication according to NAMUR NE 43<\/p>\n<\/li>\n<li data-start=\"440\" data-end=\"482\" data-is-last-node=\"\">\n<p data-start=\"442\" data-end=\"482\" data-is-last-node=\"\">Possibility of precise process calibration<\/p>\n<\/li>\n<\/ul>","protected":false},"excerpt":{"rendered":"<p>Taikymo sritysTemperat\u016bros si\u0173stuvas, skirtas montuoti jutiklio gnybtin\u0117je galvut\u0117je. Turi vien\u0105 matavimo \u012f\u0117jim\u0105 (pvz., Pt100, Pt1000) ir analogin\u0119 4\u201320 mA i\u0161vest\u012f.\u00a01 matavimo \u012f\u0117jimas. Savyb\u0117s Pt100, Pt1000, Ni100, Ni1000 arba R [\u03a9] 2 arba 3 laid\u0173 jutiklio jungtis Analogin\u0117 i\u0161vestis: 4\u202620 mA Jutiklio klaidos indikacija pagal NAMUR NE 43 Galimyb\u0117 tiksliai procesi\u0161kai kalibruoti<\/p>","protected":false},"featured_media":8228,"comment_status":"open","ping_status":"closed","template":"","meta":{"_acf_changed":false,"inline_featured_image":false},"product_brand":[],"product_cat":[501],"product_tag":[],"class_list":{"0":"post-8227","1":"product","2":"type-product","3":"status-publish","4":"has-post-thumbnail","6":"product_cat-temperaturos-jutikliai","8":"first","9":"instock","10":"shipping-taxable","11":"purchasable","12":"product-type-simple"},"acf":[],"yoast_head":"<!-- This site is optimized with the Yoast SEO plugin v25.5 - https:\/\/yoast.com\/wordpress\/plugins\/seo\/ -->\n<title>Guenther galvut\u0117je montuojamas signal\u0173 keitiklis GT 5333A - Invertas<\/title>\n<meta name=\"description\" content=\"Temperat\u016bros si\u0173stuvas galvutiniam montavimui, skirtas Pt100, Pt1000 ir kitiems var\u017einiams jutikliams, su 4\u201320 mA i\u0161vestimi.\" \/>\n<meta name=\"robots\" content=\"index, follow, max-snippet:-1, max-image-preview:large, max-video-preview:-1\" \/>\n<link rel=\"canonical\" href=\"https:\/\/invertas.lt\/en\/produktai\/temperaturos-jutikliai\/galvuteje-montuojamas-siustuvas-gt-5333a\/\" \/>\n<meta property=\"og:locale\" content=\"en_GB\" \/>\n<meta property=\"og:type\" content=\"article\" \/>\n<meta property=\"og:title\" content=\"Guenther galvut\u0117je montuojamas signal\u0173 keitiklis GT 5333A - Invertas\" \/>\n<meta property=\"og:description\" content=\"Temperat\u016bros si\u0173stuvas galvutiniam montavimui, skirtas Pt100, Pt1000 ir kitiems var\u017einiams jutikliams, su 4\u201320 mA i\u0161vestimi.\" \/>\n<meta property=\"og:url\" content=\"https:\/\/invertas.lt\/en\/produktai\/temperaturos-jutikliai\/galvuteje-montuojamas-siustuvas-gt-5333a\/\" \/>\n<meta property=\"og:site_name\" content=\"Invertas\" \/>\n<meta property=\"article:modified_time\" content=\"2025-08-08T15:34:33+00:00\" \/>\n<meta property=\"og:image\" content=\"https:\/\/invertas.lt\/wp-content\/uploads\/2025\/07\/ecf911e4-31ba-5c59-e080-3aa8ec701c93_f725591b-0e5a-10e8-c953-94009033a402_cntIdImage_7e490b7c22d7430041256bb3731fd413-e1752238988243.png\" \/>\n\t<meta property=\"og:image:width\" content=\"1500\" \/>\n\t<meta property=\"og:image:height\" content=\"1500\" \/>\n\t<meta property=\"og:image:type\" content=\"image\/png\" \/>\n<meta name=\"twitter:card\" content=\"summary_large_image\" \/>\n<meta name=\"twitter:label1\" content=\"Estimated reading time\" \/>\n\t<meta name=\"twitter:data1\" content=\"1 minute\" \/>\n<script type=\"application\/ld+json\" class=\"yoast-schema-graph\">{\"@context\":\"https:\/\/schema.org\",\"@graph\":[{\"@type\":\"WebPage\",\"@id\":\"https:\/\/invertas.lt\/produktai\/temperaturos-jutikliai\/galvuteje-montuojamas-siustuvas-gt-5333a\/\",\"url\":\"https:\/\/invertas.lt\/produktai\/temperaturos-jutikliai\/galvuteje-montuojamas-siustuvas-gt-5333a\/\",\"name\":\"Guenther galvut\u0117je montuojamas signal\u0173 keitiklis GT 5333A - Invertas\",\"isPartOf\":{\"@id\":\"https:\/\/invertas.lt\/#website\"},\"primaryImageOfPage\":{\"@id\":\"https:\/\/invertas.lt\/produktai\/temperaturos-jutikliai\/galvuteje-montuojamas-siustuvas-gt-5333a\/#primaryimage\"},\"image\":{\"@id\":\"https:\/\/invertas.lt\/produktai\/temperaturos-jutikliai\/galvuteje-montuojamas-siustuvas-gt-5333a\/#primaryimage\"},\"thumbnailUrl\":\"https:\/\/invertas.lt\/wp-content\/uploads\/2025\/07\/ecf911e4-31ba-5c59-e080-3aa8ec701c93_f725591b-0e5a-10e8-c953-94009033a402_cntIdImage_7e490b7c22d7430041256bb3731fd413-e1752238988243.png\",\"datePublished\":\"2025-07-11T13:01:12+00:00\",\"dateModified\":\"2025-08-08T15:34:33+00:00\",\"description\":\"Temperat\u016bros si\u0173stuvas galvutiniam montavimui, skirtas Pt100, Pt1000 ir kitiems var\u017einiams jutikliams, su 4\u201320 mA i\u0161vestimi.\",\"breadcrumb\":{\"@id\":\"https:\/\/invertas.lt\/produktai\/temperaturos-jutikliai\/galvuteje-montuojamas-siustuvas-gt-5333a\/#breadcrumb\"},\"inLanguage\":\"en-GB\",\"potentialAction\":[{\"@type\":\"ReadAction\",\"target\":[\"https:\/\/invertas.lt\/produktai\/temperaturos-jutikliai\/galvuteje-montuojamas-siustuvas-gt-5333a\/\"]}]},{\"@type\":\"ImageObject\",\"inLanguage\":\"en-GB\",\"@id\":\"https:\/\/invertas.lt\/produktai\/temperaturos-jutikliai\/galvuteje-montuojamas-siustuvas-gt-5333a\/#primaryimage\",\"url\":\"https:\/\/invertas.lt\/wp-content\/uploads\/2025\/07\/ecf911e4-31ba-5c59-e080-3aa8ec701c93_f725591b-0e5a-10e8-c953-94009033a402_cntIdImage_7e490b7c22d7430041256bb3731fd413-e1752238988243.png\",\"contentUrl\":\"https:\/\/invertas.lt\/wp-content\/uploads\/2025\/07\/ecf911e4-31ba-5c59-e080-3aa8ec701c93_f725591b-0e5a-10e8-c953-94009033a402_cntIdImage_7e490b7c22d7430041256bb3731fd413-e1752238988243.png\",\"width\":1500,\"height\":1500},{\"@type\":\"BreadcrumbList\",\"@id\":\"https:\/\/invertas.lt\/produktai\/temperaturos-jutikliai\/galvuteje-montuojamas-siustuvas-gt-5333a\/#breadcrumb\",\"itemListElement\":[{\"@type\":\"ListItem\",\"position\":1,\"name\":\"Prad\u017eia\",\"item\":\"https:\/\/invertas.lt\/\"},{\"@type\":\"ListItem\",\"position\":2,\"name\":\"Products\",\"item\":\"https:\/\/invertas.lt\/shop\/\"},{\"@type\":\"ListItem\",\"position\":3,\"name\":\"Temperat\u016bros jutikliai\",\"item\":\"https:\/\/invertas.lt\/.\/temperaturos-jutikliai\/\"},{\"@type\":\"ListItem\",\"position\":4,\"name\":\"Guenther galvut\u0117je montuojamas signal\u0173 keitiklis GT 5333A\"}]},{\"@type\":\"WebSite\",\"@id\":\"https:\/\/invertas.lt\/#website\",\"url\":\"https:\/\/invertas.lt\/\",\"name\":\"Invertas\",\"description\":\"\",\"publisher\":{\"@id\":\"https:\/\/invertas.lt\/#organization\"},\"potentialAction\":[{\"@type\":\"SearchAction\",\"target\":{\"@type\":\"EntryPoint\",\"urlTemplate\":\"https:\/\/invertas.lt\/?s={search_term_string}\"},\"query-input\":{\"@type\":\"PropertyValueSpecification\",\"valueRequired\":true,\"valueName\":\"search_term_string\"}}],\"inLanguage\":\"en-GB\"},{\"@type\":\"Organization\",\"@id\":\"https:\/\/invertas.lt\/#organization\",\"name\":\"Invertas\",\"url\":\"https:\/\/invertas.lt\/\",\"logo\":{\"@type\":\"ImageObject\",\"inLanguage\":\"en-GB\",\"@id\":\"https:\/\/invertas.lt\/#\/schema\/logo\/image\/\",\"url\":\"https:\/\/invertas.lt\/wp-content\/uploads\/2025\/03\/New-Text-Document-2.svg\",\"contentUrl\":\"https:\/\/invertas.lt\/wp-content\/uploads\/2025\/03\/New-Text-Document-2.svg\",\"width\":140,\"height\":39,\"caption\":\"Invertas\"},\"image\":{\"@id\":\"https:\/\/invertas.lt\/#\/schema\/logo\/image\/\"}}]}<\/script>\n<!-- \/ Yoast SEO plugin. -->","yoast_head_json":{"title":"Guenther galvut\u0117je montuojamas signal\u0173 keitiklis GT 5333A - Invertas","description":"Temperat\u016bros si\u0173stuvas galvutiniam montavimui, skirtas Pt100, Pt1000 ir kitiems var\u017einiams jutikliams, su 4\u201320 mA i\u0161vestimi.","robots":{"index":"index","follow":"follow","max-snippet":"max-snippet:-1","max-image-preview":"max-image-preview:large","max-video-preview":"max-video-preview:-1"},"canonical":"https:\/\/invertas.lt\/en\/produktai\/temperaturos-jutikliai\/galvuteje-montuojamas-siustuvas-gt-5333a\/","og_locale":"en_GB","og_type":"article","og_title":"Guenther galvut\u0117je montuojamas signal\u0173 keitiklis GT 5333A - Invertas","og_description":"Temperat\u016bros si\u0173stuvas galvutiniam montavimui, skirtas Pt100, Pt1000 ir kitiems var\u017einiams jutikliams, su 4\u201320 mA i\u0161vestimi.","og_url":"https:\/\/invertas.lt\/en\/produktai\/temperaturos-jutikliai\/galvuteje-montuojamas-siustuvas-gt-5333a\/","og_site_name":"Invertas","article_modified_time":"2025-08-08T15:34:33+00:00","og_image":[{"width":1500,"height":1500,"url":"https:\/\/invertas.lt\/wp-content\/uploads\/2025\/07\/ecf911e4-31ba-5c59-e080-3aa8ec701c93_f725591b-0e5a-10e8-c953-94009033a402_cntIdImage_7e490b7c22d7430041256bb3731fd413-e1752238988243.png","type":"image\/png"}],"twitter_card":"summary_large_image","twitter_misc":{"Estimated reading time":"1 minute"},"schema":{"@context":"https:\/\/schema.org","@graph":[{"@type":"WebPage","@id":"https:\/\/invertas.lt\/produktai\/temperaturos-jutikliai\/galvuteje-montuojamas-siustuvas-gt-5333a\/","url":"https:\/\/invertas.lt\/produktai\/temperaturos-jutikliai\/galvuteje-montuojamas-siustuvas-gt-5333a\/","name":"Guenther galvut\u0117je montuojamas signal\u0173 keitiklis GT 5333A - Invertas","isPartOf":{"@id":"https:\/\/invertas.lt\/#website"},"primaryImageOfPage":{"@id":"https:\/\/invertas.lt\/produktai\/temperaturos-jutikliai\/galvuteje-montuojamas-siustuvas-gt-5333a\/#primaryimage"},"image":{"@id":"https:\/\/invertas.lt\/produktai\/temperaturos-jutikliai\/galvuteje-montuojamas-siustuvas-gt-5333a\/#primaryimage"},"thumbnailUrl":"https:\/\/invertas.lt\/wp-content\/uploads\/2025\/07\/ecf911e4-31ba-5c59-e080-3aa8ec701c93_f725591b-0e5a-10e8-c953-94009033a402_cntIdImage_7e490b7c22d7430041256bb3731fd413-e1752238988243.png","datePublished":"2025-07-11T13:01:12+00:00","dateModified":"2025-08-08T15:34:33+00:00","description":"Temperat\u016bros si\u0173stuvas galvutiniam montavimui, skirtas Pt100, Pt1000 ir kitiems var\u017einiams jutikliams, su 4\u201320 mA i\u0161vestimi.","breadcrumb":{"@id":"https:\/\/invertas.lt\/produktai\/temperaturos-jutikliai\/galvuteje-montuojamas-siustuvas-gt-5333a\/#breadcrumb"},"inLanguage":"en-GB","potentialAction":[{"@type":"ReadAction","target":["https:\/\/invertas.lt\/produktai\/temperaturos-jutikliai\/galvuteje-montuojamas-siustuvas-gt-5333a\/"]}]},{"@type":"ImageObject","inLanguage":"en-GB","@id":"https:\/\/invertas.lt\/produktai\/temperaturos-jutikliai\/galvuteje-montuojamas-siustuvas-gt-5333a\/#primaryimage","url":"https:\/\/invertas.lt\/wp-content\/uploads\/2025\/07\/ecf911e4-31ba-5c59-e080-3aa8ec701c93_f725591b-0e5a-10e8-c953-94009033a402_cntIdImage_7e490b7c22d7430041256bb3731fd413-e1752238988243.png","contentUrl":"https:\/\/invertas.lt\/wp-content\/uploads\/2025\/07\/ecf911e4-31ba-5c59-e080-3aa8ec701c93_f725591b-0e5a-10e8-c953-94009033a402_cntIdImage_7e490b7c22d7430041256bb3731fd413-e1752238988243.png","width":1500,"height":1500},{"@type":"BreadcrumbList","@id":"https:\/\/invertas.lt\/produktai\/temperaturos-jutikliai\/galvuteje-montuojamas-siustuvas-gt-5333a\/#breadcrumb","itemListElement":[{"@type":"ListItem","position":1,"name":"Prad\u017eia","item":"https:\/\/invertas.lt\/"},{"@type":"ListItem","position":2,"name":"Products","item":"https:\/\/invertas.lt\/shop\/"},{"@type":"ListItem","position":3,"name":"Temperat\u016bros jutikliai","item":"https:\/\/invertas.lt\/.\/temperaturos-jutikliai\/"},{"@type":"ListItem","position":4,"name":"Guenther galvut\u0117je montuojamas signal\u0173 keitiklis GT 5333A"}]},{"@type":"WebSite","@id":"https:\/\/invertas.lt\/#website","url":"https:\/\/invertas.lt\/","name":"Invert","description":"","publisher":{"@id":"https:\/\/invertas.lt\/#organization"},"potentialAction":[{"@type":"SearchAction","target":{"@type":"EntryPoint","urlTemplate":"https:\/\/invertas.lt\/?s={search_term_string}"},"query-input":{"@type":"PropertyValueSpecification","valueRequired":true,"valueName":"search_term_string"}}],"inLanguage":"en-GB"},{"@type":"Organization","@id":"https:\/\/invertas.lt\/#organization","name":"Invert","url":"https:\/\/invertas.lt\/","logo":{"@type":"ImageObject","inLanguage":"en-GB","@id":"https:\/\/invertas.lt\/#\/schema\/logo\/image\/","url":"https:\/\/invertas.lt\/wp-content\/uploads\/2025\/03\/New-Text-Document-2.svg","contentUrl":"https:\/\/invertas.lt\/wp-content\/uploads\/2025\/03\/New-Text-Document-2.svg","width":140,"height":39,"caption":"Invertas"},"image":{"@id":"https:\/\/invertas.lt\/#\/schema\/logo\/image\/"}}]}},"_links":{"self":[{"href":"https:\/\/invertas.lt\/en\/wp-json\/wp\/v2\/product\/8227","targetHints":{"allow":["GET"]}}],"collection":[{"href":"https:\/\/invertas.lt\/en\/wp-json\/wp\/v2\/product"}],"about":[{"href":"https:\/\/invertas.lt\/en\/wp-json\/wp\/v2\/types\/product"}],"replies":[{"embeddable":true,"href":"https:\/\/invertas.lt\/en\/wp-json\/wp\/v2\/comments?post=8227"}],"wp:featuredmedia":[{"embeddable":true,"href":"https:\/\/invertas.lt\/en\/wp-json\/wp\/v2\/media\/8228"}],"wp:attachment":[{"href":"https:\/\/invertas.lt\/en\/wp-json\/wp\/v2\/media?parent=8227"}],"wp:term":[{"taxonomy":"product_brand","embeddable":true,"href":"https:\/\/invertas.lt\/en\/wp-json\/wp\/v2\/product_brand?post=8227"},{"taxonomy":"product_cat","embeddable":true,"href":"https:\/\/invertas.lt\/en\/wp-json\/wp\/v2\/product_cat?post=8227"},{"taxonomy":"product_tag","embeddable":true,"href":"https:\/\/invertas.lt\/en\/wp-json\/wp\/v2\/product_tag?post=8227"}],"curies":[{"name":"wp","href":"https:\/\/api.w.org\/{rel}","templated":true}]}}