{"id":8221,"date":"2025-07-11T12:28:03","date_gmt":"2025-07-11T12:28:03","guid":{"rendered":"https:\/\/aurimasb15.sg-host.com\/?post_type=product&#038;p=8221"},"modified":"2025-08-08T15:32:35","modified_gmt":"2025-08-08T15:32:35","slug":"sprogimui-atsparus-temperaturos-jutikliai-atex-2014-34-es","status":"publish","type":"product","link":"https:\/\/invertas.lt\/en\/produktai\/temperaturos-jutikliai\/sprogimui-atsparus-temperaturos-jutikliai-atex-2014-34-es\/","title":{"rendered":"Guenther explosion-proof temperature sensors (ATEX)"},"content":{"rendered":"<p data-start=\"0\" data-end=\"18\"><strong data-start=\"0\" data-end=\"18\">Fields of application<\/strong><\/p>\n<p data-start=\"20\" data-end=\"167\">Explosion-proof thermocouples and resistance thermometers for industries where flammable gases, vapors or dusts are used. Various designs and models.<\/p>\n<p data-start=\"169\" data-end=\"306\" data-is-last-node=\"\" data-is-only-node=\"\"><strong data-start=\"169\" data-end=\"180\">Features<\/strong><\/p>\n<p data-start=\"169\" data-end=\"306\" data-is-last-node=\"\" data-is-only-node=\"\"><br data-start=\"180\" data-end=\"183\" \/>\u2022 High level of safety in explosion-prone areas<\/p>\n<p data-start=\"169\" data-end=\"306\" data-is-last-node=\"\" data-is-only-node=\"\">\u2022 Durable, long-lasting construction<\/p>\n<p data-start=\"169\" data-end=\"306\" data-is-last-node=\"\" data-is-only-node=\"\">\u2022 Wide range temperature measurement<\/p>","protected":false},"excerpt":{"rendered":"<p>Taikymo sritys Sprogimui atsparios termoporos ir var\u017einiai termometrai pramonei, kur naudojamos degios dujos, garai ar dulk\u0117s. \u012evairios konstrukcijos ir modeliai. Savyb\u0117s \u2022 Auk\u0161tas saugumo lygis sprogimo zonose \u2022 Patvarios, ilgaam\u017e\u0117s konstrukcijos \u2022 Plataus diapazono temperat\u016bros matavimas<\/p>","protected":false},"featured_media":8222,"comment_status":"open","ping_status":"closed","template":"","meta":{"_acf_changed":false,"inline_featured_image":false},"product_brand":[],"product_cat":[501],"product_tag":[],"class_list":{"0":"post-8221","1":"product","2":"type-product","3":"status-publish","4":"has-post-thumbnail","6":"product_cat-temperaturos-jutikliai","8":"first","9":"instock","10":"shipping-taxable","11":"purchasable","12":"product-type-simple"},"acf":[],"yoast_head":"<!-- This site is optimized with the Yoast SEO plugin v25.5 - https:\/\/yoast.com\/wordpress\/plugins\/seo\/ -->\n<title>Guenther sprogimui atspar\u016bs temperat\u016bros jutikliai (ATEX) - Invertas<\/title>\n<meta name=\"description\" content=\"Sprogimui atsparios termoporos ir var\u017einiai termometrai pramonei, kur naudojamos degios dujos, garai ar dulk\u0117s. \u012evairios konstrukcijos ir modeliai.\" \/>\n<meta name=\"robots\" content=\"index, follow, max-snippet:-1, max-image-preview:large, max-video-preview:-1\" \/>\n<link rel=\"canonical\" href=\"https:\/\/invertas.lt\/en\/produktai\/temperaturos-jutikliai\/sprogimui-atsparus-temperaturos-jutikliai-atex-2014-34-es\/\" \/>\n<meta property=\"og:locale\" content=\"en_GB\" \/>\n<meta property=\"og:type\" content=\"article\" \/>\n<meta property=\"og:title\" content=\"Guenther sprogimui atspar\u016bs temperat\u016bros jutikliai (ATEX) - Invertas\" \/>\n<meta property=\"og:description\" content=\"Sprogimui atsparios termoporos ir var\u017einiai termometrai pramonei, kur naudojamos degios dujos, garai ar dulk\u0117s. \u012evairios konstrukcijos ir modeliai.\" \/>\n<meta property=\"og:url\" content=\"https:\/\/invertas.lt\/en\/produktai\/temperaturos-jutikliai\/sprogimui-atsparus-temperaturos-jutikliai-atex-2014-34-es\/\" \/>\n<meta property=\"og:site_name\" content=\"Invertas\" \/>\n<meta property=\"article:modified_time\" content=\"2025-08-08T15:32:35+00:00\" \/>\n<meta property=\"og:image\" content=\"https:\/\/invertas.lt\/wp-content\/uploads\/2025\/07\/8884f71d-66eb-799d-4ef1-ac359c9f933c_d9462e3a-9d59-3946-09f2-598bbb264771_cntIdImage_7e490b7c22d7430041256bb3731fd413-e1752237045404.png\" \/>\n\t<meta property=\"og:image:width\" content=\"1500\" \/>\n\t<meta property=\"og:image:height\" content=\"1700\" \/>\n\t<meta property=\"og:image:type\" content=\"image\/png\" \/>\n<meta name=\"twitter:card\" content=\"summary_large_image\" \/>\n<meta name=\"twitter:label1\" content=\"Estimated reading time\" \/>\n\t<meta name=\"twitter:data1\" content=\"1 minute\" \/>\n<script type=\"application\/ld+json\" class=\"yoast-schema-graph\">{\"@context\":\"https:\/\/schema.org\",\"@graph\":[{\"@type\":\"WebPage\",\"@id\":\"https:\/\/invertas.lt\/produktai\/temperaturos-jutikliai\/sprogimui-atsparus-temperaturos-jutikliai-atex-2014-34-es\/\",\"url\":\"https:\/\/invertas.lt\/produktai\/temperaturos-jutikliai\/sprogimui-atsparus-temperaturos-jutikliai-atex-2014-34-es\/\",\"name\":\"Guenther sprogimui atspar\u016bs temperat\u016bros jutikliai (ATEX) - Invertas\",\"isPartOf\":{\"@id\":\"https:\/\/invertas.lt\/#website\"},\"primaryImageOfPage\":{\"@id\":\"https:\/\/invertas.lt\/produktai\/temperaturos-jutikliai\/sprogimui-atsparus-temperaturos-jutikliai-atex-2014-34-es\/#primaryimage\"},\"image\":{\"@id\":\"https:\/\/invertas.lt\/produktai\/temperaturos-jutikliai\/sprogimui-atsparus-temperaturos-jutikliai-atex-2014-34-es\/#primaryimage\"},\"thumbnailUrl\":\"https:\/\/invertas.lt\/wp-content\/uploads\/2025\/07\/8884f71d-66eb-799d-4ef1-ac359c9f933c_d9462e3a-9d59-3946-09f2-598bbb264771_cntIdImage_7e490b7c22d7430041256bb3731fd413-e1752237045404.png\",\"datePublished\":\"2025-07-11T12:28:03+00:00\",\"dateModified\":\"2025-08-08T15:32:35+00:00\",\"description\":\"Sprogimui atsparios termoporos ir var\u017einiai termometrai pramonei, kur naudojamos degios dujos, garai ar dulk\u0117s. \u012evairios konstrukcijos ir modeliai.\",\"breadcrumb\":{\"@id\":\"https:\/\/invertas.lt\/produktai\/temperaturos-jutikliai\/sprogimui-atsparus-temperaturos-jutikliai-atex-2014-34-es\/#breadcrumb\"},\"inLanguage\":\"en-GB\",\"potentialAction\":[{\"@type\":\"ReadAction\",\"target\":[\"https:\/\/invertas.lt\/produktai\/temperaturos-jutikliai\/sprogimui-atsparus-temperaturos-jutikliai-atex-2014-34-es\/\"]}]},{\"@type\":\"ImageObject\",\"inLanguage\":\"en-GB\",\"@id\":\"https:\/\/invertas.lt\/produktai\/temperaturos-jutikliai\/sprogimui-atsparus-temperaturos-jutikliai-atex-2014-34-es\/#primaryimage\",\"url\":\"https:\/\/invertas.lt\/wp-content\/uploads\/2025\/07\/8884f71d-66eb-799d-4ef1-ac359c9f933c_d9462e3a-9d59-3946-09f2-598bbb264771_cntIdImage_7e490b7c22d7430041256bb3731fd413-e1752237045404.png\",\"contentUrl\":\"https:\/\/invertas.lt\/wp-content\/uploads\/2025\/07\/8884f71d-66eb-799d-4ef1-ac359c9f933c_d9462e3a-9d59-3946-09f2-598bbb264771_cntIdImage_7e490b7c22d7430041256bb3731fd413-e1752237045404.png\",\"width\":1500,\"height\":1700},{\"@type\":\"BreadcrumbList\",\"@id\":\"https:\/\/invertas.lt\/produktai\/temperaturos-jutikliai\/sprogimui-atsparus-temperaturos-jutikliai-atex-2014-34-es\/#breadcrumb\",\"itemListElement\":[{\"@type\":\"ListItem\",\"position\":1,\"name\":\"Prad\u017eia\",\"item\":\"https:\/\/invertas.lt\/\"},{\"@type\":\"ListItem\",\"position\":2,\"name\":\"Products\",\"item\":\"https:\/\/invertas.lt\/shop\/\"},{\"@type\":\"ListItem\",\"position\":3,\"name\":\"Temperat\u016bros jutikliai\",\"item\":\"https:\/\/invertas.lt\/.\/temperaturos-jutikliai\/\"},{\"@type\":\"ListItem\",\"position\":4,\"name\":\"Guenther sprogimui atspar\u016bs temperat\u016bros jutikliai (ATEX)\"}]},{\"@type\":\"WebSite\",\"@id\":\"https:\/\/invertas.lt\/#website\",\"url\":\"https:\/\/invertas.lt\/\",\"name\":\"Invertas\",\"description\":\"\",\"publisher\":{\"@id\":\"https:\/\/invertas.lt\/#organization\"},\"potentialAction\":[{\"@type\":\"SearchAction\",\"target\":{\"@type\":\"EntryPoint\",\"urlTemplate\":\"https:\/\/invertas.lt\/?s={search_term_string}\"},\"query-input\":{\"@type\":\"PropertyValueSpecification\",\"valueRequired\":true,\"valueName\":\"search_term_string\"}}],\"inLanguage\":\"en-GB\"},{\"@type\":\"Organization\",\"@id\":\"https:\/\/invertas.lt\/#organization\",\"name\":\"Invertas\",\"url\":\"https:\/\/invertas.lt\/\",\"logo\":{\"@type\":\"ImageObject\",\"inLanguage\":\"en-GB\",\"@id\":\"https:\/\/invertas.lt\/#\/schema\/logo\/image\/\",\"url\":\"https:\/\/invertas.lt\/wp-content\/uploads\/2025\/03\/New-Text-Document-2.svg\",\"contentUrl\":\"https:\/\/invertas.lt\/wp-content\/uploads\/2025\/03\/New-Text-Document-2.svg\",\"width\":140,\"height\":39,\"caption\":\"Invertas\"},\"image\":{\"@id\":\"https:\/\/invertas.lt\/#\/schema\/logo\/image\/\"}}]}<\/script>\n<!-- \/ Yoast SEO plugin. -->","yoast_head_json":{"title":"Guenther sprogimui atspar\u016bs temperat\u016bros jutikliai (ATEX) - Invertas","description":"Explosion-proof thermocouples and resistance thermometers for industries where flammable gases, vapors or dusts are used. Various designs and models.","robots":{"index":"index","follow":"follow","max-snippet":"max-snippet:-1","max-image-preview":"max-image-preview:large","max-video-preview":"max-video-preview:-1"},"canonical":"https:\/\/invertas.lt\/en\/produktai\/temperaturos-jutikliai\/sprogimui-atsparus-temperaturos-jutikliai-atex-2014-34-es\/","og_locale":"en_GB","og_type":"article","og_title":"Guenther sprogimui atspar\u016bs temperat\u016bros jutikliai (ATEX) - Invertas","og_description":"Sprogimui atsparios termoporos ir var\u017einiai termometrai pramonei, kur naudojamos degios dujos, garai ar dulk\u0117s. \u012evairios konstrukcijos ir modeliai.","og_url":"https:\/\/invertas.lt\/en\/produktai\/temperaturos-jutikliai\/sprogimui-atsparus-temperaturos-jutikliai-atex-2014-34-es\/","og_site_name":"Invertas","article_modified_time":"2025-08-08T15:32:35+00:00","og_image":[{"width":1500,"height":1700,"url":"https:\/\/invertas.lt\/wp-content\/uploads\/2025\/07\/8884f71d-66eb-799d-4ef1-ac359c9f933c_d9462e3a-9d59-3946-09f2-598bbb264771_cntIdImage_7e490b7c22d7430041256bb3731fd413-e1752237045404.png","type":"image\/png"}],"twitter_card":"summary_large_image","twitter_misc":{"Estimated reading time":"1 minute"},"schema":{"@context":"https:\/\/schema.org","@graph":[{"@type":"WebPage","@id":"https:\/\/invertas.lt\/produktai\/temperaturos-jutikliai\/sprogimui-atsparus-temperaturos-jutikliai-atex-2014-34-es\/","url":"https:\/\/invertas.lt\/produktai\/temperaturos-jutikliai\/sprogimui-atsparus-temperaturos-jutikliai-atex-2014-34-es\/","name":"Guenther sprogimui atspar\u016bs temperat\u016bros jutikliai (ATEX) - Invertas","isPartOf":{"@id":"https:\/\/invertas.lt\/#website"},"primaryImageOfPage":{"@id":"https:\/\/invertas.lt\/produktai\/temperaturos-jutikliai\/sprogimui-atsparus-temperaturos-jutikliai-atex-2014-34-es\/#primaryimage"},"image":{"@id":"https:\/\/invertas.lt\/produktai\/temperaturos-jutikliai\/sprogimui-atsparus-temperaturos-jutikliai-atex-2014-34-es\/#primaryimage"},"thumbnailUrl":"https:\/\/invertas.lt\/wp-content\/uploads\/2025\/07\/8884f71d-66eb-799d-4ef1-ac359c9f933c_d9462e3a-9d59-3946-09f2-598bbb264771_cntIdImage_7e490b7c22d7430041256bb3731fd413-e1752237045404.png","datePublished":"2025-07-11T12:28:03+00:00","dateModified":"2025-08-08T15:32:35+00:00","description":"Explosion-proof thermocouples and resistance thermometers for industries where flammable gases, vapors or dusts are used. Various designs and models.","breadcrumb":{"@id":"https:\/\/invertas.lt\/produktai\/temperaturos-jutikliai\/sprogimui-atsparus-temperaturos-jutikliai-atex-2014-34-es\/#breadcrumb"},"inLanguage":"en-GB","potentialAction":[{"@type":"ReadAction","target":["https:\/\/invertas.lt\/produktai\/temperaturos-jutikliai\/sprogimui-atsparus-temperaturos-jutikliai-atex-2014-34-es\/"]}]},{"@type":"ImageObject","inLanguage":"en-GB","@id":"https:\/\/invertas.lt\/produktai\/temperaturos-jutikliai\/sprogimui-atsparus-temperaturos-jutikliai-atex-2014-34-es\/#primaryimage","url":"https:\/\/invertas.lt\/wp-content\/uploads\/2025\/07\/8884f71d-66eb-799d-4ef1-ac359c9f933c_d9462e3a-9d59-3946-09f2-598bbb264771_cntIdImage_7e490b7c22d7430041256bb3731fd413-e1752237045404.png","contentUrl":"https:\/\/invertas.lt\/wp-content\/uploads\/2025\/07\/8884f71d-66eb-799d-4ef1-ac359c9f933c_d9462e3a-9d59-3946-09f2-598bbb264771_cntIdImage_7e490b7c22d7430041256bb3731fd413-e1752237045404.png","width":1500,"height":1700},{"@type":"BreadcrumbList","@id":"https:\/\/invertas.lt\/produktai\/temperaturos-jutikliai\/sprogimui-atsparus-temperaturos-jutikliai-atex-2014-34-es\/#breadcrumb","itemListElement":[{"@type":"ListItem","position":1,"name":"Prad\u017eia","item":"https:\/\/invertas.lt\/"},{"@type":"ListItem","position":2,"name":"Products","item":"https:\/\/invertas.lt\/shop\/"},{"@type":"ListItem","position":3,"name":"Temperat\u016bros jutikliai","item":"https:\/\/invertas.lt\/.\/temperaturos-jutikliai\/"},{"@type":"ListItem","position":4,"name":"Guenther sprogimui atspar\u016bs temperat\u016bros jutikliai (ATEX)"}]},{"@type":"WebSite","@id":"https:\/\/invertas.lt\/#website","url":"https:\/\/invertas.lt\/","name":"Invert","description":"","publisher":{"@id":"https:\/\/invertas.lt\/#organization"},"potentialAction":[{"@type":"SearchAction","target":{"@type":"EntryPoint","urlTemplate":"https:\/\/invertas.lt\/?s={search_term_string}"},"query-input":{"@type":"PropertyValueSpecification","valueRequired":true,"valueName":"search_term_string"}}],"inLanguage":"en-GB"},{"@type":"Organization","@id":"https:\/\/invertas.lt\/#organization","name":"Invert","url":"https:\/\/invertas.lt\/","logo":{"@type":"ImageObject","inLanguage":"en-GB","@id":"https:\/\/invertas.lt\/#\/schema\/logo\/image\/","url":"https:\/\/invertas.lt\/wp-content\/uploads\/2025\/03\/New-Text-Document-2.svg","contentUrl":"https:\/\/invertas.lt\/wp-content\/uploads\/2025\/03\/New-Text-Document-2.svg","width":140,"height":39,"caption":"Invertas"},"image":{"@id":"https:\/\/invertas.lt\/#\/schema\/logo\/image\/"}}]}},"_links":{"self":[{"href":"https:\/\/invertas.lt\/en\/wp-json\/wp\/v2\/product\/8221","targetHints":{"allow":["GET"]}}],"collection":[{"href":"https:\/\/invertas.lt\/en\/wp-json\/wp\/v2\/product"}],"about":[{"href":"https:\/\/invertas.lt\/en\/wp-json\/wp\/v2\/types\/product"}],"replies":[{"embeddable":true,"href":"https:\/\/invertas.lt\/en\/wp-json\/wp\/v2\/comments?post=8221"}],"wp:featuredmedia":[{"embeddable":true,"href":"https:\/\/invertas.lt\/en\/wp-json\/wp\/v2\/media\/8222"}],"wp:attachment":[{"href":"https:\/\/invertas.lt\/en\/wp-json\/wp\/v2\/media?parent=8221"}],"wp:term":[{"taxonomy":"product_brand","embeddable":true,"href":"https:\/\/invertas.lt\/en\/wp-json\/wp\/v2\/product_brand?post=8221"},{"taxonomy":"product_cat","embeddable":true,"href":"https:\/\/invertas.lt\/en\/wp-json\/wp\/v2\/product_cat?post=8221"},{"taxonomy":"product_tag","embeddable":true,"href":"https:\/\/invertas.lt\/en\/wp-json\/wp\/v2\/product_tag?post=8221"}],"curies":[{"name":"wp","href":"https:\/\/api.w.org\/{rel}","templated":true}]}}