{"id":8205,"date":"2025-07-10T18:33:51","date_gmt":"2025-07-10T18:33:51","guid":{"rendered":"https:\/\/aurimasb15.sg-host.com\/?post_type=product&#038;p=8205"},"modified":"2025-08-08T15:29:21","modified_gmt":"2025-08-08T15:29:21","slug":"termopora-su-bajonetine-jungtimi-6x-btf","status":"publish","type":"product","link":"https:\/\/invertas.lt\/en\/produktai\/temperaturos-jutikliai\/termopora-su-bajonetine-jungtimi-6x-btf\/","title":{"rendered":"Guenther wired thermocouple 6X-BTF"},"content":{"rendered":"<h3 data-start=\"0\" data-end=\"18\">Fields of application<\/h3>\n<p data-start=\"20\" data-end=\"206\">Thermocouples with bayonet connection are used for temperature measurement in machine blocks and molds, mainly in the plastics industry. Available with flat, semi-circular or conical tips.<\/p>\n<h3 data-start=\"208\" data-end=\"219\">Features<\/h3>\n<ul data-start=\"221\" data-end=\"314\" data-is-last-node=\"\" data-is-only-node=\"\">\n<li data-start=\"221\" data-end=\"252\">\n<p data-start=\"223\" data-end=\"252\">Reliable bayonet connection<\/p>\n<\/li>\n<li data-start=\"253\" data-end=\"286\">\n<p data-start=\"255\" data-end=\"286\">Stainless steel spring<\/p>\n<\/li>\n<li data-start=\"287\" data-end=\"314\" data-is-last-node=\"\">\n<p data-start=\"289\" data-end=\"314\" data-is-last-node=\"\">Various measuring tips<\/p>\n<\/li>\n<\/ul>","protected":false},"excerpt":{"rendered":"<p>Taikymo sritys Termoporos su bajonetine jungtimi naudojamos temperat\u016bros matavimui ma\u0161in\u0173 blokuose ir liejimo formose, daugiausia plastiko pramon\u0117je. Galimi plok\u0161ti, pusapvaliai arba k\u016bginiai galiukai. Savyb\u0117s Patikima bajonetin\u0117 jungtis Ner\u016bdijan\u010dio plieno spyruokl\u0117 \u012evair\u016bs matavimo galiukai<\/p>","protected":false},"featured_media":8206,"comment_status":"open","ping_status":"closed","template":"","meta":{"_acf_changed":false,"inline_featured_image":false},"product_brand":[],"product_cat":[501],"product_tag":[],"class_list":{"0":"post-8205","1":"product","2":"type-product","3":"status-publish","4":"has-post-thumbnail","6":"product_cat-temperaturos-jutikliai","8":"first","9":"instock","10":"shipping-taxable","11":"purchasable","12":"product-type-simple"},"acf":[],"yoast_head":"<!-- This site is optimized with the Yoast SEO plugin v25.5 - https:\/\/yoast.com\/wordpress\/plugins\/seo\/ -->\n<title>Guenther laidin\u0117 termopora 6X-BTF - Invertas<\/title>\n<meta name=\"description\" content=\"Termoporos su bajonetine jungtimi naudojamos temperat\u016bros matavimui plastiko pramon\u0117s ma\u0161in\u0173 blokuose ir liejimo formose.\" \/>\n<meta name=\"robots\" content=\"index, follow, max-snippet:-1, max-image-preview:large, max-video-preview:-1\" \/>\n<link rel=\"canonical\" href=\"https:\/\/invertas.lt\/en\/produktai\/temperaturos-jutikliai\/termopora-su-bajonetine-jungtimi-6x-btf\/\" \/>\n<meta property=\"og:locale\" content=\"en_GB\" \/>\n<meta property=\"og:type\" content=\"article\" \/>\n<meta property=\"og:title\" content=\"Guenther laidin\u0117 termopora 6X-BTF - Invertas\" \/>\n<meta property=\"og:description\" content=\"Termoporos su bajonetine jungtimi naudojamos temperat\u016bros matavimui plastiko pramon\u0117s ma\u0161in\u0173 blokuose ir liejimo formose.\" \/>\n<meta property=\"og:url\" content=\"https:\/\/invertas.lt\/en\/produktai\/temperaturos-jutikliai\/termopora-su-bajonetine-jungtimi-6x-btf\/\" \/>\n<meta property=\"og:site_name\" content=\"Invertas\" \/>\n<meta property=\"article:modified_time\" content=\"2025-08-08T15:29:21+00:00\" \/>\n<meta property=\"og:image\" content=\"https:\/\/invertas.lt\/wp-content\/uploads\/2025\/07\/c828a180-b349-a1f6-4a14-fd959f689ae7_ee6163b8-833f-cb18-e4ff-9d119358769f_cntIdImage_7e490b7c22d7430041256bb3731fd413-e1752234720830.png\" \/>\n\t<meta property=\"og:image:width\" content=\"1500\" \/>\n\t<meta property=\"og:image:height\" content=\"1550\" \/>\n\t<meta property=\"og:image:type\" content=\"image\/png\" \/>\n<meta name=\"twitter:card\" content=\"summary_large_image\" \/>\n<meta name=\"twitter:label1\" content=\"Estimated reading time\" \/>\n\t<meta name=\"twitter:data1\" content=\"1 minute\" \/>\n<script type=\"application\/ld+json\" class=\"yoast-schema-graph\">{\"@context\":\"https:\/\/schema.org\",\"@graph\":[{\"@type\":\"WebPage\",\"@id\":\"https:\/\/invertas.lt\/produktai\/temperaturos-jutikliai\/termopora-su-bajonetine-jungtimi-6x-btf\/\",\"url\":\"https:\/\/invertas.lt\/produktai\/temperaturos-jutikliai\/termopora-su-bajonetine-jungtimi-6x-btf\/\",\"name\":\"Guenther laidin\u0117 termopora 6X-BTF - Invertas\",\"isPartOf\":{\"@id\":\"https:\/\/invertas.lt\/#website\"},\"primaryImageOfPage\":{\"@id\":\"https:\/\/invertas.lt\/produktai\/temperaturos-jutikliai\/termopora-su-bajonetine-jungtimi-6x-btf\/#primaryimage\"},\"image\":{\"@id\":\"https:\/\/invertas.lt\/produktai\/temperaturos-jutikliai\/termopora-su-bajonetine-jungtimi-6x-btf\/#primaryimage\"},\"thumbnailUrl\":\"https:\/\/invertas.lt\/wp-content\/uploads\/2025\/07\/c828a180-b349-a1f6-4a14-fd959f689ae7_ee6163b8-833f-cb18-e4ff-9d119358769f_cntIdImage_7e490b7c22d7430041256bb3731fd413-e1752234720830.png\",\"datePublished\":\"2025-07-10T18:33:51+00:00\",\"dateModified\":\"2025-08-08T15:29:21+00:00\",\"description\":\"Termoporos su bajonetine jungtimi naudojamos temperat\u016bros matavimui plastiko pramon\u0117s ma\u0161in\u0173 blokuose ir liejimo formose.\",\"breadcrumb\":{\"@id\":\"https:\/\/invertas.lt\/produktai\/temperaturos-jutikliai\/termopora-su-bajonetine-jungtimi-6x-btf\/#breadcrumb\"},\"inLanguage\":\"en-GB\",\"potentialAction\":[{\"@type\":\"ReadAction\",\"target\":[\"https:\/\/invertas.lt\/produktai\/temperaturos-jutikliai\/termopora-su-bajonetine-jungtimi-6x-btf\/\"]}]},{\"@type\":\"ImageObject\",\"inLanguage\":\"en-GB\",\"@id\":\"https:\/\/invertas.lt\/produktai\/temperaturos-jutikliai\/termopora-su-bajonetine-jungtimi-6x-btf\/#primaryimage\",\"url\":\"https:\/\/invertas.lt\/wp-content\/uploads\/2025\/07\/c828a180-b349-a1f6-4a14-fd959f689ae7_ee6163b8-833f-cb18-e4ff-9d119358769f_cntIdImage_7e490b7c22d7430041256bb3731fd413-e1752234720830.png\",\"contentUrl\":\"https:\/\/invertas.lt\/wp-content\/uploads\/2025\/07\/c828a180-b349-a1f6-4a14-fd959f689ae7_ee6163b8-833f-cb18-e4ff-9d119358769f_cntIdImage_7e490b7c22d7430041256bb3731fd413-e1752234720830.png\",\"width\":1500,\"height\":1550},{\"@type\":\"BreadcrumbList\",\"@id\":\"https:\/\/invertas.lt\/produktai\/temperaturos-jutikliai\/termopora-su-bajonetine-jungtimi-6x-btf\/#breadcrumb\",\"itemListElement\":[{\"@type\":\"ListItem\",\"position\":1,\"name\":\"Prad\u017eia\",\"item\":\"https:\/\/invertas.lt\/\"},{\"@type\":\"ListItem\",\"position\":2,\"name\":\"Products\",\"item\":\"https:\/\/invertas.lt\/shop\/\"},{\"@type\":\"ListItem\",\"position\":3,\"name\":\"Temperat\u016bros jutikliai\",\"item\":\"https:\/\/invertas.lt\/.\/temperaturos-jutikliai\/\"},{\"@type\":\"ListItem\",\"position\":4,\"name\":\"Guenther laidin\u0117 termopora 6X-BTF\"}]},{\"@type\":\"WebSite\",\"@id\":\"https:\/\/invertas.lt\/#website\",\"url\":\"https:\/\/invertas.lt\/\",\"name\":\"Invertas\",\"description\":\"\",\"publisher\":{\"@id\":\"https:\/\/invertas.lt\/#organization\"},\"potentialAction\":[{\"@type\":\"SearchAction\",\"target\":{\"@type\":\"EntryPoint\",\"urlTemplate\":\"https:\/\/invertas.lt\/?s={search_term_string}\"},\"query-input\":{\"@type\":\"PropertyValueSpecification\",\"valueRequired\":true,\"valueName\":\"search_term_string\"}}],\"inLanguage\":\"en-GB\"},{\"@type\":\"Organization\",\"@id\":\"https:\/\/invertas.lt\/#organization\",\"name\":\"Invertas\",\"url\":\"https:\/\/invertas.lt\/\",\"logo\":{\"@type\":\"ImageObject\",\"inLanguage\":\"en-GB\",\"@id\":\"https:\/\/invertas.lt\/#\/schema\/logo\/image\/\",\"url\":\"https:\/\/invertas.lt\/wp-content\/uploads\/2025\/03\/New-Text-Document-2.svg\",\"contentUrl\":\"https:\/\/invertas.lt\/wp-content\/uploads\/2025\/03\/New-Text-Document-2.svg\",\"width\":140,\"height\":39,\"caption\":\"Invertas\"},\"image\":{\"@id\":\"https:\/\/invertas.lt\/#\/schema\/logo\/image\/\"}}]}<\/script>\n<!-- \/ Yoast SEO plugin. -->","yoast_head_json":{"title":"Guenther laidin\u0117 termopora 6X-BTF - Invertas","description":"Termoporos su bajonetine jungtimi naudojamos temperat\u016bros matavimui plastiko pramon\u0117s ma\u0161in\u0173 blokuose ir liejimo formose.","robots":{"index":"index","follow":"follow","max-snippet":"max-snippet:-1","max-image-preview":"max-image-preview:large","max-video-preview":"max-video-preview:-1"},"canonical":"https:\/\/invertas.lt\/en\/produktai\/temperaturos-jutikliai\/termopora-su-bajonetine-jungtimi-6x-btf\/","og_locale":"en_GB","og_type":"article","og_title":"Guenther laidin\u0117 termopora 6X-BTF - Invertas","og_description":"Termoporos su bajonetine jungtimi naudojamos temperat\u016bros matavimui plastiko pramon\u0117s ma\u0161in\u0173 blokuose ir liejimo formose.","og_url":"https:\/\/invertas.lt\/en\/produktai\/temperaturos-jutikliai\/termopora-su-bajonetine-jungtimi-6x-btf\/","og_site_name":"Invertas","article_modified_time":"2025-08-08T15:29:21+00:00","og_image":[{"width":1500,"height":1550,"url":"https:\/\/invertas.lt\/wp-content\/uploads\/2025\/07\/c828a180-b349-a1f6-4a14-fd959f689ae7_ee6163b8-833f-cb18-e4ff-9d119358769f_cntIdImage_7e490b7c22d7430041256bb3731fd413-e1752234720830.png","type":"image\/png"}],"twitter_card":"summary_large_image","twitter_misc":{"Estimated reading time":"1 minute"},"schema":{"@context":"https:\/\/schema.org","@graph":[{"@type":"WebPage","@id":"https:\/\/invertas.lt\/produktai\/temperaturos-jutikliai\/termopora-su-bajonetine-jungtimi-6x-btf\/","url":"https:\/\/invertas.lt\/produktai\/temperaturos-jutikliai\/termopora-su-bajonetine-jungtimi-6x-btf\/","name":"Guenther laidin\u0117 termopora 6X-BTF - Invertas","isPartOf":{"@id":"https:\/\/invertas.lt\/#website"},"primaryImageOfPage":{"@id":"https:\/\/invertas.lt\/produktai\/temperaturos-jutikliai\/termopora-su-bajonetine-jungtimi-6x-btf\/#primaryimage"},"image":{"@id":"https:\/\/invertas.lt\/produktai\/temperaturos-jutikliai\/termopora-su-bajonetine-jungtimi-6x-btf\/#primaryimage"},"thumbnailUrl":"https:\/\/invertas.lt\/wp-content\/uploads\/2025\/07\/c828a180-b349-a1f6-4a14-fd959f689ae7_ee6163b8-833f-cb18-e4ff-9d119358769f_cntIdImage_7e490b7c22d7430041256bb3731fd413-e1752234720830.png","datePublished":"2025-07-10T18:33:51+00:00","dateModified":"2025-08-08T15:29:21+00:00","description":"Termoporos su bajonetine jungtimi naudojamos temperat\u016bros matavimui plastiko pramon\u0117s ma\u0161in\u0173 blokuose ir liejimo formose.","breadcrumb":{"@id":"https:\/\/invertas.lt\/produktai\/temperaturos-jutikliai\/termopora-su-bajonetine-jungtimi-6x-btf\/#breadcrumb"},"inLanguage":"en-GB","potentialAction":[{"@type":"ReadAction","target":["https:\/\/invertas.lt\/produktai\/temperaturos-jutikliai\/termopora-su-bajonetine-jungtimi-6x-btf\/"]}]},{"@type":"ImageObject","inLanguage":"en-GB","@id":"https:\/\/invertas.lt\/produktai\/temperaturos-jutikliai\/termopora-su-bajonetine-jungtimi-6x-btf\/#primaryimage","url":"https:\/\/invertas.lt\/wp-content\/uploads\/2025\/07\/c828a180-b349-a1f6-4a14-fd959f689ae7_ee6163b8-833f-cb18-e4ff-9d119358769f_cntIdImage_7e490b7c22d7430041256bb3731fd413-e1752234720830.png","contentUrl":"https:\/\/invertas.lt\/wp-content\/uploads\/2025\/07\/c828a180-b349-a1f6-4a14-fd959f689ae7_ee6163b8-833f-cb18-e4ff-9d119358769f_cntIdImage_7e490b7c22d7430041256bb3731fd413-e1752234720830.png","width":1500,"height":1550},{"@type":"BreadcrumbList","@id":"https:\/\/invertas.lt\/produktai\/temperaturos-jutikliai\/termopora-su-bajonetine-jungtimi-6x-btf\/#breadcrumb","itemListElement":[{"@type":"ListItem","position":1,"name":"Prad\u017eia","item":"https:\/\/invertas.lt\/"},{"@type":"ListItem","position":2,"name":"Products","item":"https:\/\/invertas.lt\/shop\/"},{"@type":"ListItem","position":3,"name":"Temperat\u016bros jutikliai","item":"https:\/\/invertas.lt\/.\/temperaturos-jutikliai\/"},{"@type":"ListItem","position":4,"name":"Guenther laidin\u0117 termopora 6X-BTF"}]},{"@type":"WebSite","@id":"https:\/\/invertas.lt\/#website","url":"https:\/\/invertas.lt\/","name":"Invert","description":"","publisher":{"@id":"https:\/\/invertas.lt\/#organization"},"potentialAction":[{"@type":"SearchAction","target":{"@type":"EntryPoint","urlTemplate":"https:\/\/invertas.lt\/?s={search_term_string}"},"query-input":{"@type":"PropertyValueSpecification","valueRequired":true,"valueName":"search_term_string"}}],"inLanguage":"en-GB"},{"@type":"Organization","@id":"https:\/\/invertas.lt\/#organization","name":"Invert","url":"https:\/\/invertas.lt\/","logo":{"@type":"ImageObject","inLanguage":"en-GB","@id":"https:\/\/invertas.lt\/#\/schema\/logo\/image\/","url":"https:\/\/invertas.lt\/wp-content\/uploads\/2025\/03\/New-Text-Document-2.svg","contentUrl":"https:\/\/invertas.lt\/wp-content\/uploads\/2025\/03\/New-Text-Document-2.svg","width":140,"height":39,"caption":"Invertas"},"image":{"@id":"https:\/\/invertas.lt\/#\/schema\/logo\/image\/"}}]}},"_links":{"self":[{"href":"https:\/\/invertas.lt\/en\/wp-json\/wp\/v2\/product\/8205","targetHints":{"allow":["GET"]}}],"collection":[{"href":"https:\/\/invertas.lt\/en\/wp-json\/wp\/v2\/product"}],"about":[{"href":"https:\/\/invertas.lt\/en\/wp-json\/wp\/v2\/types\/product"}],"replies":[{"embeddable":true,"href":"https:\/\/invertas.lt\/en\/wp-json\/wp\/v2\/comments?post=8205"}],"wp:featuredmedia":[{"embeddable":true,"href":"https:\/\/invertas.lt\/en\/wp-json\/wp\/v2\/media\/8206"}],"wp:attachment":[{"href":"https:\/\/invertas.lt\/en\/wp-json\/wp\/v2\/media?parent=8205"}],"wp:term":[{"taxonomy":"product_brand","embeddable":true,"href":"https:\/\/invertas.lt\/en\/wp-json\/wp\/v2\/product_brand?post=8205"},{"taxonomy":"product_cat","embeddable":true,"href":"https:\/\/invertas.lt\/en\/wp-json\/wp\/v2\/product_cat?post=8205"},{"taxonomy":"product_tag","embeddable":true,"href":"https:\/\/invertas.lt\/en\/wp-json\/wp\/v2\/product_tag?post=8205"}],"curies":[{"name":"wp","href":"https:\/\/api.w.org\/{rel}","templated":true}]}}