{"id":8202,"date":"2025-07-10T18:03:24","date_gmt":"2025-07-10T18:03:24","guid":{"rendered":"https:\/\/aurimasb15.sg-host.com\/?post_type=product&#038;p=8202"},"modified":"2025-08-08T15:28:25","modified_gmt":"2025-08-08T15:28:25","slug":"stacio-kampo-termopora-suvirinta-arba-islenkta-is-vieno-segmento-35-wgg","status":"publish","type":"product","link":"https:\/\/invertas.lt\/en\/produktai\/temperaturos-jutikliai\/stacio-kampo-termopora-suvirinta-arba-islenkta-is-vieno-segmento-35-wgg\/","title":{"rendered":"Guenther right angle thermocouple 35-WGG"},"content":{"rendered":"<h3 data-start=\"0\" data-end=\"18\">Fields of application<\/h3>\n<p data-start=\"20\" data-end=\"190\">Right angle thermocouples (35-WCG), welded or bent from a single segment, are widely used for precise temperature control in metal melting and salt bath processes.<\/p>\n<h3 data-start=\"192\" data-end=\"203\">Features<\/h3>\n<ul data-start=\"205\" data-end=\"319\" data-is-last-node=\"\" data-is-only-node=\"\">\n<li data-start=\"205\" data-end=\"240\">\n<p data-start=\"207\" data-end=\"240\">Robust single-segment design<\/p>\n<\/li>\n<li data-start=\"241\" data-end=\"276\">\n<p data-start=\"243\" data-end=\"276\">High temperature resistance<\/p>\n<\/li>\n<li data-start=\"277\" data-end=\"319\" data-is-last-node=\"\">\n<p data-start=\"279\" data-end=\"319\" data-is-last-node=\"\">Reliable operation in aggressive environments<\/p>\n<\/li>\n<\/ul>","protected":false},"excerpt":{"rendered":"<p>Taikymo sritys Sta\u010dio kampo termoporos (35-WCG), suvirintos arba i\u0161lenktos i\u0161 vieno segmento, pla\u010diai taikomos tiksliai temperat\u016bros kontrolei metal\u0173 lydymo ir druskos voni\u0173 procesuose. Savyb\u0117s Tvirtas vieno segmento dizainas Atsparumas auk\u0161tai temperat\u016brai Patikimas veikimas agresyvioje aplinkoje<\/p>","protected":false},"featured_media":8203,"comment_status":"open","ping_status":"closed","template":"","meta":{"_acf_changed":false,"inline_featured_image":false},"product_brand":[],"product_cat":[501],"product_tag":[],"class_list":{"0":"post-8202","1":"product","2":"type-product","3":"status-publish","4":"has-post-thumbnail","6":"product_cat-temperaturos-jutikliai","8":"first","9":"instock","10":"shipping-taxable","11":"purchasable","12":"product-type-simple"},"acf":[],"yoast_head":"<!-- This site is optimized with the Yoast SEO plugin v25.5 - https:\/\/yoast.com\/wordpress\/plugins\/seo\/ -->\n<title>Guenther sta\u010dio kampo termopora 35-WGG - Invertas<\/title>\n<meta name=\"description\" content=\"Sta\u010dio kampo termoporos (35-WCG), suvirintos arba i\u0161lenktos i\u0161 vieno segmento, skirtos temperat\u016bros matavimui metal\u0173 lydymo ir druskos voni\u0173 procesuose.\" \/>\n<meta name=\"robots\" content=\"index, follow, max-snippet:-1, max-image-preview:large, max-video-preview:-1\" \/>\n<link rel=\"canonical\" href=\"https:\/\/invertas.lt\/en\/produktai\/temperaturos-jutikliai\/stacio-kampo-termopora-suvirinta-arba-islenkta-is-vieno-segmento-35-wgg\/\" \/>\n<meta property=\"og:locale\" content=\"en_GB\" \/>\n<meta property=\"og:type\" content=\"article\" \/>\n<meta property=\"og:title\" content=\"Guenther sta\u010dio kampo termopora 35-WGG - Invertas\" \/>\n<meta property=\"og:description\" content=\"Sta\u010dio kampo termoporos (35-WCG), suvirintos arba i\u0161lenktos i\u0161 vieno segmento, skirtos temperat\u016bros matavimui metal\u0173 lydymo ir druskos voni\u0173 procesuose.\" \/>\n<meta property=\"og:url\" content=\"https:\/\/invertas.lt\/en\/produktai\/temperaturos-jutikliai\/stacio-kampo-termopora-suvirinta-arba-islenkta-is-vieno-segmento-35-wgg\/\" \/>\n<meta property=\"og:site_name\" content=\"Invertas\" \/>\n<meta property=\"article:modified_time\" content=\"2025-08-08T15:28:25+00:00\" \/>\n<meta property=\"og:image\" content=\"https:\/\/invertas.lt\/wp-content\/uploads\/2025\/07\/3a42b9bb-2836-2011-45fa-edcb519da9f1_dada94ec-1572-d099-633e-5018c7d5e224_cntIdImage_7e490b7c22d7430041256bb3731fd413-e1752234683641.png\" \/>\n\t<meta property=\"og:image:width\" content=\"1500\" \/>\n\t<meta property=\"og:image:height\" content=\"1500\" \/>\n\t<meta property=\"og:image:type\" content=\"image\/png\" \/>\n<meta name=\"twitter:card\" content=\"summary_large_image\" \/>\n<meta name=\"twitter:label1\" content=\"Estimated reading time\" \/>\n\t<meta name=\"twitter:data1\" content=\"1 minute\" \/>\n<script type=\"application\/ld+json\" class=\"yoast-schema-graph\">{\"@context\":\"https:\/\/schema.org\",\"@graph\":[{\"@type\":\"WebPage\",\"@id\":\"https:\/\/invertas.lt\/produktai\/temperaturos-jutikliai\/stacio-kampo-termopora-suvirinta-arba-islenkta-is-vieno-segmento-35-wgg\/\",\"url\":\"https:\/\/invertas.lt\/produktai\/temperaturos-jutikliai\/stacio-kampo-termopora-suvirinta-arba-islenkta-is-vieno-segmento-35-wgg\/\",\"name\":\"Guenther sta\u010dio kampo termopora 35-WGG - Invertas\",\"isPartOf\":{\"@id\":\"https:\/\/invertas.lt\/#website\"},\"primaryImageOfPage\":{\"@id\":\"https:\/\/invertas.lt\/produktai\/temperaturos-jutikliai\/stacio-kampo-termopora-suvirinta-arba-islenkta-is-vieno-segmento-35-wgg\/#primaryimage\"},\"image\":{\"@id\":\"https:\/\/invertas.lt\/produktai\/temperaturos-jutikliai\/stacio-kampo-termopora-suvirinta-arba-islenkta-is-vieno-segmento-35-wgg\/#primaryimage\"},\"thumbnailUrl\":\"https:\/\/invertas.lt\/wp-content\/uploads\/2025\/07\/3a42b9bb-2836-2011-45fa-edcb519da9f1_dada94ec-1572-d099-633e-5018c7d5e224_cntIdImage_7e490b7c22d7430041256bb3731fd413-e1752234683641.png\",\"datePublished\":\"2025-07-10T18:03:24+00:00\",\"dateModified\":\"2025-08-08T15:28:25+00:00\",\"description\":\"Sta\u010dio kampo termoporos (35-WCG), suvirintos arba i\u0161lenktos i\u0161 vieno segmento, skirtos temperat\u016bros matavimui metal\u0173 lydymo ir druskos voni\u0173 procesuose.\",\"breadcrumb\":{\"@id\":\"https:\/\/invertas.lt\/produktai\/temperaturos-jutikliai\/stacio-kampo-termopora-suvirinta-arba-islenkta-is-vieno-segmento-35-wgg\/#breadcrumb\"},\"inLanguage\":\"en-GB\",\"potentialAction\":[{\"@type\":\"ReadAction\",\"target\":[\"https:\/\/invertas.lt\/produktai\/temperaturos-jutikliai\/stacio-kampo-termopora-suvirinta-arba-islenkta-is-vieno-segmento-35-wgg\/\"]}]},{\"@type\":\"ImageObject\",\"inLanguage\":\"en-GB\",\"@id\":\"https:\/\/invertas.lt\/produktai\/temperaturos-jutikliai\/stacio-kampo-termopora-suvirinta-arba-islenkta-is-vieno-segmento-35-wgg\/#primaryimage\",\"url\":\"https:\/\/invertas.lt\/wp-content\/uploads\/2025\/07\/3a42b9bb-2836-2011-45fa-edcb519da9f1_dada94ec-1572-d099-633e-5018c7d5e224_cntIdImage_7e490b7c22d7430041256bb3731fd413-e1752234683641.png\",\"contentUrl\":\"https:\/\/invertas.lt\/wp-content\/uploads\/2025\/07\/3a42b9bb-2836-2011-45fa-edcb519da9f1_dada94ec-1572-d099-633e-5018c7d5e224_cntIdImage_7e490b7c22d7430041256bb3731fd413-e1752234683641.png\",\"width\":1500,\"height\":1500},{\"@type\":\"BreadcrumbList\",\"@id\":\"https:\/\/invertas.lt\/produktai\/temperaturos-jutikliai\/stacio-kampo-termopora-suvirinta-arba-islenkta-is-vieno-segmento-35-wgg\/#breadcrumb\",\"itemListElement\":[{\"@type\":\"ListItem\",\"position\":1,\"name\":\"Prad\u017eia\",\"item\":\"https:\/\/invertas.lt\/\"},{\"@type\":\"ListItem\",\"position\":2,\"name\":\"Products\",\"item\":\"https:\/\/invertas.lt\/shop\/\"},{\"@type\":\"ListItem\",\"position\":3,\"name\":\"Temperat\u016bros jutikliai\",\"item\":\"https:\/\/invertas.lt\/.\/temperaturos-jutikliai\/\"},{\"@type\":\"ListItem\",\"position\":4,\"name\":\"Guenther sta\u010dio kampo termopora 35-WGG\"}]},{\"@type\":\"WebSite\",\"@id\":\"https:\/\/invertas.lt\/#website\",\"url\":\"https:\/\/invertas.lt\/\",\"name\":\"Invertas\",\"description\":\"\",\"publisher\":{\"@id\":\"https:\/\/invertas.lt\/#organization\"},\"potentialAction\":[{\"@type\":\"SearchAction\",\"target\":{\"@type\":\"EntryPoint\",\"urlTemplate\":\"https:\/\/invertas.lt\/?s={search_term_string}\"},\"query-input\":{\"@type\":\"PropertyValueSpecification\",\"valueRequired\":true,\"valueName\":\"search_term_string\"}}],\"inLanguage\":\"en-GB\"},{\"@type\":\"Organization\",\"@id\":\"https:\/\/invertas.lt\/#organization\",\"name\":\"Invertas\",\"url\":\"https:\/\/invertas.lt\/\",\"logo\":{\"@type\":\"ImageObject\",\"inLanguage\":\"en-GB\",\"@id\":\"https:\/\/invertas.lt\/#\/schema\/logo\/image\/\",\"url\":\"https:\/\/invertas.lt\/wp-content\/uploads\/2025\/03\/New-Text-Document-2.svg\",\"contentUrl\":\"https:\/\/invertas.lt\/wp-content\/uploads\/2025\/03\/New-Text-Document-2.svg\",\"width\":140,\"height\":39,\"caption\":\"Invertas\"},\"image\":{\"@id\":\"https:\/\/invertas.lt\/#\/schema\/logo\/image\/\"}}]}<\/script>\n<!-- \/ Yoast SEO plugin. -->","yoast_head_json":{"title":"Guenther sta\u010dio kampo termopora 35-WGG - Invertas","description":"Sta\u010dio kampo termoporos (35-WCG), suvirintos arba i\u0161lenktos i\u0161 vieno segmento, skirtos temperat\u016bros matavimui metal\u0173 lydymo ir druskos voni\u0173 procesuose.","robots":{"index":"index","follow":"follow","max-snippet":"max-snippet:-1","max-image-preview":"max-image-preview:large","max-video-preview":"max-video-preview:-1"},"canonical":"https:\/\/invertas.lt\/en\/produktai\/temperaturos-jutikliai\/stacio-kampo-termopora-suvirinta-arba-islenkta-is-vieno-segmento-35-wgg\/","og_locale":"en_GB","og_type":"article","og_title":"Guenther sta\u010dio kampo termopora 35-WGG - Invertas","og_description":"Sta\u010dio kampo termoporos (35-WCG), suvirintos arba i\u0161lenktos i\u0161 vieno segmento, skirtos temperat\u016bros matavimui metal\u0173 lydymo ir druskos voni\u0173 procesuose.","og_url":"https:\/\/invertas.lt\/en\/produktai\/temperaturos-jutikliai\/stacio-kampo-termopora-suvirinta-arba-islenkta-is-vieno-segmento-35-wgg\/","og_site_name":"Invertas","article_modified_time":"2025-08-08T15:28:25+00:00","og_image":[{"width":1500,"height":1500,"url":"https:\/\/invertas.lt\/wp-content\/uploads\/2025\/07\/3a42b9bb-2836-2011-45fa-edcb519da9f1_dada94ec-1572-d099-633e-5018c7d5e224_cntIdImage_7e490b7c22d7430041256bb3731fd413-e1752234683641.png","type":"image\/png"}],"twitter_card":"summary_large_image","twitter_misc":{"Estimated reading time":"1 minute"},"schema":{"@context":"https:\/\/schema.org","@graph":[{"@type":"WebPage","@id":"https:\/\/invertas.lt\/produktai\/temperaturos-jutikliai\/stacio-kampo-termopora-suvirinta-arba-islenkta-is-vieno-segmento-35-wgg\/","url":"https:\/\/invertas.lt\/produktai\/temperaturos-jutikliai\/stacio-kampo-termopora-suvirinta-arba-islenkta-is-vieno-segmento-35-wgg\/","name":"Guenther sta\u010dio kampo termopora 35-WGG - Invertas","isPartOf":{"@id":"https:\/\/invertas.lt\/#website"},"primaryImageOfPage":{"@id":"https:\/\/invertas.lt\/produktai\/temperaturos-jutikliai\/stacio-kampo-termopora-suvirinta-arba-islenkta-is-vieno-segmento-35-wgg\/#primaryimage"},"image":{"@id":"https:\/\/invertas.lt\/produktai\/temperaturos-jutikliai\/stacio-kampo-termopora-suvirinta-arba-islenkta-is-vieno-segmento-35-wgg\/#primaryimage"},"thumbnailUrl":"https:\/\/invertas.lt\/wp-content\/uploads\/2025\/07\/3a42b9bb-2836-2011-45fa-edcb519da9f1_dada94ec-1572-d099-633e-5018c7d5e224_cntIdImage_7e490b7c22d7430041256bb3731fd413-e1752234683641.png","datePublished":"2025-07-10T18:03:24+00:00","dateModified":"2025-08-08T15:28:25+00:00","description":"Sta\u010dio kampo termoporos (35-WCG), suvirintos arba i\u0161lenktos i\u0161 vieno segmento, skirtos temperat\u016bros matavimui metal\u0173 lydymo ir druskos voni\u0173 procesuose.","breadcrumb":{"@id":"https:\/\/invertas.lt\/produktai\/temperaturos-jutikliai\/stacio-kampo-termopora-suvirinta-arba-islenkta-is-vieno-segmento-35-wgg\/#breadcrumb"},"inLanguage":"en-GB","potentialAction":[{"@type":"ReadAction","target":["https:\/\/invertas.lt\/produktai\/temperaturos-jutikliai\/stacio-kampo-termopora-suvirinta-arba-islenkta-is-vieno-segmento-35-wgg\/"]}]},{"@type":"ImageObject","inLanguage":"en-GB","@id":"https:\/\/invertas.lt\/produktai\/temperaturos-jutikliai\/stacio-kampo-termopora-suvirinta-arba-islenkta-is-vieno-segmento-35-wgg\/#primaryimage","url":"https:\/\/invertas.lt\/wp-content\/uploads\/2025\/07\/3a42b9bb-2836-2011-45fa-edcb519da9f1_dada94ec-1572-d099-633e-5018c7d5e224_cntIdImage_7e490b7c22d7430041256bb3731fd413-e1752234683641.png","contentUrl":"https:\/\/invertas.lt\/wp-content\/uploads\/2025\/07\/3a42b9bb-2836-2011-45fa-edcb519da9f1_dada94ec-1572-d099-633e-5018c7d5e224_cntIdImage_7e490b7c22d7430041256bb3731fd413-e1752234683641.png","width":1500,"height":1500},{"@type":"BreadcrumbList","@id":"https:\/\/invertas.lt\/produktai\/temperaturos-jutikliai\/stacio-kampo-termopora-suvirinta-arba-islenkta-is-vieno-segmento-35-wgg\/#breadcrumb","itemListElement":[{"@type":"ListItem","position":1,"name":"Prad\u017eia","item":"https:\/\/invertas.lt\/"},{"@type":"ListItem","position":2,"name":"Products","item":"https:\/\/invertas.lt\/shop\/"},{"@type":"ListItem","position":3,"name":"Temperat\u016bros jutikliai","item":"https:\/\/invertas.lt\/.\/temperaturos-jutikliai\/"},{"@type":"ListItem","position":4,"name":"Guenther sta\u010dio kampo termopora 35-WGG"}]},{"@type":"WebSite","@id":"https:\/\/invertas.lt\/#website","url":"https:\/\/invertas.lt\/","name":"Invert","description":"","publisher":{"@id":"https:\/\/invertas.lt\/#organization"},"potentialAction":[{"@type":"SearchAction","target":{"@type":"EntryPoint","urlTemplate":"https:\/\/invertas.lt\/?s={search_term_string}"},"query-input":{"@type":"PropertyValueSpecification","valueRequired":true,"valueName":"search_term_string"}}],"inLanguage":"en-GB"},{"@type":"Organization","@id":"https:\/\/invertas.lt\/#organization","name":"Invert","url":"https:\/\/invertas.lt\/","logo":{"@type":"ImageObject","inLanguage":"en-GB","@id":"https:\/\/invertas.lt\/#\/schema\/logo\/image\/","url":"https:\/\/invertas.lt\/wp-content\/uploads\/2025\/03\/New-Text-Document-2.svg","contentUrl":"https:\/\/invertas.lt\/wp-content\/uploads\/2025\/03\/New-Text-Document-2.svg","width":140,"height":39,"caption":"Invertas"},"image":{"@id":"https:\/\/invertas.lt\/#\/schema\/logo\/image\/"}}]}},"_links":{"self":[{"href":"https:\/\/invertas.lt\/en\/wp-json\/wp\/v2\/product\/8202","targetHints":{"allow":["GET"]}}],"collection":[{"href":"https:\/\/invertas.lt\/en\/wp-json\/wp\/v2\/product"}],"about":[{"href":"https:\/\/invertas.lt\/en\/wp-json\/wp\/v2\/types\/product"}],"replies":[{"embeddable":true,"href":"https:\/\/invertas.lt\/en\/wp-json\/wp\/v2\/comments?post=8202"}],"wp:featuredmedia":[{"embeddable":true,"href":"https:\/\/invertas.lt\/en\/wp-json\/wp\/v2\/media\/8203"}],"wp:attachment":[{"href":"https:\/\/invertas.lt\/en\/wp-json\/wp\/v2\/media?parent=8202"}],"wp:term":[{"taxonomy":"product_brand","embeddable":true,"href":"https:\/\/invertas.lt\/en\/wp-json\/wp\/v2\/product_brand?post=8202"},{"taxonomy":"product_cat","embeddable":true,"href":"https:\/\/invertas.lt\/en\/wp-json\/wp\/v2\/product_cat?post=8202"},{"taxonomy":"product_tag","embeddable":true,"href":"https:\/\/invertas.lt\/en\/wp-json\/wp\/v2\/product_tag?post=8202"}],"curies":[{"name":"wp","href":"https:\/\/api.w.org\/{rel}","templated":true}]}}