{"id":8199,"date":"2025-07-10T17:37:58","date_gmt":"2025-07-10T17:37:58","guid":{"rendered":"https:\/\/aurimasb15.sg-host.com\/?post_type=product&#038;p=8199"},"modified":"2025-08-08T15:27:47","modified_gmt":"2025-08-08T15:27:47","slug":"staciojo-kampo-termopora-su-sriegta-stacio-kampo-jungtimi-30-wte","status":"publish","type":"product","link":"https:\/\/invertas.lt\/en\/produktai\/temperaturos-jutikliai\/staciojo-kampo-termopora-su-sriegta-stacio-kampo-jungtimi-30-wte\/","title":{"rendered":"Guenther right angle thermocouple 30-WTE"},"content":{"rendered":"<h3 data-start=\"0\" data-end=\"18\">Fields of application<\/h3>\n<p data-start=\"20\" data-end=\"191\">Angle thermocouples (30-WTE) are designed for temperature measurement in metal melting and salt bath processes. The materials of the protective tubes are selected according to the process requirements.<\/p>\n<h3 data-start=\"193\" data-end=\"204\">Features<\/h3>\n<ul data-start=\"206\" data-end=\"325\" data-is-last-node=\"\" data-is-only-node=\"\">\n<li data-start=\"206\" data-end=\"240\">\n<p data-start=\"208\" data-end=\"240\">Resistant to high temperatures<\/p>\n<\/li>\n<li data-start=\"241\" data-end=\"282\">\n<p data-start=\"243\" data-end=\"282\">Resistant to various chemical media<\/p>\n<\/li>\n<li data-start=\"283\" data-end=\"325\" data-is-last-node=\"\">\n<p data-start=\"285\" data-end=\"325\" data-is-last-node=\"\">Sturdy threaded elbow type pipe<\/p>\n<\/li>\n<\/ul>","protected":false},"excerpt":{"rendered":"<p>Taikymo sritys Kampin\u0117s termoporos (30-WTE) skirtos temperat\u016bros matavimui metal\u0173 lydymo ir druskos voni\u0173 procesuose. Apsaugini\u0173 vamzd\u017ei\u0173 med\u017eiagos parenkamos pagal proceso reikalavimus. Savyb\u0117s Atsparios auk\u0161tai temperat\u016brai Patvarios \u012fvairioms chemin\u0117ms terp\u0117ms Tvirtas srieginis alk\u016bninio tipo vamzdis<\/p>","protected":false},"featured_media":8200,"comment_status":"open","ping_status":"closed","template":"","meta":{"_acf_changed":false,"inline_featured_image":false},"product_brand":[],"product_cat":[501],"product_tag":[],"class_list":{"0":"post-8199","1":"product","2":"type-product","3":"status-publish","4":"has-post-thumbnail","6":"product_cat-temperaturos-jutikliai","8":"first","9":"instock","10":"shipping-taxable","11":"purchasable","12":"product-type-simple"},"acf":[],"yoast_head":"<!-- This site is optimized with the Yoast SEO plugin v25.5 - https:\/\/yoast.com\/wordpress\/plugins\/seo\/ -->\n<title>Guenther sta\u010diojo kampo termopora 30-WTE - Invertas<\/title>\n<meta name=\"description\" content=\"Kampin\u0117s termoporos (30-WTE) naudojamos temperat\u016bros matavimui metal\u0173 lydymo ir druskos voni\u0173 procesuose, atsparios auk\u0161tai temperat\u016brai ir korozijai.\" \/>\n<meta name=\"robots\" content=\"index, follow, max-snippet:-1, max-image-preview:large, max-video-preview:-1\" \/>\n<link rel=\"canonical\" href=\"https:\/\/invertas.lt\/en\/produktai\/temperaturos-jutikliai\/staciojo-kampo-termopora-su-sriegta-stacio-kampo-jungtimi-30-wte\/\" \/>\n<meta property=\"og:locale\" content=\"en_GB\" \/>\n<meta property=\"og:type\" content=\"article\" \/>\n<meta property=\"og:title\" content=\"Guenther sta\u010diojo kampo termopora 30-WTE - Invertas\" \/>\n<meta property=\"og:description\" content=\"Kampin\u0117s termoporos (30-WTE) naudojamos temperat\u016bros matavimui metal\u0173 lydymo ir druskos voni\u0173 procesuose, atsparios auk\u0161tai temperat\u016brai ir korozijai.\" \/>\n<meta property=\"og:url\" content=\"https:\/\/invertas.lt\/en\/produktai\/temperaturos-jutikliai\/staciojo-kampo-termopora-su-sriegta-stacio-kampo-jungtimi-30-wte\/\" \/>\n<meta property=\"og:site_name\" content=\"Invertas\" \/>\n<meta property=\"article:modified_time\" content=\"2025-08-08T15:27:47+00:00\" \/>\n<meta property=\"og:image\" content=\"https:\/\/invertas.lt\/wp-content\/uploads\/2025\/07\/bb28433f-5aa0-0d26-45b4-42ee70e117ed_78695d58-5d60-3121-c8a8-a4c191abc445_cntIdImage_7e490b7c22d7430041256bb3731fd413-e1752234653464.png\" \/>\n\t<meta property=\"og:image:width\" content=\"1500\" \/>\n\t<meta property=\"og:image:height\" content=\"1500\" \/>\n\t<meta property=\"og:image:type\" content=\"image\/png\" \/>\n<meta name=\"twitter:card\" content=\"summary_large_image\" \/>\n<meta name=\"twitter:label1\" content=\"Estimated reading time\" \/>\n\t<meta name=\"twitter:data1\" content=\"1 minute\" \/>\n<script type=\"application\/ld+json\" class=\"yoast-schema-graph\">{\"@context\":\"https:\/\/schema.org\",\"@graph\":[{\"@type\":\"WebPage\",\"@id\":\"https:\/\/invertas.lt\/produktai\/temperaturos-jutikliai\/staciojo-kampo-termopora-su-sriegta-stacio-kampo-jungtimi-30-wte\/\",\"url\":\"https:\/\/invertas.lt\/produktai\/temperaturos-jutikliai\/staciojo-kampo-termopora-su-sriegta-stacio-kampo-jungtimi-30-wte\/\",\"name\":\"Guenther sta\u010diojo kampo termopora 30-WTE - Invertas\",\"isPartOf\":{\"@id\":\"https:\/\/invertas.lt\/#website\"},\"primaryImageOfPage\":{\"@id\":\"https:\/\/invertas.lt\/produktai\/temperaturos-jutikliai\/staciojo-kampo-termopora-su-sriegta-stacio-kampo-jungtimi-30-wte\/#primaryimage\"},\"image\":{\"@id\":\"https:\/\/invertas.lt\/produktai\/temperaturos-jutikliai\/staciojo-kampo-termopora-su-sriegta-stacio-kampo-jungtimi-30-wte\/#primaryimage\"},\"thumbnailUrl\":\"https:\/\/invertas.lt\/wp-content\/uploads\/2025\/07\/bb28433f-5aa0-0d26-45b4-42ee70e117ed_78695d58-5d60-3121-c8a8-a4c191abc445_cntIdImage_7e490b7c22d7430041256bb3731fd413-e1752234653464.png\",\"datePublished\":\"2025-07-10T17:37:58+00:00\",\"dateModified\":\"2025-08-08T15:27:47+00:00\",\"description\":\"Kampin\u0117s termoporos (30-WTE) naudojamos temperat\u016bros matavimui metal\u0173 lydymo ir druskos voni\u0173 procesuose, atsparios auk\u0161tai temperat\u016brai ir korozijai.\",\"breadcrumb\":{\"@id\":\"https:\/\/invertas.lt\/produktai\/temperaturos-jutikliai\/staciojo-kampo-termopora-su-sriegta-stacio-kampo-jungtimi-30-wte\/#breadcrumb\"},\"inLanguage\":\"en-GB\",\"potentialAction\":[{\"@type\":\"ReadAction\",\"target\":[\"https:\/\/invertas.lt\/produktai\/temperaturos-jutikliai\/staciojo-kampo-termopora-su-sriegta-stacio-kampo-jungtimi-30-wte\/\"]}]},{\"@type\":\"ImageObject\",\"inLanguage\":\"en-GB\",\"@id\":\"https:\/\/invertas.lt\/produktai\/temperaturos-jutikliai\/staciojo-kampo-termopora-su-sriegta-stacio-kampo-jungtimi-30-wte\/#primaryimage\",\"url\":\"https:\/\/invertas.lt\/wp-content\/uploads\/2025\/07\/bb28433f-5aa0-0d26-45b4-42ee70e117ed_78695d58-5d60-3121-c8a8-a4c191abc445_cntIdImage_7e490b7c22d7430041256bb3731fd413-e1752234653464.png\",\"contentUrl\":\"https:\/\/invertas.lt\/wp-content\/uploads\/2025\/07\/bb28433f-5aa0-0d26-45b4-42ee70e117ed_78695d58-5d60-3121-c8a8-a4c191abc445_cntIdImage_7e490b7c22d7430041256bb3731fd413-e1752234653464.png\",\"width\":1500,\"height\":1500},{\"@type\":\"BreadcrumbList\",\"@id\":\"https:\/\/invertas.lt\/produktai\/temperaturos-jutikliai\/staciojo-kampo-termopora-su-sriegta-stacio-kampo-jungtimi-30-wte\/#breadcrumb\",\"itemListElement\":[{\"@type\":\"ListItem\",\"position\":1,\"name\":\"Prad\u017eia\",\"item\":\"https:\/\/invertas.lt\/\"},{\"@type\":\"ListItem\",\"position\":2,\"name\":\"Products\",\"item\":\"https:\/\/invertas.lt\/shop\/\"},{\"@type\":\"ListItem\",\"position\":3,\"name\":\"Temperat\u016bros jutikliai\",\"item\":\"https:\/\/invertas.lt\/.\/temperaturos-jutikliai\/\"},{\"@type\":\"ListItem\",\"position\":4,\"name\":\"Guenther sta\u010diojo kampo termopora 30-WTE\"}]},{\"@type\":\"WebSite\",\"@id\":\"https:\/\/invertas.lt\/#website\",\"url\":\"https:\/\/invertas.lt\/\",\"name\":\"Invertas\",\"description\":\"\",\"publisher\":{\"@id\":\"https:\/\/invertas.lt\/#organization\"},\"potentialAction\":[{\"@type\":\"SearchAction\",\"target\":{\"@type\":\"EntryPoint\",\"urlTemplate\":\"https:\/\/invertas.lt\/?s={search_term_string}\"},\"query-input\":{\"@type\":\"PropertyValueSpecification\",\"valueRequired\":true,\"valueName\":\"search_term_string\"}}],\"inLanguage\":\"en-GB\"},{\"@type\":\"Organization\",\"@id\":\"https:\/\/invertas.lt\/#organization\",\"name\":\"Invertas\",\"url\":\"https:\/\/invertas.lt\/\",\"logo\":{\"@type\":\"ImageObject\",\"inLanguage\":\"en-GB\",\"@id\":\"https:\/\/invertas.lt\/#\/schema\/logo\/image\/\",\"url\":\"https:\/\/invertas.lt\/wp-content\/uploads\/2025\/03\/New-Text-Document-2.svg\",\"contentUrl\":\"https:\/\/invertas.lt\/wp-content\/uploads\/2025\/03\/New-Text-Document-2.svg\",\"width\":140,\"height\":39,\"caption\":\"Invertas\"},\"image\":{\"@id\":\"https:\/\/invertas.lt\/#\/schema\/logo\/image\/\"}}]}<\/script>\n<!-- \/ Yoast SEO plugin. -->","yoast_head_json":{"title":"Guenther sta\u010diojo kampo termopora 30-WTE - Invertas","description":"Kampin\u0117s termoporos (30-WTE) naudojamos temperat\u016bros matavimui metal\u0173 lydymo ir druskos voni\u0173 procesuose, atsparios auk\u0161tai temperat\u016brai ir korozijai.","robots":{"index":"index","follow":"follow","max-snippet":"max-snippet:-1","max-image-preview":"max-image-preview:large","max-video-preview":"max-video-preview:-1"},"canonical":"https:\/\/invertas.lt\/en\/produktai\/temperaturos-jutikliai\/staciojo-kampo-termopora-su-sriegta-stacio-kampo-jungtimi-30-wte\/","og_locale":"en_GB","og_type":"article","og_title":"Guenther sta\u010diojo kampo termopora 30-WTE - Invertas","og_description":"Kampin\u0117s termoporos (30-WTE) naudojamos temperat\u016bros matavimui metal\u0173 lydymo ir druskos voni\u0173 procesuose, atsparios auk\u0161tai temperat\u016brai ir korozijai.","og_url":"https:\/\/invertas.lt\/en\/produktai\/temperaturos-jutikliai\/staciojo-kampo-termopora-su-sriegta-stacio-kampo-jungtimi-30-wte\/","og_site_name":"Invertas","article_modified_time":"2025-08-08T15:27:47+00:00","og_image":[{"width":1500,"height":1500,"url":"https:\/\/invertas.lt\/wp-content\/uploads\/2025\/07\/bb28433f-5aa0-0d26-45b4-42ee70e117ed_78695d58-5d60-3121-c8a8-a4c191abc445_cntIdImage_7e490b7c22d7430041256bb3731fd413-e1752234653464.png","type":"image\/png"}],"twitter_card":"summary_large_image","twitter_misc":{"Estimated reading time":"1 minute"},"schema":{"@context":"https:\/\/schema.org","@graph":[{"@type":"WebPage","@id":"https:\/\/invertas.lt\/produktai\/temperaturos-jutikliai\/staciojo-kampo-termopora-su-sriegta-stacio-kampo-jungtimi-30-wte\/","url":"https:\/\/invertas.lt\/produktai\/temperaturos-jutikliai\/staciojo-kampo-termopora-su-sriegta-stacio-kampo-jungtimi-30-wte\/","name":"Guenther sta\u010diojo kampo termopora 30-WTE - Invertas","isPartOf":{"@id":"https:\/\/invertas.lt\/#website"},"primaryImageOfPage":{"@id":"https:\/\/invertas.lt\/produktai\/temperaturos-jutikliai\/staciojo-kampo-termopora-su-sriegta-stacio-kampo-jungtimi-30-wte\/#primaryimage"},"image":{"@id":"https:\/\/invertas.lt\/produktai\/temperaturos-jutikliai\/staciojo-kampo-termopora-su-sriegta-stacio-kampo-jungtimi-30-wte\/#primaryimage"},"thumbnailUrl":"https:\/\/invertas.lt\/wp-content\/uploads\/2025\/07\/bb28433f-5aa0-0d26-45b4-42ee70e117ed_78695d58-5d60-3121-c8a8-a4c191abc445_cntIdImage_7e490b7c22d7430041256bb3731fd413-e1752234653464.png","datePublished":"2025-07-10T17:37:58+00:00","dateModified":"2025-08-08T15:27:47+00:00","description":"Kampin\u0117s termoporos (30-WTE) naudojamos temperat\u016bros matavimui metal\u0173 lydymo ir druskos voni\u0173 procesuose, atsparios auk\u0161tai temperat\u016brai ir korozijai.","breadcrumb":{"@id":"https:\/\/invertas.lt\/produktai\/temperaturos-jutikliai\/staciojo-kampo-termopora-su-sriegta-stacio-kampo-jungtimi-30-wte\/#breadcrumb"},"inLanguage":"en-GB","potentialAction":[{"@type":"ReadAction","target":["https:\/\/invertas.lt\/produktai\/temperaturos-jutikliai\/staciojo-kampo-termopora-su-sriegta-stacio-kampo-jungtimi-30-wte\/"]}]},{"@type":"ImageObject","inLanguage":"en-GB","@id":"https:\/\/invertas.lt\/produktai\/temperaturos-jutikliai\/staciojo-kampo-termopora-su-sriegta-stacio-kampo-jungtimi-30-wte\/#primaryimage","url":"https:\/\/invertas.lt\/wp-content\/uploads\/2025\/07\/bb28433f-5aa0-0d26-45b4-42ee70e117ed_78695d58-5d60-3121-c8a8-a4c191abc445_cntIdImage_7e490b7c22d7430041256bb3731fd413-e1752234653464.png","contentUrl":"https:\/\/invertas.lt\/wp-content\/uploads\/2025\/07\/bb28433f-5aa0-0d26-45b4-42ee70e117ed_78695d58-5d60-3121-c8a8-a4c191abc445_cntIdImage_7e490b7c22d7430041256bb3731fd413-e1752234653464.png","width":1500,"height":1500},{"@type":"BreadcrumbList","@id":"https:\/\/invertas.lt\/produktai\/temperaturos-jutikliai\/staciojo-kampo-termopora-su-sriegta-stacio-kampo-jungtimi-30-wte\/#breadcrumb","itemListElement":[{"@type":"ListItem","position":1,"name":"Prad\u017eia","item":"https:\/\/invertas.lt\/"},{"@type":"ListItem","position":2,"name":"Products","item":"https:\/\/invertas.lt\/shop\/"},{"@type":"ListItem","position":3,"name":"Temperat\u016bros jutikliai","item":"https:\/\/invertas.lt\/.\/temperaturos-jutikliai\/"},{"@type":"ListItem","position":4,"name":"Guenther sta\u010diojo kampo termopora 30-WTE"}]},{"@type":"WebSite","@id":"https:\/\/invertas.lt\/#website","url":"https:\/\/invertas.lt\/","name":"Invert","description":"","publisher":{"@id":"https:\/\/invertas.lt\/#organization"},"potentialAction":[{"@type":"SearchAction","target":{"@type":"EntryPoint","urlTemplate":"https:\/\/invertas.lt\/?s={search_term_string}"},"query-input":{"@type":"PropertyValueSpecification","valueRequired":true,"valueName":"search_term_string"}}],"inLanguage":"en-GB"},{"@type":"Organization","@id":"https:\/\/invertas.lt\/#organization","name":"Invert","url":"https:\/\/invertas.lt\/","logo":{"@type":"ImageObject","inLanguage":"en-GB","@id":"https:\/\/invertas.lt\/#\/schema\/logo\/image\/","url":"https:\/\/invertas.lt\/wp-content\/uploads\/2025\/03\/New-Text-Document-2.svg","contentUrl":"https:\/\/invertas.lt\/wp-content\/uploads\/2025\/03\/New-Text-Document-2.svg","width":140,"height":39,"caption":"Invertas"},"image":{"@id":"https:\/\/invertas.lt\/#\/schema\/logo\/image\/"}}]}},"_links":{"self":[{"href":"https:\/\/invertas.lt\/en\/wp-json\/wp\/v2\/product\/8199","targetHints":{"allow":["GET"]}}],"collection":[{"href":"https:\/\/invertas.lt\/en\/wp-json\/wp\/v2\/product"}],"about":[{"href":"https:\/\/invertas.lt\/en\/wp-json\/wp\/v2\/types\/product"}],"replies":[{"embeddable":true,"href":"https:\/\/invertas.lt\/en\/wp-json\/wp\/v2\/comments?post=8199"}],"wp:featuredmedia":[{"embeddable":true,"href":"https:\/\/invertas.lt\/en\/wp-json\/wp\/v2\/media\/8200"}],"wp:attachment":[{"href":"https:\/\/invertas.lt\/en\/wp-json\/wp\/v2\/media?parent=8199"}],"wp:term":[{"taxonomy":"product_brand","embeddable":true,"href":"https:\/\/invertas.lt\/en\/wp-json\/wp\/v2\/product_brand?post=8199"},{"taxonomy":"product_cat","embeddable":true,"href":"https:\/\/invertas.lt\/en\/wp-json\/wp\/v2\/product_cat?post=8199"},{"taxonomy":"product_tag","embeddable":true,"href":"https:\/\/invertas.lt\/en\/wp-json\/wp\/v2\/product_tag?post=8199"}],"curies":[{"name":"wp","href":"https:\/\/api.w.org\/{rel}","templated":true}]}}