{"id":8190,"date":"2025-07-10T14:05:28","date_gmt":"2025-07-10T14:05:28","guid":{"rendered":"https:\/\/aurimasb15.sg-host.com\/?post_type=product&#038;p=8190"},"modified":"2025-08-08T15:25:01","modified_gmt":"2025-08-08T15:25:01","slug":"termopora-su-mineraline-izoliacija-ir-keraminiu-apsauginiu-vamzdziu-15-tkm","status":"publish","type":"product","link":"https:\/\/invertas.lt\/en\/produktai\/temperaturos-jutikliai\/termopora-su-mineraline-izoliacija-ir-keraminiu-apsauginiu-vamzdziu-15-tkm\/","title":{"rendered":"Guenther thermocouple 15-TKM"},"content":{"rendered":"<h3 data-start=\"41\" data-end=\"59\">Fields of application<\/h3>\n<p data-start=\"61\" data-end=\"240\">Thermocouple assemblies with ceramic protection tube and mineral insulated sensors (15-TKM) are designed for temperature measurement up to 1200 \u00b0C, mainly in gaseous media.<\/p>\n<h3 data-start=\"242\" data-end=\"253\">Features<\/h3>\n<ul data-start=\"255\" data-end=\"375\" data-is-last-node=\"\" data-is-only-node=\"\">\n<li data-start=\"255\" data-end=\"290\">\n<p data-start=\"257\" data-end=\"290\">High temperature resistance<\/p>\n<\/li>\n<li data-start=\"291\" data-end=\"329\">\n<p data-start=\"293\" data-end=\"329\">Excellent insulation and durability<\/p>\n<\/li>\n<li data-start=\"330\" data-end=\"375\" data-is-last-node=\"\">\n<p data-start=\"332\" data-end=\"375\" data-is-last-node=\"\">Resistance to corrosion and chemical attack<\/p>\n<\/li>\n<\/ul>","protected":false},"excerpt":{"rendered":"<p>Taikymo sritys Termopor\u0173 surinkimai su keraminiu apsauginiu vamzd\u017eiu ir mineraline izoliacija dengtais jutikliais (15-TKM) skirti temperat\u016bros matavimui iki 1200\u202f\u00b0C, daugiausia dujin\u0117se terp\u0117se. Savyb\u0117s Auk\u0161tas temperat\u016bros atsparumas Puiki izoliacija ir ilgaam\u017ei\u0161kumas Atsparumas korozijai ir cheminiam poveikiui<\/p>","protected":false},"featured_media":8191,"comment_status":"open","ping_status":"closed","template":"","meta":{"_acf_changed":false,"inline_featured_image":false},"product_brand":[],"product_cat":[501],"product_tag":[],"class_list":{"0":"post-8190","1":"product","2":"type-product","3":"status-publish","4":"has-post-thumbnail","6":"product_cat-temperaturos-jutikliai","8":"first","9":"instock","10":"shipping-taxable","11":"purchasable","12":"product-type-simple"},"acf":[],"yoast_head":"<!-- This site is optimized with the Yoast SEO plugin v25.5 - https:\/\/yoast.com\/wordpress\/plugins\/seo\/ -->\n<title>Guenther termopora 15-TKM - Invertas<\/title>\n<meta name=\"description\" content=\"Termoporinis jutiklis su keraminiu apsauginiu vamzd\u017eiu ir mineraline izoliacija (15-TKM) skirti temperat\u016bros matavimui iki 1200\u202f\u00b0C.\" \/>\n<meta name=\"robots\" content=\"index, follow, max-snippet:-1, max-image-preview:large, max-video-preview:-1\" \/>\n<link rel=\"canonical\" href=\"https:\/\/invertas.lt\/en\/produktai\/temperaturos-jutikliai\/termopora-su-mineraline-izoliacija-ir-keraminiu-apsauginiu-vamzdziu-15-tkm\/\" \/>\n<meta property=\"og:locale\" content=\"en_GB\" \/>\n<meta property=\"og:type\" content=\"article\" \/>\n<meta property=\"og:title\" content=\"Guenther termopora 15-TKM - Invertas\" \/>\n<meta property=\"og:description\" content=\"Termoporinis jutiklis su keraminiu apsauginiu vamzd\u017eiu ir mineraline izoliacija (15-TKM) skirti temperat\u016bros matavimui iki 1200\u202f\u00b0C.\" \/>\n<meta property=\"og:url\" content=\"https:\/\/invertas.lt\/en\/produktai\/temperaturos-jutikliai\/termopora-su-mineraline-izoliacija-ir-keraminiu-apsauginiu-vamzdziu-15-tkm\/\" \/>\n<meta property=\"og:site_name\" content=\"Invertas\" \/>\n<meta property=\"article:modified_time\" content=\"2025-08-08T15:25:01+00:00\" \/>\n<meta property=\"og:image\" content=\"https:\/\/invertas.lt\/wp-content\/uploads\/2025\/07\/21d35794-e22d-1ab5-d783-84f6a7cd28a7_170d3bc5-77ec-0959-7d7f-a4d5e2b73719_cntIdImage_7e490b7c22d7430041256bb3731fd413-e1752234569468.png\" \/>\n\t<meta property=\"og:image:width\" content=\"1500\" \/>\n\t<meta property=\"og:image:height\" content=\"1500\" \/>\n\t<meta property=\"og:image:type\" content=\"image\/png\" \/>\n<meta name=\"twitter:card\" content=\"summary_large_image\" \/>\n<meta name=\"twitter:label1\" content=\"Estimated reading time\" \/>\n\t<meta name=\"twitter:data1\" content=\"1 minute\" \/>\n<script type=\"application\/ld+json\" class=\"yoast-schema-graph\">{\"@context\":\"https:\/\/schema.org\",\"@graph\":[{\"@type\":\"WebPage\",\"@id\":\"https:\/\/invertas.lt\/produktai\/temperaturos-jutikliai\/termopora-su-mineraline-izoliacija-ir-keraminiu-apsauginiu-vamzdziu-15-tkm\/\",\"url\":\"https:\/\/invertas.lt\/produktai\/temperaturos-jutikliai\/termopora-su-mineraline-izoliacija-ir-keraminiu-apsauginiu-vamzdziu-15-tkm\/\",\"name\":\"Guenther termopora 15-TKM - Invertas\",\"isPartOf\":{\"@id\":\"https:\/\/invertas.lt\/#website\"},\"primaryImageOfPage\":{\"@id\":\"https:\/\/invertas.lt\/produktai\/temperaturos-jutikliai\/termopora-su-mineraline-izoliacija-ir-keraminiu-apsauginiu-vamzdziu-15-tkm\/#primaryimage\"},\"image\":{\"@id\":\"https:\/\/invertas.lt\/produktai\/temperaturos-jutikliai\/termopora-su-mineraline-izoliacija-ir-keraminiu-apsauginiu-vamzdziu-15-tkm\/#primaryimage\"},\"thumbnailUrl\":\"https:\/\/invertas.lt\/wp-content\/uploads\/2025\/07\/21d35794-e22d-1ab5-d783-84f6a7cd28a7_170d3bc5-77ec-0959-7d7f-a4d5e2b73719_cntIdImage_7e490b7c22d7430041256bb3731fd413-e1752234569468.png\",\"datePublished\":\"2025-07-10T14:05:28+00:00\",\"dateModified\":\"2025-08-08T15:25:01+00:00\",\"description\":\"Termoporinis jutiklis su keraminiu apsauginiu vamzd\u017eiu ir mineraline izoliacija (15-TKM) skirti temperat\u016bros matavimui iki 1200\u202f\u00b0C.\",\"breadcrumb\":{\"@id\":\"https:\/\/invertas.lt\/produktai\/temperaturos-jutikliai\/termopora-su-mineraline-izoliacija-ir-keraminiu-apsauginiu-vamzdziu-15-tkm\/#breadcrumb\"},\"inLanguage\":\"en-GB\",\"potentialAction\":[{\"@type\":\"ReadAction\",\"target\":[\"https:\/\/invertas.lt\/produktai\/temperaturos-jutikliai\/termopora-su-mineraline-izoliacija-ir-keraminiu-apsauginiu-vamzdziu-15-tkm\/\"]}]},{\"@type\":\"ImageObject\",\"inLanguage\":\"en-GB\",\"@id\":\"https:\/\/invertas.lt\/produktai\/temperaturos-jutikliai\/termopora-su-mineraline-izoliacija-ir-keraminiu-apsauginiu-vamzdziu-15-tkm\/#primaryimage\",\"url\":\"https:\/\/invertas.lt\/wp-content\/uploads\/2025\/07\/21d35794-e22d-1ab5-d783-84f6a7cd28a7_170d3bc5-77ec-0959-7d7f-a4d5e2b73719_cntIdImage_7e490b7c22d7430041256bb3731fd413-e1752234569468.png\",\"contentUrl\":\"https:\/\/invertas.lt\/wp-content\/uploads\/2025\/07\/21d35794-e22d-1ab5-d783-84f6a7cd28a7_170d3bc5-77ec-0959-7d7f-a4d5e2b73719_cntIdImage_7e490b7c22d7430041256bb3731fd413-e1752234569468.png\",\"width\":1500,\"height\":1500},{\"@type\":\"BreadcrumbList\",\"@id\":\"https:\/\/invertas.lt\/produktai\/temperaturos-jutikliai\/termopora-su-mineraline-izoliacija-ir-keraminiu-apsauginiu-vamzdziu-15-tkm\/#breadcrumb\",\"itemListElement\":[{\"@type\":\"ListItem\",\"position\":1,\"name\":\"Prad\u017eia\",\"item\":\"https:\/\/invertas.lt\/\"},{\"@type\":\"ListItem\",\"position\":2,\"name\":\"Products\",\"item\":\"https:\/\/invertas.lt\/shop\/\"},{\"@type\":\"ListItem\",\"position\":3,\"name\":\"Temperat\u016bros jutikliai\",\"item\":\"https:\/\/invertas.lt\/.\/temperaturos-jutikliai\/\"},{\"@type\":\"ListItem\",\"position\":4,\"name\":\"Guenther termopora 15-TKM\"}]},{\"@type\":\"WebSite\",\"@id\":\"https:\/\/invertas.lt\/#website\",\"url\":\"https:\/\/invertas.lt\/\",\"name\":\"Invertas\",\"description\":\"\",\"publisher\":{\"@id\":\"https:\/\/invertas.lt\/#organization\"},\"potentialAction\":[{\"@type\":\"SearchAction\",\"target\":{\"@type\":\"EntryPoint\",\"urlTemplate\":\"https:\/\/invertas.lt\/?s={search_term_string}\"},\"query-input\":{\"@type\":\"PropertyValueSpecification\",\"valueRequired\":true,\"valueName\":\"search_term_string\"}}],\"inLanguage\":\"en-GB\"},{\"@type\":\"Organization\",\"@id\":\"https:\/\/invertas.lt\/#organization\",\"name\":\"Invertas\",\"url\":\"https:\/\/invertas.lt\/\",\"logo\":{\"@type\":\"ImageObject\",\"inLanguage\":\"en-GB\",\"@id\":\"https:\/\/invertas.lt\/#\/schema\/logo\/image\/\",\"url\":\"https:\/\/invertas.lt\/wp-content\/uploads\/2025\/03\/New-Text-Document-2.svg\",\"contentUrl\":\"https:\/\/invertas.lt\/wp-content\/uploads\/2025\/03\/New-Text-Document-2.svg\",\"width\":140,\"height\":39,\"caption\":\"Invertas\"},\"image\":{\"@id\":\"https:\/\/invertas.lt\/#\/schema\/logo\/image\/\"}}]}<\/script>\n<!-- \/ Yoast SEO plugin. -->","yoast_head_json":{"title":"Guenther termopora 15-TKM - Invertas","description":"Termoporinis jutiklis su keraminiu apsauginiu vamzd\u017eiu ir mineraline izoliacija (15-TKM) skirti temperat\u016bros matavimui iki 1200\u202f\u00b0C.","robots":{"index":"index","follow":"follow","max-snippet":"max-snippet:-1","max-image-preview":"max-image-preview:large","max-video-preview":"max-video-preview:-1"},"canonical":"https:\/\/invertas.lt\/en\/produktai\/temperaturos-jutikliai\/termopora-su-mineraline-izoliacija-ir-keraminiu-apsauginiu-vamzdziu-15-tkm\/","og_locale":"en_GB","og_type":"article","og_title":"Guenther termopora 15-TKM - Invertas","og_description":"Termoporinis jutiklis su keraminiu apsauginiu vamzd\u017eiu ir mineraline izoliacija (15-TKM) skirti temperat\u016bros matavimui iki 1200\u202f\u00b0C.","og_url":"https:\/\/invertas.lt\/en\/produktai\/temperaturos-jutikliai\/termopora-su-mineraline-izoliacija-ir-keraminiu-apsauginiu-vamzdziu-15-tkm\/","og_site_name":"Invertas","article_modified_time":"2025-08-08T15:25:01+00:00","og_image":[{"width":1500,"height":1500,"url":"https:\/\/invertas.lt\/wp-content\/uploads\/2025\/07\/21d35794-e22d-1ab5-d783-84f6a7cd28a7_170d3bc5-77ec-0959-7d7f-a4d5e2b73719_cntIdImage_7e490b7c22d7430041256bb3731fd413-e1752234569468.png","type":"image\/png"}],"twitter_card":"summary_large_image","twitter_misc":{"Estimated reading time":"1 minute"},"schema":{"@context":"https:\/\/schema.org","@graph":[{"@type":"WebPage","@id":"https:\/\/invertas.lt\/produktai\/temperaturos-jutikliai\/termopora-su-mineraline-izoliacija-ir-keraminiu-apsauginiu-vamzdziu-15-tkm\/","url":"https:\/\/invertas.lt\/produktai\/temperaturos-jutikliai\/termopora-su-mineraline-izoliacija-ir-keraminiu-apsauginiu-vamzdziu-15-tkm\/","name":"Guenther termopora 15-TKM - Invertas","isPartOf":{"@id":"https:\/\/invertas.lt\/#website"},"primaryImageOfPage":{"@id":"https:\/\/invertas.lt\/produktai\/temperaturos-jutikliai\/termopora-su-mineraline-izoliacija-ir-keraminiu-apsauginiu-vamzdziu-15-tkm\/#primaryimage"},"image":{"@id":"https:\/\/invertas.lt\/produktai\/temperaturos-jutikliai\/termopora-su-mineraline-izoliacija-ir-keraminiu-apsauginiu-vamzdziu-15-tkm\/#primaryimage"},"thumbnailUrl":"https:\/\/invertas.lt\/wp-content\/uploads\/2025\/07\/21d35794-e22d-1ab5-d783-84f6a7cd28a7_170d3bc5-77ec-0959-7d7f-a4d5e2b73719_cntIdImage_7e490b7c22d7430041256bb3731fd413-e1752234569468.png","datePublished":"2025-07-10T14:05:28+00:00","dateModified":"2025-08-08T15:25:01+00:00","description":"Termoporinis jutiklis su keraminiu apsauginiu vamzd\u017eiu ir mineraline izoliacija (15-TKM) skirti temperat\u016bros matavimui iki 1200\u202f\u00b0C.","breadcrumb":{"@id":"https:\/\/invertas.lt\/produktai\/temperaturos-jutikliai\/termopora-su-mineraline-izoliacija-ir-keraminiu-apsauginiu-vamzdziu-15-tkm\/#breadcrumb"},"inLanguage":"en-GB","potentialAction":[{"@type":"ReadAction","target":["https:\/\/invertas.lt\/produktai\/temperaturos-jutikliai\/termopora-su-mineraline-izoliacija-ir-keraminiu-apsauginiu-vamzdziu-15-tkm\/"]}]},{"@type":"ImageObject","inLanguage":"en-GB","@id":"https:\/\/invertas.lt\/produktai\/temperaturos-jutikliai\/termopora-su-mineraline-izoliacija-ir-keraminiu-apsauginiu-vamzdziu-15-tkm\/#primaryimage","url":"https:\/\/invertas.lt\/wp-content\/uploads\/2025\/07\/21d35794-e22d-1ab5-d783-84f6a7cd28a7_170d3bc5-77ec-0959-7d7f-a4d5e2b73719_cntIdImage_7e490b7c22d7430041256bb3731fd413-e1752234569468.png","contentUrl":"https:\/\/invertas.lt\/wp-content\/uploads\/2025\/07\/21d35794-e22d-1ab5-d783-84f6a7cd28a7_170d3bc5-77ec-0959-7d7f-a4d5e2b73719_cntIdImage_7e490b7c22d7430041256bb3731fd413-e1752234569468.png","width":1500,"height":1500},{"@type":"BreadcrumbList","@id":"https:\/\/invertas.lt\/produktai\/temperaturos-jutikliai\/termopora-su-mineraline-izoliacija-ir-keraminiu-apsauginiu-vamzdziu-15-tkm\/#breadcrumb","itemListElement":[{"@type":"ListItem","position":1,"name":"Prad\u017eia","item":"https:\/\/invertas.lt\/"},{"@type":"ListItem","position":2,"name":"Products","item":"https:\/\/invertas.lt\/shop\/"},{"@type":"ListItem","position":3,"name":"Temperat\u016bros jutikliai","item":"https:\/\/invertas.lt\/.\/temperaturos-jutikliai\/"},{"@type":"ListItem","position":4,"name":"Guenther termopora 15-TKM"}]},{"@type":"WebSite","@id":"https:\/\/invertas.lt\/#website","url":"https:\/\/invertas.lt\/","name":"Invert","description":"","publisher":{"@id":"https:\/\/invertas.lt\/#organization"},"potentialAction":[{"@type":"SearchAction","target":{"@type":"EntryPoint","urlTemplate":"https:\/\/invertas.lt\/?s={search_term_string}"},"query-input":{"@type":"PropertyValueSpecification","valueRequired":true,"valueName":"search_term_string"}}],"inLanguage":"en-GB"},{"@type":"Organization","@id":"https:\/\/invertas.lt\/#organization","name":"Invert","url":"https:\/\/invertas.lt\/","logo":{"@type":"ImageObject","inLanguage":"en-GB","@id":"https:\/\/invertas.lt\/#\/schema\/logo\/image\/","url":"https:\/\/invertas.lt\/wp-content\/uploads\/2025\/03\/New-Text-Document-2.svg","contentUrl":"https:\/\/invertas.lt\/wp-content\/uploads\/2025\/03\/New-Text-Document-2.svg","width":140,"height":39,"caption":"Invertas"},"image":{"@id":"https:\/\/invertas.lt\/#\/schema\/logo\/image\/"}}]}},"_links":{"self":[{"href":"https:\/\/invertas.lt\/en\/wp-json\/wp\/v2\/product\/8190","targetHints":{"allow":["GET"]}}],"collection":[{"href":"https:\/\/invertas.lt\/en\/wp-json\/wp\/v2\/product"}],"about":[{"href":"https:\/\/invertas.lt\/en\/wp-json\/wp\/v2\/types\/product"}],"replies":[{"embeddable":true,"href":"https:\/\/invertas.lt\/en\/wp-json\/wp\/v2\/comments?post=8190"}],"wp:featuredmedia":[{"embeddable":true,"href":"https:\/\/invertas.lt\/en\/wp-json\/wp\/v2\/media\/8191"}],"wp:attachment":[{"href":"https:\/\/invertas.lt\/en\/wp-json\/wp\/v2\/media?parent=8190"}],"wp:term":[{"taxonomy":"product_brand","embeddable":true,"href":"https:\/\/invertas.lt\/en\/wp-json\/wp\/v2\/product_brand?post=8190"},{"taxonomy":"product_cat","embeddable":true,"href":"https:\/\/invertas.lt\/en\/wp-json\/wp\/v2\/product_cat?post=8190"},{"taxonomy":"product_tag","embeddable":true,"href":"https:\/\/invertas.lt\/en\/wp-json\/wp\/v2\/product_tag?post=8190"}],"curies":[{"name":"wp","href":"https:\/\/api.w.org\/{rel}","templated":true}]}}