{"id":8187,"date":"2025-07-10T13:48:18","date_gmt":"2025-07-10T13:48:18","guid":{"rendered":"https:\/\/aurimasb15.sg-host.com\/?post_type=product&#038;p=8187"},"modified":"2025-08-08T15:23:32","modified_gmt":"2025-08-08T15:23:32","slug":"sriegine-termopora-14-tes","status":"publish","type":"product","link":"https:\/\/invertas.lt\/en\/produktai\/temperaturos-jutikliai\/sriegine-termopora-14-tes\/","title":{"rendered":"Guenther threaded thermocouple 14-TES"},"content":{"rendered":"<h3 data-start=\"41\" data-end=\"59\">Fields of application<\/h3>\n<p data-start=\"61\" data-end=\"255\">Threaded thermocouple assemblies (14-TES) are designed for temperature measurement in low-pressure gaseous, liquid and plastic media up to 1200 \u00b0C, depending on the protective tube and environmental conditions.<\/p>\n<h3 data-start=\"257\" data-end=\"268\">Features<\/h3>\n<ul data-start=\"270\" data-end=\"396\" data-is-last-node=\"\" data-is-only-node=\"\">\n<li data-start=\"270\" data-end=\"305\">\n<p data-start=\"272\" data-end=\"305\">Reliable threaded fastening<\/p>\n<\/li>\n<li data-start=\"306\" data-end=\"353\">\n<p data-start=\"308\" data-end=\"353\">Resistance to corrosion and chemical attack<\/p>\n<\/li>\n<li data-start=\"354\" data-end=\"396\" data-is-last-node=\"\">\n<p data-start=\"356\" data-end=\"396\" data-is-last-node=\"\">Wide temperature range measurement<\/p>\n<\/li>\n<\/ul>","protected":false},"excerpt":{"rendered":"<p>Taikymo sritys Sriegini\u0173 termopor\u0173 surinkimai (14-TES) skirti temperat\u016bros matavimui \u017eemo sl\u0117gio dujin\u0117se, skystose ir plastikin\u0117se terp\u0117se iki 1200\u202f\u00b0C, priklausomai nuo apsauginio vamzd\u017eio ir aplinkos s\u0105lyg\u0173. Savyb\u0117s Patikimas srieginis tvirtinimas Atsparumas korozijai ir cheminiam poveikiui Plataus temperat\u016bros diapazono matavimas<\/p>","protected":false},"featured_media":8188,"comment_status":"open","ping_status":"closed","template":"","meta":{"_acf_changed":false,"inline_featured_image":false},"product_brand":[],"product_cat":[501],"product_tag":[],"class_list":{"0":"post-8187","1":"product","2":"type-product","3":"status-publish","4":"has-post-thumbnail","6":"product_cat-temperaturos-jutikliai","8":"first","9":"instock","10":"shipping-taxable","11":"purchasable","12":"product-type-simple"},"acf":[],"yoast_head":"<!-- This site is optimized with the Yoast SEO plugin v25.5 - https:\/\/yoast.com\/wordpress\/plugins\/seo\/ -->\n<title>Guenther sriegin\u0117 termopora 14-TES - Invertas<\/title>\n<meta name=\"description\" content=\"14-TES sriegini\u0173 termopor\u0173 surinkimai skirti temperat\u016bros matavimui \u017eemo sl\u0117gio dujin\u0117se, skystose ir plastikin\u0117se terp\u0117se iki 1200\u202f\u00b0C.\" \/>\n<meta name=\"robots\" content=\"index, follow, max-snippet:-1, max-image-preview:large, max-video-preview:-1\" \/>\n<link rel=\"canonical\" href=\"https:\/\/invertas.lt\/en\/produktai\/temperaturos-jutikliai\/sriegine-termopora-14-tes\/\" \/>\n<meta property=\"og:locale\" content=\"en_GB\" \/>\n<meta property=\"og:type\" content=\"article\" \/>\n<meta property=\"og:title\" content=\"Guenther sriegin\u0117 termopora 14-TES - Invertas\" \/>\n<meta property=\"og:description\" content=\"14-TES sriegini\u0173 termopor\u0173 surinkimai skirti temperat\u016bros matavimui \u017eemo sl\u0117gio dujin\u0117se, skystose ir plastikin\u0117se terp\u0117se iki 1200\u202f\u00b0C.\" \/>\n<meta property=\"og:url\" content=\"https:\/\/invertas.lt\/en\/produktai\/temperaturos-jutikliai\/sriegine-termopora-14-tes\/\" \/>\n<meta property=\"og:site_name\" content=\"Invertas\" \/>\n<meta property=\"article:modified_time\" content=\"2025-08-08T15:23:32+00:00\" \/>\n<meta property=\"og:image\" content=\"https:\/\/invertas.lt\/wp-content\/uploads\/2025\/07\/33b221d0-0729-ee1e-ae0a-d74662f09bd2_05b7e27b-2016-5873-919a-b502f03cf946_cntIdImage_7e490b7c22d7430041256bb3731fd413-e1752234541620.png\" \/>\n\t<meta property=\"og:image:width\" content=\"1500\" \/>\n\t<meta property=\"og:image:height\" content=\"1500\" \/>\n\t<meta property=\"og:image:type\" content=\"image\/png\" \/>\n<meta name=\"twitter:card\" content=\"summary_large_image\" \/>\n<meta name=\"twitter:label1\" content=\"Estimated reading time\" \/>\n\t<meta name=\"twitter:data1\" content=\"1 minute\" \/>\n<script type=\"application\/ld+json\" class=\"yoast-schema-graph\">{\"@context\":\"https:\/\/schema.org\",\"@graph\":[{\"@type\":\"WebPage\",\"@id\":\"https:\/\/invertas.lt\/produktai\/temperaturos-jutikliai\/sriegine-termopora-14-tes\/\",\"url\":\"https:\/\/invertas.lt\/produktai\/temperaturos-jutikliai\/sriegine-termopora-14-tes\/\",\"name\":\"Guenther sriegin\u0117 termopora 14-TES - Invertas\",\"isPartOf\":{\"@id\":\"https:\/\/invertas.lt\/#website\"},\"primaryImageOfPage\":{\"@id\":\"https:\/\/invertas.lt\/produktai\/temperaturos-jutikliai\/sriegine-termopora-14-tes\/#primaryimage\"},\"image\":{\"@id\":\"https:\/\/invertas.lt\/produktai\/temperaturos-jutikliai\/sriegine-termopora-14-tes\/#primaryimage\"},\"thumbnailUrl\":\"https:\/\/invertas.lt\/wp-content\/uploads\/2025\/07\/33b221d0-0729-ee1e-ae0a-d74662f09bd2_05b7e27b-2016-5873-919a-b502f03cf946_cntIdImage_7e490b7c22d7430041256bb3731fd413-e1752234541620.png\",\"datePublished\":\"2025-07-10T13:48:18+00:00\",\"dateModified\":\"2025-08-08T15:23:32+00:00\",\"description\":\"14-TES sriegini\u0173 termopor\u0173 surinkimai skirti temperat\u016bros matavimui \u017eemo sl\u0117gio dujin\u0117se, skystose ir plastikin\u0117se terp\u0117se iki 1200\u202f\u00b0C.\",\"breadcrumb\":{\"@id\":\"https:\/\/invertas.lt\/produktai\/temperaturos-jutikliai\/sriegine-termopora-14-tes\/#breadcrumb\"},\"inLanguage\":\"en-GB\",\"potentialAction\":[{\"@type\":\"ReadAction\",\"target\":[\"https:\/\/invertas.lt\/produktai\/temperaturos-jutikliai\/sriegine-termopora-14-tes\/\"]}]},{\"@type\":\"ImageObject\",\"inLanguage\":\"en-GB\",\"@id\":\"https:\/\/invertas.lt\/produktai\/temperaturos-jutikliai\/sriegine-termopora-14-tes\/#primaryimage\",\"url\":\"https:\/\/invertas.lt\/wp-content\/uploads\/2025\/07\/33b221d0-0729-ee1e-ae0a-d74662f09bd2_05b7e27b-2016-5873-919a-b502f03cf946_cntIdImage_7e490b7c22d7430041256bb3731fd413-e1752234541620.png\",\"contentUrl\":\"https:\/\/invertas.lt\/wp-content\/uploads\/2025\/07\/33b221d0-0729-ee1e-ae0a-d74662f09bd2_05b7e27b-2016-5873-919a-b502f03cf946_cntIdImage_7e490b7c22d7430041256bb3731fd413-e1752234541620.png\",\"width\":1500,\"height\":1500},{\"@type\":\"BreadcrumbList\",\"@id\":\"https:\/\/invertas.lt\/produktai\/temperaturos-jutikliai\/sriegine-termopora-14-tes\/#breadcrumb\",\"itemListElement\":[{\"@type\":\"ListItem\",\"position\":1,\"name\":\"Prad\u017eia\",\"item\":\"https:\/\/invertas.lt\/\"},{\"@type\":\"ListItem\",\"position\":2,\"name\":\"Products\",\"item\":\"https:\/\/invertas.lt\/shop\/\"},{\"@type\":\"ListItem\",\"position\":3,\"name\":\"Temperat\u016bros jutikliai\",\"item\":\"https:\/\/invertas.lt\/.\/temperaturos-jutikliai\/\"},{\"@type\":\"ListItem\",\"position\":4,\"name\":\"Guenther sriegin\u0117 termopora 14-TES\"}]},{\"@type\":\"WebSite\",\"@id\":\"https:\/\/invertas.lt\/#website\",\"url\":\"https:\/\/invertas.lt\/\",\"name\":\"Invertas\",\"description\":\"\",\"publisher\":{\"@id\":\"https:\/\/invertas.lt\/#organization\"},\"potentialAction\":[{\"@type\":\"SearchAction\",\"target\":{\"@type\":\"EntryPoint\",\"urlTemplate\":\"https:\/\/invertas.lt\/?s={search_term_string}\"},\"query-input\":{\"@type\":\"PropertyValueSpecification\",\"valueRequired\":true,\"valueName\":\"search_term_string\"}}],\"inLanguage\":\"en-GB\"},{\"@type\":\"Organization\",\"@id\":\"https:\/\/invertas.lt\/#organization\",\"name\":\"Invertas\",\"url\":\"https:\/\/invertas.lt\/\",\"logo\":{\"@type\":\"ImageObject\",\"inLanguage\":\"en-GB\",\"@id\":\"https:\/\/invertas.lt\/#\/schema\/logo\/image\/\",\"url\":\"https:\/\/invertas.lt\/wp-content\/uploads\/2025\/03\/New-Text-Document-2.svg\",\"contentUrl\":\"https:\/\/invertas.lt\/wp-content\/uploads\/2025\/03\/New-Text-Document-2.svg\",\"width\":140,\"height\":39,\"caption\":\"Invertas\"},\"image\":{\"@id\":\"https:\/\/invertas.lt\/#\/schema\/logo\/image\/\"}}]}<\/script>\n<!-- \/ Yoast SEO plugin. -->","yoast_head_json":{"title":"Guenther sriegin\u0117 termopora 14-TES - Invertas","description":"14-TES sriegini\u0173 termopor\u0173 surinkimai skirti temperat\u016bros matavimui \u017eemo sl\u0117gio dujin\u0117se, skystose ir plastikin\u0117se terp\u0117se iki 1200\u202f\u00b0C.","robots":{"index":"index","follow":"follow","max-snippet":"max-snippet:-1","max-image-preview":"max-image-preview:large","max-video-preview":"max-video-preview:-1"},"canonical":"https:\/\/invertas.lt\/en\/produktai\/temperaturos-jutikliai\/sriegine-termopora-14-tes\/","og_locale":"en_GB","og_type":"article","og_title":"Guenther sriegin\u0117 termopora 14-TES - Invertas","og_description":"14-TES sriegini\u0173 termopor\u0173 surinkimai skirti temperat\u016bros matavimui \u017eemo sl\u0117gio dujin\u0117se, skystose ir plastikin\u0117se terp\u0117se iki 1200\u202f\u00b0C.","og_url":"https:\/\/invertas.lt\/en\/produktai\/temperaturos-jutikliai\/sriegine-termopora-14-tes\/","og_site_name":"Invertas","article_modified_time":"2025-08-08T15:23:32+00:00","og_image":[{"width":1500,"height":1500,"url":"https:\/\/invertas.lt\/wp-content\/uploads\/2025\/07\/33b221d0-0729-ee1e-ae0a-d74662f09bd2_05b7e27b-2016-5873-919a-b502f03cf946_cntIdImage_7e490b7c22d7430041256bb3731fd413-e1752234541620.png","type":"image\/png"}],"twitter_card":"summary_large_image","twitter_misc":{"Estimated reading time":"1 minute"},"schema":{"@context":"https:\/\/schema.org","@graph":[{"@type":"WebPage","@id":"https:\/\/invertas.lt\/produktai\/temperaturos-jutikliai\/sriegine-termopora-14-tes\/","url":"https:\/\/invertas.lt\/produktai\/temperaturos-jutikliai\/sriegine-termopora-14-tes\/","name":"Guenther sriegin\u0117 termopora 14-TES - Invertas","isPartOf":{"@id":"https:\/\/invertas.lt\/#website"},"primaryImageOfPage":{"@id":"https:\/\/invertas.lt\/produktai\/temperaturos-jutikliai\/sriegine-termopora-14-tes\/#primaryimage"},"image":{"@id":"https:\/\/invertas.lt\/produktai\/temperaturos-jutikliai\/sriegine-termopora-14-tes\/#primaryimage"},"thumbnailUrl":"https:\/\/invertas.lt\/wp-content\/uploads\/2025\/07\/33b221d0-0729-ee1e-ae0a-d74662f09bd2_05b7e27b-2016-5873-919a-b502f03cf946_cntIdImage_7e490b7c22d7430041256bb3731fd413-e1752234541620.png","datePublished":"2025-07-10T13:48:18+00:00","dateModified":"2025-08-08T15:23:32+00:00","description":"14-TES sriegini\u0173 termopor\u0173 surinkimai skirti temperat\u016bros matavimui \u017eemo sl\u0117gio dujin\u0117se, skystose ir plastikin\u0117se terp\u0117se iki 1200\u202f\u00b0C.","breadcrumb":{"@id":"https:\/\/invertas.lt\/produktai\/temperaturos-jutikliai\/sriegine-termopora-14-tes\/#breadcrumb"},"inLanguage":"en-GB","potentialAction":[{"@type":"ReadAction","target":["https:\/\/invertas.lt\/produktai\/temperaturos-jutikliai\/sriegine-termopora-14-tes\/"]}]},{"@type":"ImageObject","inLanguage":"en-GB","@id":"https:\/\/invertas.lt\/produktai\/temperaturos-jutikliai\/sriegine-termopora-14-tes\/#primaryimage","url":"https:\/\/invertas.lt\/wp-content\/uploads\/2025\/07\/33b221d0-0729-ee1e-ae0a-d74662f09bd2_05b7e27b-2016-5873-919a-b502f03cf946_cntIdImage_7e490b7c22d7430041256bb3731fd413-e1752234541620.png","contentUrl":"https:\/\/invertas.lt\/wp-content\/uploads\/2025\/07\/33b221d0-0729-ee1e-ae0a-d74662f09bd2_05b7e27b-2016-5873-919a-b502f03cf946_cntIdImage_7e490b7c22d7430041256bb3731fd413-e1752234541620.png","width":1500,"height":1500},{"@type":"BreadcrumbList","@id":"https:\/\/invertas.lt\/produktai\/temperaturos-jutikliai\/sriegine-termopora-14-tes\/#breadcrumb","itemListElement":[{"@type":"ListItem","position":1,"name":"Prad\u017eia","item":"https:\/\/invertas.lt\/"},{"@type":"ListItem","position":2,"name":"Products","item":"https:\/\/invertas.lt\/shop\/"},{"@type":"ListItem","position":3,"name":"Temperat\u016bros jutikliai","item":"https:\/\/invertas.lt\/.\/temperaturos-jutikliai\/"},{"@type":"ListItem","position":4,"name":"Guenther sriegin\u0117 termopora 14-TES"}]},{"@type":"WebSite","@id":"https:\/\/invertas.lt\/#website","url":"https:\/\/invertas.lt\/","name":"Invert","description":"","publisher":{"@id":"https:\/\/invertas.lt\/#organization"},"potentialAction":[{"@type":"SearchAction","target":{"@type":"EntryPoint","urlTemplate":"https:\/\/invertas.lt\/?s={search_term_string}"},"query-input":{"@type":"PropertyValueSpecification","valueRequired":true,"valueName":"search_term_string"}}],"inLanguage":"en-GB"},{"@type":"Organization","@id":"https:\/\/invertas.lt\/#organization","name":"Invert","url":"https:\/\/invertas.lt\/","logo":{"@type":"ImageObject","inLanguage":"en-GB","@id":"https:\/\/invertas.lt\/#\/schema\/logo\/image\/","url":"https:\/\/invertas.lt\/wp-content\/uploads\/2025\/03\/New-Text-Document-2.svg","contentUrl":"https:\/\/invertas.lt\/wp-content\/uploads\/2025\/03\/New-Text-Document-2.svg","width":140,"height":39,"caption":"Invertas"},"image":{"@id":"https:\/\/invertas.lt\/#\/schema\/logo\/image\/"}}]}},"_links":{"self":[{"href":"https:\/\/invertas.lt\/en\/wp-json\/wp\/v2\/product\/8187","targetHints":{"allow":["GET"]}}],"collection":[{"href":"https:\/\/invertas.lt\/en\/wp-json\/wp\/v2\/product"}],"about":[{"href":"https:\/\/invertas.lt\/en\/wp-json\/wp\/v2\/types\/product"}],"replies":[{"embeddable":true,"href":"https:\/\/invertas.lt\/en\/wp-json\/wp\/v2\/comments?post=8187"}],"wp:featuredmedia":[{"embeddable":true,"href":"https:\/\/invertas.lt\/en\/wp-json\/wp\/v2\/media\/8188"}],"wp:attachment":[{"href":"https:\/\/invertas.lt\/en\/wp-json\/wp\/v2\/media?parent=8187"}],"wp:term":[{"taxonomy":"product_brand","embeddable":true,"href":"https:\/\/invertas.lt\/en\/wp-json\/wp\/v2\/product_brand?post=8187"},{"taxonomy":"product_cat","embeddable":true,"href":"https:\/\/invertas.lt\/en\/wp-json\/wp\/v2\/product_cat?post=8187"},{"taxonomy":"product_tag","embeddable":true,"href":"https:\/\/invertas.lt\/en\/wp-json\/wp\/v2\/product_tag?post=8187"}],"curies":[{"name":"wp","href":"https:\/\/api.w.org\/{rel}","templated":true}]}}