{"id":8184,"date":"2025-07-10T13:25:00","date_gmt":"2025-07-10T13:25:00","guid":{"rendered":"https:\/\/aurimasb15.sg-host.com\/?post_type=product&#038;p=8184"},"modified":"2025-08-08T15:23:01","modified_gmt":"2025-08-08T15:23:01","slug":"termopora-su-flansu-13-tfl","status":"publish","type":"product","link":"https:\/\/invertas.lt\/en\/produktai\/temperaturos-jutikliai\/termopora-su-flansu-13-tfl\/","title":{"rendered":"Guenther thermocouple with flange 13-TFL"},"content":{"rendered":"<h3 data-start=\"57\" data-end=\"75\">Fields of application<\/h3>\n<p data-start=\"77\" data-end=\"367\">Flanged thermocouples (13-TFL) are designed for temperature measurement in various industries, including chemical, energy, water supply and heating systems. Suitable for gaseous, liquid and vaporous media such as air, steam, water and oil at medium to high temperatures.<\/p>\n<h3 data-start=\"369\" data-end=\"380\">Features<\/h3>\n<ul data-start=\"382\" data-end=\"543\" data-is-last-node=\"\" data-is-only-node=\"\">\n<li data-start=\"382\" data-end=\"444\">\n<p data-start=\"384\" data-end=\"444\">Robust flange mounting ensures reliable installation<\/p>\n<\/li>\n<li data-start=\"445\" data-end=\"496\">\n<p data-start=\"447\" data-end=\"496\">Resistant to corrosion and mechanical damage<\/p>\n<\/li>\n<li data-start=\"497\" data-end=\"543\" data-is-last-node=\"\">\n<p data-start=\"499\" data-end=\"543\" data-is-last-node=\"\">Wide temperature and pressure operating conditions<\/p>\n<\/li>\n<\/ul>","protected":false},"excerpt":{"rendered":"<p>Taikymo sritys Termoporos su flan\u0161u (13-TFL) skirtos temperat\u016bros matavimui \u012fvairiose pramon\u0117s \u0161akose, \u012fskaitant chemijos, energetikos, vandens tiekimo ir \u0161ildymo sistemas. Tinka dujin\u0117ms, skystoms ir garin\u0117ms terp\u0117ms, tokioms kaip oras, garai, vanduo ir alyva, esant vidutin\u0117ms ir auk\u0161toms temperat\u016broms. Savyb\u0117s Tvirtas flan\u0161inis tvirtinimas u\u017etikrina patikam\u0105 montavim\u0105 Atsparios korozijai ir mechaniniams pa\u017eeidimams Pla\u010dios temperat\u016bros ir sl\u0117gio darbo [&hellip;]<\/p>","protected":false},"featured_media":8185,"comment_status":"open","ping_status":"closed","template":"","meta":{"_acf_changed":false,"inline_featured_image":false},"product_brand":[],"product_cat":[501],"product_tag":[],"class_list":{"0":"post-8184","1":"product","2":"type-product","3":"status-publish","4":"has-post-thumbnail","6":"product_cat-temperaturos-jutikliai","8":"first","9":"instock","10":"shipping-taxable","11":"purchasable","12":"product-type-simple"},"acf":[],"yoast_head":"<!-- This site is optimized with the Yoast SEO plugin v25.5 - https:\/\/yoast.com\/wordpress\/plugins\/seo\/ -->\n<title>Guenther termopora su flan\u0161u 13-TFL - Invertas<\/title>\n<meta name=\"description\" content=\"13-TFL termoporos su flan\u0161u skirtos temperat\u016bros matavimui dujin\u0117se, skystose ir garin\u0117se terp\u0117se, tokiuose kaip oras, garai, vanduo ir alyva.\" \/>\n<meta name=\"robots\" content=\"index, follow, max-snippet:-1, max-image-preview:large, max-video-preview:-1\" \/>\n<link rel=\"canonical\" href=\"https:\/\/invertas.lt\/en\/produktai\/temperaturos-jutikliai\/termopora-su-flansu-13-tfl\/\" \/>\n<meta property=\"og:locale\" content=\"en_GB\" \/>\n<meta property=\"og:type\" content=\"article\" \/>\n<meta property=\"og:title\" content=\"Guenther termopora su flan\u0161u 13-TFL - Invertas\" \/>\n<meta property=\"og:description\" content=\"13-TFL termoporos su flan\u0161u skirtos temperat\u016bros matavimui dujin\u0117se, skystose ir garin\u0117se terp\u0117se, tokiuose kaip oras, garai, vanduo ir alyva.\" \/>\n<meta property=\"og:url\" content=\"https:\/\/invertas.lt\/en\/produktai\/temperaturos-jutikliai\/termopora-su-flansu-13-tfl\/\" \/>\n<meta property=\"og:site_name\" content=\"Invertas\" \/>\n<meta property=\"article:modified_time\" content=\"2025-08-08T15:23:01+00:00\" \/>\n<meta property=\"og:image\" content=\"https:\/\/invertas.lt\/wp-content\/uploads\/2025\/07\/4204b4c8-2693-31bd-8052-5ef8793206dc_8bfd269b-b10a-30b0-e732-9c13e49bb91d_cntIdImage_7e490b7c22d7430041256bb3731fd413-e1752234513478.png\" \/>\n\t<meta property=\"og:image:width\" content=\"1500\" \/>\n\t<meta property=\"og:image:height\" content=\"1500\" \/>\n\t<meta property=\"og:image:type\" content=\"image\/png\" \/>\n<meta name=\"twitter:card\" content=\"summary_large_image\" \/>\n<meta name=\"twitter:label1\" content=\"Estimated reading time\" \/>\n\t<meta name=\"twitter:data1\" content=\"1 minute\" \/>\n<script type=\"application\/ld+json\" class=\"yoast-schema-graph\">{\"@context\":\"https:\/\/schema.org\",\"@graph\":[{\"@type\":\"WebPage\",\"@id\":\"https:\/\/invertas.lt\/produktai\/temperaturos-jutikliai\/termopora-su-flansu-13-tfl\/\",\"url\":\"https:\/\/invertas.lt\/produktai\/temperaturos-jutikliai\/termopora-su-flansu-13-tfl\/\",\"name\":\"Guenther termopora su flan\u0161u 13-TFL - Invertas\",\"isPartOf\":{\"@id\":\"https:\/\/invertas.lt\/#website\"},\"primaryImageOfPage\":{\"@id\":\"https:\/\/invertas.lt\/produktai\/temperaturos-jutikliai\/termopora-su-flansu-13-tfl\/#primaryimage\"},\"image\":{\"@id\":\"https:\/\/invertas.lt\/produktai\/temperaturos-jutikliai\/termopora-su-flansu-13-tfl\/#primaryimage\"},\"thumbnailUrl\":\"https:\/\/invertas.lt\/wp-content\/uploads\/2025\/07\/4204b4c8-2693-31bd-8052-5ef8793206dc_8bfd269b-b10a-30b0-e732-9c13e49bb91d_cntIdImage_7e490b7c22d7430041256bb3731fd413-e1752234513478.png\",\"datePublished\":\"2025-07-10T13:25:00+00:00\",\"dateModified\":\"2025-08-08T15:23:01+00:00\",\"description\":\"13-TFL termoporos su flan\u0161u skirtos temperat\u016bros matavimui dujin\u0117se, skystose ir garin\u0117se terp\u0117se, tokiuose kaip oras, garai, vanduo ir alyva.\",\"breadcrumb\":{\"@id\":\"https:\/\/invertas.lt\/produktai\/temperaturos-jutikliai\/termopora-su-flansu-13-tfl\/#breadcrumb\"},\"inLanguage\":\"en-GB\",\"potentialAction\":[{\"@type\":\"ReadAction\",\"target\":[\"https:\/\/invertas.lt\/produktai\/temperaturos-jutikliai\/termopora-su-flansu-13-tfl\/\"]}]},{\"@type\":\"ImageObject\",\"inLanguage\":\"en-GB\",\"@id\":\"https:\/\/invertas.lt\/produktai\/temperaturos-jutikliai\/termopora-su-flansu-13-tfl\/#primaryimage\",\"url\":\"https:\/\/invertas.lt\/wp-content\/uploads\/2025\/07\/4204b4c8-2693-31bd-8052-5ef8793206dc_8bfd269b-b10a-30b0-e732-9c13e49bb91d_cntIdImage_7e490b7c22d7430041256bb3731fd413-e1752234513478.png\",\"contentUrl\":\"https:\/\/invertas.lt\/wp-content\/uploads\/2025\/07\/4204b4c8-2693-31bd-8052-5ef8793206dc_8bfd269b-b10a-30b0-e732-9c13e49bb91d_cntIdImage_7e490b7c22d7430041256bb3731fd413-e1752234513478.png\",\"width\":1500,\"height\":1500},{\"@type\":\"BreadcrumbList\",\"@id\":\"https:\/\/invertas.lt\/produktai\/temperaturos-jutikliai\/termopora-su-flansu-13-tfl\/#breadcrumb\",\"itemListElement\":[{\"@type\":\"ListItem\",\"position\":1,\"name\":\"Prad\u017eia\",\"item\":\"https:\/\/invertas.lt\/\"},{\"@type\":\"ListItem\",\"position\":2,\"name\":\"Products\",\"item\":\"https:\/\/invertas.lt\/shop\/\"},{\"@type\":\"ListItem\",\"position\":3,\"name\":\"Temperat\u016bros jutikliai\",\"item\":\"https:\/\/invertas.lt\/.\/temperaturos-jutikliai\/\"},{\"@type\":\"ListItem\",\"position\":4,\"name\":\"Guenther termopora su flan\u0161u 13-TFL\"}]},{\"@type\":\"WebSite\",\"@id\":\"https:\/\/invertas.lt\/#website\",\"url\":\"https:\/\/invertas.lt\/\",\"name\":\"Invertas\",\"description\":\"\",\"publisher\":{\"@id\":\"https:\/\/invertas.lt\/#organization\"},\"potentialAction\":[{\"@type\":\"SearchAction\",\"target\":{\"@type\":\"EntryPoint\",\"urlTemplate\":\"https:\/\/invertas.lt\/?s={search_term_string}\"},\"query-input\":{\"@type\":\"PropertyValueSpecification\",\"valueRequired\":true,\"valueName\":\"search_term_string\"}}],\"inLanguage\":\"en-GB\"},{\"@type\":\"Organization\",\"@id\":\"https:\/\/invertas.lt\/#organization\",\"name\":\"Invertas\",\"url\":\"https:\/\/invertas.lt\/\",\"logo\":{\"@type\":\"ImageObject\",\"inLanguage\":\"en-GB\",\"@id\":\"https:\/\/invertas.lt\/#\/schema\/logo\/image\/\",\"url\":\"https:\/\/invertas.lt\/wp-content\/uploads\/2025\/03\/New-Text-Document-2.svg\",\"contentUrl\":\"https:\/\/invertas.lt\/wp-content\/uploads\/2025\/03\/New-Text-Document-2.svg\",\"width\":140,\"height\":39,\"caption\":\"Invertas\"},\"image\":{\"@id\":\"https:\/\/invertas.lt\/#\/schema\/logo\/image\/\"}}]}<\/script>\n<!-- \/ Yoast SEO plugin. -->","yoast_head_json":{"title":"Guenther termopora su flan\u0161u 13-TFL - Invertas","description":"13-TFL termoporos su flan\u0161u skirtos temperat\u016bros matavimui dujin\u0117se, skystose ir garin\u0117se terp\u0117se, tokiuose kaip oras, garai, vanduo ir alyva.","robots":{"index":"index","follow":"follow","max-snippet":"max-snippet:-1","max-image-preview":"max-image-preview:large","max-video-preview":"max-video-preview:-1"},"canonical":"https:\/\/invertas.lt\/en\/produktai\/temperaturos-jutikliai\/termopora-su-flansu-13-tfl\/","og_locale":"en_GB","og_type":"article","og_title":"Guenther termopora su flan\u0161u 13-TFL - Invertas","og_description":"13-TFL termoporos su flan\u0161u skirtos temperat\u016bros matavimui dujin\u0117se, skystose ir garin\u0117se terp\u0117se, tokiuose kaip oras, garai, vanduo ir alyva.","og_url":"https:\/\/invertas.lt\/en\/produktai\/temperaturos-jutikliai\/termopora-su-flansu-13-tfl\/","og_site_name":"Invertas","article_modified_time":"2025-08-08T15:23:01+00:00","og_image":[{"width":1500,"height":1500,"url":"https:\/\/invertas.lt\/wp-content\/uploads\/2025\/07\/4204b4c8-2693-31bd-8052-5ef8793206dc_8bfd269b-b10a-30b0-e732-9c13e49bb91d_cntIdImage_7e490b7c22d7430041256bb3731fd413-e1752234513478.png","type":"image\/png"}],"twitter_card":"summary_large_image","twitter_misc":{"Estimated reading time":"1 minute"},"schema":{"@context":"https:\/\/schema.org","@graph":[{"@type":"WebPage","@id":"https:\/\/invertas.lt\/produktai\/temperaturos-jutikliai\/termopora-su-flansu-13-tfl\/","url":"https:\/\/invertas.lt\/produktai\/temperaturos-jutikliai\/termopora-su-flansu-13-tfl\/","name":"Guenther termopora su flan\u0161u 13-TFL - Invertas","isPartOf":{"@id":"https:\/\/invertas.lt\/#website"},"primaryImageOfPage":{"@id":"https:\/\/invertas.lt\/produktai\/temperaturos-jutikliai\/termopora-su-flansu-13-tfl\/#primaryimage"},"image":{"@id":"https:\/\/invertas.lt\/produktai\/temperaturos-jutikliai\/termopora-su-flansu-13-tfl\/#primaryimage"},"thumbnailUrl":"https:\/\/invertas.lt\/wp-content\/uploads\/2025\/07\/4204b4c8-2693-31bd-8052-5ef8793206dc_8bfd269b-b10a-30b0-e732-9c13e49bb91d_cntIdImage_7e490b7c22d7430041256bb3731fd413-e1752234513478.png","datePublished":"2025-07-10T13:25:00+00:00","dateModified":"2025-08-08T15:23:01+00:00","description":"13-TFL termoporos su flan\u0161u skirtos temperat\u016bros matavimui dujin\u0117se, skystose ir garin\u0117se terp\u0117se, tokiuose kaip oras, garai, vanduo ir alyva.","breadcrumb":{"@id":"https:\/\/invertas.lt\/produktai\/temperaturos-jutikliai\/termopora-su-flansu-13-tfl\/#breadcrumb"},"inLanguage":"en-GB","potentialAction":[{"@type":"ReadAction","target":["https:\/\/invertas.lt\/produktai\/temperaturos-jutikliai\/termopora-su-flansu-13-tfl\/"]}]},{"@type":"ImageObject","inLanguage":"en-GB","@id":"https:\/\/invertas.lt\/produktai\/temperaturos-jutikliai\/termopora-su-flansu-13-tfl\/#primaryimage","url":"https:\/\/invertas.lt\/wp-content\/uploads\/2025\/07\/4204b4c8-2693-31bd-8052-5ef8793206dc_8bfd269b-b10a-30b0-e732-9c13e49bb91d_cntIdImage_7e490b7c22d7430041256bb3731fd413-e1752234513478.png","contentUrl":"https:\/\/invertas.lt\/wp-content\/uploads\/2025\/07\/4204b4c8-2693-31bd-8052-5ef8793206dc_8bfd269b-b10a-30b0-e732-9c13e49bb91d_cntIdImage_7e490b7c22d7430041256bb3731fd413-e1752234513478.png","width":1500,"height":1500},{"@type":"BreadcrumbList","@id":"https:\/\/invertas.lt\/produktai\/temperaturos-jutikliai\/termopora-su-flansu-13-tfl\/#breadcrumb","itemListElement":[{"@type":"ListItem","position":1,"name":"Prad\u017eia","item":"https:\/\/invertas.lt\/"},{"@type":"ListItem","position":2,"name":"Products","item":"https:\/\/invertas.lt\/shop\/"},{"@type":"ListItem","position":3,"name":"Temperat\u016bros jutikliai","item":"https:\/\/invertas.lt\/.\/temperaturos-jutikliai\/"},{"@type":"ListItem","position":4,"name":"Guenther termopora su flan\u0161u 13-TFL"}]},{"@type":"WebSite","@id":"https:\/\/invertas.lt\/#website","url":"https:\/\/invertas.lt\/","name":"Invert","description":"","publisher":{"@id":"https:\/\/invertas.lt\/#organization"},"potentialAction":[{"@type":"SearchAction","target":{"@type":"EntryPoint","urlTemplate":"https:\/\/invertas.lt\/?s={search_term_string}"},"query-input":{"@type":"PropertyValueSpecification","valueRequired":true,"valueName":"search_term_string"}}],"inLanguage":"en-GB"},{"@type":"Organization","@id":"https:\/\/invertas.lt\/#organization","name":"Invert","url":"https:\/\/invertas.lt\/","logo":{"@type":"ImageObject","inLanguage":"en-GB","@id":"https:\/\/invertas.lt\/#\/schema\/logo\/image\/","url":"https:\/\/invertas.lt\/wp-content\/uploads\/2025\/03\/New-Text-Document-2.svg","contentUrl":"https:\/\/invertas.lt\/wp-content\/uploads\/2025\/03\/New-Text-Document-2.svg","width":140,"height":39,"caption":"Invertas"},"image":{"@id":"https:\/\/invertas.lt\/#\/schema\/logo\/image\/"}}]}},"_links":{"self":[{"href":"https:\/\/invertas.lt\/en\/wp-json\/wp\/v2\/product\/8184","targetHints":{"allow":["GET"]}}],"collection":[{"href":"https:\/\/invertas.lt\/en\/wp-json\/wp\/v2\/product"}],"about":[{"href":"https:\/\/invertas.lt\/en\/wp-json\/wp\/v2\/types\/product"}],"replies":[{"embeddable":true,"href":"https:\/\/invertas.lt\/en\/wp-json\/wp\/v2\/comments?post=8184"}],"wp:featuredmedia":[{"embeddable":true,"href":"https:\/\/invertas.lt\/en\/wp-json\/wp\/v2\/media\/8185"}],"wp:attachment":[{"href":"https:\/\/invertas.lt\/en\/wp-json\/wp\/v2\/media?parent=8184"}],"wp:term":[{"taxonomy":"product_brand","embeddable":true,"href":"https:\/\/invertas.lt\/en\/wp-json\/wp\/v2\/product_brand?post=8184"},{"taxonomy":"product_cat","embeddable":true,"href":"https:\/\/invertas.lt\/en\/wp-json\/wp\/v2\/product_cat?post=8184"},{"taxonomy":"product_tag","embeddable":true,"href":"https:\/\/invertas.lt\/en\/wp-json\/wp\/v2\/product_tag?post=8184"}],"curies":[{"name":"wp","href":"https:\/\/api.w.org\/{rel}","templated":true}]}}