{"id":8181,"date":"2025-07-10T13:03:11","date_gmt":"2025-07-10T13:03:11","guid":{"rendered":"https:\/\/aurimasb15.sg-host.com\/?post_type=product&#038;p=8181"},"modified":"2025-08-08T15:21:46","modified_gmt":"2025-08-08T15:21:46","slug":"termopora-su-privirinamu-apsauginiu-ivoriu-tipas-d-12-thd","status":"publish","type":"product","link":"https:\/\/invertas.lt\/en\/produktai\/temperaturos-jutikliai\/termopora-su-privirinamu-apsauginiu-ivoriu-tipas-d-12-thd\/","title":{"rendered":"Guenther thermocouple D 12-THD"},"content":{"rendered":"<h3 data-start=\"48\" data-end=\"66\">Fields of application<\/h3>\n<p data-start=\"68\" data-end=\"237\">Thermocouples with weld-on protective sleeve (12-THD) are designed for temperature measurement in gaseous and liquid media at high flow rates and pressures up to 700 bar.<\/p>\n<h3 data-start=\"239\" data-end=\"250\">Features<\/h3>\n<ul data-start=\"252\" data-end=\"347\" data-is-last-node=\"\" data-is-only-node=\"\">\n<li data-start=\"252\" data-end=\"282\">\n<p data-start=\"254\" data-end=\"282\">High pressure resistance<\/p>\n<\/li>\n<li data-start=\"283\" data-end=\"310\">\n<p data-start=\"285\" data-end=\"310\">Sensor part being replaced<\/p>\n<\/li>\n<li data-start=\"311\" data-end=\"347\" data-is-last-node=\"\">\n<p data-start=\"313\" data-end=\"347\" data-is-last-node=\"\">Reliable protection and durability<\/p>\n<\/li>\n<\/ul>","protected":false},"excerpt":{"rendered":"<p>Taikymo sritys Termoporos su privirinama apsaugine \u012fvore (12-THD) skirtos temperat\u016bros matavimui dujin\u0117se ir skystose terp\u0117se, esant dideliam srauto grei\u010diui ir sl\u0117giui iki 700 bar\u0173. Savyb\u0117s Atsparumas auk\u0161tam sl\u0117giui Kei\u010diama jutiklio dalis Patikima apsauga ir ilgaam\u017ei\u0161kumas<\/p>","protected":false},"featured_media":8182,"comment_status":"open","ping_status":"closed","template":"","meta":{"_acf_changed":false,"inline_featured_image":false},"product_brand":[],"product_cat":[501],"product_tag":[],"class_list":{"0":"post-8181","1":"product","2":"type-product","3":"status-publish","4":"has-post-thumbnail","6":"product_cat-temperaturos-jutikliai","8":"first","9":"instock","10":"shipping-taxable","11":"purchasable","12":"product-type-simple"},"acf":[],"yoast_head":"<!-- This site is optimized with the Yoast SEO plugin v25.5 - https:\/\/yoast.com\/wordpress\/plugins\/seo\/ -->\n<title>Guenther termopora D 12-THD - Invertas<\/title>\n<meta name=\"description\" content=\"Termoporos su privirinamu apsauginiu \u012fvoriu (12-THD) naudojamos temperat\u016bros matavimui dujin\u0117se ir skystose terp\u0117se. Patikima apsauga ir ilgaam\u017ei\u0161kumas.\" \/>\n<meta name=\"robots\" content=\"index, follow, max-snippet:-1, max-image-preview:large, max-video-preview:-1\" \/>\n<link rel=\"canonical\" href=\"https:\/\/invertas.lt\/en\/produktai\/temperaturos-jutikliai\/termopora-su-privirinamu-apsauginiu-ivoriu-tipas-d-12-thd\/\" \/>\n<meta property=\"og:locale\" content=\"en_GB\" \/>\n<meta property=\"og:type\" content=\"article\" \/>\n<meta property=\"og:title\" content=\"Guenther termopora D 12-THD - Invertas\" \/>\n<meta property=\"og:description\" content=\"Termoporos su privirinamu apsauginiu \u012fvoriu (12-THD) naudojamos temperat\u016bros matavimui dujin\u0117se ir skystose terp\u0117se. Patikima apsauga ir ilgaam\u017ei\u0161kumas.\" \/>\n<meta property=\"og:url\" content=\"https:\/\/invertas.lt\/en\/produktai\/temperaturos-jutikliai\/termopora-su-privirinamu-apsauginiu-ivoriu-tipas-d-12-thd\/\" \/>\n<meta property=\"og:site_name\" content=\"Invertas\" \/>\n<meta property=\"article:modified_time\" content=\"2025-08-08T15:21:46+00:00\" \/>\n<meta property=\"og:image\" content=\"https:\/\/invertas.lt\/wp-content\/uploads\/2025\/07\/f3993bb1-7b09-9c25-66f4-712c110c4dac_259b50fa-acfb-0ca5-0912-2117767e1080_cntIdImage_7e490b7c22d7430041256bb3731fd413-e1752234481703.png\" \/>\n\t<meta property=\"og:image:width\" content=\"1500\" \/>\n\t<meta property=\"og:image:height\" content=\"1500\" \/>\n\t<meta property=\"og:image:type\" content=\"image\/png\" \/>\n<meta name=\"twitter:card\" content=\"summary_large_image\" \/>\n<meta name=\"twitter:label1\" content=\"Estimated reading time\" \/>\n\t<meta name=\"twitter:data1\" content=\"1 minute\" \/>\n<script type=\"application\/ld+json\" class=\"yoast-schema-graph\">{\"@context\":\"https:\/\/schema.org\",\"@graph\":[{\"@type\":\"WebPage\",\"@id\":\"https:\/\/invertas.lt\/produktai\/temperaturos-jutikliai\/termopora-su-privirinamu-apsauginiu-ivoriu-tipas-d-12-thd\/\",\"url\":\"https:\/\/invertas.lt\/produktai\/temperaturos-jutikliai\/termopora-su-privirinamu-apsauginiu-ivoriu-tipas-d-12-thd\/\",\"name\":\"Guenther termopora D 12-THD - Invertas\",\"isPartOf\":{\"@id\":\"https:\/\/invertas.lt\/#website\"},\"primaryImageOfPage\":{\"@id\":\"https:\/\/invertas.lt\/produktai\/temperaturos-jutikliai\/termopora-su-privirinamu-apsauginiu-ivoriu-tipas-d-12-thd\/#primaryimage\"},\"image\":{\"@id\":\"https:\/\/invertas.lt\/produktai\/temperaturos-jutikliai\/termopora-su-privirinamu-apsauginiu-ivoriu-tipas-d-12-thd\/#primaryimage\"},\"thumbnailUrl\":\"https:\/\/invertas.lt\/wp-content\/uploads\/2025\/07\/f3993bb1-7b09-9c25-66f4-712c110c4dac_259b50fa-acfb-0ca5-0912-2117767e1080_cntIdImage_7e490b7c22d7430041256bb3731fd413-e1752234481703.png\",\"datePublished\":\"2025-07-10T13:03:11+00:00\",\"dateModified\":\"2025-08-08T15:21:46+00:00\",\"description\":\"Termoporos su privirinamu apsauginiu \u012fvoriu (12-THD) naudojamos temperat\u016bros matavimui dujin\u0117se ir skystose terp\u0117se. Patikima apsauga ir ilgaam\u017ei\u0161kumas.\",\"breadcrumb\":{\"@id\":\"https:\/\/invertas.lt\/produktai\/temperaturos-jutikliai\/termopora-su-privirinamu-apsauginiu-ivoriu-tipas-d-12-thd\/#breadcrumb\"},\"inLanguage\":\"en-GB\",\"potentialAction\":[{\"@type\":\"ReadAction\",\"target\":[\"https:\/\/invertas.lt\/produktai\/temperaturos-jutikliai\/termopora-su-privirinamu-apsauginiu-ivoriu-tipas-d-12-thd\/\"]}]},{\"@type\":\"ImageObject\",\"inLanguage\":\"en-GB\",\"@id\":\"https:\/\/invertas.lt\/produktai\/temperaturos-jutikliai\/termopora-su-privirinamu-apsauginiu-ivoriu-tipas-d-12-thd\/#primaryimage\",\"url\":\"https:\/\/invertas.lt\/wp-content\/uploads\/2025\/07\/f3993bb1-7b09-9c25-66f4-712c110c4dac_259b50fa-acfb-0ca5-0912-2117767e1080_cntIdImage_7e490b7c22d7430041256bb3731fd413-e1752234481703.png\",\"contentUrl\":\"https:\/\/invertas.lt\/wp-content\/uploads\/2025\/07\/f3993bb1-7b09-9c25-66f4-712c110c4dac_259b50fa-acfb-0ca5-0912-2117767e1080_cntIdImage_7e490b7c22d7430041256bb3731fd413-e1752234481703.png\",\"width\":1500,\"height\":1500},{\"@type\":\"BreadcrumbList\",\"@id\":\"https:\/\/invertas.lt\/produktai\/temperaturos-jutikliai\/termopora-su-privirinamu-apsauginiu-ivoriu-tipas-d-12-thd\/#breadcrumb\",\"itemListElement\":[{\"@type\":\"ListItem\",\"position\":1,\"name\":\"Prad\u017eia\",\"item\":\"https:\/\/invertas.lt\/\"},{\"@type\":\"ListItem\",\"position\":2,\"name\":\"Products\",\"item\":\"https:\/\/invertas.lt\/shop\/\"},{\"@type\":\"ListItem\",\"position\":3,\"name\":\"Temperat\u016bros jutikliai\",\"item\":\"https:\/\/invertas.lt\/.\/temperaturos-jutikliai\/\"},{\"@type\":\"ListItem\",\"position\":4,\"name\":\"Guenther termopora D 12-THD\"}]},{\"@type\":\"WebSite\",\"@id\":\"https:\/\/invertas.lt\/#website\",\"url\":\"https:\/\/invertas.lt\/\",\"name\":\"Invertas\",\"description\":\"\",\"publisher\":{\"@id\":\"https:\/\/invertas.lt\/#organization\"},\"potentialAction\":[{\"@type\":\"SearchAction\",\"target\":{\"@type\":\"EntryPoint\",\"urlTemplate\":\"https:\/\/invertas.lt\/?s={search_term_string}\"},\"query-input\":{\"@type\":\"PropertyValueSpecification\",\"valueRequired\":true,\"valueName\":\"search_term_string\"}}],\"inLanguage\":\"en-GB\"},{\"@type\":\"Organization\",\"@id\":\"https:\/\/invertas.lt\/#organization\",\"name\":\"Invertas\",\"url\":\"https:\/\/invertas.lt\/\",\"logo\":{\"@type\":\"ImageObject\",\"inLanguage\":\"en-GB\",\"@id\":\"https:\/\/invertas.lt\/#\/schema\/logo\/image\/\",\"url\":\"https:\/\/invertas.lt\/wp-content\/uploads\/2025\/03\/New-Text-Document-2.svg\",\"contentUrl\":\"https:\/\/invertas.lt\/wp-content\/uploads\/2025\/03\/New-Text-Document-2.svg\",\"width\":140,\"height\":39,\"caption\":\"Invertas\"},\"image\":{\"@id\":\"https:\/\/invertas.lt\/#\/schema\/logo\/image\/\"}}]}<\/script>\n<!-- \/ Yoast SEO plugin. -->","yoast_head_json":{"title":"Guenther termopora D 12-THD - Invertas","description":"Termoporos su privirinamu apsauginiu \u012fvoriu (12-THD) naudojamos temperat\u016bros matavimui dujin\u0117se ir skystose terp\u0117se. Patikima apsauga ir ilgaam\u017ei\u0161kumas.","robots":{"index":"index","follow":"follow","max-snippet":"max-snippet:-1","max-image-preview":"max-image-preview:large","max-video-preview":"max-video-preview:-1"},"canonical":"https:\/\/invertas.lt\/en\/produktai\/temperaturos-jutikliai\/termopora-su-privirinamu-apsauginiu-ivoriu-tipas-d-12-thd\/","og_locale":"en_GB","og_type":"article","og_title":"Guenther termopora D 12-THD - Invertas","og_description":"Termoporos su privirinamu apsauginiu \u012fvoriu (12-THD) naudojamos temperat\u016bros matavimui dujin\u0117se ir skystose terp\u0117se. Patikima apsauga ir ilgaam\u017ei\u0161kumas.","og_url":"https:\/\/invertas.lt\/en\/produktai\/temperaturos-jutikliai\/termopora-su-privirinamu-apsauginiu-ivoriu-tipas-d-12-thd\/","og_site_name":"Invertas","article_modified_time":"2025-08-08T15:21:46+00:00","og_image":[{"width":1500,"height":1500,"url":"https:\/\/invertas.lt\/wp-content\/uploads\/2025\/07\/f3993bb1-7b09-9c25-66f4-712c110c4dac_259b50fa-acfb-0ca5-0912-2117767e1080_cntIdImage_7e490b7c22d7430041256bb3731fd413-e1752234481703.png","type":"image\/png"}],"twitter_card":"summary_large_image","twitter_misc":{"Estimated reading time":"1 minute"},"schema":{"@context":"https:\/\/schema.org","@graph":[{"@type":"WebPage","@id":"https:\/\/invertas.lt\/produktai\/temperaturos-jutikliai\/termopora-su-privirinamu-apsauginiu-ivoriu-tipas-d-12-thd\/","url":"https:\/\/invertas.lt\/produktai\/temperaturos-jutikliai\/termopora-su-privirinamu-apsauginiu-ivoriu-tipas-d-12-thd\/","name":"Guenther termopora D 12-THD - Invertas","isPartOf":{"@id":"https:\/\/invertas.lt\/#website"},"primaryImageOfPage":{"@id":"https:\/\/invertas.lt\/produktai\/temperaturos-jutikliai\/termopora-su-privirinamu-apsauginiu-ivoriu-tipas-d-12-thd\/#primaryimage"},"image":{"@id":"https:\/\/invertas.lt\/produktai\/temperaturos-jutikliai\/termopora-su-privirinamu-apsauginiu-ivoriu-tipas-d-12-thd\/#primaryimage"},"thumbnailUrl":"https:\/\/invertas.lt\/wp-content\/uploads\/2025\/07\/f3993bb1-7b09-9c25-66f4-712c110c4dac_259b50fa-acfb-0ca5-0912-2117767e1080_cntIdImage_7e490b7c22d7430041256bb3731fd413-e1752234481703.png","datePublished":"2025-07-10T13:03:11+00:00","dateModified":"2025-08-08T15:21:46+00:00","description":"Termoporos su privirinamu apsauginiu \u012fvoriu (12-THD) naudojamos temperat\u016bros matavimui dujin\u0117se ir skystose terp\u0117se. Patikima apsauga ir ilgaam\u017ei\u0161kumas.","breadcrumb":{"@id":"https:\/\/invertas.lt\/produktai\/temperaturos-jutikliai\/termopora-su-privirinamu-apsauginiu-ivoriu-tipas-d-12-thd\/#breadcrumb"},"inLanguage":"en-GB","potentialAction":[{"@type":"ReadAction","target":["https:\/\/invertas.lt\/produktai\/temperaturos-jutikliai\/termopora-su-privirinamu-apsauginiu-ivoriu-tipas-d-12-thd\/"]}]},{"@type":"ImageObject","inLanguage":"en-GB","@id":"https:\/\/invertas.lt\/produktai\/temperaturos-jutikliai\/termopora-su-privirinamu-apsauginiu-ivoriu-tipas-d-12-thd\/#primaryimage","url":"https:\/\/invertas.lt\/wp-content\/uploads\/2025\/07\/f3993bb1-7b09-9c25-66f4-712c110c4dac_259b50fa-acfb-0ca5-0912-2117767e1080_cntIdImage_7e490b7c22d7430041256bb3731fd413-e1752234481703.png","contentUrl":"https:\/\/invertas.lt\/wp-content\/uploads\/2025\/07\/f3993bb1-7b09-9c25-66f4-712c110c4dac_259b50fa-acfb-0ca5-0912-2117767e1080_cntIdImage_7e490b7c22d7430041256bb3731fd413-e1752234481703.png","width":1500,"height":1500},{"@type":"BreadcrumbList","@id":"https:\/\/invertas.lt\/produktai\/temperaturos-jutikliai\/termopora-su-privirinamu-apsauginiu-ivoriu-tipas-d-12-thd\/#breadcrumb","itemListElement":[{"@type":"ListItem","position":1,"name":"Prad\u017eia","item":"https:\/\/invertas.lt\/"},{"@type":"ListItem","position":2,"name":"Products","item":"https:\/\/invertas.lt\/shop\/"},{"@type":"ListItem","position":3,"name":"Temperat\u016bros jutikliai","item":"https:\/\/invertas.lt\/.\/temperaturos-jutikliai\/"},{"@type":"ListItem","position":4,"name":"Guenther termopora D 12-THD"}]},{"@type":"WebSite","@id":"https:\/\/invertas.lt\/#website","url":"https:\/\/invertas.lt\/","name":"Invert","description":"","publisher":{"@id":"https:\/\/invertas.lt\/#organization"},"potentialAction":[{"@type":"SearchAction","target":{"@type":"EntryPoint","urlTemplate":"https:\/\/invertas.lt\/?s={search_term_string}"},"query-input":{"@type":"PropertyValueSpecification","valueRequired":true,"valueName":"search_term_string"}}],"inLanguage":"en-GB"},{"@type":"Organization","@id":"https:\/\/invertas.lt\/#organization","name":"Invert","url":"https:\/\/invertas.lt\/","logo":{"@type":"ImageObject","inLanguage":"en-GB","@id":"https:\/\/invertas.lt\/#\/schema\/logo\/image\/","url":"https:\/\/invertas.lt\/wp-content\/uploads\/2025\/03\/New-Text-Document-2.svg","contentUrl":"https:\/\/invertas.lt\/wp-content\/uploads\/2025\/03\/New-Text-Document-2.svg","width":140,"height":39,"caption":"Invertas"},"image":{"@id":"https:\/\/invertas.lt\/#\/schema\/logo\/image\/"}}]}},"_links":{"self":[{"href":"https:\/\/invertas.lt\/en\/wp-json\/wp\/v2\/product\/8181","targetHints":{"allow":["GET"]}}],"collection":[{"href":"https:\/\/invertas.lt\/en\/wp-json\/wp\/v2\/product"}],"about":[{"href":"https:\/\/invertas.lt\/en\/wp-json\/wp\/v2\/types\/product"}],"replies":[{"embeddable":true,"href":"https:\/\/invertas.lt\/en\/wp-json\/wp\/v2\/comments?post=8181"}],"wp:featuredmedia":[{"embeddable":true,"href":"https:\/\/invertas.lt\/en\/wp-json\/wp\/v2\/media\/8182"}],"wp:attachment":[{"href":"https:\/\/invertas.lt\/en\/wp-json\/wp\/v2\/media?parent=8181"}],"wp:term":[{"taxonomy":"product_brand","embeddable":true,"href":"https:\/\/invertas.lt\/en\/wp-json\/wp\/v2\/product_brand?post=8181"},{"taxonomy":"product_cat","embeddable":true,"href":"https:\/\/invertas.lt\/en\/wp-json\/wp\/v2\/product_cat?post=8181"},{"taxonomy":"product_tag","embeddable":true,"href":"https:\/\/invertas.lt\/en\/wp-json\/wp\/v2\/product_tag?post=8181"}],"curies":[{"name":"wp","href":"https:\/\/api.w.org\/{rel}","templated":true}]}}