{"id":8178,"date":"2025-07-10T10:37:44","date_gmt":"2025-07-10T10:37:44","guid":{"rendered":"https:\/\/aurimasb15.sg-host.com\/?post_type=product&#038;p=8178"},"modified":"2025-08-08T15:20:45","modified_gmt":"2025-08-08T15:20:45","slug":"termopora-su-mineraline-izoliacija-ir-metaliniu-apsauginiu-vamzdziu-10-tmm","status":"publish","type":"product","link":"https:\/\/invertas.lt\/en\/produktai\/temperaturos-jutikliai\/termopora-su-mineraline-izoliacija-ir-metaliniu-apsauginiu-vamzdziu-10-tmm\/","title":{"rendered":"Guenther thermocouple 10-TMM"},"content":{"rendered":"<h3 data-start=\"0\" data-end=\"14\">Fields of application<\/h3>\n<p data-start=\"52\" data-end=\"280\">Thermocouples with metal protection tubes and sheathed mineral-insulated gauge slide  (10-TMM) are used for general temperature measurement in liquid, gaseous and plastic media up to 1200\u00b0C.<\/p>\n<h3 data-start=\"16\" data-end=\"183\">Features<\/h3>\n<ul>\n<li>Ease of Replacement<\/li>\n<li>Vibration and Impact Resistance<\/li>\n<li>Increased Holding Time<\/li>\n<li>Possibility for Test Bores<\/li>\n<\/ul>","protected":false},"excerpt":{"rendered":"<p>Taikymo sritys Termoporos su metaliniais apsauginiais vamzd\u017eiais ir mineraline izoliacija dengtu jutikliu (10-TMM) naudojamos bendrajai temperat\u016bros matavimo paskir\u010diai skystose, dujin\u0117se ir plastikin\u0117se terp\u0117se iki 1200 \u00b0C. Savyb\u0117s Lengvas keitimas Atsparumas vibracijai ir sm\u016bgiams Ilgesnis laikymo laikas Galimyb\u0117 \u012frengti bandymo gr\u0119\u017einius<\/p>","protected":false},"featured_media":8179,"comment_status":"open","ping_status":"closed","template":"","meta":{"_acf_changed":false,"inline_featured_image":false},"product_brand":[],"product_cat":[501],"product_tag":[],"class_list":{"0":"post-8178","1":"product","2":"type-product","3":"status-publish","4":"has-post-thumbnail","6":"product_cat-temperaturos-jutikliai","8":"first","9":"instock","10":"shipping-taxable","11":"purchasable","12":"product-type-simple"},"acf":[],"yoast_head":"<!-- This site is optimized with the Yoast SEO plugin v25.5 - https:\/\/yoast.com\/wordpress\/plugins\/seo\/ -->\n<title>Guenther termopora 10-TMM - Invertas<\/title>\n<meta name=\"description\" content=\"10-TMM termoporos su metaliniais vamzd\u017eiais ir mineraline izoliacija matuoja temperat\u016br\u0105 iki 1200\u202f\u00b0C skystose, dujin\u0117se ir plastikin\u0117se terp\u0117se.\" \/>\n<meta name=\"robots\" content=\"index, follow, max-snippet:-1, max-image-preview:large, max-video-preview:-1\" \/>\n<link rel=\"canonical\" href=\"https:\/\/invertas.lt\/en\/produktai\/temperaturos-jutikliai\/termopora-su-mineraline-izoliacija-ir-metaliniu-apsauginiu-vamzdziu-10-tmm\/\" \/>\n<meta property=\"og:locale\" content=\"en_GB\" \/>\n<meta property=\"og:type\" content=\"article\" \/>\n<meta property=\"og:title\" content=\"Guenther termopora 10-TMM - Invertas\" \/>\n<meta property=\"og:description\" content=\"10-TMM termoporos su metaliniais vamzd\u017eiais ir mineraline izoliacija matuoja temperat\u016br\u0105 iki 1200\u202f\u00b0C skystose, dujin\u0117se ir plastikin\u0117se terp\u0117se.\" \/>\n<meta property=\"og:url\" content=\"https:\/\/invertas.lt\/en\/produktai\/temperaturos-jutikliai\/termopora-su-mineraline-izoliacija-ir-metaliniu-apsauginiu-vamzdziu-10-tmm\/\" \/>\n<meta property=\"og:site_name\" content=\"Invertas\" \/>\n<meta property=\"article:modified_time\" content=\"2025-08-08T15:20:45+00:00\" \/>\n<meta property=\"og:image\" content=\"https:\/\/invertas.lt\/wp-content\/uploads\/2025\/07\/bd485f2a-c108-f4f8-c579-5d9840b213e3_79e65f65-0c47-280e-d379-248064b246e2_cntIdImage_7e490b7c22d7430041256bb3731fd413-e1752234453354.png\" \/>\n\t<meta property=\"og:image:width\" content=\"1500\" \/>\n\t<meta property=\"og:image:height\" content=\"1500\" \/>\n\t<meta property=\"og:image:type\" content=\"image\/png\" \/>\n<meta name=\"twitter:card\" content=\"summary_large_image\" \/>\n<meta name=\"twitter:label1\" content=\"Estimated reading time\" \/>\n\t<meta name=\"twitter:data1\" content=\"1 minute\" \/>\n<script type=\"application\/ld+json\" class=\"yoast-schema-graph\">{\"@context\":\"https:\/\/schema.org\",\"@graph\":[{\"@type\":\"WebPage\",\"@id\":\"https:\/\/invertas.lt\/produktai\/temperaturos-jutikliai\/termopora-su-mineraline-izoliacija-ir-metaliniu-apsauginiu-vamzdziu-10-tmm\/\",\"url\":\"https:\/\/invertas.lt\/produktai\/temperaturos-jutikliai\/termopora-su-mineraline-izoliacija-ir-metaliniu-apsauginiu-vamzdziu-10-tmm\/\",\"name\":\"Guenther termopora 10-TMM - Invertas\",\"isPartOf\":{\"@id\":\"https:\/\/invertas.lt\/#website\"},\"primaryImageOfPage\":{\"@id\":\"https:\/\/invertas.lt\/produktai\/temperaturos-jutikliai\/termopora-su-mineraline-izoliacija-ir-metaliniu-apsauginiu-vamzdziu-10-tmm\/#primaryimage\"},\"image\":{\"@id\":\"https:\/\/invertas.lt\/produktai\/temperaturos-jutikliai\/termopora-su-mineraline-izoliacija-ir-metaliniu-apsauginiu-vamzdziu-10-tmm\/#primaryimage\"},\"thumbnailUrl\":\"https:\/\/invertas.lt\/wp-content\/uploads\/2025\/07\/bd485f2a-c108-f4f8-c579-5d9840b213e3_79e65f65-0c47-280e-d379-248064b246e2_cntIdImage_7e490b7c22d7430041256bb3731fd413-e1752234453354.png\",\"datePublished\":\"2025-07-10T10:37:44+00:00\",\"dateModified\":\"2025-08-08T15:20:45+00:00\",\"description\":\"10-TMM termoporos su metaliniais vamzd\u017eiais ir mineraline izoliacija matuoja temperat\u016br\u0105 iki 1200\u202f\u00b0C skystose, dujin\u0117se ir plastikin\u0117se terp\u0117se.\",\"breadcrumb\":{\"@id\":\"https:\/\/invertas.lt\/produktai\/temperaturos-jutikliai\/termopora-su-mineraline-izoliacija-ir-metaliniu-apsauginiu-vamzdziu-10-tmm\/#breadcrumb\"},\"inLanguage\":\"en-GB\",\"potentialAction\":[{\"@type\":\"ReadAction\",\"target\":[\"https:\/\/invertas.lt\/produktai\/temperaturos-jutikliai\/termopora-su-mineraline-izoliacija-ir-metaliniu-apsauginiu-vamzdziu-10-tmm\/\"]}]},{\"@type\":\"ImageObject\",\"inLanguage\":\"en-GB\",\"@id\":\"https:\/\/invertas.lt\/produktai\/temperaturos-jutikliai\/termopora-su-mineraline-izoliacija-ir-metaliniu-apsauginiu-vamzdziu-10-tmm\/#primaryimage\",\"url\":\"https:\/\/invertas.lt\/wp-content\/uploads\/2025\/07\/bd485f2a-c108-f4f8-c579-5d9840b213e3_79e65f65-0c47-280e-d379-248064b246e2_cntIdImage_7e490b7c22d7430041256bb3731fd413-e1752234453354.png\",\"contentUrl\":\"https:\/\/invertas.lt\/wp-content\/uploads\/2025\/07\/bd485f2a-c108-f4f8-c579-5d9840b213e3_79e65f65-0c47-280e-d379-248064b246e2_cntIdImage_7e490b7c22d7430041256bb3731fd413-e1752234453354.png\",\"width\":1500,\"height\":1500},{\"@type\":\"BreadcrumbList\",\"@id\":\"https:\/\/invertas.lt\/produktai\/temperaturos-jutikliai\/termopora-su-mineraline-izoliacija-ir-metaliniu-apsauginiu-vamzdziu-10-tmm\/#breadcrumb\",\"itemListElement\":[{\"@type\":\"ListItem\",\"position\":1,\"name\":\"Prad\u017eia\",\"item\":\"https:\/\/invertas.lt\/\"},{\"@type\":\"ListItem\",\"position\":2,\"name\":\"Products\",\"item\":\"https:\/\/invertas.lt\/shop\/\"},{\"@type\":\"ListItem\",\"position\":3,\"name\":\"Temperat\u016bros jutikliai\",\"item\":\"https:\/\/invertas.lt\/.\/temperaturos-jutikliai\/\"},{\"@type\":\"ListItem\",\"position\":4,\"name\":\"Guenther termopora 10-TMM\"}]},{\"@type\":\"WebSite\",\"@id\":\"https:\/\/invertas.lt\/#website\",\"url\":\"https:\/\/invertas.lt\/\",\"name\":\"Invertas\",\"description\":\"\",\"publisher\":{\"@id\":\"https:\/\/invertas.lt\/#organization\"},\"potentialAction\":[{\"@type\":\"SearchAction\",\"target\":{\"@type\":\"EntryPoint\",\"urlTemplate\":\"https:\/\/invertas.lt\/?s={search_term_string}\"},\"query-input\":{\"@type\":\"PropertyValueSpecification\",\"valueRequired\":true,\"valueName\":\"search_term_string\"}}],\"inLanguage\":\"en-GB\"},{\"@type\":\"Organization\",\"@id\":\"https:\/\/invertas.lt\/#organization\",\"name\":\"Invertas\",\"url\":\"https:\/\/invertas.lt\/\",\"logo\":{\"@type\":\"ImageObject\",\"inLanguage\":\"en-GB\",\"@id\":\"https:\/\/invertas.lt\/#\/schema\/logo\/image\/\",\"url\":\"https:\/\/invertas.lt\/wp-content\/uploads\/2025\/03\/New-Text-Document-2.svg\",\"contentUrl\":\"https:\/\/invertas.lt\/wp-content\/uploads\/2025\/03\/New-Text-Document-2.svg\",\"width\":140,\"height\":39,\"caption\":\"Invertas\"},\"image\":{\"@id\":\"https:\/\/invertas.lt\/#\/schema\/logo\/image\/\"}}]}<\/script>\n<!-- \/ Yoast SEO plugin. -->","yoast_head_json":{"title":"Guenther termopora 10-TMM - Invertas","description":"10-TMM termoporos su metaliniais vamzd\u017eiais ir mineraline izoliacija matuoja temperat\u016br\u0105 iki 1200\u202f\u00b0C skystose, dujin\u0117se ir plastikin\u0117se terp\u0117se.","robots":{"index":"index","follow":"follow","max-snippet":"max-snippet:-1","max-image-preview":"max-image-preview:large","max-video-preview":"max-video-preview:-1"},"canonical":"https:\/\/invertas.lt\/en\/produktai\/temperaturos-jutikliai\/termopora-su-mineraline-izoliacija-ir-metaliniu-apsauginiu-vamzdziu-10-tmm\/","og_locale":"en_GB","og_type":"article","og_title":"Guenther termopora 10-TMM - Invertas","og_description":"10-TMM termoporos su metaliniais vamzd\u017eiais ir mineraline izoliacija matuoja temperat\u016br\u0105 iki 1200\u202f\u00b0C skystose, dujin\u0117se ir plastikin\u0117se terp\u0117se.","og_url":"https:\/\/invertas.lt\/en\/produktai\/temperaturos-jutikliai\/termopora-su-mineraline-izoliacija-ir-metaliniu-apsauginiu-vamzdziu-10-tmm\/","og_site_name":"Invertas","article_modified_time":"2025-08-08T15:20:45+00:00","og_image":[{"width":1500,"height":1500,"url":"https:\/\/invertas.lt\/wp-content\/uploads\/2025\/07\/bd485f2a-c108-f4f8-c579-5d9840b213e3_79e65f65-0c47-280e-d379-248064b246e2_cntIdImage_7e490b7c22d7430041256bb3731fd413-e1752234453354.png","type":"image\/png"}],"twitter_card":"summary_large_image","twitter_misc":{"Estimated reading time":"1 minute"},"schema":{"@context":"https:\/\/schema.org","@graph":[{"@type":"WebPage","@id":"https:\/\/invertas.lt\/produktai\/temperaturos-jutikliai\/termopora-su-mineraline-izoliacija-ir-metaliniu-apsauginiu-vamzdziu-10-tmm\/","url":"https:\/\/invertas.lt\/produktai\/temperaturos-jutikliai\/termopora-su-mineraline-izoliacija-ir-metaliniu-apsauginiu-vamzdziu-10-tmm\/","name":"Guenther termopora 10-TMM - Invertas","isPartOf":{"@id":"https:\/\/invertas.lt\/#website"},"primaryImageOfPage":{"@id":"https:\/\/invertas.lt\/produktai\/temperaturos-jutikliai\/termopora-su-mineraline-izoliacija-ir-metaliniu-apsauginiu-vamzdziu-10-tmm\/#primaryimage"},"image":{"@id":"https:\/\/invertas.lt\/produktai\/temperaturos-jutikliai\/termopora-su-mineraline-izoliacija-ir-metaliniu-apsauginiu-vamzdziu-10-tmm\/#primaryimage"},"thumbnailUrl":"https:\/\/invertas.lt\/wp-content\/uploads\/2025\/07\/bd485f2a-c108-f4f8-c579-5d9840b213e3_79e65f65-0c47-280e-d379-248064b246e2_cntIdImage_7e490b7c22d7430041256bb3731fd413-e1752234453354.png","datePublished":"2025-07-10T10:37:44+00:00","dateModified":"2025-08-08T15:20:45+00:00","description":"10-TMM termoporos su metaliniais vamzd\u017eiais ir mineraline izoliacija matuoja temperat\u016br\u0105 iki 1200\u202f\u00b0C skystose, dujin\u0117se ir plastikin\u0117se terp\u0117se.","breadcrumb":{"@id":"https:\/\/invertas.lt\/produktai\/temperaturos-jutikliai\/termopora-su-mineraline-izoliacija-ir-metaliniu-apsauginiu-vamzdziu-10-tmm\/#breadcrumb"},"inLanguage":"en-GB","potentialAction":[{"@type":"ReadAction","target":["https:\/\/invertas.lt\/produktai\/temperaturos-jutikliai\/termopora-su-mineraline-izoliacija-ir-metaliniu-apsauginiu-vamzdziu-10-tmm\/"]}]},{"@type":"ImageObject","inLanguage":"en-GB","@id":"https:\/\/invertas.lt\/produktai\/temperaturos-jutikliai\/termopora-su-mineraline-izoliacija-ir-metaliniu-apsauginiu-vamzdziu-10-tmm\/#primaryimage","url":"https:\/\/invertas.lt\/wp-content\/uploads\/2025\/07\/bd485f2a-c108-f4f8-c579-5d9840b213e3_79e65f65-0c47-280e-d379-248064b246e2_cntIdImage_7e490b7c22d7430041256bb3731fd413-e1752234453354.png","contentUrl":"https:\/\/invertas.lt\/wp-content\/uploads\/2025\/07\/bd485f2a-c108-f4f8-c579-5d9840b213e3_79e65f65-0c47-280e-d379-248064b246e2_cntIdImage_7e490b7c22d7430041256bb3731fd413-e1752234453354.png","width":1500,"height":1500},{"@type":"BreadcrumbList","@id":"https:\/\/invertas.lt\/produktai\/temperaturos-jutikliai\/termopora-su-mineraline-izoliacija-ir-metaliniu-apsauginiu-vamzdziu-10-tmm\/#breadcrumb","itemListElement":[{"@type":"ListItem","position":1,"name":"Prad\u017eia","item":"https:\/\/invertas.lt\/"},{"@type":"ListItem","position":2,"name":"Products","item":"https:\/\/invertas.lt\/shop\/"},{"@type":"ListItem","position":3,"name":"Temperat\u016bros jutikliai","item":"https:\/\/invertas.lt\/.\/temperaturos-jutikliai\/"},{"@type":"ListItem","position":4,"name":"Guenther termopora 10-TMM"}]},{"@type":"WebSite","@id":"https:\/\/invertas.lt\/#website","url":"https:\/\/invertas.lt\/","name":"Invert","description":"","publisher":{"@id":"https:\/\/invertas.lt\/#organization"},"potentialAction":[{"@type":"SearchAction","target":{"@type":"EntryPoint","urlTemplate":"https:\/\/invertas.lt\/?s={search_term_string}"},"query-input":{"@type":"PropertyValueSpecification","valueRequired":true,"valueName":"search_term_string"}}],"inLanguage":"en-GB"},{"@type":"Organization","@id":"https:\/\/invertas.lt\/#organization","name":"Invert","url":"https:\/\/invertas.lt\/","logo":{"@type":"ImageObject","inLanguage":"en-GB","@id":"https:\/\/invertas.lt\/#\/schema\/logo\/image\/","url":"https:\/\/invertas.lt\/wp-content\/uploads\/2025\/03\/New-Text-Document-2.svg","contentUrl":"https:\/\/invertas.lt\/wp-content\/uploads\/2025\/03\/New-Text-Document-2.svg","width":140,"height":39,"caption":"Invertas"},"image":{"@id":"https:\/\/invertas.lt\/#\/schema\/logo\/image\/"}}]}},"_links":{"self":[{"href":"https:\/\/invertas.lt\/en\/wp-json\/wp\/v2\/product\/8178","targetHints":{"allow":["GET"]}}],"collection":[{"href":"https:\/\/invertas.lt\/en\/wp-json\/wp\/v2\/product"}],"about":[{"href":"https:\/\/invertas.lt\/en\/wp-json\/wp\/v2\/types\/product"}],"replies":[{"embeddable":true,"href":"https:\/\/invertas.lt\/en\/wp-json\/wp\/v2\/comments?post=8178"}],"wp:featuredmedia":[{"embeddable":true,"href":"https:\/\/invertas.lt\/en\/wp-json\/wp\/v2\/media\/8179"}],"wp:attachment":[{"href":"https:\/\/invertas.lt\/en\/wp-json\/wp\/v2\/media?parent=8178"}],"wp:term":[{"taxonomy":"product_brand","embeddable":true,"href":"https:\/\/invertas.lt\/en\/wp-json\/wp\/v2\/product_brand?post=8178"},{"taxonomy":"product_cat","embeddable":true,"href":"https:\/\/invertas.lt\/en\/wp-json\/wp\/v2\/product_cat?post=8178"},{"taxonomy":"product_tag","embeddable":true,"href":"https:\/\/invertas.lt\/en\/wp-json\/wp\/v2\/product_tag?post=8178"}],"curies":[{"name":"wp","href":"https:\/\/api.w.org\/{rel}","templated":true}]}}