{"id":8175,"date":"2025-07-10T10:22:28","date_gmt":"2025-07-10T10:22:28","guid":{"rendered":"https:\/\/aurimasb15.sg-host.com\/?post_type=product&#038;p=8175"},"modified":"2025-08-08T15:19:53","modified_gmt":"2025-08-08T15:19:53","slug":"termopora-su-brangiuju-metalu-apsauginiu-vamzdziu-ir-imontuotu-vieliniu-elementu-08-tmp","status":"publish","type":"product","link":"https:\/\/invertas.lt\/en\/produktai\/temperaturos-jutikliai\/termopora-su-brangiuju-metalu-apsauginiu-vamzdziu-ir-imontuotu-vieliniu-elementu-08-tmp\/","title":{"rendered":"Guenther thermocouple 08-TMP"},"content":{"rendered":"<h3 data-start=\"67\" data-end=\"85\">Fields of application<\/h3>\n<p data-start=\"87\" data-end=\"292\">Thermocouple assemblies with precious metal protection tubes (08-TMP) are often used in the glass and wool industries. The maximum operating temperature depends on the thermocouple and protection tube materials.<\/p>\n<h3 data-start=\"294\" data-end=\"305\">Features<\/h3>\n<ul data-start=\"307\" data-end=\"419\" data-is-last-node=\"\" data-is-only-node=\"\">\n<li data-start=\"307\" data-end=\"342\">\n<p data-start=\"309\" data-end=\"342\">High temperature resistance<\/p>\n<\/li>\n<li data-start=\"343\" data-end=\"379\">\n<p data-start=\"345\" data-end=\"379\">Durable protection for precious metals<\/p>\n<\/li>\n<li data-start=\"380\" data-end=\"419\" data-is-last-node=\"\">\n<p data-start=\"382\" data-end=\"419\" data-is-last-node=\"\">Suitable for harsh industrial conditions<\/p>\n<\/li>\n<\/ul>","protected":false},"excerpt":{"rendered":"<p>Taikymo sritys Termopor\u0173 surinkimai su brangi\u0173j\u0173 metal\u0173 apsauginiais vamzd\u017eiais (08-TMP) da\u017enai naudojami stiklo ir vatos pramon\u0117je. Maksimali darbin\u0117 temperat\u016bra priklauso nuo termoporos ir apsauginio vamzd\u017eio med\u017eiag\u0173. Savyb\u0117s Auk\u0161tas temperat\u016bros atsparumas Patvari brangi\u0173j\u0173 metal\u0173 apsauga Tinkami sud\u0117tingoms pramon\u0117s s\u0105lygoms<\/p>","protected":false},"featured_media":8176,"comment_status":"open","ping_status":"closed","template":"","meta":{"_acf_changed":false,"inline_featured_image":false},"product_brand":[],"product_cat":[501],"product_tag":[],"class_list":{"0":"post-8175","1":"product","2":"type-product","3":"status-publish","4":"has-post-thumbnail","6":"product_cat-temperaturos-jutikliai","8":"first","9":"instock","10":"shipping-taxable","11":"purchasable","12":"product-type-simple"},"acf":[],"yoast_head":"<!-- This site is optimized with the Yoast SEO plugin v25.5 - https:\/\/yoast.com\/wordpress\/plugins\/seo\/ -->\n<title>Guenther termopora 08-TMP - Invertas<\/title>\n<meta name=\"description\" content=\"08-TMP termopor\u0173 surinkimai su brangi\u0173j\u0173 metal\u0173 apsauginiais vamzd\u017eiais skirti temperat\u016bros matavimui stiklo ir vatos pramon\u0117je.\" \/>\n<meta name=\"robots\" content=\"index, follow, max-snippet:-1, max-image-preview:large, max-video-preview:-1\" \/>\n<link rel=\"canonical\" href=\"https:\/\/invertas.lt\/en\/produktai\/temperaturos-jutikliai\/termopora-su-brangiuju-metalu-apsauginiu-vamzdziu-ir-imontuotu-vieliniu-elementu-08-tmp\/\" \/>\n<meta property=\"og:locale\" content=\"en_GB\" \/>\n<meta property=\"og:type\" content=\"article\" \/>\n<meta property=\"og:title\" content=\"Guenther termopora 08-TMP - Invertas\" \/>\n<meta property=\"og:description\" content=\"08-TMP termopor\u0173 surinkimai su brangi\u0173j\u0173 metal\u0173 apsauginiais vamzd\u017eiais skirti temperat\u016bros matavimui stiklo ir vatos pramon\u0117je.\" \/>\n<meta property=\"og:url\" content=\"https:\/\/invertas.lt\/en\/produktai\/temperaturos-jutikliai\/termopora-su-brangiuju-metalu-apsauginiu-vamzdziu-ir-imontuotu-vieliniu-elementu-08-tmp\/\" \/>\n<meta property=\"og:site_name\" content=\"Invertas\" \/>\n<meta property=\"article:modified_time\" content=\"2025-08-08T15:19:53+00:00\" \/>\n<meta property=\"og:image\" content=\"https:\/\/invertas.lt\/wp-content\/uploads\/2025\/07\/b49296fc-11e2-240e-6cfd-5d1c68f4aa71_bf8d6aaf-806c-7a8b-cfd0-88322e366867_cntIdImage_7e490b7c22d7430041256bb3731fd413-e1752234421716.png\" \/>\n\t<meta property=\"og:image:width\" content=\"1500\" \/>\n\t<meta property=\"og:image:height\" content=\"1500\" \/>\n\t<meta property=\"og:image:type\" content=\"image\/png\" \/>\n<meta name=\"twitter:card\" content=\"summary_large_image\" \/>\n<meta name=\"twitter:label1\" content=\"Estimated reading time\" \/>\n\t<meta name=\"twitter:data1\" content=\"1 minute\" \/>\n<script type=\"application\/ld+json\" class=\"yoast-schema-graph\">{\"@context\":\"https:\/\/schema.org\",\"@graph\":[{\"@type\":\"WebPage\",\"@id\":\"https:\/\/invertas.lt\/produktai\/temperaturos-jutikliai\/termopora-su-brangiuju-metalu-apsauginiu-vamzdziu-ir-imontuotu-vieliniu-elementu-08-tmp\/\",\"url\":\"https:\/\/invertas.lt\/produktai\/temperaturos-jutikliai\/termopora-su-brangiuju-metalu-apsauginiu-vamzdziu-ir-imontuotu-vieliniu-elementu-08-tmp\/\",\"name\":\"Guenther termopora 08-TMP - Invertas\",\"isPartOf\":{\"@id\":\"https:\/\/invertas.lt\/#website\"},\"primaryImageOfPage\":{\"@id\":\"https:\/\/invertas.lt\/produktai\/temperaturos-jutikliai\/termopora-su-brangiuju-metalu-apsauginiu-vamzdziu-ir-imontuotu-vieliniu-elementu-08-tmp\/#primaryimage\"},\"image\":{\"@id\":\"https:\/\/invertas.lt\/produktai\/temperaturos-jutikliai\/termopora-su-brangiuju-metalu-apsauginiu-vamzdziu-ir-imontuotu-vieliniu-elementu-08-tmp\/#primaryimage\"},\"thumbnailUrl\":\"https:\/\/invertas.lt\/wp-content\/uploads\/2025\/07\/b49296fc-11e2-240e-6cfd-5d1c68f4aa71_bf8d6aaf-806c-7a8b-cfd0-88322e366867_cntIdImage_7e490b7c22d7430041256bb3731fd413-e1752234421716.png\",\"datePublished\":\"2025-07-10T10:22:28+00:00\",\"dateModified\":\"2025-08-08T15:19:53+00:00\",\"description\":\"08-TMP termopor\u0173 surinkimai su brangi\u0173j\u0173 metal\u0173 apsauginiais vamzd\u017eiais skirti temperat\u016bros matavimui stiklo ir vatos pramon\u0117je.\",\"breadcrumb\":{\"@id\":\"https:\/\/invertas.lt\/produktai\/temperaturos-jutikliai\/termopora-su-brangiuju-metalu-apsauginiu-vamzdziu-ir-imontuotu-vieliniu-elementu-08-tmp\/#breadcrumb\"},\"inLanguage\":\"en-GB\",\"potentialAction\":[{\"@type\":\"ReadAction\",\"target\":[\"https:\/\/invertas.lt\/produktai\/temperaturos-jutikliai\/termopora-su-brangiuju-metalu-apsauginiu-vamzdziu-ir-imontuotu-vieliniu-elementu-08-tmp\/\"]}]},{\"@type\":\"ImageObject\",\"inLanguage\":\"en-GB\",\"@id\":\"https:\/\/invertas.lt\/produktai\/temperaturos-jutikliai\/termopora-su-brangiuju-metalu-apsauginiu-vamzdziu-ir-imontuotu-vieliniu-elementu-08-tmp\/#primaryimage\",\"url\":\"https:\/\/invertas.lt\/wp-content\/uploads\/2025\/07\/b49296fc-11e2-240e-6cfd-5d1c68f4aa71_bf8d6aaf-806c-7a8b-cfd0-88322e366867_cntIdImage_7e490b7c22d7430041256bb3731fd413-e1752234421716.png\",\"contentUrl\":\"https:\/\/invertas.lt\/wp-content\/uploads\/2025\/07\/b49296fc-11e2-240e-6cfd-5d1c68f4aa71_bf8d6aaf-806c-7a8b-cfd0-88322e366867_cntIdImage_7e490b7c22d7430041256bb3731fd413-e1752234421716.png\",\"width\":1500,\"height\":1500},{\"@type\":\"BreadcrumbList\",\"@id\":\"https:\/\/invertas.lt\/produktai\/temperaturos-jutikliai\/termopora-su-brangiuju-metalu-apsauginiu-vamzdziu-ir-imontuotu-vieliniu-elementu-08-tmp\/#breadcrumb\",\"itemListElement\":[{\"@type\":\"ListItem\",\"position\":1,\"name\":\"Prad\u017eia\",\"item\":\"https:\/\/invertas.lt\/\"},{\"@type\":\"ListItem\",\"position\":2,\"name\":\"Products\",\"item\":\"https:\/\/invertas.lt\/shop\/\"},{\"@type\":\"ListItem\",\"position\":3,\"name\":\"Temperat\u016bros jutikliai\",\"item\":\"https:\/\/invertas.lt\/.\/temperaturos-jutikliai\/\"},{\"@type\":\"ListItem\",\"position\":4,\"name\":\"Guenther termopora 08-TMP\"}]},{\"@type\":\"WebSite\",\"@id\":\"https:\/\/invertas.lt\/#website\",\"url\":\"https:\/\/invertas.lt\/\",\"name\":\"Invertas\",\"description\":\"\",\"publisher\":{\"@id\":\"https:\/\/invertas.lt\/#organization\"},\"potentialAction\":[{\"@type\":\"SearchAction\",\"target\":{\"@type\":\"EntryPoint\",\"urlTemplate\":\"https:\/\/invertas.lt\/?s={search_term_string}\"},\"query-input\":{\"@type\":\"PropertyValueSpecification\",\"valueRequired\":true,\"valueName\":\"search_term_string\"}}],\"inLanguage\":\"en-GB\"},{\"@type\":\"Organization\",\"@id\":\"https:\/\/invertas.lt\/#organization\",\"name\":\"Invertas\",\"url\":\"https:\/\/invertas.lt\/\",\"logo\":{\"@type\":\"ImageObject\",\"inLanguage\":\"en-GB\",\"@id\":\"https:\/\/invertas.lt\/#\/schema\/logo\/image\/\",\"url\":\"https:\/\/invertas.lt\/wp-content\/uploads\/2025\/03\/New-Text-Document-2.svg\",\"contentUrl\":\"https:\/\/invertas.lt\/wp-content\/uploads\/2025\/03\/New-Text-Document-2.svg\",\"width\":140,\"height\":39,\"caption\":\"Invertas\"},\"image\":{\"@id\":\"https:\/\/invertas.lt\/#\/schema\/logo\/image\/\"}}]}<\/script>\n<!-- \/ Yoast SEO plugin. -->","yoast_head_json":{"title":"Guenther termopora 08-TMP - Invertas","description":"08-TMP termopor\u0173 surinkimai su brangi\u0173j\u0173 metal\u0173 apsauginiais vamzd\u017eiais skirti temperat\u016bros matavimui stiklo ir vatos pramon\u0117je.","robots":{"index":"index","follow":"follow","max-snippet":"max-snippet:-1","max-image-preview":"max-image-preview:large","max-video-preview":"max-video-preview:-1"},"canonical":"https:\/\/invertas.lt\/en\/produktai\/temperaturos-jutikliai\/termopora-su-brangiuju-metalu-apsauginiu-vamzdziu-ir-imontuotu-vieliniu-elementu-08-tmp\/","og_locale":"en_GB","og_type":"article","og_title":"Guenther termopora 08-TMP - Invertas","og_description":"08-TMP termopor\u0173 surinkimai su brangi\u0173j\u0173 metal\u0173 apsauginiais vamzd\u017eiais skirti temperat\u016bros matavimui stiklo ir vatos pramon\u0117je.","og_url":"https:\/\/invertas.lt\/en\/produktai\/temperaturos-jutikliai\/termopora-su-brangiuju-metalu-apsauginiu-vamzdziu-ir-imontuotu-vieliniu-elementu-08-tmp\/","og_site_name":"Invertas","article_modified_time":"2025-08-08T15:19:53+00:00","og_image":[{"width":1500,"height":1500,"url":"https:\/\/invertas.lt\/wp-content\/uploads\/2025\/07\/b49296fc-11e2-240e-6cfd-5d1c68f4aa71_bf8d6aaf-806c-7a8b-cfd0-88322e366867_cntIdImage_7e490b7c22d7430041256bb3731fd413-e1752234421716.png","type":"image\/png"}],"twitter_card":"summary_large_image","twitter_misc":{"Estimated reading time":"1 minute"},"schema":{"@context":"https:\/\/schema.org","@graph":[{"@type":"WebPage","@id":"https:\/\/invertas.lt\/produktai\/temperaturos-jutikliai\/termopora-su-brangiuju-metalu-apsauginiu-vamzdziu-ir-imontuotu-vieliniu-elementu-08-tmp\/","url":"https:\/\/invertas.lt\/produktai\/temperaturos-jutikliai\/termopora-su-brangiuju-metalu-apsauginiu-vamzdziu-ir-imontuotu-vieliniu-elementu-08-tmp\/","name":"Guenther termopora 08-TMP - Invertas","isPartOf":{"@id":"https:\/\/invertas.lt\/#website"},"primaryImageOfPage":{"@id":"https:\/\/invertas.lt\/produktai\/temperaturos-jutikliai\/termopora-su-brangiuju-metalu-apsauginiu-vamzdziu-ir-imontuotu-vieliniu-elementu-08-tmp\/#primaryimage"},"image":{"@id":"https:\/\/invertas.lt\/produktai\/temperaturos-jutikliai\/termopora-su-brangiuju-metalu-apsauginiu-vamzdziu-ir-imontuotu-vieliniu-elementu-08-tmp\/#primaryimage"},"thumbnailUrl":"https:\/\/invertas.lt\/wp-content\/uploads\/2025\/07\/b49296fc-11e2-240e-6cfd-5d1c68f4aa71_bf8d6aaf-806c-7a8b-cfd0-88322e366867_cntIdImage_7e490b7c22d7430041256bb3731fd413-e1752234421716.png","datePublished":"2025-07-10T10:22:28+00:00","dateModified":"2025-08-08T15:19:53+00:00","description":"08-TMP termopor\u0173 surinkimai su brangi\u0173j\u0173 metal\u0173 apsauginiais vamzd\u017eiais skirti temperat\u016bros matavimui stiklo ir vatos pramon\u0117je.","breadcrumb":{"@id":"https:\/\/invertas.lt\/produktai\/temperaturos-jutikliai\/termopora-su-brangiuju-metalu-apsauginiu-vamzdziu-ir-imontuotu-vieliniu-elementu-08-tmp\/#breadcrumb"},"inLanguage":"en-GB","potentialAction":[{"@type":"ReadAction","target":["https:\/\/invertas.lt\/produktai\/temperaturos-jutikliai\/termopora-su-brangiuju-metalu-apsauginiu-vamzdziu-ir-imontuotu-vieliniu-elementu-08-tmp\/"]}]},{"@type":"ImageObject","inLanguage":"en-GB","@id":"https:\/\/invertas.lt\/produktai\/temperaturos-jutikliai\/termopora-su-brangiuju-metalu-apsauginiu-vamzdziu-ir-imontuotu-vieliniu-elementu-08-tmp\/#primaryimage","url":"https:\/\/invertas.lt\/wp-content\/uploads\/2025\/07\/b49296fc-11e2-240e-6cfd-5d1c68f4aa71_bf8d6aaf-806c-7a8b-cfd0-88322e366867_cntIdImage_7e490b7c22d7430041256bb3731fd413-e1752234421716.png","contentUrl":"https:\/\/invertas.lt\/wp-content\/uploads\/2025\/07\/b49296fc-11e2-240e-6cfd-5d1c68f4aa71_bf8d6aaf-806c-7a8b-cfd0-88322e366867_cntIdImage_7e490b7c22d7430041256bb3731fd413-e1752234421716.png","width":1500,"height":1500},{"@type":"BreadcrumbList","@id":"https:\/\/invertas.lt\/produktai\/temperaturos-jutikliai\/termopora-su-brangiuju-metalu-apsauginiu-vamzdziu-ir-imontuotu-vieliniu-elementu-08-tmp\/#breadcrumb","itemListElement":[{"@type":"ListItem","position":1,"name":"Prad\u017eia","item":"https:\/\/invertas.lt\/"},{"@type":"ListItem","position":2,"name":"Products","item":"https:\/\/invertas.lt\/shop\/"},{"@type":"ListItem","position":3,"name":"Temperat\u016bros jutikliai","item":"https:\/\/invertas.lt\/.\/temperaturos-jutikliai\/"},{"@type":"ListItem","position":4,"name":"Guenther termopora 08-TMP"}]},{"@type":"WebSite","@id":"https:\/\/invertas.lt\/#website","url":"https:\/\/invertas.lt\/","name":"Invert","description":"","publisher":{"@id":"https:\/\/invertas.lt\/#organization"},"potentialAction":[{"@type":"SearchAction","target":{"@type":"EntryPoint","urlTemplate":"https:\/\/invertas.lt\/?s={search_term_string}"},"query-input":{"@type":"PropertyValueSpecification","valueRequired":true,"valueName":"search_term_string"}}],"inLanguage":"en-GB"},{"@type":"Organization","@id":"https:\/\/invertas.lt\/#organization","name":"Invert","url":"https:\/\/invertas.lt\/","logo":{"@type":"ImageObject","inLanguage":"en-GB","@id":"https:\/\/invertas.lt\/#\/schema\/logo\/image\/","url":"https:\/\/invertas.lt\/wp-content\/uploads\/2025\/03\/New-Text-Document-2.svg","contentUrl":"https:\/\/invertas.lt\/wp-content\/uploads\/2025\/03\/New-Text-Document-2.svg","width":140,"height":39,"caption":"Invertas"},"image":{"@id":"https:\/\/invertas.lt\/#\/schema\/logo\/image\/"}}]}},"_links":{"self":[{"href":"https:\/\/invertas.lt\/en\/wp-json\/wp\/v2\/product\/8175","targetHints":{"allow":["GET"]}}],"collection":[{"href":"https:\/\/invertas.lt\/en\/wp-json\/wp\/v2\/product"}],"about":[{"href":"https:\/\/invertas.lt\/en\/wp-json\/wp\/v2\/types\/product"}],"replies":[{"embeddable":true,"href":"https:\/\/invertas.lt\/en\/wp-json\/wp\/v2\/comments?post=8175"}],"wp:featuredmedia":[{"embeddable":true,"href":"https:\/\/invertas.lt\/en\/wp-json\/wp\/v2\/media\/8176"}],"wp:attachment":[{"href":"https:\/\/invertas.lt\/en\/wp-json\/wp\/v2\/media?parent=8175"}],"wp:term":[{"taxonomy":"product_brand","embeddable":true,"href":"https:\/\/invertas.lt\/en\/wp-json\/wp\/v2\/product_brand?post=8175"},{"taxonomy":"product_cat","embeddable":true,"href":"https:\/\/invertas.lt\/en\/wp-json\/wp\/v2\/product_cat?post=8175"},{"taxonomy":"product_tag","embeddable":true,"href":"https:\/\/invertas.lt\/en\/wp-json\/wp\/v2\/product_tag?post=8175"}],"curies":[{"name":"wp","href":"https:\/\/api.w.org\/{rel}","templated":true}]}}