{"id":8172,"date":"2025-07-10T09:59:58","date_gmt":"2025-07-10T09:59:58","guid":{"rendered":"https:\/\/aurimasb15.sg-host.com\/?post_type=product&#038;p=8172"},"modified":"2025-08-08T15:18:47","modified_gmt":"2025-08-08T15:18:47","slug":"termopora-su-keraminiu-apsauginiu-vamzdziu-ir-imontuotu-vieliniu-elementu-05-tkt","status":"publish","type":"product","link":"https:\/\/invertas.lt\/en\/produktai\/temperaturos-jutikliai\/termopora-su-keraminiu-apsauginiu-vamzdziu-ir-imontuotu-vieliniu-elementu-05-tkt\/","title":{"rendered":"Guenther thermocouple 05-TKT"},"content":{"rendered":"<h3 data-start=\"90\" data-end=\"108\">Fields of application<\/h3>\n<p data-start=\"110\" data-end=\"343\">05-TKT thermocouples with a ceramic tube measure temperatures in gaseous environments up to 1800 \u00b0C, ensuring durability and resistance.<\/p>\n<h3 data-start=\"345\" data-end=\"356\">Features<\/h3>\n<ul data-start=\"358\" data-end=\"546\" data-is-last-node=\"\" data-is-only-node=\"\">\n<li data-start=\"358\" data-end=\"411\">\n<p data-start=\"360\" data-end=\"411\">Resistance to very high temperatures up to 1800 \u00b0C<\/p>\n<\/li>\n<li data-start=\"412\" data-end=\"487\">\n<p data-start=\"414\" data-end=\"487\">Ceramic protective tube protects against mechanical and chemical damage<\/p>\n<\/li>\n<li data-start=\"488\" data-end=\"546\" data-is-last-node=\"\">\n<p data-start=\"490\" data-end=\"546\" data-is-last-node=\"\">Durability and reliability in difficult working conditions<\/p>\n<\/li>\n<\/ul>","protected":false},"excerpt":{"rendered":"<p>Taikymo sritys 05-TKT termoporos su keraminiu vamzd\u017eiu matuoja temperat\u016br\u0105 dujin\u0117se aplinkose iki 1800\u202f\u00b0C, u\u017etikrindami ilgaam\u017ei\u0161kum\u0105 ir atsparum\u0105. Savyb\u0117s Atsparumas labai auk\u0161tai temperat\u016brai iki 1800 \u00b0C Keraminis apsauginis vamzdis saugo nuo mechanini\u0173 ir chemini\u0173 pa\u017eeidim\u0173 Ilgaam\u017ei\u0161kumas ir patikimumas sud\u0117tingose darbo s\u0105lygose<\/p>","protected":false},"featured_media":8173,"comment_status":"open","ping_status":"closed","template":"","meta":{"_acf_changed":false,"inline_featured_image":false},"product_brand":[],"product_cat":[501],"product_tag":[],"class_list":{"0":"post-8172","1":"product","2":"type-product","3":"status-publish","4":"has-post-thumbnail","6":"product_cat-temperaturos-jutikliai","8":"first","9":"instock","10":"shipping-taxable","11":"purchasable","12":"product-type-simple"},"acf":[],"yoast_head":"<!-- This site is optimized with the Yoast SEO plugin v25.5 - https:\/\/yoast.com\/wordpress\/plugins\/seo\/ -->\n<title>Guenther termopora 05-TKT - Invertas<\/title>\n<meta name=\"description\" content=\"05-TKT termopor\u0173 surinkiniai su keraminiu apsauginiu vamzd\u017eiu skirti temperat\u016bros matavimui dujin\u0117se aplinkose iki 1800 \u00b0C.\" \/>\n<meta name=\"robots\" content=\"index, follow, max-snippet:-1, max-image-preview:large, max-video-preview:-1\" \/>\n<link rel=\"canonical\" href=\"https:\/\/invertas.lt\/en\/produktai\/temperaturos-jutikliai\/termopora-su-keraminiu-apsauginiu-vamzdziu-ir-imontuotu-vieliniu-elementu-05-tkt\/\" \/>\n<meta property=\"og:locale\" content=\"en_GB\" \/>\n<meta property=\"og:type\" content=\"article\" \/>\n<meta property=\"og:title\" content=\"Guenther termopora 05-TKT - Invertas\" \/>\n<meta property=\"og:description\" content=\"05-TKT termopor\u0173 surinkiniai su keraminiu apsauginiu vamzd\u017eiu skirti temperat\u016bros matavimui dujin\u0117se aplinkose iki 1800 \u00b0C.\" \/>\n<meta property=\"og:url\" content=\"https:\/\/invertas.lt\/en\/produktai\/temperaturos-jutikliai\/termopora-su-keraminiu-apsauginiu-vamzdziu-ir-imontuotu-vieliniu-elementu-05-tkt\/\" \/>\n<meta property=\"og:site_name\" content=\"Invertas\" \/>\n<meta property=\"article:modified_time\" content=\"2025-08-08T15:18:47+00:00\" \/>\n<meta property=\"og:image\" content=\"https:\/\/invertas.lt\/wp-content\/uploads\/2025\/07\/81393fe6-eccb-1470-f142-4d26ddc4b29b_6989e3eb-13a8-5527-96fb-75f2742436d4_cntIdImage_7e490b7c22d7430041256bb3731fd413-e1752230778374.png\" \/>\n\t<meta property=\"og:image:width\" content=\"1200\" \/>\n\t<meta property=\"og:image:height\" content=\"1650\" \/>\n\t<meta property=\"og:image:type\" content=\"image\/png\" \/>\n<meta name=\"twitter:card\" content=\"summary_large_image\" \/>\n<meta name=\"twitter:label1\" content=\"Estimated reading time\" \/>\n\t<meta name=\"twitter:data1\" content=\"1 minute\" \/>\n<script type=\"application\/ld+json\" class=\"yoast-schema-graph\">{\"@context\":\"https:\/\/schema.org\",\"@graph\":[{\"@type\":\"WebPage\",\"@id\":\"https:\/\/invertas.lt\/produktai\/temperaturos-jutikliai\/termopora-su-keraminiu-apsauginiu-vamzdziu-ir-imontuotu-vieliniu-elementu-05-tkt\/\",\"url\":\"https:\/\/invertas.lt\/produktai\/temperaturos-jutikliai\/termopora-su-keraminiu-apsauginiu-vamzdziu-ir-imontuotu-vieliniu-elementu-05-tkt\/\",\"name\":\"Guenther termopora 05-TKT - Invertas\",\"isPartOf\":{\"@id\":\"https:\/\/invertas.lt\/#website\"},\"primaryImageOfPage\":{\"@id\":\"https:\/\/invertas.lt\/produktai\/temperaturos-jutikliai\/termopora-su-keraminiu-apsauginiu-vamzdziu-ir-imontuotu-vieliniu-elementu-05-tkt\/#primaryimage\"},\"image\":{\"@id\":\"https:\/\/invertas.lt\/produktai\/temperaturos-jutikliai\/termopora-su-keraminiu-apsauginiu-vamzdziu-ir-imontuotu-vieliniu-elementu-05-tkt\/#primaryimage\"},\"thumbnailUrl\":\"https:\/\/invertas.lt\/wp-content\/uploads\/2025\/07\/81393fe6-eccb-1470-f142-4d26ddc4b29b_6989e3eb-13a8-5527-96fb-75f2742436d4_cntIdImage_7e490b7c22d7430041256bb3731fd413-e1752230778374.png\",\"datePublished\":\"2025-07-10T09:59:58+00:00\",\"dateModified\":\"2025-08-08T15:18:47+00:00\",\"description\":\"05-TKT termopor\u0173 surinkiniai su keraminiu apsauginiu vamzd\u017eiu skirti temperat\u016bros matavimui dujin\u0117se aplinkose iki 1800 \u00b0C.\",\"breadcrumb\":{\"@id\":\"https:\/\/invertas.lt\/produktai\/temperaturos-jutikliai\/termopora-su-keraminiu-apsauginiu-vamzdziu-ir-imontuotu-vieliniu-elementu-05-tkt\/#breadcrumb\"},\"inLanguage\":\"en-GB\",\"potentialAction\":[{\"@type\":\"ReadAction\",\"target\":[\"https:\/\/invertas.lt\/produktai\/temperaturos-jutikliai\/termopora-su-keraminiu-apsauginiu-vamzdziu-ir-imontuotu-vieliniu-elementu-05-tkt\/\"]}]},{\"@type\":\"ImageObject\",\"inLanguage\":\"en-GB\",\"@id\":\"https:\/\/invertas.lt\/produktai\/temperaturos-jutikliai\/termopora-su-keraminiu-apsauginiu-vamzdziu-ir-imontuotu-vieliniu-elementu-05-tkt\/#primaryimage\",\"url\":\"https:\/\/invertas.lt\/wp-content\/uploads\/2025\/07\/81393fe6-eccb-1470-f142-4d26ddc4b29b_6989e3eb-13a8-5527-96fb-75f2742436d4_cntIdImage_7e490b7c22d7430041256bb3731fd413-e1752230778374.png\",\"contentUrl\":\"https:\/\/invertas.lt\/wp-content\/uploads\/2025\/07\/81393fe6-eccb-1470-f142-4d26ddc4b29b_6989e3eb-13a8-5527-96fb-75f2742436d4_cntIdImage_7e490b7c22d7430041256bb3731fd413-e1752230778374.png\",\"width\":1200,\"height\":1650},{\"@type\":\"BreadcrumbList\",\"@id\":\"https:\/\/invertas.lt\/produktai\/temperaturos-jutikliai\/termopora-su-keraminiu-apsauginiu-vamzdziu-ir-imontuotu-vieliniu-elementu-05-tkt\/#breadcrumb\",\"itemListElement\":[{\"@type\":\"ListItem\",\"position\":1,\"name\":\"Prad\u017eia\",\"item\":\"https:\/\/invertas.lt\/\"},{\"@type\":\"ListItem\",\"position\":2,\"name\":\"Products\",\"item\":\"https:\/\/invertas.lt\/shop\/\"},{\"@type\":\"ListItem\",\"position\":3,\"name\":\"Temperat\u016bros jutikliai\",\"item\":\"https:\/\/invertas.lt\/.\/temperaturos-jutikliai\/\"},{\"@type\":\"ListItem\",\"position\":4,\"name\":\"Guenther termopora 05-TKT\"}]},{\"@type\":\"WebSite\",\"@id\":\"https:\/\/invertas.lt\/#website\",\"url\":\"https:\/\/invertas.lt\/\",\"name\":\"Invertas\",\"description\":\"\",\"publisher\":{\"@id\":\"https:\/\/invertas.lt\/#organization\"},\"potentialAction\":[{\"@type\":\"SearchAction\",\"target\":{\"@type\":\"EntryPoint\",\"urlTemplate\":\"https:\/\/invertas.lt\/?s={search_term_string}\"},\"query-input\":{\"@type\":\"PropertyValueSpecification\",\"valueRequired\":true,\"valueName\":\"search_term_string\"}}],\"inLanguage\":\"en-GB\"},{\"@type\":\"Organization\",\"@id\":\"https:\/\/invertas.lt\/#organization\",\"name\":\"Invertas\",\"url\":\"https:\/\/invertas.lt\/\",\"logo\":{\"@type\":\"ImageObject\",\"inLanguage\":\"en-GB\",\"@id\":\"https:\/\/invertas.lt\/#\/schema\/logo\/image\/\",\"url\":\"https:\/\/invertas.lt\/wp-content\/uploads\/2025\/03\/New-Text-Document-2.svg\",\"contentUrl\":\"https:\/\/invertas.lt\/wp-content\/uploads\/2025\/03\/New-Text-Document-2.svg\",\"width\":140,\"height\":39,\"caption\":\"Invertas\"},\"image\":{\"@id\":\"https:\/\/invertas.lt\/#\/schema\/logo\/image\/\"}}]}<\/script>\n<!-- \/ Yoast SEO plugin. -->","yoast_head_json":{"title":"Guenther termopora 05-TKT - Invertas","description":"05-TKT termopor\u0173 surinkiniai su keraminiu apsauginiu vamzd\u017eiu skirti temperat\u016bros matavimui dujin\u0117se aplinkose iki 1800 \u00b0C.","robots":{"index":"index","follow":"follow","max-snippet":"max-snippet:-1","max-image-preview":"max-image-preview:large","max-video-preview":"max-video-preview:-1"},"canonical":"https:\/\/invertas.lt\/en\/produktai\/temperaturos-jutikliai\/termopora-su-keraminiu-apsauginiu-vamzdziu-ir-imontuotu-vieliniu-elementu-05-tkt\/","og_locale":"en_GB","og_type":"article","og_title":"Guenther termopora 05-TKT - Invertas","og_description":"05-TKT termopor\u0173 surinkiniai su keraminiu apsauginiu vamzd\u017eiu skirti temperat\u016bros matavimui dujin\u0117se aplinkose iki 1800 \u00b0C.","og_url":"https:\/\/invertas.lt\/en\/produktai\/temperaturos-jutikliai\/termopora-su-keraminiu-apsauginiu-vamzdziu-ir-imontuotu-vieliniu-elementu-05-tkt\/","og_site_name":"Invertas","article_modified_time":"2025-08-08T15:18:47+00:00","og_image":[{"width":1200,"height":1650,"url":"https:\/\/invertas.lt\/wp-content\/uploads\/2025\/07\/81393fe6-eccb-1470-f142-4d26ddc4b29b_6989e3eb-13a8-5527-96fb-75f2742436d4_cntIdImage_7e490b7c22d7430041256bb3731fd413-e1752230778374.png","type":"image\/png"}],"twitter_card":"summary_large_image","twitter_misc":{"Estimated reading time":"1 minute"},"schema":{"@context":"https:\/\/schema.org","@graph":[{"@type":"WebPage","@id":"https:\/\/invertas.lt\/produktai\/temperaturos-jutikliai\/termopora-su-keraminiu-apsauginiu-vamzdziu-ir-imontuotu-vieliniu-elementu-05-tkt\/","url":"https:\/\/invertas.lt\/produktai\/temperaturos-jutikliai\/termopora-su-keraminiu-apsauginiu-vamzdziu-ir-imontuotu-vieliniu-elementu-05-tkt\/","name":"Guenther termopora 05-TKT - Invertas","isPartOf":{"@id":"https:\/\/invertas.lt\/#website"},"primaryImageOfPage":{"@id":"https:\/\/invertas.lt\/produktai\/temperaturos-jutikliai\/termopora-su-keraminiu-apsauginiu-vamzdziu-ir-imontuotu-vieliniu-elementu-05-tkt\/#primaryimage"},"image":{"@id":"https:\/\/invertas.lt\/produktai\/temperaturos-jutikliai\/termopora-su-keraminiu-apsauginiu-vamzdziu-ir-imontuotu-vieliniu-elementu-05-tkt\/#primaryimage"},"thumbnailUrl":"https:\/\/invertas.lt\/wp-content\/uploads\/2025\/07\/81393fe6-eccb-1470-f142-4d26ddc4b29b_6989e3eb-13a8-5527-96fb-75f2742436d4_cntIdImage_7e490b7c22d7430041256bb3731fd413-e1752230778374.png","datePublished":"2025-07-10T09:59:58+00:00","dateModified":"2025-08-08T15:18:47+00:00","description":"05-TKT termopor\u0173 surinkiniai su keraminiu apsauginiu vamzd\u017eiu skirti temperat\u016bros matavimui dujin\u0117se aplinkose iki 1800 \u00b0C.","breadcrumb":{"@id":"https:\/\/invertas.lt\/produktai\/temperaturos-jutikliai\/termopora-su-keraminiu-apsauginiu-vamzdziu-ir-imontuotu-vieliniu-elementu-05-tkt\/#breadcrumb"},"inLanguage":"en-GB","potentialAction":[{"@type":"ReadAction","target":["https:\/\/invertas.lt\/produktai\/temperaturos-jutikliai\/termopora-su-keraminiu-apsauginiu-vamzdziu-ir-imontuotu-vieliniu-elementu-05-tkt\/"]}]},{"@type":"ImageObject","inLanguage":"en-GB","@id":"https:\/\/invertas.lt\/produktai\/temperaturos-jutikliai\/termopora-su-keraminiu-apsauginiu-vamzdziu-ir-imontuotu-vieliniu-elementu-05-tkt\/#primaryimage","url":"https:\/\/invertas.lt\/wp-content\/uploads\/2025\/07\/81393fe6-eccb-1470-f142-4d26ddc4b29b_6989e3eb-13a8-5527-96fb-75f2742436d4_cntIdImage_7e490b7c22d7430041256bb3731fd413-e1752230778374.png","contentUrl":"https:\/\/invertas.lt\/wp-content\/uploads\/2025\/07\/81393fe6-eccb-1470-f142-4d26ddc4b29b_6989e3eb-13a8-5527-96fb-75f2742436d4_cntIdImage_7e490b7c22d7430041256bb3731fd413-e1752230778374.png","width":1200,"height":1650},{"@type":"BreadcrumbList","@id":"https:\/\/invertas.lt\/produktai\/temperaturos-jutikliai\/termopora-su-keraminiu-apsauginiu-vamzdziu-ir-imontuotu-vieliniu-elementu-05-tkt\/#breadcrumb","itemListElement":[{"@type":"ListItem","position":1,"name":"Prad\u017eia","item":"https:\/\/invertas.lt\/"},{"@type":"ListItem","position":2,"name":"Products","item":"https:\/\/invertas.lt\/shop\/"},{"@type":"ListItem","position":3,"name":"Temperat\u016bros jutikliai","item":"https:\/\/invertas.lt\/.\/temperaturos-jutikliai\/"},{"@type":"ListItem","position":4,"name":"Guenther termopora 05-TKT"}]},{"@type":"WebSite","@id":"https:\/\/invertas.lt\/#website","url":"https:\/\/invertas.lt\/","name":"Invert","description":"","publisher":{"@id":"https:\/\/invertas.lt\/#organization"},"potentialAction":[{"@type":"SearchAction","target":{"@type":"EntryPoint","urlTemplate":"https:\/\/invertas.lt\/?s={search_term_string}"},"query-input":{"@type":"PropertyValueSpecification","valueRequired":true,"valueName":"search_term_string"}}],"inLanguage":"en-GB"},{"@type":"Organization","@id":"https:\/\/invertas.lt\/#organization","name":"Invert","url":"https:\/\/invertas.lt\/","logo":{"@type":"ImageObject","inLanguage":"en-GB","@id":"https:\/\/invertas.lt\/#\/schema\/logo\/image\/","url":"https:\/\/invertas.lt\/wp-content\/uploads\/2025\/03\/New-Text-Document-2.svg","contentUrl":"https:\/\/invertas.lt\/wp-content\/uploads\/2025\/03\/New-Text-Document-2.svg","width":140,"height":39,"caption":"Invertas"},"image":{"@id":"https:\/\/invertas.lt\/#\/schema\/logo\/image\/"}}]}},"_links":{"self":[{"href":"https:\/\/invertas.lt\/en\/wp-json\/wp\/v2\/product\/8172","targetHints":{"allow":["GET"]}}],"collection":[{"href":"https:\/\/invertas.lt\/en\/wp-json\/wp\/v2\/product"}],"about":[{"href":"https:\/\/invertas.lt\/en\/wp-json\/wp\/v2\/types\/product"}],"replies":[{"embeddable":true,"href":"https:\/\/invertas.lt\/en\/wp-json\/wp\/v2\/comments?post=8172"}],"wp:featuredmedia":[{"embeddable":true,"href":"https:\/\/invertas.lt\/en\/wp-json\/wp\/v2\/media\/8173"}],"wp:attachment":[{"href":"https:\/\/invertas.lt\/en\/wp-json\/wp\/v2\/media?parent=8172"}],"wp:term":[{"taxonomy":"product_brand","embeddable":true,"href":"https:\/\/invertas.lt\/en\/wp-json\/wp\/v2\/product_brand?post=8172"},{"taxonomy":"product_cat","embeddable":true,"href":"https:\/\/invertas.lt\/en\/wp-json\/wp\/v2\/product_cat?post=8172"},{"taxonomy":"product_tag","embeddable":true,"href":"https:\/\/invertas.lt\/en\/wp-json\/wp\/v2\/product_tag?post=8172"}],"curies":[{"name":"wp","href":"https:\/\/api.w.org\/{rel}","templated":true}]}}