{"id":8169,"date":"2025-07-09T20:50:25","date_gmt":"2025-07-09T20:50:25","guid":{"rendered":"https:\/\/aurimasb15.sg-host.com\/?post_type=product&#038;p=8169"},"modified":"2025-08-08T15:18:18","modified_gmt":"2025-08-08T15:18:18","slug":"termopora-su-metaliniu-apsauginiu-vamzdziu-ir-imontuotu-laidiniu-elementu-00-tmt","status":"publish","type":"product","link":"https:\/\/invertas.lt\/en\/produktai\/temperaturos-jutikliai\/termopora-su-metaliniu-apsauginiu-vamzdziu-ir-imontuotu-laidiniu-elementu-00-tmt\/","title":{"rendered":"Guenther thermocouple 00-TMT"},"content":{"rendered":"<h3 data-start=\"97\" data-end=\"115\">Fields of application<\/h3>\n<p data-start=\"117\" data-end=\"404\">00-TMT straight thermocouples with metal protection tubes are designed for temperature measurement in liquid, gaseous and plastic media up to 1200 \u00b0C.<\/p>\n<h3 data-start=\"406\" data-end=\"417\">Features<\/h3>\n<ul data-start=\"419\" data-end=\"589\" data-is-last-node=\"\" data-is-only-node=\"\">\n<li data-start=\"419\" data-end=\"465\">\n<p data-start=\"421\" data-end=\"465\">High temperature resistant up to 1200 \u00b0C<\/p>\n<\/li>\n<li data-start=\"466\" data-end=\"531\">\n<p data-start=\"468\" data-end=\"531\">Durable metal protection against mechanical and chemical damage<\/p>\n<\/li>\n<li data-start=\"532\" data-end=\"589\" data-is-last-node=\"\">\n<p data-start=\"534\" data-end=\"589\" data-is-last-node=\"\">Wide range of applications in various industries<\/p>\n<\/li>\n<\/ul>","protected":false},"excerpt":{"rendered":"<p>Taikymo sritys 00-TMT tiesios termoporos su metaliniais apsauginiais vamzd\u017eiais skirtos temperat\u016bros matavimui skystose, dujin\u0117se ir plastikin\u0117se terp\u0117se iki 1200\u202f\u00b0C. Savyb\u0117s Atsparios auk\u0161tai temperat\u016brai iki 1200\u202f\u00b0C Patvari metalin\u0117 apsauga nuo mechanini\u0173 ir chemini\u0173 pa\u017eeidim\u0173 Plataus pritaikymo diapazonas \u012fvairiose pramon\u0117s \u0161akose<\/p>","protected":false},"featured_media":8170,"comment_status":"open","ping_status":"closed","template":"","meta":{"_acf_changed":false,"inline_featured_image":false},"product_brand":[],"product_cat":[501],"product_tag":[],"class_list":{"0":"post-8169","1":"product","2":"type-product","3":"status-publish","4":"has-post-thumbnail","6":"product_cat-temperaturos-jutikliai","8":"first","9":"instock","10":"shipping-taxable","11":"purchasable","12":"product-type-simple"},"acf":[],"yoast_head":"<!-- This site is optimized with the Yoast SEO plugin v25.5 - https:\/\/yoast.com\/wordpress\/plugins\/seo\/ -->\n<title>Guenther termopora 00-TMT - Invertas<\/title>\n<meta name=\"description\" content=\"00-TMT tiesios termoporos su metaliniais apsauginiais vamzd\u017eiais skirta temperat\u016bros matavimui skystose, dujin\u0117se ir plastikin\u0117se terp\u0117se iki 1200\u202f\u00b0C.\" \/>\n<meta name=\"robots\" content=\"index, follow, max-snippet:-1, max-image-preview:large, max-video-preview:-1\" \/>\n<link rel=\"canonical\" href=\"https:\/\/invertas.lt\/en\/produktai\/temperaturos-jutikliai\/termopora-su-metaliniu-apsauginiu-vamzdziu-ir-imontuotu-laidiniu-elementu-00-tmt\/\" \/>\n<meta property=\"og:locale\" content=\"en_GB\" \/>\n<meta property=\"og:type\" content=\"article\" \/>\n<meta property=\"og:title\" content=\"Guenther termopora 00-TMT - Invertas\" \/>\n<meta property=\"og:description\" content=\"00-TMT tiesios termoporos su metaliniais apsauginiais vamzd\u017eiais skirta temperat\u016bros matavimui skystose, dujin\u0117se ir plastikin\u0117se terp\u0117se iki 1200\u202f\u00b0C.\" \/>\n<meta property=\"og:url\" content=\"https:\/\/invertas.lt\/en\/produktai\/temperaturos-jutikliai\/termopora-su-metaliniu-apsauginiu-vamzdziu-ir-imontuotu-laidiniu-elementu-00-tmt\/\" \/>\n<meta property=\"og:site_name\" content=\"Invertas\" \/>\n<meta property=\"article:modified_time\" content=\"2025-08-08T15:18:18+00:00\" \/>\n<meta property=\"og:image\" content=\"https:\/\/invertas.lt\/wp-content\/uploads\/2025\/07\/65f477d7-3faa-c786-2d23-df784f65c85f_0f584cbf-67c3-9633-59cc-bf15f4185b2d_cntIdImage_7e490b7c22d7430041256bb3731fd413-e1752230683986.png\" \/>\n\t<meta property=\"og:image:width\" content=\"1500\" \/>\n\t<meta property=\"og:image:height\" content=\"1500\" \/>\n\t<meta property=\"og:image:type\" content=\"image\/png\" \/>\n<meta name=\"twitter:card\" content=\"summary_large_image\" \/>\n<meta name=\"twitter:label1\" content=\"Estimated reading time\" \/>\n\t<meta name=\"twitter:data1\" content=\"1 minute\" \/>\n<script type=\"application\/ld+json\" class=\"yoast-schema-graph\">{\"@context\":\"https:\/\/schema.org\",\"@graph\":[{\"@type\":\"WebPage\",\"@id\":\"https:\/\/invertas.lt\/produktai\/temperaturos-jutikliai\/termopora-su-metaliniu-apsauginiu-vamzdziu-ir-imontuotu-laidiniu-elementu-00-tmt\/\",\"url\":\"https:\/\/invertas.lt\/produktai\/temperaturos-jutikliai\/termopora-su-metaliniu-apsauginiu-vamzdziu-ir-imontuotu-laidiniu-elementu-00-tmt\/\",\"name\":\"Guenther termopora 00-TMT - Invertas\",\"isPartOf\":{\"@id\":\"https:\/\/invertas.lt\/#website\"},\"primaryImageOfPage\":{\"@id\":\"https:\/\/invertas.lt\/produktai\/temperaturos-jutikliai\/termopora-su-metaliniu-apsauginiu-vamzdziu-ir-imontuotu-laidiniu-elementu-00-tmt\/#primaryimage\"},\"image\":{\"@id\":\"https:\/\/invertas.lt\/produktai\/temperaturos-jutikliai\/termopora-su-metaliniu-apsauginiu-vamzdziu-ir-imontuotu-laidiniu-elementu-00-tmt\/#primaryimage\"},\"thumbnailUrl\":\"https:\/\/invertas.lt\/wp-content\/uploads\/2025\/07\/65f477d7-3faa-c786-2d23-df784f65c85f_0f584cbf-67c3-9633-59cc-bf15f4185b2d_cntIdImage_7e490b7c22d7430041256bb3731fd413-e1752230683986.png\",\"datePublished\":\"2025-07-09T20:50:25+00:00\",\"dateModified\":\"2025-08-08T15:18:18+00:00\",\"description\":\"00-TMT tiesios termoporos su metaliniais apsauginiais vamzd\u017eiais skirta temperat\u016bros matavimui skystose, dujin\u0117se ir plastikin\u0117se terp\u0117se iki 1200\u202f\u00b0C.\",\"breadcrumb\":{\"@id\":\"https:\/\/invertas.lt\/produktai\/temperaturos-jutikliai\/termopora-su-metaliniu-apsauginiu-vamzdziu-ir-imontuotu-laidiniu-elementu-00-tmt\/#breadcrumb\"},\"inLanguage\":\"en-GB\",\"potentialAction\":[{\"@type\":\"ReadAction\",\"target\":[\"https:\/\/invertas.lt\/produktai\/temperaturos-jutikliai\/termopora-su-metaliniu-apsauginiu-vamzdziu-ir-imontuotu-laidiniu-elementu-00-tmt\/\"]}]},{\"@type\":\"ImageObject\",\"inLanguage\":\"en-GB\",\"@id\":\"https:\/\/invertas.lt\/produktai\/temperaturos-jutikliai\/termopora-su-metaliniu-apsauginiu-vamzdziu-ir-imontuotu-laidiniu-elementu-00-tmt\/#primaryimage\",\"url\":\"https:\/\/invertas.lt\/wp-content\/uploads\/2025\/07\/65f477d7-3faa-c786-2d23-df784f65c85f_0f584cbf-67c3-9633-59cc-bf15f4185b2d_cntIdImage_7e490b7c22d7430041256bb3731fd413-e1752230683986.png\",\"contentUrl\":\"https:\/\/invertas.lt\/wp-content\/uploads\/2025\/07\/65f477d7-3faa-c786-2d23-df784f65c85f_0f584cbf-67c3-9633-59cc-bf15f4185b2d_cntIdImage_7e490b7c22d7430041256bb3731fd413-e1752230683986.png\",\"width\":1500,\"height\":1500},{\"@type\":\"BreadcrumbList\",\"@id\":\"https:\/\/invertas.lt\/produktai\/temperaturos-jutikliai\/termopora-su-metaliniu-apsauginiu-vamzdziu-ir-imontuotu-laidiniu-elementu-00-tmt\/#breadcrumb\",\"itemListElement\":[{\"@type\":\"ListItem\",\"position\":1,\"name\":\"Prad\u017eia\",\"item\":\"https:\/\/invertas.lt\/\"},{\"@type\":\"ListItem\",\"position\":2,\"name\":\"Products\",\"item\":\"https:\/\/invertas.lt\/shop\/\"},{\"@type\":\"ListItem\",\"position\":3,\"name\":\"Temperat\u016bros jutikliai\",\"item\":\"https:\/\/invertas.lt\/.\/temperaturos-jutikliai\/\"},{\"@type\":\"ListItem\",\"position\":4,\"name\":\"Guenther termopora 00-TMT\"}]},{\"@type\":\"WebSite\",\"@id\":\"https:\/\/invertas.lt\/#website\",\"url\":\"https:\/\/invertas.lt\/\",\"name\":\"Invertas\",\"description\":\"\",\"publisher\":{\"@id\":\"https:\/\/invertas.lt\/#organization\"},\"potentialAction\":[{\"@type\":\"SearchAction\",\"target\":{\"@type\":\"EntryPoint\",\"urlTemplate\":\"https:\/\/invertas.lt\/?s={search_term_string}\"},\"query-input\":{\"@type\":\"PropertyValueSpecification\",\"valueRequired\":true,\"valueName\":\"search_term_string\"}}],\"inLanguage\":\"en-GB\"},{\"@type\":\"Organization\",\"@id\":\"https:\/\/invertas.lt\/#organization\",\"name\":\"Invertas\",\"url\":\"https:\/\/invertas.lt\/\",\"logo\":{\"@type\":\"ImageObject\",\"inLanguage\":\"en-GB\",\"@id\":\"https:\/\/invertas.lt\/#\/schema\/logo\/image\/\",\"url\":\"https:\/\/invertas.lt\/wp-content\/uploads\/2025\/03\/New-Text-Document-2.svg\",\"contentUrl\":\"https:\/\/invertas.lt\/wp-content\/uploads\/2025\/03\/New-Text-Document-2.svg\",\"width\":140,\"height\":39,\"caption\":\"Invertas\"},\"image\":{\"@id\":\"https:\/\/invertas.lt\/#\/schema\/logo\/image\/\"}}]}<\/script>\n<!-- \/ Yoast SEO plugin. -->","yoast_head_json":{"title":"Guenther termopora 00-TMT - Invertas","description":"00-TMT tiesios termoporos su metaliniais apsauginiais vamzd\u017eiais skirta temperat\u016bros matavimui skystose, dujin\u0117se ir plastikin\u0117se terp\u0117se iki 1200\u202f\u00b0C.","robots":{"index":"index","follow":"follow","max-snippet":"max-snippet:-1","max-image-preview":"max-image-preview:large","max-video-preview":"max-video-preview:-1"},"canonical":"https:\/\/invertas.lt\/en\/produktai\/temperaturos-jutikliai\/termopora-su-metaliniu-apsauginiu-vamzdziu-ir-imontuotu-laidiniu-elementu-00-tmt\/","og_locale":"en_GB","og_type":"article","og_title":"Guenther termopora 00-TMT - Invertas","og_description":"00-TMT tiesios termoporos su metaliniais apsauginiais vamzd\u017eiais skirta temperat\u016bros matavimui skystose, dujin\u0117se ir plastikin\u0117se terp\u0117se iki 1200\u202f\u00b0C.","og_url":"https:\/\/invertas.lt\/en\/produktai\/temperaturos-jutikliai\/termopora-su-metaliniu-apsauginiu-vamzdziu-ir-imontuotu-laidiniu-elementu-00-tmt\/","og_site_name":"Invertas","article_modified_time":"2025-08-08T15:18:18+00:00","og_image":[{"width":1500,"height":1500,"url":"https:\/\/invertas.lt\/wp-content\/uploads\/2025\/07\/65f477d7-3faa-c786-2d23-df784f65c85f_0f584cbf-67c3-9633-59cc-bf15f4185b2d_cntIdImage_7e490b7c22d7430041256bb3731fd413-e1752230683986.png","type":"image\/png"}],"twitter_card":"summary_large_image","twitter_misc":{"Estimated reading time":"1 minute"},"schema":{"@context":"https:\/\/schema.org","@graph":[{"@type":"WebPage","@id":"https:\/\/invertas.lt\/produktai\/temperaturos-jutikliai\/termopora-su-metaliniu-apsauginiu-vamzdziu-ir-imontuotu-laidiniu-elementu-00-tmt\/","url":"https:\/\/invertas.lt\/produktai\/temperaturos-jutikliai\/termopora-su-metaliniu-apsauginiu-vamzdziu-ir-imontuotu-laidiniu-elementu-00-tmt\/","name":"Guenther termopora 00-TMT - Invertas","isPartOf":{"@id":"https:\/\/invertas.lt\/#website"},"primaryImageOfPage":{"@id":"https:\/\/invertas.lt\/produktai\/temperaturos-jutikliai\/termopora-su-metaliniu-apsauginiu-vamzdziu-ir-imontuotu-laidiniu-elementu-00-tmt\/#primaryimage"},"image":{"@id":"https:\/\/invertas.lt\/produktai\/temperaturos-jutikliai\/termopora-su-metaliniu-apsauginiu-vamzdziu-ir-imontuotu-laidiniu-elementu-00-tmt\/#primaryimage"},"thumbnailUrl":"https:\/\/invertas.lt\/wp-content\/uploads\/2025\/07\/65f477d7-3faa-c786-2d23-df784f65c85f_0f584cbf-67c3-9633-59cc-bf15f4185b2d_cntIdImage_7e490b7c22d7430041256bb3731fd413-e1752230683986.png","datePublished":"2025-07-09T20:50:25+00:00","dateModified":"2025-08-08T15:18:18+00:00","description":"00-TMT tiesios termoporos su metaliniais apsauginiais vamzd\u017eiais skirta temperat\u016bros matavimui skystose, dujin\u0117se ir plastikin\u0117se terp\u0117se iki 1200\u202f\u00b0C.","breadcrumb":{"@id":"https:\/\/invertas.lt\/produktai\/temperaturos-jutikliai\/termopora-su-metaliniu-apsauginiu-vamzdziu-ir-imontuotu-laidiniu-elementu-00-tmt\/#breadcrumb"},"inLanguage":"en-GB","potentialAction":[{"@type":"ReadAction","target":["https:\/\/invertas.lt\/produktai\/temperaturos-jutikliai\/termopora-su-metaliniu-apsauginiu-vamzdziu-ir-imontuotu-laidiniu-elementu-00-tmt\/"]}]},{"@type":"ImageObject","inLanguage":"en-GB","@id":"https:\/\/invertas.lt\/produktai\/temperaturos-jutikliai\/termopora-su-metaliniu-apsauginiu-vamzdziu-ir-imontuotu-laidiniu-elementu-00-tmt\/#primaryimage","url":"https:\/\/invertas.lt\/wp-content\/uploads\/2025\/07\/65f477d7-3faa-c786-2d23-df784f65c85f_0f584cbf-67c3-9633-59cc-bf15f4185b2d_cntIdImage_7e490b7c22d7430041256bb3731fd413-e1752230683986.png","contentUrl":"https:\/\/invertas.lt\/wp-content\/uploads\/2025\/07\/65f477d7-3faa-c786-2d23-df784f65c85f_0f584cbf-67c3-9633-59cc-bf15f4185b2d_cntIdImage_7e490b7c22d7430041256bb3731fd413-e1752230683986.png","width":1500,"height":1500},{"@type":"BreadcrumbList","@id":"https:\/\/invertas.lt\/produktai\/temperaturos-jutikliai\/termopora-su-metaliniu-apsauginiu-vamzdziu-ir-imontuotu-laidiniu-elementu-00-tmt\/#breadcrumb","itemListElement":[{"@type":"ListItem","position":1,"name":"Prad\u017eia","item":"https:\/\/invertas.lt\/"},{"@type":"ListItem","position":2,"name":"Products","item":"https:\/\/invertas.lt\/shop\/"},{"@type":"ListItem","position":3,"name":"Temperat\u016bros jutikliai","item":"https:\/\/invertas.lt\/.\/temperaturos-jutikliai\/"},{"@type":"ListItem","position":4,"name":"Guenther termopora 00-TMT"}]},{"@type":"WebSite","@id":"https:\/\/invertas.lt\/#website","url":"https:\/\/invertas.lt\/","name":"Invert","description":"","publisher":{"@id":"https:\/\/invertas.lt\/#organization"},"potentialAction":[{"@type":"SearchAction","target":{"@type":"EntryPoint","urlTemplate":"https:\/\/invertas.lt\/?s={search_term_string}"},"query-input":{"@type":"PropertyValueSpecification","valueRequired":true,"valueName":"search_term_string"}}],"inLanguage":"en-GB"},{"@type":"Organization","@id":"https:\/\/invertas.lt\/#organization","name":"Invert","url":"https:\/\/invertas.lt\/","logo":{"@type":"ImageObject","inLanguage":"en-GB","@id":"https:\/\/invertas.lt\/#\/schema\/logo\/image\/","url":"https:\/\/invertas.lt\/wp-content\/uploads\/2025\/03\/New-Text-Document-2.svg","contentUrl":"https:\/\/invertas.lt\/wp-content\/uploads\/2025\/03\/New-Text-Document-2.svg","width":140,"height":39,"caption":"Invertas"},"image":{"@id":"https:\/\/invertas.lt\/#\/schema\/logo\/image\/"}}]}},"_links":{"self":[{"href":"https:\/\/invertas.lt\/en\/wp-json\/wp\/v2\/product\/8169","targetHints":{"allow":["GET"]}}],"collection":[{"href":"https:\/\/invertas.lt\/en\/wp-json\/wp\/v2\/product"}],"about":[{"href":"https:\/\/invertas.lt\/en\/wp-json\/wp\/v2\/types\/product"}],"replies":[{"embeddable":true,"href":"https:\/\/invertas.lt\/en\/wp-json\/wp\/v2\/comments?post=8169"}],"wp:featuredmedia":[{"embeddable":true,"href":"https:\/\/invertas.lt\/en\/wp-json\/wp\/v2\/media\/8170"}],"wp:attachment":[{"href":"https:\/\/invertas.lt\/en\/wp-json\/wp\/v2\/media?parent=8169"}],"wp:term":[{"taxonomy":"product_brand","embeddable":true,"href":"https:\/\/invertas.lt\/en\/wp-json\/wp\/v2\/product_brand?post=8169"},{"taxonomy":"product_cat","embeddable":true,"href":"https:\/\/invertas.lt\/en\/wp-json\/wp\/v2\/product_cat?post=8169"},{"taxonomy":"product_tag","embeddable":true,"href":"https:\/\/invertas.lt\/en\/wp-json\/wp\/v2\/product_tag?post=8169"}],"curies":[{"name":"wp","href":"https:\/\/api.w.org\/{rel}","templated":true}]}}