{"id":8166,"date":"2025-07-09T20:29:05","date_gmt":"2025-07-09T20:29:05","guid":{"rendered":"https:\/\/aurimasb15.sg-host.com\/?post_type=product&#038;p=8166"},"modified":"2025-08-08T10:52:21","modified_gmt":"2025-08-08T10:52:21","slug":"temperaturos-jutiklis-su-masininiu-jungtuvu-74-wth","status":"publish","type":"product","link":"https:\/\/invertas.lt\/en\/produktai\/temperaturos-jutikliai\/temperaturos-jutiklis-su-masininiu-jungtuvu-74-wth\/","title":{"rendered":"Guenther resistance PT100 temperature sensor 74-WTH"},"content":{"rendered":"<h3 data-start=\"88\" data-end=\"106\">Fields of application<\/h3>\n<p data-start=\"108\" data-end=\"348\">74-WTH series temperature sensors are small, vibration and shock resistant, designed for installation in equipment and process lines. Models with straight or tapered tip, with or without thread, suitable for temperatures up to +400 \u00b0C.<\/p>\n<h3 data-start=\"350\" data-end=\"361\">Features<\/h3>\n<ul data-start=\"363\" data-end=\"469\" data-is-last-node=\"\" data-is-only-node=\"\">\n<li data-start=\"363\" data-end=\"387\">\n<p data-start=\"365\" data-end=\"387\">Resistant to Vibrations<\/p>\n<\/li>\n<li data-start=\"388\" data-end=\"417\">\n<p data-start=\"390\" data-end=\"417\">Quick wiring connection<\/p>\n<\/li>\n<li data-start=\"418\" data-end=\"435\">\n<p data-start=\"420\" data-end=\"435\">Small dimensions<\/p>\n<\/li>\n<li data-start=\"436\" data-end=\"469\" data-is-last-node=\"\">\n<p data-start=\"438\" data-end=\"469\" data-is-last-node=\"\">High tightness (IP protection)<\/p>\n<\/li>\n<\/ul>","protected":false},"excerpt":{"rendered":"<p>Taikymo sritys 74-WTH serijos temperat\u016bros jutikliai \u2013 ma\u017ei, atspar\u016bs vibracijoms ir sm\u016bgiams, skirti montuoti \u012frenginiuose ir technologin\u0117se linijose. Modeliai su tiesiu arba siaur\u0117jan\u010diu antgaliu, su arba be sriegio, pritaikyti temperat\u016brai iki +400\u202f\u00b0C. Savyb\u0117s Atspar\u016bs vibracijoms Greitas laid\u0173 prijungimas Ma\u017ei matmenys Didelis sandarumas (IP apsauga)<\/p>","protected":false},"featured_media":8167,"comment_status":"open","ping_status":"closed","template":"","meta":{"_acf_changed":false,"inline_featured_image":false},"product_brand":[],"product_cat":[501],"product_tag":[],"class_list":{"0":"post-8166","1":"product","2":"type-product","3":"status-publish","4":"has-post-thumbnail","6":"product_cat-temperaturos-jutikliai","8":"first","9":"instock","10":"shipping-taxable","11":"purchasable","12":"product-type-simple"},"acf":[],"yoast_head":"<!-- This site is optimized with the Yoast SEO plugin v25.5 - https:\/\/yoast.com\/wordpress\/plugins\/seo\/ -->\n<title>Guenther var\u017einis PT100 temperat\u016bros jutiklis 74-WTH - Invertas<\/title>\n<meta name=\"description\" content=\"74-WTH temperat\u016bros jutikliai ma\u017ei, atspar\u016bs vibracijoms, skirti montavimui \u012frenginiuose ir linijose. Tinka temperat\u016brai iki +400\u202f\u00b0C.\" \/>\n<meta name=\"robots\" content=\"index, follow, max-snippet:-1, max-image-preview:large, max-video-preview:-1\" \/>\n<link rel=\"canonical\" href=\"https:\/\/invertas.lt\/en\/produktai\/temperaturos-jutikliai\/temperaturos-jutiklis-su-masininiu-jungtuvu-74-wth\/\" \/>\n<meta property=\"og:locale\" content=\"en_GB\" \/>\n<meta property=\"og:type\" content=\"article\" \/>\n<meta property=\"og:title\" content=\"Guenther var\u017einis PT100 temperat\u016bros jutiklis 74-WTH - Invertas\" \/>\n<meta property=\"og:description\" content=\"74-WTH temperat\u016bros jutikliai ma\u017ei, atspar\u016bs vibracijoms, skirti montavimui \u012frenginiuose ir linijose. Tinka temperat\u016brai iki +400\u202f\u00b0C.\" \/>\n<meta property=\"og:url\" content=\"https:\/\/invertas.lt\/en\/produktai\/temperaturos-jutikliai\/temperaturos-jutiklis-su-masininiu-jungtuvu-74-wth\/\" \/>\n<meta property=\"og:site_name\" content=\"Invertas\" \/>\n<meta property=\"article:modified_time\" content=\"2025-08-08T10:52:21+00:00\" \/>\n<meta property=\"og:image\" content=\"https:\/\/invertas.lt\/wp-content\/uploads\/2025\/07\/f6ea36a0-6a04-e0e9-5bc6-851368cd1a7a_42aa9eb5-37db-b901-2638-4311f00c9200_cntIdImage_7e490b7c22d7430041256bb3731fd413-e1752230652395.png\" \/>\n\t<meta property=\"og:image:width\" content=\"1500\" \/>\n\t<meta property=\"og:image:height\" content=\"1500\" \/>\n\t<meta property=\"og:image:type\" content=\"image\/png\" \/>\n<meta name=\"twitter:card\" content=\"summary_large_image\" \/>\n<meta name=\"twitter:label1\" content=\"Estimated reading time\" \/>\n\t<meta name=\"twitter:data1\" content=\"1 minute\" \/>\n<script type=\"application\/ld+json\" class=\"yoast-schema-graph\">{\"@context\":\"https:\/\/schema.org\",\"@graph\":[{\"@type\":\"WebPage\",\"@id\":\"https:\/\/invertas.lt\/produktai\/temperaturos-jutikliai\/temperaturos-jutiklis-su-masininiu-jungtuvu-74-wth\/\",\"url\":\"https:\/\/invertas.lt\/produktai\/temperaturos-jutikliai\/temperaturos-jutiklis-su-masininiu-jungtuvu-74-wth\/\",\"name\":\"Guenther var\u017einis PT100 temperat\u016bros jutiklis 74-WTH - Invertas\",\"isPartOf\":{\"@id\":\"https:\/\/invertas.lt\/#website\"},\"primaryImageOfPage\":{\"@id\":\"https:\/\/invertas.lt\/produktai\/temperaturos-jutikliai\/temperaturos-jutiklis-su-masininiu-jungtuvu-74-wth\/#primaryimage\"},\"image\":{\"@id\":\"https:\/\/invertas.lt\/produktai\/temperaturos-jutikliai\/temperaturos-jutiklis-su-masininiu-jungtuvu-74-wth\/#primaryimage\"},\"thumbnailUrl\":\"https:\/\/invertas.lt\/wp-content\/uploads\/2025\/07\/f6ea36a0-6a04-e0e9-5bc6-851368cd1a7a_42aa9eb5-37db-b901-2638-4311f00c9200_cntIdImage_7e490b7c22d7430041256bb3731fd413-e1752230652395.png\",\"datePublished\":\"2025-07-09T20:29:05+00:00\",\"dateModified\":\"2025-08-08T10:52:21+00:00\",\"description\":\"74-WTH temperat\u016bros jutikliai ma\u017ei, atspar\u016bs vibracijoms, skirti montavimui \u012frenginiuose ir linijose. Tinka temperat\u016brai iki +400\u202f\u00b0C.\",\"breadcrumb\":{\"@id\":\"https:\/\/invertas.lt\/produktai\/temperaturos-jutikliai\/temperaturos-jutiklis-su-masininiu-jungtuvu-74-wth\/#breadcrumb\"},\"inLanguage\":\"en-GB\",\"potentialAction\":[{\"@type\":\"ReadAction\",\"target\":[\"https:\/\/invertas.lt\/produktai\/temperaturos-jutikliai\/temperaturos-jutiklis-su-masininiu-jungtuvu-74-wth\/\"]}]},{\"@type\":\"ImageObject\",\"inLanguage\":\"en-GB\",\"@id\":\"https:\/\/invertas.lt\/produktai\/temperaturos-jutikliai\/temperaturos-jutiklis-su-masininiu-jungtuvu-74-wth\/#primaryimage\",\"url\":\"https:\/\/invertas.lt\/wp-content\/uploads\/2025\/07\/f6ea36a0-6a04-e0e9-5bc6-851368cd1a7a_42aa9eb5-37db-b901-2638-4311f00c9200_cntIdImage_7e490b7c22d7430041256bb3731fd413-e1752230652395.png\",\"contentUrl\":\"https:\/\/invertas.lt\/wp-content\/uploads\/2025\/07\/f6ea36a0-6a04-e0e9-5bc6-851368cd1a7a_42aa9eb5-37db-b901-2638-4311f00c9200_cntIdImage_7e490b7c22d7430041256bb3731fd413-e1752230652395.png\",\"width\":1500,\"height\":1500},{\"@type\":\"BreadcrumbList\",\"@id\":\"https:\/\/invertas.lt\/produktai\/temperaturos-jutikliai\/temperaturos-jutiklis-su-masininiu-jungtuvu-74-wth\/#breadcrumb\",\"itemListElement\":[{\"@type\":\"ListItem\",\"position\":1,\"name\":\"Prad\u017eia\",\"item\":\"https:\/\/invertas.lt\/\"},{\"@type\":\"ListItem\",\"position\":2,\"name\":\"Products\",\"item\":\"https:\/\/invertas.lt\/shop\/\"},{\"@type\":\"ListItem\",\"position\":3,\"name\":\"Temperat\u016bros jutikliai\",\"item\":\"https:\/\/invertas.lt\/.\/temperaturos-jutikliai\/\"},{\"@type\":\"ListItem\",\"position\":4,\"name\":\"Guenther var\u017einis PT100 temperat\u016bros jutiklis 74-WTH\"}]},{\"@type\":\"WebSite\",\"@id\":\"https:\/\/invertas.lt\/#website\",\"url\":\"https:\/\/invertas.lt\/\",\"name\":\"Invertas\",\"description\":\"\",\"publisher\":{\"@id\":\"https:\/\/invertas.lt\/#organization\"},\"potentialAction\":[{\"@type\":\"SearchAction\",\"target\":{\"@type\":\"EntryPoint\",\"urlTemplate\":\"https:\/\/invertas.lt\/?s={search_term_string}\"},\"query-input\":{\"@type\":\"PropertyValueSpecification\",\"valueRequired\":true,\"valueName\":\"search_term_string\"}}],\"inLanguage\":\"en-GB\"},{\"@type\":\"Organization\",\"@id\":\"https:\/\/invertas.lt\/#organization\",\"name\":\"Invertas\",\"url\":\"https:\/\/invertas.lt\/\",\"logo\":{\"@type\":\"ImageObject\",\"inLanguage\":\"en-GB\",\"@id\":\"https:\/\/invertas.lt\/#\/schema\/logo\/image\/\",\"url\":\"https:\/\/invertas.lt\/wp-content\/uploads\/2025\/03\/New-Text-Document-2.svg\",\"contentUrl\":\"https:\/\/invertas.lt\/wp-content\/uploads\/2025\/03\/New-Text-Document-2.svg\",\"width\":140,\"height\":39,\"caption\":\"Invertas\"},\"image\":{\"@id\":\"https:\/\/invertas.lt\/#\/schema\/logo\/image\/\"}}]}<\/script>\n<!-- \/ Yoast SEO plugin. -->","yoast_head_json":{"title":"Guenther var\u017einis PT100 temperat\u016bros jutiklis 74-WTH - Invertas","description":"74-WTH temperat\u016bros jutikliai ma\u017ei, atspar\u016bs vibracijoms, skirti montavimui \u012frenginiuose ir linijose. Tinka temperat\u016brai iki +400\u202f\u00b0C.","robots":{"index":"index","follow":"follow","max-snippet":"max-snippet:-1","max-image-preview":"max-image-preview:large","max-video-preview":"max-video-preview:-1"},"canonical":"https:\/\/invertas.lt\/en\/produktai\/temperaturos-jutikliai\/temperaturos-jutiklis-su-masininiu-jungtuvu-74-wth\/","og_locale":"en_GB","og_type":"article","og_title":"Guenther var\u017einis PT100 temperat\u016bros jutiklis 74-WTH - Invertas","og_description":"74-WTH temperat\u016bros jutikliai ma\u017ei, atspar\u016bs vibracijoms, skirti montavimui \u012frenginiuose ir linijose. Tinka temperat\u016brai iki +400\u202f\u00b0C.","og_url":"https:\/\/invertas.lt\/en\/produktai\/temperaturos-jutikliai\/temperaturos-jutiklis-su-masininiu-jungtuvu-74-wth\/","og_site_name":"Invertas","article_modified_time":"2025-08-08T10:52:21+00:00","og_image":[{"width":1500,"height":1500,"url":"https:\/\/invertas.lt\/wp-content\/uploads\/2025\/07\/f6ea36a0-6a04-e0e9-5bc6-851368cd1a7a_42aa9eb5-37db-b901-2638-4311f00c9200_cntIdImage_7e490b7c22d7430041256bb3731fd413-e1752230652395.png","type":"image\/png"}],"twitter_card":"summary_large_image","twitter_misc":{"Estimated reading time":"1 minute"},"schema":{"@context":"https:\/\/schema.org","@graph":[{"@type":"WebPage","@id":"https:\/\/invertas.lt\/produktai\/temperaturos-jutikliai\/temperaturos-jutiklis-su-masininiu-jungtuvu-74-wth\/","url":"https:\/\/invertas.lt\/produktai\/temperaturos-jutikliai\/temperaturos-jutiklis-su-masininiu-jungtuvu-74-wth\/","name":"Guenther var\u017einis PT100 temperat\u016bros jutiklis 74-WTH - Invertas","isPartOf":{"@id":"https:\/\/invertas.lt\/#website"},"primaryImageOfPage":{"@id":"https:\/\/invertas.lt\/produktai\/temperaturos-jutikliai\/temperaturos-jutiklis-su-masininiu-jungtuvu-74-wth\/#primaryimage"},"image":{"@id":"https:\/\/invertas.lt\/produktai\/temperaturos-jutikliai\/temperaturos-jutiklis-su-masininiu-jungtuvu-74-wth\/#primaryimage"},"thumbnailUrl":"https:\/\/invertas.lt\/wp-content\/uploads\/2025\/07\/f6ea36a0-6a04-e0e9-5bc6-851368cd1a7a_42aa9eb5-37db-b901-2638-4311f00c9200_cntIdImage_7e490b7c22d7430041256bb3731fd413-e1752230652395.png","datePublished":"2025-07-09T20:29:05+00:00","dateModified":"2025-08-08T10:52:21+00:00","description":"74-WTH temperat\u016bros jutikliai ma\u017ei, atspar\u016bs vibracijoms, skirti montavimui \u012frenginiuose ir linijose. Tinka temperat\u016brai iki +400\u202f\u00b0C.","breadcrumb":{"@id":"https:\/\/invertas.lt\/produktai\/temperaturos-jutikliai\/temperaturos-jutiklis-su-masininiu-jungtuvu-74-wth\/#breadcrumb"},"inLanguage":"en-GB","potentialAction":[{"@type":"ReadAction","target":["https:\/\/invertas.lt\/produktai\/temperaturos-jutikliai\/temperaturos-jutiklis-su-masininiu-jungtuvu-74-wth\/"]}]},{"@type":"ImageObject","inLanguage":"en-GB","@id":"https:\/\/invertas.lt\/produktai\/temperaturos-jutikliai\/temperaturos-jutiklis-su-masininiu-jungtuvu-74-wth\/#primaryimage","url":"https:\/\/invertas.lt\/wp-content\/uploads\/2025\/07\/f6ea36a0-6a04-e0e9-5bc6-851368cd1a7a_42aa9eb5-37db-b901-2638-4311f00c9200_cntIdImage_7e490b7c22d7430041256bb3731fd413-e1752230652395.png","contentUrl":"https:\/\/invertas.lt\/wp-content\/uploads\/2025\/07\/f6ea36a0-6a04-e0e9-5bc6-851368cd1a7a_42aa9eb5-37db-b901-2638-4311f00c9200_cntIdImage_7e490b7c22d7430041256bb3731fd413-e1752230652395.png","width":1500,"height":1500},{"@type":"BreadcrumbList","@id":"https:\/\/invertas.lt\/produktai\/temperaturos-jutikliai\/temperaturos-jutiklis-su-masininiu-jungtuvu-74-wth\/#breadcrumb","itemListElement":[{"@type":"ListItem","position":1,"name":"Prad\u017eia","item":"https:\/\/invertas.lt\/"},{"@type":"ListItem","position":2,"name":"Products","item":"https:\/\/invertas.lt\/shop\/"},{"@type":"ListItem","position":3,"name":"Temperat\u016bros jutikliai","item":"https:\/\/invertas.lt\/.\/temperaturos-jutikliai\/"},{"@type":"ListItem","position":4,"name":"Guenther var\u017einis PT100 temperat\u016bros jutiklis 74-WTH"}]},{"@type":"WebSite","@id":"https:\/\/invertas.lt\/#website","url":"https:\/\/invertas.lt\/","name":"Invert","description":"","publisher":{"@id":"https:\/\/invertas.lt\/#organization"},"potentialAction":[{"@type":"SearchAction","target":{"@type":"EntryPoint","urlTemplate":"https:\/\/invertas.lt\/?s={search_term_string}"},"query-input":{"@type":"PropertyValueSpecification","valueRequired":true,"valueName":"search_term_string"}}],"inLanguage":"en-GB"},{"@type":"Organization","@id":"https:\/\/invertas.lt\/#organization","name":"Invert","url":"https:\/\/invertas.lt\/","logo":{"@type":"ImageObject","inLanguage":"en-GB","@id":"https:\/\/invertas.lt\/#\/schema\/logo\/image\/","url":"https:\/\/invertas.lt\/wp-content\/uploads\/2025\/03\/New-Text-Document-2.svg","contentUrl":"https:\/\/invertas.lt\/wp-content\/uploads\/2025\/03\/New-Text-Document-2.svg","width":140,"height":39,"caption":"Invertas"},"image":{"@id":"https:\/\/invertas.lt\/#\/schema\/logo\/image\/"}}]}},"_links":{"self":[{"href":"https:\/\/invertas.lt\/en\/wp-json\/wp\/v2\/product\/8166","targetHints":{"allow":["GET"]}}],"collection":[{"href":"https:\/\/invertas.lt\/en\/wp-json\/wp\/v2\/product"}],"about":[{"href":"https:\/\/invertas.lt\/en\/wp-json\/wp\/v2\/types\/product"}],"replies":[{"embeddable":true,"href":"https:\/\/invertas.lt\/en\/wp-json\/wp\/v2\/comments?post=8166"}],"wp:featuredmedia":[{"embeddable":true,"href":"https:\/\/invertas.lt\/en\/wp-json\/wp\/v2\/media\/8167"}],"wp:attachment":[{"href":"https:\/\/invertas.lt\/en\/wp-json\/wp\/v2\/media?parent=8166"}],"wp:term":[{"taxonomy":"product_brand","embeddable":true,"href":"https:\/\/invertas.lt\/en\/wp-json\/wp\/v2\/product_brand?post=8166"},{"taxonomy":"product_cat","embeddable":true,"href":"https:\/\/invertas.lt\/en\/wp-json\/wp\/v2\/product_cat?post=8166"},{"taxonomy":"product_tag","embeddable":true,"href":"https:\/\/invertas.lt\/en\/wp-json\/wp\/v2\/product_tag?post=8166"}],"curies":[{"name":"wp","href":"https:\/\/api.w.org\/{rel}","templated":true}]}}