{"id":8160,"date":"2025-07-09T19:18:49","date_gmt":"2025-07-09T19:18:49","guid":{"rendered":"https:\/\/aurimasb15.sg-host.com\/?post_type=product&#038;p=8160"},"modified":"2025-08-08T10:51:09","modified_gmt":"2025-08-08T10:51:09","slug":"temperaturinis-zondas-su-bajonetine-spyna-6x-btf","status":"publish","type":"product","link":"https:\/\/invertas.lt\/en\/produktai\/temperaturos-jutikliai\/temperaturinis-zondas-su-bajonetine-spyna-6x-btf\/","title":{"rendered":"Guenther resistance PT100 temperature probe 6X-BTF"},"content":{"rendered":"<h3 data-start=\"0\" data-end=\"14\">Fields of application<\/h3>\n<p data-start=\"19\" data-end=\"161\">Sensors with a bayonet connection are used for measurement\ntemperatures in machine blocks, installations and foundry molds, primarily in the plastics industry. Different versions of the measuring tips are available, including flat half-round or 118\u00b0 cones. The sensors are equipped as standard with a stainless steel spring, on which there is a bayonet connector.<\/p>\n<h3 data-start=\"16\" data-end=\"183\">Features<\/h3>\n<ul>\n<li>Reliable, durable construction<\/li>\n<li>Different types of connecting cables<\/li>\n<li>High measurement accuracy<\/li>\n<li>Adjustable spring diameter and length<\/li>\n<\/ul>","protected":false},"excerpt":{"rendered":"<p>Taikymo sritys Jutikliai su bajonetiniu sujungimu naudojami temperat\u016brai matuoti ma\u0161in\u0173 blokuose, \u012frenginiuose ir liejimo formose, daugiausia plastiko pramon\u0117je. Galimi \u012fvair\u016bs matavimo antgali\u0173 variantai: plok\u0161ti, pusapvaliai arba 118\u00b0 k\u016bgiai. Jutikliai standarti\u0161kai komplektuojami su ner\u016bdijan\u010dio plieno spyruokle, ant kurios yra bajonetinis sujungiklis. Savyb\u0117s Patikima, ilgaam\u017e\u0117 konstrukcija \u012evairi\u0173 tip\u0173 jungiamieji kabeliai Didelis matavimo tikslumas Pritaikomas spyruokl\u0117s skersmuo ir [&hellip;]<\/p>","protected":false},"featured_media":8161,"comment_status":"open","ping_status":"closed","template":"","meta":{"_acf_changed":false,"inline_featured_image":false},"product_brand":[],"product_cat":[501],"product_tag":[],"class_list":{"0":"post-8160","1":"product","2":"type-product","3":"status-publish","4":"has-post-thumbnail","6":"product_cat-temperaturos-jutikliai","8":"first","9":"instock","10":"shipping-taxable","11":"purchasable","12":"product-type-simple"},"acf":[],"yoast_head":"<!-- This site is optimized with the Yoast SEO plugin v25.5 - https:\/\/yoast.com\/wordpress\/plugins\/seo\/ -->\n<title>Guenther var\u017einis PT100 temperat\u016bros zondas 6X-BTF - Invertas<\/title>\n<meta name=\"description\" content=\"Bajonetiniai jutikliai temperat\u016brai matuoti plastiko pramon\u0117je, skirti ma\u0161in\u0173 blokams ir liejimo formoms. Komplektuojami su ner\u016bdijan\u010dio plieno spyruokle.\" \/>\n<meta name=\"robots\" content=\"index, follow, max-snippet:-1, max-image-preview:large, max-video-preview:-1\" \/>\n<link rel=\"canonical\" href=\"https:\/\/invertas.lt\/en\/produktai\/temperaturos-jutikliai\/temperaturinis-zondas-su-bajonetine-spyna-6x-btf\/\" \/>\n<meta property=\"og:locale\" content=\"en_GB\" \/>\n<meta property=\"og:type\" content=\"article\" \/>\n<meta property=\"og:title\" content=\"Guenther var\u017einis PT100 temperat\u016bros zondas 6X-BTF - Invertas\" \/>\n<meta property=\"og:description\" content=\"Bajonetiniai jutikliai temperat\u016brai matuoti plastiko pramon\u0117je, skirti ma\u0161in\u0173 blokams ir liejimo formoms. Komplektuojami su ner\u016bdijan\u010dio plieno spyruokle.\" \/>\n<meta property=\"og:url\" content=\"https:\/\/invertas.lt\/en\/produktai\/temperaturos-jutikliai\/temperaturinis-zondas-su-bajonetine-spyna-6x-btf\/\" \/>\n<meta property=\"og:site_name\" content=\"Invertas\" \/>\n<meta property=\"article:modified_time\" content=\"2025-08-08T10:51:09+00:00\" \/>\n<meta property=\"og:image\" content=\"https:\/\/invertas.lt\/wp-content\/uploads\/2025\/07\/06657a2a-e44e-4507-f6de-b817b6e20146_4f73c577-a1f4-f248-7842-7f22ae93531e_cntIdImage_7e490b7c22d7430041256bb3731fd413-e1752230549385.png\" \/>\n\t<meta property=\"og:image:width\" content=\"1500\" \/>\n\t<meta property=\"og:image:height\" content=\"1550\" \/>\n\t<meta property=\"og:image:type\" content=\"image\/png\" \/>\n<meta name=\"twitter:card\" content=\"summary_large_image\" \/>\n<meta name=\"twitter:label1\" content=\"Estimated reading time\" \/>\n\t<meta name=\"twitter:data1\" content=\"1 minute\" \/>\n<script type=\"application\/ld+json\" class=\"yoast-schema-graph\">{\"@context\":\"https:\/\/schema.org\",\"@graph\":[{\"@type\":\"WebPage\",\"@id\":\"https:\/\/invertas.lt\/produktai\/temperaturos-jutikliai\/temperaturinis-zondas-su-bajonetine-spyna-6x-btf\/\",\"url\":\"https:\/\/invertas.lt\/produktai\/temperaturos-jutikliai\/temperaturinis-zondas-su-bajonetine-spyna-6x-btf\/\",\"name\":\"Guenther var\u017einis PT100 temperat\u016bros zondas 6X-BTF - Invertas\",\"isPartOf\":{\"@id\":\"https:\/\/invertas.lt\/#website\"},\"primaryImageOfPage\":{\"@id\":\"https:\/\/invertas.lt\/produktai\/temperaturos-jutikliai\/temperaturinis-zondas-su-bajonetine-spyna-6x-btf\/#primaryimage\"},\"image\":{\"@id\":\"https:\/\/invertas.lt\/produktai\/temperaturos-jutikliai\/temperaturinis-zondas-su-bajonetine-spyna-6x-btf\/#primaryimage\"},\"thumbnailUrl\":\"https:\/\/invertas.lt\/wp-content\/uploads\/2025\/07\/06657a2a-e44e-4507-f6de-b817b6e20146_4f73c577-a1f4-f248-7842-7f22ae93531e_cntIdImage_7e490b7c22d7430041256bb3731fd413-e1752230549385.png\",\"datePublished\":\"2025-07-09T19:18:49+00:00\",\"dateModified\":\"2025-08-08T10:51:09+00:00\",\"description\":\"Bajonetiniai jutikliai temperat\u016brai matuoti plastiko pramon\u0117je, skirti ma\u0161in\u0173 blokams ir liejimo formoms. Komplektuojami su ner\u016bdijan\u010dio plieno spyruokle.\",\"breadcrumb\":{\"@id\":\"https:\/\/invertas.lt\/produktai\/temperaturos-jutikliai\/temperaturinis-zondas-su-bajonetine-spyna-6x-btf\/#breadcrumb\"},\"inLanguage\":\"en-GB\",\"potentialAction\":[{\"@type\":\"ReadAction\",\"target\":[\"https:\/\/invertas.lt\/produktai\/temperaturos-jutikliai\/temperaturinis-zondas-su-bajonetine-spyna-6x-btf\/\"]}]},{\"@type\":\"ImageObject\",\"inLanguage\":\"en-GB\",\"@id\":\"https:\/\/invertas.lt\/produktai\/temperaturos-jutikliai\/temperaturinis-zondas-su-bajonetine-spyna-6x-btf\/#primaryimage\",\"url\":\"https:\/\/invertas.lt\/wp-content\/uploads\/2025\/07\/06657a2a-e44e-4507-f6de-b817b6e20146_4f73c577-a1f4-f248-7842-7f22ae93531e_cntIdImage_7e490b7c22d7430041256bb3731fd413-e1752230549385.png\",\"contentUrl\":\"https:\/\/invertas.lt\/wp-content\/uploads\/2025\/07\/06657a2a-e44e-4507-f6de-b817b6e20146_4f73c577-a1f4-f248-7842-7f22ae93531e_cntIdImage_7e490b7c22d7430041256bb3731fd413-e1752230549385.png\",\"width\":1500,\"height\":1550},{\"@type\":\"BreadcrumbList\",\"@id\":\"https:\/\/invertas.lt\/produktai\/temperaturos-jutikliai\/temperaturinis-zondas-su-bajonetine-spyna-6x-btf\/#breadcrumb\",\"itemListElement\":[{\"@type\":\"ListItem\",\"position\":1,\"name\":\"Prad\u017eia\",\"item\":\"https:\/\/invertas.lt\/\"},{\"@type\":\"ListItem\",\"position\":2,\"name\":\"Products\",\"item\":\"https:\/\/invertas.lt\/shop\/\"},{\"@type\":\"ListItem\",\"position\":3,\"name\":\"Temperat\u016bros jutikliai\",\"item\":\"https:\/\/invertas.lt\/.\/temperaturos-jutikliai\/\"},{\"@type\":\"ListItem\",\"position\":4,\"name\":\"Guenther var\u017einis PT100 temperat\u016bros zondas 6X-BTF\"}]},{\"@type\":\"WebSite\",\"@id\":\"https:\/\/invertas.lt\/#website\",\"url\":\"https:\/\/invertas.lt\/\",\"name\":\"Invertas\",\"description\":\"\",\"publisher\":{\"@id\":\"https:\/\/invertas.lt\/#organization\"},\"potentialAction\":[{\"@type\":\"SearchAction\",\"target\":{\"@type\":\"EntryPoint\",\"urlTemplate\":\"https:\/\/invertas.lt\/?s={search_term_string}\"},\"query-input\":{\"@type\":\"PropertyValueSpecification\",\"valueRequired\":true,\"valueName\":\"search_term_string\"}}],\"inLanguage\":\"en-GB\"},{\"@type\":\"Organization\",\"@id\":\"https:\/\/invertas.lt\/#organization\",\"name\":\"Invertas\",\"url\":\"https:\/\/invertas.lt\/\",\"logo\":{\"@type\":\"ImageObject\",\"inLanguage\":\"en-GB\",\"@id\":\"https:\/\/invertas.lt\/#\/schema\/logo\/image\/\",\"url\":\"https:\/\/invertas.lt\/wp-content\/uploads\/2025\/03\/New-Text-Document-2.svg\",\"contentUrl\":\"https:\/\/invertas.lt\/wp-content\/uploads\/2025\/03\/New-Text-Document-2.svg\",\"width\":140,\"height\":39,\"caption\":\"Invertas\"},\"image\":{\"@id\":\"https:\/\/invertas.lt\/#\/schema\/logo\/image\/\"}}]}<\/script>\n<!-- \/ Yoast SEO plugin. -->","yoast_head_json":{"title":"Guenther var\u017einis PT100 temperat\u016bros zondas 6X-BTF - Invertas","description":"Bajonetiniai jutikliai temperat\u016brai matuoti plastiko pramon\u0117je, skirti ma\u0161in\u0173 blokams ir liejimo formoms. Komplektuojami su ner\u016bdijan\u010dio plieno spyruokle.","robots":{"index":"index","follow":"follow","max-snippet":"max-snippet:-1","max-image-preview":"max-image-preview:large","max-video-preview":"max-video-preview:-1"},"canonical":"https:\/\/invertas.lt\/en\/produktai\/temperaturos-jutikliai\/temperaturinis-zondas-su-bajonetine-spyna-6x-btf\/","og_locale":"en_GB","og_type":"article","og_title":"Guenther var\u017einis PT100 temperat\u016bros zondas 6X-BTF - Invertas","og_description":"Bajonetiniai jutikliai temperat\u016brai matuoti plastiko pramon\u0117je, skirti ma\u0161in\u0173 blokams ir liejimo formoms. Komplektuojami su ner\u016bdijan\u010dio plieno spyruokle.","og_url":"https:\/\/invertas.lt\/en\/produktai\/temperaturos-jutikliai\/temperaturinis-zondas-su-bajonetine-spyna-6x-btf\/","og_site_name":"Invertas","article_modified_time":"2025-08-08T10:51:09+00:00","og_image":[{"width":1500,"height":1550,"url":"https:\/\/invertas.lt\/wp-content\/uploads\/2025\/07\/06657a2a-e44e-4507-f6de-b817b6e20146_4f73c577-a1f4-f248-7842-7f22ae93531e_cntIdImage_7e490b7c22d7430041256bb3731fd413-e1752230549385.png","type":"image\/png"}],"twitter_card":"summary_large_image","twitter_misc":{"Estimated reading time":"1 minute"},"schema":{"@context":"https:\/\/schema.org","@graph":[{"@type":"WebPage","@id":"https:\/\/invertas.lt\/produktai\/temperaturos-jutikliai\/temperaturinis-zondas-su-bajonetine-spyna-6x-btf\/","url":"https:\/\/invertas.lt\/produktai\/temperaturos-jutikliai\/temperaturinis-zondas-su-bajonetine-spyna-6x-btf\/","name":"Guenther var\u017einis PT100 temperat\u016bros zondas 6X-BTF - Invertas","isPartOf":{"@id":"https:\/\/invertas.lt\/#website"},"primaryImageOfPage":{"@id":"https:\/\/invertas.lt\/produktai\/temperaturos-jutikliai\/temperaturinis-zondas-su-bajonetine-spyna-6x-btf\/#primaryimage"},"image":{"@id":"https:\/\/invertas.lt\/produktai\/temperaturos-jutikliai\/temperaturinis-zondas-su-bajonetine-spyna-6x-btf\/#primaryimage"},"thumbnailUrl":"https:\/\/invertas.lt\/wp-content\/uploads\/2025\/07\/06657a2a-e44e-4507-f6de-b817b6e20146_4f73c577-a1f4-f248-7842-7f22ae93531e_cntIdImage_7e490b7c22d7430041256bb3731fd413-e1752230549385.png","datePublished":"2025-07-09T19:18:49+00:00","dateModified":"2025-08-08T10:51:09+00:00","description":"Bajonetiniai jutikliai temperat\u016brai matuoti plastiko pramon\u0117je, skirti ma\u0161in\u0173 blokams ir liejimo formoms. Komplektuojami su ner\u016bdijan\u010dio plieno spyruokle.","breadcrumb":{"@id":"https:\/\/invertas.lt\/produktai\/temperaturos-jutikliai\/temperaturinis-zondas-su-bajonetine-spyna-6x-btf\/#breadcrumb"},"inLanguage":"en-GB","potentialAction":[{"@type":"ReadAction","target":["https:\/\/invertas.lt\/produktai\/temperaturos-jutikliai\/temperaturinis-zondas-su-bajonetine-spyna-6x-btf\/"]}]},{"@type":"ImageObject","inLanguage":"en-GB","@id":"https:\/\/invertas.lt\/produktai\/temperaturos-jutikliai\/temperaturinis-zondas-su-bajonetine-spyna-6x-btf\/#primaryimage","url":"https:\/\/invertas.lt\/wp-content\/uploads\/2025\/07\/06657a2a-e44e-4507-f6de-b817b6e20146_4f73c577-a1f4-f248-7842-7f22ae93531e_cntIdImage_7e490b7c22d7430041256bb3731fd413-e1752230549385.png","contentUrl":"https:\/\/invertas.lt\/wp-content\/uploads\/2025\/07\/06657a2a-e44e-4507-f6de-b817b6e20146_4f73c577-a1f4-f248-7842-7f22ae93531e_cntIdImage_7e490b7c22d7430041256bb3731fd413-e1752230549385.png","width":1500,"height":1550},{"@type":"BreadcrumbList","@id":"https:\/\/invertas.lt\/produktai\/temperaturos-jutikliai\/temperaturinis-zondas-su-bajonetine-spyna-6x-btf\/#breadcrumb","itemListElement":[{"@type":"ListItem","position":1,"name":"Prad\u017eia","item":"https:\/\/invertas.lt\/"},{"@type":"ListItem","position":2,"name":"Products","item":"https:\/\/invertas.lt\/shop\/"},{"@type":"ListItem","position":3,"name":"Temperat\u016bros jutikliai","item":"https:\/\/invertas.lt\/.\/temperaturos-jutikliai\/"},{"@type":"ListItem","position":4,"name":"Guenther var\u017einis PT100 temperat\u016bros zondas 6X-BTF"}]},{"@type":"WebSite","@id":"https:\/\/invertas.lt\/#website","url":"https:\/\/invertas.lt\/","name":"Invert","description":"","publisher":{"@id":"https:\/\/invertas.lt\/#organization"},"potentialAction":[{"@type":"SearchAction","target":{"@type":"EntryPoint","urlTemplate":"https:\/\/invertas.lt\/?s={search_term_string}"},"query-input":{"@type":"PropertyValueSpecification","valueRequired":true,"valueName":"search_term_string"}}],"inLanguage":"en-GB"},{"@type":"Organization","@id":"https:\/\/invertas.lt\/#organization","name":"Invert","url":"https:\/\/invertas.lt\/","logo":{"@type":"ImageObject","inLanguage":"en-GB","@id":"https:\/\/invertas.lt\/#\/schema\/logo\/image\/","url":"https:\/\/invertas.lt\/wp-content\/uploads\/2025\/03\/New-Text-Document-2.svg","contentUrl":"https:\/\/invertas.lt\/wp-content\/uploads\/2025\/03\/New-Text-Document-2.svg","width":140,"height":39,"caption":"Invertas"},"image":{"@id":"https:\/\/invertas.lt\/#\/schema\/logo\/image\/"}}]}},"_links":{"self":[{"href":"https:\/\/invertas.lt\/en\/wp-json\/wp\/v2\/product\/8160","targetHints":{"allow":["GET"]}}],"collection":[{"href":"https:\/\/invertas.lt\/en\/wp-json\/wp\/v2\/product"}],"about":[{"href":"https:\/\/invertas.lt\/en\/wp-json\/wp\/v2\/types\/product"}],"replies":[{"embeddable":true,"href":"https:\/\/invertas.lt\/en\/wp-json\/wp\/v2\/comments?post=8160"}],"wp:featuredmedia":[{"embeddable":true,"href":"https:\/\/invertas.lt\/en\/wp-json\/wp\/v2\/media\/8161"}],"wp:attachment":[{"href":"https:\/\/invertas.lt\/en\/wp-json\/wp\/v2\/media?parent=8160"}],"wp:term":[{"taxonomy":"product_brand","embeddable":true,"href":"https:\/\/invertas.lt\/en\/wp-json\/wp\/v2\/product_brand?post=8160"},{"taxonomy":"product_cat","embeddable":true,"href":"https:\/\/invertas.lt\/en\/wp-json\/wp\/v2\/product_cat?post=8160"},{"taxonomy":"product_tag","embeddable":true,"href":"https:\/\/invertas.lt\/en\/wp-json\/wp\/v2\/product_tag?post=8160"}],"curies":[{"name":"wp","href":"https:\/\/api.w.org\/{rel}","templated":true}]}}