{"id":8157,"date":"2025-07-09T18:29:28","date_gmt":"2025-07-09T18:29:28","guid":{"rendered":"https:\/\/aurimasb15.sg-host.com\/?post_type=product&#038;p=8157"},"modified":"2025-08-08T10:50:04","modified_gmt":"2025-08-08T10:50:04","slug":"srieginis-varzinis-termometras-su-mineraline-izoliacija-55-wes","status":"publish","type":"product","link":"https:\/\/invertas.lt\/en\/produktai\/temperaturos-jutikliai\/srieginis-varzinis-termometras-su-mineraline-izoliacija-55-wes\/","title":{"rendered":"Guenther threaded resistance PT100 temperature sensor 55-WES"},"content":{"rendered":"<h3 data-start=\"80\" data-end=\"102\"><strong data-start=\"84\" data-end=\"102\">Fields of application<\/strong><\/h3>\n<p data-start=\"104\" data-end=\"329\">Threaded mineral insulated resistance thermometers (55-WES) are designed for temperature measurement in low-pressure gaseous, liquid and plastic media up to 800 \u00b0C, depending on the protective tube and environmental conditions.<\/p>\n<h3 data-start=\"331\" data-end=\"346\"><strong data-start=\"335\" data-end=\"346\">Features<\/strong><\/h3>\n<ul data-start=\"348\" data-end=\"499\" data-is-last-node=\"\" data-is-only-node=\"\">\n<li data-start=\"348\" data-end=\"391\">\n<p data-start=\"350\" data-end=\"391\">Reliable thread mounting design<\/p>\n<\/li>\n<li data-start=\"392\" data-end=\"446\">\n<p data-start=\"394\" data-end=\"446\">Mineral insulated measuring elements<\/p>\n<\/li>\n<li data-start=\"447\" data-end=\"499\" data-is-last-node=\"\">\n<p data-start=\"449\" data-end=\"499\" data-is-last-node=\"\">Resistant to high temperatures and various media<\/p>\n<\/li>\n<\/ul>","protected":false},"excerpt":{"rendered":"<p>Taikymo sritys Sriegti mineraline izoliacija izoliuoti var\u017einiai termometrai (55-WES) skirti temperat\u016bros matavimui \u017eemo sl\u0117gio dujin\u0117se, skystose ir plastikin\u0117se terp\u0117se iki 800\u202f\u00b0C, priklausomai nuo apsauginio vamzdelio ir aplinkos s\u0105lyg\u0173. Savyb\u0117s Patikima sriegio montavimo konstrukcija Mineraline izoliacija izoliuoti matavimo elementai Atspar\u016bs auk\u0161tai temperat\u016brai ir \u012fvairioms terp\u0117ms<\/p>","protected":false},"featured_media":8158,"comment_status":"open","ping_status":"closed","template":"","meta":{"_acf_changed":false,"inline_featured_image":false},"product_brand":[],"product_cat":[501],"product_tag":[],"class_list":{"0":"post-8157","1":"product","2":"type-product","3":"status-publish","4":"has-post-thumbnail","6":"product_cat-temperaturos-jutikliai","8":"first","9":"instock","10":"shipping-taxable","11":"purchasable","12":"product-type-simple"},"acf":[],"yoast_head":"<!-- This site is optimized with the Yoast SEO plugin v25.5 - https:\/\/yoast.com\/wordpress\/plugins\/seo\/ -->\n<title>Guenther srieginis var\u017einis PT100 temperat\u016bros jutiklis 55-WES - Invertas<\/title>\n<meta name=\"description\" content=\"55-WES sriegti var\u017einiai termometrai su mineraline izoliacija matuoja temperat\u016br\u0105 \u017eemo sl\u0117gio dujose, skys\u010diuose ir plastike iki 800\u202f\u00b0C.\" \/>\n<meta name=\"robots\" content=\"index, follow, max-snippet:-1, max-image-preview:large, max-video-preview:-1\" \/>\n<link rel=\"canonical\" href=\"https:\/\/invertas.lt\/en\/produktai\/temperaturos-jutikliai\/srieginis-varzinis-termometras-su-mineraline-izoliacija-55-wes\/\" \/>\n<meta property=\"og:locale\" content=\"en_GB\" \/>\n<meta property=\"og:type\" content=\"article\" \/>\n<meta property=\"og:title\" content=\"Guenther srieginis var\u017einis PT100 temperat\u016bros jutiklis 55-WES - Invertas\" \/>\n<meta property=\"og:description\" content=\"55-WES sriegti var\u017einiai termometrai su mineraline izoliacija matuoja temperat\u016br\u0105 \u017eemo sl\u0117gio dujose, skys\u010diuose ir plastike iki 800\u202f\u00b0C.\" \/>\n<meta property=\"og:url\" content=\"https:\/\/invertas.lt\/en\/produktai\/temperaturos-jutikliai\/srieginis-varzinis-termometras-su-mineraline-izoliacija-55-wes\/\" \/>\n<meta property=\"og:site_name\" content=\"Invertas\" \/>\n<meta property=\"article:modified_time\" content=\"2025-08-08T10:50:04+00:00\" \/>\n<meta property=\"og:image\" content=\"https:\/\/invertas.lt\/wp-content\/uploads\/2025\/07\/1d7367fc-76b7-1b91-d5af-54c918d3435f_523c893a-d4a8-687c-963e-7d7ee63f093d_cntIdImage_7e490b7c22d7430041256bb3731fd413-e1752230492390.png\" \/>\n\t<meta property=\"og:image:width\" content=\"1500\" \/>\n\t<meta property=\"og:image:height\" content=\"1500\" \/>\n\t<meta property=\"og:image:type\" content=\"image\/png\" \/>\n<meta name=\"twitter:card\" content=\"summary_large_image\" \/>\n<meta name=\"twitter:label1\" content=\"Estimated reading time\" \/>\n\t<meta name=\"twitter:data1\" content=\"1 minute\" \/>\n<script type=\"application\/ld+json\" class=\"yoast-schema-graph\">{\"@context\":\"https:\/\/schema.org\",\"@graph\":[{\"@type\":\"WebPage\",\"@id\":\"https:\/\/invertas.lt\/produktai\/temperaturos-jutikliai\/srieginis-varzinis-termometras-su-mineraline-izoliacija-55-wes\/\",\"url\":\"https:\/\/invertas.lt\/produktai\/temperaturos-jutikliai\/srieginis-varzinis-termometras-su-mineraline-izoliacija-55-wes\/\",\"name\":\"Guenther srieginis var\u017einis PT100 temperat\u016bros jutiklis 55-WES - Invertas\",\"isPartOf\":{\"@id\":\"https:\/\/invertas.lt\/#website\"},\"primaryImageOfPage\":{\"@id\":\"https:\/\/invertas.lt\/produktai\/temperaturos-jutikliai\/srieginis-varzinis-termometras-su-mineraline-izoliacija-55-wes\/#primaryimage\"},\"image\":{\"@id\":\"https:\/\/invertas.lt\/produktai\/temperaturos-jutikliai\/srieginis-varzinis-termometras-su-mineraline-izoliacija-55-wes\/#primaryimage\"},\"thumbnailUrl\":\"https:\/\/invertas.lt\/wp-content\/uploads\/2025\/07\/1d7367fc-76b7-1b91-d5af-54c918d3435f_523c893a-d4a8-687c-963e-7d7ee63f093d_cntIdImage_7e490b7c22d7430041256bb3731fd413-e1752230492390.png\",\"datePublished\":\"2025-07-09T18:29:28+00:00\",\"dateModified\":\"2025-08-08T10:50:04+00:00\",\"description\":\"55-WES sriegti var\u017einiai termometrai su mineraline izoliacija matuoja temperat\u016br\u0105 \u017eemo sl\u0117gio dujose, skys\u010diuose ir plastike iki 800\u202f\u00b0C.\",\"breadcrumb\":{\"@id\":\"https:\/\/invertas.lt\/produktai\/temperaturos-jutikliai\/srieginis-varzinis-termometras-su-mineraline-izoliacija-55-wes\/#breadcrumb\"},\"inLanguage\":\"en-GB\",\"potentialAction\":[{\"@type\":\"ReadAction\",\"target\":[\"https:\/\/invertas.lt\/produktai\/temperaturos-jutikliai\/srieginis-varzinis-termometras-su-mineraline-izoliacija-55-wes\/\"]}]},{\"@type\":\"ImageObject\",\"inLanguage\":\"en-GB\",\"@id\":\"https:\/\/invertas.lt\/produktai\/temperaturos-jutikliai\/srieginis-varzinis-termometras-su-mineraline-izoliacija-55-wes\/#primaryimage\",\"url\":\"https:\/\/invertas.lt\/wp-content\/uploads\/2025\/07\/1d7367fc-76b7-1b91-d5af-54c918d3435f_523c893a-d4a8-687c-963e-7d7ee63f093d_cntIdImage_7e490b7c22d7430041256bb3731fd413-e1752230492390.png\",\"contentUrl\":\"https:\/\/invertas.lt\/wp-content\/uploads\/2025\/07\/1d7367fc-76b7-1b91-d5af-54c918d3435f_523c893a-d4a8-687c-963e-7d7ee63f093d_cntIdImage_7e490b7c22d7430041256bb3731fd413-e1752230492390.png\",\"width\":1500,\"height\":1500},{\"@type\":\"BreadcrumbList\",\"@id\":\"https:\/\/invertas.lt\/produktai\/temperaturos-jutikliai\/srieginis-varzinis-termometras-su-mineraline-izoliacija-55-wes\/#breadcrumb\",\"itemListElement\":[{\"@type\":\"ListItem\",\"position\":1,\"name\":\"Prad\u017eia\",\"item\":\"https:\/\/invertas.lt\/\"},{\"@type\":\"ListItem\",\"position\":2,\"name\":\"Products\",\"item\":\"https:\/\/invertas.lt\/shop\/\"},{\"@type\":\"ListItem\",\"position\":3,\"name\":\"Temperat\u016bros jutikliai\",\"item\":\"https:\/\/invertas.lt\/.\/temperaturos-jutikliai\/\"},{\"@type\":\"ListItem\",\"position\":4,\"name\":\"Guenther srieginis var\u017einis PT100 temperat\u016bros jutiklis 55-WES\"}]},{\"@type\":\"WebSite\",\"@id\":\"https:\/\/invertas.lt\/#website\",\"url\":\"https:\/\/invertas.lt\/\",\"name\":\"Invertas\",\"description\":\"\",\"publisher\":{\"@id\":\"https:\/\/invertas.lt\/#organization\"},\"potentialAction\":[{\"@type\":\"SearchAction\",\"target\":{\"@type\":\"EntryPoint\",\"urlTemplate\":\"https:\/\/invertas.lt\/?s={search_term_string}\"},\"query-input\":{\"@type\":\"PropertyValueSpecification\",\"valueRequired\":true,\"valueName\":\"search_term_string\"}}],\"inLanguage\":\"en-GB\"},{\"@type\":\"Organization\",\"@id\":\"https:\/\/invertas.lt\/#organization\",\"name\":\"Invertas\",\"url\":\"https:\/\/invertas.lt\/\",\"logo\":{\"@type\":\"ImageObject\",\"inLanguage\":\"en-GB\",\"@id\":\"https:\/\/invertas.lt\/#\/schema\/logo\/image\/\",\"url\":\"https:\/\/invertas.lt\/wp-content\/uploads\/2025\/03\/New-Text-Document-2.svg\",\"contentUrl\":\"https:\/\/invertas.lt\/wp-content\/uploads\/2025\/03\/New-Text-Document-2.svg\",\"width\":140,\"height\":39,\"caption\":\"Invertas\"},\"image\":{\"@id\":\"https:\/\/invertas.lt\/#\/schema\/logo\/image\/\"}}]}<\/script>\n<!-- \/ Yoast SEO plugin. -->","yoast_head_json":{"title":"Guenther srieginis var\u017einis PT100 temperat\u016bros jutiklis 55-WES - Invertas","description":"55-WES sriegti var\u017einiai termometrai su mineraline izoliacija matuoja temperat\u016br\u0105 \u017eemo sl\u0117gio dujose, skys\u010diuose ir plastike iki 800\u202f\u00b0C.","robots":{"index":"index","follow":"follow","max-snippet":"max-snippet:-1","max-image-preview":"max-image-preview:large","max-video-preview":"max-video-preview:-1"},"canonical":"https:\/\/invertas.lt\/en\/produktai\/temperaturos-jutikliai\/srieginis-varzinis-termometras-su-mineraline-izoliacija-55-wes\/","og_locale":"en_GB","og_type":"article","og_title":"Guenther srieginis var\u017einis PT100 temperat\u016bros jutiklis 55-WES - Invertas","og_description":"55-WES sriegti var\u017einiai termometrai su mineraline izoliacija matuoja temperat\u016br\u0105 \u017eemo sl\u0117gio dujose, skys\u010diuose ir plastike iki 800\u202f\u00b0C.","og_url":"https:\/\/invertas.lt\/en\/produktai\/temperaturos-jutikliai\/srieginis-varzinis-termometras-su-mineraline-izoliacija-55-wes\/","og_site_name":"Invertas","article_modified_time":"2025-08-08T10:50:04+00:00","og_image":[{"width":1500,"height":1500,"url":"https:\/\/invertas.lt\/wp-content\/uploads\/2025\/07\/1d7367fc-76b7-1b91-d5af-54c918d3435f_523c893a-d4a8-687c-963e-7d7ee63f093d_cntIdImage_7e490b7c22d7430041256bb3731fd413-e1752230492390.png","type":"image\/png"}],"twitter_card":"summary_large_image","twitter_misc":{"Estimated reading time":"1 minute"},"schema":{"@context":"https:\/\/schema.org","@graph":[{"@type":"WebPage","@id":"https:\/\/invertas.lt\/produktai\/temperaturos-jutikliai\/srieginis-varzinis-termometras-su-mineraline-izoliacija-55-wes\/","url":"https:\/\/invertas.lt\/produktai\/temperaturos-jutikliai\/srieginis-varzinis-termometras-su-mineraline-izoliacija-55-wes\/","name":"Guenther srieginis var\u017einis PT100 temperat\u016bros jutiklis 55-WES - Invertas","isPartOf":{"@id":"https:\/\/invertas.lt\/#website"},"primaryImageOfPage":{"@id":"https:\/\/invertas.lt\/produktai\/temperaturos-jutikliai\/srieginis-varzinis-termometras-su-mineraline-izoliacija-55-wes\/#primaryimage"},"image":{"@id":"https:\/\/invertas.lt\/produktai\/temperaturos-jutikliai\/srieginis-varzinis-termometras-su-mineraline-izoliacija-55-wes\/#primaryimage"},"thumbnailUrl":"https:\/\/invertas.lt\/wp-content\/uploads\/2025\/07\/1d7367fc-76b7-1b91-d5af-54c918d3435f_523c893a-d4a8-687c-963e-7d7ee63f093d_cntIdImage_7e490b7c22d7430041256bb3731fd413-e1752230492390.png","datePublished":"2025-07-09T18:29:28+00:00","dateModified":"2025-08-08T10:50:04+00:00","description":"55-WES sriegti var\u017einiai termometrai su mineraline izoliacija matuoja temperat\u016br\u0105 \u017eemo sl\u0117gio dujose, skys\u010diuose ir plastike iki 800\u202f\u00b0C.","breadcrumb":{"@id":"https:\/\/invertas.lt\/produktai\/temperaturos-jutikliai\/srieginis-varzinis-termometras-su-mineraline-izoliacija-55-wes\/#breadcrumb"},"inLanguage":"en-GB","potentialAction":[{"@type":"ReadAction","target":["https:\/\/invertas.lt\/produktai\/temperaturos-jutikliai\/srieginis-varzinis-termometras-su-mineraline-izoliacija-55-wes\/"]}]},{"@type":"ImageObject","inLanguage":"en-GB","@id":"https:\/\/invertas.lt\/produktai\/temperaturos-jutikliai\/srieginis-varzinis-termometras-su-mineraline-izoliacija-55-wes\/#primaryimage","url":"https:\/\/invertas.lt\/wp-content\/uploads\/2025\/07\/1d7367fc-76b7-1b91-d5af-54c918d3435f_523c893a-d4a8-687c-963e-7d7ee63f093d_cntIdImage_7e490b7c22d7430041256bb3731fd413-e1752230492390.png","contentUrl":"https:\/\/invertas.lt\/wp-content\/uploads\/2025\/07\/1d7367fc-76b7-1b91-d5af-54c918d3435f_523c893a-d4a8-687c-963e-7d7ee63f093d_cntIdImage_7e490b7c22d7430041256bb3731fd413-e1752230492390.png","width":1500,"height":1500},{"@type":"BreadcrumbList","@id":"https:\/\/invertas.lt\/produktai\/temperaturos-jutikliai\/srieginis-varzinis-termometras-su-mineraline-izoliacija-55-wes\/#breadcrumb","itemListElement":[{"@type":"ListItem","position":1,"name":"Prad\u017eia","item":"https:\/\/invertas.lt\/"},{"@type":"ListItem","position":2,"name":"Products","item":"https:\/\/invertas.lt\/shop\/"},{"@type":"ListItem","position":3,"name":"Temperat\u016bros jutikliai","item":"https:\/\/invertas.lt\/.\/temperaturos-jutikliai\/"},{"@type":"ListItem","position":4,"name":"Guenther srieginis var\u017einis PT100 temperat\u016bros jutiklis 55-WES"}]},{"@type":"WebSite","@id":"https:\/\/invertas.lt\/#website","url":"https:\/\/invertas.lt\/","name":"Invert","description":"","publisher":{"@id":"https:\/\/invertas.lt\/#organization"},"potentialAction":[{"@type":"SearchAction","target":{"@type":"EntryPoint","urlTemplate":"https:\/\/invertas.lt\/?s={search_term_string}"},"query-input":{"@type":"PropertyValueSpecification","valueRequired":true,"valueName":"search_term_string"}}],"inLanguage":"en-GB"},{"@type":"Organization","@id":"https:\/\/invertas.lt\/#organization","name":"Invert","url":"https:\/\/invertas.lt\/","logo":{"@type":"ImageObject","inLanguage":"en-GB","@id":"https:\/\/invertas.lt\/#\/schema\/logo\/image\/","url":"https:\/\/invertas.lt\/wp-content\/uploads\/2025\/03\/New-Text-Document-2.svg","contentUrl":"https:\/\/invertas.lt\/wp-content\/uploads\/2025\/03\/New-Text-Document-2.svg","width":140,"height":39,"caption":"Invertas"},"image":{"@id":"https:\/\/invertas.lt\/#\/schema\/logo\/image\/"}}]}},"_links":{"self":[{"href":"https:\/\/invertas.lt\/en\/wp-json\/wp\/v2\/product\/8157","targetHints":{"allow":["GET"]}}],"collection":[{"href":"https:\/\/invertas.lt\/en\/wp-json\/wp\/v2\/product"}],"about":[{"href":"https:\/\/invertas.lt\/en\/wp-json\/wp\/v2\/types\/product"}],"replies":[{"embeddable":true,"href":"https:\/\/invertas.lt\/en\/wp-json\/wp\/v2\/comments?post=8157"}],"wp:featuredmedia":[{"embeddable":true,"href":"https:\/\/invertas.lt\/en\/wp-json\/wp\/v2\/media\/8158"}],"wp:attachment":[{"href":"https:\/\/invertas.lt\/en\/wp-json\/wp\/v2\/media?parent=8157"}],"wp:term":[{"taxonomy":"product_brand","embeddable":true,"href":"https:\/\/invertas.lt\/en\/wp-json\/wp\/v2\/product_brand?post=8157"},{"taxonomy":"product_cat","embeddable":true,"href":"https:\/\/invertas.lt\/en\/wp-json\/wp\/v2\/product_cat?post=8157"},{"taxonomy":"product_tag","embeddable":true,"href":"https:\/\/invertas.lt\/en\/wp-json\/wp\/v2\/product_tag?post=8157"}],"curies":[{"name":"wp","href":"https:\/\/api.w.org\/{rel}","templated":true}]}}