{"id":8154,"date":"2025-07-09T18:09:31","date_gmt":"2025-07-09T18:09:31","guid":{"rendered":"https:\/\/aurimasb15.sg-host.com\/?post_type=product&#038;p=8154"},"modified":"2025-08-08T10:49:04","modified_gmt":"2025-08-08T10:49:04","slug":"flansinis-varzinis-termometras-su-mineraline-izoliacija-54-wfl","status":"publish","type":"product","link":"https:\/\/invertas.lt\/en\/produktai\/temperaturos-jutikliai\/flansinis-varzinis-termometras-su-mineraline-izoliacija-54-wfl\/","title":{"rendered":"Guenther flange resistance PT100 temperature sensor 54-WFL"},"content":{"rendered":"<h3 data-start=\"60\" data-end=\"82\"><strong data-start=\"64\" data-end=\"82\">Fields of application<\/strong><\/h3>\n<p data-start=\"84\" data-end=\"260\">Flanged mineral insulated resistance thermometers (54-WFL) are designed for temperature measurement in gaseous and liquid media, such as air, steam, water or oil.<\/p>\n<h3 data-start=\"262\" data-end=\"277\"><strong data-start=\"266\" data-end=\"277\">Features<\/strong><\/h3>\n<ul data-start=\"279\" data-end=\"423\" data-is-last-node=\"\" data-is-only-node=\"\">\n<li data-start=\"279\" data-end=\"321\">\n<p data-start=\"281\" data-end=\"321\">Reliable flange mounting design<\/p>\n<\/li>\n<li data-start=\"322\" data-end=\"376\">\n<p data-start=\"324\" data-end=\"376\">Mineral insulated measuring elements<\/p>\n<\/li>\n<li data-start=\"377\" data-end=\"423\" data-is-last-node=\"\">\n<p data-start=\"379\" data-end=\"423\" data-is-last-node=\"\">Resistant to various working conditions and environments<\/p>\n<\/li>\n<\/ul>","protected":false},"excerpt":{"rendered":"<p>Taikymo sritys Flan\u0161iniai mineraline izoliacija izoliuoti var\u017einiai termometrai (54-WFL) skirti temperat\u016bros matavimui dujin\u0117se ir skystose terp\u0117se, tokiose kaip oras, garai, vanduo ar alyva. Savyb\u0117s Patikima flan\u0161o montavimo konstrukcija Mineraline izoliacija izoliuoti matavimo elementai Atspar\u016bs \u012fvairioms darbo s\u0105lygoms ir terp\u0117ms<\/p>","protected":false},"featured_media":8155,"comment_status":"open","ping_status":"closed","template":"","meta":{"_acf_changed":false,"inline_featured_image":false},"product_brand":[],"product_cat":[501],"product_tag":[],"class_list":{"0":"post-8154","1":"product","2":"type-product","3":"status-publish","4":"has-post-thumbnail","6":"product_cat-temperaturos-jutikliai","8":"first","9":"instock","10":"shipping-taxable","11":"purchasable","12":"product-type-simple"},"acf":[],"yoast_head":"<!-- This site is optimized with the Yoast SEO plugin v25.5 - https:\/\/yoast.com\/wordpress\/plugins\/seo\/ -->\n<title>Guenther flan\u0161inis var\u017einis PT100 temperat\u016bros jutiklis 54-WFL - Invertas<\/title>\n<meta name=\"description\" content=\"54-WFL flan\u0161iniai var\u017einiai termometrai su mineraline izoliacija matuoja temperat\u016br\u0105 dujose ir skys\u010diuose. Patikima konstrukcija ir ilgaam\u017ei\u0161kumas.\" \/>\n<meta name=\"robots\" content=\"index, follow, max-snippet:-1, max-image-preview:large, max-video-preview:-1\" \/>\n<link rel=\"canonical\" href=\"https:\/\/invertas.lt\/en\/produktai\/temperaturos-jutikliai\/flansinis-varzinis-termometras-su-mineraline-izoliacija-54-wfl\/\" \/>\n<meta property=\"og:locale\" content=\"en_GB\" \/>\n<meta property=\"og:type\" content=\"article\" \/>\n<meta property=\"og:title\" content=\"Guenther flan\u0161inis var\u017einis PT100 temperat\u016bros jutiklis 54-WFL - Invertas\" \/>\n<meta property=\"og:description\" content=\"54-WFL flan\u0161iniai var\u017einiai termometrai su mineraline izoliacija matuoja temperat\u016br\u0105 dujose ir skys\u010diuose. Patikima konstrukcija ir ilgaam\u017ei\u0161kumas.\" \/>\n<meta property=\"og:url\" content=\"https:\/\/invertas.lt\/en\/produktai\/temperaturos-jutikliai\/flansinis-varzinis-termometras-su-mineraline-izoliacija-54-wfl\/\" \/>\n<meta property=\"og:site_name\" content=\"Invertas\" \/>\n<meta property=\"article:modified_time\" content=\"2025-08-08T10:49:04+00:00\" \/>\n<meta property=\"og:image\" content=\"https:\/\/invertas.lt\/wp-content\/uploads\/2025\/07\/0d271e58-11e1-1717-8b14-8200144bcdb3_8df966b6-c1e9-561d-d7a5-e4017517a818_cntIdImage_7e490b7c22d7430041256bb3731fd413-e1752230468235.png\" \/>\n\t<meta property=\"og:image:width\" content=\"1500\" \/>\n\t<meta property=\"og:image:height\" content=\"1500\" \/>\n\t<meta property=\"og:image:type\" content=\"image\/png\" \/>\n<meta name=\"twitter:card\" content=\"summary_large_image\" \/>\n<meta name=\"twitter:label1\" content=\"Estimated reading time\" \/>\n\t<meta name=\"twitter:data1\" content=\"1 minute\" \/>\n<script type=\"application\/ld+json\" class=\"yoast-schema-graph\">{\"@context\":\"https:\/\/schema.org\",\"@graph\":[{\"@type\":\"WebPage\",\"@id\":\"https:\/\/invertas.lt\/produktai\/temperaturos-jutikliai\/flansinis-varzinis-termometras-su-mineraline-izoliacija-54-wfl\/\",\"url\":\"https:\/\/invertas.lt\/produktai\/temperaturos-jutikliai\/flansinis-varzinis-termometras-su-mineraline-izoliacija-54-wfl\/\",\"name\":\"Guenther flan\u0161inis var\u017einis PT100 temperat\u016bros jutiklis 54-WFL - Invertas\",\"isPartOf\":{\"@id\":\"https:\/\/invertas.lt\/#website\"},\"primaryImageOfPage\":{\"@id\":\"https:\/\/invertas.lt\/produktai\/temperaturos-jutikliai\/flansinis-varzinis-termometras-su-mineraline-izoliacija-54-wfl\/#primaryimage\"},\"image\":{\"@id\":\"https:\/\/invertas.lt\/produktai\/temperaturos-jutikliai\/flansinis-varzinis-termometras-su-mineraline-izoliacija-54-wfl\/#primaryimage\"},\"thumbnailUrl\":\"https:\/\/invertas.lt\/wp-content\/uploads\/2025\/07\/0d271e58-11e1-1717-8b14-8200144bcdb3_8df966b6-c1e9-561d-d7a5-e4017517a818_cntIdImage_7e490b7c22d7430041256bb3731fd413-e1752230468235.png\",\"datePublished\":\"2025-07-09T18:09:31+00:00\",\"dateModified\":\"2025-08-08T10:49:04+00:00\",\"description\":\"54-WFL flan\u0161iniai var\u017einiai termometrai su mineraline izoliacija matuoja temperat\u016br\u0105 dujose ir skys\u010diuose. Patikima konstrukcija ir ilgaam\u017ei\u0161kumas.\",\"breadcrumb\":{\"@id\":\"https:\/\/invertas.lt\/produktai\/temperaturos-jutikliai\/flansinis-varzinis-termometras-su-mineraline-izoliacija-54-wfl\/#breadcrumb\"},\"inLanguage\":\"en-GB\",\"potentialAction\":[{\"@type\":\"ReadAction\",\"target\":[\"https:\/\/invertas.lt\/produktai\/temperaturos-jutikliai\/flansinis-varzinis-termometras-su-mineraline-izoliacija-54-wfl\/\"]}]},{\"@type\":\"ImageObject\",\"inLanguage\":\"en-GB\",\"@id\":\"https:\/\/invertas.lt\/produktai\/temperaturos-jutikliai\/flansinis-varzinis-termometras-su-mineraline-izoliacija-54-wfl\/#primaryimage\",\"url\":\"https:\/\/invertas.lt\/wp-content\/uploads\/2025\/07\/0d271e58-11e1-1717-8b14-8200144bcdb3_8df966b6-c1e9-561d-d7a5-e4017517a818_cntIdImage_7e490b7c22d7430041256bb3731fd413-e1752230468235.png\",\"contentUrl\":\"https:\/\/invertas.lt\/wp-content\/uploads\/2025\/07\/0d271e58-11e1-1717-8b14-8200144bcdb3_8df966b6-c1e9-561d-d7a5-e4017517a818_cntIdImage_7e490b7c22d7430041256bb3731fd413-e1752230468235.png\",\"width\":1500,\"height\":1500},{\"@type\":\"BreadcrumbList\",\"@id\":\"https:\/\/invertas.lt\/produktai\/temperaturos-jutikliai\/flansinis-varzinis-termometras-su-mineraline-izoliacija-54-wfl\/#breadcrumb\",\"itemListElement\":[{\"@type\":\"ListItem\",\"position\":1,\"name\":\"Prad\u017eia\",\"item\":\"https:\/\/invertas.lt\/\"},{\"@type\":\"ListItem\",\"position\":2,\"name\":\"Products\",\"item\":\"https:\/\/invertas.lt\/shop\/\"},{\"@type\":\"ListItem\",\"position\":3,\"name\":\"Temperat\u016bros jutikliai\",\"item\":\"https:\/\/invertas.lt\/.\/temperaturos-jutikliai\/\"},{\"@type\":\"ListItem\",\"position\":4,\"name\":\"Guenther flan\u0161inis var\u017einis PT100 temperat\u016bros jutiklis 54-WFL\"}]},{\"@type\":\"WebSite\",\"@id\":\"https:\/\/invertas.lt\/#website\",\"url\":\"https:\/\/invertas.lt\/\",\"name\":\"Invertas\",\"description\":\"\",\"publisher\":{\"@id\":\"https:\/\/invertas.lt\/#organization\"},\"potentialAction\":[{\"@type\":\"SearchAction\",\"target\":{\"@type\":\"EntryPoint\",\"urlTemplate\":\"https:\/\/invertas.lt\/?s={search_term_string}\"},\"query-input\":{\"@type\":\"PropertyValueSpecification\",\"valueRequired\":true,\"valueName\":\"search_term_string\"}}],\"inLanguage\":\"en-GB\"},{\"@type\":\"Organization\",\"@id\":\"https:\/\/invertas.lt\/#organization\",\"name\":\"Invertas\",\"url\":\"https:\/\/invertas.lt\/\",\"logo\":{\"@type\":\"ImageObject\",\"inLanguage\":\"en-GB\",\"@id\":\"https:\/\/invertas.lt\/#\/schema\/logo\/image\/\",\"url\":\"https:\/\/invertas.lt\/wp-content\/uploads\/2025\/03\/New-Text-Document-2.svg\",\"contentUrl\":\"https:\/\/invertas.lt\/wp-content\/uploads\/2025\/03\/New-Text-Document-2.svg\",\"width\":140,\"height\":39,\"caption\":\"Invertas\"},\"image\":{\"@id\":\"https:\/\/invertas.lt\/#\/schema\/logo\/image\/\"}}]}<\/script>\n<!-- \/ Yoast SEO plugin. -->","yoast_head_json":{"title":"Guenther flan\u0161inis var\u017einis PT100 temperat\u016bros jutiklis 54-WFL - Invertas","description":"54-WFL flan\u0161iniai var\u017einiai termometrai su mineraline izoliacija matuoja temperat\u016br\u0105 dujose ir skys\u010diuose. Patikima konstrukcija ir ilgaam\u017ei\u0161kumas.","robots":{"index":"index","follow":"follow","max-snippet":"max-snippet:-1","max-image-preview":"max-image-preview:large","max-video-preview":"max-video-preview:-1"},"canonical":"https:\/\/invertas.lt\/en\/produktai\/temperaturos-jutikliai\/flansinis-varzinis-termometras-su-mineraline-izoliacija-54-wfl\/","og_locale":"en_GB","og_type":"article","og_title":"Guenther flan\u0161inis var\u017einis PT100 temperat\u016bros jutiklis 54-WFL - Invertas","og_description":"54-WFL flan\u0161iniai var\u017einiai termometrai su mineraline izoliacija matuoja temperat\u016br\u0105 dujose ir skys\u010diuose. Patikima konstrukcija ir ilgaam\u017ei\u0161kumas.","og_url":"https:\/\/invertas.lt\/en\/produktai\/temperaturos-jutikliai\/flansinis-varzinis-termometras-su-mineraline-izoliacija-54-wfl\/","og_site_name":"Invertas","article_modified_time":"2025-08-08T10:49:04+00:00","og_image":[{"width":1500,"height":1500,"url":"https:\/\/invertas.lt\/wp-content\/uploads\/2025\/07\/0d271e58-11e1-1717-8b14-8200144bcdb3_8df966b6-c1e9-561d-d7a5-e4017517a818_cntIdImage_7e490b7c22d7430041256bb3731fd413-e1752230468235.png","type":"image\/png"}],"twitter_card":"summary_large_image","twitter_misc":{"Estimated reading time":"1 minute"},"schema":{"@context":"https:\/\/schema.org","@graph":[{"@type":"WebPage","@id":"https:\/\/invertas.lt\/produktai\/temperaturos-jutikliai\/flansinis-varzinis-termometras-su-mineraline-izoliacija-54-wfl\/","url":"https:\/\/invertas.lt\/produktai\/temperaturos-jutikliai\/flansinis-varzinis-termometras-su-mineraline-izoliacija-54-wfl\/","name":"Guenther flan\u0161inis var\u017einis PT100 temperat\u016bros jutiklis 54-WFL - Invertas","isPartOf":{"@id":"https:\/\/invertas.lt\/#website"},"primaryImageOfPage":{"@id":"https:\/\/invertas.lt\/produktai\/temperaturos-jutikliai\/flansinis-varzinis-termometras-su-mineraline-izoliacija-54-wfl\/#primaryimage"},"image":{"@id":"https:\/\/invertas.lt\/produktai\/temperaturos-jutikliai\/flansinis-varzinis-termometras-su-mineraline-izoliacija-54-wfl\/#primaryimage"},"thumbnailUrl":"https:\/\/invertas.lt\/wp-content\/uploads\/2025\/07\/0d271e58-11e1-1717-8b14-8200144bcdb3_8df966b6-c1e9-561d-d7a5-e4017517a818_cntIdImage_7e490b7c22d7430041256bb3731fd413-e1752230468235.png","datePublished":"2025-07-09T18:09:31+00:00","dateModified":"2025-08-08T10:49:04+00:00","description":"54-WFL flan\u0161iniai var\u017einiai termometrai su mineraline izoliacija matuoja temperat\u016br\u0105 dujose ir skys\u010diuose. Patikima konstrukcija ir ilgaam\u017ei\u0161kumas.","breadcrumb":{"@id":"https:\/\/invertas.lt\/produktai\/temperaturos-jutikliai\/flansinis-varzinis-termometras-su-mineraline-izoliacija-54-wfl\/#breadcrumb"},"inLanguage":"en-GB","potentialAction":[{"@type":"ReadAction","target":["https:\/\/invertas.lt\/produktai\/temperaturos-jutikliai\/flansinis-varzinis-termometras-su-mineraline-izoliacija-54-wfl\/"]}]},{"@type":"ImageObject","inLanguage":"en-GB","@id":"https:\/\/invertas.lt\/produktai\/temperaturos-jutikliai\/flansinis-varzinis-termometras-su-mineraline-izoliacija-54-wfl\/#primaryimage","url":"https:\/\/invertas.lt\/wp-content\/uploads\/2025\/07\/0d271e58-11e1-1717-8b14-8200144bcdb3_8df966b6-c1e9-561d-d7a5-e4017517a818_cntIdImage_7e490b7c22d7430041256bb3731fd413-e1752230468235.png","contentUrl":"https:\/\/invertas.lt\/wp-content\/uploads\/2025\/07\/0d271e58-11e1-1717-8b14-8200144bcdb3_8df966b6-c1e9-561d-d7a5-e4017517a818_cntIdImage_7e490b7c22d7430041256bb3731fd413-e1752230468235.png","width":1500,"height":1500},{"@type":"BreadcrumbList","@id":"https:\/\/invertas.lt\/produktai\/temperaturos-jutikliai\/flansinis-varzinis-termometras-su-mineraline-izoliacija-54-wfl\/#breadcrumb","itemListElement":[{"@type":"ListItem","position":1,"name":"Prad\u017eia","item":"https:\/\/invertas.lt\/"},{"@type":"ListItem","position":2,"name":"Products","item":"https:\/\/invertas.lt\/shop\/"},{"@type":"ListItem","position":3,"name":"Temperat\u016bros jutikliai","item":"https:\/\/invertas.lt\/.\/temperaturos-jutikliai\/"},{"@type":"ListItem","position":4,"name":"Guenther flan\u0161inis var\u017einis PT100 temperat\u016bros jutiklis 54-WFL"}]},{"@type":"WebSite","@id":"https:\/\/invertas.lt\/#website","url":"https:\/\/invertas.lt\/","name":"Invert","description":"","publisher":{"@id":"https:\/\/invertas.lt\/#organization"},"potentialAction":[{"@type":"SearchAction","target":{"@type":"EntryPoint","urlTemplate":"https:\/\/invertas.lt\/?s={search_term_string}"},"query-input":{"@type":"PropertyValueSpecification","valueRequired":true,"valueName":"search_term_string"}}],"inLanguage":"en-GB"},{"@type":"Organization","@id":"https:\/\/invertas.lt\/#organization","name":"Invert","url":"https:\/\/invertas.lt\/","logo":{"@type":"ImageObject","inLanguage":"en-GB","@id":"https:\/\/invertas.lt\/#\/schema\/logo\/image\/","url":"https:\/\/invertas.lt\/wp-content\/uploads\/2025\/03\/New-Text-Document-2.svg","contentUrl":"https:\/\/invertas.lt\/wp-content\/uploads\/2025\/03\/New-Text-Document-2.svg","width":140,"height":39,"caption":"Invertas"},"image":{"@id":"https:\/\/invertas.lt\/#\/schema\/logo\/image\/"}}]}},"_links":{"self":[{"href":"https:\/\/invertas.lt\/en\/wp-json\/wp\/v2\/product\/8154","targetHints":{"allow":["GET"]}}],"collection":[{"href":"https:\/\/invertas.lt\/en\/wp-json\/wp\/v2\/product"}],"about":[{"href":"https:\/\/invertas.lt\/en\/wp-json\/wp\/v2\/types\/product"}],"replies":[{"embeddable":true,"href":"https:\/\/invertas.lt\/en\/wp-json\/wp\/v2\/comments?post=8154"}],"wp:featuredmedia":[{"embeddable":true,"href":"https:\/\/invertas.lt\/en\/wp-json\/wp\/v2\/media\/8155"}],"wp:attachment":[{"href":"https:\/\/invertas.lt\/en\/wp-json\/wp\/v2\/media?parent=8154"}],"wp:term":[{"taxonomy":"product_brand","embeddable":true,"href":"https:\/\/invertas.lt\/en\/wp-json\/wp\/v2\/product_brand?post=8154"},{"taxonomy":"product_cat","embeddable":true,"href":"https:\/\/invertas.lt\/en\/wp-json\/wp\/v2\/product_cat?post=8154"},{"taxonomy":"product_tag","embeddable":true,"href":"https:\/\/invertas.lt\/en\/wp-json\/wp\/v2\/product_tag?post=8154"}],"curies":[{"name":"wp","href":"https:\/\/api.w.org\/{rel}","templated":true}]}}