{"id":8151,"date":"2025-07-09T16:12:00","date_gmt":"2025-07-09T16:12:00","guid":{"rendered":"https:\/\/aurimasb15.sg-host.com\/?post_type=product&#038;p=8151"},"modified":"2025-08-08T10:48:20","modified_gmt":"2025-08-08T10:48:20","slug":"varzinis-termometras-su-mineraline-izoliacija-ir-privirintu-apsauginiu-suleniu-53-whd","status":"publish","type":"product","link":"https:\/\/invertas.lt\/en\/produktai\/temperaturos-jutikliai\/varzinis-termometras-su-mineraline-izoliacija-ir-privirintu-apsauginiu-suleniu-53-whd\/","title":{"rendered":"Guenther resistance PT100 temperature sensor 53-WHD"},"content":{"rendered":"<p data-start=\"78\" data-end=\"235\"><strong>Fields of application<\/strong><\/p>\n<p data-start=\"78\" data-end=\"235\">53-WHD series resistance thermometers with a protective well are designed for temperature measurement in gases and liquids at high flow rates and pressures up to 700 bar.<\/p>\n<p data-start=\"237\" data-end=\"251\"><strong data-start=\"237\" data-end=\"249\">Features:<\/strong><\/p>\n<ul data-start=\"252\" data-end=\"461\" data-is-last-node=\"\" data-is-only-node=\"\">\n<li data-start=\"252\" data-end=\"286\">\n<p data-start=\"254\" data-end=\"286\">Pressure resistance up to 700 bar<\/p>\n<\/li>\n<li data-start=\"287\" data-end=\"337\">\n<p data-start=\"289\" data-end=\"337\">Suitable for heavy traffic and various media<\/p>\n<\/li>\n<li data-start=\"338\" data-end=\"400\">\n<p data-start=\"340\" data-end=\"400\">Replaceable mineral insulated measuring input<\/p>\n<\/li>\n<\/ul>","protected":false},"excerpt":{"rendered":"<p>Taikymo sritys 53-WHD serijos var\u017einiai termometrai su apsauginiu \u0161uleniu skirti temperat\u016bros matavimui dujose ir skys\u010diuose, esant dideliam srautui ir sl\u0117giui iki 700 bar. Savyb\u0117s: Atsparumas sl\u0117giui iki 700 bar Tinka intensyviam srautui ir \u012fvairioms terp\u0117ms Kei\u010diamas mineraline izoliacija izoliuotas matavimo \u012fvadas<\/p>","protected":false},"featured_media":8152,"comment_status":"open","ping_status":"closed","template":"","meta":{"_acf_changed":false,"inline_featured_image":false},"product_brand":[],"product_cat":[501],"product_tag":[],"class_list":{"0":"post-8151","1":"product","2":"type-product","3":"status-publish","4":"has-post-thumbnail","6":"product_cat-temperaturos-jutikliai","8":"first","9":"instock","10":"shipping-taxable","11":"purchasable","12":"product-type-simple"},"acf":[],"yoast_head":"<!-- This site is optimized with the Yoast SEO plugin v25.5 - https:\/\/yoast.com\/wordpress\/plugins\/seo\/ -->\n<title>Guenther var\u017einis PT100 temperat\u016bros jutiklis 53-WHD - Invertas<\/title>\n<meta name=\"description\" content=\"53-WHD var\u017einiai termometrai su apsauginiu \u0161uleniu matuoja temperat\u016br\u0105 dujose ir skys\u010diuose esant dideliam srautui ir sl\u0117giui iki 700 bar.\" \/>\n<meta name=\"robots\" content=\"index, follow, max-snippet:-1, max-image-preview:large, max-video-preview:-1\" \/>\n<link rel=\"canonical\" href=\"https:\/\/invertas.lt\/en\/produktai\/temperaturos-jutikliai\/varzinis-termometras-su-mineraline-izoliacija-ir-privirintu-apsauginiu-suleniu-53-whd\/\" \/>\n<meta property=\"og:locale\" content=\"en_GB\" \/>\n<meta property=\"og:type\" content=\"article\" \/>\n<meta property=\"og:title\" content=\"Guenther var\u017einis PT100 temperat\u016bros jutiklis 53-WHD - Invertas\" \/>\n<meta property=\"og:description\" content=\"53-WHD var\u017einiai termometrai su apsauginiu \u0161uleniu matuoja temperat\u016br\u0105 dujose ir skys\u010diuose esant dideliam srautui ir sl\u0117giui iki 700 bar.\" \/>\n<meta property=\"og:url\" content=\"https:\/\/invertas.lt\/en\/produktai\/temperaturos-jutikliai\/varzinis-termometras-su-mineraline-izoliacija-ir-privirintu-apsauginiu-suleniu-53-whd\/\" \/>\n<meta property=\"og:site_name\" content=\"Invertas\" \/>\n<meta property=\"article:modified_time\" content=\"2025-08-08T10:48:20+00:00\" \/>\n<meta property=\"og:image\" content=\"https:\/\/invertas.lt\/wp-content\/uploads\/2025\/07\/f7d272eb-f5c6-cd7e-264a-a7b652cb8461_8ed98c9e-15bb-0d82-742a-715596cae8a3_cntIdImage_7e490b7c22d7430041256bb3731fd413-e1752230431313.png\" \/>\n\t<meta property=\"og:image:width\" content=\"1500\" \/>\n\t<meta property=\"og:image:height\" content=\"1500\" \/>\n\t<meta property=\"og:image:type\" content=\"image\/png\" \/>\n<meta name=\"twitter:card\" content=\"summary_large_image\" \/>\n<meta name=\"twitter:label1\" content=\"Estimated reading time\" \/>\n\t<meta name=\"twitter:data1\" content=\"1 minute\" \/>\n<script type=\"application\/ld+json\" class=\"yoast-schema-graph\">{\"@context\":\"https:\/\/schema.org\",\"@graph\":[{\"@type\":\"WebPage\",\"@id\":\"https:\/\/invertas.lt\/produktai\/temperaturos-jutikliai\/varzinis-termometras-su-mineraline-izoliacija-ir-privirintu-apsauginiu-suleniu-53-whd\/\",\"url\":\"https:\/\/invertas.lt\/produktai\/temperaturos-jutikliai\/varzinis-termometras-su-mineraline-izoliacija-ir-privirintu-apsauginiu-suleniu-53-whd\/\",\"name\":\"Guenther var\u017einis PT100 temperat\u016bros jutiklis 53-WHD - Invertas\",\"isPartOf\":{\"@id\":\"https:\/\/invertas.lt\/#website\"},\"primaryImageOfPage\":{\"@id\":\"https:\/\/invertas.lt\/produktai\/temperaturos-jutikliai\/varzinis-termometras-su-mineraline-izoliacija-ir-privirintu-apsauginiu-suleniu-53-whd\/#primaryimage\"},\"image\":{\"@id\":\"https:\/\/invertas.lt\/produktai\/temperaturos-jutikliai\/varzinis-termometras-su-mineraline-izoliacija-ir-privirintu-apsauginiu-suleniu-53-whd\/#primaryimage\"},\"thumbnailUrl\":\"https:\/\/invertas.lt\/wp-content\/uploads\/2025\/07\/f7d272eb-f5c6-cd7e-264a-a7b652cb8461_8ed98c9e-15bb-0d82-742a-715596cae8a3_cntIdImage_7e490b7c22d7430041256bb3731fd413-e1752230431313.png\",\"datePublished\":\"2025-07-09T16:12:00+00:00\",\"dateModified\":\"2025-08-08T10:48:20+00:00\",\"description\":\"53-WHD var\u017einiai termometrai su apsauginiu \u0161uleniu matuoja temperat\u016br\u0105 dujose ir skys\u010diuose esant dideliam srautui ir sl\u0117giui iki 700 bar.\",\"breadcrumb\":{\"@id\":\"https:\/\/invertas.lt\/produktai\/temperaturos-jutikliai\/varzinis-termometras-su-mineraline-izoliacija-ir-privirintu-apsauginiu-suleniu-53-whd\/#breadcrumb\"},\"inLanguage\":\"en-GB\",\"potentialAction\":[{\"@type\":\"ReadAction\",\"target\":[\"https:\/\/invertas.lt\/produktai\/temperaturos-jutikliai\/varzinis-termometras-su-mineraline-izoliacija-ir-privirintu-apsauginiu-suleniu-53-whd\/\"]}]},{\"@type\":\"ImageObject\",\"inLanguage\":\"en-GB\",\"@id\":\"https:\/\/invertas.lt\/produktai\/temperaturos-jutikliai\/varzinis-termometras-su-mineraline-izoliacija-ir-privirintu-apsauginiu-suleniu-53-whd\/#primaryimage\",\"url\":\"https:\/\/invertas.lt\/wp-content\/uploads\/2025\/07\/f7d272eb-f5c6-cd7e-264a-a7b652cb8461_8ed98c9e-15bb-0d82-742a-715596cae8a3_cntIdImage_7e490b7c22d7430041256bb3731fd413-e1752230431313.png\",\"contentUrl\":\"https:\/\/invertas.lt\/wp-content\/uploads\/2025\/07\/f7d272eb-f5c6-cd7e-264a-a7b652cb8461_8ed98c9e-15bb-0d82-742a-715596cae8a3_cntIdImage_7e490b7c22d7430041256bb3731fd413-e1752230431313.png\",\"width\":1500,\"height\":1500},{\"@type\":\"BreadcrumbList\",\"@id\":\"https:\/\/invertas.lt\/produktai\/temperaturos-jutikliai\/varzinis-termometras-su-mineraline-izoliacija-ir-privirintu-apsauginiu-suleniu-53-whd\/#breadcrumb\",\"itemListElement\":[{\"@type\":\"ListItem\",\"position\":1,\"name\":\"Prad\u017eia\",\"item\":\"https:\/\/invertas.lt\/\"},{\"@type\":\"ListItem\",\"position\":2,\"name\":\"Products\",\"item\":\"https:\/\/invertas.lt\/shop\/\"},{\"@type\":\"ListItem\",\"position\":3,\"name\":\"Temperat\u016bros jutikliai\",\"item\":\"https:\/\/invertas.lt\/.\/temperaturos-jutikliai\/\"},{\"@type\":\"ListItem\",\"position\":4,\"name\":\"Guenther var\u017einis PT100 temperat\u016bros jutiklis 53-WHD\"}]},{\"@type\":\"WebSite\",\"@id\":\"https:\/\/invertas.lt\/#website\",\"url\":\"https:\/\/invertas.lt\/\",\"name\":\"Invertas\",\"description\":\"\",\"publisher\":{\"@id\":\"https:\/\/invertas.lt\/#organization\"},\"potentialAction\":[{\"@type\":\"SearchAction\",\"target\":{\"@type\":\"EntryPoint\",\"urlTemplate\":\"https:\/\/invertas.lt\/?s={search_term_string}\"},\"query-input\":{\"@type\":\"PropertyValueSpecification\",\"valueRequired\":true,\"valueName\":\"search_term_string\"}}],\"inLanguage\":\"en-GB\"},{\"@type\":\"Organization\",\"@id\":\"https:\/\/invertas.lt\/#organization\",\"name\":\"Invertas\",\"url\":\"https:\/\/invertas.lt\/\",\"logo\":{\"@type\":\"ImageObject\",\"inLanguage\":\"en-GB\",\"@id\":\"https:\/\/invertas.lt\/#\/schema\/logo\/image\/\",\"url\":\"https:\/\/invertas.lt\/wp-content\/uploads\/2025\/03\/New-Text-Document-2.svg\",\"contentUrl\":\"https:\/\/invertas.lt\/wp-content\/uploads\/2025\/03\/New-Text-Document-2.svg\",\"width\":140,\"height\":39,\"caption\":\"Invertas\"},\"image\":{\"@id\":\"https:\/\/invertas.lt\/#\/schema\/logo\/image\/\"}}]}<\/script>\n<!-- \/ Yoast SEO plugin. -->","yoast_head_json":{"title":"Guenther var\u017einis PT100 temperat\u016bros jutiklis 53-WHD - Invertas","description":"53-WHD var\u017einiai termometrai su apsauginiu \u0161uleniu matuoja temperat\u016br\u0105 dujose ir skys\u010diuose esant dideliam srautui ir sl\u0117giui iki 700 bar.","robots":{"index":"index","follow":"follow","max-snippet":"max-snippet:-1","max-image-preview":"max-image-preview:large","max-video-preview":"max-video-preview:-1"},"canonical":"https:\/\/invertas.lt\/en\/produktai\/temperaturos-jutikliai\/varzinis-termometras-su-mineraline-izoliacija-ir-privirintu-apsauginiu-suleniu-53-whd\/","og_locale":"en_GB","og_type":"article","og_title":"Guenther var\u017einis PT100 temperat\u016bros jutiklis 53-WHD - Invertas","og_description":"53-WHD var\u017einiai termometrai su apsauginiu \u0161uleniu matuoja temperat\u016br\u0105 dujose ir skys\u010diuose esant dideliam srautui ir sl\u0117giui iki 700 bar.","og_url":"https:\/\/invertas.lt\/en\/produktai\/temperaturos-jutikliai\/varzinis-termometras-su-mineraline-izoliacija-ir-privirintu-apsauginiu-suleniu-53-whd\/","og_site_name":"Invertas","article_modified_time":"2025-08-08T10:48:20+00:00","og_image":[{"width":1500,"height":1500,"url":"https:\/\/invertas.lt\/wp-content\/uploads\/2025\/07\/f7d272eb-f5c6-cd7e-264a-a7b652cb8461_8ed98c9e-15bb-0d82-742a-715596cae8a3_cntIdImage_7e490b7c22d7430041256bb3731fd413-e1752230431313.png","type":"image\/png"}],"twitter_card":"summary_large_image","twitter_misc":{"Estimated reading time":"1 minute"},"schema":{"@context":"https:\/\/schema.org","@graph":[{"@type":"WebPage","@id":"https:\/\/invertas.lt\/produktai\/temperaturos-jutikliai\/varzinis-termometras-su-mineraline-izoliacija-ir-privirintu-apsauginiu-suleniu-53-whd\/","url":"https:\/\/invertas.lt\/produktai\/temperaturos-jutikliai\/varzinis-termometras-su-mineraline-izoliacija-ir-privirintu-apsauginiu-suleniu-53-whd\/","name":"Guenther var\u017einis PT100 temperat\u016bros jutiklis 53-WHD - Invertas","isPartOf":{"@id":"https:\/\/invertas.lt\/#website"},"primaryImageOfPage":{"@id":"https:\/\/invertas.lt\/produktai\/temperaturos-jutikliai\/varzinis-termometras-su-mineraline-izoliacija-ir-privirintu-apsauginiu-suleniu-53-whd\/#primaryimage"},"image":{"@id":"https:\/\/invertas.lt\/produktai\/temperaturos-jutikliai\/varzinis-termometras-su-mineraline-izoliacija-ir-privirintu-apsauginiu-suleniu-53-whd\/#primaryimage"},"thumbnailUrl":"https:\/\/invertas.lt\/wp-content\/uploads\/2025\/07\/f7d272eb-f5c6-cd7e-264a-a7b652cb8461_8ed98c9e-15bb-0d82-742a-715596cae8a3_cntIdImage_7e490b7c22d7430041256bb3731fd413-e1752230431313.png","datePublished":"2025-07-09T16:12:00+00:00","dateModified":"2025-08-08T10:48:20+00:00","description":"53-WHD var\u017einiai termometrai su apsauginiu \u0161uleniu matuoja temperat\u016br\u0105 dujose ir skys\u010diuose esant dideliam srautui ir sl\u0117giui iki 700 bar.","breadcrumb":{"@id":"https:\/\/invertas.lt\/produktai\/temperaturos-jutikliai\/varzinis-termometras-su-mineraline-izoliacija-ir-privirintu-apsauginiu-suleniu-53-whd\/#breadcrumb"},"inLanguage":"en-GB","potentialAction":[{"@type":"ReadAction","target":["https:\/\/invertas.lt\/produktai\/temperaturos-jutikliai\/varzinis-termometras-su-mineraline-izoliacija-ir-privirintu-apsauginiu-suleniu-53-whd\/"]}]},{"@type":"ImageObject","inLanguage":"en-GB","@id":"https:\/\/invertas.lt\/produktai\/temperaturos-jutikliai\/varzinis-termometras-su-mineraline-izoliacija-ir-privirintu-apsauginiu-suleniu-53-whd\/#primaryimage","url":"https:\/\/invertas.lt\/wp-content\/uploads\/2025\/07\/f7d272eb-f5c6-cd7e-264a-a7b652cb8461_8ed98c9e-15bb-0d82-742a-715596cae8a3_cntIdImage_7e490b7c22d7430041256bb3731fd413-e1752230431313.png","contentUrl":"https:\/\/invertas.lt\/wp-content\/uploads\/2025\/07\/f7d272eb-f5c6-cd7e-264a-a7b652cb8461_8ed98c9e-15bb-0d82-742a-715596cae8a3_cntIdImage_7e490b7c22d7430041256bb3731fd413-e1752230431313.png","width":1500,"height":1500},{"@type":"BreadcrumbList","@id":"https:\/\/invertas.lt\/produktai\/temperaturos-jutikliai\/varzinis-termometras-su-mineraline-izoliacija-ir-privirintu-apsauginiu-suleniu-53-whd\/#breadcrumb","itemListElement":[{"@type":"ListItem","position":1,"name":"Prad\u017eia","item":"https:\/\/invertas.lt\/"},{"@type":"ListItem","position":2,"name":"Products","item":"https:\/\/invertas.lt\/shop\/"},{"@type":"ListItem","position":3,"name":"Temperat\u016bros jutikliai","item":"https:\/\/invertas.lt\/.\/temperaturos-jutikliai\/"},{"@type":"ListItem","position":4,"name":"Guenther var\u017einis PT100 temperat\u016bros jutiklis 53-WHD"}]},{"@type":"WebSite","@id":"https:\/\/invertas.lt\/#website","url":"https:\/\/invertas.lt\/","name":"Invert","description":"","publisher":{"@id":"https:\/\/invertas.lt\/#organization"},"potentialAction":[{"@type":"SearchAction","target":{"@type":"EntryPoint","urlTemplate":"https:\/\/invertas.lt\/?s={search_term_string}"},"query-input":{"@type":"PropertyValueSpecification","valueRequired":true,"valueName":"search_term_string"}}],"inLanguage":"en-GB"},{"@type":"Organization","@id":"https:\/\/invertas.lt\/#organization","name":"Invert","url":"https:\/\/invertas.lt\/","logo":{"@type":"ImageObject","inLanguage":"en-GB","@id":"https:\/\/invertas.lt\/#\/schema\/logo\/image\/","url":"https:\/\/invertas.lt\/wp-content\/uploads\/2025\/03\/New-Text-Document-2.svg","contentUrl":"https:\/\/invertas.lt\/wp-content\/uploads\/2025\/03\/New-Text-Document-2.svg","width":140,"height":39,"caption":"Invertas"},"image":{"@id":"https:\/\/invertas.lt\/#\/schema\/logo\/image\/"}}]}},"_links":{"self":[{"href":"https:\/\/invertas.lt\/en\/wp-json\/wp\/v2\/product\/8151","targetHints":{"allow":["GET"]}}],"collection":[{"href":"https:\/\/invertas.lt\/en\/wp-json\/wp\/v2\/product"}],"about":[{"href":"https:\/\/invertas.lt\/en\/wp-json\/wp\/v2\/types\/product"}],"replies":[{"embeddable":true,"href":"https:\/\/invertas.lt\/en\/wp-json\/wp\/v2\/comments?post=8151"}],"wp:featuredmedia":[{"embeddable":true,"href":"https:\/\/invertas.lt\/en\/wp-json\/wp\/v2\/media\/8152"}],"wp:attachment":[{"href":"https:\/\/invertas.lt\/en\/wp-json\/wp\/v2\/media?parent=8151"}],"wp:term":[{"taxonomy":"product_brand","embeddable":true,"href":"https:\/\/invertas.lt\/en\/wp-json\/wp\/v2\/product_brand?post=8151"},{"taxonomy":"product_cat","embeddable":true,"href":"https:\/\/invertas.lt\/en\/wp-json\/wp\/v2\/product_cat?post=8151"},{"taxonomy":"product_tag","embeddable":true,"href":"https:\/\/invertas.lt\/en\/wp-json\/wp\/v2\/product_tag?post=8151"}],"curies":[{"name":"wp","href":"https:\/\/api.w.org\/{rel}","templated":true}]}}