{"id":8148,"date":"2025-07-09T15:49:57","date_gmt":"2025-07-09T15:49:57","guid":{"rendered":"https:\/\/aurimasb15.sg-host.com\/?post_type=product&#038;p=8148"},"modified":"2025-08-08T10:47:42","modified_gmt":"2025-08-08T10:47:42","slug":"varzinis-termometras-su-mineraline-izoliacija-be-papildomo-apsauginio-vamzdzio-52-wos","status":"publish","type":"product","link":"https:\/\/invertas.lt\/en\/produktai\/temperaturos-jutikliai\/varzinis-termometras-su-mineraline-izoliacija-be-papildomo-apsauginio-vamzdzio-52-wos\/","title":{"rendered":"Guenther resistance PT100 temperature sensor 52-WOS"},"content":{"rendered":"<h3 data-start=\"113\" data-end=\"144\"><strong data-start=\"117\" data-end=\"144\">Fields of application\u00a0<\/strong><\/h3>\n<p data-start=\"146\" data-end=\"338\">52-WOS series resistance thermometers without a protective tube are designed for temperature measurement up to 600 \u00b0C (rarely up to 800 \u00b0C) on surfaces, liquids and gases, when additional protection is not required.<\/p>\n<h3 data-start=\"340\" data-end=\"355\"><strong data-start=\"344\" data-end=\"355\">Features<\/strong><\/h3>\n<ul data-start=\"357\" data-end=\"550\" data-is-last-node=\"\" data-is-only-node=\"\">\n<li data-start=\"357\" data-end=\"417\">\n<p data-start=\"359\" data-end=\"417\">Short response time for precise temperature control<\/p>\n<\/li>\n<li data-start=\"418\" data-end=\"500\">\n<p data-start=\"420\" data-end=\"500\">Enclosed design protects against corrosion, oxidation and mechanical damage<\/p>\n<\/li>\n<li data-start=\"501\" data-end=\"550\" data-is-last-node=\"\">\n<p data-start=\"503\" data-end=\"550\" data-is-last-node=\"\">Can be used without additional protective elements<\/p>\n<\/li>\n<\/ul>","protected":false},"excerpt":{"rendered":"<p>Taikymo sritys\u00a0 52-WOS serijos var\u017einiai termometrai be apsauginio vamzd\u017eio skirti temperat\u016bros matavimui iki 600\u202f\u00b0C (retai \u2013 iki 800\u202f\u00b0C) pavir\u0161iuose, skys\u010diuose ir dujose, kai nereikalinga papildoma apsauga. Savyb\u0117s Trumpas reakcijos laikas tiksliai temperat\u016bros kontrolei U\u017edara konstrukcija apsaugo nuo korozijos, oksidacijos ir mechanini\u0173 pa\u017eeidim\u0173 Galima naudoti be papildom\u0173 apsaugini\u0173 element\u0173<\/p>","protected":false},"featured_media":8149,"comment_status":"open","ping_status":"closed","template":"","meta":{"_acf_changed":false,"inline_featured_image":false},"product_brand":[],"product_cat":[501],"product_tag":[],"class_list":{"0":"post-8148","1":"product","2":"type-product","3":"status-publish","4":"has-post-thumbnail","6":"product_cat-temperaturos-jutikliai","8":"first","9":"instock","10":"shipping-taxable","11":"purchasable","12":"product-type-simple"},"acf":[],"yoast_head":"<!-- This site is optimized with the Yoast SEO plugin v25.5 - https:\/\/yoast.com\/wordpress\/plugins\/seo\/ -->\n<title>Guenther var\u017einis PT100 temperat\u016bros jutiklis 52-WOS - Invertas<\/title>\n<meta name=\"description\" content=\"52-WOS serijos var\u017einiai termometrai be apsauginio vamzd\u017eio skirti temperat\u016bros matavimui iki 600\u202f\u00b0C (retai \u2013 iki 800\u202f\u00b0C) pavir\u0161iuose, skys\u010diuose ir dujose.\" \/>\n<meta name=\"robots\" content=\"index, follow, max-snippet:-1, max-image-preview:large, max-video-preview:-1\" \/>\n<link rel=\"canonical\" href=\"https:\/\/invertas.lt\/en\/produktai\/temperaturos-jutikliai\/varzinis-termometras-su-mineraline-izoliacija-be-papildomo-apsauginio-vamzdzio-52-wos\/\" \/>\n<meta property=\"og:locale\" content=\"en_GB\" \/>\n<meta property=\"og:type\" content=\"article\" \/>\n<meta property=\"og:title\" content=\"Guenther var\u017einis PT100 temperat\u016bros jutiklis 52-WOS - Invertas\" \/>\n<meta property=\"og:description\" content=\"52-WOS serijos var\u017einiai termometrai be apsauginio vamzd\u017eio skirti temperat\u016bros matavimui iki 600\u202f\u00b0C (retai \u2013 iki 800\u202f\u00b0C) pavir\u0161iuose, skys\u010diuose ir dujose.\" \/>\n<meta property=\"og:url\" content=\"https:\/\/invertas.lt\/en\/produktai\/temperaturos-jutikliai\/varzinis-termometras-su-mineraline-izoliacija-be-papildomo-apsauginio-vamzdzio-52-wos\/\" \/>\n<meta property=\"og:site_name\" content=\"Invertas\" \/>\n<meta property=\"article:modified_time\" content=\"2025-08-08T10:47:42+00:00\" \/>\n<meta property=\"og:image\" content=\"https:\/\/invertas.lt\/wp-content\/uploads\/2025\/07\/c2cd780e-5001-e88b-8fbc-e3d6c89fb0ec_d8678884-8937-3a87-1682-94580cb28bcd_cntIdImage_7e490b7c22d7430041256bb3731fd413-e1752230407427.png\" \/>\n\t<meta property=\"og:image:width\" content=\"1500\" \/>\n\t<meta property=\"og:image:height\" content=\"1500\" \/>\n\t<meta property=\"og:image:type\" content=\"image\/png\" \/>\n<meta name=\"twitter:card\" content=\"summary_large_image\" \/>\n<meta name=\"twitter:label1\" content=\"Estimated reading time\" \/>\n\t<meta name=\"twitter:data1\" content=\"1 minute\" \/>\n<script type=\"application\/ld+json\" class=\"yoast-schema-graph\">{\"@context\":\"https:\/\/schema.org\",\"@graph\":[{\"@type\":\"WebPage\",\"@id\":\"https:\/\/invertas.lt\/produktai\/temperaturos-jutikliai\/varzinis-termometras-su-mineraline-izoliacija-be-papildomo-apsauginio-vamzdzio-52-wos\/\",\"url\":\"https:\/\/invertas.lt\/produktai\/temperaturos-jutikliai\/varzinis-termometras-su-mineraline-izoliacija-be-papildomo-apsauginio-vamzdzio-52-wos\/\",\"name\":\"Guenther var\u017einis PT100 temperat\u016bros jutiklis 52-WOS - Invertas\",\"isPartOf\":{\"@id\":\"https:\/\/invertas.lt\/#website\"},\"primaryImageOfPage\":{\"@id\":\"https:\/\/invertas.lt\/produktai\/temperaturos-jutikliai\/varzinis-termometras-su-mineraline-izoliacija-be-papildomo-apsauginio-vamzdzio-52-wos\/#primaryimage\"},\"image\":{\"@id\":\"https:\/\/invertas.lt\/produktai\/temperaturos-jutikliai\/varzinis-termometras-su-mineraline-izoliacija-be-papildomo-apsauginio-vamzdzio-52-wos\/#primaryimage\"},\"thumbnailUrl\":\"https:\/\/invertas.lt\/wp-content\/uploads\/2025\/07\/c2cd780e-5001-e88b-8fbc-e3d6c89fb0ec_d8678884-8937-3a87-1682-94580cb28bcd_cntIdImage_7e490b7c22d7430041256bb3731fd413-e1752230407427.png\",\"datePublished\":\"2025-07-09T15:49:57+00:00\",\"dateModified\":\"2025-08-08T10:47:42+00:00\",\"description\":\"52-WOS serijos var\u017einiai termometrai be apsauginio vamzd\u017eio skirti temperat\u016bros matavimui iki 600\u202f\u00b0C (retai \u2013 iki 800\u202f\u00b0C) pavir\u0161iuose, skys\u010diuose ir dujose.\",\"breadcrumb\":{\"@id\":\"https:\/\/invertas.lt\/produktai\/temperaturos-jutikliai\/varzinis-termometras-su-mineraline-izoliacija-be-papildomo-apsauginio-vamzdzio-52-wos\/#breadcrumb\"},\"inLanguage\":\"en-GB\",\"potentialAction\":[{\"@type\":\"ReadAction\",\"target\":[\"https:\/\/invertas.lt\/produktai\/temperaturos-jutikliai\/varzinis-termometras-su-mineraline-izoliacija-be-papildomo-apsauginio-vamzdzio-52-wos\/\"]}]},{\"@type\":\"ImageObject\",\"inLanguage\":\"en-GB\",\"@id\":\"https:\/\/invertas.lt\/produktai\/temperaturos-jutikliai\/varzinis-termometras-su-mineraline-izoliacija-be-papildomo-apsauginio-vamzdzio-52-wos\/#primaryimage\",\"url\":\"https:\/\/invertas.lt\/wp-content\/uploads\/2025\/07\/c2cd780e-5001-e88b-8fbc-e3d6c89fb0ec_d8678884-8937-3a87-1682-94580cb28bcd_cntIdImage_7e490b7c22d7430041256bb3731fd413-e1752230407427.png\",\"contentUrl\":\"https:\/\/invertas.lt\/wp-content\/uploads\/2025\/07\/c2cd780e-5001-e88b-8fbc-e3d6c89fb0ec_d8678884-8937-3a87-1682-94580cb28bcd_cntIdImage_7e490b7c22d7430041256bb3731fd413-e1752230407427.png\",\"width\":1500,\"height\":1500},{\"@type\":\"BreadcrumbList\",\"@id\":\"https:\/\/invertas.lt\/produktai\/temperaturos-jutikliai\/varzinis-termometras-su-mineraline-izoliacija-be-papildomo-apsauginio-vamzdzio-52-wos\/#breadcrumb\",\"itemListElement\":[{\"@type\":\"ListItem\",\"position\":1,\"name\":\"Prad\u017eia\",\"item\":\"https:\/\/invertas.lt\/\"},{\"@type\":\"ListItem\",\"position\":2,\"name\":\"Products\",\"item\":\"https:\/\/invertas.lt\/shop\/\"},{\"@type\":\"ListItem\",\"position\":3,\"name\":\"Temperat\u016bros jutikliai\",\"item\":\"https:\/\/invertas.lt\/.\/temperaturos-jutikliai\/\"},{\"@type\":\"ListItem\",\"position\":4,\"name\":\"Guenther var\u017einis PT100 temperat\u016bros jutiklis 52-WOS\"}]},{\"@type\":\"WebSite\",\"@id\":\"https:\/\/invertas.lt\/#website\",\"url\":\"https:\/\/invertas.lt\/\",\"name\":\"Invertas\",\"description\":\"\",\"publisher\":{\"@id\":\"https:\/\/invertas.lt\/#organization\"},\"potentialAction\":[{\"@type\":\"SearchAction\",\"target\":{\"@type\":\"EntryPoint\",\"urlTemplate\":\"https:\/\/invertas.lt\/?s={search_term_string}\"},\"query-input\":{\"@type\":\"PropertyValueSpecification\",\"valueRequired\":true,\"valueName\":\"search_term_string\"}}],\"inLanguage\":\"en-GB\"},{\"@type\":\"Organization\",\"@id\":\"https:\/\/invertas.lt\/#organization\",\"name\":\"Invertas\",\"url\":\"https:\/\/invertas.lt\/\",\"logo\":{\"@type\":\"ImageObject\",\"inLanguage\":\"en-GB\",\"@id\":\"https:\/\/invertas.lt\/#\/schema\/logo\/image\/\",\"url\":\"https:\/\/invertas.lt\/wp-content\/uploads\/2025\/03\/New-Text-Document-2.svg\",\"contentUrl\":\"https:\/\/invertas.lt\/wp-content\/uploads\/2025\/03\/New-Text-Document-2.svg\",\"width\":140,\"height\":39,\"caption\":\"Invertas\"},\"image\":{\"@id\":\"https:\/\/invertas.lt\/#\/schema\/logo\/image\/\"}}]}<\/script>\n<!-- \/ Yoast SEO plugin. -->","yoast_head_json":{"title":"Guenther var\u017einis PT100 temperat\u016bros jutiklis 52-WOS - Invertas","description":"52-WOS serijos var\u017einiai termometrai be apsauginio vamzd\u017eio skirti temperat\u016bros matavimui iki 600\u202f\u00b0C (retai \u2013 iki 800\u202f\u00b0C) pavir\u0161iuose, skys\u010diuose ir dujose.","robots":{"index":"index","follow":"follow","max-snippet":"max-snippet:-1","max-image-preview":"max-image-preview:large","max-video-preview":"max-video-preview:-1"},"canonical":"https:\/\/invertas.lt\/en\/produktai\/temperaturos-jutikliai\/varzinis-termometras-su-mineraline-izoliacija-be-papildomo-apsauginio-vamzdzio-52-wos\/","og_locale":"en_GB","og_type":"article","og_title":"Guenther var\u017einis PT100 temperat\u016bros jutiklis 52-WOS - Invertas","og_description":"52-WOS serijos var\u017einiai termometrai be apsauginio vamzd\u017eio skirti temperat\u016bros matavimui iki 600\u202f\u00b0C (retai \u2013 iki 800\u202f\u00b0C) pavir\u0161iuose, skys\u010diuose ir dujose.","og_url":"https:\/\/invertas.lt\/en\/produktai\/temperaturos-jutikliai\/varzinis-termometras-su-mineraline-izoliacija-be-papildomo-apsauginio-vamzdzio-52-wos\/","og_site_name":"Invertas","article_modified_time":"2025-08-08T10:47:42+00:00","og_image":[{"width":1500,"height":1500,"url":"https:\/\/invertas.lt\/wp-content\/uploads\/2025\/07\/c2cd780e-5001-e88b-8fbc-e3d6c89fb0ec_d8678884-8937-3a87-1682-94580cb28bcd_cntIdImage_7e490b7c22d7430041256bb3731fd413-e1752230407427.png","type":"image\/png"}],"twitter_card":"summary_large_image","twitter_misc":{"Estimated reading time":"1 minute"},"schema":{"@context":"https:\/\/schema.org","@graph":[{"@type":"WebPage","@id":"https:\/\/invertas.lt\/produktai\/temperaturos-jutikliai\/varzinis-termometras-su-mineraline-izoliacija-be-papildomo-apsauginio-vamzdzio-52-wos\/","url":"https:\/\/invertas.lt\/produktai\/temperaturos-jutikliai\/varzinis-termometras-su-mineraline-izoliacija-be-papildomo-apsauginio-vamzdzio-52-wos\/","name":"Guenther var\u017einis PT100 temperat\u016bros jutiklis 52-WOS - Invertas","isPartOf":{"@id":"https:\/\/invertas.lt\/#website"},"primaryImageOfPage":{"@id":"https:\/\/invertas.lt\/produktai\/temperaturos-jutikliai\/varzinis-termometras-su-mineraline-izoliacija-be-papildomo-apsauginio-vamzdzio-52-wos\/#primaryimage"},"image":{"@id":"https:\/\/invertas.lt\/produktai\/temperaturos-jutikliai\/varzinis-termometras-su-mineraline-izoliacija-be-papildomo-apsauginio-vamzdzio-52-wos\/#primaryimage"},"thumbnailUrl":"https:\/\/invertas.lt\/wp-content\/uploads\/2025\/07\/c2cd780e-5001-e88b-8fbc-e3d6c89fb0ec_d8678884-8937-3a87-1682-94580cb28bcd_cntIdImage_7e490b7c22d7430041256bb3731fd413-e1752230407427.png","datePublished":"2025-07-09T15:49:57+00:00","dateModified":"2025-08-08T10:47:42+00:00","description":"52-WOS serijos var\u017einiai termometrai be apsauginio vamzd\u017eio skirti temperat\u016bros matavimui iki 600\u202f\u00b0C (retai \u2013 iki 800\u202f\u00b0C) pavir\u0161iuose, skys\u010diuose ir dujose.","breadcrumb":{"@id":"https:\/\/invertas.lt\/produktai\/temperaturos-jutikliai\/varzinis-termometras-su-mineraline-izoliacija-be-papildomo-apsauginio-vamzdzio-52-wos\/#breadcrumb"},"inLanguage":"en-GB","potentialAction":[{"@type":"ReadAction","target":["https:\/\/invertas.lt\/produktai\/temperaturos-jutikliai\/varzinis-termometras-su-mineraline-izoliacija-be-papildomo-apsauginio-vamzdzio-52-wos\/"]}]},{"@type":"ImageObject","inLanguage":"en-GB","@id":"https:\/\/invertas.lt\/produktai\/temperaturos-jutikliai\/varzinis-termometras-su-mineraline-izoliacija-be-papildomo-apsauginio-vamzdzio-52-wos\/#primaryimage","url":"https:\/\/invertas.lt\/wp-content\/uploads\/2025\/07\/c2cd780e-5001-e88b-8fbc-e3d6c89fb0ec_d8678884-8937-3a87-1682-94580cb28bcd_cntIdImage_7e490b7c22d7430041256bb3731fd413-e1752230407427.png","contentUrl":"https:\/\/invertas.lt\/wp-content\/uploads\/2025\/07\/c2cd780e-5001-e88b-8fbc-e3d6c89fb0ec_d8678884-8937-3a87-1682-94580cb28bcd_cntIdImage_7e490b7c22d7430041256bb3731fd413-e1752230407427.png","width":1500,"height":1500},{"@type":"BreadcrumbList","@id":"https:\/\/invertas.lt\/produktai\/temperaturos-jutikliai\/varzinis-termometras-su-mineraline-izoliacija-be-papildomo-apsauginio-vamzdzio-52-wos\/#breadcrumb","itemListElement":[{"@type":"ListItem","position":1,"name":"Prad\u017eia","item":"https:\/\/invertas.lt\/"},{"@type":"ListItem","position":2,"name":"Products","item":"https:\/\/invertas.lt\/shop\/"},{"@type":"ListItem","position":3,"name":"Temperat\u016bros jutikliai","item":"https:\/\/invertas.lt\/.\/temperaturos-jutikliai\/"},{"@type":"ListItem","position":4,"name":"Guenther var\u017einis PT100 temperat\u016bros jutiklis 52-WOS"}]},{"@type":"WebSite","@id":"https:\/\/invertas.lt\/#website","url":"https:\/\/invertas.lt\/","name":"Invert","description":"","publisher":{"@id":"https:\/\/invertas.lt\/#organization"},"potentialAction":[{"@type":"SearchAction","target":{"@type":"EntryPoint","urlTemplate":"https:\/\/invertas.lt\/?s={search_term_string}"},"query-input":{"@type":"PropertyValueSpecification","valueRequired":true,"valueName":"search_term_string"}}],"inLanguage":"en-GB"},{"@type":"Organization","@id":"https:\/\/invertas.lt\/#organization","name":"Invert","url":"https:\/\/invertas.lt\/","logo":{"@type":"ImageObject","inLanguage":"en-GB","@id":"https:\/\/invertas.lt\/#\/schema\/logo\/image\/","url":"https:\/\/invertas.lt\/wp-content\/uploads\/2025\/03\/New-Text-Document-2.svg","contentUrl":"https:\/\/invertas.lt\/wp-content\/uploads\/2025\/03\/New-Text-Document-2.svg","width":140,"height":39,"caption":"Invertas"},"image":{"@id":"https:\/\/invertas.lt\/#\/schema\/logo\/image\/"}}]}},"_links":{"self":[{"href":"https:\/\/invertas.lt\/en\/wp-json\/wp\/v2\/product\/8148","targetHints":{"allow":["GET"]}}],"collection":[{"href":"https:\/\/invertas.lt\/en\/wp-json\/wp\/v2\/product"}],"about":[{"href":"https:\/\/invertas.lt\/en\/wp-json\/wp\/v2\/types\/product"}],"replies":[{"embeddable":true,"href":"https:\/\/invertas.lt\/en\/wp-json\/wp\/v2\/comments?post=8148"}],"wp:featuredmedia":[{"embeddable":true,"href":"https:\/\/invertas.lt\/en\/wp-json\/wp\/v2\/media\/8149"}],"wp:attachment":[{"href":"https:\/\/invertas.lt\/en\/wp-json\/wp\/v2\/media?parent=8148"}],"wp:term":[{"taxonomy":"product_brand","embeddable":true,"href":"https:\/\/invertas.lt\/en\/wp-json\/wp\/v2\/product_brand?post=8148"},{"taxonomy":"product_cat","embeddable":true,"href":"https:\/\/invertas.lt\/en\/wp-json\/wp\/v2\/product_cat?post=8148"},{"taxonomy":"product_tag","embeddable":true,"href":"https:\/\/invertas.lt\/en\/wp-json\/wp\/v2\/product_tag?post=8148"}],"curies":[{"name":"wp","href":"https:\/\/api.w.org\/{rel}","templated":true}]}}