{"id":8136,"date":"2025-07-08T19:17:03","date_gmt":"2025-07-08T19:17:03","guid":{"rendered":"https:\/\/aurimasb15.sg-host.com\/?post_type=product&#038;p=8136"},"modified":"2025-09-23T18:44:16","modified_gmt":"2025-09-23T18:44:16","slug":"mineraline-izoliacija-izoliuoti-varziniai-termometrai-su-metaliniu-apsauginiu-vamzdziu-50-wms","status":"publish","type":"product","link":"https:\/\/invertas.lt\/en\/produktai\/temperaturos-jutikliai\/mineraline-izoliacija-izoliuoti-varziniai-termometrai-su-metaliniu-apsauginiu-vamzdziu-50-wms\/","title":{"rendered":"Guenther resistance PT100 temperature sensor 50-WMS"},"content":{"rendered":"<h3 data-start=\"67\" data-end=\"89\"><strong>Fields of application<\/strong><\/h3>\n<ul data-start=\"91\" data-end=\"231\">\n<li data-start=\"91\" data-end=\"149\">\n<p data-start=\"93\" data-end=\"149\">Temperature measurement up to 600 \u00b0C (rarely up to 800 \u00b0C)<\/p>\n<\/li>\n<li data-start=\"150\" data-end=\"231\">\n<p data-start=\"152\" data-end=\"231\">Used in heating, refrigeration, air conditioning, furnaces and chemical industries<\/p>\n<\/li>\n<\/ul>\n<h3 data-start=\"233\" data-end=\"248\"><strong>Features<\/strong><\/h3>\n<ul data-start=\"250\" data-end=\"420\" data-is-last-node=\"\" data-is-only-node=\"\">\n<li data-start=\"250\" data-end=\"322\">\n<p data-start=\"252\" data-end=\"322\">Thin (\u2300 1.5\u20136.0 mm), flexible, suitable for hard-to-reach areas<\/p>\n<\/li>\n<li data-start=\"250\" data-end=\"322\">With mineral insulation and metal protective pipe<\/li>\n<li data-start=\"323\" data-end=\"366\">\n<p data-start=\"325\" data-end=\"366\">Quick response to temperature changes<\/p>\n<\/li>\n<li data-start=\"367\" data-end=\"420\" data-is-last-node=\"\">\n<p data-start=\"369\" data-end=\"420\">Closed design \u2013 protection from environmental influences<\/p>\n<\/li>\n<\/ul>","protected":false},"excerpt":{"rendered":"<p>Taikymo sritys Temperat\u016bros matavimas iki 600\u202f\u00b0C (retai \u2013 iki 800\u202f\u00b0C) Naudojami \u0161ildymo, \u0161aldymo, oro kondicionavimo, krosni\u0173 ir chemijos pramon\u0117je Savyb\u0117s Ploni (\u2300 1,5\u20136,0 mm), lankst\u016bs, tinkami sunkiai pasiekiamoms vietoms Su mineraline izoliacija ir metaliniu apsauginiu vamzd\u017eiu Greita reakcija \u012f temperat\u016bros poky\u010dius U\u017edara konstrukcija \u2013 apsauga nuo aplinkos poveikio<\/p>","protected":false},"featured_media":8212,"comment_status":"open","ping_status":"closed","template":"","meta":{"_acf_changed":false,"inline_featured_image":false},"product_brand":[],"product_cat":[501],"product_tag":[],"class_list":{"0":"post-8136","1":"product","2":"type-product","3":"status-publish","4":"has-post-thumbnail","6":"product_cat-temperaturos-jutikliai","8":"first","9":"instock","10":"shipping-taxable","11":"purchasable","12":"product-type-simple"},"acf":[],"yoast_head":"<!-- This site is optimized with the Yoast SEO plugin v25.5 - https:\/\/yoast.com\/wordpress\/plugins\/seo\/ -->\n<title>Guenther var\u017einis PT100 temperat\u016bros jutiklis 50-WMS - Invertas<\/title>\n<meta name=\"description\" content=\"Mineraline izoliacija izoliuoti var\u017einiai termometrai su metaliniu apsauginiu vamzd\u017eiu (50-WMS) skirti temperat\u016bros matavimui iki 600\u202f\u00b0C.\" \/>\n<meta name=\"robots\" content=\"index, follow, max-snippet:-1, max-image-preview:large, max-video-preview:-1\" \/>\n<link rel=\"canonical\" href=\"https:\/\/invertas.lt\/en\/produktai\/temperaturos-jutikliai\/mineraline-izoliacija-izoliuoti-varziniai-termometrai-su-metaliniu-apsauginiu-vamzdziu-50-wms\/\" \/>\n<meta property=\"og:locale\" content=\"en_GB\" \/>\n<meta property=\"og:type\" content=\"article\" \/>\n<meta property=\"og:title\" content=\"Guenther var\u017einis PT100 temperat\u016bros jutiklis 50-WMS - Invertas\" \/>\n<meta property=\"og:description\" content=\"Mineraline izoliacija izoliuoti var\u017einiai termometrai su metaliniu apsauginiu vamzd\u017eiu (50-WMS) skirti temperat\u016bros matavimui iki 600\u202f\u00b0C.\" \/>\n<meta property=\"og:url\" content=\"https:\/\/invertas.lt\/en\/produktai\/temperaturos-jutikliai\/mineraline-izoliacija-izoliuoti-varziniai-termometrai-su-metaliniu-apsauginiu-vamzdziu-50-wms\/\" \/>\n<meta property=\"og:site_name\" content=\"Invertas\" \/>\n<meta property=\"article:modified_time\" content=\"2025-09-23T18:44:16+00:00\" \/>\n<meta property=\"og:image\" content=\"https:\/\/invertas.lt\/wp-content\/uploads\/2025\/07\/xfceb2524-2a86-88fb-bc3b-6b6f0878bb23_ec452b64-76c1-47a0-df0b-79e19eae952d_cntIdImage_6b9db47319941ce5ff252d1a90ab927d.jpgqWidth600aHeight800aQuality90aOFpngaConfirm1.pagespeed.ic_.JmU5g9ekyB-1-e1752233787996.webp\" \/>\n\t<meta property=\"og:image:width\" content=\"600\" \/>\n\t<meta property=\"og:image:height\" content=\"600\" \/>\n\t<meta property=\"og:image:type\" content=\"image\/webp\" \/>\n<meta name=\"twitter:card\" content=\"summary_large_image\" \/>\n<meta name=\"twitter:label1\" content=\"Estimated reading time\" \/>\n\t<meta name=\"twitter:data1\" content=\"1 minute\" \/>\n<script type=\"application\/ld+json\" class=\"yoast-schema-graph\">{\"@context\":\"https:\/\/schema.org\",\"@graph\":[{\"@type\":\"WebPage\",\"@id\":\"https:\/\/invertas.lt\/produktai\/temperaturos-jutikliai\/mineraline-izoliacija-izoliuoti-varziniai-termometrai-su-metaliniu-apsauginiu-vamzdziu-50-wms\/\",\"url\":\"https:\/\/invertas.lt\/produktai\/temperaturos-jutikliai\/mineraline-izoliacija-izoliuoti-varziniai-termometrai-su-metaliniu-apsauginiu-vamzdziu-50-wms\/\",\"name\":\"Guenther var\u017einis PT100 temperat\u016bros jutiklis 50-WMS - Invertas\",\"isPartOf\":{\"@id\":\"https:\/\/invertas.lt\/#website\"},\"primaryImageOfPage\":{\"@id\":\"https:\/\/invertas.lt\/produktai\/temperaturos-jutikliai\/mineraline-izoliacija-izoliuoti-varziniai-termometrai-su-metaliniu-apsauginiu-vamzdziu-50-wms\/#primaryimage\"},\"image\":{\"@id\":\"https:\/\/invertas.lt\/produktai\/temperaturos-jutikliai\/mineraline-izoliacija-izoliuoti-varziniai-termometrai-su-metaliniu-apsauginiu-vamzdziu-50-wms\/#primaryimage\"},\"thumbnailUrl\":\"https:\/\/invertas.lt\/wp-content\/uploads\/2025\/07\/xfceb2524-2a86-88fb-bc3b-6b6f0878bb23_ec452b64-76c1-47a0-df0b-79e19eae952d_cntIdImage_6b9db47319941ce5ff252d1a90ab927d.jpgqWidth600aHeight800aQuality90aOFpngaConfirm1.pagespeed.ic_.JmU5g9ekyB-1-e1752233787996.webp\",\"datePublished\":\"2025-07-08T19:17:03+00:00\",\"dateModified\":\"2025-09-23T18:44:16+00:00\",\"description\":\"Mineraline izoliacija izoliuoti var\u017einiai termometrai su metaliniu apsauginiu vamzd\u017eiu (50-WMS) skirti temperat\u016bros matavimui iki 600\u202f\u00b0C.\",\"breadcrumb\":{\"@id\":\"https:\/\/invertas.lt\/produktai\/temperaturos-jutikliai\/mineraline-izoliacija-izoliuoti-varziniai-termometrai-su-metaliniu-apsauginiu-vamzdziu-50-wms\/#breadcrumb\"},\"inLanguage\":\"en-GB\",\"potentialAction\":[{\"@type\":\"ReadAction\",\"target\":[\"https:\/\/invertas.lt\/produktai\/temperaturos-jutikliai\/mineraline-izoliacija-izoliuoti-varziniai-termometrai-su-metaliniu-apsauginiu-vamzdziu-50-wms\/\"]}]},{\"@type\":\"ImageObject\",\"inLanguage\":\"en-GB\",\"@id\":\"https:\/\/invertas.lt\/produktai\/temperaturos-jutikliai\/mineraline-izoliacija-izoliuoti-varziniai-termometrai-su-metaliniu-apsauginiu-vamzdziu-50-wms\/#primaryimage\",\"url\":\"https:\/\/invertas.lt\/wp-content\/uploads\/2025\/07\/xfceb2524-2a86-88fb-bc3b-6b6f0878bb23_ec452b64-76c1-47a0-df0b-79e19eae952d_cntIdImage_6b9db47319941ce5ff252d1a90ab927d.jpgqWidth600aHeight800aQuality90aOFpngaConfirm1.pagespeed.ic_.JmU5g9ekyB-1-e1752233787996.webp\",\"contentUrl\":\"https:\/\/invertas.lt\/wp-content\/uploads\/2025\/07\/xfceb2524-2a86-88fb-bc3b-6b6f0878bb23_ec452b64-76c1-47a0-df0b-79e19eae952d_cntIdImage_6b9db47319941ce5ff252d1a90ab927d.jpgqWidth600aHeight800aQuality90aOFpngaConfirm1.pagespeed.ic_.JmU5g9ekyB-1-e1752233787996.webp\",\"width\":600,\"height\":600},{\"@type\":\"BreadcrumbList\",\"@id\":\"https:\/\/invertas.lt\/produktai\/temperaturos-jutikliai\/mineraline-izoliacija-izoliuoti-varziniai-termometrai-su-metaliniu-apsauginiu-vamzdziu-50-wms\/#breadcrumb\",\"itemListElement\":[{\"@type\":\"ListItem\",\"position\":1,\"name\":\"Prad\u017eia\",\"item\":\"https:\/\/invertas.lt\/\"},{\"@type\":\"ListItem\",\"position\":2,\"name\":\"Products\",\"item\":\"https:\/\/invertas.lt\/shop\/\"},{\"@type\":\"ListItem\",\"position\":3,\"name\":\"Temperat\u016bros jutikliai\",\"item\":\"https:\/\/invertas.lt\/.\/temperaturos-jutikliai\/\"},{\"@type\":\"ListItem\",\"position\":4,\"name\":\"Guenther var\u017einis PT100 temperat\u016bros jutiklis 50-WMS\"}]},{\"@type\":\"WebSite\",\"@id\":\"https:\/\/invertas.lt\/#website\",\"url\":\"https:\/\/invertas.lt\/\",\"name\":\"Invertas\",\"description\":\"\",\"publisher\":{\"@id\":\"https:\/\/invertas.lt\/#organization\"},\"potentialAction\":[{\"@type\":\"SearchAction\",\"target\":{\"@type\":\"EntryPoint\",\"urlTemplate\":\"https:\/\/invertas.lt\/?s={search_term_string}\"},\"query-input\":{\"@type\":\"PropertyValueSpecification\",\"valueRequired\":true,\"valueName\":\"search_term_string\"}}],\"inLanguage\":\"en-GB\"},{\"@type\":\"Organization\",\"@id\":\"https:\/\/invertas.lt\/#organization\",\"name\":\"Invertas\",\"url\":\"https:\/\/invertas.lt\/\",\"logo\":{\"@type\":\"ImageObject\",\"inLanguage\":\"en-GB\",\"@id\":\"https:\/\/invertas.lt\/#\/schema\/logo\/image\/\",\"url\":\"https:\/\/invertas.lt\/wp-content\/uploads\/2025\/03\/New-Text-Document-2.svg\",\"contentUrl\":\"https:\/\/invertas.lt\/wp-content\/uploads\/2025\/03\/New-Text-Document-2.svg\",\"width\":140,\"height\":39,\"caption\":\"Invertas\"},\"image\":{\"@id\":\"https:\/\/invertas.lt\/#\/schema\/logo\/image\/\"}}]}<\/script>\n<!-- \/ Yoast SEO plugin. -->","yoast_head_json":{"title":"Guenther var\u017einis PT100 temperat\u016bros jutiklis 50-WMS - Invertas","description":"Mineraline izoliacija izoliuoti var\u017einiai termometrai su metaliniu apsauginiu vamzd\u017eiu (50-WMS) skirti temperat\u016bros matavimui iki 600\u202f\u00b0C.","robots":{"index":"index","follow":"follow","max-snippet":"max-snippet:-1","max-image-preview":"max-image-preview:large","max-video-preview":"max-video-preview:-1"},"canonical":"https:\/\/invertas.lt\/en\/produktai\/temperaturos-jutikliai\/mineraline-izoliacija-izoliuoti-varziniai-termometrai-su-metaliniu-apsauginiu-vamzdziu-50-wms\/","og_locale":"en_GB","og_type":"article","og_title":"Guenther var\u017einis PT100 temperat\u016bros jutiklis 50-WMS - Invertas","og_description":"Mineraline izoliacija izoliuoti var\u017einiai termometrai su metaliniu apsauginiu vamzd\u017eiu (50-WMS) skirti temperat\u016bros matavimui iki 600\u202f\u00b0C.","og_url":"https:\/\/invertas.lt\/en\/produktai\/temperaturos-jutikliai\/mineraline-izoliacija-izoliuoti-varziniai-termometrai-su-metaliniu-apsauginiu-vamzdziu-50-wms\/","og_site_name":"Invertas","article_modified_time":"2025-09-23T18:44:16+00:00","og_image":[{"width":600,"height":600,"url":"https:\/\/invertas.lt\/wp-content\/uploads\/2025\/07\/xfceb2524-2a86-88fb-bc3b-6b6f0878bb23_ec452b64-76c1-47a0-df0b-79e19eae952d_cntIdImage_6b9db47319941ce5ff252d1a90ab927d.jpgqWidth600aHeight800aQuality90aOFpngaConfirm1.pagespeed.ic_.JmU5g9ekyB-1-e1752233787996.webp","type":"image\/webp"}],"twitter_card":"summary_large_image","twitter_misc":{"Estimated reading time":"1 minute"},"schema":{"@context":"https:\/\/schema.org","@graph":[{"@type":"WebPage","@id":"https:\/\/invertas.lt\/produktai\/temperaturos-jutikliai\/mineraline-izoliacija-izoliuoti-varziniai-termometrai-su-metaliniu-apsauginiu-vamzdziu-50-wms\/","url":"https:\/\/invertas.lt\/produktai\/temperaturos-jutikliai\/mineraline-izoliacija-izoliuoti-varziniai-termometrai-su-metaliniu-apsauginiu-vamzdziu-50-wms\/","name":"Guenther var\u017einis PT100 temperat\u016bros jutiklis 50-WMS - Invertas","isPartOf":{"@id":"https:\/\/invertas.lt\/#website"},"primaryImageOfPage":{"@id":"https:\/\/invertas.lt\/produktai\/temperaturos-jutikliai\/mineraline-izoliacija-izoliuoti-varziniai-termometrai-su-metaliniu-apsauginiu-vamzdziu-50-wms\/#primaryimage"},"image":{"@id":"https:\/\/invertas.lt\/produktai\/temperaturos-jutikliai\/mineraline-izoliacija-izoliuoti-varziniai-termometrai-su-metaliniu-apsauginiu-vamzdziu-50-wms\/#primaryimage"},"thumbnailUrl":"https:\/\/invertas.lt\/wp-content\/uploads\/2025\/07\/xfceb2524-2a86-88fb-bc3b-6b6f0878bb23_ec452b64-76c1-47a0-df0b-79e19eae952d_cntIdImage_6b9db47319941ce5ff252d1a90ab927d.jpgqWidth600aHeight800aQuality90aOFpngaConfirm1.pagespeed.ic_.JmU5g9ekyB-1-e1752233787996.webp","datePublished":"2025-07-08T19:17:03+00:00","dateModified":"2025-09-23T18:44:16+00:00","description":"Mineraline izoliacija izoliuoti var\u017einiai termometrai su metaliniu apsauginiu vamzd\u017eiu (50-WMS) skirti temperat\u016bros matavimui iki 600\u202f\u00b0C.","breadcrumb":{"@id":"https:\/\/invertas.lt\/produktai\/temperaturos-jutikliai\/mineraline-izoliacija-izoliuoti-varziniai-termometrai-su-metaliniu-apsauginiu-vamzdziu-50-wms\/#breadcrumb"},"inLanguage":"en-GB","potentialAction":[{"@type":"ReadAction","target":["https:\/\/invertas.lt\/produktai\/temperaturos-jutikliai\/mineraline-izoliacija-izoliuoti-varziniai-termometrai-su-metaliniu-apsauginiu-vamzdziu-50-wms\/"]}]},{"@type":"ImageObject","inLanguage":"en-GB","@id":"https:\/\/invertas.lt\/produktai\/temperaturos-jutikliai\/mineraline-izoliacija-izoliuoti-varziniai-termometrai-su-metaliniu-apsauginiu-vamzdziu-50-wms\/#primaryimage","url":"https:\/\/invertas.lt\/wp-content\/uploads\/2025\/07\/xfceb2524-2a86-88fb-bc3b-6b6f0878bb23_ec452b64-76c1-47a0-df0b-79e19eae952d_cntIdImage_6b9db47319941ce5ff252d1a90ab927d.jpgqWidth600aHeight800aQuality90aOFpngaConfirm1.pagespeed.ic_.JmU5g9ekyB-1-e1752233787996.webp","contentUrl":"https:\/\/invertas.lt\/wp-content\/uploads\/2025\/07\/xfceb2524-2a86-88fb-bc3b-6b6f0878bb23_ec452b64-76c1-47a0-df0b-79e19eae952d_cntIdImage_6b9db47319941ce5ff252d1a90ab927d.jpgqWidth600aHeight800aQuality90aOFpngaConfirm1.pagespeed.ic_.JmU5g9ekyB-1-e1752233787996.webp","width":600,"height":600},{"@type":"BreadcrumbList","@id":"https:\/\/invertas.lt\/produktai\/temperaturos-jutikliai\/mineraline-izoliacija-izoliuoti-varziniai-termometrai-su-metaliniu-apsauginiu-vamzdziu-50-wms\/#breadcrumb","itemListElement":[{"@type":"ListItem","position":1,"name":"Prad\u017eia","item":"https:\/\/invertas.lt\/"},{"@type":"ListItem","position":2,"name":"Products","item":"https:\/\/invertas.lt\/shop\/"},{"@type":"ListItem","position":3,"name":"Temperat\u016bros jutikliai","item":"https:\/\/invertas.lt\/.\/temperaturos-jutikliai\/"},{"@type":"ListItem","position":4,"name":"Guenther var\u017einis PT100 temperat\u016bros jutiklis 50-WMS"}]},{"@type":"WebSite","@id":"https:\/\/invertas.lt\/#website","url":"https:\/\/invertas.lt\/","name":"Invert","description":"","publisher":{"@id":"https:\/\/invertas.lt\/#organization"},"potentialAction":[{"@type":"SearchAction","target":{"@type":"EntryPoint","urlTemplate":"https:\/\/invertas.lt\/?s={search_term_string}"},"query-input":{"@type":"PropertyValueSpecification","valueRequired":true,"valueName":"search_term_string"}}],"inLanguage":"en-GB"},{"@type":"Organization","@id":"https:\/\/invertas.lt\/#organization","name":"Invert","url":"https:\/\/invertas.lt\/","logo":{"@type":"ImageObject","inLanguage":"en-GB","@id":"https:\/\/invertas.lt\/#\/schema\/logo\/image\/","url":"https:\/\/invertas.lt\/wp-content\/uploads\/2025\/03\/New-Text-Document-2.svg","contentUrl":"https:\/\/invertas.lt\/wp-content\/uploads\/2025\/03\/New-Text-Document-2.svg","width":140,"height":39,"caption":"Invertas"},"image":{"@id":"https:\/\/invertas.lt\/#\/schema\/logo\/image\/"}}]}},"_links":{"self":[{"href":"https:\/\/invertas.lt\/en\/wp-json\/wp\/v2\/product\/8136","targetHints":{"allow":["GET"]}}],"collection":[{"href":"https:\/\/invertas.lt\/en\/wp-json\/wp\/v2\/product"}],"about":[{"href":"https:\/\/invertas.lt\/en\/wp-json\/wp\/v2\/types\/product"}],"replies":[{"embeddable":true,"href":"https:\/\/invertas.lt\/en\/wp-json\/wp\/v2\/comments?post=8136"}],"wp:featuredmedia":[{"embeddable":true,"href":"https:\/\/invertas.lt\/en\/wp-json\/wp\/v2\/media\/8212"}],"wp:attachment":[{"href":"https:\/\/invertas.lt\/en\/wp-json\/wp\/v2\/media?parent=8136"}],"wp:term":[{"taxonomy":"product_brand","embeddable":true,"href":"https:\/\/invertas.lt\/en\/wp-json\/wp\/v2\/product_brand?post=8136"},{"taxonomy":"product_cat","embeddable":true,"href":"https:\/\/invertas.lt\/en\/wp-json\/wp\/v2\/product_cat?post=8136"},{"taxonomy":"product_tag","embeddable":true,"href":"https:\/\/invertas.lt\/en\/wp-json\/wp\/v2\/product_tag?post=8136"}],"curies":[{"name":"wp","href":"https:\/\/api.w.org\/{rel}","templated":true}]}}