{"id":8128,"date":"2025-07-08T18:54:43","date_gmt":"2025-07-08T18:54:43","guid":{"rendered":"https:\/\/aurimasb15.sg-host.com\/?post_type=product&#038;p=8128"},"modified":"2025-08-07T10:23:05","modified_gmt":"2025-08-07T10:23:05","slug":"konfiguravimo-programine-iranga-nrz","status":"publish","type":"product","link":"https:\/\/invertas.lt\/en\/produktai\/radiacijos-matuokliai\/konfiguravimo-programine-iranga-nrz\/","title":{"rendered":"Fuji Electric configuration software NRZ"},"content":{"rendered":"<h3 data-start=\"0\" data-end=\"14\">Fields of application<\/h3>\n<p data-start=\"19\" data-end=\"161\">They are perfectly suited to the requirements and applications of: Nuclear power plants and fuel cycle, Decommissioning activities, Military defense and civil security: Protection of first responders, Research laboratories and education, Particle gas pedals, Industrial activities and non-destructive testing, Medical environment (radiological platform).<\/p>\n<h3 data-start=\"16\" data-end=\"183\">Features<\/h3>\n<ul>\n<li data-start=\"16\" data-end=\"183\">Extensive customization of radiation monitoring<\/li>\n<li data-start=\"16\" data-end=\"183\">Easy visualization and analysis<\/li>\n<li data-start=\"16\" data-end=\"183\">Easy to use<\/li>\n<\/ul>","protected":false},"excerpt":{"rendered":"<p>Taikymo sritys Puikiai tinka \u0161iems poreikiams ir taikymams: branduolin\u0117s elektrin\u0117s ir kuro ciklas, i\u0161montavimo (eksploatacijos nutraukimo) darbai, karin\u0117 gynyba ir civilin\u0117 sauga \u2013 pirm\u0173j\u0173 reaguotoj\u0173 apsauga, moksliniai tyrim\u0173 laboratorijos ir \u0161vietimas, daleli\u0173 greitintuvai, pramonin\u0117 veikla ir neardomieji bandymai, medicinos aplinka (radiologin\u0117 platforma). Savyb\u0117s Platus radiacijos steb\u0117jimo pritaikymas Lengva vizualizacija ir analiz\u0117 Paprasta naudoti<\/p>","protected":false},"featured_media":8129,"comment_status":"open","ping_status":"closed","template":"","meta":{"_acf_changed":false,"inline_featured_image":false},"product_brand":[],"product_cat":[500],"product_tag":[],"class_list":{"0":"post-8128","1":"product","2":"type-product","3":"status-publish","4":"has-post-thumbnail","6":"product_cat-radiacijos-matuokliai","8":"first","9":"instock","10":"shipping-taxable","11":"purchasable","12":"product-type-simple"},"acf":[],"yoast_head":"<!-- This site is optimized with the Yoast SEO plugin v25.5 - https:\/\/yoast.com\/wordpress\/plugins\/seo\/ -->\n<title>Fuji Electric konfig\u016bravimo programin\u0117 \u012franga NRZ - Invertas<\/title>\n<meta name=\"description\" content=\"Branduolin\u0117s elektrin\u0117s ir kuro ciklas, i\u0161montavimo (eksploatacijos nutraukimo) darbai, karin\u0117 gynyba ir civilin\u0117 sauga \u2013 pirm\u0173j\u0173 reaguotoj\u0173 apsauga.\" \/>\n<meta name=\"robots\" content=\"index, follow, max-snippet:-1, max-image-preview:large, max-video-preview:-1\" \/>\n<link rel=\"canonical\" href=\"https:\/\/invertas.lt\/en\/produktai\/radiacijos-matuokliai\/konfiguravimo-programine-iranga-nrz\/\" \/>\n<meta property=\"og:locale\" content=\"en_GB\" \/>\n<meta property=\"og:type\" content=\"article\" \/>\n<meta property=\"og:title\" content=\"Fuji Electric konfig\u016bravimo programin\u0117 \u012franga NRZ - Invertas\" \/>\n<meta property=\"og:description\" content=\"Branduolin\u0117s elektrin\u0117s ir kuro ciklas, i\u0161montavimo (eksploatacijos nutraukimo) darbai, karin\u0117 gynyba ir civilin\u0117 sauga \u2013 pirm\u0173j\u0173 reaguotoj\u0173 apsauga.\" \/>\n<meta property=\"og:url\" content=\"https:\/\/invertas.lt\/en\/produktai\/radiacijos-matuokliai\/konfiguravimo-programine-iranga-nrz\/\" \/>\n<meta property=\"og:site_name\" content=\"Invertas\" \/>\n<meta property=\"article:modified_time\" content=\"2025-08-07T10:23:05+00:00\" \/>\n<meta property=\"og:image\" content=\"https:\/\/invertas.lt\/wp-content\/uploads\/2025\/07\/nrz-vue-calibration-generale-header-fr-en.webp\" \/>\n\t<meta property=\"og:image:width\" content=\"682\" \/>\n\t<meta property=\"og:image:height\" content=\"682\" \/>\n\t<meta property=\"og:image:type\" content=\"image\/webp\" \/>\n<meta name=\"twitter:card\" content=\"summary_large_image\" \/>\n<meta name=\"twitter:label1\" content=\"Estimated reading time\" \/>\n\t<meta name=\"twitter:data1\" content=\"1 minute\" \/>\n<script type=\"application\/ld+json\" class=\"yoast-schema-graph\">{\"@context\":\"https:\/\/schema.org\",\"@graph\":[{\"@type\":\"WebPage\",\"@id\":\"https:\/\/invertas.lt\/produktai\/radiacijos-matuokliai\/konfiguravimo-programine-iranga-nrz\/\",\"url\":\"https:\/\/invertas.lt\/produktai\/radiacijos-matuokliai\/konfiguravimo-programine-iranga-nrz\/\",\"name\":\"Fuji Electric konfig\u016bravimo programin\u0117 \u012franga NRZ - Invertas\",\"isPartOf\":{\"@id\":\"https:\/\/invertas.lt\/#website\"},\"primaryImageOfPage\":{\"@id\":\"https:\/\/invertas.lt\/produktai\/radiacijos-matuokliai\/konfiguravimo-programine-iranga-nrz\/#primaryimage\"},\"image\":{\"@id\":\"https:\/\/invertas.lt\/produktai\/radiacijos-matuokliai\/konfiguravimo-programine-iranga-nrz\/#primaryimage\"},\"thumbnailUrl\":\"https:\/\/invertas.lt\/wp-content\/uploads\/2025\/07\/nrz-vue-calibration-generale-header-fr-en.webp\",\"datePublished\":\"2025-07-08T18:54:43+00:00\",\"dateModified\":\"2025-08-07T10:23:05+00:00\",\"description\":\"Branduolin\u0117s elektrin\u0117s ir kuro ciklas, i\u0161montavimo (eksploatacijos nutraukimo) darbai, karin\u0117 gynyba ir civilin\u0117 sauga \u2013 pirm\u0173j\u0173 reaguotoj\u0173 apsauga.\",\"breadcrumb\":{\"@id\":\"https:\/\/invertas.lt\/produktai\/radiacijos-matuokliai\/konfiguravimo-programine-iranga-nrz\/#breadcrumb\"},\"inLanguage\":\"en-GB\",\"potentialAction\":[{\"@type\":\"ReadAction\",\"target\":[\"https:\/\/invertas.lt\/produktai\/radiacijos-matuokliai\/konfiguravimo-programine-iranga-nrz\/\"]}]},{\"@type\":\"ImageObject\",\"inLanguage\":\"en-GB\",\"@id\":\"https:\/\/invertas.lt\/produktai\/radiacijos-matuokliai\/konfiguravimo-programine-iranga-nrz\/#primaryimage\",\"url\":\"https:\/\/invertas.lt\/wp-content\/uploads\/2025\/07\/nrz-vue-calibration-generale-header-fr-en.webp\",\"contentUrl\":\"https:\/\/invertas.lt\/wp-content\/uploads\/2025\/07\/nrz-vue-calibration-generale-header-fr-en.webp\",\"width\":682,\"height\":682},{\"@type\":\"BreadcrumbList\",\"@id\":\"https:\/\/invertas.lt\/produktai\/radiacijos-matuokliai\/konfiguravimo-programine-iranga-nrz\/#breadcrumb\",\"itemListElement\":[{\"@type\":\"ListItem\",\"position\":1,\"name\":\"Prad\u017eia\",\"item\":\"https:\/\/invertas.lt\/\"},{\"@type\":\"ListItem\",\"position\":2,\"name\":\"Products\",\"item\":\"https:\/\/invertas.lt\/shop\/\"},{\"@type\":\"ListItem\",\"position\":3,\"name\":\"Radiacijos matuokliai\",\"item\":\"https:\/\/invertas.lt\/.\/radiacijos-matuokliai\/\"},{\"@type\":\"ListItem\",\"position\":4,\"name\":\"Fuji Electric konfig\u016bravimo programin\u0117 \u012franga NRZ\"}]},{\"@type\":\"WebSite\",\"@id\":\"https:\/\/invertas.lt\/#website\",\"url\":\"https:\/\/invertas.lt\/\",\"name\":\"Invertas\",\"description\":\"\",\"publisher\":{\"@id\":\"https:\/\/invertas.lt\/#organization\"},\"potentialAction\":[{\"@type\":\"SearchAction\",\"target\":{\"@type\":\"EntryPoint\",\"urlTemplate\":\"https:\/\/invertas.lt\/?s={search_term_string}\"},\"query-input\":{\"@type\":\"PropertyValueSpecification\",\"valueRequired\":true,\"valueName\":\"search_term_string\"}}],\"inLanguage\":\"en-GB\"},{\"@type\":\"Organization\",\"@id\":\"https:\/\/invertas.lt\/#organization\",\"name\":\"Invertas\",\"url\":\"https:\/\/invertas.lt\/\",\"logo\":{\"@type\":\"ImageObject\",\"inLanguage\":\"en-GB\",\"@id\":\"https:\/\/invertas.lt\/#\/schema\/logo\/image\/\",\"url\":\"https:\/\/invertas.lt\/wp-content\/uploads\/2025\/03\/New-Text-Document-2.svg\",\"contentUrl\":\"https:\/\/invertas.lt\/wp-content\/uploads\/2025\/03\/New-Text-Document-2.svg\",\"width\":140,\"height\":39,\"caption\":\"Invertas\"},\"image\":{\"@id\":\"https:\/\/invertas.lt\/#\/schema\/logo\/image\/\"}}]}<\/script>\n<!-- \/ Yoast SEO plugin. -->","yoast_head_json":{"title":"Fuji Electric konfig\u016bravimo programin\u0117 \u012franga NRZ - Invertas","description":"Branduolin\u0117s elektrin\u0117s ir kuro ciklas, i\u0161montavimo (eksploatacijos nutraukimo) darbai, karin\u0117 gynyba ir civilin\u0117 sauga \u2013 pirm\u0173j\u0173 reaguotoj\u0173 apsauga.","robots":{"index":"index","follow":"follow","max-snippet":"max-snippet:-1","max-image-preview":"max-image-preview:large","max-video-preview":"max-video-preview:-1"},"canonical":"https:\/\/invertas.lt\/en\/produktai\/radiacijos-matuokliai\/konfiguravimo-programine-iranga-nrz\/","og_locale":"en_GB","og_type":"article","og_title":"Fuji Electric konfig\u016bravimo programin\u0117 \u012franga NRZ - Invertas","og_description":"Branduolin\u0117s elektrin\u0117s ir kuro ciklas, i\u0161montavimo (eksploatacijos nutraukimo) darbai, karin\u0117 gynyba ir civilin\u0117 sauga \u2013 pirm\u0173j\u0173 reaguotoj\u0173 apsauga.","og_url":"https:\/\/invertas.lt\/en\/produktai\/radiacijos-matuokliai\/konfiguravimo-programine-iranga-nrz\/","og_site_name":"Invertas","article_modified_time":"2025-08-07T10:23:05+00:00","og_image":[{"width":682,"height":682,"url":"https:\/\/invertas.lt\/wp-content\/uploads\/2025\/07\/nrz-vue-calibration-generale-header-fr-en.webp","type":"image\/webp"}],"twitter_card":"summary_large_image","twitter_misc":{"Estimated reading time":"1 minute"},"schema":{"@context":"https:\/\/schema.org","@graph":[{"@type":"WebPage","@id":"https:\/\/invertas.lt\/produktai\/radiacijos-matuokliai\/konfiguravimo-programine-iranga-nrz\/","url":"https:\/\/invertas.lt\/produktai\/radiacijos-matuokliai\/konfiguravimo-programine-iranga-nrz\/","name":"Fuji Electric konfig\u016bravimo programin\u0117 \u012franga NRZ - Invertas","isPartOf":{"@id":"https:\/\/invertas.lt\/#website"},"primaryImageOfPage":{"@id":"https:\/\/invertas.lt\/produktai\/radiacijos-matuokliai\/konfiguravimo-programine-iranga-nrz\/#primaryimage"},"image":{"@id":"https:\/\/invertas.lt\/produktai\/radiacijos-matuokliai\/konfiguravimo-programine-iranga-nrz\/#primaryimage"},"thumbnailUrl":"https:\/\/invertas.lt\/wp-content\/uploads\/2025\/07\/nrz-vue-calibration-generale-header-fr-en.webp","datePublished":"2025-07-08T18:54:43+00:00","dateModified":"2025-08-07T10:23:05+00:00","description":"Branduolin\u0117s elektrin\u0117s ir kuro ciklas, i\u0161montavimo (eksploatacijos nutraukimo) darbai, karin\u0117 gynyba ir civilin\u0117 sauga \u2013 pirm\u0173j\u0173 reaguotoj\u0173 apsauga.","breadcrumb":{"@id":"https:\/\/invertas.lt\/produktai\/radiacijos-matuokliai\/konfiguravimo-programine-iranga-nrz\/#breadcrumb"},"inLanguage":"en-GB","potentialAction":[{"@type":"ReadAction","target":["https:\/\/invertas.lt\/produktai\/radiacijos-matuokliai\/konfiguravimo-programine-iranga-nrz\/"]}]},{"@type":"ImageObject","inLanguage":"en-GB","@id":"https:\/\/invertas.lt\/produktai\/radiacijos-matuokliai\/konfiguravimo-programine-iranga-nrz\/#primaryimage","url":"https:\/\/invertas.lt\/wp-content\/uploads\/2025\/07\/nrz-vue-calibration-generale-header-fr-en.webp","contentUrl":"https:\/\/invertas.lt\/wp-content\/uploads\/2025\/07\/nrz-vue-calibration-generale-header-fr-en.webp","width":682,"height":682},{"@type":"BreadcrumbList","@id":"https:\/\/invertas.lt\/produktai\/radiacijos-matuokliai\/konfiguravimo-programine-iranga-nrz\/#breadcrumb","itemListElement":[{"@type":"ListItem","position":1,"name":"Prad\u017eia","item":"https:\/\/invertas.lt\/"},{"@type":"ListItem","position":2,"name":"Products","item":"https:\/\/invertas.lt\/shop\/"},{"@type":"ListItem","position":3,"name":"Radiacijos matuokliai","item":"https:\/\/invertas.lt\/.\/radiacijos-matuokliai\/"},{"@type":"ListItem","position":4,"name":"Fuji Electric konfig\u016bravimo programin\u0117 \u012franga NRZ"}]},{"@type":"WebSite","@id":"https:\/\/invertas.lt\/#website","url":"https:\/\/invertas.lt\/","name":"Invert","description":"","publisher":{"@id":"https:\/\/invertas.lt\/#organization"},"potentialAction":[{"@type":"SearchAction","target":{"@type":"EntryPoint","urlTemplate":"https:\/\/invertas.lt\/?s={search_term_string}"},"query-input":{"@type":"PropertyValueSpecification","valueRequired":true,"valueName":"search_term_string"}}],"inLanguage":"en-GB"},{"@type":"Organization","@id":"https:\/\/invertas.lt\/#organization","name":"Invert","url":"https:\/\/invertas.lt\/","logo":{"@type":"ImageObject","inLanguage":"en-GB","@id":"https:\/\/invertas.lt\/#\/schema\/logo\/image\/","url":"https:\/\/invertas.lt\/wp-content\/uploads\/2025\/03\/New-Text-Document-2.svg","contentUrl":"https:\/\/invertas.lt\/wp-content\/uploads\/2025\/03\/New-Text-Document-2.svg","width":140,"height":39,"caption":"Invertas"},"image":{"@id":"https:\/\/invertas.lt\/#\/schema\/logo\/image\/"}}]}},"_links":{"self":[{"href":"https:\/\/invertas.lt\/en\/wp-json\/wp\/v2\/product\/8128","targetHints":{"allow":["GET"]}}],"collection":[{"href":"https:\/\/invertas.lt\/en\/wp-json\/wp\/v2\/product"}],"about":[{"href":"https:\/\/invertas.lt\/en\/wp-json\/wp\/v2\/types\/product"}],"replies":[{"embeddable":true,"href":"https:\/\/invertas.lt\/en\/wp-json\/wp\/v2\/comments?post=8128"}],"wp:featuredmedia":[{"embeddable":true,"href":"https:\/\/invertas.lt\/en\/wp-json\/wp\/v2\/media\/8129"}],"wp:attachment":[{"href":"https:\/\/invertas.lt\/en\/wp-json\/wp\/v2\/media?parent=8128"}],"wp:term":[{"taxonomy":"product_brand","embeddable":true,"href":"https:\/\/invertas.lt\/en\/wp-json\/wp\/v2\/product_brand?post=8128"},{"taxonomy":"product_cat","embeddable":true,"href":"https:\/\/invertas.lt\/en\/wp-json\/wp\/v2\/product_cat?post=8128"},{"taxonomy":"product_tag","embeddable":true,"href":"https:\/\/invertas.lt\/en\/wp-json\/wp\/v2\/product_tag?post=8128"}],"curies":[{"name":"wp","href":"https:\/\/api.w.org\/{rel}","templated":true}]}}