{"id":8102,"date":"2025-07-08T16:17:56","date_gmt":"2025-07-08T16:17:56","guid":{"rendered":"https:\/\/aurimasb15.sg-host.com\/?post_type=product&#038;p=8102"},"modified":"2025-08-07T10:21:18","modified_gmt":"2025-08-07T10:21:18","slug":"nrf51-elektroninis-asmeninis-dozimetras-rentgeno-gama-spinduliams-ir-neutronams","status":"publish","type":"product","link":"https:\/\/invertas.lt\/en\/produktai\/radiacijos-matuokliai\/nrf51-elektroninis-asmeninis-dozimetras-rentgeno-gama-spinduliams-ir-neutronams\/","title":{"rendered":"Fuji Electric NRF51 dosimeter \u2013 for X-rays, gamma rays and neutrons"},"content":{"rendered":"<p data-start=\"0\" data-end=\"14\"><strong>Fields of application<\/strong><\/p>\n<p data-start=\"0\" data-end=\"14\">Suitable for nuclear energy, decommissioning, military and civil safety, science, industry, non-destructive testing and medicine.<\/p>\n<p><strong>Features<\/strong><\/p>\n<ul>\n<li data-start=\"16\" data-end=\"183\">All-in-one dosimeter<\/li>\n<li data-start=\"16\" data-end=\"183\">Emergency call button<\/li>\n<li data-start=\"16\" data-end=\"183\">Large backlit LCD display<\/li>\n<li data-start=\"16\" data-end=\"183\">Integrated communication and telemetry functions<\/li>\n<\/ul>","protected":false},"excerpt":{"rendered":"<p>Taikymo sritys Tinka branduolinei energetikai, eksploatacijos nutraukimui, karinei ir civilinei saugai, mokslui, pramonei, neardomiesiems bandymams ir medicinai. Savyb\u0117s Visi funkcionalumai viename dozimetryje Avarinio i\u0161kvietimo mygtukas Didelis ap\u0161viestas LCD ekranas Integruotos ry\u0161io ir telemetrijos funkcijos<\/p>","protected":false},"featured_media":8103,"comment_status":"open","ping_status":"closed","template":"","meta":{"_acf_changed":false,"inline_featured_image":false},"product_brand":[],"product_cat":[500],"product_tag":[],"class_list":{"0":"post-8102","1":"product","2":"type-product","3":"status-publish","4":"has-post-thumbnail","6":"product_cat-radiacijos-matuokliai","8":"first","9":"instock","10":"shipping-taxable","11":"purchasable","12":"product-type-simple"},"acf":[],"yoast_head":"<!-- This site is optimized with the Yoast SEO plugin v25.5 - https:\/\/yoast.com\/wordpress\/plugins\/seo\/ -->\n<title>Fuji Electric NRF51 dozimetras \u2013 rentgeno, gama ir neutronams - Invertas<\/title>\n<meta name=\"description\" content=\"Su avariniu i\u0161kvietimu, dideliu ap\u0161viestu LCD ekranu ir integruota telemetrija. Skirtas branduolinei energetikai, saugai, mokslui, pramonei ir medicinai.\" \/>\n<meta name=\"robots\" content=\"index, follow, max-snippet:-1, max-image-preview:large, max-video-preview:-1\" \/>\n<link rel=\"canonical\" href=\"https:\/\/invertas.lt\/en\/produktai\/radiacijos-matuokliai\/nrf51-elektroninis-asmeninis-dozimetras-rentgeno-gama-spinduliams-ir-neutronams\/\" \/>\n<meta property=\"og:locale\" content=\"en_GB\" \/>\n<meta property=\"og:type\" content=\"article\" \/>\n<meta property=\"og:title\" content=\"Fuji Electric NRF51 dozimetras \u2013 rentgeno, gama ir neutronams - Invertas\" \/>\n<meta property=\"og:description\" content=\"Su avariniu i\u0161kvietimu, dideliu ap\u0161viestu LCD ekranu ir integruota telemetrija. Skirtas branduolinei energetikai, saugai, mokslui, pramonei ir medicinai.\" \/>\n<meta property=\"og:url\" content=\"https:\/\/invertas.lt\/en\/produktai\/radiacijos-matuokliai\/nrf51-elektroninis-asmeninis-dozimetras-rentgeno-gama-spinduliams-ir-neutronams\/\" \/>\n<meta property=\"og:site_name\" content=\"Invertas\" \/>\n<meta property=\"article:modified_time\" content=\"2025-08-07T10:21:18+00:00\" \/>\n<meta property=\"og:image\" content=\"https:\/\/invertas.lt\/wp-content\/uploads\/2025\/07\/nrf51-vue-face-generale-gauche-fr-en.webp\" \/>\n\t<meta property=\"og:image:width\" content=\"682\" \/>\n\t<meta property=\"og:image:height\" content=\"682\" \/>\n\t<meta property=\"og:image:type\" content=\"image\/webp\" \/>\n<meta name=\"twitter:card\" content=\"summary_large_image\" \/>\n<meta name=\"twitter:label1\" content=\"Estimated reading time\" \/>\n\t<meta name=\"twitter:data1\" content=\"1 minute\" \/>\n<script type=\"application\/ld+json\" class=\"yoast-schema-graph\">{\"@context\":\"https:\/\/schema.org\",\"@graph\":[{\"@type\":\"WebPage\",\"@id\":\"https:\/\/invertas.lt\/produktai\/radiacijos-matuokliai\/nrf51-elektroninis-asmeninis-dozimetras-rentgeno-gama-spinduliams-ir-neutronams\/\",\"url\":\"https:\/\/invertas.lt\/produktai\/radiacijos-matuokliai\/nrf51-elektroninis-asmeninis-dozimetras-rentgeno-gama-spinduliams-ir-neutronams\/\",\"name\":\"Fuji Electric NRF51 dozimetras \u2013 rentgeno, gama ir neutronams - Invertas\",\"isPartOf\":{\"@id\":\"https:\/\/invertas.lt\/#website\"},\"primaryImageOfPage\":{\"@id\":\"https:\/\/invertas.lt\/produktai\/radiacijos-matuokliai\/nrf51-elektroninis-asmeninis-dozimetras-rentgeno-gama-spinduliams-ir-neutronams\/#primaryimage\"},\"image\":{\"@id\":\"https:\/\/invertas.lt\/produktai\/radiacijos-matuokliai\/nrf51-elektroninis-asmeninis-dozimetras-rentgeno-gama-spinduliams-ir-neutronams\/#primaryimage\"},\"thumbnailUrl\":\"https:\/\/invertas.lt\/wp-content\/uploads\/2025\/07\/nrf51-vue-face-generale-gauche-fr-en.webp\",\"datePublished\":\"2025-07-08T16:17:56+00:00\",\"dateModified\":\"2025-08-07T10:21:18+00:00\",\"description\":\"Su avariniu i\u0161kvietimu, dideliu ap\u0161viestu LCD ekranu ir integruota telemetrija. Skirtas branduolinei energetikai, saugai, mokslui, pramonei ir medicinai.\",\"breadcrumb\":{\"@id\":\"https:\/\/invertas.lt\/produktai\/radiacijos-matuokliai\/nrf51-elektroninis-asmeninis-dozimetras-rentgeno-gama-spinduliams-ir-neutronams\/#breadcrumb\"},\"inLanguage\":\"en-GB\",\"potentialAction\":[{\"@type\":\"ReadAction\",\"target\":[\"https:\/\/invertas.lt\/produktai\/radiacijos-matuokliai\/nrf51-elektroninis-asmeninis-dozimetras-rentgeno-gama-spinduliams-ir-neutronams\/\"]}]},{\"@type\":\"ImageObject\",\"inLanguage\":\"en-GB\",\"@id\":\"https:\/\/invertas.lt\/produktai\/radiacijos-matuokliai\/nrf51-elektroninis-asmeninis-dozimetras-rentgeno-gama-spinduliams-ir-neutronams\/#primaryimage\",\"url\":\"https:\/\/invertas.lt\/wp-content\/uploads\/2025\/07\/nrf51-vue-face-generale-gauche-fr-en.webp\",\"contentUrl\":\"https:\/\/invertas.lt\/wp-content\/uploads\/2025\/07\/nrf51-vue-face-generale-gauche-fr-en.webp\",\"width\":682,\"height\":682},{\"@type\":\"BreadcrumbList\",\"@id\":\"https:\/\/invertas.lt\/produktai\/radiacijos-matuokliai\/nrf51-elektroninis-asmeninis-dozimetras-rentgeno-gama-spinduliams-ir-neutronams\/#breadcrumb\",\"itemListElement\":[{\"@type\":\"ListItem\",\"position\":1,\"name\":\"Prad\u017eia\",\"item\":\"https:\/\/invertas.lt\/\"},{\"@type\":\"ListItem\",\"position\":2,\"name\":\"Products\",\"item\":\"https:\/\/invertas.lt\/shop\/\"},{\"@type\":\"ListItem\",\"position\":3,\"name\":\"Radiacijos matuokliai\",\"item\":\"https:\/\/invertas.lt\/.\/radiacijos-matuokliai\/\"},{\"@type\":\"ListItem\",\"position\":4,\"name\":\"Fuji Electric NRF51 dozimetras \u2013 rentgeno, gama ir neutronams\"}]},{\"@type\":\"WebSite\",\"@id\":\"https:\/\/invertas.lt\/#website\",\"url\":\"https:\/\/invertas.lt\/\",\"name\":\"Invertas\",\"description\":\"\",\"publisher\":{\"@id\":\"https:\/\/invertas.lt\/#organization\"},\"potentialAction\":[{\"@type\":\"SearchAction\",\"target\":{\"@type\":\"EntryPoint\",\"urlTemplate\":\"https:\/\/invertas.lt\/?s={search_term_string}\"},\"query-input\":{\"@type\":\"PropertyValueSpecification\",\"valueRequired\":true,\"valueName\":\"search_term_string\"}}],\"inLanguage\":\"en-GB\"},{\"@type\":\"Organization\",\"@id\":\"https:\/\/invertas.lt\/#organization\",\"name\":\"Invertas\",\"url\":\"https:\/\/invertas.lt\/\",\"logo\":{\"@type\":\"ImageObject\",\"inLanguage\":\"en-GB\",\"@id\":\"https:\/\/invertas.lt\/#\/schema\/logo\/image\/\",\"url\":\"https:\/\/invertas.lt\/wp-content\/uploads\/2025\/03\/New-Text-Document-2.svg\",\"contentUrl\":\"https:\/\/invertas.lt\/wp-content\/uploads\/2025\/03\/New-Text-Document-2.svg\",\"width\":140,\"height\":39,\"caption\":\"Invertas\"},\"image\":{\"@id\":\"https:\/\/invertas.lt\/#\/schema\/logo\/image\/\"}}]}<\/script>\n<!-- \/ Yoast SEO plugin. -->","yoast_head_json":{"title":"Fuji Electric NRF51 dozimetras \u2013 rentgeno, gama ir neutronams - Invertas","description":"Su avariniu i\u0161kvietimu, dideliu ap\u0161viestu LCD ekranu ir integruota telemetrija. Skirtas branduolinei energetikai, saugai, mokslui, pramonei ir medicinai.","robots":{"index":"index","follow":"follow","max-snippet":"max-snippet:-1","max-image-preview":"max-image-preview:large","max-video-preview":"max-video-preview:-1"},"canonical":"https:\/\/invertas.lt\/en\/produktai\/radiacijos-matuokliai\/nrf51-elektroninis-asmeninis-dozimetras-rentgeno-gama-spinduliams-ir-neutronams\/","og_locale":"en_GB","og_type":"article","og_title":"Fuji Electric NRF51 dozimetras \u2013 rentgeno, gama ir neutronams - Invertas","og_description":"Su avariniu i\u0161kvietimu, dideliu ap\u0161viestu LCD ekranu ir integruota telemetrija. Skirtas branduolinei energetikai, saugai, mokslui, pramonei ir medicinai.","og_url":"https:\/\/invertas.lt\/en\/produktai\/radiacijos-matuokliai\/nrf51-elektroninis-asmeninis-dozimetras-rentgeno-gama-spinduliams-ir-neutronams\/","og_site_name":"Invertas","article_modified_time":"2025-08-07T10:21:18+00:00","og_image":[{"width":682,"height":682,"url":"https:\/\/invertas.lt\/wp-content\/uploads\/2025\/07\/nrf51-vue-face-generale-gauche-fr-en.webp","type":"image\/webp"}],"twitter_card":"summary_large_image","twitter_misc":{"Estimated reading time":"1 minute"},"schema":{"@context":"https:\/\/schema.org","@graph":[{"@type":"WebPage","@id":"https:\/\/invertas.lt\/produktai\/radiacijos-matuokliai\/nrf51-elektroninis-asmeninis-dozimetras-rentgeno-gama-spinduliams-ir-neutronams\/","url":"https:\/\/invertas.lt\/produktai\/radiacijos-matuokliai\/nrf51-elektroninis-asmeninis-dozimetras-rentgeno-gama-spinduliams-ir-neutronams\/","name":"Fuji Electric NRF51 dozimetras \u2013 rentgeno, gama ir neutronams - Invertas","isPartOf":{"@id":"https:\/\/invertas.lt\/#website"},"primaryImageOfPage":{"@id":"https:\/\/invertas.lt\/produktai\/radiacijos-matuokliai\/nrf51-elektroninis-asmeninis-dozimetras-rentgeno-gama-spinduliams-ir-neutronams\/#primaryimage"},"image":{"@id":"https:\/\/invertas.lt\/produktai\/radiacijos-matuokliai\/nrf51-elektroninis-asmeninis-dozimetras-rentgeno-gama-spinduliams-ir-neutronams\/#primaryimage"},"thumbnailUrl":"https:\/\/invertas.lt\/wp-content\/uploads\/2025\/07\/nrf51-vue-face-generale-gauche-fr-en.webp","datePublished":"2025-07-08T16:17:56+00:00","dateModified":"2025-08-07T10:21:18+00:00","description":"Su avariniu i\u0161kvietimu, dideliu ap\u0161viestu LCD ekranu ir integruota telemetrija. Skirtas branduolinei energetikai, saugai, mokslui, pramonei ir medicinai.","breadcrumb":{"@id":"https:\/\/invertas.lt\/produktai\/radiacijos-matuokliai\/nrf51-elektroninis-asmeninis-dozimetras-rentgeno-gama-spinduliams-ir-neutronams\/#breadcrumb"},"inLanguage":"en-GB","potentialAction":[{"@type":"ReadAction","target":["https:\/\/invertas.lt\/produktai\/radiacijos-matuokliai\/nrf51-elektroninis-asmeninis-dozimetras-rentgeno-gama-spinduliams-ir-neutronams\/"]}]},{"@type":"ImageObject","inLanguage":"en-GB","@id":"https:\/\/invertas.lt\/produktai\/radiacijos-matuokliai\/nrf51-elektroninis-asmeninis-dozimetras-rentgeno-gama-spinduliams-ir-neutronams\/#primaryimage","url":"https:\/\/invertas.lt\/wp-content\/uploads\/2025\/07\/nrf51-vue-face-generale-gauche-fr-en.webp","contentUrl":"https:\/\/invertas.lt\/wp-content\/uploads\/2025\/07\/nrf51-vue-face-generale-gauche-fr-en.webp","width":682,"height":682},{"@type":"BreadcrumbList","@id":"https:\/\/invertas.lt\/produktai\/radiacijos-matuokliai\/nrf51-elektroninis-asmeninis-dozimetras-rentgeno-gama-spinduliams-ir-neutronams\/#breadcrumb","itemListElement":[{"@type":"ListItem","position":1,"name":"Prad\u017eia","item":"https:\/\/invertas.lt\/"},{"@type":"ListItem","position":2,"name":"Products","item":"https:\/\/invertas.lt\/shop\/"},{"@type":"ListItem","position":3,"name":"Radiacijos matuokliai","item":"https:\/\/invertas.lt\/.\/radiacijos-matuokliai\/"},{"@type":"ListItem","position":4,"name":"Fuji Electric NRF51 dozimetras \u2013 rentgeno, gama ir neutronams"}]},{"@type":"WebSite","@id":"https:\/\/invertas.lt\/#website","url":"https:\/\/invertas.lt\/","name":"Invert","description":"","publisher":{"@id":"https:\/\/invertas.lt\/#organization"},"potentialAction":[{"@type":"SearchAction","target":{"@type":"EntryPoint","urlTemplate":"https:\/\/invertas.lt\/?s={search_term_string}"},"query-input":{"@type":"PropertyValueSpecification","valueRequired":true,"valueName":"search_term_string"}}],"inLanguage":"en-GB"},{"@type":"Organization","@id":"https:\/\/invertas.lt\/#organization","name":"Invert","url":"https:\/\/invertas.lt\/","logo":{"@type":"ImageObject","inLanguage":"en-GB","@id":"https:\/\/invertas.lt\/#\/schema\/logo\/image\/","url":"https:\/\/invertas.lt\/wp-content\/uploads\/2025\/03\/New-Text-Document-2.svg","contentUrl":"https:\/\/invertas.lt\/wp-content\/uploads\/2025\/03\/New-Text-Document-2.svg","width":140,"height":39,"caption":"Invertas"},"image":{"@id":"https:\/\/invertas.lt\/#\/schema\/logo\/image\/"}}]}},"_links":{"self":[{"href":"https:\/\/invertas.lt\/en\/wp-json\/wp\/v2\/product\/8102","targetHints":{"allow":["GET"]}}],"collection":[{"href":"https:\/\/invertas.lt\/en\/wp-json\/wp\/v2\/product"}],"about":[{"href":"https:\/\/invertas.lt\/en\/wp-json\/wp\/v2\/types\/product"}],"replies":[{"embeddable":true,"href":"https:\/\/invertas.lt\/en\/wp-json\/wp\/v2\/comments?post=8102"}],"wp:featuredmedia":[{"embeddable":true,"href":"https:\/\/invertas.lt\/en\/wp-json\/wp\/v2\/media\/8103"}],"wp:attachment":[{"href":"https:\/\/invertas.lt\/en\/wp-json\/wp\/v2\/media?parent=8102"}],"wp:term":[{"taxonomy":"product_brand","embeddable":true,"href":"https:\/\/invertas.lt\/en\/wp-json\/wp\/v2\/product_brand?post=8102"},{"taxonomy":"product_cat","embeddable":true,"href":"https:\/\/invertas.lt\/en\/wp-json\/wp\/v2\/product_cat?post=8102"},{"taxonomy":"product_tag","embeddable":true,"href":"https:\/\/invertas.lt\/en\/wp-json\/wp\/v2\/product_tag?post=8102"}],"curies":[{"name":"wp","href":"https:\/\/api.w.org\/{rel}","templated":true}]}}