{"id":8084,"date":"2025-07-08T15:12:45","date_gmt":"2025-07-08T15:12:45","guid":{"rendered":"https:\/\/aurimasb15.sg-host.com\/?post_type=product&#038;p=8084"},"modified":"2025-08-07T10:20:21","modified_gmt":"2025-08-07T10:20:21","slug":"nrf50-elektroninis-asmeninis-dozimetras-rentgeno-ir-gama-spinduliams","status":"publish","type":"product","link":"https:\/\/invertas.lt\/en\/produktai\/radiacijos-matuokliai\/nrf50-elektroninis-asmeninis-dozimetras-rentgeno-ir-gama-spinduliams\/","title":{"rendered":"Fuji Electric NRF50 dosimeter \u2013 for X-rays and gamma rays"},"content":{"rendered":"<p data-start=\"0\" data-end=\"168\"><strong data-start=\"0\" data-end=\"18\">Fields of application<\/strong><\/p>\n<p data-start=\"0\" data-end=\"168\">Designed for nuclear power plants, fuel cycle, military and civil safety, scientific research, industry, medicine and non-destructive testing.<\/p>\n<p data-start=\"170\" data-end=\"183\"><strong data-start=\"170\" data-end=\"181\">Features<\/strong><\/p>\n<ul data-start=\"184\" data-end=\"337\" data-is-last-node=\"\" data-is-only-node=\"\">\n<li data-start=\"184\" data-end=\"223\">\n<p data-start=\"186\" data-end=\"223\">All functions in one dosimeter<\/p>\n<\/li>\n<li data-start=\"224\" data-end=\"256\">\n<p data-start=\"226\" data-end=\"256\">Emergency call button<\/p>\n<\/li>\n<li data-start=\"257\" data-end=\"291\">\n<p data-start=\"259\" data-end=\"291\">Large backlit LCD display<\/p>\n<\/li>\n<li data-start=\"292\" data-end=\"337\" data-is-last-node=\"\">\n<p data-start=\"294\" data-end=\"337\" data-is-last-node=\"\">Integrated communication and telemetry capabilities<\/p>\n<\/li>\n<\/ul>","protected":false},"excerpt":{"rendered":"<p>Taikymo sritys Skirtas branduolin\u0117ms elektrin\u0117ms, kuro ciklui, karinei ir civilinei saugai, moksliniams tyrimams, pramonei, medicinai ir neardomiesiems bandymams. Savyb\u0117s Visos funkcijos viename dozimetryje Avarinio i\u0161kvietimo mygtukas Didelis ap\u0161viestas LCD ekranas Integruotos ry\u0161io ir telemetrijos galimyb\u0117s<\/p>","protected":false},"featured_media":8089,"comment_status":"open","ping_status":"closed","template":"","meta":{"_acf_changed":false,"inline_featured_image":false},"product_brand":[],"product_cat":[500],"product_tag":[],"class_list":{"0":"post-8084","1":"product","2":"type-product","3":"status-publish","4":"has-post-thumbnail","6":"product_cat-radiacijos-matuokliai","8":"first","9":"instock","10":"shipping-taxable","11":"purchasable","12":"product-type-simple"},"acf":[],"yoast_head":"<!-- This site is optimized with the Yoast SEO plugin v25.5 - https:\/\/yoast.com\/wordpress\/plugins\/seo\/ -->\n<title>Fuji Electric NRF50 dozimetras \u2013 rentgeno ir gama spinduliams - Invertas<\/title>\n<meta name=\"description\" content=\"Su avariniu i\u0161kvietimu, dideliu LCD ekranu ir integruota telemetrija. Skirtas branduolinei energetikai, civilinei saugai, mokslui, pramonei ir medicinai.\" \/>\n<meta name=\"robots\" content=\"index, follow, max-snippet:-1, max-image-preview:large, max-video-preview:-1\" \/>\n<link rel=\"canonical\" href=\"https:\/\/invertas.lt\/en\/produktai\/radiacijos-matuokliai\/nrf50-elektroninis-asmeninis-dozimetras-rentgeno-ir-gama-spinduliams\/\" \/>\n<meta property=\"og:locale\" content=\"en_GB\" \/>\n<meta property=\"og:type\" content=\"article\" \/>\n<meta property=\"og:title\" content=\"Fuji Electric NRF50 dozimetras \u2013 rentgeno ir gama spinduliams - Invertas\" \/>\n<meta property=\"og:description\" content=\"Su avariniu i\u0161kvietimu, dideliu LCD ekranu ir integruota telemetrija. Skirtas branduolinei energetikai, civilinei saugai, mokslui, pramonei ir medicinai.\" \/>\n<meta property=\"og:url\" content=\"https:\/\/invertas.lt\/en\/produktai\/radiacijos-matuokliai\/nrf50-elektroninis-asmeninis-dozimetras-rentgeno-ir-gama-spinduliams\/\" \/>\n<meta property=\"og:site_name\" content=\"Invertas\" \/>\n<meta property=\"article:modified_time\" content=\"2025-08-07T10:20:21+00:00\" \/>\n<meta property=\"og:image\" content=\"https:\/\/invertas.lt\/wp-content\/uploads\/2025\/07\/nrf50-vue-face-generale-droite-fr-en.webp\" \/>\n\t<meta property=\"og:image:width\" content=\"682\" \/>\n\t<meta property=\"og:image:height\" content=\"682\" \/>\n\t<meta property=\"og:image:type\" content=\"image\/webp\" \/>\n<meta name=\"twitter:card\" content=\"summary_large_image\" \/>\n<meta name=\"twitter:label1\" content=\"Estimated reading time\" \/>\n\t<meta name=\"twitter:data1\" content=\"1 minute\" \/>\n<script type=\"application\/ld+json\" class=\"yoast-schema-graph\">{\"@context\":\"https:\/\/schema.org\",\"@graph\":[{\"@type\":\"WebPage\",\"@id\":\"https:\/\/invertas.lt\/produktai\/radiacijos-matuokliai\/nrf50-elektroninis-asmeninis-dozimetras-rentgeno-ir-gama-spinduliams\/\",\"url\":\"https:\/\/invertas.lt\/produktai\/radiacijos-matuokliai\/nrf50-elektroninis-asmeninis-dozimetras-rentgeno-ir-gama-spinduliams\/\",\"name\":\"Fuji Electric NRF50 dozimetras \u2013 rentgeno ir gama spinduliams - Invertas\",\"isPartOf\":{\"@id\":\"https:\/\/invertas.lt\/#website\"},\"primaryImageOfPage\":{\"@id\":\"https:\/\/invertas.lt\/produktai\/radiacijos-matuokliai\/nrf50-elektroninis-asmeninis-dozimetras-rentgeno-ir-gama-spinduliams\/#primaryimage\"},\"image\":{\"@id\":\"https:\/\/invertas.lt\/produktai\/radiacijos-matuokliai\/nrf50-elektroninis-asmeninis-dozimetras-rentgeno-ir-gama-spinduliams\/#primaryimage\"},\"thumbnailUrl\":\"https:\/\/invertas.lt\/wp-content\/uploads\/2025\/07\/nrf50-vue-face-generale-droite-fr-en.webp\",\"datePublished\":\"2025-07-08T15:12:45+00:00\",\"dateModified\":\"2025-08-07T10:20:21+00:00\",\"description\":\"Su avariniu i\u0161kvietimu, dideliu LCD ekranu ir integruota telemetrija. Skirtas branduolinei energetikai, civilinei saugai, mokslui, pramonei ir medicinai.\",\"breadcrumb\":{\"@id\":\"https:\/\/invertas.lt\/produktai\/radiacijos-matuokliai\/nrf50-elektroninis-asmeninis-dozimetras-rentgeno-ir-gama-spinduliams\/#breadcrumb\"},\"inLanguage\":\"en-GB\",\"potentialAction\":[{\"@type\":\"ReadAction\",\"target\":[\"https:\/\/invertas.lt\/produktai\/radiacijos-matuokliai\/nrf50-elektroninis-asmeninis-dozimetras-rentgeno-ir-gama-spinduliams\/\"]}]},{\"@type\":\"ImageObject\",\"inLanguage\":\"en-GB\",\"@id\":\"https:\/\/invertas.lt\/produktai\/radiacijos-matuokliai\/nrf50-elektroninis-asmeninis-dozimetras-rentgeno-ir-gama-spinduliams\/#primaryimage\",\"url\":\"https:\/\/invertas.lt\/wp-content\/uploads\/2025\/07\/nrf50-vue-face-generale-droite-fr-en.webp\",\"contentUrl\":\"https:\/\/invertas.lt\/wp-content\/uploads\/2025\/07\/nrf50-vue-face-generale-droite-fr-en.webp\",\"width\":682,\"height\":682},{\"@type\":\"BreadcrumbList\",\"@id\":\"https:\/\/invertas.lt\/produktai\/radiacijos-matuokliai\/nrf50-elektroninis-asmeninis-dozimetras-rentgeno-ir-gama-spinduliams\/#breadcrumb\",\"itemListElement\":[{\"@type\":\"ListItem\",\"position\":1,\"name\":\"Prad\u017eia\",\"item\":\"https:\/\/invertas.lt\/\"},{\"@type\":\"ListItem\",\"position\":2,\"name\":\"Products\",\"item\":\"https:\/\/invertas.lt\/shop\/\"},{\"@type\":\"ListItem\",\"position\":3,\"name\":\"Radiacijos matuokliai\",\"item\":\"https:\/\/invertas.lt\/.\/radiacijos-matuokliai\/\"},{\"@type\":\"ListItem\",\"position\":4,\"name\":\"Fuji Electric NRF50 dozimetras \u2013 rentgeno ir gama spinduliams\"}]},{\"@type\":\"WebSite\",\"@id\":\"https:\/\/invertas.lt\/#website\",\"url\":\"https:\/\/invertas.lt\/\",\"name\":\"Invertas\",\"description\":\"\",\"publisher\":{\"@id\":\"https:\/\/invertas.lt\/#organization\"},\"potentialAction\":[{\"@type\":\"SearchAction\",\"target\":{\"@type\":\"EntryPoint\",\"urlTemplate\":\"https:\/\/invertas.lt\/?s={search_term_string}\"},\"query-input\":{\"@type\":\"PropertyValueSpecification\",\"valueRequired\":true,\"valueName\":\"search_term_string\"}}],\"inLanguage\":\"en-GB\"},{\"@type\":\"Organization\",\"@id\":\"https:\/\/invertas.lt\/#organization\",\"name\":\"Invertas\",\"url\":\"https:\/\/invertas.lt\/\",\"logo\":{\"@type\":\"ImageObject\",\"inLanguage\":\"en-GB\",\"@id\":\"https:\/\/invertas.lt\/#\/schema\/logo\/image\/\",\"url\":\"https:\/\/invertas.lt\/wp-content\/uploads\/2025\/03\/New-Text-Document-2.svg\",\"contentUrl\":\"https:\/\/invertas.lt\/wp-content\/uploads\/2025\/03\/New-Text-Document-2.svg\",\"width\":140,\"height\":39,\"caption\":\"Invertas\"},\"image\":{\"@id\":\"https:\/\/invertas.lt\/#\/schema\/logo\/image\/\"}}]}<\/script>\n<!-- \/ Yoast SEO plugin. -->","yoast_head_json":{"title":"Fuji Electric NRF50 dozimetras \u2013 rentgeno ir gama spinduliams - Invertas","description":"Su avariniu i\u0161kvietimu, dideliu LCD ekranu ir integruota telemetrija. Skirtas branduolinei energetikai, civilinei saugai, mokslui, pramonei ir medicinai.","robots":{"index":"index","follow":"follow","max-snippet":"max-snippet:-1","max-image-preview":"max-image-preview:large","max-video-preview":"max-video-preview:-1"},"canonical":"https:\/\/invertas.lt\/en\/produktai\/radiacijos-matuokliai\/nrf50-elektroninis-asmeninis-dozimetras-rentgeno-ir-gama-spinduliams\/","og_locale":"en_GB","og_type":"article","og_title":"Fuji Electric NRF50 dozimetras \u2013 rentgeno ir gama spinduliams - Invertas","og_description":"Su avariniu i\u0161kvietimu, dideliu LCD ekranu ir integruota telemetrija. Skirtas branduolinei energetikai, civilinei saugai, mokslui, pramonei ir medicinai.","og_url":"https:\/\/invertas.lt\/en\/produktai\/radiacijos-matuokliai\/nrf50-elektroninis-asmeninis-dozimetras-rentgeno-ir-gama-spinduliams\/","og_site_name":"Invertas","article_modified_time":"2025-08-07T10:20:21+00:00","og_image":[{"width":682,"height":682,"url":"https:\/\/invertas.lt\/wp-content\/uploads\/2025\/07\/nrf50-vue-face-generale-droite-fr-en.webp","type":"image\/webp"}],"twitter_card":"summary_large_image","twitter_misc":{"Estimated reading time":"1 minute"},"schema":{"@context":"https:\/\/schema.org","@graph":[{"@type":"WebPage","@id":"https:\/\/invertas.lt\/produktai\/radiacijos-matuokliai\/nrf50-elektroninis-asmeninis-dozimetras-rentgeno-ir-gama-spinduliams\/","url":"https:\/\/invertas.lt\/produktai\/radiacijos-matuokliai\/nrf50-elektroninis-asmeninis-dozimetras-rentgeno-ir-gama-spinduliams\/","name":"Fuji Electric NRF50 dozimetras \u2013 rentgeno ir gama spinduliams - Invertas","isPartOf":{"@id":"https:\/\/invertas.lt\/#website"},"primaryImageOfPage":{"@id":"https:\/\/invertas.lt\/produktai\/radiacijos-matuokliai\/nrf50-elektroninis-asmeninis-dozimetras-rentgeno-ir-gama-spinduliams\/#primaryimage"},"image":{"@id":"https:\/\/invertas.lt\/produktai\/radiacijos-matuokliai\/nrf50-elektroninis-asmeninis-dozimetras-rentgeno-ir-gama-spinduliams\/#primaryimage"},"thumbnailUrl":"https:\/\/invertas.lt\/wp-content\/uploads\/2025\/07\/nrf50-vue-face-generale-droite-fr-en.webp","datePublished":"2025-07-08T15:12:45+00:00","dateModified":"2025-08-07T10:20:21+00:00","description":"Su avariniu i\u0161kvietimu, dideliu LCD ekranu ir integruota telemetrija. Skirtas branduolinei energetikai, civilinei saugai, mokslui, pramonei ir medicinai.","breadcrumb":{"@id":"https:\/\/invertas.lt\/produktai\/radiacijos-matuokliai\/nrf50-elektroninis-asmeninis-dozimetras-rentgeno-ir-gama-spinduliams\/#breadcrumb"},"inLanguage":"en-GB","potentialAction":[{"@type":"ReadAction","target":["https:\/\/invertas.lt\/produktai\/radiacijos-matuokliai\/nrf50-elektroninis-asmeninis-dozimetras-rentgeno-ir-gama-spinduliams\/"]}]},{"@type":"ImageObject","inLanguage":"en-GB","@id":"https:\/\/invertas.lt\/produktai\/radiacijos-matuokliai\/nrf50-elektroninis-asmeninis-dozimetras-rentgeno-ir-gama-spinduliams\/#primaryimage","url":"https:\/\/invertas.lt\/wp-content\/uploads\/2025\/07\/nrf50-vue-face-generale-droite-fr-en.webp","contentUrl":"https:\/\/invertas.lt\/wp-content\/uploads\/2025\/07\/nrf50-vue-face-generale-droite-fr-en.webp","width":682,"height":682},{"@type":"BreadcrumbList","@id":"https:\/\/invertas.lt\/produktai\/radiacijos-matuokliai\/nrf50-elektroninis-asmeninis-dozimetras-rentgeno-ir-gama-spinduliams\/#breadcrumb","itemListElement":[{"@type":"ListItem","position":1,"name":"Prad\u017eia","item":"https:\/\/invertas.lt\/"},{"@type":"ListItem","position":2,"name":"Products","item":"https:\/\/invertas.lt\/shop\/"},{"@type":"ListItem","position":3,"name":"Radiacijos matuokliai","item":"https:\/\/invertas.lt\/.\/radiacijos-matuokliai\/"},{"@type":"ListItem","position":4,"name":"Fuji Electric NRF50 dozimetras \u2013 rentgeno ir gama spinduliams"}]},{"@type":"WebSite","@id":"https:\/\/invertas.lt\/#website","url":"https:\/\/invertas.lt\/","name":"Invert","description":"","publisher":{"@id":"https:\/\/invertas.lt\/#organization"},"potentialAction":[{"@type":"SearchAction","target":{"@type":"EntryPoint","urlTemplate":"https:\/\/invertas.lt\/?s={search_term_string}"},"query-input":{"@type":"PropertyValueSpecification","valueRequired":true,"valueName":"search_term_string"}}],"inLanguage":"en-GB"},{"@type":"Organization","@id":"https:\/\/invertas.lt\/#organization","name":"Invert","url":"https:\/\/invertas.lt\/","logo":{"@type":"ImageObject","inLanguage":"en-GB","@id":"https:\/\/invertas.lt\/#\/schema\/logo\/image\/","url":"https:\/\/invertas.lt\/wp-content\/uploads\/2025\/03\/New-Text-Document-2.svg","contentUrl":"https:\/\/invertas.lt\/wp-content\/uploads\/2025\/03\/New-Text-Document-2.svg","width":140,"height":39,"caption":"Invertas"},"image":{"@id":"https:\/\/invertas.lt\/#\/schema\/logo\/image\/"}}]}},"_links":{"self":[{"href":"https:\/\/invertas.lt\/en\/wp-json\/wp\/v2\/product\/8084","targetHints":{"allow":["GET"]}}],"collection":[{"href":"https:\/\/invertas.lt\/en\/wp-json\/wp\/v2\/product"}],"about":[{"href":"https:\/\/invertas.lt\/en\/wp-json\/wp\/v2\/types\/product"}],"replies":[{"embeddable":true,"href":"https:\/\/invertas.lt\/en\/wp-json\/wp\/v2\/comments?post=8084"}],"wp:featuredmedia":[{"embeddable":true,"href":"https:\/\/invertas.lt\/en\/wp-json\/wp\/v2\/media\/8089"}],"wp:attachment":[{"href":"https:\/\/invertas.lt\/en\/wp-json\/wp\/v2\/media?parent=8084"}],"wp:term":[{"taxonomy":"product_brand","embeddable":true,"href":"https:\/\/invertas.lt\/en\/wp-json\/wp\/v2\/product_brand?post=8084"},{"taxonomy":"product_cat","embeddable":true,"href":"https:\/\/invertas.lt\/en\/wp-json\/wp\/v2\/product_cat?post=8084"},{"taxonomy":"product_tag","embeddable":true,"href":"https:\/\/invertas.lt\/en\/wp-json\/wp\/v2\/product_tag?post=8084"}],"curies":[{"name":"wp","href":"https:\/\/api.w.org\/{rel}","templated":true}]}}