{"id":8072,"date":"2025-07-08T12:34:09","date_gmt":"2025-07-08T12:34:09","guid":{"rendered":"https:\/\/aurimasb15.sg-host.com\/?post_type=product&#038;p=8072"},"modified":"2025-08-07T10:19:30","modified_gmt":"2025-08-07T10:19:30","slug":"nesiojamas-neutronu-matuoklis-nsn3","status":"publish","type":"product","link":"https:\/\/invertas.lt\/en\/produktai\/radiacijos-matuokliai\/nesiojamas-neutronu-matuoklis-nsn3\/","title":{"rendered":"Fuji Electric portable neutron meter \u2013 NSN3"},"content":{"rendered":"<h3 data-start=\"0\" data-end=\"14\">Fields of application<\/h3>\n<p data-start=\"19\" data-end=\"161\">It is designed to protect workers in nuclear facilities and throughout the fuel cycle, research centers, particle accelerators and civil protection first responders.\nresearch centers, particle gas pedals and civil protection first-responder teams.<\/p>\n<h3 data-start=\"16\" data-end=\"183\">Features<\/h3>\n<ul>\n<li data-start=\"16\" data-end=\"183\">Lightweight and ultra-handy<\/li>\n<li data-start=\"16\" data-end=\"183\">Without \u00b3He or BF3<\/li>\n<li data-start=\"16\" data-end=\"183\">Excellent Gamma rejection<\/li>\n<li data-start=\"16\" data-end=\"183\">Extended measuring range<\/li>\n<\/ul>","protected":false},"excerpt":{"rendered":"<p>Taikymo sritys Sukurtas darbuotoj\u0173 apsaugai branduoliniuose objektuose ir viso kuro ciklo metu, tyrim\u0173 centruose, daleli\u0173 greitintuvuose ir civilin\u0117s saugos pirmosios pagalbos komandoms. Savyb\u0117s Lengvas ir itin patogus Be \u00b3He arba BF\u2083 Puiki gama spinduliuot\u0117s atmetimo savyb\u0117 I\u0161pl\u0117stas matavimo diapazonas<\/p>","protected":false},"featured_media":8073,"comment_status":"open","ping_status":"closed","template":"","meta":{"_acf_changed":false,"inline_featured_image":false},"product_brand":[],"product_cat":[500],"product_tag":[],"class_list":{"0":"post-8072","1":"product","2":"type-product","3":"status-publish","4":"has-post-thumbnail","6":"product_cat-radiacijos-matuokliai","8":"first","9":"instock","10":"shipping-taxable","11":"purchasable","12":"product-type-simple"},"acf":[],"yoast_head":"<!-- This site is optimized with the Yoast SEO plugin v25.5 - https:\/\/yoast.com\/wordpress\/plugins\/seo\/ -->\n<title>Fuji Electric ne\u0161iojamas neutron\u0173 matuoklis \u2013 NSN3 - Invertas<\/title>\n<meta name=\"description\" content=\"Lengvas radiacijos detektorius darbuotoj\u0173 apsaugai branduoliniuose objektuose, be \u00b3He\/BF\u2083, su gera gama spinduliuot\u0117s atmetimo savybe.\" \/>\n<meta name=\"robots\" content=\"index, follow, max-snippet:-1, max-image-preview:large, max-video-preview:-1\" \/>\n<link rel=\"canonical\" href=\"https:\/\/invertas.lt\/en\/produktai\/radiacijos-matuokliai\/nesiojamas-neutronu-matuoklis-nsn3\/\" \/>\n<meta property=\"og:locale\" content=\"en_GB\" \/>\n<meta property=\"og:type\" content=\"article\" \/>\n<meta property=\"og:title\" content=\"Fuji Electric ne\u0161iojamas neutron\u0173 matuoklis \u2013 NSN3 - Invertas\" \/>\n<meta property=\"og:description\" content=\"Lengvas radiacijos detektorius darbuotoj\u0173 apsaugai branduoliniuose objektuose, be \u00b3He\/BF\u2083, su gera gama spinduliuot\u0117s atmetimo savybe.\" \/>\n<meta property=\"og:url\" content=\"https:\/\/invertas.lt\/en\/produktai\/radiacijos-matuokliai\/nesiojamas-neutronu-matuoklis-nsn3\/\" \/>\n<meta property=\"og:site_name\" content=\"Invertas\" \/>\n<meta property=\"article:modified_time\" content=\"2025-08-07T10:19:30+00:00\" \/>\n<meta property=\"og:image\" content=\"https:\/\/invertas.lt\/wp-content\/uploads\/2025\/07\/nsn3-vue-profil-gauche-header-fr-en.webp\" \/>\n\t<meta property=\"og:image:width\" content=\"682\" \/>\n\t<meta property=\"og:image:height\" content=\"682\" \/>\n\t<meta property=\"og:image:type\" content=\"image\/webp\" \/>\n<meta name=\"twitter:card\" content=\"summary_large_image\" \/>\n<meta name=\"twitter:label1\" content=\"Estimated reading time\" \/>\n\t<meta name=\"twitter:data1\" content=\"1 minute\" \/>\n<script type=\"application\/ld+json\" class=\"yoast-schema-graph\">{\"@context\":\"https:\/\/schema.org\",\"@graph\":[{\"@type\":\"WebPage\",\"@id\":\"https:\/\/invertas.lt\/produktai\/radiacijos-matuokliai\/nesiojamas-neutronu-matuoklis-nsn3\/\",\"url\":\"https:\/\/invertas.lt\/produktai\/radiacijos-matuokliai\/nesiojamas-neutronu-matuoklis-nsn3\/\",\"name\":\"Fuji Electric ne\u0161iojamas neutron\u0173 matuoklis \u2013 NSN3 - Invertas\",\"isPartOf\":{\"@id\":\"https:\/\/invertas.lt\/#website\"},\"primaryImageOfPage\":{\"@id\":\"https:\/\/invertas.lt\/produktai\/radiacijos-matuokliai\/nesiojamas-neutronu-matuoklis-nsn3\/#primaryimage\"},\"image\":{\"@id\":\"https:\/\/invertas.lt\/produktai\/radiacijos-matuokliai\/nesiojamas-neutronu-matuoklis-nsn3\/#primaryimage\"},\"thumbnailUrl\":\"https:\/\/invertas.lt\/wp-content\/uploads\/2025\/07\/nsn3-vue-profil-gauche-header-fr-en.webp\",\"datePublished\":\"2025-07-08T12:34:09+00:00\",\"dateModified\":\"2025-08-07T10:19:30+00:00\",\"description\":\"Lengvas radiacijos detektorius darbuotoj\u0173 apsaugai branduoliniuose objektuose, be \u00b3He\/BF\u2083, su gera gama spinduliuot\u0117s atmetimo savybe.\",\"breadcrumb\":{\"@id\":\"https:\/\/invertas.lt\/produktai\/radiacijos-matuokliai\/nesiojamas-neutronu-matuoklis-nsn3\/#breadcrumb\"},\"inLanguage\":\"en-GB\",\"potentialAction\":[{\"@type\":\"ReadAction\",\"target\":[\"https:\/\/invertas.lt\/produktai\/radiacijos-matuokliai\/nesiojamas-neutronu-matuoklis-nsn3\/\"]}]},{\"@type\":\"ImageObject\",\"inLanguage\":\"en-GB\",\"@id\":\"https:\/\/invertas.lt\/produktai\/radiacijos-matuokliai\/nesiojamas-neutronu-matuoklis-nsn3\/#primaryimage\",\"url\":\"https:\/\/invertas.lt\/wp-content\/uploads\/2025\/07\/nsn3-vue-profil-gauche-header-fr-en.webp\",\"contentUrl\":\"https:\/\/invertas.lt\/wp-content\/uploads\/2025\/07\/nsn3-vue-profil-gauche-header-fr-en.webp\",\"width\":682,\"height\":682},{\"@type\":\"BreadcrumbList\",\"@id\":\"https:\/\/invertas.lt\/produktai\/radiacijos-matuokliai\/nesiojamas-neutronu-matuoklis-nsn3\/#breadcrumb\",\"itemListElement\":[{\"@type\":\"ListItem\",\"position\":1,\"name\":\"Prad\u017eia\",\"item\":\"https:\/\/invertas.lt\/\"},{\"@type\":\"ListItem\",\"position\":2,\"name\":\"Products\",\"item\":\"https:\/\/invertas.lt\/shop\/\"},{\"@type\":\"ListItem\",\"position\":3,\"name\":\"Radiacijos matuokliai\",\"item\":\"https:\/\/invertas.lt\/.\/radiacijos-matuokliai\/\"},{\"@type\":\"ListItem\",\"position\":4,\"name\":\"Fuji Electric ne\u0161iojamas neutron\u0173 matuoklis \u2013 NSN3\"}]},{\"@type\":\"WebSite\",\"@id\":\"https:\/\/invertas.lt\/#website\",\"url\":\"https:\/\/invertas.lt\/\",\"name\":\"Invertas\",\"description\":\"\",\"publisher\":{\"@id\":\"https:\/\/invertas.lt\/#organization\"},\"potentialAction\":[{\"@type\":\"SearchAction\",\"target\":{\"@type\":\"EntryPoint\",\"urlTemplate\":\"https:\/\/invertas.lt\/?s={search_term_string}\"},\"query-input\":{\"@type\":\"PropertyValueSpecification\",\"valueRequired\":true,\"valueName\":\"search_term_string\"}}],\"inLanguage\":\"en-GB\"},{\"@type\":\"Organization\",\"@id\":\"https:\/\/invertas.lt\/#organization\",\"name\":\"Invertas\",\"url\":\"https:\/\/invertas.lt\/\",\"logo\":{\"@type\":\"ImageObject\",\"inLanguage\":\"en-GB\",\"@id\":\"https:\/\/invertas.lt\/#\/schema\/logo\/image\/\",\"url\":\"https:\/\/invertas.lt\/wp-content\/uploads\/2025\/03\/New-Text-Document-2.svg\",\"contentUrl\":\"https:\/\/invertas.lt\/wp-content\/uploads\/2025\/03\/New-Text-Document-2.svg\",\"width\":140,\"height\":39,\"caption\":\"Invertas\"},\"image\":{\"@id\":\"https:\/\/invertas.lt\/#\/schema\/logo\/image\/\"}}]}<\/script>\n<!-- \/ Yoast SEO plugin. -->","yoast_head_json":{"title":"Fuji Electric ne\u0161iojamas neutron\u0173 matuoklis \u2013 NSN3 - Invertas","description":"Lengvas radiacijos detektorius darbuotoj\u0173 apsaugai branduoliniuose objektuose, be \u00b3He\/BF\u2083, su gera gama spinduliuot\u0117s atmetimo savybe.","robots":{"index":"index","follow":"follow","max-snippet":"max-snippet:-1","max-image-preview":"max-image-preview:large","max-video-preview":"max-video-preview:-1"},"canonical":"https:\/\/invertas.lt\/en\/produktai\/radiacijos-matuokliai\/nesiojamas-neutronu-matuoklis-nsn3\/","og_locale":"en_GB","og_type":"article","og_title":"Fuji Electric ne\u0161iojamas neutron\u0173 matuoklis \u2013 NSN3 - Invertas","og_description":"Lengvas radiacijos detektorius darbuotoj\u0173 apsaugai branduoliniuose objektuose, be \u00b3He\/BF\u2083, su gera gama spinduliuot\u0117s atmetimo savybe.","og_url":"https:\/\/invertas.lt\/en\/produktai\/radiacijos-matuokliai\/nesiojamas-neutronu-matuoklis-nsn3\/","og_site_name":"Invertas","article_modified_time":"2025-08-07T10:19:30+00:00","og_image":[{"width":682,"height":682,"url":"https:\/\/invertas.lt\/wp-content\/uploads\/2025\/07\/nsn3-vue-profil-gauche-header-fr-en.webp","type":"image\/webp"}],"twitter_card":"summary_large_image","twitter_misc":{"Estimated reading time":"1 minute"},"schema":{"@context":"https:\/\/schema.org","@graph":[{"@type":"WebPage","@id":"https:\/\/invertas.lt\/produktai\/radiacijos-matuokliai\/nesiojamas-neutronu-matuoklis-nsn3\/","url":"https:\/\/invertas.lt\/produktai\/radiacijos-matuokliai\/nesiojamas-neutronu-matuoklis-nsn3\/","name":"Fuji Electric ne\u0161iojamas neutron\u0173 matuoklis \u2013 NSN3 - Invertas","isPartOf":{"@id":"https:\/\/invertas.lt\/#website"},"primaryImageOfPage":{"@id":"https:\/\/invertas.lt\/produktai\/radiacijos-matuokliai\/nesiojamas-neutronu-matuoklis-nsn3\/#primaryimage"},"image":{"@id":"https:\/\/invertas.lt\/produktai\/radiacijos-matuokliai\/nesiojamas-neutronu-matuoklis-nsn3\/#primaryimage"},"thumbnailUrl":"https:\/\/invertas.lt\/wp-content\/uploads\/2025\/07\/nsn3-vue-profil-gauche-header-fr-en.webp","datePublished":"2025-07-08T12:34:09+00:00","dateModified":"2025-08-07T10:19:30+00:00","description":"Lengvas radiacijos detektorius darbuotoj\u0173 apsaugai branduoliniuose objektuose, be \u00b3He\/BF\u2083, su gera gama spinduliuot\u0117s atmetimo savybe.","breadcrumb":{"@id":"https:\/\/invertas.lt\/produktai\/radiacijos-matuokliai\/nesiojamas-neutronu-matuoklis-nsn3\/#breadcrumb"},"inLanguage":"en-GB","potentialAction":[{"@type":"ReadAction","target":["https:\/\/invertas.lt\/produktai\/radiacijos-matuokliai\/nesiojamas-neutronu-matuoklis-nsn3\/"]}]},{"@type":"ImageObject","inLanguage":"en-GB","@id":"https:\/\/invertas.lt\/produktai\/radiacijos-matuokliai\/nesiojamas-neutronu-matuoklis-nsn3\/#primaryimage","url":"https:\/\/invertas.lt\/wp-content\/uploads\/2025\/07\/nsn3-vue-profil-gauche-header-fr-en.webp","contentUrl":"https:\/\/invertas.lt\/wp-content\/uploads\/2025\/07\/nsn3-vue-profil-gauche-header-fr-en.webp","width":682,"height":682},{"@type":"BreadcrumbList","@id":"https:\/\/invertas.lt\/produktai\/radiacijos-matuokliai\/nesiojamas-neutronu-matuoklis-nsn3\/#breadcrumb","itemListElement":[{"@type":"ListItem","position":1,"name":"Prad\u017eia","item":"https:\/\/invertas.lt\/"},{"@type":"ListItem","position":2,"name":"Products","item":"https:\/\/invertas.lt\/shop\/"},{"@type":"ListItem","position":3,"name":"Radiacijos matuokliai","item":"https:\/\/invertas.lt\/.\/radiacijos-matuokliai\/"},{"@type":"ListItem","position":4,"name":"Fuji Electric ne\u0161iojamas neutron\u0173 matuoklis \u2013 NSN3"}]},{"@type":"WebSite","@id":"https:\/\/invertas.lt\/#website","url":"https:\/\/invertas.lt\/","name":"Invert","description":"","publisher":{"@id":"https:\/\/invertas.lt\/#organization"},"potentialAction":[{"@type":"SearchAction","target":{"@type":"EntryPoint","urlTemplate":"https:\/\/invertas.lt\/?s={search_term_string}"},"query-input":{"@type":"PropertyValueSpecification","valueRequired":true,"valueName":"search_term_string"}}],"inLanguage":"en-GB"},{"@type":"Organization","@id":"https:\/\/invertas.lt\/#organization","name":"Invert","url":"https:\/\/invertas.lt\/","logo":{"@type":"ImageObject","inLanguage":"en-GB","@id":"https:\/\/invertas.lt\/#\/schema\/logo\/image\/","url":"https:\/\/invertas.lt\/wp-content\/uploads\/2025\/03\/New-Text-Document-2.svg","contentUrl":"https:\/\/invertas.lt\/wp-content\/uploads\/2025\/03\/New-Text-Document-2.svg","width":140,"height":39,"caption":"Invertas"},"image":{"@id":"https:\/\/invertas.lt\/#\/schema\/logo\/image\/"}}]}},"_links":{"self":[{"href":"https:\/\/invertas.lt\/en\/wp-json\/wp\/v2\/product\/8072","targetHints":{"allow":["GET"]}}],"collection":[{"href":"https:\/\/invertas.lt\/en\/wp-json\/wp\/v2\/product"}],"about":[{"href":"https:\/\/invertas.lt\/en\/wp-json\/wp\/v2\/types\/product"}],"replies":[{"embeddable":true,"href":"https:\/\/invertas.lt\/en\/wp-json\/wp\/v2\/comments?post=8072"}],"wp:featuredmedia":[{"embeddable":true,"href":"https:\/\/invertas.lt\/en\/wp-json\/wp\/v2\/media\/8073"}],"wp:attachment":[{"href":"https:\/\/invertas.lt\/en\/wp-json\/wp\/v2\/media?parent=8072"}],"wp:term":[{"taxonomy":"product_brand","embeddable":true,"href":"https:\/\/invertas.lt\/en\/wp-json\/wp\/v2\/product_brand?post=8072"},{"taxonomy":"product_cat","embeddable":true,"href":"https:\/\/invertas.lt\/en\/wp-json\/wp\/v2\/product_cat?post=8072"},{"taxonomy":"product_tag","embeddable":true,"href":"https:\/\/invertas.lt\/en\/wp-json\/wp\/v2\/product_tag?post=8072"}],"curies":[{"name":"wp","href":"https:\/\/api.w.org\/{rel}","templated":true}]}}