{"id":8039,"date":"2025-07-06T08:30:21","date_gmt":"2025-07-06T08:30:21","guid":{"rendered":"https:\/\/aurimasb15.sg-host.com\/?post_type=product&#038;p=8039"},"modified":"2025-08-08T20:56:51","modified_gmt":"2025-08-08T20:56:51","slug":"kreipiamasis-vamzdis-deguonies-analizatoriui","status":"publish","type":"product","link":"https:\/\/invertas.lt\/en\/produktai\/duju-analizatoriai\/kreipiamasis-vamzdis-deguonies-analizatoriui\/","title":{"rendered":"Fuji Electric guide tube for oxygen analyzer"},"content":{"rendered":"<h3 data-start=\"0\" data-end=\"14\">Fields of application<\/h3>\n<p data-start=\"19\" data-end=\"161\">Ideal for combustion control in boilers, incinerators plants, power stations and industrial furnaces.<\/p>\n<h3 data-start=\"16\" data-end=\"183\">Features<\/h3>\n<ul>\n<li data-start=\"16\" data-end=\"183\">Robust and durable<\/li>\n<li data-start=\"16\" data-end=\"183\">Low response time<\/li>\n<li data-start=\"16\" data-end=\"183\">Adaptable to a wide range of process constraints<\/li>\n<li data-start=\"16\" data-end=\"183\">Optimum cost-performance ratio<\/li>\n<\/ul>","protected":false},"excerpt":{"rendered":"<p>Taikymo sritys Tinkamas naudoti degimo kontrolei katiluose, atliek\u0173 deginimo \u012frenginiuose, elektrin\u0117se ir pramonin\u0117se krosnyse. Savyb\u0117s Tvirtas ir ilgaam\u017eis Trumpas atsako laikas Prisitaikantis prie \u012fvairi\u0173 proceso s\u0105lyg\u0173 Optimalus kainos ir na\u0161umo santykis<\/p>","protected":false},"featured_media":8040,"comment_status":"open","ping_status":"closed","template":"","meta":{"_acf_changed":false,"inline_featured_image":false},"product_brand":[],"product_cat":[422],"product_tag":[],"class_list":{"0":"post-8039","1":"product","2":"type-product","3":"status-publish","4":"has-post-thumbnail","6":"product_cat-duju-analizatoriai","8":"first","9":"instock","10":"shipping-taxable","11":"purchasable","12":"product-type-variable"},"acf":[],"yoast_head":"<!-- This site is optimized with the Yoast SEO plugin v25.5 - https:\/\/yoast.com\/wordpress\/plugins\/seo\/ -->\n<title>Fuji Electric kreipiamasis vamzdis deguonies analizatoriui - Invertas<\/title>\n<meta name=\"description\" content=\"Tinkamas naudoti degimo kontrolei katiluose, atliek\u0173 deginimo \u012frenginiuose, elektrin\u0117se ir pramonin\u0117se krosnyse. Tvirtas ir ilgaam\u017eis.\" \/>\n<meta name=\"robots\" content=\"index, follow, max-snippet:-1, max-image-preview:large, max-video-preview:-1\" \/>\n<link rel=\"canonical\" href=\"https:\/\/invertas.lt\/en\/produktai\/duju-analizatoriai\/kreipiamasis-vamzdis-deguonies-analizatoriui\/\" \/>\n<meta property=\"og:locale\" content=\"en_GB\" \/>\n<meta property=\"og:type\" content=\"article\" \/>\n<meta property=\"og:title\" content=\"Fuji Electric kreipiamasis vamzdis deguonies analizatoriui - Invertas\" \/>\n<meta property=\"og:description\" content=\"Tinkamas naudoti degimo kontrolei katiluose, atliek\u0173 deginimo \u012frenginiuose, elektrin\u0117se ir pramonin\u0117se krosnyse. Tvirtas ir ilgaam\u017eis.\" \/>\n<meta property=\"og:url\" content=\"https:\/\/invertas.lt\/en\/produktai\/duju-analizatoriai\/kreipiamasis-vamzdis-deguonies-analizatoriui\/\" \/>\n<meta property=\"og:site_name\" content=\"Invertas\" \/>\n<meta property=\"article:modified_time\" content=\"2025-08-08T20:56:51+00:00\" \/>\n<meta property=\"og:image\" content=\"https:\/\/invertas.lt\/wp-content\/uploads\/2025\/07\/tube-de-convection-vue-generale-header-fr-en.webp\" \/>\n\t<meta property=\"og:image:width\" content=\"682\" \/>\n\t<meta property=\"og:image:height\" content=\"682\" \/>\n\t<meta property=\"og:image:type\" content=\"image\/webp\" \/>\n<meta name=\"twitter:card\" content=\"summary_large_image\" \/>\n<meta name=\"twitter:label1\" content=\"Estimated reading time\" \/>\n\t<meta name=\"twitter:data1\" content=\"1 minute\" \/>\n<script type=\"application\/ld+json\" class=\"yoast-schema-graph\">{\"@context\":\"https:\/\/schema.org\",\"@graph\":[{\"@type\":\"WebPage\",\"@id\":\"https:\/\/invertas.lt\/produktai\/duju-analizatoriai\/kreipiamasis-vamzdis-deguonies-analizatoriui\/\",\"url\":\"https:\/\/invertas.lt\/produktai\/duju-analizatoriai\/kreipiamasis-vamzdis-deguonies-analizatoriui\/\",\"name\":\"Fuji Electric kreipiamasis vamzdis deguonies analizatoriui - Invertas\",\"isPartOf\":{\"@id\":\"https:\/\/invertas.lt\/#website\"},\"primaryImageOfPage\":{\"@id\":\"https:\/\/invertas.lt\/produktai\/duju-analizatoriai\/kreipiamasis-vamzdis-deguonies-analizatoriui\/#primaryimage\"},\"image\":{\"@id\":\"https:\/\/invertas.lt\/produktai\/duju-analizatoriai\/kreipiamasis-vamzdis-deguonies-analizatoriui\/#primaryimage\"},\"thumbnailUrl\":\"https:\/\/invertas.lt\/wp-content\/uploads\/2025\/07\/tube-de-convection-vue-generale-header-fr-en.webp\",\"datePublished\":\"2025-07-06T08:30:21+00:00\",\"dateModified\":\"2025-08-08T20:56:51+00:00\",\"description\":\"Tinkamas naudoti degimo kontrolei katiluose, atliek\u0173 deginimo \u012frenginiuose, elektrin\u0117se ir pramonin\u0117se krosnyse. Tvirtas ir ilgaam\u017eis.\",\"breadcrumb\":{\"@id\":\"https:\/\/invertas.lt\/produktai\/duju-analizatoriai\/kreipiamasis-vamzdis-deguonies-analizatoriui\/#breadcrumb\"},\"inLanguage\":\"en-GB\",\"potentialAction\":[{\"@type\":\"ReadAction\",\"target\":[\"https:\/\/invertas.lt\/produktai\/duju-analizatoriai\/kreipiamasis-vamzdis-deguonies-analizatoriui\/\"]}]},{\"@type\":\"ImageObject\",\"inLanguage\":\"en-GB\",\"@id\":\"https:\/\/invertas.lt\/produktai\/duju-analizatoriai\/kreipiamasis-vamzdis-deguonies-analizatoriui\/#primaryimage\",\"url\":\"https:\/\/invertas.lt\/wp-content\/uploads\/2025\/07\/tube-de-convection-vue-generale-header-fr-en.webp\",\"contentUrl\":\"https:\/\/invertas.lt\/wp-content\/uploads\/2025\/07\/tube-de-convection-vue-generale-header-fr-en.webp\",\"width\":682,\"height\":682},{\"@type\":\"BreadcrumbList\",\"@id\":\"https:\/\/invertas.lt\/produktai\/duju-analizatoriai\/kreipiamasis-vamzdis-deguonies-analizatoriui\/#breadcrumb\",\"itemListElement\":[{\"@type\":\"ListItem\",\"position\":1,\"name\":\"Prad\u017eia\",\"item\":\"https:\/\/invertas.lt\/\"},{\"@type\":\"ListItem\",\"position\":2,\"name\":\"Products\",\"item\":\"https:\/\/invertas.lt\/shop\/\"},{\"@type\":\"ListItem\",\"position\":3,\"name\":\"Duj\u0173 analizatoriai\",\"item\":\"https:\/\/invertas.lt\/.\/duju-analizatoriai\/\"},{\"@type\":\"ListItem\",\"position\":4,\"name\":\"Fuji Electric kreipiamasis vamzdis deguonies analizatoriui\"}]},{\"@type\":\"WebSite\",\"@id\":\"https:\/\/invertas.lt\/#website\",\"url\":\"https:\/\/invertas.lt\/\",\"name\":\"Invertas\",\"description\":\"\",\"publisher\":{\"@id\":\"https:\/\/invertas.lt\/#organization\"},\"potentialAction\":[{\"@type\":\"SearchAction\",\"target\":{\"@type\":\"EntryPoint\",\"urlTemplate\":\"https:\/\/invertas.lt\/?s={search_term_string}\"},\"query-input\":{\"@type\":\"PropertyValueSpecification\",\"valueRequired\":true,\"valueName\":\"search_term_string\"}}],\"inLanguage\":\"en-GB\"},{\"@type\":\"Organization\",\"@id\":\"https:\/\/invertas.lt\/#organization\",\"name\":\"Invertas\",\"url\":\"https:\/\/invertas.lt\/\",\"logo\":{\"@type\":\"ImageObject\",\"inLanguage\":\"en-GB\",\"@id\":\"https:\/\/invertas.lt\/#\/schema\/logo\/image\/\",\"url\":\"https:\/\/invertas.lt\/wp-content\/uploads\/2025\/03\/New-Text-Document-2.svg\",\"contentUrl\":\"https:\/\/invertas.lt\/wp-content\/uploads\/2025\/03\/New-Text-Document-2.svg\",\"width\":140,\"height\":39,\"caption\":\"Invertas\"},\"image\":{\"@id\":\"https:\/\/invertas.lt\/#\/schema\/logo\/image\/\"}}]}<\/script>\n<!-- \/ Yoast SEO plugin. -->","yoast_head_json":{"title":"Fuji Electric kreipiamasis vamzdis deguonies analizatoriui - Invertas","description":"Tinkamas naudoti degimo kontrolei katiluose, atliek\u0173 deginimo \u012frenginiuose, elektrin\u0117se ir pramonin\u0117se krosnyse. Tvirtas ir ilgaam\u017eis.","robots":{"index":"index","follow":"follow","max-snippet":"max-snippet:-1","max-image-preview":"max-image-preview:large","max-video-preview":"max-video-preview:-1"},"canonical":"https:\/\/invertas.lt\/en\/produktai\/duju-analizatoriai\/kreipiamasis-vamzdis-deguonies-analizatoriui\/","og_locale":"en_GB","og_type":"article","og_title":"Fuji Electric kreipiamasis vamzdis deguonies analizatoriui - Invertas","og_description":"Tinkamas naudoti degimo kontrolei katiluose, atliek\u0173 deginimo \u012frenginiuose, elektrin\u0117se ir pramonin\u0117se krosnyse. Tvirtas ir ilgaam\u017eis.","og_url":"https:\/\/invertas.lt\/en\/produktai\/duju-analizatoriai\/kreipiamasis-vamzdis-deguonies-analizatoriui\/","og_site_name":"Invertas","article_modified_time":"2025-08-08T20:56:51+00:00","og_image":[{"width":682,"height":682,"url":"https:\/\/invertas.lt\/wp-content\/uploads\/2025\/07\/tube-de-convection-vue-generale-header-fr-en.webp","type":"image\/webp"}],"twitter_card":"summary_large_image","twitter_misc":{"Estimated reading time":"1 minute"},"schema":{"@context":"https:\/\/schema.org","@graph":[{"@type":"WebPage","@id":"https:\/\/invertas.lt\/produktai\/duju-analizatoriai\/kreipiamasis-vamzdis-deguonies-analizatoriui\/","url":"https:\/\/invertas.lt\/produktai\/duju-analizatoriai\/kreipiamasis-vamzdis-deguonies-analizatoriui\/","name":"Fuji Electric kreipiamasis vamzdis deguonies analizatoriui - Invertas","isPartOf":{"@id":"https:\/\/invertas.lt\/#website"},"primaryImageOfPage":{"@id":"https:\/\/invertas.lt\/produktai\/duju-analizatoriai\/kreipiamasis-vamzdis-deguonies-analizatoriui\/#primaryimage"},"image":{"@id":"https:\/\/invertas.lt\/produktai\/duju-analizatoriai\/kreipiamasis-vamzdis-deguonies-analizatoriui\/#primaryimage"},"thumbnailUrl":"https:\/\/invertas.lt\/wp-content\/uploads\/2025\/07\/tube-de-convection-vue-generale-header-fr-en.webp","datePublished":"2025-07-06T08:30:21+00:00","dateModified":"2025-08-08T20:56:51+00:00","description":"Tinkamas naudoti degimo kontrolei katiluose, atliek\u0173 deginimo \u012frenginiuose, elektrin\u0117se ir pramonin\u0117se krosnyse. Tvirtas ir ilgaam\u017eis.","breadcrumb":{"@id":"https:\/\/invertas.lt\/produktai\/duju-analizatoriai\/kreipiamasis-vamzdis-deguonies-analizatoriui\/#breadcrumb"},"inLanguage":"en-GB","potentialAction":[{"@type":"ReadAction","target":["https:\/\/invertas.lt\/produktai\/duju-analizatoriai\/kreipiamasis-vamzdis-deguonies-analizatoriui\/"]}]},{"@type":"ImageObject","inLanguage":"en-GB","@id":"https:\/\/invertas.lt\/produktai\/duju-analizatoriai\/kreipiamasis-vamzdis-deguonies-analizatoriui\/#primaryimage","url":"https:\/\/invertas.lt\/wp-content\/uploads\/2025\/07\/tube-de-convection-vue-generale-header-fr-en.webp","contentUrl":"https:\/\/invertas.lt\/wp-content\/uploads\/2025\/07\/tube-de-convection-vue-generale-header-fr-en.webp","width":682,"height":682},{"@type":"BreadcrumbList","@id":"https:\/\/invertas.lt\/produktai\/duju-analizatoriai\/kreipiamasis-vamzdis-deguonies-analizatoriui\/#breadcrumb","itemListElement":[{"@type":"ListItem","position":1,"name":"Prad\u017eia","item":"https:\/\/invertas.lt\/"},{"@type":"ListItem","position":2,"name":"Products","item":"https:\/\/invertas.lt\/shop\/"},{"@type":"ListItem","position":3,"name":"Duj\u0173 analizatoriai","item":"https:\/\/invertas.lt\/.\/duju-analizatoriai\/"},{"@type":"ListItem","position":4,"name":"Fuji Electric kreipiamasis vamzdis deguonies analizatoriui"}]},{"@type":"WebSite","@id":"https:\/\/invertas.lt\/#website","url":"https:\/\/invertas.lt\/","name":"Invert","description":"","publisher":{"@id":"https:\/\/invertas.lt\/#organization"},"potentialAction":[{"@type":"SearchAction","target":{"@type":"EntryPoint","urlTemplate":"https:\/\/invertas.lt\/?s={search_term_string}"},"query-input":{"@type":"PropertyValueSpecification","valueRequired":true,"valueName":"search_term_string"}}],"inLanguage":"en-GB"},{"@type":"Organization","@id":"https:\/\/invertas.lt\/#organization","name":"Invert","url":"https:\/\/invertas.lt\/","logo":{"@type":"ImageObject","inLanguage":"en-GB","@id":"https:\/\/invertas.lt\/#\/schema\/logo\/image\/","url":"https:\/\/invertas.lt\/wp-content\/uploads\/2025\/03\/New-Text-Document-2.svg","contentUrl":"https:\/\/invertas.lt\/wp-content\/uploads\/2025\/03\/New-Text-Document-2.svg","width":140,"height":39,"caption":"Invertas"},"image":{"@id":"https:\/\/invertas.lt\/#\/schema\/logo\/image\/"}}]}},"_links":{"self":[{"href":"https:\/\/invertas.lt\/en\/wp-json\/wp\/v2\/product\/8039","targetHints":{"allow":["GET"]}}],"collection":[{"href":"https:\/\/invertas.lt\/en\/wp-json\/wp\/v2\/product"}],"about":[{"href":"https:\/\/invertas.lt\/en\/wp-json\/wp\/v2\/types\/product"}],"replies":[{"embeddable":true,"href":"https:\/\/invertas.lt\/en\/wp-json\/wp\/v2\/comments?post=8039"}],"wp:featuredmedia":[{"embeddable":true,"href":"https:\/\/invertas.lt\/en\/wp-json\/wp\/v2\/media\/8040"}],"wp:attachment":[{"href":"https:\/\/invertas.lt\/en\/wp-json\/wp\/v2\/media?parent=8039"}],"wp:term":[{"taxonomy":"product_brand","embeddable":true,"href":"https:\/\/invertas.lt\/en\/wp-json\/wp\/v2\/product_brand?post=8039"},{"taxonomy":"product_cat","embeddable":true,"href":"https:\/\/invertas.lt\/en\/wp-json\/wp\/v2\/product_cat?post=8039"},{"taxonomy":"product_tag","embeddable":true,"href":"https:\/\/invertas.lt\/en\/wp-json\/wp\/v2\/product_tag?post=8039"}],"curies":[{"name":"wp","href":"https:\/\/api.w.org\/{rel}","templated":true}]}}