{"id":8034,"date":"2025-07-06T07:56:45","date_gmt":"2025-07-06T07:56:45","guid":{"rendered":"https:\/\/aurimasb15.sg-host.com\/?post_type=product&#038;p=8034"},"modified":"2025-08-08T20:56:26","modified_gmt":"2025-08-08T20:56:26","slug":"duomenu-kaupimo-ir-valdymo-programine-iranga-duju-analizatoriui-cems-dahs","status":"publish","type":"product","link":"https:\/\/invertas.lt\/en\/produktai\/duju-analizatoriai\/duomenu-kaupimo-ir-valdymo-programine-iranga-duju-analizatoriui-cems-dahs\/","title":{"rendered":"Fuji Electric CEMS Data Management Software \u2013 DAHS"},"content":{"rendered":"<p data-start=\"0\" data-end=\"14\"><strong>Fields of application<\/strong><\/p>\n<p data-start=\"19\" data-end=\"161\">Boilers, engines and gas turbines.<\/p>\n<p data-start=\"16\" data-end=\"183\"><strong>Features<\/strong><\/p>\n<ul>\n<li data-start=\"2\" data-end=\"55\">Meets emissions requirements in over 25 countries<\/li>\n<li data-start=\"58\" data-end=\"109\">Use continuous emissions measurement to optimize combustion<\/li>\n<li data-start=\"112\" data-end=\"167\">Fuji DAHS modular system \u2013 customizable as needed<\/li>\n<li data-start=\"170\" data-end=\"218\">Fuji FBOX digital \u2013 simple connection to PLC<\/li>\n<li data-start=\"221\" data-end=\"273\">Fuji DAHS is flexible \u2013 ready for future challenges<\/li>\n<li data-start=\"276\" data-end=\"344\">Remote monitoring with automatic alerts via email or SMS<\/li>\n<\/ul>","protected":false},"excerpt":{"rendered":"<p>Taikymo sritys Katilai, varikliai ir dujin\u0117s turbinos. Savyb\u0117s Atitinka emisij\u0173 reikalavimus daugiau nei 25 \u0161alyse Nuolatinis emisij\u0173 matavimas degimo optimizavimui Fuji DAHS modulin\u0117 sistema \u2013 pritaikoma pagal poreik\u012f Fuji FBOX skaitmenin\u0117 \u2013 paprastas ry\u0161ys su PLC Fuji DAHS lanksti \u2013 pasiruo\u0161usi ateities i\u0161\u0161\u016bkiams Nuotolinis steb\u0117jimas su automatiniais \u012fsp\u0117jimais el. pa\u0161tu arba SMS<\/p>","protected":false},"featured_media":8035,"comment_status":"open","ping_status":"closed","template":"","meta":{"_acf_changed":false,"inline_featured_image":false},"product_brand":[],"product_cat":[422],"product_tag":[],"class_list":{"0":"post-8034","1":"product","2":"type-product","3":"status-publish","4":"has-post-thumbnail","6":"product_cat-duju-analizatoriai","8":"first","9":"instock","10":"shipping-taxable","11":"purchasable","12":"product-type-simple"},"acf":[],"yoast_head":"<!-- This site is optimized with the Yoast SEO plugin v25.5 - https:\/\/yoast.com\/wordpress\/plugins\/seo\/ -->\n<title>Fuji Electric CEMS duomen\u0173 valdymo programin\u0117 \u012franga - DAHS - Invertas<\/title>\n<meta name=\"description\" content=\"Fuji DAHS modulin\u0117 sistema. Nuotolinis steb\u0117jimas su automatiniais \u012fsp\u0117jimais el. pa\u0161tu arba SMS. Nuolatinis emisij\u0173 matavimas degimo optimizavimui.\" \/>\n<meta name=\"robots\" content=\"index, follow, max-snippet:-1, max-image-preview:large, max-video-preview:-1\" \/>\n<link rel=\"canonical\" href=\"https:\/\/invertas.lt\/en\/produktai\/duju-analizatoriai\/duomenu-kaupimo-ir-valdymo-programine-iranga-duju-analizatoriui-cems-dahs\/\" \/>\n<meta property=\"og:locale\" content=\"en_GB\" \/>\n<meta property=\"og:type\" content=\"article\" \/>\n<meta property=\"og:title\" content=\"Fuji Electric CEMS duomen\u0173 valdymo programin\u0117 \u012franga - DAHS - Invertas\" \/>\n<meta property=\"og:description\" content=\"Fuji DAHS modulin\u0117 sistema. Nuotolinis steb\u0117jimas su automatiniais \u012fsp\u0117jimais el. pa\u0161tu arba SMS. Nuolatinis emisij\u0173 matavimas degimo optimizavimui.\" \/>\n<meta property=\"og:url\" content=\"https:\/\/invertas.lt\/en\/produktai\/duju-analizatoriai\/duomenu-kaupimo-ir-valdymo-programine-iranga-duju-analizatoriui-cems-dahs\/\" \/>\n<meta property=\"og:site_name\" content=\"Invertas\" \/>\n<meta property=\"article:modified_time\" content=\"2025-08-08T20:56:26+00:00\" \/>\n<meta property=\"og:image\" content=\"https:\/\/invertas.lt\/wp-content\/uploads\/2025\/07\/dahs-defauts-vue-generale-header-en.webp\" \/>\n\t<meta property=\"og:image:width\" content=\"682\" \/>\n\t<meta property=\"og:image:height\" content=\"682\" \/>\n\t<meta property=\"og:image:type\" content=\"image\/webp\" \/>\n<meta name=\"twitter:card\" content=\"summary_large_image\" \/>\n<meta name=\"twitter:label1\" content=\"Estimated reading time\" \/>\n\t<meta name=\"twitter:data1\" content=\"1 minute\" \/>\n<script type=\"application\/ld+json\" class=\"yoast-schema-graph\">{\"@context\":\"https:\/\/schema.org\",\"@graph\":[{\"@type\":\"WebPage\",\"@id\":\"https:\/\/invertas.lt\/produktai\/duju-analizatoriai\/duomenu-kaupimo-ir-valdymo-programine-iranga-duju-analizatoriui-cems-dahs\/\",\"url\":\"https:\/\/invertas.lt\/produktai\/duju-analizatoriai\/duomenu-kaupimo-ir-valdymo-programine-iranga-duju-analizatoriui-cems-dahs\/\",\"name\":\"Fuji Electric CEMS duomen\u0173 valdymo programin\u0117 \u012franga - DAHS - Invertas\",\"isPartOf\":{\"@id\":\"https:\/\/invertas.lt\/#website\"},\"primaryImageOfPage\":{\"@id\":\"https:\/\/invertas.lt\/produktai\/duju-analizatoriai\/duomenu-kaupimo-ir-valdymo-programine-iranga-duju-analizatoriui-cems-dahs\/#primaryimage\"},\"image\":{\"@id\":\"https:\/\/invertas.lt\/produktai\/duju-analizatoriai\/duomenu-kaupimo-ir-valdymo-programine-iranga-duju-analizatoriui-cems-dahs\/#primaryimage\"},\"thumbnailUrl\":\"https:\/\/invertas.lt\/wp-content\/uploads\/2025\/07\/dahs-defauts-vue-generale-header-en.webp\",\"datePublished\":\"2025-07-06T07:56:45+00:00\",\"dateModified\":\"2025-08-08T20:56:26+00:00\",\"description\":\"Fuji DAHS modulin\u0117 sistema. Nuotolinis steb\u0117jimas su automatiniais \u012fsp\u0117jimais el. pa\u0161tu arba SMS. Nuolatinis emisij\u0173 matavimas degimo optimizavimui.\",\"breadcrumb\":{\"@id\":\"https:\/\/invertas.lt\/produktai\/duju-analizatoriai\/duomenu-kaupimo-ir-valdymo-programine-iranga-duju-analizatoriui-cems-dahs\/#breadcrumb\"},\"inLanguage\":\"en-GB\",\"potentialAction\":[{\"@type\":\"ReadAction\",\"target\":[\"https:\/\/invertas.lt\/produktai\/duju-analizatoriai\/duomenu-kaupimo-ir-valdymo-programine-iranga-duju-analizatoriui-cems-dahs\/\"]}]},{\"@type\":\"ImageObject\",\"inLanguage\":\"en-GB\",\"@id\":\"https:\/\/invertas.lt\/produktai\/duju-analizatoriai\/duomenu-kaupimo-ir-valdymo-programine-iranga-duju-analizatoriui-cems-dahs\/#primaryimage\",\"url\":\"https:\/\/invertas.lt\/wp-content\/uploads\/2025\/07\/dahs-defauts-vue-generale-header-en.webp\",\"contentUrl\":\"https:\/\/invertas.lt\/wp-content\/uploads\/2025\/07\/dahs-defauts-vue-generale-header-en.webp\",\"width\":682,\"height\":682},{\"@type\":\"BreadcrumbList\",\"@id\":\"https:\/\/invertas.lt\/produktai\/duju-analizatoriai\/duomenu-kaupimo-ir-valdymo-programine-iranga-duju-analizatoriui-cems-dahs\/#breadcrumb\",\"itemListElement\":[{\"@type\":\"ListItem\",\"position\":1,\"name\":\"Prad\u017eia\",\"item\":\"https:\/\/invertas.lt\/\"},{\"@type\":\"ListItem\",\"position\":2,\"name\":\"Products\",\"item\":\"https:\/\/invertas.lt\/shop\/\"},{\"@type\":\"ListItem\",\"position\":3,\"name\":\"Duj\u0173 analizatoriai\",\"item\":\"https:\/\/invertas.lt\/.\/duju-analizatoriai\/\"},{\"@type\":\"ListItem\",\"position\":4,\"name\":\"Fuji Electric CEMS duomen\u0173 valdymo programin\u0117 \u012franga &#8211; DAHS\"}]},{\"@type\":\"WebSite\",\"@id\":\"https:\/\/invertas.lt\/#website\",\"url\":\"https:\/\/invertas.lt\/\",\"name\":\"Invertas\",\"description\":\"\",\"publisher\":{\"@id\":\"https:\/\/invertas.lt\/#organization\"},\"potentialAction\":[{\"@type\":\"SearchAction\",\"target\":{\"@type\":\"EntryPoint\",\"urlTemplate\":\"https:\/\/invertas.lt\/?s={search_term_string}\"},\"query-input\":{\"@type\":\"PropertyValueSpecification\",\"valueRequired\":true,\"valueName\":\"search_term_string\"}}],\"inLanguage\":\"en-GB\"},{\"@type\":\"Organization\",\"@id\":\"https:\/\/invertas.lt\/#organization\",\"name\":\"Invertas\",\"url\":\"https:\/\/invertas.lt\/\",\"logo\":{\"@type\":\"ImageObject\",\"inLanguage\":\"en-GB\",\"@id\":\"https:\/\/invertas.lt\/#\/schema\/logo\/image\/\",\"url\":\"https:\/\/invertas.lt\/wp-content\/uploads\/2025\/03\/New-Text-Document-2.svg\",\"contentUrl\":\"https:\/\/invertas.lt\/wp-content\/uploads\/2025\/03\/New-Text-Document-2.svg\",\"width\":140,\"height\":39,\"caption\":\"Invertas\"},\"image\":{\"@id\":\"https:\/\/invertas.lt\/#\/schema\/logo\/image\/\"}}]}<\/script>\n<!-- \/ Yoast SEO plugin. -->","yoast_head_json":{"title":"Fuji Electric CEMS duomen\u0173 valdymo programin\u0117 \u012franga - DAHS - Invertas","description":"Fuji DAHS modulin\u0117 sistema. Nuotolinis steb\u0117jimas su automatiniais \u012fsp\u0117jimais el. pa\u0161tu arba SMS. Nuolatinis emisij\u0173 matavimas degimo optimizavimui.","robots":{"index":"index","follow":"follow","max-snippet":"max-snippet:-1","max-image-preview":"max-image-preview:large","max-video-preview":"max-video-preview:-1"},"canonical":"https:\/\/invertas.lt\/en\/produktai\/duju-analizatoriai\/duomenu-kaupimo-ir-valdymo-programine-iranga-duju-analizatoriui-cems-dahs\/","og_locale":"en_GB","og_type":"article","og_title":"Fuji Electric CEMS duomen\u0173 valdymo programin\u0117 \u012franga - DAHS - Invertas","og_description":"Fuji DAHS modulin\u0117 sistema. Nuotolinis steb\u0117jimas su automatiniais \u012fsp\u0117jimais el. pa\u0161tu arba SMS. Nuolatinis emisij\u0173 matavimas degimo optimizavimui.","og_url":"https:\/\/invertas.lt\/en\/produktai\/duju-analizatoriai\/duomenu-kaupimo-ir-valdymo-programine-iranga-duju-analizatoriui-cems-dahs\/","og_site_name":"Invertas","article_modified_time":"2025-08-08T20:56:26+00:00","og_image":[{"width":682,"height":682,"url":"https:\/\/invertas.lt\/wp-content\/uploads\/2025\/07\/dahs-defauts-vue-generale-header-en.webp","type":"image\/webp"}],"twitter_card":"summary_large_image","twitter_misc":{"Estimated reading time":"1 minute"},"schema":{"@context":"https:\/\/schema.org","@graph":[{"@type":"WebPage","@id":"https:\/\/invertas.lt\/produktai\/duju-analizatoriai\/duomenu-kaupimo-ir-valdymo-programine-iranga-duju-analizatoriui-cems-dahs\/","url":"https:\/\/invertas.lt\/produktai\/duju-analizatoriai\/duomenu-kaupimo-ir-valdymo-programine-iranga-duju-analizatoriui-cems-dahs\/","name":"Fuji Electric CEMS duomen\u0173 valdymo programin\u0117 \u012franga - DAHS - Invertas","isPartOf":{"@id":"https:\/\/invertas.lt\/#website"},"primaryImageOfPage":{"@id":"https:\/\/invertas.lt\/produktai\/duju-analizatoriai\/duomenu-kaupimo-ir-valdymo-programine-iranga-duju-analizatoriui-cems-dahs\/#primaryimage"},"image":{"@id":"https:\/\/invertas.lt\/produktai\/duju-analizatoriai\/duomenu-kaupimo-ir-valdymo-programine-iranga-duju-analizatoriui-cems-dahs\/#primaryimage"},"thumbnailUrl":"https:\/\/invertas.lt\/wp-content\/uploads\/2025\/07\/dahs-defauts-vue-generale-header-en.webp","datePublished":"2025-07-06T07:56:45+00:00","dateModified":"2025-08-08T20:56:26+00:00","description":"Fuji DAHS modulin\u0117 sistema. Nuotolinis steb\u0117jimas su automatiniais \u012fsp\u0117jimais el. pa\u0161tu arba SMS. Nuolatinis emisij\u0173 matavimas degimo optimizavimui.","breadcrumb":{"@id":"https:\/\/invertas.lt\/produktai\/duju-analizatoriai\/duomenu-kaupimo-ir-valdymo-programine-iranga-duju-analizatoriui-cems-dahs\/#breadcrumb"},"inLanguage":"en-GB","potentialAction":[{"@type":"ReadAction","target":["https:\/\/invertas.lt\/produktai\/duju-analizatoriai\/duomenu-kaupimo-ir-valdymo-programine-iranga-duju-analizatoriui-cems-dahs\/"]}]},{"@type":"ImageObject","inLanguage":"en-GB","@id":"https:\/\/invertas.lt\/produktai\/duju-analizatoriai\/duomenu-kaupimo-ir-valdymo-programine-iranga-duju-analizatoriui-cems-dahs\/#primaryimage","url":"https:\/\/invertas.lt\/wp-content\/uploads\/2025\/07\/dahs-defauts-vue-generale-header-en.webp","contentUrl":"https:\/\/invertas.lt\/wp-content\/uploads\/2025\/07\/dahs-defauts-vue-generale-header-en.webp","width":682,"height":682},{"@type":"BreadcrumbList","@id":"https:\/\/invertas.lt\/produktai\/duju-analizatoriai\/duomenu-kaupimo-ir-valdymo-programine-iranga-duju-analizatoriui-cems-dahs\/#breadcrumb","itemListElement":[{"@type":"ListItem","position":1,"name":"Prad\u017eia","item":"https:\/\/invertas.lt\/"},{"@type":"ListItem","position":2,"name":"Products","item":"https:\/\/invertas.lt\/shop\/"},{"@type":"ListItem","position":3,"name":"Duj\u0173 analizatoriai","item":"https:\/\/invertas.lt\/.\/duju-analizatoriai\/"},{"@type":"ListItem","position":4,"name":"Fuji Electric CEMS duomen\u0173 valdymo programin\u0117 \u012franga &#8211; DAHS"}]},{"@type":"WebSite","@id":"https:\/\/invertas.lt\/#website","url":"https:\/\/invertas.lt\/","name":"Invert","description":"","publisher":{"@id":"https:\/\/invertas.lt\/#organization"},"potentialAction":[{"@type":"SearchAction","target":{"@type":"EntryPoint","urlTemplate":"https:\/\/invertas.lt\/?s={search_term_string}"},"query-input":{"@type":"PropertyValueSpecification","valueRequired":true,"valueName":"search_term_string"}}],"inLanguage":"en-GB"},{"@type":"Organization","@id":"https:\/\/invertas.lt\/#organization","name":"Invert","url":"https:\/\/invertas.lt\/","logo":{"@type":"ImageObject","inLanguage":"en-GB","@id":"https:\/\/invertas.lt\/#\/schema\/logo\/image\/","url":"https:\/\/invertas.lt\/wp-content\/uploads\/2025\/03\/New-Text-Document-2.svg","contentUrl":"https:\/\/invertas.lt\/wp-content\/uploads\/2025\/03\/New-Text-Document-2.svg","width":140,"height":39,"caption":"Invertas"},"image":{"@id":"https:\/\/invertas.lt\/#\/schema\/logo\/image\/"}}]}},"_links":{"self":[{"href":"https:\/\/invertas.lt\/en\/wp-json\/wp\/v2\/product\/8034","targetHints":{"allow":["GET"]}}],"collection":[{"href":"https:\/\/invertas.lt\/en\/wp-json\/wp\/v2\/product"}],"about":[{"href":"https:\/\/invertas.lt\/en\/wp-json\/wp\/v2\/types\/product"}],"replies":[{"embeddable":true,"href":"https:\/\/invertas.lt\/en\/wp-json\/wp\/v2\/comments?post=8034"}],"wp:featuredmedia":[{"embeddable":true,"href":"https:\/\/invertas.lt\/en\/wp-json\/wp\/v2\/media\/8035"}],"wp:attachment":[{"href":"https:\/\/invertas.lt\/en\/wp-json\/wp\/v2\/media?parent=8034"}],"wp:term":[{"taxonomy":"product_brand","embeddable":true,"href":"https:\/\/invertas.lt\/en\/wp-json\/wp\/v2\/product_brand?post=8034"},{"taxonomy":"product_cat","embeddable":true,"href":"https:\/\/invertas.lt\/en\/wp-json\/wp\/v2\/product_cat?post=8034"},{"taxonomy":"product_tag","embeddable":true,"href":"https:\/\/invertas.lt\/en\/wp-json\/wp\/v2\/product_tag?post=8034"}],"curies":[{"name":"wp","href":"https:\/\/api.w.org\/{rel}","templated":true}]}}