{"id":8022,"date":"2025-07-05T20:10:09","date_gmt":"2025-07-05T20:10:09","guid":{"rendered":"https:\/\/aurimasb15.sg-host.com\/?post_type=product&#038;p=8022"},"modified":"2025-08-08T20:55:00","modified_gmt":"2025-08-08T20:55:00","slug":"dulkiu-matuoklis-su-sviesos-sklaidos-technologija-zfdm-4","status":"publish","type":"product","link":"https:\/\/invertas.lt\/en\/produktai\/duju-analizatoriai\/dulkiu-matuoklis-su-sviesos-sklaidos-technologija-zfdm-4\/","title":{"rendered":"Fuji Electric Light Scattering Dust Meter ZFDM-4"},"content":{"rendered":"<h3 data-start=\"0\" data-end=\"14\">Fields of application<\/h3>\n<p data-start=\"19\" data-end=\"161\">Continuous monitoring of particulate emissions, coal-fired boilers, biomass and other solid fuels, oil-fired boilers, diesel engines.<\/p>\n<h3 data-start=\"16\" data-end=\"183\">Features<\/h3>\n<ul>\n<li data-start=\"16\" data-end=\"183\">Simple installation and low maintenance<\/li>\n<li data-start=\"16\" data-end=\"183\">Automatic fouling control and correction<\/li>\n<li data-start=\"16\" data-end=\"183\">Permanent full self-diagnosis functions<\/li>\n<li data-start=\"16\" data-end=\"183\">Significantly longer maintenance intervals<\/li>\n<li data-start=\"16\" data-end=\"183\">Permanent measurement and compensation of fiber contamination<\/li>\n<\/ul>","protected":false},"excerpt":{"rendered":"<p>Taikymo sritys Nuolatin\u0117 kiet\u0173j\u0173 daleli\u0173 emisij\u0173 steb\u0117sena: anglimi k\u016brenamos katilin\u0117s, biomas\u0117 ir kiti kietieji kuru, nafta k\u016brenamos katilin\u0117s, dyzeliniai varikliai. Savyb\u0117s Paprastas montavimas ir ma\u017eos prie\u017ei\u016bros s\u0105naudos Automatin\u0117 u\u017esiter\u0161imo kontrol\u0117 ir korekcija Nuolatin\u0117s pilnos savidiagnostikos funkcijos \u017dymiai ilgesni prie\u017ei\u016bros intervalai Nuolatinis matavimas ir skaidul\u0173 u\u017eter\u0161tumo kompensavimas<\/p>","protected":false},"featured_media":8023,"comment_status":"open","ping_status":"closed","template":"","meta":{"_acf_changed":false,"inline_featured_image":false},"product_brand":[],"product_cat":[422],"product_tag":[],"class_list":{"0":"post-8022","1":"product","2":"type-product","3":"status-publish","4":"has-post-thumbnail","6":"product_cat-duju-analizatoriai","8":"first","9":"instock","10":"shipping-taxable","11":"purchasable","12":"product-type-simple"},"acf":[],"yoast_head":"<!-- This site is optimized with the Yoast SEO plugin v25.5 - https:\/\/yoast.com\/wordpress\/plugins\/seo\/ -->\n<title>Fuji Electric \u0161viesos sklaidos dulki\u0173 matuoklis ZFDM-4 - Invertas<\/title>\n<meta name=\"description\" content=\"Nuolatin\u0117 kiet\u0173j\u0173 daleli\u0173 emisij\u0173 steb\u0117sena: anglimi k\u016brenamos katilin\u0117s, biomas\u0117 ir kiti kietieji kuru, nafta k\u016brenamos katilin\u0117s, dyzeliniai varikliai.\" \/>\n<meta name=\"robots\" content=\"index, follow, max-snippet:-1, max-image-preview:large, max-video-preview:-1\" \/>\n<link rel=\"canonical\" href=\"https:\/\/invertas.lt\/en\/produktai\/duju-analizatoriai\/dulkiu-matuoklis-su-sviesos-sklaidos-technologija-zfdm-4\/\" \/>\n<meta property=\"og:locale\" content=\"en_GB\" \/>\n<meta property=\"og:type\" content=\"article\" \/>\n<meta property=\"og:title\" content=\"Fuji Electric \u0161viesos sklaidos dulki\u0173 matuoklis ZFDM-4 - Invertas\" \/>\n<meta property=\"og:description\" content=\"Nuolatin\u0117 kiet\u0173j\u0173 daleli\u0173 emisij\u0173 steb\u0117sena: anglimi k\u016brenamos katilin\u0117s, biomas\u0117 ir kiti kietieji kuru, nafta k\u016brenamos katilin\u0117s, dyzeliniai varikliai.\" \/>\n<meta property=\"og:url\" content=\"https:\/\/invertas.lt\/en\/produktai\/duju-analizatoriai\/dulkiu-matuoklis-su-sviesos-sklaidos-technologija-zfdm-4\/\" \/>\n<meta property=\"og:site_name\" content=\"Invertas\" \/>\n<meta property=\"article:modified_time\" content=\"2025-08-08T20:55:00+00:00\" \/>\n<meta property=\"og:image\" content=\"https:\/\/invertas.lt\/wp-content\/uploads\/2025\/07\/zfdm-4-vue-generale-header-fr-en.webp\" \/>\n\t<meta property=\"og:image:width\" content=\"682\" \/>\n\t<meta property=\"og:image:height\" content=\"682\" \/>\n\t<meta property=\"og:image:type\" content=\"image\/webp\" \/>\n<meta name=\"twitter:card\" content=\"summary_large_image\" \/>\n<meta name=\"twitter:label1\" content=\"Estimated reading time\" \/>\n\t<meta name=\"twitter:data1\" content=\"1 minute\" \/>\n<script type=\"application\/ld+json\" class=\"yoast-schema-graph\">{\"@context\":\"https:\/\/schema.org\",\"@graph\":[{\"@type\":\"WebPage\",\"@id\":\"https:\/\/invertas.lt\/produktai\/duju-analizatoriai\/dulkiu-matuoklis-su-sviesos-sklaidos-technologija-zfdm-4\/\",\"url\":\"https:\/\/invertas.lt\/produktai\/duju-analizatoriai\/dulkiu-matuoklis-su-sviesos-sklaidos-technologija-zfdm-4\/\",\"name\":\"Fuji Electric \u0161viesos sklaidos dulki\u0173 matuoklis ZFDM-4 - Invertas\",\"isPartOf\":{\"@id\":\"https:\/\/invertas.lt\/#website\"},\"primaryImageOfPage\":{\"@id\":\"https:\/\/invertas.lt\/produktai\/duju-analizatoriai\/dulkiu-matuoklis-su-sviesos-sklaidos-technologija-zfdm-4\/#primaryimage\"},\"image\":{\"@id\":\"https:\/\/invertas.lt\/produktai\/duju-analizatoriai\/dulkiu-matuoklis-su-sviesos-sklaidos-technologija-zfdm-4\/#primaryimage\"},\"thumbnailUrl\":\"https:\/\/invertas.lt\/wp-content\/uploads\/2025\/07\/zfdm-4-vue-generale-header-fr-en.webp\",\"datePublished\":\"2025-07-05T20:10:09+00:00\",\"dateModified\":\"2025-08-08T20:55:00+00:00\",\"description\":\"Nuolatin\u0117 kiet\u0173j\u0173 daleli\u0173 emisij\u0173 steb\u0117sena: anglimi k\u016brenamos katilin\u0117s, biomas\u0117 ir kiti kietieji kuru, nafta k\u016brenamos katilin\u0117s, dyzeliniai varikliai.\",\"breadcrumb\":{\"@id\":\"https:\/\/invertas.lt\/produktai\/duju-analizatoriai\/dulkiu-matuoklis-su-sviesos-sklaidos-technologija-zfdm-4\/#breadcrumb\"},\"inLanguage\":\"en-GB\",\"potentialAction\":[{\"@type\":\"ReadAction\",\"target\":[\"https:\/\/invertas.lt\/produktai\/duju-analizatoriai\/dulkiu-matuoklis-su-sviesos-sklaidos-technologija-zfdm-4\/\"]}]},{\"@type\":\"ImageObject\",\"inLanguage\":\"en-GB\",\"@id\":\"https:\/\/invertas.lt\/produktai\/duju-analizatoriai\/dulkiu-matuoklis-su-sviesos-sklaidos-technologija-zfdm-4\/#primaryimage\",\"url\":\"https:\/\/invertas.lt\/wp-content\/uploads\/2025\/07\/zfdm-4-vue-generale-header-fr-en.webp\",\"contentUrl\":\"https:\/\/invertas.lt\/wp-content\/uploads\/2025\/07\/zfdm-4-vue-generale-header-fr-en.webp\",\"width\":682,\"height\":682},{\"@type\":\"BreadcrumbList\",\"@id\":\"https:\/\/invertas.lt\/produktai\/duju-analizatoriai\/dulkiu-matuoklis-su-sviesos-sklaidos-technologija-zfdm-4\/#breadcrumb\",\"itemListElement\":[{\"@type\":\"ListItem\",\"position\":1,\"name\":\"Prad\u017eia\",\"item\":\"https:\/\/invertas.lt\/\"},{\"@type\":\"ListItem\",\"position\":2,\"name\":\"Products\",\"item\":\"https:\/\/invertas.lt\/shop\/\"},{\"@type\":\"ListItem\",\"position\":3,\"name\":\"Duj\u0173 analizatoriai\",\"item\":\"https:\/\/invertas.lt\/.\/duju-analizatoriai\/\"},{\"@type\":\"ListItem\",\"position\":4,\"name\":\"Fuji Electric \u0161viesos sklaidos dulki\u0173 matuoklis ZFDM-4\"}]},{\"@type\":\"WebSite\",\"@id\":\"https:\/\/invertas.lt\/#website\",\"url\":\"https:\/\/invertas.lt\/\",\"name\":\"Invertas\",\"description\":\"\",\"publisher\":{\"@id\":\"https:\/\/invertas.lt\/#organization\"},\"potentialAction\":[{\"@type\":\"SearchAction\",\"target\":{\"@type\":\"EntryPoint\",\"urlTemplate\":\"https:\/\/invertas.lt\/?s={search_term_string}\"},\"query-input\":{\"@type\":\"PropertyValueSpecification\",\"valueRequired\":true,\"valueName\":\"search_term_string\"}}],\"inLanguage\":\"en-GB\"},{\"@type\":\"Organization\",\"@id\":\"https:\/\/invertas.lt\/#organization\",\"name\":\"Invertas\",\"url\":\"https:\/\/invertas.lt\/\",\"logo\":{\"@type\":\"ImageObject\",\"inLanguage\":\"en-GB\",\"@id\":\"https:\/\/invertas.lt\/#\/schema\/logo\/image\/\",\"url\":\"https:\/\/invertas.lt\/wp-content\/uploads\/2025\/03\/New-Text-Document-2.svg\",\"contentUrl\":\"https:\/\/invertas.lt\/wp-content\/uploads\/2025\/03\/New-Text-Document-2.svg\",\"width\":140,\"height\":39,\"caption\":\"Invertas\"},\"image\":{\"@id\":\"https:\/\/invertas.lt\/#\/schema\/logo\/image\/\"}}]}<\/script>\n<!-- \/ Yoast SEO plugin. -->","yoast_head_json":{"title":"Fuji Electric \u0161viesos sklaidos dulki\u0173 matuoklis ZFDM-4 - Invertas","description":"Continuous monitoring of particulate emissions, coal-fired boilers, biomass and other solid fuels, oil-fired boilers, diesel engines.","robots":{"index":"index","follow":"follow","max-snippet":"max-snippet:-1","max-image-preview":"max-image-preview:large","max-video-preview":"max-video-preview:-1"},"canonical":"https:\/\/invertas.lt\/en\/produktai\/duju-analizatoriai\/dulkiu-matuoklis-su-sviesos-sklaidos-technologija-zfdm-4\/","og_locale":"en_GB","og_type":"article","og_title":"Fuji Electric \u0161viesos sklaidos dulki\u0173 matuoklis ZFDM-4 - Invertas","og_description":"Nuolatin\u0117 kiet\u0173j\u0173 daleli\u0173 emisij\u0173 steb\u0117sena: anglimi k\u016brenamos katilin\u0117s, biomas\u0117 ir kiti kietieji kuru, nafta k\u016brenamos katilin\u0117s, dyzeliniai varikliai.","og_url":"https:\/\/invertas.lt\/en\/produktai\/duju-analizatoriai\/dulkiu-matuoklis-su-sviesos-sklaidos-technologija-zfdm-4\/","og_site_name":"Invertas","article_modified_time":"2025-08-08T20:55:00+00:00","og_image":[{"width":682,"height":682,"url":"https:\/\/invertas.lt\/wp-content\/uploads\/2025\/07\/zfdm-4-vue-generale-header-fr-en.webp","type":"image\/webp"}],"twitter_card":"summary_large_image","twitter_misc":{"Estimated reading time":"1 minute"},"schema":{"@context":"https:\/\/schema.org","@graph":[{"@type":"WebPage","@id":"https:\/\/invertas.lt\/produktai\/duju-analizatoriai\/dulkiu-matuoklis-su-sviesos-sklaidos-technologija-zfdm-4\/","url":"https:\/\/invertas.lt\/produktai\/duju-analizatoriai\/dulkiu-matuoklis-su-sviesos-sklaidos-technologija-zfdm-4\/","name":"Fuji Electric \u0161viesos sklaidos dulki\u0173 matuoklis ZFDM-4 - Invertas","isPartOf":{"@id":"https:\/\/invertas.lt\/#website"},"primaryImageOfPage":{"@id":"https:\/\/invertas.lt\/produktai\/duju-analizatoriai\/dulkiu-matuoklis-su-sviesos-sklaidos-technologija-zfdm-4\/#primaryimage"},"image":{"@id":"https:\/\/invertas.lt\/produktai\/duju-analizatoriai\/dulkiu-matuoklis-su-sviesos-sklaidos-technologija-zfdm-4\/#primaryimage"},"thumbnailUrl":"https:\/\/invertas.lt\/wp-content\/uploads\/2025\/07\/zfdm-4-vue-generale-header-fr-en.webp","datePublished":"2025-07-05T20:10:09+00:00","dateModified":"2025-08-08T20:55:00+00:00","description":"Continuous monitoring of particulate emissions, coal-fired boilers, biomass and other solid fuels, oil-fired boilers, diesel engines.","breadcrumb":{"@id":"https:\/\/invertas.lt\/produktai\/duju-analizatoriai\/dulkiu-matuoklis-su-sviesos-sklaidos-technologija-zfdm-4\/#breadcrumb"},"inLanguage":"en-GB","potentialAction":[{"@type":"ReadAction","target":["https:\/\/invertas.lt\/produktai\/duju-analizatoriai\/dulkiu-matuoklis-su-sviesos-sklaidos-technologija-zfdm-4\/"]}]},{"@type":"ImageObject","inLanguage":"en-GB","@id":"https:\/\/invertas.lt\/produktai\/duju-analizatoriai\/dulkiu-matuoklis-su-sviesos-sklaidos-technologija-zfdm-4\/#primaryimage","url":"https:\/\/invertas.lt\/wp-content\/uploads\/2025\/07\/zfdm-4-vue-generale-header-fr-en.webp","contentUrl":"https:\/\/invertas.lt\/wp-content\/uploads\/2025\/07\/zfdm-4-vue-generale-header-fr-en.webp","width":682,"height":682},{"@type":"BreadcrumbList","@id":"https:\/\/invertas.lt\/produktai\/duju-analizatoriai\/dulkiu-matuoklis-su-sviesos-sklaidos-technologija-zfdm-4\/#breadcrumb","itemListElement":[{"@type":"ListItem","position":1,"name":"Prad\u017eia","item":"https:\/\/invertas.lt\/"},{"@type":"ListItem","position":2,"name":"Products","item":"https:\/\/invertas.lt\/shop\/"},{"@type":"ListItem","position":3,"name":"Duj\u0173 analizatoriai","item":"https:\/\/invertas.lt\/.\/duju-analizatoriai\/"},{"@type":"ListItem","position":4,"name":"Fuji Electric \u0161viesos sklaidos dulki\u0173 matuoklis ZFDM-4"}]},{"@type":"WebSite","@id":"https:\/\/invertas.lt\/#website","url":"https:\/\/invertas.lt\/","name":"Invert","description":"","publisher":{"@id":"https:\/\/invertas.lt\/#organization"},"potentialAction":[{"@type":"SearchAction","target":{"@type":"EntryPoint","urlTemplate":"https:\/\/invertas.lt\/?s={search_term_string}"},"query-input":{"@type":"PropertyValueSpecification","valueRequired":true,"valueName":"search_term_string"}}],"inLanguage":"en-GB"},{"@type":"Organization","@id":"https:\/\/invertas.lt\/#organization","name":"Invert","url":"https:\/\/invertas.lt\/","logo":{"@type":"ImageObject","inLanguage":"en-GB","@id":"https:\/\/invertas.lt\/#\/schema\/logo\/image\/","url":"https:\/\/invertas.lt\/wp-content\/uploads\/2025\/03\/New-Text-Document-2.svg","contentUrl":"https:\/\/invertas.lt\/wp-content\/uploads\/2025\/03\/New-Text-Document-2.svg","width":140,"height":39,"caption":"Invertas"},"image":{"@id":"https:\/\/invertas.lt\/#\/schema\/logo\/image\/"}}]}},"_links":{"self":[{"href":"https:\/\/invertas.lt\/en\/wp-json\/wp\/v2\/product\/8022","targetHints":{"allow":["GET"]}}],"collection":[{"href":"https:\/\/invertas.lt\/en\/wp-json\/wp\/v2\/product"}],"about":[{"href":"https:\/\/invertas.lt\/en\/wp-json\/wp\/v2\/types\/product"}],"replies":[{"embeddable":true,"href":"https:\/\/invertas.lt\/en\/wp-json\/wp\/v2\/comments?post=8022"}],"wp:featuredmedia":[{"embeddable":true,"href":"https:\/\/invertas.lt\/en\/wp-json\/wp\/v2\/media\/8023"}],"wp:attachment":[{"href":"https:\/\/invertas.lt\/en\/wp-json\/wp\/v2\/media?parent=8022"}],"wp:term":[{"taxonomy":"product_brand","embeddable":true,"href":"https:\/\/invertas.lt\/en\/wp-json\/wp\/v2\/product_brand?post=8022"},{"taxonomy":"product_cat","embeddable":true,"href":"https:\/\/invertas.lt\/en\/wp-json\/wp\/v2\/product_cat?post=8022"},{"taxonomy":"product_tag","embeddable":true,"href":"https:\/\/invertas.lt\/en\/wp-json\/wp\/v2\/product_tag?post=8022"}],"curies":[{"name":"wp","href":"https:\/\/api.w.org\/{rel}","templated":true}]}}