{"id":8010,"date":"2025-07-05T19:48:28","date_gmt":"2025-07-05T19:48:28","guid":{"rendered":"https:\/\/aurimasb15.sg-host.com\/?post_type=product&#038;p=8010"},"modified":"2025-08-08T20:53:16","modified_gmt":"2025-08-08T20:53:16","slug":"elektroindukcinis-dulkiu-monitorius-zidm-5-qaldust","status":"publish","type":"product","link":"https:\/\/invertas.lt\/en\/produktai\/duju-analizatoriai\/elektroindukcinis-dulkiu-monitorius-zidm-5-qaldust\/","title":{"rendered":"Fuji Electric Electro-Inductive Dust Monitor \u2013 ZiDM-5 QALDUST"},"content":{"rendered":"<p data-start=\"0\" data-end=\"14\"><strong>Fields of application<\/strong><\/p>\n<p data-start=\"19\" data-end=\"161\">Waste incineration, power generation, filtration processes, cement, pharmaceuticals, chemicals, wood and steel.<\/p>\n<p data-start=\"62\" data-end=\"75\"><strong data-start=\"62\" data-end=\"73\">Features<\/strong><\/p>\n<ul>\n<li>Easy start-up and durable design for industrial conditions<\/li>\n<li>Precise dust measurement with a detection limit of 0.01 mg\/m\u00b3<\/li>\n<li>Automatic zero and span checks<\/li>\n<li>Multi-point calibration and flow compensation<\/li>\n<li>Modern interfaces (4-20 mA, RS485, USB, wireless)<\/li>\n<li>Local display with LED indicators<\/li>\n<\/ul>","protected":false},"excerpt":{"rendered":"<p>Taikymo sritys Atliek\u0173 deginimas, elektros gamyba, filtravimo procesai, cementas, farmacijos pramon\u0117, chemikalai, mediena ir plienas. Savyb\u0117s Lengvas paleidimas ir patvarus dizainas pramonin\u0117ms s\u0105lygoms Tikslus dulki\u0173 matavimas su aptikimo riba 0,01 mg\/m\u00b3 Automatiniai nulio ir intervalo patikrinimai Keli\u0173 ta\u0161k\u0173 kalibracija ir srauto kompensacija Modernios s\u0105sajos (4-20 mA, RS485, USB, belaidis ry\u0161ys) Vietinis ekranas su LED indikatoriais<\/p>","protected":false},"featured_media":8011,"comment_status":"open","ping_status":"closed","template":"","meta":{"_acf_changed":false,"inline_featured_image":false},"product_brand":[],"product_cat":[422],"product_tag":[],"class_list":{"0":"post-8010","1":"product","2":"type-product","3":"status-publish","4":"has-post-thumbnail","6":"product_cat-duju-analizatoriai","8":"first","9":"instock","10":"shipping-taxable","11":"purchasable","12":"product-type-simple"},"acf":[],"yoast_head":"<!-- This site is optimized with the Yoast SEO plugin v25.5 - https:\/\/yoast.com\/wordpress\/plugins\/seo\/ -->\n<title>Fuji Electric elektroindukcinis dulki\u0173 monitorius \u2013 ZiDM-5 QALDUST - Invertas<\/title>\n<meta name=\"description\" content=\"Chemijos, energetikos, metalurgijos, cemento, farmacijos, popieriaus, maisto ir kasybos pramon\u0117ms. Lengvas paleidimas ir derinimas.\" \/>\n<meta name=\"robots\" content=\"index, follow, max-snippet:-1, max-image-preview:large, max-video-preview:-1\" \/>\n<link rel=\"canonical\" href=\"https:\/\/invertas.lt\/en\/produktai\/duju-analizatoriai\/elektroindukcinis-dulkiu-monitorius-zidm-5-qaldust\/\" \/>\n<meta property=\"og:locale\" content=\"en_GB\" \/>\n<meta property=\"og:type\" content=\"article\" \/>\n<meta property=\"og:title\" content=\"Fuji Electric elektroindukcinis dulki\u0173 monitorius \u2013 ZiDM-5 QALDUST - Invertas\" \/>\n<meta property=\"og:description\" content=\"Chemijos, energetikos, metalurgijos, cemento, farmacijos, popieriaus, maisto ir kasybos pramon\u0117ms. Lengvas paleidimas ir derinimas.\" \/>\n<meta property=\"og:url\" content=\"https:\/\/invertas.lt\/en\/produktai\/duju-analizatoriai\/elektroindukcinis-dulkiu-monitorius-zidm-5-qaldust\/\" \/>\n<meta property=\"og:site_name\" content=\"Invertas\" \/>\n<meta property=\"article:modified_time\" content=\"2025-08-08T20:53:16+00:00\" \/>\n<meta property=\"og:image\" content=\"https:\/\/invertas.lt\/wp-content\/uploads\/2025\/07\/qaldust-vue-generale-header-fr-en.webp\" \/>\n\t<meta property=\"og:image:width\" content=\"682\" \/>\n\t<meta property=\"og:image:height\" content=\"682\" \/>\n\t<meta property=\"og:image:type\" content=\"image\/webp\" \/>\n<meta name=\"twitter:card\" content=\"summary_large_image\" \/>\n<meta name=\"twitter:label1\" content=\"Estimated reading time\" \/>\n\t<meta name=\"twitter:data1\" content=\"1 minute\" \/>\n<script type=\"application\/ld+json\" class=\"yoast-schema-graph\">{\"@context\":\"https:\/\/schema.org\",\"@graph\":[{\"@type\":\"WebPage\",\"@id\":\"https:\/\/invertas.lt\/produktai\/duju-analizatoriai\/elektroindukcinis-dulkiu-monitorius-zidm-5-qaldust\/\",\"url\":\"https:\/\/invertas.lt\/produktai\/duju-analizatoriai\/elektroindukcinis-dulkiu-monitorius-zidm-5-qaldust\/\",\"name\":\"Fuji Electric elektroindukcinis dulki\u0173 monitorius \u2013 ZiDM-5 QALDUST - Invertas\",\"isPartOf\":{\"@id\":\"https:\/\/invertas.lt\/#website\"},\"primaryImageOfPage\":{\"@id\":\"https:\/\/invertas.lt\/produktai\/duju-analizatoriai\/elektroindukcinis-dulkiu-monitorius-zidm-5-qaldust\/#primaryimage\"},\"image\":{\"@id\":\"https:\/\/invertas.lt\/produktai\/duju-analizatoriai\/elektroindukcinis-dulkiu-monitorius-zidm-5-qaldust\/#primaryimage\"},\"thumbnailUrl\":\"https:\/\/invertas.lt\/wp-content\/uploads\/2025\/07\/qaldust-vue-generale-header-fr-en.webp\",\"datePublished\":\"2025-07-05T19:48:28+00:00\",\"dateModified\":\"2025-08-08T20:53:16+00:00\",\"description\":\"Chemijos, energetikos, metalurgijos, cemento, farmacijos, popieriaus, maisto ir kasybos pramon\u0117ms. Lengvas paleidimas ir derinimas.\",\"breadcrumb\":{\"@id\":\"https:\/\/invertas.lt\/produktai\/duju-analizatoriai\/elektroindukcinis-dulkiu-monitorius-zidm-5-qaldust\/#breadcrumb\"},\"inLanguage\":\"en-GB\",\"potentialAction\":[{\"@type\":\"ReadAction\",\"target\":[\"https:\/\/invertas.lt\/produktai\/duju-analizatoriai\/elektroindukcinis-dulkiu-monitorius-zidm-5-qaldust\/\"]}]},{\"@type\":\"ImageObject\",\"inLanguage\":\"en-GB\",\"@id\":\"https:\/\/invertas.lt\/produktai\/duju-analizatoriai\/elektroindukcinis-dulkiu-monitorius-zidm-5-qaldust\/#primaryimage\",\"url\":\"https:\/\/invertas.lt\/wp-content\/uploads\/2025\/07\/qaldust-vue-generale-header-fr-en.webp\",\"contentUrl\":\"https:\/\/invertas.lt\/wp-content\/uploads\/2025\/07\/qaldust-vue-generale-header-fr-en.webp\",\"width\":682,\"height\":682},{\"@type\":\"BreadcrumbList\",\"@id\":\"https:\/\/invertas.lt\/produktai\/duju-analizatoriai\/elektroindukcinis-dulkiu-monitorius-zidm-5-qaldust\/#breadcrumb\",\"itemListElement\":[{\"@type\":\"ListItem\",\"position\":1,\"name\":\"Prad\u017eia\",\"item\":\"https:\/\/invertas.lt\/\"},{\"@type\":\"ListItem\",\"position\":2,\"name\":\"Products\",\"item\":\"https:\/\/invertas.lt\/shop\/\"},{\"@type\":\"ListItem\",\"position\":3,\"name\":\"Duj\u0173 analizatoriai\",\"item\":\"https:\/\/invertas.lt\/.\/duju-analizatoriai\/\"},{\"@type\":\"ListItem\",\"position\":4,\"name\":\"Fuji Electric elektroindukcinis dulki\u0173 monitorius \u2013 ZiDM-5 QALDUST\"}]},{\"@type\":\"WebSite\",\"@id\":\"https:\/\/invertas.lt\/#website\",\"url\":\"https:\/\/invertas.lt\/\",\"name\":\"Invertas\",\"description\":\"\",\"publisher\":{\"@id\":\"https:\/\/invertas.lt\/#organization\"},\"potentialAction\":[{\"@type\":\"SearchAction\",\"target\":{\"@type\":\"EntryPoint\",\"urlTemplate\":\"https:\/\/invertas.lt\/?s={search_term_string}\"},\"query-input\":{\"@type\":\"PropertyValueSpecification\",\"valueRequired\":true,\"valueName\":\"search_term_string\"}}],\"inLanguage\":\"en-GB\"},{\"@type\":\"Organization\",\"@id\":\"https:\/\/invertas.lt\/#organization\",\"name\":\"Invertas\",\"url\":\"https:\/\/invertas.lt\/\",\"logo\":{\"@type\":\"ImageObject\",\"inLanguage\":\"en-GB\",\"@id\":\"https:\/\/invertas.lt\/#\/schema\/logo\/image\/\",\"url\":\"https:\/\/invertas.lt\/wp-content\/uploads\/2025\/03\/New-Text-Document-2.svg\",\"contentUrl\":\"https:\/\/invertas.lt\/wp-content\/uploads\/2025\/03\/New-Text-Document-2.svg\",\"width\":140,\"height\":39,\"caption\":\"Invertas\"},\"image\":{\"@id\":\"https:\/\/invertas.lt\/#\/schema\/logo\/image\/\"}}]}<\/script>\n<!-- \/ Yoast SEO plugin. -->","yoast_head_json":{"title":"Fuji Electric elektroindukcinis dulki\u0173 monitorius \u2013 ZiDM-5 QALDUST - Invertas","description":"Chemijos, energetikos, metalurgijos, cemento, farmacijos, popieriaus, maisto ir kasybos pramon\u0117ms. Lengvas paleidimas ir derinimas.","robots":{"index":"index","follow":"follow","max-snippet":"max-snippet:-1","max-image-preview":"max-image-preview:large","max-video-preview":"max-video-preview:-1"},"canonical":"https:\/\/invertas.lt\/en\/produktai\/duju-analizatoriai\/elektroindukcinis-dulkiu-monitorius-zidm-5-qaldust\/","og_locale":"en_GB","og_type":"article","og_title":"Fuji Electric elektroindukcinis dulki\u0173 monitorius \u2013 ZiDM-5 QALDUST - Invertas","og_description":"Chemijos, energetikos, metalurgijos, cemento, farmacijos, popieriaus, maisto ir kasybos pramon\u0117ms. Lengvas paleidimas ir derinimas.","og_url":"https:\/\/invertas.lt\/en\/produktai\/duju-analizatoriai\/elektroindukcinis-dulkiu-monitorius-zidm-5-qaldust\/","og_site_name":"Invertas","article_modified_time":"2025-08-08T20:53:16+00:00","og_image":[{"width":682,"height":682,"url":"https:\/\/invertas.lt\/wp-content\/uploads\/2025\/07\/qaldust-vue-generale-header-fr-en.webp","type":"image\/webp"}],"twitter_card":"summary_large_image","twitter_misc":{"Estimated reading time":"1 minute"},"schema":{"@context":"https:\/\/schema.org","@graph":[{"@type":"WebPage","@id":"https:\/\/invertas.lt\/produktai\/duju-analizatoriai\/elektroindukcinis-dulkiu-monitorius-zidm-5-qaldust\/","url":"https:\/\/invertas.lt\/produktai\/duju-analizatoriai\/elektroindukcinis-dulkiu-monitorius-zidm-5-qaldust\/","name":"Fuji Electric elektroindukcinis dulki\u0173 monitorius \u2013 ZiDM-5 QALDUST - Invertas","isPartOf":{"@id":"https:\/\/invertas.lt\/#website"},"primaryImageOfPage":{"@id":"https:\/\/invertas.lt\/produktai\/duju-analizatoriai\/elektroindukcinis-dulkiu-monitorius-zidm-5-qaldust\/#primaryimage"},"image":{"@id":"https:\/\/invertas.lt\/produktai\/duju-analizatoriai\/elektroindukcinis-dulkiu-monitorius-zidm-5-qaldust\/#primaryimage"},"thumbnailUrl":"https:\/\/invertas.lt\/wp-content\/uploads\/2025\/07\/qaldust-vue-generale-header-fr-en.webp","datePublished":"2025-07-05T19:48:28+00:00","dateModified":"2025-08-08T20:53:16+00:00","description":"Chemijos, energetikos, metalurgijos, cemento, farmacijos, popieriaus, maisto ir kasybos pramon\u0117ms. Lengvas paleidimas ir derinimas.","breadcrumb":{"@id":"https:\/\/invertas.lt\/produktai\/duju-analizatoriai\/elektroindukcinis-dulkiu-monitorius-zidm-5-qaldust\/#breadcrumb"},"inLanguage":"en-GB","potentialAction":[{"@type":"ReadAction","target":["https:\/\/invertas.lt\/produktai\/duju-analizatoriai\/elektroindukcinis-dulkiu-monitorius-zidm-5-qaldust\/"]}]},{"@type":"ImageObject","inLanguage":"en-GB","@id":"https:\/\/invertas.lt\/produktai\/duju-analizatoriai\/elektroindukcinis-dulkiu-monitorius-zidm-5-qaldust\/#primaryimage","url":"https:\/\/invertas.lt\/wp-content\/uploads\/2025\/07\/qaldust-vue-generale-header-fr-en.webp","contentUrl":"https:\/\/invertas.lt\/wp-content\/uploads\/2025\/07\/qaldust-vue-generale-header-fr-en.webp","width":682,"height":682},{"@type":"BreadcrumbList","@id":"https:\/\/invertas.lt\/produktai\/duju-analizatoriai\/elektroindukcinis-dulkiu-monitorius-zidm-5-qaldust\/#breadcrumb","itemListElement":[{"@type":"ListItem","position":1,"name":"Prad\u017eia","item":"https:\/\/invertas.lt\/"},{"@type":"ListItem","position":2,"name":"Products","item":"https:\/\/invertas.lt\/shop\/"},{"@type":"ListItem","position":3,"name":"Duj\u0173 analizatoriai","item":"https:\/\/invertas.lt\/.\/duju-analizatoriai\/"},{"@type":"ListItem","position":4,"name":"Fuji Electric elektroindukcinis dulki\u0173 monitorius \u2013 ZiDM-5 QALDUST"}]},{"@type":"WebSite","@id":"https:\/\/invertas.lt\/#website","url":"https:\/\/invertas.lt\/","name":"Invert","description":"","publisher":{"@id":"https:\/\/invertas.lt\/#organization"},"potentialAction":[{"@type":"SearchAction","target":{"@type":"EntryPoint","urlTemplate":"https:\/\/invertas.lt\/?s={search_term_string}"},"query-input":{"@type":"PropertyValueSpecification","valueRequired":true,"valueName":"search_term_string"}}],"inLanguage":"en-GB"},{"@type":"Organization","@id":"https:\/\/invertas.lt\/#organization","name":"Invert","url":"https:\/\/invertas.lt\/","logo":{"@type":"ImageObject","inLanguage":"en-GB","@id":"https:\/\/invertas.lt\/#\/schema\/logo\/image\/","url":"https:\/\/invertas.lt\/wp-content\/uploads\/2025\/03\/New-Text-Document-2.svg","contentUrl":"https:\/\/invertas.lt\/wp-content\/uploads\/2025\/03\/New-Text-Document-2.svg","width":140,"height":39,"caption":"Invertas"},"image":{"@id":"https:\/\/invertas.lt\/#\/schema\/logo\/image\/"}}]}},"_links":{"self":[{"href":"https:\/\/invertas.lt\/en\/wp-json\/wp\/v2\/product\/8010","targetHints":{"allow":["GET"]}}],"collection":[{"href":"https:\/\/invertas.lt\/en\/wp-json\/wp\/v2\/product"}],"about":[{"href":"https:\/\/invertas.lt\/en\/wp-json\/wp\/v2\/types\/product"}],"replies":[{"embeddable":true,"href":"https:\/\/invertas.lt\/en\/wp-json\/wp\/v2\/comments?post=8010"}],"wp:featuredmedia":[{"embeddable":true,"href":"https:\/\/invertas.lt\/en\/wp-json\/wp\/v2\/media\/8011"}],"wp:attachment":[{"href":"https:\/\/invertas.lt\/en\/wp-json\/wp\/v2\/media?parent=8010"}],"wp:term":[{"taxonomy":"product_brand","embeddable":true,"href":"https:\/\/invertas.lt\/en\/wp-json\/wp\/v2\/product_brand?post=8010"},{"taxonomy":"product_cat","embeddable":true,"href":"https:\/\/invertas.lt\/en\/wp-json\/wp\/v2\/product_cat?post=8010"},{"taxonomy":"product_tag","embeddable":true,"href":"https:\/\/invertas.lt\/en\/wp-json\/wp\/v2\/product_tag?post=8010"}],"curies":[{"name":"wp","href":"https:\/\/api.w.org\/{rel}","templated":true}]}}