{"id":8001,"date":"2025-07-05T19:40:28","date_gmt":"2025-07-05T19:40:28","guid":{"rendered":"https:\/\/aurimasb15.sg-host.com\/?post_type=product&#038;p=8001"},"modified":"2025-08-08T20:52:51","modified_gmt":"2025-08-08T20:52:51","slug":"elektroindukcinis-dulkiu-monitorius-zidm-4-emidust","status":"publish","type":"product","link":"https:\/\/invertas.lt\/en\/produktai\/duju-analizatoriai\/elektroindukcinis-dulkiu-monitorius-zidm-4-emidust\/","title":{"rendered":"Fuji Electric Electro-Inductive Dust Monitor \u2013 ZiDM-4 EMIDUST"},"content":{"rendered":"<p data-start=\"0\" data-end=\"14\"><strong>Fields of application<\/strong><\/p>\n<p data-start=\"19\" data-end=\"161\">Chemicals, energy, metallurgy, cement, pharmaceuticals, paper, food and mining.<\/p>\n<p data-start=\"60\" data-end=\"73\"><strong data-start=\"60\" data-end=\"71\">Features<\/strong><\/p>\n<ul>\n<li data-start=\"76\" data-end=\"109\">Easy start-up and commissioning<\/li>\n<li data-start=\"112\" data-end=\"152\">Durable design for harsh conditions<\/li>\n<li data-start=\"155\" data-end=\"229\">Precise dust measurement with a wide range and a detection limit of 0.01 mg\/m\u00b3<\/li>\n<li data-start=\"232\" data-end=\"288\">Multi-point calibration and flow rate compensation<\/li>\n<li data-start=\"291\" data-end=\"337\">Automatic zero and span checks<\/li>\n<li data-start=\"340\" data-end=\"407\">Advanced interfaces: 4-20 mA, RS485, USB, relays and wireless communication<\/li>\n<li data-start=\"410\" data-end=\"447\">Local display with LED indicators<\/li>\n<\/ul>","protected":false},"excerpt":{"rendered":"<p>Taikymo sritys Chemijos, energetikos, metalurgijos, cemento, farmacijos, popieriaus, maisto ir kasybos pramon\u0117ms. Savyb\u0117s Lengvas paleidimas ir derinimas Patvarus dizainas at\u0161iaurioms s\u0105lygoms Tikslus dulki\u0173 matavimas su pla\u010diu diapazonu ir aptikimo riba 0,01 mg\/m\u00b3 Keli\u0173 ta\u0161k\u0173 kalibracija ir srauto grei\u010dio kompensacija Automatiniai nulio ir intervalo patikrinimai I\u0161pl\u0117stin\u0117s s\u0105sajos: 4-20 mA, RS485, USB, rel\u0117s ir belaidis ry\u0161ys Vietinis [&hellip;]<\/p>","protected":false},"featured_media":8002,"comment_status":"open","ping_status":"closed","template":"","meta":{"_acf_changed":false,"inline_featured_image":false},"product_brand":[],"product_cat":[422],"product_tag":[],"class_list":{"0":"post-8001","1":"product","2":"type-product","3":"status-publish","4":"has-post-thumbnail","6":"product_cat-duju-analizatoriai","8":"first","9":"instock","10":"shipping-taxable","11":"purchasable","12":"product-type-simple"},"acf":[],"yoast_head":"<!-- This site is optimized with the Yoast SEO plugin v25.5 - https:\/\/yoast.com\/wordpress\/plugins\/seo\/ -->\n<title>Fuji Electric elektroindukcinis dulki\u0173 monitorius \u2013 ZiDM-4 EMIDUST - Invertas<\/title>\n<meta name=\"description\" content=\"Chemijos, energetikos, metalurgijos, cemento, farmacijos, popieriaus, maisto ir kasybos pramon\u0117ms. Lengvas paleidimas ir derinimas.\" \/>\n<meta name=\"robots\" content=\"index, follow, max-snippet:-1, max-image-preview:large, max-video-preview:-1\" \/>\n<link rel=\"canonical\" href=\"https:\/\/invertas.lt\/en\/produktai\/duju-analizatoriai\/elektroindukcinis-dulkiu-monitorius-zidm-4-emidust\/\" \/>\n<meta property=\"og:locale\" content=\"en_GB\" \/>\n<meta property=\"og:type\" content=\"article\" \/>\n<meta property=\"og:title\" content=\"Fuji Electric elektroindukcinis dulki\u0173 monitorius \u2013 ZiDM-4 EMIDUST - Invertas\" \/>\n<meta property=\"og:description\" content=\"Chemijos, energetikos, metalurgijos, cemento, farmacijos, popieriaus, maisto ir kasybos pramon\u0117ms. Lengvas paleidimas ir derinimas.\" \/>\n<meta property=\"og:url\" content=\"https:\/\/invertas.lt\/en\/produktai\/duju-analizatoriai\/elektroindukcinis-dulkiu-monitorius-zidm-4-emidust\/\" \/>\n<meta property=\"og:site_name\" content=\"Invertas\" \/>\n<meta property=\"article:modified_time\" content=\"2025-08-08T20:52:51+00:00\" \/>\n<meta property=\"og:image\" content=\"https:\/\/invertas.lt\/wp-content\/uploads\/2025\/07\/emidust-vue-generale-header-fr-en.webp\" \/>\n\t<meta property=\"og:image:width\" content=\"682\" \/>\n\t<meta property=\"og:image:height\" content=\"682\" \/>\n\t<meta property=\"og:image:type\" content=\"image\/webp\" \/>\n<meta name=\"twitter:card\" content=\"summary_large_image\" \/>\n<meta name=\"twitter:label1\" content=\"Estimated reading time\" \/>\n\t<meta name=\"twitter:data1\" content=\"1 minute\" \/>\n<script type=\"application\/ld+json\" class=\"yoast-schema-graph\">{\"@context\":\"https:\/\/schema.org\",\"@graph\":[{\"@type\":\"WebPage\",\"@id\":\"https:\/\/invertas.lt\/produktai\/duju-analizatoriai\/elektroindukcinis-dulkiu-monitorius-zidm-4-emidust\/\",\"url\":\"https:\/\/invertas.lt\/produktai\/duju-analizatoriai\/elektroindukcinis-dulkiu-monitorius-zidm-4-emidust\/\",\"name\":\"Fuji Electric elektroindukcinis dulki\u0173 monitorius \u2013 ZiDM-4 EMIDUST - Invertas\",\"isPartOf\":{\"@id\":\"https:\/\/invertas.lt\/#website\"},\"primaryImageOfPage\":{\"@id\":\"https:\/\/invertas.lt\/produktai\/duju-analizatoriai\/elektroindukcinis-dulkiu-monitorius-zidm-4-emidust\/#primaryimage\"},\"image\":{\"@id\":\"https:\/\/invertas.lt\/produktai\/duju-analizatoriai\/elektroindukcinis-dulkiu-monitorius-zidm-4-emidust\/#primaryimage\"},\"thumbnailUrl\":\"https:\/\/invertas.lt\/wp-content\/uploads\/2025\/07\/emidust-vue-generale-header-fr-en.webp\",\"datePublished\":\"2025-07-05T19:40:28+00:00\",\"dateModified\":\"2025-08-08T20:52:51+00:00\",\"description\":\"Chemijos, energetikos, metalurgijos, cemento, farmacijos, popieriaus, maisto ir kasybos pramon\u0117ms. Lengvas paleidimas ir derinimas.\",\"breadcrumb\":{\"@id\":\"https:\/\/invertas.lt\/produktai\/duju-analizatoriai\/elektroindukcinis-dulkiu-monitorius-zidm-4-emidust\/#breadcrumb\"},\"inLanguage\":\"en-GB\",\"potentialAction\":[{\"@type\":\"ReadAction\",\"target\":[\"https:\/\/invertas.lt\/produktai\/duju-analizatoriai\/elektroindukcinis-dulkiu-monitorius-zidm-4-emidust\/\"]}]},{\"@type\":\"ImageObject\",\"inLanguage\":\"en-GB\",\"@id\":\"https:\/\/invertas.lt\/produktai\/duju-analizatoriai\/elektroindukcinis-dulkiu-monitorius-zidm-4-emidust\/#primaryimage\",\"url\":\"https:\/\/invertas.lt\/wp-content\/uploads\/2025\/07\/emidust-vue-generale-header-fr-en.webp\",\"contentUrl\":\"https:\/\/invertas.lt\/wp-content\/uploads\/2025\/07\/emidust-vue-generale-header-fr-en.webp\",\"width\":682,\"height\":682},{\"@type\":\"BreadcrumbList\",\"@id\":\"https:\/\/invertas.lt\/produktai\/duju-analizatoriai\/elektroindukcinis-dulkiu-monitorius-zidm-4-emidust\/#breadcrumb\",\"itemListElement\":[{\"@type\":\"ListItem\",\"position\":1,\"name\":\"Prad\u017eia\",\"item\":\"https:\/\/invertas.lt\/\"},{\"@type\":\"ListItem\",\"position\":2,\"name\":\"Products\",\"item\":\"https:\/\/invertas.lt\/shop\/\"},{\"@type\":\"ListItem\",\"position\":3,\"name\":\"Duj\u0173 analizatoriai\",\"item\":\"https:\/\/invertas.lt\/.\/duju-analizatoriai\/\"},{\"@type\":\"ListItem\",\"position\":4,\"name\":\"Fuji Electric elektroindukcinis dulki\u0173 monitorius \u2013 ZiDM-4 EMIDUST\"}]},{\"@type\":\"WebSite\",\"@id\":\"https:\/\/invertas.lt\/#website\",\"url\":\"https:\/\/invertas.lt\/\",\"name\":\"Invertas\",\"description\":\"\",\"publisher\":{\"@id\":\"https:\/\/invertas.lt\/#organization\"},\"potentialAction\":[{\"@type\":\"SearchAction\",\"target\":{\"@type\":\"EntryPoint\",\"urlTemplate\":\"https:\/\/invertas.lt\/?s={search_term_string}\"},\"query-input\":{\"@type\":\"PropertyValueSpecification\",\"valueRequired\":true,\"valueName\":\"search_term_string\"}}],\"inLanguage\":\"en-GB\"},{\"@type\":\"Organization\",\"@id\":\"https:\/\/invertas.lt\/#organization\",\"name\":\"Invertas\",\"url\":\"https:\/\/invertas.lt\/\",\"logo\":{\"@type\":\"ImageObject\",\"inLanguage\":\"en-GB\",\"@id\":\"https:\/\/invertas.lt\/#\/schema\/logo\/image\/\",\"url\":\"https:\/\/invertas.lt\/wp-content\/uploads\/2025\/03\/New-Text-Document-2.svg\",\"contentUrl\":\"https:\/\/invertas.lt\/wp-content\/uploads\/2025\/03\/New-Text-Document-2.svg\",\"width\":140,\"height\":39,\"caption\":\"Invertas\"},\"image\":{\"@id\":\"https:\/\/invertas.lt\/#\/schema\/logo\/image\/\"}}]}<\/script>\n<!-- \/ Yoast SEO plugin. -->","yoast_head_json":{"title":"Fuji Electric elektroindukcinis dulki\u0173 monitorius \u2013 ZiDM-4 EMIDUST - Invertas","description":"Chemijos, energetikos, metalurgijos, cemento, farmacijos, popieriaus, maisto ir kasybos pramon\u0117ms. Lengvas paleidimas ir derinimas.","robots":{"index":"index","follow":"follow","max-snippet":"max-snippet:-1","max-image-preview":"max-image-preview:large","max-video-preview":"max-video-preview:-1"},"canonical":"https:\/\/invertas.lt\/en\/produktai\/duju-analizatoriai\/elektroindukcinis-dulkiu-monitorius-zidm-4-emidust\/","og_locale":"en_GB","og_type":"article","og_title":"Fuji Electric elektroindukcinis dulki\u0173 monitorius \u2013 ZiDM-4 EMIDUST - Invertas","og_description":"Chemijos, energetikos, metalurgijos, cemento, farmacijos, popieriaus, maisto ir kasybos pramon\u0117ms. Lengvas paleidimas ir derinimas.","og_url":"https:\/\/invertas.lt\/en\/produktai\/duju-analizatoriai\/elektroindukcinis-dulkiu-monitorius-zidm-4-emidust\/","og_site_name":"Invertas","article_modified_time":"2025-08-08T20:52:51+00:00","og_image":[{"width":682,"height":682,"url":"https:\/\/invertas.lt\/wp-content\/uploads\/2025\/07\/emidust-vue-generale-header-fr-en.webp","type":"image\/webp"}],"twitter_card":"summary_large_image","twitter_misc":{"Estimated reading time":"1 minute"},"schema":{"@context":"https:\/\/schema.org","@graph":[{"@type":"WebPage","@id":"https:\/\/invertas.lt\/produktai\/duju-analizatoriai\/elektroindukcinis-dulkiu-monitorius-zidm-4-emidust\/","url":"https:\/\/invertas.lt\/produktai\/duju-analizatoriai\/elektroindukcinis-dulkiu-monitorius-zidm-4-emidust\/","name":"Fuji Electric elektroindukcinis dulki\u0173 monitorius \u2013 ZiDM-4 EMIDUST - Invertas","isPartOf":{"@id":"https:\/\/invertas.lt\/#website"},"primaryImageOfPage":{"@id":"https:\/\/invertas.lt\/produktai\/duju-analizatoriai\/elektroindukcinis-dulkiu-monitorius-zidm-4-emidust\/#primaryimage"},"image":{"@id":"https:\/\/invertas.lt\/produktai\/duju-analizatoriai\/elektroindukcinis-dulkiu-monitorius-zidm-4-emidust\/#primaryimage"},"thumbnailUrl":"https:\/\/invertas.lt\/wp-content\/uploads\/2025\/07\/emidust-vue-generale-header-fr-en.webp","datePublished":"2025-07-05T19:40:28+00:00","dateModified":"2025-08-08T20:52:51+00:00","description":"Chemijos, energetikos, metalurgijos, cemento, farmacijos, popieriaus, maisto ir kasybos pramon\u0117ms. Lengvas paleidimas ir derinimas.","breadcrumb":{"@id":"https:\/\/invertas.lt\/produktai\/duju-analizatoriai\/elektroindukcinis-dulkiu-monitorius-zidm-4-emidust\/#breadcrumb"},"inLanguage":"en-GB","potentialAction":[{"@type":"ReadAction","target":["https:\/\/invertas.lt\/produktai\/duju-analizatoriai\/elektroindukcinis-dulkiu-monitorius-zidm-4-emidust\/"]}]},{"@type":"ImageObject","inLanguage":"en-GB","@id":"https:\/\/invertas.lt\/produktai\/duju-analizatoriai\/elektroindukcinis-dulkiu-monitorius-zidm-4-emidust\/#primaryimage","url":"https:\/\/invertas.lt\/wp-content\/uploads\/2025\/07\/emidust-vue-generale-header-fr-en.webp","contentUrl":"https:\/\/invertas.lt\/wp-content\/uploads\/2025\/07\/emidust-vue-generale-header-fr-en.webp","width":682,"height":682},{"@type":"BreadcrumbList","@id":"https:\/\/invertas.lt\/produktai\/duju-analizatoriai\/elektroindukcinis-dulkiu-monitorius-zidm-4-emidust\/#breadcrumb","itemListElement":[{"@type":"ListItem","position":1,"name":"Prad\u017eia","item":"https:\/\/invertas.lt\/"},{"@type":"ListItem","position":2,"name":"Products","item":"https:\/\/invertas.lt\/shop\/"},{"@type":"ListItem","position":3,"name":"Duj\u0173 analizatoriai","item":"https:\/\/invertas.lt\/.\/duju-analizatoriai\/"},{"@type":"ListItem","position":4,"name":"Fuji Electric elektroindukcinis dulki\u0173 monitorius \u2013 ZiDM-4 EMIDUST"}]},{"@type":"WebSite","@id":"https:\/\/invertas.lt\/#website","url":"https:\/\/invertas.lt\/","name":"Invert","description":"","publisher":{"@id":"https:\/\/invertas.lt\/#organization"},"potentialAction":[{"@type":"SearchAction","target":{"@type":"EntryPoint","urlTemplate":"https:\/\/invertas.lt\/?s={search_term_string}"},"query-input":{"@type":"PropertyValueSpecification","valueRequired":true,"valueName":"search_term_string"}}],"inLanguage":"en-GB"},{"@type":"Organization","@id":"https:\/\/invertas.lt\/#organization","name":"Invert","url":"https:\/\/invertas.lt\/","logo":{"@type":"ImageObject","inLanguage":"en-GB","@id":"https:\/\/invertas.lt\/#\/schema\/logo\/image\/","url":"https:\/\/invertas.lt\/wp-content\/uploads\/2025\/03\/New-Text-Document-2.svg","contentUrl":"https:\/\/invertas.lt\/wp-content\/uploads\/2025\/03\/New-Text-Document-2.svg","width":140,"height":39,"caption":"Invertas"},"image":{"@id":"https:\/\/invertas.lt\/#\/schema\/logo\/image\/"}}]}},"_links":{"self":[{"href":"https:\/\/invertas.lt\/en\/wp-json\/wp\/v2\/product\/8001","targetHints":{"allow":["GET"]}}],"collection":[{"href":"https:\/\/invertas.lt\/en\/wp-json\/wp\/v2\/product"}],"about":[{"href":"https:\/\/invertas.lt\/en\/wp-json\/wp\/v2\/types\/product"}],"replies":[{"embeddable":true,"href":"https:\/\/invertas.lt\/en\/wp-json\/wp\/v2\/comments?post=8001"}],"wp:featuredmedia":[{"embeddable":true,"href":"https:\/\/invertas.lt\/en\/wp-json\/wp\/v2\/media\/8002"}],"wp:attachment":[{"href":"https:\/\/invertas.lt\/en\/wp-json\/wp\/v2\/media?parent=8001"}],"wp:term":[{"taxonomy":"product_brand","embeddable":true,"href":"https:\/\/invertas.lt\/en\/wp-json\/wp\/v2\/product_brand?post=8001"},{"taxonomy":"product_cat","embeddable":true,"href":"https:\/\/invertas.lt\/en\/wp-json\/wp\/v2\/product_cat?post=8001"},{"taxonomy":"product_tag","embeddable":true,"href":"https:\/\/invertas.lt\/en\/wp-json\/wp\/v2\/product_tag?post=8001"}],"curies":[{"name":"wp","href":"https:\/\/api.w.org\/{rel}","templated":true}]}}