{"id":7990,"date":"2025-07-05T18:18:33","date_gmt":"2025-07-05T18:18:33","guid":{"rendered":"https:\/\/aurimasb15.sg-host.com\/?post_type=product&#038;p=7990"},"modified":"2025-08-08T20:52:12","modified_gmt":"2025-08-08T20:52:12","slug":"elektroindukcinis-dulkiu-matuoklis-zidm-3-monidust","status":"publish","type":"product","link":"https:\/\/invertas.lt\/en\/produktai\/duju-analizatoriai\/elektroindukcinis-dulkiu-matuoklis-zidm-3-monidust\/","title":{"rendered":"Fuji Electric electro-inductive dust meter \u2013 ZiDM-3 MONIDUST"},"content":{"rendered":"<p data-start=\"0\" data-end=\"14\"><strong>Fields of application<\/strong><\/p>\n<p data-start=\"19\" data-end=\"161\">Chemicals, energy, metallurgy, cement, pharmaceuticals, paper, food and mining.<\/p>\n<p data-start=\"68\" data-end=\"81\"><strong data-start=\"68\" data-end=\"79\">Features<\/strong><\/p>\n<ul>\n<li data-start=\"84\" data-end=\"117\">Easy start-up and commissioning<\/li>\n<li data-start=\"120\" data-end=\"164\">Durable, adapted to harsh conditions<\/li>\n<li data-start=\"167\" data-end=\"219\">Accurate dust level measurement with a wide range<\/li>\n<li data-start=\"222\" data-end=\"268\">Automatic zero and span checks<\/li>\n<li data-start=\"271\" data-end=\"327\">Multi-point calibration and flow rate compensation<\/li>\n<li data-start=\"330\" data-end=\"386\">Modern interfaces: 4-20 mA, RS485, USB, wireless communication<\/li>\n<li data-start=\"389\" data-end=\"429\">Local display and status indicators<\/li>\n<\/ul>","protected":false},"excerpt":{"rendered":"<p>Taikymo sritys Chemijos, energetikos, metalurgijos, cemento, farmacijos, popieriaus, maisto ir kasybos pramon\u0117ms. Savyb\u0117s Lengvas paleidimas ir derinimas Patvarus, pritaikytas at\u0161iaurioms s\u0105lygoms Tikslus dulki\u0173 lygio matavimas su pla\u010diu diapazonu Automatiniai nulio ir intervalo patikrinimai Keli\u0173 ta\u0161k\u0173 kalibracija ir srauto grei\u010dio kompensacija Modernios s\u0105sajos: 4-20 mA, RS485, USB, belaidis ry\u0161ys Vietinis ekranas ir b\u016bsenos indikatoriai<\/p>","protected":false},"featured_media":7991,"comment_status":"open","ping_status":"closed","template":"","meta":{"_acf_changed":false,"inline_featured_image":false},"product_brand":[],"product_cat":[422],"product_tag":[],"class_list":{"0":"post-7990","1":"product","2":"type-product","3":"status-publish","4":"has-post-thumbnail","6":"product_cat-duju-analizatoriai","8":"first","9":"instock","10":"shipping-taxable","11":"purchasable","12":"product-type-simple"},"acf":[],"yoast_head":"<!-- This site is optimized with the Yoast SEO plugin v25.5 - https:\/\/yoast.com\/wordpress\/plugins\/seo\/ -->\n<title>Fuji Electric elektroindukcinis dulki\u0173 matuoklis - ZiDM-3 MONIDUST - Invertas<\/title>\n<meta name=\"description\" content=\"Chemijos, energetikos, metalurgijos, cemento, farmacijos, popieriaus, maisto ir kasybos pramon\u0117ms. Lengvas paleidimas ir derinimas.\" \/>\n<meta name=\"robots\" content=\"index, follow, max-snippet:-1, max-image-preview:large, max-video-preview:-1\" \/>\n<link rel=\"canonical\" href=\"https:\/\/invertas.lt\/en\/produktai\/duju-analizatoriai\/elektroindukcinis-dulkiu-matuoklis-zidm-3-monidust\/\" \/>\n<meta property=\"og:locale\" content=\"en_GB\" \/>\n<meta property=\"og:type\" content=\"article\" \/>\n<meta property=\"og:title\" content=\"Fuji Electric elektroindukcinis dulki\u0173 matuoklis - ZiDM-3 MONIDUST - Invertas\" \/>\n<meta property=\"og:description\" content=\"Chemijos, energetikos, metalurgijos, cemento, farmacijos, popieriaus, maisto ir kasybos pramon\u0117ms. Lengvas paleidimas ir derinimas.\" \/>\n<meta property=\"og:url\" content=\"https:\/\/invertas.lt\/en\/produktai\/duju-analizatoriai\/elektroindukcinis-dulkiu-matuoklis-zidm-3-monidust\/\" \/>\n<meta property=\"og:site_name\" content=\"Invertas\" \/>\n<meta property=\"article:modified_time\" content=\"2025-08-08T20:52:12+00:00\" \/>\n<meta property=\"og:image\" content=\"https:\/\/invertas.lt\/wp-content\/uploads\/2025\/07\/monidust-vue-generale-header-fr-en.webp\" \/>\n\t<meta property=\"og:image:width\" content=\"682\" \/>\n\t<meta property=\"og:image:height\" content=\"682\" \/>\n\t<meta property=\"og:image:type\" content=\"image\/webp\" \/>\n<meta name=\"twitter:card\" content=\"summary_large_image\" \/>\n<meta name=\"twitter:label1\" content=\"Estimated reading time\" \/>\n\t<meta name=\"twitter:data1\" content=\"1 minute\" \/>\n<script type=\"application\/ld+json\" class=\"yoast-schema-graph\">{\"@context\":\"https:\/\/schema.org\",\"@graph\":[{\"@type\":\"WebPage\",\"@id\":\"https:\/\/invertas.lt\/produktai\/duju-analizatoriai\/elektroindukcinis-dulkiu-matuoklis-zidm-3-monidust\/\",\"url\":\"https:\/\/invertas.lt\/produktai\/duju-analizatoriai\/elektroindukcinis-dulkiu-matuoklis-zidm-3-monidust\/\",\"name\":\"Fuji Electric elektroindukcinis dulki\u0173 matuoklis - ZiDM-3 MONIDUST - Invertas\",\"isPartOf\":{\"@id\":\"https:\/\/invertas.lt\/#website\"},\"primaryImageOfPage\":{\"@id\":\"https:\/\/invertas.lt\/produktai\/duju-analizatoriai\/elektroindukcinis-dulkiu-matuoklis-zidm-3-monidust\/#primaryimage\"},\"image\":{\"@id\":\"https:\/\/invertas.lt\/produktai\/duju-analizatoriai\/elektroindukcinis-dulkiu-matuoklis-zidm-3-monidust\/#primaryimage\"},\"thumbnailUrl\":\"https:\/\/invertas.lt\/wp-content\/uploads\/2025\/07\/monidust-vue-generale-header-fr-en.webp\",\"datePublished\":\"2025-07-05T18:18:33+00:00\",\"dateModified\":\"2025-08-08T20:52:12+00:00\",\"description\":\"Chemijos, energetikos, metalurgijos, cemento, farmacijos, popieriaus, maisto ir kasybos pramon\u0117ms. Lengvas paleidimas ir derinimas.\",\"breadcrumb\":{\"@id\":\"https:\/\/invertas.lt\/produktai\/duju-analizatoriai\/elektroindukcinis-dulkiu-matuoklis-zidm-3-monidust\/#breadcrumb\"},\"inLanguage\":\"en-GB\",\"potentialAction\":[{\"@type\":\"ReadAction\",\"target\":[\"https:\/\/invertas.lt\/produktai\/duju-analizatoriai\/elektroindukcinis-dulkiu-matuoklis-zidm-3-monidust\/\"]}]},{\"@type\":\"ImageObject\",\"inLanguage\":\"en-GB\",\"@id\":\"https:\/\/invertas.lt\/produktai\/duju-analizatoriai\/elektroindukcinis-dulkiu-matuoklis-zidm-3-monidust\/#primaryimage\",\"url\":\"https:\/\/invertas.lt\/wp-content\/uploads\/2025\/07\/monidust-vue-generale-header-fr-en.webp\",\"contentUrl\":\"https:\/\/invertas.lt\/wp-content\/uploads\/2025\/07\/monidust-vue-generale-header-fr-en.webp\",\"width\":682,\"height\":682},{\"@type\":\"BreadcrumbList\",\"@id\":\"https:\/\/invertas.lt\/produktai\/duju-analizatoriai\/elektroindukcinis-dulkiu-matuoklis-zidm-3-monidust\/#breadcrumb\",\"itemListElement\":[{\"@type\":\"ListItem\",\"position\":1,\"name\":\"Prad\u017eia\",\"item\":\"https:\/\/invertas.lt\/\"},{\"@type\":\"ListItem\",\"position\":2,\"name\":\"Products\",\"item\":\"https:\/\/invertas.lt\/shop\/\"},{\"@type\":\"ListItem\",\"position\":3,\"name\":\"Duj\u0173 analizatoriai\",\"item\":\"https:\/\/invertas.lt\/.\/duju-analizatoriai\/\"},{\"@type\":\"ListItem\",\"position\":4,\"name\":\"Fuji Electric elektroindukcinis dulki\u0173 matuoklis &#8211; ZiDM-3 MONIDUST\"}]},{\"@type\":\"WebSite\",\"@id\":\"https:\/\/invertas.lt\/#website\",\"url\":\"https:\/\/invertas.lt\/\",\"name\":\"Invertas\",\"description\":\"\",\"publisher\":{\"@id\":\"https:\/\/invertas.lt\/#organization\"},\"potentialAction\":[{\"@type\":\"SearchAction\",\"target\":{\"@type\":\"EntryPoint\",\"urlTemplate\":\"https:\/\/invertas.lt\/?s={search_term_string}\"},\"query-input\":{\"@type\":\"PropertyValueSpecification\",\"valueRequired\":true,\"valueName\":\"search_term_string\"}}],\"inLanguage\":\"en-GB\"},{\"@type\":\"Organization\",\"@id\":\"https:\/\/invertas.lt\/#organization\",\"name\":\"Invertas\",\"url\":\"https:\/\/invertas.lt\/\",\"logo\":{\"@type\":\"ImageObject\",\"inLanguage\":\"en-GB\",\"@id\":\"https:\/\/invertas.lt\/#\/schema\/logo\/image\/\",\"url\":\"https:\/\/invertas.lt\/wp-content\/uploads\/2025\/03\/New-Text-Document-2.svg\",\"contentUrl\":\"https:\/\/invertas.lt\/wp-content\/uploads\/2025\/03\/New-Text-Document-2.svg\",\"width\":140,\"height\":39,\"caption\":\"Invertas\"},\"image\":{\"@id\":\"https:\/\/invertas.lt\/#\/schema\/logo\/image\/\"}}]}<\/script>\n<!-- \/ Yoast SEO plugin. -->","yoast_head_json":{"title":"Fuji Electric elektroindukcinis dulki\u0173 matuoklis - ZiDM-3 MONIDUST - Invertas","description":"Chemijos, energetikos, metalurgijos, cemento, farmacijos, popieriaus, maisto ir kasybos pramon\u0117ms. Lengvas paleidimas ir derinimas.","robots":{"index":"index","follow":"follow","max-snippet":"max-snippet:-1","max-image-preview":"max-image-preview:large","max-video-preview":"max-video-preview:-1"},"canonical":"https:\/\/invertas.lt\/en\/produktai\/duju-analizatoriai\/elektroindukcinis-dulkiu-matuoklis-zidm-3-monidust\/","og_locale":"en_GB","og_type":"article","og_title":"Fuji Electric elektroindukcinis dulki\u0173 matuoklis - ZiDM-3 MONIDUST - Invertas","og_description":"Chemijos, energetikos, metalurgijos, cemento, farmacijos, popieriaus, maisto ir kasybos pramon\u0117ms. Lengvas paleidimas ir derinimas.","og_url":"https:\/\/invertas.lt\/en\/produktai\/duju-analizatoriai\/elektroindukcinis-dulkiu-matuoklis-zidm-3-monidust\/","og_site_name":"Invertas","article_modified_time":"2025-08-08T20:52:12+00:00","og_image":[{"width":682,"height":682,"url":"https:\/\/invertas.lt\/wp-content\/uploads\/2025\/07\/monidust-vue-generale-header-fr-en.webp","type":"image\/webp"}],"twitter_card":"summary_large_image","twitter_misc":{"Estimated reading time":"1 minute"},"schema":{"@context":"https:\/\/schema.org","@graph":[{"@type":"WebPage","@id":"https:\/\/invertas.lt\/produktai\/duju-analizatoriai\/elektroindukcinis-dulkiu-matuoklis-zidm-3-monidust\/","url":"https:\/\/invertas.lt\/produktai\/duju-analizatoriai\/elektroindukcinis-dulkiu-matuoklis-zidm-3-monidust\/","name":"Fuji Electric elektroindukcinis dulki\u0173 matuoklis - ZiDM-3 MONIDUST - Invertas","isPartOf":{"@id":"https:\/\/invertas.lt\/#website"},"primaryImageOfPage":{"@id":"https:\/\/invertas.lt\/produktai\/duju-analizatoriai\/elektroindukcinis-dulkiu-matuoklis-zidm-3-monidust\/#primaryimage"},"image":{"@id":"https:\/\/invertas.lt\/produktai\/duju-analizatoriai\/elektroindukcinis-dulkiu-matuoklis-zidm-3-monidust\/#primaryimage"},"thumbnailUrl":"https:\/\/invertas.lt\/wp-content\/uploads\/2025\/07\/monidust-vue-generale-header-fr-en.webp","datePublished":"2025-07-05T18:18:33+00:00","dateModified":"2025-08-08T20:52:12+00:00","description":"Chemijos, energetikos, metalurgijos, cemento, farmacijos, popieriaus, maisto ir kasybos pramon\u0117ms. Lengvas paleidimas ir derinimas.","breadcrumb":{"@id":"https:\/\/invertas.lt\/produktai\/duju-analizatoriai\/elektroindukcinis-dulkiu-matuoklis-zidm-3-monidust\/#breadcrumb"},"inLanguage":"en-GB","potentialAction":[{"@type":"ReadAction","target":["https:\/\/invertas.lt\/produktai\/duju-analizatoriai\/elektroindukcinis-dulkiu-matuoklis-zidm-3-monidust\/"]}]},{"@type":"ImageObject","inLanguage":"en-GB","@id":"https:\/\/invertas.lt\/produktai\/duju-analizatoriai\/elektroindukcinis-dulkiu-matuoklis-zidm-3-monidust\/#primaryimage","url":"https:\/\/invertas.lt\/wp-content\/uploads\/2025\/07\/monidust-vue-generale-header-fr-en.webp","contentUrl":"https:\/\/invertas.lt\/wp-content\/uploads\/2025\/07\/monidust-vue-generale-header-fr-en.webp","width":682,"height":682},{"@type":"BreadcrumbList","@id":"https:\/\/invertas.lt\/produktai\/duju-analizatoriai\/elektroindukcinis-dulkiu-matuoklis-zidm-3-monidust\/#breadcrumb","itemListElement":[{"@type":"ListItem","position":1,"name":"Prad\u017eia","item":"https:\/\/invertas.lt\/"},{"@type":"ListItem","position":2,"name":"Products","item":"https:\/\/invertas.lt\/shop\/"},{"@type":"ListItem","position":3,"name":"Duj\u0173 analizatoriai","item":"https:\/\/invertas.lt\/.\/duju-analizatoriai\/"},{"@type":"ListItem","position":4,"name":"Fuji Electric elektroindukcinis dulki\u0173 matuoklis &#8211; ZiDM-3 MONIDUST"}]},{"@type":"WebSite","@id":"https:\/\/invertas.lt\/#website","url":"https:\/\/invertas.lt\/","name":"Invert","description":"","publisher":{"@id":"https:\/\/invertas.lt\/#organization"},"potentialAction":[{"@type":"SearchAction","target":{"@type":"EntryPoint","urlTemplate":"https:\/\/invertas.lt\/?s={search_term_string}"},"query-input":{"@type":"PropertyValueSpecification","valueRequired":true,"valueName":"search_term_string"}}],"inLanguage":"en-GB"},{"@type":"Organization","@id":"https:\/\/invertas.lt\/#organization","name":"Invert","url":"https:\/\/invertas.lt\/","logo":{"@type":"ImageObject","inLanguage":"en-GB","@id":"https:\/\/invertas.lt\/#\/schema\/logo\/image\/","url":"https:\/\/invertas.lt\/wp-content\/uploads\/2025\/03\/New-Text-Document-2.svg","contentUrl":"https:\/\/invertas.lt\/wp-content\/uploads\/2025\/03\/New-Text-Document-2.svg","width":140,"height":39,"caption":"Invertas"},"image":{"@id":"https:\/\/invertas.lt\/#\/schema\/logo\/image\/"}}]}},"_links":{"self":[{"href":"https:\/\/invertas.lt\/en\/wp-json\/wp\/v2\/product\/7990","targetHints":{"allow":["GET"]}}],"collection":[{"href":"https:\/\/invertas.lt\/en\/wp-json\/wp\/v2\/product"}],"about":[{"href":"https:\/\/invertas.lt\/en\/wp-json\/wp\/v2\/types\/product"}],"replies":[{"embeddable":true,"href":"https:\/\/invertas.lt\/en\/wp-json\/wp\/v2\/comments?post=7990"}],"wp:featuredmedia":[{"embeddable":true,"href":"https:\/\/invertas.lt\/en\/wp-json\/wp\/v2\/media\/7991"}],"wp:attachment":[{"href":"https:\/\/invertas.lt\/en\/wp-json\/wp\/v2\/media?parent=7990"}],"wp:term":[{"taxonomy":"product_brand","embeddable":true,"href":"https:\/\/invertas.lt\/en\/wp-json\/wp\/v2\/product_brand?post=7990"},{"taxonomy":"product_cat","embeddable":true,"href":"https:\/\/invertas.lt\/en\/wp-json\/wp\/v2\/product_cat?post=7990"},{"taxonomy":"product_tag","embeddable":true,"href":"https:\/\/invertas.lt\/en\/wp-json\/wp\/v2\/product_tag?post=7990"}],"curies":[{"name":"wp","href":"https:\/\/api.w.org\/{rel}","templated":true}]}}