{"id":7975,"date":"2025-07-05T17:25:55","date_gmt":"2025-07-05T17:25:55","guid":{"rendered":"https:\/\/aurimasb15.sg-host.com\/?post_type=product&#038;p=7975"},"modified":"2025-08-08T20:51:12","modified_gmt":"2025-08-08T20:51:12","slug":"biometano-analizatorius-zpaf","status":"publish","type":"product","link":"https:\/\/invertas.lt\/en\/produktai\/duju-analizatoriai\/biometano-analizatorius-zpaf\/","title":{"rendered":"Fuji Electric biomethane analyzer \u2013 ZPAF"},"content":{"rendered":"<h3 data-start=\"0\" data-end=\"14\">Fields of application<\/h3>\n<p data-start=\"19\" data-end=\"161\">Used for biomethane purification, landfills, biogas reactors, waste management, incineration plants, wastewater treatment, methanation plants, cogeneration, and biomass and biofuel production.<\/p>\n<h3 data-start=\"16\" data-end=\"183\">Features<\/h3>\n<ul>\n<li data-start=\"16\" data-end=\"183\">Easy maintenance thanks to self-diagnostic functions<\/li>\n<li data-start=\"16\" data-end=\"183\">Good accuracy and excellent stability of the measurement over time<\/li>\n<li data-start=\"16\" data-end=\"183\">Large backlit display<\/li>\n<li data-start=\"16\" data-end=\"183\">Automatic zero and span calibration<\/li>\n<li data-start=\"16\" data-end=\"183\">Digital link to Modbus\u00ae protocol<\/li>\n<\/ul>","protected":false},"excerpt":{"rendered":"<p>Taikymo sritys Naudojamas biometano valymui, s\u0105vartynuose, bioduj\u0173 reaktoriuose, atliek\u0173 tvarkyme, deginimo j\u0117gain\u0117se, nuotek\u0173 valyme, metanizacijos gamyklose, kogeneracijoje bei biomas\u0117s ir biokuro gamyboje. Savyb\u0117s Lengva prie\u017ei\u016bra d\u0117l savidiagnostikos funkcij\u0173 Geras tikslumas ir puikus matavimo stabilumas laikui b\u0117gant Didelis ap\u0161viestas ekranas Automatin\u0117 nulin\u0117 ir etalonin\u0117 kalibracija Skaitmenin\u0117 s\u0105saja su Modbus\u00ae protokolu<\/p>","protected":false},"featured_media":7976,"comment_status":"open","ping_status":"closed","template":"","meta":{"_acf_changed":false,"inline_featured_image":false},"product_brand":[],"product_cat":[422],"product_tag":[],"class_list":{"0":"post-7975","1":"product","2":"type-product","3":"status-publish","4":"has-post-thumbnail","6":"product_cat-duju-analizatoriai","8":"first","9":"instock","10":"shipping-taxable","11":"purchasable","12":"product-type-simple"},"acf":[],"yoast_head":"<!-- This site is optimized with the Yoast SEO plugin v25.5 - https:\/\/yoast.com\/wordpress\/plugins\/seo\/ -->\n<title>Fuji Electric biometano analizatorius \u2013 ZPAF - Invertas<\/title>\n<meta name=\"description\" content=\"Naudojamas biometano valymui, bioduj\u0173 reaktoriuose, atliek\u0173 ir nuotek\u0173 tvarkyme, metanizacijos gamyklose, kogeneracijoje bei biomas\u0117s ir biokuro gamyboje.\" \/>\n<meta name=\"robots\" content=\"index, follow, max-snippet:-1, max-image-preview:large, max-video-preview:-1\" \/>\n<link rel=\"canonical\" href=\"https:\/\/invertas.lt\/en\/produktai\/duju-analizatoriai\/biometano-analizatorius-zpaf\/\" \/>\n<meta property=\"og:locale\" content=\"en_GB\" \/>\n<meta property=\"og:type\" content=\"article\" \/>\n<meta property=\"og:title\" content=\"Fuji Electric biometano analizatorius \u2013 ZPAF - Invertas\" \/>\n<meta property=\"og:description\" content=\"Naudojamas biometano valymui, bioduj\u0173 reaktoriuose, atliek\u0173 ir nuotek\u0173 tvarkyme, metanizacijos gamyklose, kogeneracijoje bei biomas\u0117s ir biokuro gamyboje.\" \/>\n<meta property=\"og:url\" content=\"https:\/\/invertas.lt\/en\/produktai\/duju-analizatoriai\/biometano-analizatorius-zpaf\/\" \/>\n<meta property=\"og:site_name\" content=\"Invertas\" \/>\n<meta property=\"article:modified_time\" content=\"2025-08-08T20:51:12+00:00\" \/>\n<meta property=\"og:image\" content=\"https:\/\/invertas.lt\/wp-content\/uploads\/2025\/07\/zpaf-vue-generale-header-fr-en-e1753104791539.webp\" \/>\n\t<meta property=\"og:image:width\" content=\"682\" \/>\n\t<meta property=\"og:image:height\" content=\"360\" \/>\n\t<meta property=\"og:image:type\" content=\"image\/webp\" \/>\n<meta name=\"twitter:card\" content=\"summary_large_image\" \/>\n<meta name=\"twitter:label1\" content=\"Estimated reading time\" \/>\n\t<meta name=\"twitter:data1\" content=\"1 minute\" \/>\n<script type=\"application\/ld+json\" class=\"yoast-schema-graph\">{\"@context\":\"https:\/\/schema.org\",\"@graph\":[{\"@type\":\"WebPage\",\"@id\":\"https:\/\/invertas.lt\/produktai\/duju-analizatoriai\/biometano-analizatorius-zpaf\/\",\"url\":\"https:\/\/invertas.lt\/produktai\/duju-analizatoriai\/biometano-analizatorius-zpaf\/\",\"name\":\"Fuji Electric biometano analizatorius \u2013 ZPAF - Invertas\",\"isPartOf\":{\"@id\":\"https:\/\/invertas.lt\/#website\"},\"primaryImageOfPage\":{\"@id\":\"https:\/\/invertas.lt\/produktai\/duju-analizatoriai\/biometano-analizatorius-zpaf\/#primaryimage\"},\"image\":{\"@id\":\"https:\/\/invertas.lt\/produktai\/duju-analizatoriai\/biometano-analizatorius-zpaf\/#primaryimage\"},\"thumbnailUrl\":\"https:\/\/invertas.lt\/wp-content\/uploads\/2025\/07\/zpaf-vue-generale-header-fr-en-e1753104791539.webp\",\"datePublished\":\"2025-07-05T17:25:55+00:00\",\"dateModified\":\"2025-08-08T20:51:12+00:00\",\"description\":\"Naudojamas biometano valymui, bioduj\u0173 reaktoriuose, atliek\u0173 ir nuotek\u0173 tvarkyme, metanizacijos gamyklose, kogeneracijoje bei biomas\u0117s ir biokuro gamyboje.\",\"breadcrumb\":{\"@id\":\"https:\/\/invertas.lt\/produktai\/duju-analizatoriai\/biometano-analizatorius-zpaf\/#breadcrumb\"},\"inLanguage\":\"en-GB\",\"potentialAction\":[{\"@type\":\"ReadAction\",\"target\":[\"https:\/\/invertas.lt\/produktai\/duju-analizatoriai\/biometano-analizatorius-zpaf\/\"]}]},{\"@type\":\"ImageObject\",\"inLanguage\":\"en-GB\",\"@id\":\"https:\/\/invertas.lt\/produktai\/duju-analizatoriai\/biometano-analizatorius-zpaf\/#primaryimage\",\"url\":\"https:\/\/invertas.lt\/wp-content\/uploads\/2025\/07\/zpaf-vue-generale-header-fr-en-e1753104791539.webp\",\"contentUrl\":\"https:\/\/invertas.lt\/wp-content\/uploads\/2025\/07\/zpaf-vue-generale-header-fr-en-e1753104791539.webp\",\"width\":682,\"height\":360},{\"@type\":\"BreadcrumbList\",\"@id\":\"https:\/\/invertas.lt\/produktai\/duju-analizatoriai\/biometano-analizatorius-zpaf\/#breadcrumb\",\"itemListElement\":[{\"@type\":\"ListItem\",\"position\":1,\"name\":\"Prad\u017eia\",\"item\":\"https:\/\/invertas.lt\/\"},{\"@type\":\"ListItem\",\"position\":2,\"name\":\"Products\",\"item\":\"https:\/\/invertas.lt\/shop\/\"},{\"@type\":\"ListItem\",\"position\":3,\"name\":\"Duj\u0173 analizatoriai\",\"item\":\"https:\/\/invertas.lt\/.\/duju-analizatoriai\/\"},{\"@type\":\"ListItem\",\"position\":4,\"name\":\"Fuji Electric biometano analizatorius \u2013 ZPAF\"}]},{\"@type\":\"WebSite\",\"@id\":\"https:\/\/invertas.lt\/#website\",\"url\":\"https:\/\/invertas.lt\/\",\"name\":\"Invertas\",\"description\":\"\",\"publisher\":{\"@id\":\"https:\/\/invertas.lt\/#organization\"},\"potentialAction\":[{\"@type\":\"SearchAction\",\"target\":{\"@type\":\"EntryPoint\",\"urlTemplate\":\"https:\/\/invertas.lt\/?s={search_term_string}\"},\"query-input\":{\"@type\":\"PropertyValueSpecification\",\"valueRequired\":true,\"valueName\":\"search_term_string\"}}],\"inLanguage\":\"en-GB\"},{\"@type\":\"Organization\",\"@id\":\"https:\/\/invertas.lt\/#organization\",\"name\":\"Invertas\",\"url\":\"https:\/\/invertas.lt\/\",\"logo\":{\"@type\":\"ImageObject\",\"inLanguage\":\"en-GB\",\"@id\":\"https:\/\/invertas.lt\/#\/schema\/logo\/image\/\",\"url\":\"https:\/\/invertas.lt\/wp-content\/uploads\/2025\/03\/New-Text-Document-2.svg\",\"contentUrl\":\"https:\/\/invertas.lt\/wp-content\/uploads\/2025\/03\/New-Text-Document-2.svg\",\"width\":140,\"height\":39,\"caption\":\"Invertas\"},\"image\":{\"@id\":\"https:\/\/invertas.lt\/#\/schema\/logo\/image\/\"}}]}<\/script>\n<!-- \/ Yoast SEO plugin. -->","yoast_head_json":{"title":"Fuji Electric biometano analizatorius \u2013 ZPAF - Invertas","description":"Naudojamas biometano valymui, bioduj\u0173 reaktoriuose, atliek\u0173 ir nuotek\u0173 tvarkyme, metanizacijos gamyklose, kogeneracijoje bei biomas\u0117s ir biokuro gamyboje.","robots":{"index":"index","follow":"follow","max-snippet":"max-snippet:-1","max-image-preview":"max-image-preview:large","max-video-preview":"max-video-preview:-1"},"canonical":"https:\/\/invertas.lt\/en\/produktai\/duju-analizatoriai\/biometano-analizatorius-zpaf\/","og_locale":"en_GB","og_type":"article","og_title":"Fuji Electric biometano analizatorius \u2013 ZPAF - Invertas","og_description":"Naudojamas biometano valymui, bioduj\u0173 reaktoriuose, atliek\u0173 ir nuotek\u0173 tvarkyme, metanizacijos gamyklose, kogeneracijoje bei biomas\u0117s ir biokuro gamyboje.","og_url":"https:\/\/invertas.lt\/en\/produktai\/duju-analizatoriai\/biometano-analizatorius-zpaf\/","og_site_name":"Invertas","article_modified_time":"2025-08-08T20:51:12+00:00","og_image":[{"width":682,"height":360,"url":"https:\/\/invertas.lt\/wp-content\/uploads\/2025\/07\/zpaf-vue-generale-header-fr-en-e1753104791539.webp","type":"image\/webp"}],"twitter_card":"summary_large_image","twitter_misc":{"Estimated reading time":"1 minute"},"schema":{"@context":"https:\/\/schema.org","@graph":[{"@type":"WebPage","@id":"https:\/\/invertas.lt\/produktai\/duju-analizatoriai\/biometano-analizatorius-zpaf\/","url":"https:\/\/invertas.lt\/produktai\/duju-analizatoriai\/biometano-analizatorius-zpaf\/","name":"Fuji Electric biometano analizatorius \u2013 ZPAF - Invertas","isPartOf":{"@id":"https:\/\/invertas.lt\/#website"},"primaryImageOfPage":{"@id":"https:\/\/invertas.lt\/produktai\/duju-analizatoriai\/biometano-analizatorius-zpaf\/#primaryimage"},"image":{"@id":"https:\/\/invertas.lt\/produktai\/duju-analizatoriai\/biometano-analizatorius-zpaf\/#primaryimage"},"thumbnailUrl":"https:\/\/invertas.lt\/wp-content\/uploads\/2025\/07\/zpaf-vue-generale-header-fr-en-e1753104791539.webp","datePublished":"2025-07-05T17:25:55+00:00","dateModified":"2025-08-08T20:51:12+00:00","description":"Naudojamas biometano valymui, bioduj\u0173 reaktoriuose, atliek\u0173 ir nuotek\u0173 tvarkyme, metanizacijos gamyklose, kogeneracijoje bei biomas\u0117s ir biokuro gamyboje.","breadcrumb":{"@id":"https:\/\/invertas.lt\/produktai\/duju-analizatoriai\/biometano-analizatorius-zpaf\/#breadcrumb"},"inLanguage":"en-GB","potentialAction":[{"@type":"ReadAction","target":["https:\/\/invertas.lt\/produktai\/duju-analizatoriai\/biometano-analizatorius-zpaf\/"]}]},{"@type":"ImageObject","inLanguage":"en-GB","@id":"https:\/\/invertas.lt\/produktai\/duju-analizatoriai\/biometano-analizatorius-zpaf\/#primaryimage","url":"https:\/\/invertas.lt\/wp-content\/uploads\/2025\/07\/zpaf-vue-generale-header-fr-en-e1753104791539.webp","contentUrl":"https:\/\/invertas.lt\/wp-content\/uploads\/2025\/07\/zpaf-vue-generale-header-fr-en-e1753104791539.webp","width":682,"height":360},{"@type":"BreadcrumbList","@id":"https:\/\/invertas.lt\/produktai\/duju-analizatoriai\/biometano-analizatorius-zpaf\/#breadcrumb","itemListElement":[{"@type":"ListItem","position":1,"name":"Prad\u017eia","item":"https:\/\/invertas.lt\/"},{"@type":"ListItem","position":2,"name":"Products","item":"https:\/\/invertas.lt\/shop\/"},{"@type":"ListItem","position":3,"name":"Duj\u0173 analizatoriai","item":"https:\/\/invertas.lt\/.\/duju-analizatoriai\/"},{"@type":"ListItem","position":4,"name":"Fuji Electric biometano analizatorius \u2013 ZPAF"}]},{"@type":"WebSite","@id":"https:\/\/invertas.lt\/#website","url":"https:\/\/invertas.lt\/","name":"Invert","description":"","publisher":{"@id":"https:\/\/invertas.lt\/#organization"},"potentialAction":[{"@type":"SearchAction","target":{"@type":"EntryPoint","urlTemplate":"https:\/\/invertas.lt\/?s={search_term_string}"},"query-input":{"@type":"PropertyValueSpecification","valueRequired":true,"valueName":"search_term_string"}}],"inLanguage":"en-GB"},{"@type":"Organization","@id":"https:\/\/invertas.lt\/#organization","name":"Invert","url":"https:\/\/invertas.lt\/","logo":{"@type":"ImageObject","inLanguage":"en-GB","@id":"https:\/\/invertas.lt\/#\/schema\/logo\/image\/","url":"https:\/\/invertas.lt\/wp-content\/uploads\/2025\/03\/New-Text-Document-2.svg","contentUrl":"https:\/\/invertas.lt\/wp-content\/uploads\/2025\/03\/New-Text-Document-2.svg","width":140,"height":39,"caption":"Invertas"},"image":{"@id":"https:\/\/invertas.lt\/#\/schema\/logo\/image\/"}}]}},"_links":{"self":[{"href":"https:\/\/invertas.lt\/en\/wp-json\/wp\/v2\/product\/7975","targetHints":{"allow":["GET"]}}],"collection":[{"href":"https:\/\/invertas.lt\/en\/wp-json\/wp\/v2\/product"}],"about":[{"href":"https:\/\/invertas.lt\/en\/wp-json\/wp\/v2\/types\/product"}],"replies":[{"embeddable":true,"href":"https:\/\/invertas.lt\/en\/wp-json\/wp\/v2\/comments?post=7975"}],"wp:featuredmedia":[{"embeddable":true,"href":"https:\/\/invertas.lt\/en\/wp-json\/wp\/v2\/media\/7976"}],"wp:attachment":[{"href":"https:\/\/invertas.lt\/en\/wp-json\/wp\/v2\/media?parent=7975"}],"wp:term":[{"taxonomy":"product_brand","embeddable":true,"href":"https:\/\/invertas.lt\/en\/wp-json\/wp\/v2\/product_brand?post=7975"},{"taxonomy":"product_cat","embeddable":true,"href":"https:\/\/invertas.lt\/en\/wp-json\/wp\/v2\/product_cat?post=7975"},{"taxonomy":"product_tag","embeddable":true,"href":"https:\/\/invertas.lt\/en\/wp-json\/wp\/v2\/product_tag?post=7975"}],"curies":[{"name":"wp","href":"https:\/\/api.w.org\/{rel}","templated":true}]}}