{"id":7972,"date":"2025-07-05T17:07:51","date_gmt":"2025-07-05T17:07:51","guid":{"rendered":"https:\/\/aurimasb15.sg-host.com\/?post_type=product&#038;p=7972"},"modified":"2025-08-08T20:50:45","modified_gmt":"2025-08-08T20:50:45","slug":"infraraudonuju-duju-analizatorius-zpa-skirtas-juriniam-naudojimui","status":"publish","type":"product","link":"https:\/\/invertas.lt\/en\/produktai\/duju-analizatoriai\/infraraudonuju-duju-analizatorius-zpa-skirtas-juriniam-naudojimui\/","title":{"rendered":"Fuji Electric IR Gas Analyzer \u2013 ZPA \u2013 for Marine Use"},"content":{"rendered":"<h3 data-start=\"0\" data-end=\"14\">Fields of application<\/h3>\n<p data-start=\"19\" data-end=\"161\">Monitoring ship exhaust emissions.<\/p>\n<h3 data-start=\"16\" data-end=\"183\">Features<\/h3>\n<ul>\n<li data-start=\"16\" data-end=\"183\">Analyser ZPA withstands the most dif\ufb01cult marine environments<\/li>\n<li data-start=\"16\" data-end=\"183\">Easy on-board maintenance and calibration, even for unskilled crew members, saves time and training costs<\/li>\n<li data-start=\"16\" data-end=\"183\">A spare parts management program ensures the traceability of each component and its availability throughout the ship's journey.<\/li>\n<li data-start=\"16\" data-end=\"183\">All calibrations are automatic (Zero\/Span)<\/li>\n<\/ul>","protected":false},"excerpt":{"rendered":"<p>Taikymo sritys Laiv\u0173 i\u0161metam\u0173j\u0173 duj\u0173 steb\u0117sena. Savyb\u0117s Analizatorius ZPA atlaiko sud\u0117tingiausias j\u016brines aplinkas Lengva prie\u017ei\u016bra ir kalibravimas laive, net ir neapmokytam \u012fgulos nariui, taupo laik\u0105 ir mokym\u0173 i\u0161laidas Atsargini\u0173 dali\u0173 valdymo programa u\u017etikrina kiekvienos dalies atsekamum\u0105 ir prieinamum\u0105 visos laivo kelion\u0117s metu Visos kalibracijos yra automatin\u0117s (Zero\/Span)<\/p>","protected":false},"featured_media":7973,"comment_status":"open","ping_status":"closed","template":"","meta":{"_acf_changed":false,"inline_featured_image":false},"product_brand":[],"product_cat":[422],"product_tag":[],"class_list":{"0":"post-7972","1":"product","2":"type-product","3":"status-publish","4":"has-post-thumbnail","6":"product_cat-duju-analizatoriai","8":"first","9":"instock","10":"shipping-taxable","11":"purchasable","12":"product-type-simple"},"acf":[],"yoast_head":"<!-- This site is optimized with the Yoast SEO plugin v25.5 - https:\/\/yoast.com\/wordpress\/plugins\/seo\/ -->\n<title>Fuji Electric IR duj\u0173 analizatorius \u2013 ZPA \u2013 j\u016briniam naudojimui - Invertas<\/title>\n<meta name=\"description\" content=\"Analizatorius ZPA atlaiko sud\u0117tingiausias j\u016brines aplinkasLengva prie\u017ei\u016bra ir kalibravimas laive, net ir neapmokytam \u012fgulos nariui.\" \/>\n<meta name=\"robots\" content=\"index, follow, max-snippet:-1, max-image-preview:large, max-video-preview:-1\" \/>\n<link rel=\"canonical\" href=\"https:\/\/invertas.lt\/en\/produktai\/duju-analizatoriai\/infraraudonuju-duju-analizatorius-zpa-skirtas-juriniam-naudojimui\/\" \/>\n<meta property=\"og:locale\" content=\"en_GB\" \/>\n<meta property=\"og:type\" content=\"article\" \/>\n<meta property=\"og:title\" content=\"Fuji Electric IR duj\u0173 analizatorius \u2013 ZPA \u2013 j\u016briniam naudojimui - Invertas\" \/>\n<meta property=\"og:description\" content=\"Analizatorius ZPA atlaiko sud\u0117tingiausias j\u016brines aplinkasLengva prie\u017ei\u016bra ir kalibravimas laive, net ir neapmokytam \u012fgulos nariui.\" \/>\n<meta property=\"og:url\" content=\"https:\/\/invertas.lt\/en\/produktai\/duju-analizatoriai\/infraraudonuju-duju-analizatorius-zpa-skirtas-juriniam-naudojimui\/\" \/>\n<meta property=\"og:site_name\" content=\"Invertas\" \/>\n<meta property=\"article:modified_time\" content=\"2025-08-08T20:50:45+00:00\" \/>\n<meta property=\"og:image\" content=\"https:\/\/invertas.lt\/wp-content\/uploads\/2025\/07\/zpa-marine-vue-generale-header-fr-en-e1753104720540.webp\" \/>\n\t<meta property=\"og:image:width\" content=\"682\" \/>\n\t<meta property=\"og:image:height\" content=\"360\" \/>\n\t<meta property=\"og:image:type\" content=\"image\/webp\" \/>\n<meta name=\"twitter:card\" content=\"summary_large_image\" \/>\n<meta name=\"twitter:label1\" content=\"Estimated reading time\" \/>\n\t<meta name=\"twitter:data1\" content=\"1 minute\" \/>\n<script type=\"application\/ld+json\" class=\"yoast-schema-graph\">{\"@context\":\"https:\/\/schema.org\",\"@graph\":[{\"@type\":\"WebPage\",\"@id\":\"https:\/\/invertas.lt\/produktai\/duju-analizatoriai\/infraraudonuju-duju-analizatorius-zpa-skirtas-juriniam-naudojimui\/\",\"url\":\"https:\/\/invertas.lt\/produktai\/duju-analizatoriai\/infraraudonuju-duju-analizatorius-zpa-skirtas-juriniam-naudojimui\/\",\"name\":\"Fuji Electric IR duj\u0173 analizatorius \u2013 ZPA \u2013 j\u016briniam naudojimui - Invertas\",\"isPartOf\":{\"@id\":\"https:\/\/invertas.lt\/#website\"},\"primaryImageOfPage\":{\"@id\":\"https:\/\/invertas.lt\/produktai\/duju-analizatoriai\/infraraudonuju-duju-analizatorius-zpa-skirtas-juriniam-naudojimui\/#primaryimage\"},\"image\":{\"@id\":\"https:\/\/invertas.lt\/produktai\/duju-analizatoriai\/infraraudonuju-duju-analizatorius-zpa-skirtas-juriniam-naudojimui\/#primaryimage\"},\"thumbnailUrl\":\"https:\/\/invertas.lt\/wp-content\/uploads\/2025\/07\/zpa-marine-vue-generale-header-fr-en-e1753104720540.webp\",\"datePublished\":\"2025-07-05T17:07:51+00:00\",\"dateModified\":\"2025-08-08T20:50:45+00:00\",\"description\":\"Analizatorius ZPA atlaiko sud\u0117tingiausias j\u016brines aplinkasLengva prie\u017ei\u016bra ir kalibravimas laive, net ir neapmokytam \u012fgulos nariui.\",\"breadcrumb\":{\"@id\":\"https:\/\/invertas.lt\/produktai\/duju-analizatoriai\/infraraudonuju-duju-analizatorius-zpa-skirtas-juriniam-naudojimui\/#breadcrumb\"},\"inLanguage\":\"en-GB\",\"potentialAction\":[{\"@type\":\"ReadAction\",\"target\":[\"https:\/\/invertas.lt\/produktai\/duju-analizatoriai\/infraraudonuju-duju-analizatorius-zpa-skirtas-juriniam-naudojimui\/\"]}]},{\"@type\":\"ImageObject\",\"inLanguage\":\"en-GB\",\"@id\":\"https:\/\/invertas.lt\/produktai\/duju-analizatoriai\/infraraudonuju-duju-analizatorius-zpa-skirtas-juriniam-naudojimui\/#primaryimage\",\"url\":\"https:\/\/invertas.lt\/wp-content\/uploads\/2025\/07\/zpa-marine-vue-generale-header-fr-en-e1753104720540.webp\",\"contentUrl\":\"https:\/\/invertas.lt\/wp-content\/uploads\/2025\/07\/zpa-marine-vue-generale-header-fr-en-e1753104720540.webp\",\"width\":682,\"height\":360},{\"@type\":\"BreadcrumbList\",\"@id\":\"https:\/\/invertas.lt\/produktai\/duju-analizatoriai\/infraraudonuju-duju-analizatorius-zpa-skirtas-juriniam-naudojimui\/#breadcrumb\",\"itemListElement\":[{\"@type\":\"ListItem\",\"position\":1,\"name\":\"Prad\u017eia\",\"item\":\"https:\/\/invertas.lt\/\"},{\"@type\":\"ListItem\",\"position\":2,\"name\":\"Products\",\"item\":\"https:\/\/invertas.lt\/shop\/\"},{\"@type\":\"ListItem\",\"position\":3,\"name\":\"Duj\u0173 analizatoriai\",\"item\":\"https:\/\/invertas.lt\/.\/duju-analizatoriai\/\"},{\"@type\":\"ListItem\",\"position\":4,\"name\":\"Fuji Electric IR duj\u0173 analizatorius \u2013 ZPA \u2013 j\u016briniam naudojimui\"}]},{\"@type\":\"WebSite\",\"@id\":\"https:\/\/invertas.lt\/#website\",\"url\":\"https:\/\/invertas.lt\/\",\"name\":\"Invertas\",\"description\":\"\",\"publisher\":{\"@id\":\"https:\/\/invertas.lt\/#organization\"},\"potentialAction\":[{\"@type\":\"SearchAction\",\"target\":{\"@type\":\"EntryPoint\",\"urlTemplate\":\"https:\/\/invertas.lt\/?s={search_term_string}\"},\"query-input\":{\"@type\":\"PropertyValueSpecification\",\"valueRequired\":true,\"valueName\":\"search_term_string\"}}],\"inLanguage\":\"en-GB\"},{\"@type\":\"Organization\",\"@id\":\"https:\/\/invertas.lt\/#organization\",\"name\":\"Invertas\",\"url\":\"https:\/\/invertas.lt\/\",\"logo\":{\"@type\":\"ImageObject\",\"inLanguage\":\"en-GB\",\"@id\":\"https:\/\/invertas.lt\/#\/schema\/logo\/image\/\",\"url\":\"https:\/\/invertas.lt\/wp-content\/uploads\/2025\/03\/New-Text-Document-2.svg\",\"contentUrl\":\"https:\/\/invertas.lt\/wp-content\/uploads\/2025\/03\/New-Text-Document-2.svg\",\"width\":140,\"height\":39,\"caption\":\"Invertas\"},\"image\":{\"@id\":\"https:\/\/invertas.lt\/#\/schema\/logo\/image\/\"}}]}<\/script>\n<!-- \/ Yoast SEO plugin. -->","yoast_head_json":{"title":"Fuji Electric IR duj\u0173 analizatorius \u2013 ZPA \u2013 j\u016briniam naudojimui - Invertas","description":"Analizatorius ZPA atlaiko sud\u0117tingiausias j\u016brines aplinkasLengva prie\u017ei\u016bra ir kalibravimas laive, net ir neapmokytam \u012fgulos nariui.","robots":{"index":"index","follow":"follow","max-snippet":"max-snippet:-1","max-image-preview":"max-image-preview:large","max-video-preview":"max-video-preview:-1"},"canonical":"https:\/\/invertas.lt\/en\/produktai\/duju-analizatoriai\/infraraudonuju-duju-analizatorius-zpa-skirtas-juriniam-naudojimui\/","og_locale":"en_GB","og_type":"article","og_title":"Fuji Electric IR duj\u0173 analizatorius \u2013 ZPA \u2013 j\u016briniam naudojimui - Invertas","og_description":"Analizatorius ZPA atlaiko sud\u0117tingiausias j\u016brines aplinkasLengva prie\u017ei\u016bra ir kalibravimas laive, net ir neapmokytam \u012fgulos nariui.","og_url":"https:\/\/invertas.lt\/en\/produktai\/duju-analizatoriai\/infraraudonuju-duju-analizatorius-zpa-skirtas-juriniam-naudojimui\/","og_site_name":"Invertas","article_modified_time":"2025-08-08T20:50:45+00:00","og_image":[{"width":682,"height":360,"url":"https:\/\/invertas.lt\/wp-content\/uploads\/2025\/07\/zpa-marine-vue-generale-header-fr-en-e1753104720540.webp","type":"image\/webp"}],"twitter_card":"summary_large_image","twitter_misc":{"Estimated reading time":"1 minute"},"schema":{"@context":"https:\/\/schema.org","@graph":[{"@type":"WebPage","@id":"https:\/\/invertas.lt\/produktai\/duju-analizatoriai\/infraraudonuju-duju-analizatorius-zpa-skirtas-juriniam-naudojimui\/","url":"https:\/\/invertas.lt\/produktai\/duju-analizatoriai\/infraraudonuju-duju-analizatorius-zpa-skirtas-juriniam-naudojimui\/","name":"Fuji Electric IR duj\u0173 analizatorius \u2013 ZPA \u2013 j\u016briniam naudojimui - Invertas","isPartOf":{"@id":"https:\/\/invertas.lt\/#website"},"primaryImageOfPage":{"@id":"https:\/\/invertas.lt\/produktai\/duju-analizatoriai\/infraraudonuju-duju-analizatorius-zpa-skirtas-juriniam-naudojimui\/#primaryimage"},"image":{"@id":"https:\/\/invertas.lt\/produktai\/duju-analizatoriai\/infraraudonuju-duju-analizatorius-zpa-skirtas-juriniam-naudojimui\/#primaryimage"},"thumbnailUrl":"https:\/\/invertas.lt\/wp-content\/uploads\/2025\/07\/zpa-marine-vue-generale-header-fr-en-e1753104720540.webp","datePublished":"2025-07-05T17:07:51+00:00","dateModified":"2025-08-08T20:50:45+00:00","description":"Analizatorius ZPA atlaiko sud\u0117tingiausias j\u016brines aplinkasLengva prie\u017ei\u016bra ir kalibravimas laive, net ir neapmokytam \u012fgulos nariui.","breadcrumb":{"@id":"https:\/\/invertas.lt\/produktai\/duju-analizatoriai\/infraraudonuju-duju-analizatorius-zpa-skirtas-juriniam-naudojimui\/#breadcrumb"},"inLanguage":"en-GB","potentialAction":[{"@type":"ReadAction","target":["https:\/\/invertas.lt\/produktai\/duju-analizatoriai\/infraraudonuju-duju-analizatorius-zpa-skirtas-juriniam-naudojimui\/"]}]},{"@type":"ImageObject","inLanguage":"en-GB","@id":"https:\/\/invertas.lt\/produktai\/duju-analizatoriai\/infraraudonuju-duju-analizatorius-zpa-skirtas-juriniam-naudojimui\/#primaryimage","url":"https:\/\/invertas.lt\/wp-content\/uploads\/2025\/07\/zpa-marine-vue-generale-header-fr-en-e1753104720540.webp","contentUrl":"https:\/\/invertas.lt\/wp-content\/uploads\/2025\/07\/zpa-marine-vue-generale-header-fr-en-e1753104720540.webp","width":682,"height":360},{"@type":"BreadcrumbList","@id":"https:\/\/invertas.lt\/produktai\/duju-analizatoriai\/infraraudonuju-duju-analizatorius-zpa-skirtas-juriniam-naudojimui\/#breadcrumb","itemListElement":[{"@type":"ListItem","position":1,"name":"Prad\u017eia","item":"https:\/\/invertas.lt\/"},{"@type":"ListItem","position":2,"name":"Products","item":"https:\/\/invertas.lt\/shop\/"},{"@type":"ListItem","position":3,"name":"Duj\u0173 analizatoriai","item":"https:\/\/invertas.lt\/.\/duju-analizatoriai\/"},{"@type":"ListItem","position":4,"name":"Fuji Electric IR duj\u0173 analizatorius \u2013 ZPA \u2013 j\u016briniam naudojimui"}]},{"@type":"WebSite","@id":"https:\/\/invertas.lt\/#website","url":"https:\/\/invertas.lt\/","name":"Invert","description":"","publisher":{"@id":"https:\/\/invertas.lt\/#organization"},"potentialAction":[{"@type":"SearchAction","target":{"@type":"EntryPoint","urlTemplate":"https:\/\/invertas.lt\/?s={search_term_string}"},"query-input":{"@type":"PropertyValueSpecification","valueRequired":true,"valueName":"search_term_string"}}],"inLanguage":"en-GB"},{"@type":"Organization","@id":"https:\/\/invertas.lt\/#organization","name":"Invert","url":"https:\/\/invertas.lt\/","logo":{"@type":"ImageObject","inLanguage":"en-GB","@id":"https:\/\/invertas.lt\/#\/schema\/logo\/image\/","url":"https:\/\/invertas.lt\/wp-content\/uploads\/2025\/03\/New-Text-Document-2.svg","contentUrl":"https:\/\/invertas.lt\/wp-content\/uploads\/2025\/03\/New-Text-Document-2.svg","width":140,"height":39,"caption":"Invertas"},"image":{"@id":"https:\/\/invertas.lt\/#\/schema\/logo\/image\/"}}]}},"_links":{"self":[{"href":"https:\/\/invertas.lt\/en\/wp-json\/wp\/v2\/product\/7972","targetHints":{"allow":["GET"]}}],"collection":[{"href":"https:\/\/invertas.lt\/en\/wp-json\/wp\/v2\/product"}],"about":[{"href":"https:\/\/invertas.lt\/en\/wp-json\/wp\/v2\/types\/product"}],"replies":[{"embeddable":true,"href":"https:\/\/invertas.lt\/en\/wp-json\/wp\/v2\/comments?post=7972"}],"wp:featuredmedia":[{"embeddable":true,"href":"https:\/\/invertas.lt\/en\/wp-json\/wp\/v2\/media\/7973"}],"wp:attachment":[{"href":"https:\/\/invertas.lt\/en\/wp-json\/wp\/v2\/media?parent=7972"}],"wp:term":[{"taxonomy":"product_brand","embeddable":true,"href":"https:\/\/invertas.lt\/en\/wp-json\/wp\/v2\/product_brand?post=7972"},{"taxonomy":"product_cat","embeddable":true,"href":"https:\/\/invertas.lt\/en\/wp-json\/wp\/v2\/product_cat?post=7972"},{"taxonomy":"product_tag","embeddable":true,"href":"https:\/\/invertas.lt\/en\/wp-json\/wp\/v2\/product_tag?post=7972"}],"curies":[{"name":"wp","href":"https:\/\/api.w.org\/{rel}","templated":true}]}}