{"id":7931,"date":"2025-07-03T19:08:25","date_gmt":"2025-07-03T19:08:25","guid":{"rendered":"https:\/\/aurimasb15.sg-host.com\/?post_type=product&#038;p=7931"},"modified":"2025-08-08T20:44:14","modified_gmt":"2025-08-08T20:44:14","slug":"siluminio-laidumo-duju-analizatorius-ex-zonoms-zafe","status":"publish","type":"product","link":"https:\/\/invertas.lt\/en\/produktai\/duju-analizatoriai\/siluminio-laidumo-duju-analizatorius-ex-zonoms-zafe\/","title":{"rendered":"Fuji Electric thermal conductivity gas analyzer for EX zones ZAFE"},"content":{"rendered":"<p data-start=\"0\" data-end=\"244\"><strong data-start=\"0\" data-end=\"18\">Fields of application<\/strong><\/p>\n<p data-start=\"0\" data-end=\"244\">Wide range of applications: from industrial gas monitoring to hydrogen analysis, production and safety control.<\/p>\n<p data-start=\"246\" data-end=\"259\"><strong data-start=\"246\" data-end=\"257\">Features<\/strong><\/p>\n<ul data-start=\"260\" data-end=\"600\" data-is-last-node=\"\" data-is-only-node=\"\">\n<li data-start=\"260\" data-end=\"326\">\n<p data-start=\"262\" data-end=\"326\">Easy installation: supplied as a ready-to-use solution<\/p>\n<\/li>\n<li data-start=\"388\" data-end=\"446\">\n<p data-start=\"390\" data-end=\"446\">Flexibility: measurement of up to 8 gas components simultaneously<\/p>\n<\/li>\n<li data-start=\"447\" data-end=\"517\">\n<p data-start=\"449\" data-end=\"517\">Easy maintenance: reliable components, easy-to-replace filters<\/p>\n<\/li>\n<li data-start=\"518\" data-end=\"600\" data-is-last-node=\"\">\n<p data-start=\"520\" data-end=\"600\" data-is-last-node=\"\">High accuracy: advanced TCD analyzer with crosstalk compensation<\/p>\n<\/li>\n<\/ul>","protected":false},"excerpt":{"rendered":"<p>Taikymo sritys Platus pritaikymas: nuo duj\u0173 steb\u0117senos pramon\u0117je iki vandenilio analiz\u0117s, gamybos ir saugumo kontrol\u0117s. Savyb\u0117s Lengvas \u012frengimas: tiekiamas kaip paruo\u0161tas naudoti sprendimas Lankstumas: iki 8 duj\u0173 komponent\u0173 matavimas vienu metu Paprasta prie\u017ei\u016bra: patikimi komponentai, lengvai kei\u010diami filtrai Auk\u0161tas tikslumas: pa\u017eangus TCD analizatorius su kry\u017emini\u0173 trikd\u017ei\u0173 kompensacija<\/p>","protected":false},"featured_media":7932,"comment_status":"open","ping_status":"closed","template":"","meta":{"_acf_changed":false,"inline_featured_image":false},"product_brand":[],"product_cat":[422],"product_tag":[],"class_list":{"0":"post-7931","1":"product","2":"type-product","3":"status-publish","4":"has-post-thumbnail","6":"product_cat-duju-analizatoriai","8":"first","9":"instock","10":"shipping-taxable","11":"purchasable","12":"product-type-simple"},"acf":[],"yoast_head":"<!-- This site is optimized with the Yoast SEO plugin v25.5 - https:\/\/yoast.com\/wordpress\/plugins\/seo\/ -->\n<title>Fuji Electric \u0161iluminio laidumo duj\u0173 analizatorius EX zonoms ZAFE - Invertas<\/title>\n<meta name=\"description\" content=\"Platus pritaikymas: duj\u0173 koncentracijos steb\u0117sena, vandenilio analiz\u0117, nuot\u0117kio aptikimas ir saugumo kontrol\u0117 \u012fvairiuose pramon\u0117s procesuose.\" \/>\n<meta name=\"robots\" content=\"index, follow, max-snippet:-1, max-image-preview:large, max-video-preview:-1\" \/>\n<link rel=\"canonical\" href=\"https:\/\/invertas.lt\/en\/produktai\/duju-analizatoriai\/siluminio-laidumo-duju-analizatorius-ex-zonoms-zafe\/\" \/>\n<meta property=\"og:locale\" content=\"en_GB\" \/>\n<meta property=\"og:type\" content=\"article\" \/>\n<meta property=\"og:title\" content=\"Fuji Electric \u0161iluminio laidumo duj\u0173 analizatorius EX zonoms ZAFE - Invertas\" \/>\n<meta property=\"og:description\" content=\"Platus pritaikymas: duj\u0173 koncentracijos steb\u0117sena, vandenilio analiz\u0117, nuot\u0117kio aptikimas ir saugumo kontrol\u0117 \u012fvairiuose pramon\u0117s procesuose.\" \/>\n<meta property=\"og:url\" content=\"https:\/\/invertas.lt\/en\/produktai\/duju-analizatoriai\/siluminio-laidumo-duju-analizatorius-ex-zonoms-zafe\/\" \/>\n<meta property=\"og:site_name\" content=\"Invertas\" \/>\n<meta property=\"article:modified_time\" content=\"2025-08-08T20:44:14+00:00\" \/>\n<meta property=\"og:image\" content=\"https:\/\/invertas.lt\/wp-content\/uploads\/2025\/07\/zafe-vue-generale-header-fr-en.webp\" \/>\n\t<meta property=\"og:image:width\" content=\"682\" \/>\n\t<meta property=\"og:image:height\" content=\"682\" \/>\n\t<meta property=\"og:image:type\" content=\"image\/webp\" \/>\n<meta name=\"twitter:card\" content=\"summary_large_image\" \/>\n<meta name=\"twitter:label1\" content=\"Estimated reading time\" \/>\n\t<meta name=\"twitter:data1\" content=\"1 minute\" \/>\n<script type=\"application\/ld+json\" class=\"yoast-schema-graph\">{\"@context\":\"https:\/\/schema.org\",\"@graph\":[{\"@type\":\"WebPage\",\"@id\":\"https:\/\/invertas.lt\/produktai\/duju-analizatoriai\/siluminio-laidumo-duju-analizatorius-ex-zonoms-zafe\/\",\"url\":\"https:\/\/invertas.lt\/produktai\/duju-analizatoriai\/siluminio-laidumo-duju-analizatorius-ex-zonoms-zafe\/\",\"name\":\"Fuji Electric \u0161iluminio laidumo duj\u0173 analizatorius EX zonoms ZAFE - Invertas\",\"isPartOf\":{\"@id\":\"https:\/\/invertas.lt\/#website\"},\"primaryImageOfPage\":{\"@id\":\"https:\/\/invertas.lt\/produktai\/duju-analizatoriai\/siluminio-laidumo-duju-analizatorius-ex-zonoms-zafe\/#primaryimage\"},\"image\":{\"@id\":\"https:\/\/invertas.lt\/produktai\/duju-analizatoriai\/siluminio-laidumo-duju-analizatorius-ex-zonoms-zafe\/#primaryimage\"},\"thumbnailUrl\":\"https:\/\/invertas.lt\/wp-content\/uploads\/2025\/07\/zafe-vue-generale-header-fr-en.webp\",\"datePublished\":\"2025-07-03T19:08:25+00:00\",\"dateModified\":\"2025-08-08T20:44:14+00:00\",\"description\":\"Platus pritaikymas: duj\u0173 koncentracijos steb\u0117sena, vandenilio analiz\u0117, nuot\u0117kio aptikimas ir saugumo kontrol\u0117 \u012fvairiuose pramon\u0117s procesuose.\",\"breadcrumb\":{\"@id\":\"https:\/\/invertas.lt\/produktai\/duju-analizatoriai\/siluminio-laidumo-duju-analizatorius-ex-zonoms-zafe\/#breadcrumb\"},\"inLanguage\":\"en-GB\",\"potentialAction\":[{\"@type\":\"ReadAction\",\"target\":[\"https:\/\/invertas.lt\/produktai\/duju-analizatoriai\/siluminio-laidumo-duju-analizatorius-ex-zonoms-zafe\/\"]}]},{\"@type\":\"ImageObject\",\"inLanguage\":\"en-GB\",\"@id\":\"https:\/\/invertas.lt\/produktai\/duju-analizatoriai\/siluminio-laidumo-duju-analizatorius-ex-zonoms-zafe\/#primaryimage\",\"url\":\"https:\/\/invertas.lt\/wp-content\/uploads\/2025\/07\/zafe-vue-generale-header-fr-en.webp\",\"contentUrl\":\"https:\/\/invertas.lt\/wp-content\/uploads\/2025\/07\/zafe-vue-generale-header-fr-en.webp\",\"width\":682,\"height\":682},{\"@type\":\"BreadcrumbList\",\"@id\":\"https:\/\/invertas.lt\/produktai\/duju-analizatoriai\/siluminio-laidumo-duju-analizatorius-ex-zonoms-zafe\/#breadcrumb\",\"itemListElement\":[{\"@type\":\"ListItem\",\"position\":1,\"name\":\"Prad\u017eia\",\"item\":\"https:\/\/invertas.lt\/\"},{\"@type\":\"ListItem\",\"position\":2,\"name\":\"Products\",\"item\":\"https:\/\/invertas.lt\/shop\/\"},{\"@type\":\"ListItem\",\"position\":3,\"name\":\"Duj\u0173 analizatoriai\",\"item\":\"https:\/\/invertas.lt\/.\/duju-analizatoriai\/\"},{\"@type\":\"ListItem\",\"position\":4,\"name\":\"Fuji Electric \u0161iluminio laidumo duj\u0173 analizatorius EX zonoms ZAFE\"}]},{\"@type\":\"WebSite\",\"@id\":\"https:\/\/invertas.lt\/#website\",\"url\":\"https:\/\/invertas.lt\/\",\"name\":\"Invertas\",\"description\":\"\",\"publisher\":{\"@id\":\"https:\/\/invertas.lt\/#organization\"},\"potentialAction\":[{\"@type\":\"SearchAction\",\"target\":{\"@type\":\"EntryPoint\",\"urlTemplate\":\"https:\/\/invertas.lt\/?s={search_term_string}\"},\"query-input\":{\"@type\":\"PropertyValueSpecification\",\"valueRequired\":true,\"valueName\":\"search_term_string\"}}],\"inLanguage\":\"en-GB\"},{\"@type\":\"Organization\",\"@id\":\"https:\/\/invertas.lt\/#organization\",\"name\":\"Invertas\",\"url\":\"https:\/\/invertas.lt\/\",\"logo\":{\"@type\":\"ImageObject\",\"inLanguage\":\"en-GB\",\"@id\":\"https:\/\/invertas.lt\/#\/schema\/logo\/image\/\",\"url\":\"https:\/\/invertas.lt\/wp-content\/uploads\/2025\/03\/New-Text-Document-2.svg\",\"contentUrl\":\"https:\/\/invertas.lt\/wp-content\/uploads\/2025\/03\/New-Text-Document-2.svg\",\"width\":140,\"height\":39,\"caption\":\"Invertas\"},\"image\":{\"@id\":\"https:\/\/invertas.lt\/#\/schema\/logo\/image\/\"}}]}<\/script>\n<!-- \/ Yoast SEO plugin. -->","yoast_head_json":{"title":"Fuji Electric \u0161iluminio laidumo duj\u0173 analizatorius EX zonoms ZAFE - Invertas","description":"Platus pritaikymas: duj\u0173 koncentracijos steb\u0117sena, vandenilio analiz\u0117, nuot\u0117kio aptikimas ir saugumo kontrol\u0117 \u012fvairiuose pramon\u0117s procesuose.","robots":{"index":"index","follow":"follow","max-snippet":"max-snippet:-1","max-image-preview":"max-image-preview:large","max-video-preview":"max-video-preview:-1"},"canonical":"https:\/\/invertas.lt\/en\/produktai\/duju-analizatoriai\/siluminio-laidumo-duju-analizatorius-ex-zonoms-zafe\/","og_locale":"en_GB","og_type":"article","og_title":"Fuji Electric \u0161iluminio laidumo duj\u0173 analizatorius EX zonoms ZAFE - Invertas","og_description":"Platus pritaikymas: duj\u0173 koncentracijos steb\u0117sena, vandenilio analiz\u0117, nuot\u0117kio aptikimas ir saugumo kontrol\u0117 \u012fvairiuose pramon\u0117s procesuose.","og_url":"https:\/\/invertas.lt\/en\/produktai\/duju-analizatoriai\/siluminio-laidumo-duju-analizatorius-ex-zonoms-zafe\/","og_site_name":"Invertas","article_modified_time":"2025-08-08T20:44:14+00:00","og_image":[{"width":682,"height":682,"url":"https:\/\/invertas.lt\/wp-content\/uploads\/2025\/07\/zafe-vue-generale-header-fr-en.webp","type":"image\/webp"}],"twitter_card":"summary_large_image","twitter_misc":{"Estimated reading time":"1 minute"},"schema":{"@context":"https:\/\/schema.org","@graph":[{"@type":"WebPage","@id":"https:\/\/invertas.lt\/produktai\/duju-analizatoriai\/siluminio-laidumo-duju-analizatorius-ex-zonoms-zafe\/","url":"https:\/\/invertas.lt\/produktai\/duju-analizatoriai\/siluminio-laidumo-duju-analizatorius-ex-zonoms-zafe\/","name":"Fuji Electric \u0161iluminio laidumo duj\u0173 analizatorius EX zonoms ZAFE - Invertas","isPartOf":{"@id":"https:\/\/invertas.lt\/#website"},"primaryImageOfPage":{"@id":"https:\/\/invertas.lt\/produktai\/duju-analizatoriai\/siluminio-laidumo-duju-analizatorius-ex-zonoms-zafe\/#primaryimage"},"image":{"@id":"https:\/\/invertas.lt\/produktai\/duju-analizatoriai\/siluminio-laidumo-duju-analizatorius-ex-zonoms-zafe\/#primaryimage"},"thumbnailUrl":"https:\/\/invertas.lt\/wp-content\/uploads\/2025\/07\/zafe-vue-generale-header-fr-en.webp","datePublished":"2025-07-03T19:08:25+00:00","dateModified":"2025-08-08T20:44:14+00:00","description":"Platus pritaikymas: duj\u0173 koncentracijos steb\u0117sena, vandenilio analiz\u0117, nuot\u0117kio aptikimas ir saugumo kontrol\u0117 \u012fvairiuose pramon\u0117s procesuose.","breadcrumb":{"@id":"https:\/\/invertas.lt\/produktai\/duju-analizatoriai\/siluminio-laidumo-duju-analizatorius-ex-zonoms-zafe\/#breadcrumb"},"inLanguage":"en-GB","potentialAction":[{"@type":"ReadAction","target":["https:\/\/invertas.lt\/produktai\/duju-analizatoriai\/siluminio-laidumo-duju-analizatorius-ex-zonoms-zafe\/"]}]},{"@type":"ImageObject","inLanguage":"en-GB","@id":"https:\/\/invertas.lt\/produktai\/duju-analizatoriai\/siluminio-laidumo-duju-analizatorius-ex-zonoms-zafe\/#primaryimage","url":"https:\/\/invertas.lt\/wp-content\/uploads\/2025\/07\/zafe-vue-generale-header-fr-en.webp","contentUrl":"https:\/\/invertas.lt\/wp-content\/uploads\/2025\/07\/zafe-vue-generale-header-fr-en.webp","width":682,"height":682},{"@type":"BreadcrumbList","@id":"https:\/\/invertas.lt\/produktai\/duju-analizatoriai\/siluminio-laidumo-duju-analizatorius-ex-zonoms-zafe\/#breadcrumb","itemListElement":[{"@type":"ListItem","position":1,"name":"Prad\u017eia","item":"https:\/\/invertas.lt\/"},{"@type":"ListItem","position":2,"name":"Products","item":"https:\/\/invertas.lt\/shop\/"},{"@type":"ListItem","position":3,"name":"Duj\u0173 analizatoriai","item":"https:\/\/invertas.lt\/.\/duju-analizatoriai\/"},{"@type":"ListItem","position":4,"name":"Fuji Electric \u0161iluminio laidumo duj\u0173 analizatorius EX zonoms ZAFE"}]},{"@type":"WebSite","@id":"https:\/\/invertas.lt\/#website","url":"https:\/\/invertas.lt\/","name":"Invert","description":"","publisher":{"@id":"https:\/\/invertas.lt\/#organization"},"potentialAction":[{"@type":"SearchAction","target":{"@type":"EntryPoint","urlTemplate":"https:\/\/invertas.lt\/?s={search_term_string}"},"query-input":{"@type":"PropertyValueSpecification","valueRequired":true,"valueName":"search_term_string"}}],"inLanguage":"en-GB"},{"@type":"Organization","@id":"https:\/\/invertas.lt\/#organization","name":"Invert","url":"https:\/\/invertas.lt\/","logo":{"@type":"ImageObject","inLanguage":"en-GB","@id":"https:\/\/invertas.lt\/#\/schema\/logo\/image\/","url":"https:\/\/invertas.lt\/wp-content\/uploads\/2025\/03\/New-Text-Document-2.svg","contentUrl":"https:\/\/invertas.lt\/wp-content\/uploads\/2025\/03\/New-Text-Document-2.svg","width":140,"height":39,"caption":"Invertas"},"image":{"@id":"https:\/\/invertas.lt\/#\/schema\/logo\/image\/"}}]}},"_links":{"self":[{"href":"https:\/\/invertas.lt\/en\/wp-json\/wp\/v2\/product\/7931","targetHints":{"allow":["GET"]}}],"collection":[{"href":"https:\/\/invertas.lt\/en\/wp-json\/wp\/v2\/product"}],"about":[{"href":"https:\/\/invertas.lt\/en\/wp-json\/wp\/v2\/types\/product"}],"replies":[{"embeddable":true,"href":"https:\/\/invertas.lt\/en\/wp-json\/wp\/v2\/comments?post=7931"}],"wp:featuredmedia":[{"embeddable":true,"href":"https:\/\/invertas.lt\/en\/wp-json\/wp\/v2\/media\/7932"}],"wp:attachment":[{"href":"https:\/\/invertas.lt\/en\/wp-json\/wp\/v2\/media?parent=7931"}],"wp:term":[{"taxonomy":"product_brand","embeddable":true,"href":"https:\/\/invertas.lt\/en\/wp-json\/wp\/v2\/product_brand?post=7931"},{"taxonomy":"product_cat","embeddable":true,"href":"https:\/\/invertas.lt\/en\/wp-json\/wp\/v2\/product_cat?post=7931"},{"taxonomy":"product_tag","embeddable":true,"href":"https:\/\/invertas.lt\/en\/wp-json\/wp\/v2\/product_tag?post=7931"}],"curies":[{"name":"wp","href":"https:\/\/api.w.org\/{rel}","templated":true}]}}