{"id":7922,"date":"2025-07-03T18:26:12","date_gmt":"2025-07-03T18:26:12","guid":{"rendered":"https:\/\/aurimasb15.sg-host.com\/?post_type=product&#038;p=7922"},"modified":"2025-08-08T20:43:34","modified_gmt":"2025-08-08T20:43:34","slug":"siluminio-laidumo-duju-analizatorius-zaf","status":"publish","type":"product","link":"https:\/\/invertas.lt\/en\/produktai\/duju-analizatoriai\/siluminio-laidumo-duju-analizatorius-zaf\/","title":{"rendered":"Fuji Electric Thermal Conductivity Gas Analyzer \u2013 ZAF"},"content":{"rendered":"<p data-start=\"0\" data-end=\"14\"><strong data-start=\"0\" data-end=\"18\">Fields of application<\/strong><\/p>\n<p data-start=\"0\" data-end=\"14\">Wide range of applications: from gas concentration monitoring in semiconductor manufacturing, hydrogen purity control in generators, atmosphere control furnaces, to hydrogen analysis in the chemical, oil, gas, energy and research industries.<\/p>\n<p data-start=\"66\" data-end=\"79\"><strong data-start=\"66\" data-end=\"77\">Features<\/strong><\/p>\n<ul data-start=\"80\" data-end=\"320\" data-is-last-node=\"\" data-is-only-node=\"\">\n<li data-start=\"80\" data-end=\"123\">\n<p data-start=\"82\" data-end=\"123\">Easy installation and simple operation<\/p>\n<\/li>\n<li data-start=\"124\" data-end=\"175\">\n<p data-start=\"126\" data-end=\"175\">A solution tailored to your specific furnace<\/p>\n<\/li>\n<li data-start=\"176\" data-end=\"228\">\n<p data-start=\"178\" data-end=\"228\">Maximum flexibility and a wide range of applications<\/p>\n<\/li>\n<li data-start=\"229\" data-end=\"291\">\n<p data-start=\"231\" data-end=\"291\">Easy maintenance and extended service intervals<\/p>\n<\/li>\n<li data-start=\"292\" data-end=\"320\" data-is-last-node=\"\">\n<p data-start=\"294\" data-end=\"320\" data-is-last-node=\"\">High measurement accuracy<\/p>\n<\/li>\n<\/ul>","protected":false},"excerpt":{"rendered":"<p>Taikymo sritys Platus pritaikymas: nuo duj\u0173 koncentracijos steb\u0117jimo puslaidininki\u0173 gamyboje, vandenilio grynumo kontrol\u0117s generatoriuose, atmosferos valdymo krosnyse, iki vandenilio analiz\u0117s chemijos, naftos, duj\u0173, energijos ir tyrim\u0173 srityse. Savyb\u0117s Lengvas \u012frengimas ir paprastas valdymas Sprendimas pritaikytas konkre\u010diai j\u016bs\u0173 krosniai Didelis lankstumas ir platus pritaikymo spektras Paprasta prie\u017ei\u016bra ir ilgi technin\u0117s prie\u017ei\u016bros intervalai Auk\u0161tas matavimo tikslumas<\/p>","protected":false},"featured_media":7923,"comment_status":"open","ping_status":"closed","template":"","meta":{"_acf_changed":false,"inline_featured_image":false},"product_brand":[],"product_cat":[422],"product_tag":[],"class_list":{"0":"post-7922","1":"product","2":"type-product","3":"status-publish","4":"has-post-thumbnail","6":"product_cat-duju-analizatoriai","8":"first","9":"instock","10":"shipping-taxable","11":"purchasable","12":"product-type-simple"},"acf":[],"yoast_head":"<!-- This site is optimized with the Yoast SEO plugin v25.5 - https:\/\/yoast.com\/wordpress\/plugins\/seo\/ -->\n<title>Fuji Electric \u0161iluminio laidumo duj\u0173 analizatorius \u2013 ZAF - Invertas<\/title>\n<meta name=\"description\" content=\"Platus pritaikymas: nuo duj\u0173 steb\u0117senos pramon\u0117je iki vandenilio analiz\u0117s energetikos, chemijos ir tyrim\u0173 srityse. Auk\u0161tas matavimo tikslumas.\" \/>\n<meta name=\"robots\" content=\"index, follow, max-snippet:-1, max-image-preview:large, max-video-preview:-1\" \/>\n<link rel=\"canonical\" href=\"https:\/\/invertas.lt\/en\/produktai\/duju-analizatoriai\/siluminio-laidumo-duju-analizatorius-zaf\/\" \/>\n<meta property=\"og:locale\" content=\"en_GB\" \/>\n<meta property=\"og:type\" content=\"article\" \/>\n<meta property=\"og:title\" content=\"Fuji Electric \u0161iluminio laidumo duj\u0173 analizatorius \u2013 ZAF - Invertas\" \/>\n<meta property=\"og:description\" content=\"Platus pritaikymas: nuo duj\u0173 steb\u0117senos pramon\u0117je iki vandenilio analiz\u0117s energetikos, chemijos ir tyrim\u0173 srityse. Auk\u0161tas matavimo tikslumas.\" \/>\n<meta property=\"og:url\" content=\"https:\/\/invertas.lt\/en\/produktai\/duju-analizatoriai\/siluminio-laidumo-duju-analizatorius-zaf\/\" \/>\n<meta property=\"og:site_name\" content=\"Invertas\" \/>\n<meta property=\"article:modified_time\" content=\"2025-08-08T20:43:34+00:00\" \/>\n<meta property=\"og:image\" content=\"https:\/\/invertas.lt\/wp-content\/uploads\/2025\/07\/zaf-vue-generale-header-fr-en.webp\" \/>\n\t<meta property=\"og:image:width\" content=\"682\" \/>\n\t<meta property=\"og:image:height\" content=\"682\" \/>\n\t<meta property=\"og:image:type\" content=\"image\/webp\" \/>\n<meta name=\"twitter:card\" content=\"summary_large_image\" \/>\n<meta name=\"twitter:label1\" content=\"Estimated reading time\" \/>\n\t<meta name=\"twitter:data1\" content=\"1 minute\" \/>\n<script type=\"application\/ld+json\" class=\"yoast-schema-graph\">{\"@context\":\"https:\/\/schema.org\",\"@graph\":[{\"@type\":\"WebPage\",\"@id\":\"https:\/\/invertas.lt\/produktai\/duju-analizatoriai\/siluminio-laidumo-duju-analizatorius-zaf\/\",\"url\":\"https:\/\/invertas.lt\/produktai\/duju-analizatoriai\/siluminio-laidumo-duju-analizatorius-zaf\/\",\"name\":\"Fuji Electric \u0161iluminio laidumo duj\u0173 analizatorius \u2013 ZAF - Invertas\",\"isPartOf\":{\"@id\":\"https:\/\/invertas.lt\/#website\"},\"primaryImageOfPage\":{\"@id\":\"https:\/\/invertas.lt\/produktai\/duju-analizatoriai\/siluminio-laidumo-duju-analizatorius-zaf\/#primaryimage\"},\"image\":{\"@id\":\"https:\/\/invertas.lt\/produktai\/duju-analizatoriai\/siluminio-laidumo-duju-analizatorius-zaf\/#primaryimage\"},\"thumbnailUrl\":\"https:\/\/invertas.lt\/wp-content\/uploads\/2025\/07\/zaf-vue-generale-header-fr-en.webp\",\"datePublished\":\"2025-07-03T18:26:12+00:00\",\"dateModified\":\"2025-08-08T20:43:34+00:00\",\"description\":\"Platus pritaikymas: nuo duj\u0173 steb\u0117senos pramon\u0117je iki vandenilio analiz\u0117s energetikos, chemijos ir tyrim\u0173 srityse. Auk\u0161tas matavimo tikslumas.\",\"breadcrumb\":{\"@id\":\"https:\/\/invertas.lt\/produktai\/duju-analizatoriai\/siluminio-laidumo-duju-analizatorius-zaf\/#breadcrumb\"},\"inLanguage\":\"en-GB\",\"potentialAction\":[{\"@type\":\"ReadAction\",\"target\":[\"https:\/\/invertas.lt\/produktai\/duju-analizatoriai\/siluminio-laidumo-duju-analizatorius-zaf\/\"]}]},{\"@type\":\"ImageObject\",\"inLanguage\":\"en-GB\",\"@id\":\"https:\/\/invertas.lt\/produktai\/duju-analizatoriai\/siluminio-laidumo-duju-analizatorius-zaf\/#primaryimage\",\"url\":\"https:\/\/invertas.lt\/wp-content\/uploads\/2025\/07\/zaf-vue-generale-header-fr-en.webp\",\"contentUrl\":\"https:\/\/invertas.lt\/wp-content\/uploads\/2025\/07\/zaf-vue-generale-header-fr-en.webp\",\"width\":682,\"height\":682},{\"@type\":\"BreadcrumbList\",\"@id\":\"https:\/\/invertas.lt\/produktai\/duju-analizatoriai\/siluminio-laidumo-duju-analizatorius-zaf\/#breadcrumb\",\"itemListElement\":[{\"@type\":\"ListItem\",\"position\":1,\"name\":\"Prad\u017eia\",\"item\":\"https:\/\/invertas.lt\/\"},{\"@type\":\"ListItem\",\"position\":2,\"name\":\"Products\",\"item\":\"https:\/\/invertas.lt\/shop\/\"},{\"@type\":\"ListItem\",\"position\":3,\"name\":\"Duj\u0173 analizatoriai\",\"item\":\"https:\/\/invertas.lt\/.\/duju-analizatoriai\/\"},{\"@type\":\"ListItem\",\"position\":4,\"name\":\"Fuji Electric \u0161iluminio laidumo duj\u0173 analizatorius \u2013 ZAF\"}]},{\"@type\":\"WebSite\",\"@id\":\"https:\/\/invertas.lt\/#website\",\"url\":\"https:\/\/invertas.lt\/\",\"name\":\"Invertas\",\"description\":\"\",\"publisher\":{\"@id\":\"https:\/\/invertas.lt\/#organization\"},\"potentialAction\":[{\"@type\":\"SearchAction\",\"target\":{\"@type\":\"EntryPoint\",\"urlTemplate\":\"https:\/\/invertas.lt\/?s={search_term_string}\"},\"query-input\":{\"@type\":\"PropertyValueSpecification\",\"valueRequired\":true,\"valueName\":\"search_term_string\"}}],\"inLanguage\":\"en-GB\"},{\"@type\":\"Organization\",\"@id\":\"https:\/\/invertas.lt\/#organization\",\"name\":\"Invertas\",\"url\":\"https:\/\/invertas.lt\/\",\"logo\":{\"@type\":\"ImageObject\",\"inLanguage\":\"en-GB\",\"@id\":\"https:\/\/invertas.lt\/#\/schema\/logo\/image\/\",\"url\":\"https:\/\/invertas.lt\/wp-content\/uploads\/2025\/03\/New-Text-Document-2.svg\",\"contentUrl\":\"https:\/\/invertas.lt\/wp-content\/uploads\/2025\/03\/New-Text-Document-2.svg\",\"width\":140,\"height\":39,\"caption\":\"Invertas\"},\"image\":{\"@id\":\"https:\/\/invertas.lt\/#\/schema\/logo\/image\/\"}}]}<\/script>\n<!-- \/ Yoast SEO plugin. -->","yoast_head_json":{"title":"Fuji Electric \u0161iluminio laidumo duj\u0173 analizatorius \u2013 ZAF - Invertas","description":"Platus pritaikymas: nuo duj\u0173 steb\u0117senos pramon\u0117je iki vandenilio analiz\u0117s energetikos, chemijos ir tyrim\u0173 srityse. Auk\u0161tas matavimo tikslumas.","robots":{"index":"index","follow":"follow","max-snippet":"max-snippet:-1","max-image-preview":"max-image-preview:large","max-video-preview":"max-video-preview:-1"},"canonical":"https:\/\/invertas.lt\/en\/produktai\/duju-analizatoriai\/siluminio-laidumo-duju-analizatorius-zaf\/","og_locale":"en_GB","og_type":"article","og_title":"Fuji Electric \u0161iluminio laidumo duj\u0173 analizatorius \u2013 ZAF - Invertas","og_description":"Platus pritaikymas: nuo duj\u0173 steb\u0117senos pramon\u0117je iki vandenilio analiz\u0117s energetikos, chemijos ir tyrim\u0173 srityse. Auk\u0161tas matavimo tikslumas.","og_url":"https:\/\/invertas.lt\/en\/produktai\/duju-analizatoriai\/siluminio-laidumo-duju-analizatorius-zaf\/","og_site_name":"Invertas","article_modified_time":"2025-08-08T20:43:34+00:00","og_image":[{"width":682,"height":682,"url":"https:\/\/invertas.lt\/wp-content\/uploads\/2025\/07\/zaf-vue-generale-header-fr-en.webp","type":"image\/webp"}],"twitter_card":"summary_large_image","twitter_misc":{"Estimated reading time":"1 minute"},"schema":{"@context":"https:\/\/schema.org","@graph":[{"@type":"WebPage","@id":"https:\/\/invertas.lt\/produktai\/duju-analizatoriai\/siluminio-laidumo-duju-analizatorius-zaf\/","url":"https:\/\/invertas.lt\/produktai\/duju-analizatoriai\/siluminio-laidumo-duju-analizatorius-zaf\/","name":"Fuji Electric \u0161iluminio laidumo duj\u0173 analizatorius \u2013 ZAF - Invertas","isPartOf":{"@id":"https:\/\/invertas.lt\/#website"},"primaryImageOfPage":{"@id":"https:\/\/invertas.lt\/produktai\/duju-analizatoriai\/siluminio-laidumo-duju-analizatorius-zaf\/#primaryimage"},"image":{"@id":"https:\/\/invertas.lt\/produktai\/duju-analizatoriai\/siluminio-laidumo-duju-analizatorius-zaf\/#primaryimage"},"thumbnailUrl":"https:\/\/invertas.lt\/wp-content\/uploads\/2025\/07\/zaf-vue-generale-header-fr-en.webp","datePublished":"2025-07-03T18:26:12+00:00","dateModified":"2025-08-08T20:43:34+00:00","description":"Platus pritaikymas: nuo duj\u0173 steb\u0117senos pramon\u0117je iki vandenilio analiz\u0117s energetikos, chemijos ir tyrim\u0173 srityse. Auk\u0161tas matavimo tikslumas.","breadcrumb":{"@id":"https:\/\/invertas.lt\/produktai\/duju-analizatoriai\/siluminio-laidumo-duju-analizatorius-zaf\/#breadcrumb"},"inLanguage":"en-GB","potentialAction":[{"@type":"ReadAction","target":["https:\/\/invertas.lt\/produktai\/duju-analizatoriai\/siluminio-laidumo-duju-analizatorius-zaf\/"]}]},{"@type":"ImageObject","inLanguage":"en-GB","@id":"https:\/\/invertas.lt\/produktai\/duju-analizatoriai\/siluminio-laidumo-duju-analizatorius-zaf\/#primaryimage","url":"https:\/\/invertas.lt\/wp-content\/uploads\/2025\/07\/zaf-vue-generale-header-fr-en.webp","contentUrl":"https:\/\/invertas.lt\/wp-content\/uploads\/2025\/07\/zaf-vue-generale-header-fr-en.webp","width":682,"height":682},{"@type":"BreadcrumbList","@id":"https:\/\/invertas.lt\/produktai\/duju-analizatoriai\/siluminio-laidumo-duju-analizatorius-zaf\/#breadcrumb","itemListElement":[{"@type":"ListItem","position":1,"name":"Prad\u017eia","item":"https:\/\/invertas.lt\/"},{"@type":"ListItem","position":2,"name":"Products","item":"https:\/\/invertas.lt\/shop\/"},{"@type":"ListItem","position":3,"name":"Duj\u0173 analizatoriai","item":"https:\/\/invertas.lt\/.\/duju-analizatoriai\/"},{"@type":"ListItem","position":4,"name":"Fuji Electric \u0161iluminio laidumo duj\u0173 analizatorius \u2013 ZAF"}]},{"@type":"WebSite","@id":"https:\/\/invertas.lt\/#website","url":"https:\/\/invertas.lt\/","name":"Invert","description":"","publisher":{"@id":"https:\/\/invertas.lt\/#organization"},"potentialAction":[{"@type":"SearchAction","target":{"@type":"EntryPoint","urlTemplate":"https:\/\/invertas.lt\/?s={search_term_string}"},"query-input":{"@type":"PropertyValueSpecification","valueRequired":true,"valueName":"search_term_string"}}],"inLanguage":"en-GB"},{"@type":"Organization","@id":"https:\/\/invertas.lt\/#organization","name":"Invert","url":"https:\/\/invertas.lt\/","logo":{"@type":"ImageObject","inLanguage":"en-GB","@id":"https:\/\/invertas.lt\/#\/schema\/logo\/image\/","url":"https:\/\/invertas.lt\/wp-content\/uploads\/2025\/03\/New-Text-Document-2.svg","contentUrl":"https:\/\/invertas.lt\/wp-content\/uploads\/2025\/03\/New-Text-Document-2.svg","width":140,"height":39,"caption":"Invertas"},"image":{"@id":"https:\/\/invertas.lt\/#\/schema\/logo\/image\/"}}]}},"_links":{"self":[{"href":"https:\/\/invertas.lt\/en\/wp-json\/wp\/v2\/product\/7922","targetHints":{"allow":["GET"]}}],"collection":[{"href":"https:\/\/invertas.lt\/en\/wp-json\/wp\/v2\/product"}],"about":[{"href":"https:\/\/invertas.lt\/en\/wp-json\/wp\/v2\/types\/product"}],"replies":[{"embeddable":true,"href":"https:\/\/invertas.lt\/en\/wp-json\/wp\/v2\/comments?post=7922"}],"wp:featuredmedia":[{"embeddable":true,"href":"https:\/\/invertas.lt\/en\/wp-json\/wp\/v2\/media\/7923"}],"wp:attachment":[{"href":"https:\/\/invertas.lt\/en\/wp-json\/wp\/v2\/media?parent=7922"}],"wp:term":[{"taxonomy":"product_brand","embeddable":true,"href":"https:\/\/invertas.lt\/en\/wp-json\/wp\/v2\/product_brand?post=7922"},{"taxonomy":"product_cat","embeddable":true,"href":"https:\/\/invertas.lt\/en\/wp-json\/wp\/v2\/product_cat?post=7922"},{"taxonomy":"product_tag","embeddable":true,"href":"https:\/\/invertas.lt\/en\/wp-json\/wp\/v2\/product_tag?post=7922"}],"curies":[{"name":"wp","href":"https:\/\/api.w.org\/{rel}","templated":true}]}}