{"id":7897,"date":"2025-07-03T16:52:36","date_gmt":"2025-07-03T16:52:36","guid":{"rendered":"https:\/\/aurimasb15.sg-host.com\/?post_type=product&#038;p=7897"},"modified":"2025-08-08T20:42:41","modified_gmt":"2025-08-08T20:42:41","slug":"infraraudonuju-spinduliu-duju-analizatorius-zkj","status":"publish","type":"product","link":"https:\/\/invertas.lt\/en\/produktai\/duju-analizatoriai\/infraraudonuju-spinduliu-duju-analizatorius-zkj\/","title":{"rendered":"Fuji Electric Infrared Gas Analyzer \u2013 ZKJ"},"content":{"rendered":"<h3 data-start=\"0\" data-end=\"14\">Fields of application<\/h3>\n<p data-start=\"19\" data-end=\"161\">ZKJ is particularly suitable for industrial furnaces, boilers and all types of combustion installations.<\/p>\n<h3 data-start=\"16\" data-end=\"183\">Features<\/h3>\n<ul>\n<li data-start=\"16\" data-end=\"183\">The reference cell of the double beam principle offers excellent performance<\/li>\n<li data-start=\"16\" data-end=\"183\">Low scales from 0-20 ppm<\/li>\n<li data-start=\"16\" data-end=\"183\">Excellent zero point stability: \u00b1 1% FS per week<\/li>\n<li data-start=\"16\" data-end=\"183\">Integrated interference detectors help reduce cross interference optimally<\/li>\n<li data-start=\"16\" data-end=\"183\">Clear, intuitive interface with advanced diagnostic and calibration functions<\/li>\n<\/ul>","protected":false},"excerpt":{"rendered":"<p>Taikymo sritys ZKJ ypa\u010d tinka pramonin\u0117ms krosnims, katilams ir vis\u0173 tip\u0173 deginimo \u012frenginiams. Savyb\u0117s Etalonin\u0117 kamera, paremta dvigubo spindulio principu, u\u017etikrina puikius veikimo rezultatus \u017demos skal\u0117s nuo 0\u201320 ppm Puikus nulio ta\u0161ko stabilumas: \u00b11\u202f% FS per savait\u0119 Integruoti trukd\u017ei\u0173 detektoriai optimaliai suma\u017eina kry\u017eminius trukd\u017eius Ai\u0161ki, intuityvi s\u0105saja su pa\u017eangiomis diagnostikos ir kalibravimo funkcijomis<\/p>","protected":false},"featured_media":7898,"comment_status":"open","ping_status":"closed","template":"","meta":{"_acf_changed":false,"inline_featured_image":false},"product_brand":[],"product_cat":[422],"product_tag":[],"class_list":{"0":"post-7897","1":"product","2":"type-product","3":"status-publish","4":"has-post-thumbnail","6":"product_cat-duju-analizatoriai","8":"first","9":"instock","10":"shipping-taxable","11":"purchasable","12":"product-type-simple"},"acf":[],"yoast_head":"<!-- This site is optimized with the Yoast SEO plugin v25.5 - https:\/\/yoast.com\/wordpress\/plugins\/seo\/ -->\n<title>Fuji Electric infraraudon\u0173j\u0173 spinduli\u0173 duj\u0173 analizatorius \u2013 ZKJ - Invertas<\/title>\n<meta name=\"description\" content=\"Etalonin\u0117 kamera, veikianti dvigubo spindulio principu, u\u017etikrina auk\u0161t\u0105 tikslum\u0105: matavimo ribos nuo 0\u201320 ppm, nulio ta\u0161ko stabilumas \u00b11\u202f% FS per savait\u0119.\" \/>\n<meta name=\"robots\" content=\"index, follow, max-snippet:-1, max-image-preview:large, max-video-preview:-1\" \/>\n<link rel=\"canonical\" href=\"https:\/\/invertas.lt\/en\/produktai\/duju-analizatoriai\/infraraudonuju-spinduliu-duju-analizatorius-zkj\/\" \/>\n<meta property=\"og:locale\" content=\"en_GB\" \/>\n<meta property=\"og:type\" content=\"article\" \/>\n<meta property=\"og:title\" content=\"Fuji Electric infraraudon\u0173j\u0173 spinduli\u0173 duj\u0173 analizatorius \u2013 ZKJ - Invertas\" \/>\n<meta property=\"og:description\" content=\"Etalonin\u0117 kamera, veikianti dvigubo spindulio principu, u\u017etikrina auk\u0161t\u0105 tikslum\u0105: matavimo ribos nuo 0\u201320 ppm, nulio ta\u0161ko stabilumas \u00b11\u202f% FS per savait\u0119.\" \/>\n<meta property=\"og:url\" content=\"https:\/\/invertas.lt\/en\/produktai\/duju-analizatoriai\/infraraudonuju-spinduliu-duju-analizatorius-zkj\/\" \/>\n<meta property=\"og:site_name\" content=\"Invertas\" \/>\n<meta property=\"article:modified_time\" content=\"2025-08-08T20:42:41+00:00\" \/>\n<meta property=\"og:image\" content=\"https:\/\/invertas.lt\/wp-content\/uploads\/2025\/07\/zkj-vue-generale-header-fr-en-e1753104559919.webp\" \/>\n\t<meta property=\"og:image:width\" content=\"682\" \/>\n\t<meta property=\"og:image:height\" content=\"360\" \/>\n\t<meta property=\"og:image:type\" content=\"image\/webp\" \/>\n<meta name=\"twitter:card\" content=\"summary_large_image\" \/>\n<meta name=\"twitter:label1\" content=\"Estimated reading time\" \/>\n\t<meta name=\"twitter:data1\" content=\"1 minute\" \/>\n<script type=\"application\/ld+json\" class=\"yoast-schema-graph\">{\"@context\":\"https:\/\/schema.org\",\"@graph\":[{\"@type\":\"WebPage\",\"@id\":\"https:\/\/invertas.lt\/produktai\/duju-analizatoriai\/infraraudonuju-spinduliu-duju-analizatorius-zkj\/\",\"url\":\"https:\/\/invertas.lt\/produktai\/duju-analizatoriai\/infraraudonuju-spinduliu-duju-analizatorius-zkj\/\",\"name\":\"Fuji Electric infraraudon\u0173j\u0173 spinduli\u0173 duj\u0173 analizatorius \u2013 ZKJ - Invertas\",\"isPartOf\":{\"@id\":\"https:\/\/invertas.lt\/#website\"},\"primaryImageOfPage\":{\"@id\":\"https:\/\/invertas.lt\/produktai\/duju-analizatoriai\/infraraudonuju-spinduliu-duju-analizatorius-zkj\/#primaryimage\"},\"image\":{\"@id\":\"https:\/\/invertas.lt\/produktai\/duju-analizatoriai\/infraraudonuju-spinduliu-duju-analizatorius-zkj\/#primaryimage\"},\"thumbnailUrl\":\"https:\/\/invertas.lt\/wp-content\/uploads\/2025\/07\/zkj-vue-generale-header-fr-en-e1753104559919.webp\",\"datePublished\":\"2025-07-03T16:52:36+00:00\",\"dateModified\":\"2025-08-08T20:42:41+00:00\",\"description\":\"Etalonin\u0117 kamera, veikianti dvigubo spindulio principu, u\u017etikrina auk\u0161t\u0105 tikslum\u0105: matavimo ribos nuo 0\u201320 ppm, nulio ta\u0161ko stabilumas \u00b11\u202f% FS per savait\u0119.\",\"breadcrumb\":{\"@id\":\"https:\/\/invertas.lt\/produktai\/duju-analizatoriai\/infraraudonuju-spinduliu-duju-analizatorius-zkj\/#breadcrumb\"},\"inLanguage\":\"en-GB\",\"potentialAction\":[{\"@type\":\"ReadAction\",\"target\":[\"https:\/\/invertas.lt\/produktai\/duju-analizatoriai\/infraraudonuju-spinduliu-duju-analizatorius-zkj\/\"]}]},{\"@type\":\"ImageObject\",\"inLanguage\":\"en-GB\",\"@id\":\"https:\/\/invertas.lt\/produktai\/duju-analizatoriai\/infraraudonuju-spinduliu-duju-analizatorius-zkj\/#primaryimage\",\"url\":\"https:\/\/invertas.lt\/wp-content\/uploads\/2025\/07\/zkj-vue-generale-header-fr-en-e1753104559919.webp\",\"contentUrl\":\"https:\/\/invertas.lt\/wp-content\/uploads\/2025\/07\/zkj-vue-generale-header-fr-en-e1753104559919.webp\",\"width\":682,\"height\":360},{\"@type\":\"BreadcrumbList\",\"@id\":\"https:\/\/invertas.lt\/produktai\/duju-analizatoriai\/infraraudonuju-spinduliu-duju-analizatorius-zkj\/#breadcrumb\",\"itemListElement\":[{\"@type\":\"ListItem\",\"position\":1,\"name\":\"Prad\u017eia\",\"item\":\"https:\/\/invertas.lt\/\"},{\"@type\":\"ListItem\",\"position\":2,\"name\":\"Products\",\"item\":\"https:\/\/invertas.lt\/shop\/\"},{\"@type\":\"ListItem\",\"position\":3,\"name\":\"Duj\u0173 analizatoriai\",\"item\":\"https:\/\/invertas.lt\/.\/duju-analizatoriai\/\"},{\"@type\":\"ListItem\",\"position\":4,\"name\":\"Fuji Electric infraraudon\u0173j\u0173 spinduli\u0173 duj\u0173 analizatorius \u2013 ZKJ\"}]},{\"@type\":\"WebSite\",\"@id\":\"https:\/\/invertas.lt\/#website\",\"url\":\"https:\/\/invertas.lt\/\",\"name\":\"Invertas\",\"description\":\"\",\"publisher\":{\"@id\":\"https:\/\/invertas.lt\/#organization\"},\"potentialAction\":[{\"@type\":\"SearchAction\",\"target\":{\"@type\":\"EntryPoint\",\"urlTemplate\":\"https:\/\/invertas.lt\/?s={search_term_string}\"},\"query-input\":{\"@type\":\"PropertyValueSpecification\",\"valueRequired\":true,\"valueName\":\"search_term_string\"}}],\"inLanguage\":\"en-GB\"},{\"@type\":\"Organization\",\"@id\":\"https:\/\/invertas.lt\/#organization\",\"name\":\"Invertas\",\"url\":\"https:\/\/invertas.lt\/\",\"logo\":{\"@type\":\"ImageObject\",\"inLanguage\":\"en-GB\",\"@id\":\"https:\/\/invertas.lt\/#\/schema\/logo\/image\/\",\"url\":\"https:\/\/invertas.lt\/wp-content\/uploads\/2025\/03\/New-Text-Document-2.svg\",\"contentUrl\":\"https:\/\/invertas.lt\/wp-content\/uploads\/2025\/03\/New-Text-Document-2.svg\",\"width\":140,\"height\":39,\"caption\":\"Invertas\"},\"image\":{\"@id\":\"https:\/\/invertas.lt\/#\/schema\/logo\/image\/\"}}]}<\/script>\n<!-- \/ Yoast SEO plugin. -->","yoast_head_json":{"title":"Fuji Electric infraraudon\u0173j\u0173 spinduli\u0173 duj\u0173 analizatorius \u2013 ZKJ - Invertas","description":"Etalonin\u0117 kamera, veikianti dvigubo spindulio principu, u\u017etikrina auk\u0161t\u0105 tikslum\u0105: matavimo ribos nuo 0\u201320 ppm, nulio ta\u0161ko stabilumas \u00b11\u202f% FS per savait\u0119.","robots":{"index":"index","follow":"follow","max-snippet":"max-snippet:-1","max-image-preview":"max-image-preview:large","max-video-preview":"max-video-preview:-1"},"canonical":"https:\/\/invertas.lt\/en\/produktai\/duju-analizatoriai\/infraraudonuju-spinduliu-duju-analizatorius-zkj\/","og_locale":"en_GB","og_type":"article","og_title":"Fuji Electric infraraudon\u0173j\u0173 spinduli\u0173 duj\u0173 analizatorius \u2013 ZKJ - Invertas","og_description":"Etalonin\u0117 kamera, veikianti dvigubo spindulio principu, u\u017etikrina auk\u0161t\u0105 tikslum\u0105: matavimo ribos nuo 0\u201320 ppm, nulio ta\u0161ko stabilumas \u00b11\u202f% FS per savait\u0119.","og_url":"https:\/\/invertas.lt\/en\/produktai\/duju-analizatoriai\/infraraudonuju-spinduliu-duju-analizatorius-zkj\/","og_site_name":"Invertas","article_modified_time":"2025-08-08T20:42:41+00:00","og_image":[{"width":682,"height":360,"url":"https:\/\/invertas.lt\/wp-content\/uploads\/2025\/07\/zkj-vue-generale-header-fr-en-e1753104559919.webp","type":"image\/webp"}],"twitter_card":"summary_large_image","twitter_misc":{"Estimated reading time":"1 minute"},"schema":{"@context":"https:\/\/schema.org","@graph":[{"@type":"WebPage","@id":"https:\/\/invertas.lt\/produktai\/duju-analizatoriai\/infraraudonuju-spinduliu-duju-analizatorius-zkj\/","url":"https:\/\/invertas.lt\/produktai\/duju-analizatoriai\/infraraudonuju-spinduliu-duju-analizatorius-zkj\/","name":"Fuji Electric infraraudon\u0173j\u0173 spinduli\u0173 duj\u0173 analizatorius \u2013 ZKJ - Invertas","isPartOf":{"@id":"https:\/\/invertas.lt\/#website"},"primaryImageOfPage":{"@id":"https:\/\/invertas.lt\/produktai\/duju-analizatoriai\/infraraudonuju-spinduliu-duju-analizatorius-zkj\/#primaryimage"},"image":{"@id":"https:\/\/invertas.lt\/produktai\/duju-analizatoriai\/infraraudonuju-spinduliu-duju-analizatorius-zkj\/#primaryimage"},"thumbnailUrl":"https:\/\/invertas.lt\/wp-content\/uploads\/2025\/07\/zkj-vue-generale-header-fr-en-e1753104559919.webp","datePublished":"2025-07-03T16:52:36+00:00","dateModified":"2025-08-08T20:42:41+00:00","description":"Etalonin\u0117 kamera, veikianti dvigubo spindulio principu, u\u017etikrina auk\u0161t\u0105 tikslum\u0105: matavimo ribos nuo 0\u201320 ppm, nulio ta\u0161ko stabilumas \u00b11\u202f% FS per savait\u0119.","breadcrumb":{"@id":"https:\/\/invertas.lt\/produktai\/duju-analizatoriai\/infraraudonuju-spinduliu-duju-analizatorius-zkj\/#breadcrumb"},"inLanguage":"en-GB","potentialAction":[{"@type":"ReadAction","target":["https:\/\/invertas.lt\/produktai\/duju-analizatoriai\/infraraudonuju-spinduliu-duju-analizatorius-zkj\/"]}]},{"@type":"ImageObject","inLanguage":"en-GB","@id":"https:\/\/invertas.lt\/produktai\/duju-analizatoriai\/infraraudonuju-spinduliu-duju-analizatorius-zkj\/#primaryimage","url":"https:\/\/invertas.lt\/wp-content\/uploads\/2025\/07\/zkj-vue-generale-header-fr-en-e1753104559919.webp","contentUrl":"https:\/\/invertas.lt\/wp-content\/uploads\/2025\/07\/zkj-vue-generale-header-fr-en-e1753104559919.webp","width":682,"height":360},{"@type":"BreadcrumbList","@id":"https:\/\/invertas.lt\/produktai\/duju-analizatoriai\/infraraudonuju-spinduliu-duju-analizatorius-zkj\/#breadcrumb","itemListElement":[{"@type":"ListItem","position":1,"name":"Prad\u017eia","item":"https:\/\/invertas.lt\/"},{"@type":"ListItem","position":2,"name":"Products","item":"https:\/\/invertas.lt\/shop\/"},{"@type":"ListItem","position":3,"name":"Duj\u0173 analizatoriai","item":"https:\/\/invertas.lt\/.\/duju-analizatoriai\/"},{"@type":"ListItem","position":4,"name":"Fuji Electric infraraudon\u0173j\u0173 spinduli\u0173 duj\u0173 analizatorius \u2013 ZKJ"}]},{"@type":"WebSite","@id":"https:\/\/invertas.lt\/#website","url":"https:\/\/invertas.lt\/","name":"Invert","description":"","publisher":{"@id":"https:\/\/invertas.lt\/#organization"},"potentialAction":[{"@type":"SearchAction","target":{"@type":"EntryPoint","urlTemplate":"https:\/\/invertas.lt\/?s={search_term_string}"},"query-input":{"@type":"PropertyValueSpecification","valueRequired":true,"valueName":"search_term_string"}}],"inLanguage":"en-GB"},{"@type":"Organization","@id":"https:\/\/invertas.lt\/#organization","name":"Invert","url":"https:\/\/invertas.lt\/","logo":{"@type":"ImageObject","inLanguage":"en-GB","@id":"https:\/\/invertas.lt\/#\/schema\/logo\/image\/","url":"https:\/\/invertas.lt\/wp-content\/uploads\/2025\/03\/New-Text-Document-2.svg","contentUrl":"https:\/\/invertas.lt\/wp-content\/uploads\/2025\/03\/New-Text-Document-2.svg","width":140,"height":39,"caption":"Invertas"},"image":{"@id":"https:\/\/invertas.lt\/#\/schema\/logo\/image\/"}}]}},"_links":{"self":[{"href":"https:\/\/invertas.lt\/en\/wp-json\/wp\/v2\/product\/7897","targetHints":{"allow":["GET"]}}],"collection":[{"href":"https:\/\/invertas.lt\/en\/wp-json\/wp\/v2\/product"}],"about":[{"href":"https:\/\/invertas.lt\/en\/wp-json\/wp\/v2\/types\/product"}],"replies":[{"embeddable":true,"href":"https:\/\/invertas.lt\/en\/wp-json\/wp\/v2\/comments?post=7897"}],"wp:featuredmedia":[{"embeddable":true,"href":"https:\/\/invertas.lt\/en\/wp-json\/wp\/v2\/media\/7898"}],"wp:attachment":[{"href":"https:\/\/invertas.lt\/en\/wp-json\/wp\/v2\/media?parent=7897"}],"wp:term":[{"taxonomy":"product_brand","embeddable":true,"href":"https:\/\/invertas.lt\/en\/wp-json\/wp\/v2\/product_brand?post=7897"},{"taxonomy":"product_cat","embeddable":true,"href":"https:\/\/invertas.lt\/en\/wp-json\/wp\/v2\/product_cat?post=7897"},{"taxonomy":"product_tag","embeddable":true,"href":"https:\/\/invertas.lt\/en\/wp-json\/wp\/v2\/product_tag?post=7897"}],"curies":[{"name":"wp","href":"https:\/\/api.w.org\/{rel}","templated":true}]}}