{"id":7846,"date":"2025-07-03T10:50:00","date_gmt":"2025-07-03T10:50:00","guid":{"rendered":"https:\/\/aurimasb15.sg-host.com\/?post_type=product&#038;p=7846"},"modified":"2025-08-08T20:41:25","modified_gmt":"2025-08-08T20:41:25","slug":"aukstos-temperaturos-cirkonio-deguonies-zondas-zfkh","status":"publish","type":"product","link":"https:\/\/invertas.lt\/en\/produktai\/duju-analizatoriai\/aukstos-temperaturos-cirkonio-deguonies-zondas-zfkh\/","title":{"rendered":"Fuji Electric High Temperature Zirconia O2 Probe \u2013 ZFKH"},"content":{"rendered":"<h3 data-start=\"0\" data-end=\"14\">Fields of application<\/h3>\n<p data-start=\"19\" data-end=\"161\">Biomass, oil, coal boiler\/ Incinerator<\/p>\n<h3 data-start=\"16\" data-end=\"183\">Features<\/h3>\n<ul>\n<li data-start=\"16\" data-end=\"183\">Compact, lightweight design<\/li>\n<li data-start=\"16\" data-end=\"183\">Excellent accuracy and reliability<\/li>\n<li data-start=\"16\" data-end=\"183\">Electronics and remote calibration<\/li>\n<li data-start=\"16\" data-end=\"183\">Field-replaceable filters<\/li>\n<\/ul>","protected":false},"excerpt":{"rendered":"<p>Taikymo sritys Biokuro, naftos, anglies katilai \/ deginimo \u012frenginiai Savyb\u0117s Kompakti\u0161kas, lengvas dizainas Puikus tikslumas ir patikimumas Nutolusios elektronikos ir kalibravimo galimyb\u0117 Lauko s\u0105lygomis kei\u010diamas filtras<\/p>","protected":false},"featured_media":7847,"comment_status":"open","ping_status":"closed","template":"","meta":{"_acf_changed":false,"inline_featured_image":false},"product_brand":[],"product_cat":[422],"product_tag":[],"class_list":{"0":"post-7846","1":"product","2":"type-product","3":"status-publish","4":"has-post-thumbnail","6":"product_cat-duju-analizatoriai","8":"first","9":"instock","10":"shipping-taxable","11":"purchasable","12":"product-type-simple"},"acf":[],"yoast_head":"<!-- This site is optimized with the Yoast SEO plugin v25.5 - https:\/\/yoast.com\/wordpress\/plugins\/seo\/ -->\n<title>Fuji Electric auk\u0161tos temperat\u016bros cirkonio O2 zondas \u2013 ZFKH - Invertas<\/title>\n<meta name=\"description\" content=\"Kompakti\u0161kas, lengvas dizainas, puikus tikslumas ir patikimumas, nutolusios elektronikos ir kalibravimo galimyb\u0117, lauko s\u0105lygomis kei\u010diamas filtras.\" \/>\n<meta name=\"robots\" content=\"index, follow, max-snippet:-1, max-image-preview:large, max-video-preview:-1\" \/>\n<link rel=\"canonical\" href=\"https:\/\/invertas.lt\/en\/produktai\/duju-analizatoriai\/aukstos-temperaturos-cirkonio-deguonies-zondas-zfkh\/\" \/>\n<meta property=\"og:locale\" content=\"en_GB\" \/>\n<meta property=\"og:type\" content=\"article\" \/>\n<meta property=\"og:title\" content=\"Fuji Electric auk\u0161tos temperat\u016bros cirkonio O2 zondas \u2013 ZFKH - Invertas\" \/>\n<meta property=\"og:description\" content=\"Kompakti\u0161kas, lengvas dizainas, puikus tikslumas ir patikimumas, nutolusios elektronikos ir kalibravimo galimyb\u0117, lauko s\u0105lygomis kei\u010diamas filtras.\" \/>\n<meta property=\"og:url\" content=\"https:\/\/invertas.lt\/en\/produktai\/duju-analizatoriai\/aukstos-temperaturos-cirkonio-deguonies-zondas-zfkh\/\" \/>\n<meta property=\"og:site_name\" content=\"Invertas\" \/>\n<meta property=\"article:modified_time\" content=\"2025-08-08T20:41:25+00:00\" \/>\n<meta property=\"og:image\" content=\"https:\/\/invertas.lt\/wp-content\/uploads\/2025\/07\/zfkh-vue-generale-header-fr-en.webp\" \/>\n\t<meta property=\"og:image:width\" content=\"682\" \/>\n\t<meta property=\"og:image:height\" content=\"682\" \/>\n\t<meta property=\"og:image:type\" content=\"image\/webp\" \/>\n<meta name=\"twitter:card\" content=\"summary_large_image\" \/>\n<meta name=\"twitter:label1\" content=\"Estimated reading time\" \/>\n\t<meta name=\"twitter:data1\" content=\"1 minute\" \/>\n<script type=\"application\/ld+json\" class=\"yoast-schema-graph\">{\"@context\":\"https:\/\/schema.org\",\"@graph\":[{\"@type\":\"WebPage\",\"@id\":\"https:\/\/invertas.lt\/produktai\/duju-analizatoriai\/aukstos-temperaturos-cirkonio-deguonies-zondas-zfkh\/\",\"url\":\"https:\/\/invertas.lt\/produktai\/duju-analizatoriai\/aukstos-temperaturos-cirkonio-deguonies-zondas-zfkh\/\",\"name\":\"Fuji Electric auk\u0161tos temperat\u016bros cirkonio O2 zondas \u2013 ZFKH - Invertas\",\"isPartOf\":{\"@id\":\"https:\/\/invertas.lt\/#website\"},\"primaryImageOfPage\":{\"@id\":\"https:\/\/invertas.lt\/produktai\/duju-analizatoriai\/aukstos-temperaturos-cirkonio-deguonies-zondas-zfkh\/#primaryimage\"},\"image\":{\"@id\":\"https:\/\/invertas.lt\/produktai\/duju-analizatoriai\/aukstos-temperaturos-cirkonio-deguonies-zondas-zfkh\/#primaryimage\"},\"thumbnailUrl\":\"https:\/\/invertas.lt\/wp-content\/uploads\/2025\/07\/zfkh-vue-generale-header-fr-en.webp\",\"datePublished\":\"2025-07-03T10:50:00+00:00\",\"dateModified\":\"2025-08-08T20:41:25+00:00\",\"description\":\"Kompakti\u0161kas, lengvas dizainas, puikus tikslumas ir patikimumas, nutolusios elektronikos ir kalibravimo galimyb\u0117, lauko s\u0105lygomis kei\u010diamas filtras.\",\"breadcrumb\":{\"@id\":\"https:\/\/invertas.lt\/produktai\/duju-analizatoriai\/aukstos-temperaturos-cirkonio-deguonies-zondas-zfkh\/#breadcrumb\"},\"inLanguage\":\"en-GB\",\"potentialAction\":[{\"@type\":\"ReadAction\",\"target\":[\"https:\/\/invertas.lt\/produktai\/duju-analizatoriai\/aukstos-temperaturos-cirkonio-deguonies-zondas-zfkh\/\"]}]},{\"@type\":\"ImageObject\",\"inLanguage\":\"en-GB\",\"@id\":\"https:\/\/invertas.lt\/produktai\/duju-analizatoriai\/aukstos-temperaturos-cirkonio-deguonies-zondas-zfkh\/#primaryimage\",\"url\":\"https:\/\/invertas.lt\/wp-content\/uploads\/2025\/07\/zfkh-vue-generale-header-fr-en.webp\",\"contentUrl\":\"https:\/\/invertas.lt\/wp-content\/uploads\/2025\/07\/zfkh-vue-generale-header-fr-en.webp\",\"width\":682,\"height\":682},{\"@type\":\"BreadcrumbList\",\"@id\":\"https:\/\/invertas.lt\/produktai\/duju-analizatoriai\/aukstos-temperaturos-cirkonio-deguonies-zondas-zfkh\/#breadcrumb\",\"itemListElement\":[{\"@type\":\"ListItem\",\"position\":1,\"name\":\"Prad\u017eia\",\"item\":\"https:\/\/invertas.lt\/\"},{\"@type\":\"ListItem\",\"position\":2,\"name\":\"Products\",\"item\":\"https:\/\/invertas.lt\/shop\/\"},{\"@type\":\"ListItem\",\"position\":3,\"name\":\"Duj\u0173 analizatoriai\",\"item\":\"https:\/\/invertas.lt\/.\/duju-analizatoriai\/\"},{\"@type\":\"ListItem\",\"position\":4,\"name\":\"Fuji Electric auk\u0161tos temperat\u016bros cirkonio O2 zondas \u2013 ZFKH\"}]},{\"@type\":\"WebSite\",\"@id\":\"https:\/\/invertas.lt\/#website\",\"url\":\"https:\/\/invertas.lt\/\",\"name\":\"Invertas\",\"description\":\"\",\"publisher\":{\"@id\":\"https:\/\/invertas.lt\/#organization\"},\"potentialAction\":[{\"@type\":\"SearchAction\",\"target\":{\"@type\":\"EntryPoint\",\"urlTemplate\":\"https:\/\/invertas.lt\/?s={search_term_string}\"},\"query-input\":{\"@type\":\"PropertyValueSpecification\",\"valueRequired\":true,\"valueName\":\"search_term_string\"}}],\"inLanguage\":\"en-GB\"},{\"@type\":\"Organization\",\"@id\":\"https:\/\/invertas.lt\/#organization\",\"name\":\"Invertas\",\"url\":\"https:\/\/invertas.lt\/\",\"logo\":{\"@type\":\"ImageObject\",\"inLanguage\":\"en-GB\",\"@id\":\"https:\/\/invertas.lt\/#\/schema\/logo\/image\/\",\"url\":\"https:\/\/invertas.lt\/wp-content\/uploads\/2025\/03\/New-Text-Document-2.svg\",\"contentUrl\":\"https:\/\/invertas.lt\/wp-content\/uploads\/2025\/03\/New-Text-Document-2.svg\",\"width\":140,\"height\":39,\"caption\":\"Invertas\"},\"image\":{\"@id\":\"https:\/\/invertas.lt\/#\/schema\/logo\/image\/\"}}]}<\/script>\n<!-- \/ Yoast SEO plugin. -->","yoast_head_json":{"title":"Fuji Electric auk\u0161tos temperat\u016bros cirkonio O2 zondas \u2013 ZFKH - Invertas","description":"Kompakti\u0161kas, lengvas dizainas, puikus tikslumas ir patikimumas, nutolusios elektronikos ir kalibravimo galimyb\u0117, lauko s\u0105lygomis kei\u010diamas filtras.","robots":{"index":"index","follow":"follow","max-snippet":"max-snippet:-1","max-image-preview":"max-image-preview:large","max-video-preview":"max-video-preview:-1"},"canonical":"https:\/\/invertas.lt\/en\/produktai\/duju-analizatoriai\/aukstos-temperaturos-cirkonio-deguonies-zondas-zfkh\/","og_locale":"en_GB","og_type":"article","og_title":"Fuji Electric auk\u0161tos temperat\u016bros cirkonio O2 zondas \u2013 ZFKH - Invertas","og_description":"Kompakti\u0161kas, lengvas dizainas, puikus tikslumas ir patikimumas, nutolusios elektronikos ir kalibravimo galimyb\u0117, lauko s\u0105lygomis kei\u010diamas filtras.","og_url":"https:\/\/invertas.lt\/en\/produktai\/duju-analizatoriai\/aukstos-temperaturos-cirkonio-deguonies-zondas-zfkh\/","og_site_name":"Invertas","article_modified_time":"2025-08-08T20:41:25+00:00","og_image":[{"width":682,"height":682,"url":"https:\/\/invertas.lt\/wp-content\/uploads\/2025\/07\/zfkh-vue-generale-header-fr-en.webp","type":"image\/webp"}],"twitter_card":"summary_large_image","twitter_misc":{"Estimated reading time":"1 minute"},"schema":{"@context":"https:\/\/schema.org","@graph":[{"@type":"WebPage","@id":"https:\/\/invertas.lt\/produktai\/duju-analizatoriai\/aukstos-temperaturos-cirkonio-deguonies-zondas-zfkh\/","url":"https:\/\/invertas.lt\/produktai\/duju-analizatoriai\/aukstos-temperaturos-cirkonio-deguonies-zondas-zfkh\/","name":"Fuji Electric auk\u0161tos temperat\u016bros cirkonio O2 zondas \u2013 ZFKH - Invertas","isPartOf":{"@id":"https:\/\/invertas.lt\/#website"},"primaryImageOfPage":{"@id":"https:\/\/invertas.lt\/produktai\/duju-analizatoriai\/aukstos-temperaturos-cirkonio-deguonies-zondas-zfkh\/#primaryimage"},"image":{"@id":"https:\/\/invertas.lt\/produktai\/duju-analizatoriai\/aukstos-temperaturos-cirkonio-deguonies-zondas-zfkh\/#primaryimage"},"thumbnailUrl":"https:\/\/invertas.lt\/wp-content\/uploads\/2025\/07\/zfkh-vue-generale-header-fr-en.webp","datePublished":"2025-07-03T10:50:00+00:00","dateModified":"2025-08-08T20:41:25+00:00","description":"Kompakti\u0161kas, lengvas dizainas, puikus tikslumas ir patikimumas, nutolusios elektronikos ir kalibravimo galimyb\u0117, lauko s\u0105lygomis kei\u010diamas filtras.","breadcrumb":{"@id":"https:\/\/invertas.lt\/produktai\/duju-analizatoriai\/aukstos-temperaturos-cirkonio-deguonies-zondas-zfkh\/#breadcrumb"},"inLanguage":"en-GB","potentialAction":[{"@type":"ReadAction","target":["https:\/\/invertas.lt\/produktai\/duju-analizatoriai\/aukstos-temperaturos-cirkonio-deguonies-zondas-zfkh\/"]}]},{"@type":"ImageObject","inLanguage":"en-GB","@id":"https:\/\/invertas.lt\/produktai\/duju-analizatoriai\/aukstos-temperaturos-cirkonio-deguonies-zondas-zfkh\/#primaryimage","url":"https:\/\/invertas.lt\/wp-content\/uploads\/2025\/07\/zfkh-vue-generale-header-fr-en.webp","contentUrl":"https:\/\/invertas.lt\/wp-content\/uploads\/2025\/07\/zfkh-vue-generale-header-fr-en.webp","width":682,"height":682},{"@type":"BreadcrumbList","@id":"https:\/\/invertas.lt\/produktai\/duju-analizatoriai\/aukstos-temperaturos-cirkonio-deguonies-zondas-zfkh\/#breadcrumb","itemListElement":[{"@type":"ListItem","position":1,"name":"Prad\u017eia","item":"https:\/\/invertas.lt\/"},{"@type":"ListItem","position":2,"name":"Products","item":"https:\/\/invertas.lt\/shop\/"},{"@type":"ListItem","position":3,"name":"Duj\u0173 analizatoriai","item":"https:\/\/invertas.lt\/.\/duju-analizatoriai\/"},{"@type":"ListItem","position":4,"name":"Fuji Electric auk\u0161tos temperat\u016bros cirkonio O2 zondas \u2013 ZFKH"}]},{"@type":"WebSite","@id":"https:\/\/invertas.lt\/#website","url":"https:\/\/invertas.lt\/","name":"Invert","description":"","publisher":{"@id":"https:\/\/invertas.lt\/#organization"},"potentialAction":[{"@type":"SearchAction","target":{"@type":"EntryPoint","urlTemplate":"https:\/\/invertas.lt\/?s={search_term_string}"},"query-input":{"@type":"PropertyValueSpecification","valueRequired":true,"valueName":"search_term_string"}}],"inLanguage":"en-GB"},{"@type":"Organization","@id":"https:\/\/invertas.lt\/#organization","name":"Invert","url":"https:\/\/invertas.lt\/","logo":{"@type":"ImageObject","inLanguage":"en-GB","@id":"https:\/\/invertas.lt\/#\/schema\/logo\/image\/","url":"https:\/\/invertas.lt\/wp-content\/uploads\/2025\/03\/New-Text-Document-2.svg","contentUrl":"https:\/\/invertas.lt\/wp-content\/uploads\/2025\/03\/New-Text-Document-2.svg","width":140,"height":39,"caption":"Invertas"},"image":{"@id":"https:\/\/invertas.lt\/#\/schema\/logo\/image\/"}}]}},"_links":{"self":[{"href":"https:\/\/invertas.lt\/en\/wp-json\/wp\/v2\/product\/7846","targetHints":{"allow":["GET"]}}],"collection":[{"href":"https:\/\/invertas.lt\/en\/wp-json\/wp\/v2\/product"}],"about":[{"href":"https:\/\/invertas.lt\/en\/wp-json\/wp\/v2\/types\/product"}],"replies":[{"embeddable":true,"href":"https:\/\/invertas.lt\/en\/wp-json\/wp\/v2\/comments?post=7846"}],"wp:featuredmedia":[{"embeddable":true,"href":"https:\/\/invertas.lt\/en\/wp-json\/wp\/v2\/media\/7847"}],"wp:attachment":[{"href":"https:\/\/invertas.lt\/en\/wp-json\/wp\/v2\/media?parent=7846"}],"wp:term":[{"taxonomy":"product_brand","embeddable":true,"href":"https:\/\/invertas.lt\/en\/wp-json\/wp\/v2\/product_brand?post=7846"},{"taxonomy":"product_cat","embeddable":true,"href":"https:\/\/invertas.lt\/en\/wp-json\/wp\/v2\/product_cat?post=7846"},{"taxonomy":"product_tag","embeddable":true,"href":"https:\/\/invertas.lt\/en\/wp-json\/wp\/v2\/product_tag?post=7846"}],"curies":[{"name":"wp","href":"https:\/\/api.w.org\/{rel}","templated":true}]}}