{"id":7824,"date":"2025-07-03T10:03:41","date_gmt":"2025-07-03T10:03:41","guid":{"rendered":"https:\/\/aurimasb15.sg-host.com\/?post_type=product&#038;p=7824"},"modified":"2025-08-08T20:40:23","modified_gmt":"2025-08-08T20:40:23","slug":"cirkonio-deguonies-zondas-zfk8","status":"publish","type":"product","link":"https:\/\/invertas.lt\/en\/produktai\/duju-analizatoriai\/cirkonio-deguonies-zondas-zfk8\/","title":{"rendered":"Fuji Electric Zirconia Oxygen Probe \u2013 ZFK8"},"content":{"rendered":"<h3 data-start=\"0\" data-end=\"14\">Fields of application<\/h3>\n<p data-start=\"19\" data-end=\"161\">Ideal for combustion control in boilers, incinerators and furnaces.<\/p>\n<h3 data-start=\"16\" data-end=\"183\">Features<\/h3>\n<ul>\n<li data-start=\"16\" data-end=\"183\">No gas conditioning system required<\/li>\n<li data-start=\"16\" data-end=\"183\">Easy maintenance<\/li>\n<li data-start=\"16\" data-end=\"183\">High reliability thanks to diagnostic function<\/li>\n<li data-start=\"16\" data-end=\"183\">Safe and secure<\/li>\n<li data-start=\"16\" data-end=\"183\">Easy to use<\/li>\n<li data-start=\"16\" data-end=\"183\">HART\u00ae communication is available as an option<\/li>\n<\/ul>","protected":false},"excerpt":{"rendered":"<p>Taikymo sritys Idealiai tinka degimo kontrolei katiluose, deginimo \u012frenginiuose ir krosnyse. Savyb\u0117s Nereikalinga duj\u0173 paruo\u0161imo sistema Lengva prie\u017ei\u016bra Didelis patikimumas d\u0117l diagnostin\u0117s funkcijos Saugus ir patikimas Paprastas naudoti Galimyb\u0117 naudoti HART\u00ae ry\u0161io protokol\u0105 (pasirinktinai)<\/p>","protected":false},"featured_media":7825,"comment_status":"open","ping_status":"closed","template":"","meta":{"_acf_changed":false,"inline_featured_image":false},"product_brand":[],"product_cat":[422],"product_tag":[],"class_list":{"0":"post-7824","1":"product","2":"type-product","3":"status-publish","4":"has-post-thumbnail","6":"product_cat-duju-analizatoriai","8":"first","9":"instock","10":"shipping-taxable","11":"purchasable","12":"product-type-simple"},"acf":[],"yoast_head":"<!-- This site is optimized with the Yoast SEO plugin v25.5 - https:\/\/yoast.com\/wordpress\/plugins\/seo\/ -->\n<title>Fuji Electric cirkonio deguonies zondas \u2013 ZFK8 - Invertas<\/title>\n<meta name=\"description\" content=\"Nereikalinga duj\u0173 paruo\u0161imo sistema, lengva prie\u017ei\u016bra, didelis patikimumas d\u0117l diagnostin\u0117s funkcijos. Saugus ir patikimas.\" \/>\n<meta name=\"robots\" content=\"index, follow, max-snippet:-1, max-image-preview:large, max-video-preview:-1\" \/>\n<link rel=\"canonical\" href=\"https:\/\/invertas.lt\/en\/produktai\/duju-analizatoriai\/cirkonio-deguonies-zondas-zfk8\/\" \/>\n<meta property=\"og:locale\" content=\"en_GB\" \/>\n<meta property=\"og:type\" content=\"article\" \/>\n<meta property=\"og:title\" content=\"Fuji Electric cirkonio deguonies zondas \u2013 ZFK8 - Invertas\" \/>\n<meta property=\"og:description\" content=\"Nereikalinga duj\u0173 paruo\u0161imo sistema, lengva prie\u017ei\u016bra, didelis patikimumas d\u0117l diagnostin\u0117s funkcijos. Saugus ir patikimas.\" \/>\n<meta property=\"og:url\" content=\"https:\/\/invertas.lt\/en\/produktai\/duju-analizatoriai\/cirkonio-deguonies-zondas-zfk8\/\" \/>\n<meta property=\"og:site_name\" content=\"Invertas\" \/>\n<meta property=\"article:modified_time\" content=\"2025-08-08T20:40:23+00:00\" \/>\n<meta property=\"og:image\" content=\"https:\/\/invertas.lt\/wp-content\/uploads\/2025\/07\/zfk8-sonde-vue-generale-header-fr-en.webp\" \/>\n\t<meta property=\"og:image:width\" content=\"682\" \/>\n\t<meta property=\"og:image:height\" content=\"682\" \/>\n\t<meta property=\"og:image:type\" content=\"image\/webp\" \/>\n<meta name=\"twitter:card\" content=\"summary_large_image\" \/>\n<meta name=\"twitter:label1\" content=\"Estimated reading time\" \/>\n\t<meta name=\"twitter:data1\" content=\"1 minute\" \/>\n<script type=\"application\/ld+json\" class=\"yoast-schema-graph\">{\"@context\":\"https:\/\/schema.org\",\"@graph\":[{\"@type\":\"WebPage\",\"@id\":\"https:\/\/invertas.lt\/produktai\/duju-analizatoriai\/cirkonio-deguonies-zondas-zfk8\/\",\"url\":\"https:\/\/invertas.lt\/produktai\/duju-analizatoriai\/cirkonio-deguonies-zondas-zfk8\/\",\"name\":\"Fuji Electric cirkonio deguonies zondas \u2013 ZFK8 - Invertas\",\"isPartOf\":{\"@id\":\"https:\/\/invertas.lt\/#website\"},\"primaryImageOfPage\":{\"@id\":\"https:\/\/invertas.lt\/produktai\/duju-analizatoriai\/cirkonio-deguonies-zondas-zfk8\/#primaryimage\"},\"image\":{\"@id\":\"https:\/\/invertas.lt\/produktai\/duju-analizatoriai\/cirkonio-deguonies-zondas-zfk8\/#primaryimage\"},\"thumbnailUrl\":\"https:\/\/invertas.lt\/wp-content\/uploads\/2025\/07\/zfk8-sonde-vue-generale-header-fr-en.webp\",\"datePublished\":\"2025-07-03T10:03:41+00:00\",\"dateModified\":\"2025-08-08T20:40:23+00:00\",\"description\":\"Nereikalinga duj\u0173 paruo\u0161imo sistema, lengva prie\u017ei\u016bra, didelis patikimumas d\u0117l diagnostin\u0117s funkcijos. Saugus ir patikimas.\",\"breadcrumb\":{\"@id\":\"https:\/\/invertas.lt\/produktai\/duju-analizatoriai\/cirkonio-deguonies-zondas-zfk8\/#breadcrumb\"},\"inLanguage\":\"en-GB\",\"potentialAction\":[{\"@type\":\"ReadAction\",\"target\":[\"https:\/\/invertas.lt\/produktai\/duju-analizatoriai\/cirkonio-deguonies-zondas-zfk8\/\"]}]},{\"@type\":\"ImageObject\",\"inLanguage\":\"en-GB\",\"@id\":\"https:\/\/invertas.lt\/produktai\/duju-analizatoriai\/cirkonio-deguonies-zondas-zfk8\/#primaryimage\",\"url\":\"https:\/\/invertas.lt\/wp-content\/uploads\/2025\/07\/zfk8-sonde-vue-generale-header-fr-en.webp\",\"contentUrl\":\"https:\/\/invertas.lt\/wp-content\/uploads\/2025\/07\/zfk8-sonde-vue-generale-header-fr-en.webp\",\"width\":682,\"height\":682},{\"@type\":\"BreadcrumbList\",\"@id\":\"https:\/\/invertas.lt\/produktai\/duju-analizatoriai\/cirkonio-deguonies-zondas-zfk8\/#breadcrumb\",\"itemListElement\":[{\"@type\":\"ListItem\",\"position\":1,\"name\":\"Prad\u017eia\",\"item\":\"https:\/\/invertas.lt\/\"},{\"@type\":\"ListItem\",\"position\":2,\"name\":\"Products\",\"item\":\"https:\/\/invertas.lt\/shop\/\"},{\"@type\":\"ListItem\",\"position\":3,\"name\":\"Duj\u0173 analizatoriai\",\"item\":\"https:\/\/invertas.lt\/.\/duju-analizatoriai\/\"},{\"@type\":\"ListItem\",\"position\":4,\"name\":\"Fuji Electric cirkonio deguonies zondas \u2013 ZFK8\"}]},{\"@type\":\"WebSite\",\"@id\":\"https:\/\/invertas.lt\/#website\",\"url\":\"https:\/\/invertas.lt\/\",\"name\":\"Invertas\",\"description\":\"\",\"publisher\":{\"@id\":\"https:\/\/invertas.lt\/#organization\"},\"potentialAction\":[{\"@type\":\"SearchAction\",\"target\":{\"@type\":\"EntryPoint\",\"urlTemplate\":\"https:\/\/invertas.lt\/?s={search_term_string}\"},\"query-input\":{\"@type\":\"PropertyValueSpecification\",\"valueRequired\":true,\"valueName\":\"search_term_string\"}}],\"inLanguage\":\"en-GB\"},{\"@type\":\"Organization\",\"@id\":\"https:\/\/invertas.lt\/#organization\",\"name\":\"Invertas\",\"url\":\"https:\/\/invertas.lt\/\",\"logo\":{\"@type\":\"ImageObject\",\"inLanguage\":\"en-GB\",\"@id\":\"https:\/\/invertas.lt\/#\/schema\/logo\/image\/\",\"url\":\"https:\/\/invertas.lt\/wp-content\/uploads\/2025\/03\/New-Text-Document-2.svg\",\"contentUrl\":\"https:\/\/invertas.lt\/wp-content\/uploads\/2025\/03\/New-Text-Document-2.svg\",\"width\":140,\"height\":39,\"caption\":\"Invertas\"},\"image\":{\"@id\":\"https:\/\/invertas.lt\/#\/schema\/logo\/image\/\"}}]}<\/script>\n<!-- \/ Yoast SEO plugin. -->","yoast_head_json":{"title":"Fuji Electric cirkonio deguonies zondas \u2013 ZFK8 - Invertas","description":"Nereikalinga duj\u0173 paruo\u0161imo sistema, lengva prie\u017ei\u016bra, didelis patikimumas d\u0117l diagnostin\u0117s funkcijos. Saugus ir patikimas.","robots":{"index":"index","follow":"follow","max-snippet":"max-snippet:-1","max-image-preview":"max-image-preview:large","max-video-preview":"max-video-preview:-1"},"canonical":"https:\/\/invertas.lt\/en\/produktai\/duju-analizatoriai\/cirkonio-deguonies-zondas-zfk8\/","og_locale":"en_GB","og_type":"article","og_title":"Fuji Electric cirkonio deguonies zondas \u2013 ZFK8 - Invertas","og_description":"Nereikalinga duj\u0173 paruo\u0161imo sistema, lengva prie\u017ei\u016bra, didelis patikimumas d\u0117l diagnostin\u0117s funkcijos. Saugus ir patikimas.","og_url":"https:\/\/invertas.lt\/en\/produktai\/duju-analizatoriai\/cirkonio-deguonies-zondas-zfk8\/","og_site_name":"Invertas","article_modified_time":"2025-08-08T20:40:23+00:00","og_image":[{"width":682,"height":682,"url":"https:\/\/invertas.lt\/wp-content\/uploads\/2025\/07\/zfk8-sonde-vue-generale-header-fr-en.webp","type":"image\/webp"}],"twitter_card":"summary_large_image","twitter_misc":{"Estimated reading time":"1 minute"},"schema":{"@context":"https:\/\/schema.org","@graph":[{"@type":"WebPage","@id":"https:\/\/invertas.lt\/produktai\/duju-analizatoriai\/cirkonio-deguonies-zondas-zfk8\/","url":"https:\/\/invertas.lt\/produktai\/duju-analizatoriai\/cirkonio-deguonies-zondas-zfk8\/","name":"Fuji Electric cirkonio deguonies zondas \u2013 ZFK8 - Invertas","isPartOf":{"@id":"https:\/\/invertas.lt\/#website"},"primaryImageOfPage":{"@id":"https:\/\/invertas.lt\/produktai\/duju-analizatoriai\/cirkonio-deguonies-zondas-zfk8\/#primaryimage"},"image":{"@id":"https:\/\/invertas.lt\/produktai\/duju-analizatoriai\/cirkonio-deguonies-zondas-zfk8\/#primaryimage"},"thumbnailUrl":"https:\/\/invertas.lt\/wp-content\/uploads\/2025\/07\/zfk8-sonde-vue-generale-header-fr-en.webp","datePublished":"2025-07-03T10:03:41+00:00","dateModified":"2025-08-08T20:40:23+00:00","description":"Nereikalinga duj\u0173 paruo\u0161imo sistema, lengva prie\u017ei\u016bra, didelis patikimumas d\u0117l diagnostin\u0117s funkcijos. Saugus ir patikimas.","breadcrumb":{"@id":"https:\/\/invertas.lt\/produktai\/duju-analizatoriai\/cirkonio-deguonies-zondas-zfk8\/#breadcrumb"},"inLanguage":"en-GB","potentialAction":[{"@type":"ReadAction","target":["https:\/\/invertas.lt\/produktai\/duju-analizatoriai\/cirkonio-deguonies-zondas-zfk8\/"]}]},{"@type":"ImageObject","inLanguage":"en-GB","@id":"https:\/\/invertas.lt\/produktai\/duju-analizatoriai\/cirkonio-deguonies-zondas-zfk8\/#primaryimage","url":"https:\/\/invertas.lt\/wp-content\/uploads\/2025\/07\/zfk8-sonde-vue-generale-header-fr-en.webp","contentUrl":"https:\/\/invertas.lt\/wp-content\/uploads\/2025\/07\/zfk8-sonde-vue-generale-header-fr-en.webp","width":682,"height":682},{"@type":"BreadcrumbList","@id":"https:\/\/invertas.lt\/produktai\/duju-analizatoriai\/cirkonio-deguonies-zondas-zfk8\/#breadcrumb","itemListElement":[{"@type":"ListItem","position":1,"name":"Prad\u017eia","item":"https:\/\/invertas.lt\/"},{"@type":"ListItem","position":2,"name":"Products","item":"https:\/\/invertas.lt\/shop\/"},{"@type":"ListItem","position":3,"name":"Duj\u0173 analizatoriai","item":"https:\/\/invertas.lt\/.\/duju-analizatoriai\/"},{"@type":"ListItem","position":4,"name":"Fuji Electric cirkonio deguonies zondas \u2013 ZFK8"}]},{"@type":"WebSite","@id":"https:\/\/invertas.lt\/#website","url":"https:\/\/invertas.lt\/","name":"Invert","description":"","publisher":{"@id":"https:\/\/invertas.lt\/#organization"},"potentialAction":[{"@type":"SearchAction","target":{"@type":"EntryPoint","urlTemplate":"https:\/\/invertas.lt\/?s={search_term_string}"},"query-input":{"@type":"PropertyValueSpecification","valueRequired":true,"valueName":"search_term_string"}}],"inLanguage":"en-GB"},{"@type":"Organization","@id":"https:\/\/invertas.lt\/#organization","name":"Invert","url":"https:\/\/invertas.lt\/","logo":{"@type":"ImageObject","inLanguage":"en-GB","@id":"https:\/\/invertas.lt\/#\/schema\/logo\/image\/","url":"https:\/\/invertas.lt\/wp-content\/uploads\/2025\/03\/New-Text-Document-2.svg","contentUrl":"https:\/\/invertas.lt\/wp-content\/uploads\/2025\/03\/New-Text-Document-2.svg","width":140,"height":39,"caption":"Invertas"},"image":{"@id":"https:\/\/invertas.lt\/#\/schema\/logo\/image\/"}}]}},"_links":{"self":[{"href":"https:\/\/invertas.lt\/en\/wp-json\/wp\/v2\/product\/7824","targetHints":{"allow":["GET"]}}],"collection":[{"href":"https:\/\/invertas.lt\/en\/wp-json\/wp\/v2\/product"}],"about":[{"href":"https:\/\/invertas.lt\/en\/wp-json\/wp\/v2\/types\/product"}],"replies":[{"embeddable":true,"href":"https:\/\/invertas.lt\/en\/wp-json\/wp\/v2\/comments?post=7824"}],"wp:featuredmedia":[{"embeddable":true,"href":"https:\/\/invertas.lt\/en\/wp-json\/wp\/v2\/media\/7825"}],"wp:attachment":[{"href":"https:\/\/invertas.lt\/en\/wp-json\/wp\/v2\/media?parent=7824"}],"wp:term":[{"taxonomy":"product_brand","embeddable":true,"href":"https:\/\/invertas.lt\/en\/wp-json\/wp\/v2\/product_brand?post=7824"},{"taxonomy":"product_cat","embeddable":true,"href":"https:\/\/invertas.lt\/en\/wp-json\/wp\/v2\/product_cat?post=7824"},{"taxonomy":"product_tag","embeddable":true,"href":"https:\/\/invertas.lt\/en\/wp-json\/wp\/v2\/product_tag?post=7824"}],"curies":[{"name":"wp","href":"https:\/\/api.w.org\/{rel}","templated":true}]}}