{"id":7739,"date":"2025-07-02T19:05:23","date_gmt":"2025-07-02T19:05:23","guid":{"rendered":"https:\/\/aurimasb15.sg-host.com\/?post_type=product&#038;p=7739"},"modified":"2025-08-08T17:09:14","modified_gmt":"2025-08-08T17:09:14","slug":"atex-cirkonio-deguonies-valdiklis-zkmx","status":"publish","type":"product","link":"https:\/\/invertas.lt\/en\/produktai\/duju-analizatoriai\/atex-cirkonio-deguonies-valdiklis-zkmx\/","title":{"rendered":"Fuji Electric ATEX Zirconium O2 Controller \u2013 ZKMX"},"content":{"rendered":"<h3 data-start=\"0\" data-end=\"14\">Fields of application<\/h3>\n<p data-start=\"19\" data-end=\"161\">This analysis system is designed for demanding applications in potentially explosive atmospheres, such as refinery furnaces, petrochemical furnaces and large industrial boilers.<\/p>\n<h3 data-start=\"16\" data-end=\"183\">Features<\/h3>\n<ul>\n<li data-start=\"16\" data-end=\"183\">Field-replaceable Flame-arrester<\/li>\n<li data-start=\"16\" data-end=\"183\">Compact and light design<\/li>\n<li data-start=\"16\" data-end=\"183\">Fast response (4-7 seconds)<\/li>\n<li data-start=\"16\" data-end=\"183\">Excellent accuracy and reliability<\/li>\n<li data-start=\"16\" data-end=\"183\">Remote electronics and calibration<\/li>\n<li data-start=\"16\" data-end=\"183\">ATEX\/IECEx Zone1 IIB+H2 T3 Gb certified probe<\/li>\n<\/ul>","protected":false},"excerpt":{"rendered":"<p>Taikymo sritys \u0160i analiz\u0117s sistema skirta sud\u0117tingoms aplikacijoms potencialiai sprogiose aplinkose, tokiose kaip naftos perdirbimo gamykl\u0173 krosnys, naftos chemijos krosnys ir dideli pramoniniai katilai. Savyb\u0117s Kei\u010diamas liepsnos slopintuvas Kompakti\u0161kas ir lengvas dizainas Greita reakcija (4\u20137 sekund\u0117s) Puikus tikslumas ir patikimumas Nutolusios elektronikos ir kalibravimo funkcijos Zondas sertifikuotas ATEX\/IECEx Zone 1 IIB+H2 T3 Gb<\/p>","protected":false},"featured_media":7740,"comment_status":"open","ping_status":"closed","template":"","meta":{"_acf_changed":false,"inline_featured_image":false},"product_brand":[],"product_cat":[422],"product_tag":[],"class_list":{"0":"post-7739","1":"product","2":"type-product","3":"status-publish","4":"has-post-thumbnail","6":"product_cat-duju-analizatoriai","8":"first","9":"instock","10":"shipping-taxable","11":"purchasable","12":"product-type-simple"},"acf":[],"yoast_head":"<!-- This site is optimized with the Yoast SEO plugin v25.5 - https:\/\/yoast.com\/wordpress\/plugins\/seo\/ -->\n<title>Fuji Electric ATEX cirkonio O2 valdiklis \u2013 ZKMX - Invertas<\/title>\n<meta name=\"description\" content=\"Analiz\u0117s sistema skirta sud\u0117tingoms aplikacijoms sprogiose aplinkose, pvz., naftos perdirbimo ir chemijos krosnyse bei dideliuose pramoniniuose katiluose.\" \/>\n<meta name=\"robots\" content=\"index, follow, max-snippet:-1, max-image-preview:large, max-video-preview:-1\" \/>\n<link rel=\"canonical\" href=\"https:\/\/invertas.lt\/en\/produktai\/duju-analizatoriai\/atex-cirkonio-deguonies-valdiklis-zkmx\/\" \/>\n<meta property=\"og:locale\" content=\"en_GB\" \/>\n<meta property=\"og:type\" content=\"article\" \/>\n<meta property=\"og:title\" content=\"Fuji Electric ATEX cirkonio O2 valdiklis \u2013 ZKMX - Invertas\" \/>\n<meta property=\"og:description\" content=\"Analiz\u0117s sistema skirta sud\u0117tingoms aplikacijoms sprogiose aplinkose, pvz., naftos perdirbimo ir chemijos krosnyse bei dideliuose pramoniniuose katiluose.\" \/>\n<meta property=\"og:url\" content=\"https:\/\/invertas.lt\/en\/produktai\/duju-analizatoriai\/atex-cirkonio-deguonies-valdiklis-zkmx\/\" \/>\n<meta property=\"og:site_name\" content=\"Invertas\" \/>\n<meta property=\"article:modified_time\" content=\"2025-08-08T17:09:14+00:00\" \/>\n<meta property=\"og:image\" content=\"https:\/\/invertas.lt\/wp-content\/uploads\/2025\/07\/zkmx-vue-generale-header-fr-en.webp\" \/>\n\t<meta property=\"og:image:width\" content=\"682\" \/>\n\t<meta property=\"og:image:height\" content=\"682\" \/>\n\t<meta property=\"og:image:type\" content=\"image\/webp\" \/>\n<meta name=\"twitter:card\" content=\"summary_large_image\" \/>\n<meta name=\"twitter:label1\" content=\"Estimated reading time\" \/>\n\t<meta name=\"twitter:data1\" content=\"1 minute\" \/>\n<script type=\"application\/ld+json\" class=\"yoast-schema-graph\">{\"@context\":\"https:\/\/schema.org\",\"@graph\":[{\"@type\":\"WebPage\",\"@id\":\"https:\/\/invertas.lt\/produktai\/duju-analizatoriai\/atex-cirkonio-deguonies-valdiklis-zkmx\/\",\"url\":\"https:\/\/invertas.lt\/produktai\/duju-analizatoriai\/atex-cirkonio-deguonies-valdiklis-zkmx\/\",\"name\":\"Fuji Electric ATEX cirkonio O2 valdiklis \u2013 ZKMX - Invertas\",\"isPartOf\":{\"@id\":\"https:\/\/invertas.lt\/#website\"},\"primaryImageOfPage\":{\"@id\":\"https:\/\/invertas.lt\/produktai\/duju-analizatoriai\/atex-cirkonio-deguonies-valdiklis-zkmx\/#primaryimage\"},\"image\":{\"@id\":\"https:\/\/invertas.lt\/produktai\/duju-analizatoriai\/atex-cirkonio-deguonies-valdiklis-zkmx\/#primaryimage\"},\"thumbnailUrl\":\"https:\/\/invertas.lt\/wp-content\/uploads\/2025\/07\/zkmx-vue-generale-header-fr-en.webp\",\"datePublished\":\"2025-07-02T19:05:23+00:00\",\"dateModified\":\"2025-08-08T17:09:14+00:00\",\"description\":\"Analiz\u0117s sistema skirta sud\u0117tingoms aplikacijoms sprogiose aplinkose, pvz., naftos perdirbimo ir chemijos krosnyse bei dideliuose pramoniniuose katiluose.\",\"breadcrumb\":{\"@id\":\"https:\/\/invertas.lt\/produktai\/duju-analizatoriai\/atex-cirkonio-deguonies-valdiklis-zkmx\/#breadcrumb\"},\"inLanguage\":\"en-GB\",\"potentialAction\":[{\"@type\":\"ReadAction\",\"target\":[\"https:\/\/invertas.lt\/produktai\/duju-analizatoriai\/atex-cirkonio-deguonies-valdiklis-zkmx\/\"]}]},{\"@type\":\"ImageObject\",\"inLanguage\":\"en-GB\",\"@id\":\"https:\/\/invertas.lt\/produktai\/duju-analizatoriai\/atex-cirkonio-deguonies-valdiklis-zkmx\/#primaryimage\",\"url\":\"https:\/\/invertas.lt\/wp-content\/uploads\/2025\/07\/zkmx-vue-generale-header-fr-en.webp\",\"contentUrl\":\"https:\/\/invertas.lt\/wp-content\/uploads\/2025\/07\/zkmx-vue-generale-header-fr-en.webp\",\"width\":682,\"height\":682},{\"@type\":\"BreadcrumbList\",\"@id\":\"https:\/\/invertas.lt\/produktai\/duju-analizatoriai\/atex-cirkonio-deguonies-valdiklis-zkmx\/#breadcrumb\",\"itemListElement\":[{\"@type\":\"ListItem\",\"position\":1,\"name\":\"Prad\u017eia\",\"item\":\"https:\/\/invertas.lt\/\"},{\"@type\":\"ListItem\",\"position\":2,\"name\":\"Products\",\"item\":\"https:\/\/invertas.lt\/shop\/\"},{\"@type\":\"ListItem\",\"position\":3,\"name\":\"Duj\u0173 analizatoriai\",\"item\":\"https:\/\/invertas.lt\/.\/duju-analizatoriai\/\"},{\"@type\":\"ListItem\",\"position\":4,\"name\":\"Fuji Electric ATEX cirkonio O2 valdiklis \u2013 ZKMX\"}]},{\"@type\":\"WebSite\",\"@id\":\"https:\/\/invertas.lt\/#website\",\"url\":\"https:\/\/invertas.lt\/\",\"name\":\"Invertas\",\"description\":\"\",\"publisher\":{\"@id\":\"https:\/\/invertas.lt\/#organization\"},\"potentialAction\":[{\"@type\":\"SearchAction\",\"target\":{\"@type\":\"EntryPoint\",\"urlTemplate\":\"https:\/\/invertas.lt\/?s={search_term_string}\"},\"query-input\":{\"@type\":\"PropertyValueSpecification\",\"valueRequired\":true,\"valueName\":\"search_term_string\"}}],\"inLanguage\":\"en-GB\"},{\"@type\":\"Organization\",\"@id\":\"https:\/\/invertas.lt\/#organization\",\"name\":\"Invertas\",\"url\":\"https:\/\/invertas.lt\/\",\"logo\":{\"@type\":\"ImageObject\",\"inLanguage\":\"en-GB\",\"@id\":\"https:\/\/invertas.lt\/#\/schema\/logo\/image\/\",\"url\":\"https:\/\/invertas.lt\/wp-content\/uploads\/2025\/03\/New-Text-Document-2.svg\",\"contentUrl\":\"https:\/\/invertas.lt\/wp-content\/uploads\/2025\/03\/New-Text-Document-2.svg\",\"width\":140,\"height\":39,\"caption\":\"Invertas\"},\"image\":{\"@id\":\"https:\/\/invertas.lt\/#\/schema\/logo\/image\/\"}}]}<\/script>\n<!-- \/ Yoast SEO plugin. -->","yoast_head_json":{"title":"Fuji Electric ATEX cirkonio O2 valdiklis \u2013 ZKMX - Invertas","description":"Analiz\u0117s sistema skirta sud\u0117tingoms aplikacijoms sprogiose aplinkose, pvz., naftos perdirbimo ir chemijos krosnyse bei dideliuose pramoniniuose katiluose.","robots":{"index":"index","follow":"follow","max-snippet":"max-snippet:-1","max-image-preview":"max-image-preview:large","max-video-preview":"max-video-preview:-1"},"canonical":"https:\/\/invertas.lt\/en\/produktai\/duju-analizatoriai\/atex-cirkonio-deguonies-valdiklis-zkmx\/","og_locale":"en_GB","og_type":"article","og_title":"Fuji Electric ATEX cirkonio O2 valdiklis \u2013 ZKMX - Invertas","og_description":"Analiz\u0117s sistema skirta sud\u0117tingoms aplikacijoms sprogiose aplinkose, pvz., naftos perdirbimo ir chemijos krosnyse bei dideliuose pramoniniuose katiluose.","og_url":"https:\/\/invertas.lt\/en\/produktai\/duju-analizatoriai\/atex-cirkonio-deguonies-valdiklis-zkmx\/","og_site_name":"Invertas","article_modified_time":"2025-08-08T17:09:14+00:00","og_image":[{"width":682,"height":682,"url":"https:\/\/invertas.lt\/wp-content\/uploads\/2025\/07\/zkmx-vue-generale-header-fr-en.webp","type":"image\/webp"}],"twitter_card":"summary_large_image","twitter_misc":{"Estimated reading time":"1 minute"},"schema":{"@context":"https:\/\/schema.org","@graph":[{"@type":"WebPage","@id":"https:\/\/invertas.lt\/produktai\/duju-analizatoriai\/atex-cirkonio-deguonies-valdiklis-zkmx\/","url":"https:\/\/invertas.lt\/produktai\/duju-analizatoriai\/atex-cirkonio-deguonies-valdiklis-zkmx\/","name":"Fuji Electric ATEX cirkonio O2 valdiklis \u2013 ZKMX - Invertas","isPartOf":{"@id":"https:\/\/invertas.lt\/#website"},"primaryImageOfPage":{"@id":"https:\/\/invertas.lt\/produktai\/duju-analizatoriai\/atex-cirkonio-deguonies-valdiklis-zkmx\/#primaryimage"},"image":{"@id":"https:\/\/invertas.lt\/produktai\/duju-analizatoriai\/atex-cirkonio-deguonies-valdiklis-zkmx\/#primaryimage"},"thumbnailUrl":"https:\/\/invertas.lt\/wp-content\/uploads\/2025\/07\/zkmx-vue-generale-header-fr-en.webp","datePublished":"2025-07-02T19:05:23+00:00","dateModified":"2025-08-08T17:09:14+00:00","description":"Analiz\u0117s sistema skirta sud\u0117tingoms aplikacijoms sprogiose aplinkose, pvz., naftos perdirbimo ir chemijos krosnyse bei dideliuose pramoniniuose katiluose.","breadcrumb":{"@id":"https:\/\/invertas.lt\/produktai\/duju-analizatoriai\/atex-cirkonio-deguonies-valdiklis-zkmx\/#breadcrumb"},"inLanguage":"en-GB","potentialAction":[{"@type":"ReadAction","target":["https:\/\/invertas.lt\/produktai\/duju-analizatoriai\/atex-cirkonio-deguonies-valdiklis-zkmx\/"]}]},{"@type":"ImageObject","inLanguage":"en-GB","@id":"https:\/\/invertas.lt\/produktai\/duju-analizatoriai\/atex-cirkonio-deguonies-valdiklis-zkmx\/#primaryimage","url":"https:\/\/invertas.lt\/wp-content\/uploads\/2025\/07\/zkmx-vue-generale-header-fr-en.webp","contentUrl":"https:\/\/invertas.lt\/wp-content\/uploads\/2025\/07\/zkmx-vue-generale-header-fr-en.webp","width":682,"height":682},{"@type":"BreadcrumbList","@id":"https:\/\/invertas.lt\/produktai\/duju-analizatoriai\/atex-cirkonio-deguonies-valdiklis-zkmx\/#breadcrumb","itemListElement":[{"@type":"ListItem","position":1,"name":"Prad\u017eia","item":"https:\/\/invertas.lt\/"},{"@type":"ListItem","position":2,"name":"Products","item":"https:\/\/invertas.lt\/shop\/"},{"@type":"ListItem","position":3,"name":"Duj\u0173 analizatoriai","item":"https:\/\/invertas.lt\/.\/duju-analizatoriai\/"},{"@type":"ListItem","position":4,"name":"Fuji Electric ATEX cirkonio O2 valdiklis \u2013 ZKMX"}]},{"@type":"WebSite","@id":"https:\/\/invertas.lt\/#website","url":"https:\/\/invertas.lt\/","name":"Invert","description":"","publisher":{"@id":"https:\/\/invertas.lt\/#organization"},"potentialAction":[{"@type":"SearchAction","target":{"@type":"EntryPoint","urlTemplate":"https:\/\/invertas.lt\/?s={search_term_string}"},"query-input":{"@type":"PropertyValueSpecification","valueRequired":true,"valueName":"search_term_string"}}],"inLanguage":"en-GB"},{"@type":"Organization","@id":"https:\/\/invertas.lt\/#organization","name":"Invert","url":"https:\/\/invertas.lt\/","logo":{"@type":"ImageObject","inLanguage":"en-GB","@id":"https:\/\/invertas.lt\/#\/schema\/logo\/image\/","url":"https:\/\/invertas.lt\/wp-content\/uploads\/2025\/03\/New-Text-Document-2.svg","contentUrl":"https:\/\/invertas.lt\/wp-content\/uploads\/2025\/03\/New-Text-Document-2.svg","width":140,"height":39,"caption":"Invertas"},"image":{"@id":"https:\/\/invertas.lt\/#\/schema\/logo\/image\/"}}]}},"_links":{"self":[{"href":"https:\/\/invertas.lt\/en\/wp-json\/wp\/v2\/product\/7739","targetHints":{"allow":["GET"]}}],"collection":[{"href":"https:\/\/invertas.lt\/en\/wp-json\/wp\/v2\/product"}],"about":[{"href":"https:\/\/invertas.lt\/en\/wp-json\/wp\/v2\/types\/product"}],"replies":[{"embeddable":true,"href":"https:\/\/invertas.lt\/en\/wp-json\/wp\/v2\/comments?post=7739"}],"wp:featuredmedia":[{"embeddable":true,"href":"https:\/\/invertas.lt\/en\/wp-json\/wp\/v2\/media\/7740"}],"wp:attachment":[{"href":"https:\/\/invertas.lt\/en\/wp-json\/wp\/v2\/media?parent=7739"}],"wp:term":[{"taxonomy":"product_brand","embeddable":true,"href":"https:\/\/invertas.lt\/en\/wp-json\/wp\/v2\/product_brand?post=7739"},{"taxonomy":"product_cat","embeddable":true,"href":"https:\/\/invertas.lt\/en\/wp-json\/wp\/v2\/product_cat?post=7739"},{"taxonomy":"product_tag","embeddable":true,"href":"https:\/\/invertas.lt\/en\/wp-json\/wp\/v2\/product_tag?post=7739"}],"curies":[{"name":"wp","href":"https:\/\/api.w.org\/{rel}","templated":true}]}}