{"id":7709,"date":"2025-07-02T18:14:23","date_gmt":"2025-07-02T18:14:23","guid":{"rendered":"https:\/\/aurimasb15.sg-host.com\/?post_type=product&#038;p=7709"},"modified":"2025-08-08T17:08:23","modified_gmt":"2025-08-08T17:08:23","slug":"zrze-kabelis-sertifikuotam-ex-deguonies-analizatoriui-zkme-zfke","status":"publish","type":"product","link":"https:\/\/invertas.lt\/en\/produktai\/duju-analizatoriai\/zrze-kabelis-sertifikuotam-ex-deguonies-analizatoriui-zkme-zfke\/","title":{"rendered":"Fuji Electric ZRZE cable for EX O2 analyzer \u2013 ZKME\/ZFKE"},"content":{"rendered":"<h3 data-start=\"0\" data-end=\"14\">Fields of application<\/h3>\n<p data-start=\"19\" data-end=\"161\" class=\"translation-block\">Oxygen monitoring for potentially explosive atmospheres (not ATEX-certified in EU zones, but TIIS and NEPSI certified)\nRefinery furnaces, petrochemical furnaces, large industrial boilers.<\/p>\n<h3 data-start=\"16\" data-end=\"183\">Features<\/h3>\n<ul>\n<li data-start=\"16\" data-end=\"183\">Easily replaceable zirconia element<\/li>\n<li data-start=\"16\" data-end=\"183\">Fast response (4-7 seconds)<\/li>\n<li data-start=\"16\" data-end=\"183\">TIIS and NEPSI certified<\/li>\n<\/ul>","protected":false},"excerpt":{"rendered":"<p>Taikymo sritys Deguonies steb\u0117jimas potencialiai sprogiose aplinkose (n\u0117ra ATEX sertifikato ES zonose, ta\u010diau sertifikuotas pagal TIIS ir NEPSI)Naftos perdirbimo gamykl\u0173 krosnys, naftos chemijos pramon\u0117s krosnys, dideli pramoniniai katilai. Savyb\u0117s Lengvai kei\u010diamas cirkonio elementas Greita reakcija (4\u20137 sekund\u0117s) Sertifikuotas pagal TIIS ir NEPSI<\/p>","protected":false},"featured_media":6,"comment_status":"open","ping_status":"closed","template":"","meta":{"_acf_changed":false,"inline_featured_image":false},"product_brand":[],"product_cat":[422],"product_tag":[],"class_list":{"0":"post-7709","1":"product","2":"type-product","3":"status-publish","4":"has-post-thumbnail","6":"product_cat-duju-analizatoriai","8":"first","9":"instock","10":"shipping-taxable","11":"purchasable","12":"product-type-simple"},"acf":[],"yoast_head":"<!-- This site is optimized with the Yoast SEO plugin v25.5 - https:\/\/yoast.com\/wordpress\/plugins\/seo\/ -->\n<title>Fuji Electric ZRZE kabelis EX O2 analizatoriui \u2013 ZKME\/ZFKE - Invertas<\/title>\n<meta name=\"description\" content=\"Deguonies steb\u0117jimas potencialiai sprogiose aplinkose. Naftos perdirbimo gamykl\u0173 krosnys, naftos chemijos pramon\u0117s krosnys, dideli pramoniniai katilai.\" \/>\n<meta name=\"robots\" content=\"index, follow, max-snippet:-1, max-image-preview:large, max-video-preview:-1\" \/>\n<link rel=\"canonical\" href=\"https:\/\/invertas.lt\/en\/produktai\/duju-analizatoriai\/zrze-kabelis-sertifikuotam-ex-deguonies-analizatoriui-zkme-zfke\/\" \/>\n<meta property=\"og:locale\" content=\"en_GB\" \/>\n<meta property=\"og:type\" content=\"article\" \/>\n<meta property=\"og:title\" content=\"Fuji Electric ZRZE kabelis EX O2 analizatoriui \u2013 ZKME\/ZFKE - Invertas\" \/>\n<meta property=\"og:description\" content=\"Deguonies steb\u0117jimas potencialiai sprogiose aplinkose. Naftos perdirbimo gamykl\u0173 krosnys, naftos chemijos pramon\u0117s krosnys, dideli pramoniniai katilai.\" \/>\n<meta property=\"og:url\" content=\"https:\/\/invertas.lt\/en\/produktai\/duju-analizatoriai\/zrze-kabelis-sertifikuotam-ex-deguonies-analizatoriui-zkme-zfke\/\" \/>\n<meta property=\"og:site_name\" content=\"Invertas\" \/>\n<meta property=\"article:modified_time\" content=\"2025-08-08T17:08:23+00:00\" \/>\n<meta property=\"og:image\" content=\"https:\/\/invertas.lt\/wp-content\/uploads\/woocommerce-placeholder.png\" \/>\n\t<meta property=\"og:image:width\" content=\"1200\" \/>\n\t<meta property=\"og:image:height\" content=\"1200\" \/>\n\t<meta property=\"og:image:type\" content=\"image\/png\" \/>\n<meta name=\"twitter:card\" content=\"summary_large_image\" \/>\n<meta name=\"twitter:label1\" content=\"Estimated reading time\" \/>\n\t<meta name=\"twitter:data1\" content=\"1 minute\" \/>\n<script type=\"application\/ld+json\" class=\"yoast-schema-graph\">{\"@context\":\"https:\/\/schema.org\",\"@graph\":[{\"@type\":\"WebPage\",\"@id\":\"https:\/\/invertas.lt\/produktai\/duju-analizatoriai\/zrze-kabelis-sertifikuotam-ex-deguonies-analizatoriui-zkme-zfke\/\",\"url\":\"https:\/\/invertas.lt\/produktai\/duju-analizatoriai\/zrze-kabelis-sertifikuotam-ex-deguonies-analizatoriui-zkme-zfke\/\",\"name\":\"Fuji Electric ZRZE kabelis EX O2 analizatoriui \u2013 ZKME\/ZFKE - Invertas\",\"isPartOf\":{\"@id\":\"https:\/\/invertas.lt\/#website\"},\"primaryImageOfPage\":{\"@id\":\"https:\/\/invertas.lt\/produktai\/duju-analizatoriai\/zrze-kabelis-sertifikuotam-ex-deguonies-analizatoriui-zkme-zfke\/#primaryimage\"},\"image\":{\"@id\":\"https:\/\/invertas.lt\/produktai\/duju-analizatoriai\/zrze-kabelis-sertifikuotam-ex-deguonies-analizatoriui-zkme-zfke\/#primaryimage\"},\"thumbnailUrl\":\"https:\/\/invertas.lt\/wp-content\/uploads\/woocommerce-placeholder.png\",\"datePublished\":\"2025-07-02T18:14:23+00:00\",\"dateModified\":\"2025-08-08T17:08:23+00:00\",\"description\":\"Deguonies steb\u0117jimas potencialiai sprogiose aplinkose. Naftos perdirbimo gamykl\u0173 krosnys, naftos chemijos pramon\u0117s krosnys, dideli pramoniniai katilai.\",\"breadcrumb\":{\"@id\":\"https:\/\/invertas.lt\/produktai\/duju-analizatoriai\/zrze-kabelis-sertifikuotam-ex-deguonies-analizatoriui-zkme-zfke\/#breadcrumb\"},\"inLanguage\":\"en-GB\",\"potentialAction\":[{\"@type\":\"ReadAction\",\"target\":[\"https:\/\/invertas.lt\/produktai\/duju-analizatoriai\/zrze-kabelis-sertifikuotam-ex-deguonies-analizatoriui-zkme-zfke\/\"]}]},{\"@type\":\"ImageObject\",\"inLanguage\":\"en-GB\",\"@id\":\"https:\/\/invertas.lt\/produktai\/duju-analizatoriai\/zrze-kabelis-sertifikuotam-ex-deguonies-analizatoriui-zkme-zfke\/#primaryimage\",\"url\":\"https:\/\/invertas.lt\/wp-content\/uploads\/woocommerce-placeholder.png\",\"contentUrl\":\"https:\/\/invertas.lt\/wp-content\/uploads\/woocommerce-placeholder.png\",\"width\":1200,\"height\":1200},{\"@type\":\"BreadcrumbList\",\"@id\":\"https:\/\/invertas.lt\/produktai\/duju-analizatoriai\/zrze-kabelis-sertifikuotam-ex-deguonies-analizatoriui-zkme-zfke\/#breadcrumb\",\"itemListElement\":[{\"@type\":\"ListItem\",\"position\":1,\"name\":\"Prad\u017eia\",\"item\":\"https:\/\/invertas.lt\/\"},{\"@type\":\"ListItem\",\"position\":2,\"name\":\"Products\",\"item\":\"https:\/\/invertas.lt\/shop\/\"},{\"@type\":\"ListItem\",\"position\":3,\"name\":\"Duj\u0173 analizatoriai\",\"item\":\"https:\/\/invertas.lt\/.\/duju-analizatoriai\/\"},{\"@type\":\"ListItem\",\"position\":4,\"name\":\"Fuji Electric ZRZE kabelis EX O2 analizatoriui \u2013 ZKME\/ZFKE\"}]},{\"@type\":\"WebSite\",\"@id\":\"https:\/\/invertas.lt\/#website\",\"url\":\"https:\/\/invertas.lt\/\",\"name\":\"Invertas\",\"description\":\"\",\"publisher\":{\"@id\":\"https:\/\/invertas.lt\/#organization\"},\"potentialAction\":[{\"@type\":\"SearchAction\",\"target\":{\"@type\":\"EntryPoint\",\"urlTemplate\":\"https:\/\/invertas.lt\/?s={search_term_string}\"},\"query-input\":{\"@type\":\"PropertyValueSpecification\",\"valueRequired\":true,\"valueName\":\"search_term_string\"}}],\"inLanguage\":\"en-GB\"},{\"@type\":\"Organization\",\"@id\":\"https:\/\/invertas.lt\/#organization\",\"name\":\"Invertas\",\"url\":\"https:\/\/invertas.lt\/\",\"logo\":{\"@type\":\"ImageObject\",\"inLanguage\":\"en-GB\",\"@id\":\"https:\/\/invertas.lt\/#\/schema\/logo\/image\/\",\"url\":\"https:\/\/invertas.lt\/wp-content\/uploads\/2025\/03\/New-Text-Document-2.svg\",\"contentUrl\":\"https:\/\/invertas.lt\/wp-content\/uploads\/2025\/03\/New-Text-Document-2.svg\",\"width\":140,\"height\":39,\"caption\":\"Invertas\"},\"image\":{\"@id\":\"https:\/\/invertas.lt\/#\/schema\/logo\/image\/\"}}]}<\/script>\n<!-- \/ Yoast SEO plugin. -->","yoast_head_json":{"title":"Fuji Electric ZRZE kabelis EX O2 analizatoriui \u2013 ZKME\/ZFKE - Invertas","description":"Deguonies steb\u0117jimas potencialiai sprogiose aplinkose. Naftos perdirbimo gamykl\u0173 krosnys, naftos chemijos pramon\u0117s krosnys, dideli pramoniniai katilai.","robots":{"index":"index","follow":"follow","max-snippet":"max-snippet:-1","max-image-preview":"max-image-preview:large","max-video-preview":"max-video-preview:-1"},"canonical":"https:\/\/invertas.lt\/en\/produktai\/duju-analizatoriai\/zrze-kabelis-sertifikuotam-ex-deguonies-analizatoriui-zkme-zfke\/","og_locale":"en_GB","og_type":"article","og_title":"Fuji Electric ZRZE kabelis EX O2 analizatoriui \u2013 ZKME\/ZFKE - Invertas","og_description":"Deguonies steb\u0117jimas potencialiai sprogiose aplinkose. Naftos perdirbimo gamykl\u0173 krosnys, naftos chemijos pramon\u0117s krosnys, dideli pramoniniai katilai.","og_url":"https:\/\/invertas.lt\/en\/produktai\/duju-analizatoriai\/zrze-kabelis-sertifikuotam-ex-deguonies-analizatoriui-zkme-zfke\/","og_site_name":"Invertas","article_modified_time":"2025-08-08T17:08:23+00:00","og_image":[{"width":1200,"height":1200,"url":"https:\/\/invertas.lt\/wp-content\/uploads\/woocommerce-placeholder.png","type":"image\/png"}],"twitter_card":"summary_large_image","twitter_misc":{"Estimated reading time":"1 minute"},"schema":{"@context":"https:\/\/schema.org","@graph":[{"@type":"WebPage","@id":"https:\/\/invertas.lt\/produktai\/duju-analizatoriai\/zrze-kabelis-sertifikuotam-ex-deguonies-analizatoriui-zkme-zfke\/","url":"https:\/\/invertas.lt\/produktai\/duju-analizatoriai\/zrze-kabelis-sertifikuotam-ex-deguonies-analizatoriui-zkme-zfke\/","name":"Fuji Electric ZRZE kabelis EX O2 analizatoriui \u2013 ZKME\/ZFKE - Invertas","isPartOf":{"@id":"https:\/\/invertas.lt\/#website"},"primaryImageOfPage":{"@id":"https:\/\/invertas.lt\/produktai\/duju-analizatoriai\/zrze-kabelis-sertifikuotam-ex-deguonies-analizatoriui-zkme-zfke\/#primaryimage"},"image":{"@id":"https:\/\/invertas.lt\/produktai\/duju-analizatoriai\/zrze-kabelis-sertifikuotam-ex-deguonies-analizatoriui-zkme-zfke\/#primaryimage"},"thumbnailUrl":"https:\/\/invertas.lt\/wp-content\/uploads\/woocommerce-placeholder.png","datePublished":"2025-07-02T18:14:23+00:00","dateModified":"2025-08-08T17:08:23+00:00","description":"Deguonies steb\u0117jimas potencialiai sprogiose aplinkose. Naftos perdirbimo gamykl\u0173 krosnys, naftos chemijos pramon\u0117s krosnys, dideli pramoniniai katilai.","breadcrumb":{"@id":"https:\/\/invertas.lt\/produktai\/duju-analizatoriai\/zrze-kabelis-sertifikuotam-ex-deguonies-analizatoriui-zkme-zfke\/#breadcrumb"},"inLanguage":"en-GB","potentialAction":[{"@type":"ReadAction","target":["https:\/\/invertas.lt\/produktai\/duju-analizatoriai\/zrze-kabelis-sertifikuotam-ex-deguonies-analizatoriui-zkme-zfke\/"]}]},{"@type":"ImageObject","inLanguage":"en-GB","@id":"https:\/\/invertas.lt\/produktai\/duju-analizatoriai\/zrze-kabelis-sertifikuotam-ex-deguonies-analizatoriui-zkme-zfke\/#primaryimage","url":"https:\/\/invertas.lt\/wp-content\/uploads\/woocommerce-placeholder.png","contentUrl":"https:\/\/invertas.lt\/wp-content\/uploads\/woocommerce-placeholder.png","width":1200,"height":1200},{"@type":"BreadcrumbList","@id":"https:\/\/invertas.lt\/produktai\/duju-analizatoriai\/zrze-kabelis-sertifikuotam-ex-deguonies-analizatoriui-zkme-zfke\/#breadcrumb","itemListElement":[{"@type":"ListItem","position":1,"name":"Prad\u017eia","item":"https:\/\/invertas.lt\/"},{"@type":"ListItem","position":2,"name":"Products","item":"https:\/\/invertas.lt\/shop\/"},{"@type":"ListItem","position":3,"name":"Duj\u0173 analizatoriai","item":"https:\/\/invertas.lt\/.\/duju-analizatoriai\/"},{"@type":"ListItem","position":4,"name":"Fuji Electric ZRZE kabelis EX O2 analizatoriui \u2013 ZKME\/ZFKE"}]},{"@type":"WebSite","@id":"https:\/\/invertas.lt\/#website","url":"https:\/\/invertas.lt\/","name":"Invert","description":"","publisher":{"@id":"https:\/\/invertas.lt\/#organization"},"potentialAction":[{"@type":"SearchAction","target":{"@type":"EntryPoint","urlTemplate":"https:\/\/invertas.lt\/?s={search_term_string}"},"query-input":{"@type":"PropertyValueSpecification","valueRequired":true,"valueName":"search_term_string"}}],"inLanguage":"en-GB"},{"@type":"Organization","@id":"https:\/\/invertas.lt\/#organization","name":"Invert","url":"https:\/\/invertas.lt\/","logo":{"@type":"ImageObject","inLanguage":"en-GB","@id":"https:\/\/invertas.lt\/#\/schema\/logo\/image\/","url":"https:\/\/invertas.lt\/wp-content\/uploads\/2025\/03\/New-Text-Document-2.svg","contentUrl":"https:\/\/invertas.lt\/wp-content\/uploads\/2025\/03\/New-Text-Document-2.svg","width":140,"height":39,"caption":"Invertas"},"image":{"@id":"https:\/\/invertas.lt\/#\/schema\/logo\/image\/"}}]}},"_links":{"self":[{"href":"https:\/\/invertas.lt\/en\/wp-json\/wp\/v2\/product\/7709","targetHints":{"allow":["GET"]}}],"collection":[{"href":"https:\/\/invertas.lt\/en\/wp-json\/wp\/v2\/product"}],"about":[{"href":"https:\/\/invertas.lt\/en\/wp-json\/wp\/v2\/types\/product"}],"replies":[{"embeddable":true,"href":"https:\/\/invertas.lt\/en\/wp-json\/wp\/v2\/comments?post=7709"}],"wp:featuredmedia":[{"embeddable":true,"href":"https:\/\/invertas.lt\/en\/wp-json\/wp\/v2\/media\/6"}],"wp:attachment":[{"href":"https:\/\/invertas.lt\/en\/wp-json\/wp\/v2\/media?parent=7709"}],"wp:term":[{"taxonomy":"product_brand","embeddable":true,"href":"https:\/\/invertas.lt\/en\/wp-json\/wp\/v2\/product_brand?post=7709"},{"taxonomy":"product_cat","embeddable":true,"href":"https:\/\/invertas.lt\/en\/wp-json\/wp\/v2\/product_cat?post=7709"},{"taxonomy":"product_tag","embeddable":true,"href":"https:\/\/invertas.lt\/en\/wp-json\/wp\/v2\/product_tag?post=7709"}],"curies":[{"name":"wp","href":"https:\/\/api.w.org\/{rel}","templated":true}]}}