{"id":7684,"date":"2025-06-30T20:20:31","date_gmt":"2025-06-30T20:20:31","guid":{"rendered":"https:\/\/aurimasb15.sg-host.com\/?post_type=product&#038;p=7684"},"modified":"2025-08-08T17:03:35","modified_gmt":"2025-08-08T17:03:35","slug":"automatinio-kalibravimo-ir-atbulinio-praputimo-modulis-deguonies-analizatoriui-zfcs","status":"publish","type":"product","link":"https:\/\/invertas.lt\/en\/produktai\/duju-analizatoriai\/automatinio-kalibravimo-ir-atbulinio-praputimo-modulis-deguonies-analizatoriui-zfcs\/","title":{"rendered":"Fuji Electric calibration and purging module for O2 analyzer ZFCS"},"content":{"rendered":"<h3 data-start=\"0\" data-end=\"14\">Fields of application<\/h3>\n<p data-start=\"19\" data-end=\"161\" class=\"translation-block\">Oxygen control in flue gases from boilers, incinerators and industrial furnaces\nCombustion optimization and plant safety<\/p>\n<h3 data-start=\"16\" data-end=\"183\">Features<\/h3>\n<ul>\n<li data-start=\"16\" data-end=\"183\">Protects the ZKM controller from harsh environmental conditions<\/li>\n<li data-start=\"16\" data-end=\"183\">Allows oxygen measurement on highly particle-laden gases<\/li>\n<li data-start=\"16\" data-end=\"183\">Guarantees stable measurement at all times<\/li>\n<\/ul>","protected":false},"excerpt":{"rendered":"<p>Taikymo sritys Deguonies kontrol\u0117 katil\u0173, deginimo \u012frengini\u0173 ir pramonini\u0173 krosni\u0173 d\u016bm\u0173 dujoseDegimo optimizavimas ir \u012frenginio sauga Savyb\u0117s Apsaugo ZKM valdikl\u012f nuo sud\u0117ting\u0173 aplinkos s\u0105lyg\u0173 Leid\u017eia matuoti deguon\u012f dujose su dideliu daleli\u0173 kiekiu U\u017etikrina stabil\u0173 matavim\u0105 bet kuriuo metu<\/p>","protected":false},"featured_media":7685,"comment_status":"open","ping_status":"closed","template":"","meta":{"_acf_changed":false,"inline_featured_image":false},"product_brand":[],"product_cat":[422],"product_tag":[],"class_list":{"0":"post-7684","1":"product","2":"type-product","3":"status-publish","4":"has-post-thumbnail","6":"product_cat-duju-analizatoriai","8":"first","9":"instock","10":"shipping-taxable","11":"purchasable","12":"product-type-simple"},"acf":[],"yoast_head":"<!-- This site is optimized with the Yoast SEO plugin v25.5 - https:\/\/yoast.com\/wordpress\/plugins\/seo\/ -->\n<title>Fuji Electric kalibravimo ir prap\u016btimo modulis O2 analizatoriui ZFCS - Invertas<\/title>\n<meta name=\"description\" content=\"Deguonies kontrol\u0117 katil\u0173, deginimo \u012frengini\u0173 ir pramonini\u0173 krosni\u0173 d\u016bm\u0173 dujose. Degimo optimizavimas ir \u012frenginio sauga.\" \/>\n<meta name=\"robots\" content=\"index, follow, max-snippet:-1, max-image-preview:large, max-video-preview:-1\" \/>\n<link rel=\"canonical\" href=\"https:\/\/invertas.lt\/en\/produktai\/duju-analizatoriai\/automatinio-kalibravimo-ir-atbulinio-praputimo-modulis-deguonies-analizatoriui-zfcs\/\" \/>\n<meta property=\"og:locale\" content=\"en_GB\" \/>\n<meta property=\"og:type\" content=\"article\" \/>\n<meta property=\"og:title\" content=\"Fuji Electric kalibravimo ir prap\u016btimo modulis O2 analizatoriui ZFCS - Invertas\" \/>\n<meta property=\"og:description\" content=\"Deguonies kontrol\u0117 katil\u0173, deginimo \u012frengini\u0173 ir pramonini\u0173 krosni\u0173 d\u016bm\u0173 dujose. Degimo optimizavimas ir \u012frenginio sauga.\" \/>\n<meta property=\"og:url\" content=\"https:\/\/invertas.lt\/en\/produktai\/duju-analizatoriai\/automatinio-kalibravimo-ir-atbulinio-praputimo-modulis-deguonies-analizatoriui-zfcs\/\" \/>\n<meta property=\"og:site_name\" content=\"Invertas\" \/>\n<meta property=\"article:modified_time\" content=\"2025-08-08T17:03:35+00:00\" \/>\n<meta property=\"og:image\" content=\"https:\/\/invertas.lt\/wp-content\/uploads\/2025\/06\/zfcs-vue-generale-header-fr-en.webp\" \/>\n\t<meta property=\"og:image:width\" content=\"682\" \/>\n\t<meta property=\"og:image:height\" content=\"682\" \/>\n\t<meta property=\"og:image:type\" content=\"image\/webp\" \/>\n<meta name=\"twitter:card\" content=\"summary_large_image\" \/>\n<meta name=\"twitter:label1\" content=\"Estimated reading time\" \/>\n\t<meta name=\"twitter:data1\" content=\"1 minute\" \/>\n<script type=\"application\/ld+json\" class=\"yoast-schema-graph\">{\"@context\":\"https:\/\/schema.org\",\"@graph\":[{\"@type\":\"WebPage\",\"@id\":\"https:\/\/invertas.lt\/produktai\/duju-analizatoriai\/automatinio-kalibravimo-ir-atbulinio-praputimo-modulis-deguonies-analizatoriui-zfcs\/\",\"url\":\"https:\/\/invertas.lt\/produktai\/duju-analizatoriai\/automatinio-kalibravimo-ir-atbulinio-praputimo-modulis-deguonies-analizatoriui-zfcs\/\",\"name\":\"Fuji Electric kalibravimo ir prap\u016btimo modulis O2 analizatoriui ZFCS - Invertas\",\"isPartOf\":{\"@id\":\"https:\/\/invertas.lt\/#website\"},\"primaryImageOfPage\":{\"@id\":\"https:\/\/invertas.lt\/produktai\/duju-analizatoriai\/automatinio-kalibravimo-ir-atbulinio-praputimo-modulis-deguonies-analizatoriui-zfcs\/#primaryimage\"},\"image\":{\"@id\":\"https:\/\/invertas.lt\/produktai\/duju-analizatoriai\/automatinio-kalibravimo-ir-atbulinio-praputimo-modulis-deguonies-analizatoriui-zfcs\/#primaryimage\"},\"thumbnailUrl\":\"https:\/\/invertas.lt\/wp-content\/uploads\/2025\/06\/zfcs-vue-generale-header-fr-en.webp\",\"datePublished\":\"2025-06-30T20:20:31+00:00\",\"dateModified\":\"2025-08-08T17:03:35+00:00\",\"description\":\"Deguonies kontrol\u0117 katil\u0173, deginimo \u012frengini\u0173 ir pramonini\u0173 krosni\u0173 d\u016bm\u0173 dujose. Degimo optimizavimas ir \u012frenginio sauga.\",\"breadcrumb\":{\"@id\":\"https:\/\/invertas.lt\/produktai\/duju-analizatoriai\/automatinio-kalibravimo-ir-atbulinio-praputimo-modulis-deguonies-analizatoriui-zfcs\/#breadcrumb\"},\"inLanguage\":\"en-GB\",\"potentialAction\":[{\"@type\":\"ReadAction\",\"target\":[\"https:\/\/invertas.lt\/produktai\/duju-analizatoriai\/automatinio-kalibravimo-ir-atbulinio-praputimo-modulis-deguonies-analizatoriui-zfcs\/\"]}]},{\"@type\":\"ImageObject\",\"inLanguage\":\"en-GB\",\"@id\":\"https:\/\/invertas.lt\/produktai\/duju-analizatoriai\/automatinio-kalibravimo-ir-atbulinio-praputimo-modulis-deguonies-analizatoriui-zfcs\/#primaryimage\",\"url\":\"https:\/\/invertas.lt\/wp-content\/uploads\/2025\/06\/zfcs-vue-generale-header-fr-en.webp\",\"contentUrl\":\"https:\/\/invertas.lt\/wp-content\/uploads\/2025\/06\/zfcs-vue-generale-header-fr-en.webp\",\"width\":682,\"height\":682},{\"@type\":\"BreadcrumbList\",\"@id\":\"https:\/\/invertas.lt\/produktai\/duju-analizatoriai\/automatinio-kalibravimo-ir-atbulinio-praputimo-modulis-deguonies-analizatoriui-zfcs\/#breadcrumb\",\"itemListElement\":[{\"@type\":\"ListItem\",\"position\":1,\"name\":\"Prad\u017eia\",\"item\":\"https:\/\/invertas.lt\/\"},{\"@type\":\"ListItem\",\"position\":2,\"name\":\"Products\",\"item\":\"https:\/\/invertas.lt\/shop\/\"},{\"@type\":\"ListItem\",\"position\":3,\"name\":\"Duj\u0173 analizatoriai\",\"item\":\"https:\/\/invertas.lt\/.\/duju-analizatoriai\/\"},{\"@type\":\"ListItem\",\"position\":4,\"name\":\"Fuji Electric kalibravimo ir prap\u016btimo modulis O2 analizatoriui ZFCS\"}]},{\"@type\":\"WebSite\",\"@id\":\"https:\/\/invertas.lt\/#website\",\"url\":\"https:\/\/invertas.lt\/\",\"name\":\"Invertas\",\"description\":\"\",\"publisher\":{\"@id\":\"https:\/\/invertas.lt\/#organization\"},\"potentialAction\":[{\"@type\":\"SearchAction\",\"target\":{\"@type\":\"EntryPoint\",\"urlTemplate\":\"https:\/\/invertas.lt\/?s={search_term_string}\"},\"query-input\":{\"@type\":\"PropertyValueSpecification\",\"valueRequired\":true,\"valueName\":\"search_term_string\"}}],\"inLanguage\":\"en-GB\"},{\"@type\":\"Organization\",\"@id\":\"https:\/\/invertas.lt\/#organization\",\"name\":\"Invertas\",\"url\":\"https:\/\/invertas.lt\/\",\"logo\":{\"@type\":\"ImageObject\",\"inLanguage\":\"en-GB\",\"@id\":\"https:\/\/invertas.lt\/#\/schema\/logo\/image\/\",\"url\":\"https:\/\/invertas.lt\/wp-content\/uploads\/2025\/03\/New-Text-Document-2.svg\",\"contentUrl\":\"https:\/\/invertas.lt\/wp-content\/uploads\/2025\/03\/New-Text-Document-2.svg\",\"width\":140,\"height\":39,\"caption\":\"Invertas\"},\"image\":{\"@id\":\"https:\/\/invertas.lt\/#\/schema\/logo\/image\/\"}}]}<\/script>\n<!-- \/ Yoast SEO plugin. -->","yoast_head_json":{"title":"Fuji Electric kalibravimo ir prap\u016btimo modulis O2 analizatoriui ZFCS - Invertas","description":"Deguonies kontrol\u0117 katil\u0173, deginimo \u012frengini\u0173 ir pramonini\u0173 krosni\u0173 d\u016bm\u0173 dujose. Degimo optimizavimas ir \u012frenginio sauga.","robots":{"index":"index","follow":"follow","max-snippet":"max-snippet:-1","max-image-preview":"max-image-preview:large","max-video-preview":"max-video-preview:-1"},"canonical":"https:\/\/invertas.lt\/en\/produktai\/duju-analizatoriai\/automatinio-kalibravimo-ir-atbulinio-praputimo-modulis-deguonies-analizatoriui-zfcs\/","og_locale":"en_GB","og_type":"article","og_title":"Fuji Electric kalibravimo ir prap\u016btimo modulis O2 analizatoriui ZFCS - Invertas","og_description":"Deguonies kontrol\u0117 katil\u0173, deginimo \u012frengini\u0173 ir pramonini\u0173 krosni\u0173 d\u016bm\u0173 dujose. Degimo optimizavimas ir \u012frenginio sauga.","og_url":"https:\/\/invertas.lt\/en\/produktai\/duju-analizatoriai\/automatinio-kalibravimo-ir-atbulinio-praputimo-modulis-deguonies-analizatoriui-zfcs\/","og_site_name":"Invertas","article_modified_time":"2025-08-08T17:03:35+00:00","og_image":[{"width":682,"height":682,"url":"https:\/\/invertas.lt\/wp-content\/uploads\/2025\/06\/zfcs-vue-generale-header-fr-en.webp","type":"image\/webp"}],"twitter_card":"summary_large_image","twitter_misc":{"Estimated reading time":"1 minute"},"schema":{"@context":"https:\/\/schema.org","@graph":[{"@type":"WebPage","@id":"https:\/\/invertas.lt\/produktai\/duju-analizatoriai\/automatinio-kalibravimo-ir-atbulinio-praputimo-modulis-deguonies-analizatoriui-zfcs\/","url":"https:\/\/invertas.lt\/produktai\/duju-analizatoriai\/automatinio-kalibravimo-ir-atbulinio-praputimo-modulis-deguonies-analizatoriui-zfcs\/","name":"Fuji Electric kalibravimo ir prap\u016btimo modulis O2 analizatoriui ZFCS - Invertas","isPartOf":{"@id":"https:\/\/invertas.lt\/#website"},"primaryImageOfPage":{"@id":"https:\/\/invertas.lt\/produktai\/duju-analizatoriai\/automatinio-kalibravimo-ir-atbulinio-praputimo-modulis-deguonies-analizatoriui-zfcs\/#primaryimage"},"image":{"@id":"https:\/\/invertas.lt\/produktai\/duju-analizatoriai\/automatinio-kalibravimo-ir-atbulinio-praputimo-modulis-deguonies-analizatoriui-zfcs\/#primaryimage"},"thumbnailUrl":"https:\/\/invertas.lt\/wp-content\/uploads\/2025\/06\/zfcs-vue-generale-header-fr-en.webp","datePublished":"2025-06-30T20:20:31+00:00","dateModified":"2025-08-08T17:03:35+00:00","description":"Deguonies kontrol\u0117 katil\u0173, deginimo \u012frengini\u0173 ir pramonini\u0173 krosni\u0173 d\u016bm\u0173 dujose. Degimo optimizavimas ir \u012frenginio sauga.","breadcrumb":{"@id":"https:\/\/invertas.lt\/produktai\/duju-analizatoriai\/automatinio-kalibravimo-ir-atbulinio-praputimo-modulis-deguonies-analizatoriui-zfcs\/#breadcrumb"},"inLanguage":"en-GB","potentialAction":[{"@type":"ReadAction","target":["https:\/\/invertas.lt\/produktai\/duju-analizatoriai\/automatinio-kalibravimo-ir-atbulinio-praputimo-modulis-deguonies-analizatoriui-zfcs\/"]}]},{"@type":"ImageObject","inLanguage":"en-GB","@id":"https:\/\/invertas.lt\/produktai\/duju-analizatoriai\/automatinio-kalibravimo-ir-atbulinio-praputimo-modulis-deguonies-analizatoriui-zfcs\/#primaryimage","url":"https:\/\/invertas.lt\/wp-content\/uploads\/2025\/06\/zfcs-vue-generale-header-fr-en.webp","contentUrl":"https:\/\/invertas.lt\/wp-content\/uploads\/2025\/06\/zfcs-vue-generale-header-fr-en.webp","width":682,"height":682},{"@type":"BreadcrumbList","@id":"https:\/\/invertas.lt\/produktai\/duju-analizatoriai\/automatinio-kalibravimo-ir-atbulinio-praputimo-modulis-deguonies-analizatoriui-zfcs\/#breadcrumb","itemListElement":[{"@type":"ListItem","position":1,"name":"Prad\u017eia","item":"https:\/\/invertas.lt\/"},{"@type":"ListItem","position":2,"name":"Products","item":"https:\/\/invertas.lt\/shop\/"},{"@type":"ListItem","position":3,"name":"Duj\u0173 analizatoriai","item":"https:\/\/invertas.lt\/.\/duju-analizatoriai\/"},{"@type":"ListItem","position":4,"name":"Fuji Electric kalibravimo ir prap\u016btimo modulis O2 analizatoriui ZFCS"}]},{"@type":"WebSite","@id":"https:\/\/invertas.lt\/#website","url":"https:\/\/invertas.lt\/","name":"Invert","description":"","publisher":{"@id":"https:\/\/invertas.lt\/#organization"},"potentialAction":[{"@type":"SearchAction","target":{"@type":"EntryPoint","urlTemplate":"https:\/\/invertas.lt\/?s={search_term_string}"},"query-input":{"@type":"PropertyValueSpecification","valueRequired":true,"valueName":"search_term_string"}}],"inLanguage":"en-GB"},{"@type":"Organization","@id":"https:\/\/invertas.lt\/#organization","name":"Invert","url":"https:\/\/invertas.lt\/","logo":{"@type":"ImageObject","inLanguage":"en-GB","@id":"https:\/\/invertas.lt\/#\/schema\/logo\/image\/","url":"https:\/\/invertas.lt\/wp-content\/uploads\/2025\/03\/New-Text-Document-2.svg","contentUrl":"https:\/\/invertas.lt\/wp-content\/uploads\/2025\/03\/New-Text-Document-2.svg","width":140,"height":39,"caption":"Invertas"},"image":{"@id":"https:\/\/invertas.lt\/#\/schema\/logo\/image\/"}}]}},"_links":{"self":[{"href":"https:\/\/invertas.lt\/en\/wp-json\/wp\/v2\/product\/7684","targetHints":{"allow":["GET"]}}],"collection":[{"href":"https:\/\/invertas.lt\/en\/wp-json\/wp\/v2\/product"}],"about":[{"href":"https:\/\/invertas.lt\/en\/wp-json\/wp\/v2\/types\/product"}],"replies":[{"embeddable":true,"href":"https:\/\/invertas.lt\/en\/wp-json\/wp\/v2\/comments?post=7684"}],"wp:featuredmedia":[{"embeddable":true,"href":"https:\/\/invertas.lt\/en\/wp-json\/wp\/v2\/media\/7685"}],"wp:attachment":[{"href":"https:\/\/invertas.lt\/en\/wp-json\/wp\/v2\/media?parent=7684"}],"wp:term":[{"taxonomy":"product_brand","embeddable":true,"href":"https:\/\/invertas.lt\/en\/wp-json\/wp\/v2\/product_brand?post=7684"},{"taxonomy":"product_cat","embeddable":true,"href":"https:\/\/invertas.lt\/en\/wp-json\/wp\/v2\/product_cat?post=7684"},{"taxonomy":"product_tag","embeddable":true,"href":"https:\/\/invertas.lt\/en\/wp-json\/wp\/v2\/product_tag?post=7684"}],"curies":[{"name":"wp","href":"https:\/\/api.w.org\/{rel}","templated":true}]}}