{"id":7655,"date":"2025-06-30T19:46:26","date_gmt":"2025-06-30T19:46:26","guid":{"rendered":"https:\/\/aurimasb15.sg-host.com\/?post_type=product&#038;p=7655"},"modified":"2025-08-08T17:02:27","modified_gmt":"2025-08-08T17:02:27","slug":"nox-keitiklis-no2-no-zdl","status":"publish","type":"product","link":"https:\/\/invertas.lt\/en\/produktai\/duju-analizatoriai\/nox-keitiklis-no2-no-zdl\/","title":{"rendered":"Fuji Electric NOx converter \u2013 NO2\/NO \u2013 ZDL"},"content":{"rendered":"<h3 data-start=\"0\" data-end=\"14\">Fields of application<\/h3>\n<p data-start=\"19\" data-end=\"161\">Combustion and power plants, waste-to-energy and incineration, steel mills, furnace control, continuous emission monitoring systems, research laboratories and other processes.<\/p>\n<h3 data-start=\"16\" data-end=\"183\">Features<\/h3>\n<ul>\n<li data-start=\"16\" data-end=\"183\">High-performance catalyst for converting NO2 into NO<\/li>\n<li data-start=\"16\" data-end=\"183\">Long service life<\/li>\n<li data-start=\"16\" data-end=\"183\">Compact, easy to install and replace<\/li>\n<li data-start=\"16\" data-end=\"183\">High-flow design suitable for use withanalysers infrared NO gases<\/li>\n<\/ul>","protected":false},"excerpt":{"rendered":"<p>Taikymo sritys Degimo ir elektrin\u0117s, atliek\u0173 pavertimo energija ir deginimo \u012frenginiai, plieno gamyklos, krosni\u0173 valdymas, nuolatin\u0117s emisijos steb\u0117senos sistemos, tyrim\u0173 laboratorijos ir kiti procesai. Savyb\u0117s Auk\u0161to na\u0161umo katalizatorius NO2 pavertimui \u012f NO Ilgas eksploatavimo laikas Kompakti\u0161kas, lengvai montuojamas ir kei\u010diamas Didelio srauto konstrukcija, tinkama naudoti su infraraudon\u0173j\u0173 spinduli\u0173 NO duj\u0173 analizatoriais<\/p>","protected":false},"featured_media":7680,"comment_status":"open","ping_status":"closed","template":"","meta":{"_acf_changed":false,"inline_featured_image":false},"product_brand":[],"product_cat":[422],"product_tag":[],"class_list":{"0":"post-7655","1":"product","2":"type-product","3":"status-publish","4":"has-post-thumbnail","6":"product_cat-duju-analizatoriai","8":"first","9":"instock","10":"shipping-taxable","11":"purchasable","12":"product-type-simple"},"acf":[],"yoast_head":"<!-- This site is optimized with the Yoast SEO plugin v25.5 - https:\/\/yoast.com\/wordpress\/plugins\/seo\/ -->\n<title>Fuji Electric NOx keitiklis \u2013 NO2\/NO \u2013 ZDL - Invertas<\/title>\n<meta name=\"description\" content=\"Degimo ir elektrin\u0117s, atliek\u0173 pavertimo energija ir deginimo \u012frenginiai, plieno gamyklos, krosni\u0173 valdymas, nuolatin\u0117s emisijos steb\u0117senos sistemos.\" \/>\n<meta name=\"robots\" content=\"index, follow, max-snippet:-1, max-image-preview:large, max-video-preview:-1\" \/>\n<link rel=\"canonical\" href=\"https:\/\/invertas.lt\/en\/produktai\/duju-analizatoriai\/nox-keitiklis-no2-no-zdl\/\" \/>\n<meta property=\"og:locale\" content=\"en_GB\" \/>\n<meta property=\"og:type\" content=\"article\" \/>\n<meta property=\"og:title\" content=\"Fuji Electric NOx keitiklis \u2013 NO2\/NO \u2013 ZDL - Invertas\" \/>\n<meta property=\"og:description\" content=\"Degimo ir elektrin\u0117s, atliek\u0173 pavertimo energija ir deginimo \u012frenginiai, plieno gamyklos, krosni\u0173 valdymas, nuolatin\u0117s emisijos steb\u0117senos sistemos.\" \/>\n<meta property=\"og:url\" content=\"https:\/\/invertas.lt\/en\/produktai\/duju-analizatoriai\/nox-keitiklis-no2-no-zdl\/\" \/>\n<meta property=\"og:site_name\" content=\"Invertas\" \/>\n<meta property=\"article:modified_time\" content=\"2025-08-08T17:02:27+00:00\" \/>\n<meta property=\"og:image\" content=\"https:\/\/invertas.lt\/wp-content\/uploads\/2025\/06\/zdl-vue-generale-header-fr-en.webp\" \/>\n\t<meta property=\"og:image:width\" content=\"682\" \/>\n\t<meta property=\"og:image:height\" content=\"682\" \/>\n\t<meta property=\"og:image:type\" content=\"image\/webp\" \/>\n<meta name=\"twitter:card\" content=\"summary_large_image\" \/>\n<meta name=\"twitter:label1\" content=\"Estimated reading time\" \/>\n\t<meta name=\"twitter:data1\" content=\"1 minute\" \/>\n<script type=\"application\/ld+json\" class=\"yoast-schema-graph\">{\"@context\":\"https:\/\/schema.org\",\"@graph\":[{\"@type\":\"WebPage\",\"@id\":\"https:\/\/invertas.lt\/produktai\/duju-analizatoriai\/nox-keitiklis-no2-no-zdl\/\",\"url\":\"https:\/\/invertas.lt\/produktai\/duju-analizatoriai\/nox-keitiklis-no2-no-zdl\/\",\"name\":\"Fuji Electric NOx keitiklis \u2013 NO2\/NO \u2013 ZDL - Invertas\",\"isPartOf\":{\"@id\":\"https:\/\/invertas.lt\/#website\"},\"primaryImageOfPage\":{\"@id\":\"https:\/\/invertas.lt\/produktai\/duju-analizatoriai\/nox-keitiklis-no2-no-zdl\/#primaryimage\"},\"image\":{\"@id\":\"https:\/\/invertas.lt\/produktai\/duju-analizatoriai\/nox-keitiklis-no2-no-zdl\/#primaryimage\"},\"thumbnailUrl\":\"https:\/\/invertas.lt\/wp-content\/uploads\/2025\/06\/zdl-vue-generale-header-fr-en.webp\",\"datePublished\":\"2025-06-30T19:46:26+00:00\",\"dateModified\":\"2025-08-08T17:02:27+00:00\",\"description\":\"Degimo ir elektrin\u0117s, atliek\u0173 pavertimo energija ir deginimo \u012frenginiai, plieno gamyklos, krosni\u0173 valdymas, nuolatin\u0117s emisijos steb\u0117senos sistemos.\",\"breadcrumb\":{\"@id\":\"https:\/\/invertas.lt\/produktai\/duju-analizatoriai\/nox-keitiklis-no2-no-zdl\/#breadcrumb\"},\"inLanguage\":\"en-GB\",\"potentialAction\":[{\"@type\":\"ReadAction\",\"target\":[\"https:\/\/invertas.lt\/produktai\/duju-analizatoriai\/nox-keitiklis-no2-no-zdl\/\"]}]},{\"@type\":\"ImageObject\",\"inLanguage\":\"en-GB\",\"@id\":\"https:\/\/invertas.lt\/produktai\/duju-analizatoriai\/nox-keitiklis-no2-no-zdl\/#primaryimage\",\"url\":\"https:\/\/invertas.lt\/wp-content\/uploads\/2025\/06\/zdl-vue-generale-header-fr-en.webp\",\"contentUrl\":\"https:\/\/invertas.lt\/wp-content\/uploads\/2025\/06\/zdl-vue-generale-header-fr-en.webp\",\"width\":682,\"height\":682},{\"@type\":\"BreadcrumbList\",\"@id\":\"https:\/\/invertas.lt\/produktai\/duju-analizatoriai\/nox-keitiklis-no2-no-zdl\/#breadcrumb\",\"itemListElement\":[{\"@type\":\"ListItem\",\"position\":1,\"name\":\"Prad\u017eia\",\"item\":\"https:\/\/invertas.lt\/\"},{\"@type\":\"ListItem\",\"position\":2,\"name\":\"Products\",\"item\":\"https:\/\/invertas.lt\/shop\/\"},{\"@type\":\"ListItem\",\"position\":3,\"name\":\"Duj\u0173 analizatoriai\",\"item\":\"https:\/\/invertas.lt\/.\/duju-analizatoriai\/\"},{\"@type\":\"ListItem\",\"position\":4,\"name\":\"Fuji Electric NOx keitiklis \u2013 NO2\/NO \u2013 ZDL\"}]},{\"@type\":\"WebSite\",\"@id\":\"https:\/\/invertas.lt\/#website\",\"url\":\"https:\/\/invertas.lt\/\",\"name\":\"Invertas\",\"description\":\"\",\"publisher\":{\"@id\":\"https:\/\/invertas.lt\/#organization\"},\"potentialAction\":[{\"@type\":\"SearchAction\",\"target\":{\"@type\":\"EntryPoint\",\"urlTemplate\":\"https:\/\/invertas.lt\/?s={search_term_string}\"},\"query-input\":{\"@type\":\"PropertyValueSpecification\",\"valueRequired\":true,\"valueName\":\"search_term_string\"}}],\"inLanguage\":\"en-GB\"},{\"@type\":\"Organization\",\"@id\":\"https:\/\/invertas.lt\/#organization\",\"name\":\"Invertas\",\"url\":\"https:\/\/invertas.lt\/\",\"logo\":{\"@type\":\"ImageObject\",\"inLanguage\":\"en-GB\",\"@id\":\"https:\/\/invertas.lt\/#\/schema\/logo\/image\/\",\"url\":\"https:\/\/invertas.lt\/wp-content\/uploads\/2025\/03\/New-Text-Document-2.svg\",\"contentUrl\":\"https:\/\/invertas.lt\/wp-content\/uploads\/2025\/03\/New-Text-Document-2.svg\",\"width\":140,\"height\":39,\"caption\":\"Invertas\"},\"image\":{\"@id\":\"https:\/\/invertas.lt\/#\/schema\/logo\/image\/\"}}]}<\/script>\n<!-- \/ Yoast SEO plugin. -->","yoast_head_json":{"title":"Fuji Electric NOx keitiklis \u2013 NO2\/NO \u2013 ZDL - Invertas","description":"Degimo ir elektrin\u0117s, atliek\u0173 pavertimo energija ir deginimo \u012frenginiai, plieno gamyklos, krosni\u0173 valdymas, nuolatin\u0117s emisijos steb\u0117senos sistemos.","robots":{"index":"index","follow":"follow","max-snippet":"max-snippet:-1","max-image-preview":"max-image-preview:large","max-video-preview":"max-video-preview:-1"},"canonical":"https:\/\/invertas.lt\/en\/produktai\/duju-analizatoriai\/nox-keitiklis-no2-no-zdl\/","og_locale":"en_GB","og_type":"article","og_title":"Fuji Electric NOx keitiklis \u2013 NO2\/NO \u2013 ZDL - Invertas","og_description":"Degimo ir elektrin\u0117s, atliek\u0173 pavertimo energija ir deginimo \u012frenginiai, plieno gamyklos, krosni\u0173 valdymas, nuolatin\u0117s emisijos steb\u0117senos sistemos.","og_url":"https:\/\/invertas.lt\/en\/produktai\/duju-analizatoriai\/nox-keitiklis-no2-no-zdl\/","og_site_name":"Invertas","article_modified_time":"2025-08-08T17:02:27+00:00","og_image":[{"width":682,"height":682,"url":"https:\/\/invertas.lt\/wp-content\/uploads\/2025\/06\/zdl-vue-generale-header-fr-en.webp","type":"image\/webp"}],"twitter_card":"summary_large_image","twitter_misc":{"Estimated reading time":"1 minute"},"schema":{"@context":"https:\/\/schema.org","@graph":[{"@type":"WebPage","@id":"https:\/\/invertas.lt\/produktai\/duju-analizatoriai\/nox-keitiklis-no2-no-zdl\/","url":"https:\/\/invertas.lt\/produktai\/duju-analizatoriai\/nox-keitiklis-no2-no-zdl\/","name":"Fuji Electric NOx keitiklis \u2013 NO2\/NO \u2013 ZDL - Invertas","isPartOf":{"@id":"https:\/\/invertas.lt\/#website"},"primaryImageOfPage":{"@id":"https:\/\/invertas.lt\/produktai\/duju-analizatoriai\/nox-keitiklis-no2-no-zdl\/#primaryimage"},"image":{"@id":"https:\/\/invertas.lt\/produktai\/duju-analizatoriai\/nox-keitiklis-no2-no-zdl\/#primaryimage"},"thumbnailUrl":"https:\/\/invertas.lt\/wp-content\/uploads\/2025\/06\/zdl-vue-generale-header-fr-en.webp","datePublished":"2025-06-30T19:46:26+00:00","dateModified":"2025-08-08T17:02:27+00:00","description":"Degimo ir elektrin\u0117s, atliek\u0173 pavertimo energija ir deginimo \u012frenginiai, plieno gamyklos, krosni\u0173 valdymas, nuolatin\u0117s emisijos steb\u0117senos sistemos.","breadcrumb":{"@id":"https:\/\/invertas.lt\/produktai\/duju-analizatoriai\/nox-keitiklis-no2-no-zdl\/#breadcrumb"},"inLanguage":"en-GB","potentialAction":[{"@type":"ReadAction","target":["https:\/\/invertas.lt\/produktai\/duju-analizatoriai\/nox-keitiklis-no2-no-zdl\/"]}]},{"@type":"ImageObject","inLanguage":"en-GB","@id":"https:\/\/invertas.lt\/produktai\/duju-analizatoriai\/nox-keitiklis-no2-no-zdl\/#primaryimage","url":"https:\/\/invertas.lt\/wp-content\/uploads\/2025\/06\/zdl-vue-generale-header-fr-en.webp","contentUrl":"https:\/\/invertas.lt\/wp-content\/uploads\/2025\/06\/zdl-vue-generale-header-fr-en.webp","width":682,"height":682},{"@type":"BreadcrumbList","@id":"https:\/\/invertas.lt\/produktai\/duju-analizatoriai\/nox-keitiklis-no2-no-zdl\/#breadcrumb","itemListElement":[{"@type":"ListItem","position":1,"name":"Prad\u017eia","item":"https:\/\/invertas.lt\/"},{"@type":"ListItem","position":2,"name":"Products","item":"https:\/\/invertas.lt\/shop\/"},{"@type":"ListItem","position":3,"name":"Duj\u0173 analizatoriai","item":"https:\/\/invertas.lt\/.\/duju-analizatoriai\/"},{"@type":"ListItem","position":4,"name":"Fuji Electric NOx keitiklis \u2013 NO2\/NO \u2013 ZDL"}]},{"@type":"WebSite","@id":"https:\/\/invertas.lt\/#website","url":"https:\/\/invertas.lt\/","name":"Invert","description":"","publisher":{"@id":"https:\/\/invertas.lt\/#organization"},"potentialAction":[{"@type":"SearchAction","target":{"@type":"EntryPoint","urlTemplate":"https:\/\/invertas.lt\/?s={search_term_string}"},"query-input":{"@type":"PropertyValueSpecification","valueRequired":true,"valueName":"search_term_string"}}],"inLanguage":"en-GB"},{"@type":"Organization","@id":"https:\/\/invertas.lt\/#organization","name":"Invert","url":"https:\/\/invertas.lt\/","logo":{"@type":"ImageObject","inLanguage":"en-GB","@id":"https:\/\/invertas.lt\/#\/schema\/logo\/image\/","url":"https:\/\/invertas.lt\/wp-content\/uploads\/2025\/03\/New-Text-Document-2.svg","contentUrl":"https:\/\/invertas.lt\/wp-content\/uploads\/2025\/03\/New-Text-Document-2.svg","width":140,"height":39,"caption":"Invertas"},"image":{"@id":"https:\/\/invertas.lt\/#\/schema\/logo\/image\/"}}]}},"_links":{"self":[{"href":"https:\/\/invertas.lt\/en\/wp-json\/wp\/v2\/product\/7655","targetHints":{"allow":["GET"]}}],"collection":[{"href":"https:\/\/invertas.lt\/en\/wp-json\/wp\/v2\/product"}],"about":[{"href":"https:\/\/invertas.lt\/en\/wp-json\/wp\/v2\/types\/product"}],"replies":[{"embeddable":true,"href":"https:\/\/invertas.lt\/en\/wp-json\/wp\/v2\/comments?post=7655"}],"wp:featuredmedia":[{"embeddable":true,"href":"https:\/\/invertas.lt\/en\/wp-json\/wp\/v2\/media\/7680"}],"wp:attachment":[{"href":"https:\/\/invertas.lt\/en\/wp-json\/wp\/v2\/media?parent=7655"}],"wp:term":[{"taxonomy":"product_brand","embeddable":true,"href":"https:\/\/invertas.lt\/en\/wp-json\/wp\/v2\/product_brand?post=7655"},{"taxonomy":"product_cat","embeddable":true,"href":"https:\/\/invertas.lt\/en\/wp-json\/wp\/v2\/product_cat?post=7655"},{"taxonomy":"product_tag","embeddable":true,"href":"https:\/\/invertas.lt\/en\/wp-json\/wp\/v2\/product_tag?post=7655"}],"curies":[{"name":"wp","href":"https:\/\/api.w.org\/{rel}","templated":true}]}}