{"id":7571,"date":"2025-06-30T18:01:44","date_gmt":"2025-06-30T18:01:44","guid":{"rendered":"https:\/\/aurimasb15.sg-host.com\/?post_type=product&#038;p=7571"},"modified":"2025-08-08T17:00:46","modified_gmt":"2025-08-08T17:00:46","slug":"ndir-co%e2%82%82-analizatorius-zfp9","status":"publish","type":"product","link":"https:\/\/invertas.lt\/en\/produktai\/duju-analizatoriai\/ndir-co%e2%82%82-analizatorius-zfp9\/","title":{"rendered":"Fuji Electric NDIR CO\u2082 Analyzer \u2013 ZFP9"},"content":{"rendered":"<h3 data-start=\"0\" data-end=\"14\">Fields of application<\/h3>\n<p data-start=\"19\" data-end=\"161\">The infrared CO2 analyser ZFP9 allows precise and reliable measurement of CO2 concentration in controlled horticulture - Greenhouses, Building Ventilation Systems and Controlled Atmosphere Storage Facilities.<\/p>\n<h3 data-start=\"16\" data-end=\"183\">Features<\/h3>\n<ul>\n<li data-start=\"16\" data-end=\"183\">High-performance infrared system<\/li>\n<li data-start=\"16\" data-end=\"183\">Excellent stability and easy maintenance<\/li>\n<li data-start=\"16\" data-end=\"183\">Compact and lightweight (approx. 3 kg)<\/li>\n<\/ul>","protected":false},"excerpt":{"rendered":"<p>Taikymo sritys Infraraudon\u0173j\u0173 spinduli\u0173 CO\u2082 analizatorius ZFP9 leid\u017eia tiksliai ir patikimai matuoti CO\u2082 koncentracij\u0105 kontroliuojamose aplinkose \u2013 \u0161iltnamiuose, pastat\u0173 v\u0117dinimo sistemose ir kontroliuojamoje atmosferoje laikymo patalpose. Savyb\u0117s Auk\u0161tos kokyb\u0117s infraraudon\u0173j\u0173 spinduli\u0173 sistema Puikus stabilumas ir lengva prie\u017ei\u016bra Kompakti\u0161kas ir lengvas (apie 3 kg)<\/p>","protected":false},"featured_media":7620,"comment_status":"open","ping_status":"closed","template":"","meta":{"_acf_changed":false,"inline_featured_image":false},"product_brand":[],"product_cat":[422],"product_tag":[],"class_list":{"0":"post-7571","1":"product","2":"type-product","3":"status-publish","4":"has-post-thumbnail","6":"product_cat-duju-analizatoriai","8":"first","9":"instock","10":"shipping-taxable","11":"purchasable","12":"product-type-variable"},"acf":[],"yoast_head":"<!-- This site is optimized with the Yoast SEO plugin v25.5 - https:\/\/yoast.com\/wordpress\/plugins\/seo\/ -->\n<title>Fuji Electric NDIR CO\u2082 analizatorius \u2013 ZFP9 - Invertas<\/title>\n<meta name=\"description\" content=\"Infraraudon\u0173j\u0173 spinduli\u0173 CO\u2082 analizatorius ZFP9 leid\u017eia tiksliai ir patikimai matuoti CO\u2082 koncentracij\u0105 kontroliuojamose aplinkose\" \/>\n<meta name=\"robots\" content=\"index, follow, max-snippet:-1, max-image-preview:large, max-video-preview:-1\" \/>\n<link rel=\"canonical\" href=\"https:\/\/invertas.lt\/en\/produktai\/duju-analizatoriai\/ndir-co\u2082-analizatorius-zfp9\/\" \/>\n<meta property=\"og:locale\" content=\"en_GB\" \/>\n<meta property=\"og:type\" content=\"article\" \/>\n<meta property=\"og:title\" content=\"Fuji Electric NDIR CO\u2082 analizatorius \u2013 ZFP9 - Invertas\" \/>\n<meta property=\"og:description\" content=\"Infraraudon\u0173j\u0173 spinduli\u0173 CO\u2082 analizatorius ZFP9 leid\u017eia tiksliai ir patikimai matuoti CO\u2082 koncentracij\u0105 kontroliuojamose aplinkose\" \/>\n<meta property=\"og:url\" content=\"https:\/\/invertas.lt\/en\/produktai\/duju-analizatoriai\/ndir-co\u2082-analizatorius-zfp9\/\" \/>\n<meta property=\"og:site_name\" content=\"Invertas\" \/>\n<meta property=\"article:modified_time\" content=\"2025-08-08T17:00:46+00:00\" \/>\n<meta property=\"og:image\" content=\"https:\/\/invertas.lt\/wp-content\/uploads\/2025\/06\/zfp9-vue-generale-header-fr-en.webp\" \/>\n\t<meta property=\"og:image:width\" content=\"682\" \/>\n\t<meta property=\"og:image:height\" content=\"682\" \/>\n\t<meta property=\"og:image:type\" content=\"image\/webp\" \/>\n<meta name=\"twitter:card\" content=\"summary_large_image\" \/>\n<meta name=\"twitter:label1\" content=\"Estimated reading time\" \/>\n\t<meta name=\"twitter:data1\" content=\"1 minute\" \/>\n<script type=\"application\/ld+json\" class=\"yoast-schema-graph\">{\"@context\":\"https:\/\/schema.org\",\"@graph\":[{\"@type\":\"WebPage\",\"@id\":\"https:\/\/invertas.lt\/produktai\/duju-analizatoriai\/ndir-co%e2%82%82-analizatorius-zfp9\/\",\"url\":\"https:\/\/invertas.lt\/produktai\/duju-analizatoriai\/ndir-co%e2%82%82-analizatorius-zfp9\/\",\"name\":\"Fuji Electric NDIR CO\u2082 analizatorius \u2013 ZFP9 - Invertas\",\"isPartOf\":{\"@id\":\"https:\/\/invertas.lt\/#website\"},\"primaryImageOfPage\":{\"@id\":\"https:\/\/invertas.lt\/produktai\/duju-analizatoriai\/ndir-co%e2%82%82-analizatorius-zfp9\/#primaryimage\"},\"image\":{\"@id\":\"https:\/\/invertas.lt\/produktai\/duju-analizatoriai\/ndir-co%e2%82%82-analizatorius-zfp9\/#primaryimage\"},\"thumbnailUrl\":\"https:\/\/invertas.lt\/wp-content\/uploads\/2025\/06\/zfp9-vue-generale-header-fr-en.webp\",\"datePublished\":\"2025-06-30T18:01:44+00:00\",\"dateModified\":\"2025-08-08T17:00:46+00:00\",\"description\":\"Infraraudon\u0173j\u0173 spinduli\u0173 CO\u2082 analizatorius ZFP9 leid\u017eia tiksliai ir patikimai matuoti CO\u2082 koncentracij\u0105 kontroliuojamose aplinkose\",\"breadcrumb\":{\"@id\":\"https:\/\/invertas.lt\/produktai\/duju-analizatoriai\/ndir-co%e2%82%82-analizatorius-zfp9\/#breadcrumb\"},\"inLanguage\":\"en-GB\",\"potentialAction\":[{\"@type\":\"ReadAction\",\"target\":[\"https:\/\/invertas.lt\/produktai\/duju-analizatoriai\/ndir-co%e2%82%82-analizatorius-zfp9\/\"]}]},{\"@type\":\"ImageObject\",\"inLanguage\":\"en-GB\",\"@id\":\"https:\/\/invertas.lt\/produktai\/duju-analizatoriai\/ndir-co%e2%82%82-analizatorius-zfp9\/#primaryimage\",\"url\":\"https:\/\/invertas.lt\/wp-content\/uploads\/2025\/06\/zfp9-vue-generale-header-fr-en.webp\",\"contentUrl\":\"https:\/\/invertas.lt\/wp-content\/uploads\/2025\/06\/zfp9-vue-generale-header-fr-en.webp\",\"width\":682,\"height\":682},{\"@type\":\"BreadcrumbList\",\"@id\":\"https:\/\/invertas.lt\/produktai\/duju-analizatoriai\/ndir-co%e2%82%82-analizatorius-zfp9\/#breadcrumb\",\"itemListElement\":[{\"@type\":\"ListItem\",\"position\":1,\"name\":\"Prad\u017eia\",\"item\":\"https:\/\/invertas.lt\/\"},{\"@type\":\"ListItem\",\"position\":2,\"name\":\"Products\",\"item\":\"https:\/\/invertas.lt\/shop\/\"},{\"@type\":\"ListItem\",\"position\":3,\"name\":\"Duj\u0173 analizatoriai\",\"item\":\"https:\/\/invertas.lt\/.\/duju-analizatoriai\/\"},{\"@type\":\"ListItem\",\"position\":4,\"name\":\"Fuji Electric NDIR CO\u2082 analizatorius \u2013 ZFP9\"}]},{\"@type\":\"WebSite\",\"@id\":\"https:\/\/invertas.lt\/#website\",\"url\":\"https:\/\/invertas.lt\/\",\"name\":\"Invertas\",\"description\":\"\",\"publisher\":{\"@id\":\"https:\/\/invertas.lt\/#organization\"},\"potentialAction\":[{\"@type\":\"SearchAction\",\"target\":{\"@type\":\"EntryPoint\",\"urlTemplate\":\"https:\/\/invertas.lt\/?s={search_term_string}\"},\"query-input\":{\"@type\":\"PropertyValueSpecification\",\"valueRequired\":true,\"valueName\":\"search_term_string\"}}],\"inLanguage\":\"en-GB\"},{\"@type\":\"Organization\",\"@id\":\"https:\/\/invertas.lt\/#organization\",\"name\":\"Invertas\",\"url\":\"https:\/\/invertas.lt\/\",\"logo\":{\"@type\":\"ImageObject\",\"inLanguage\":\"en-GB\",\"@id\":\"https:\/\/invertas.lt\/#\/schema\/logo\/image\/\",\"url\":\"https:\/\/invertas.lt\/wp-content\/uploads\/2025\/03\/New-Text-Document-2.svg\",\"contentUrl\":\"https:\/\/invertas.lt\/wp-content\/uploads\/2025\/03\/New-Text-Document-2.svg\",\"width\":140,\"height\":39,\"caption\":\"Invertas\"},\"image\":{\"@id\":\"https:\/\/invertas.lt\/#\/schema\/logo\/image\/\"}}]}<\/script>\n<!-- \/ Yoast SEO plugin. -->","yoast_head_json":{"title":"Fuji Electric NDIR CO\u2082 analizatorius \u2013 ZFP9 - Invertas","description":"Infraraudon\u0173j\u0173 spinduli\u0173 CO\u2082 analizatorius ZFP9 leid\u017eia tiksliai ir patikimai matuoti CO\u2082 koncentracij\u0105 kontroliuojamose aplinkose","robots":{"index":"index","follow":"follow","max-snippet":"max-snippet:-1","max-image-preview":"max-image-preview:large","max-video-preview":"max-video-preview:-1"},"canonical":"https:\/\/invertas.lt\/en\/produktai\/duju-analizatoriai\/ndir-co\u2082-analizatorius-zfp9\/","og_locale":"en_GB","og_type":"article","og_title":"Fuji Electric NDIR CO\u2082 analizatorius \u2013 ZFP9 - Invertas","og_description":"Infraraudon\u0173j\u0173 spinduli\u0173 CO\u2082 analizatorius ZFP9 leid\u017eia tiksliai ir patikimai matuoti CO\u2082 koncentracij\u0105 kontroliuojamose aplinkose","og_url":"https:\/\/invertas.lt\/en\/produktai\/duju-analizatoriai\/ndir-co\u2082-analizatorius-zfp9\/","og_site_name":"Invertas","article_modified_time":"2025-08-08T17:00:46+00:00","og_image":[{"width":682,"height":682,"url":"https:\/\/invertas.lt\/wp-content\/uploads\/2025\/06\/zfp9-vue-generale-header-fr-en.webp","type":"image\/webp"}],"twitter_card":"summary_large_image","twitter_misc":{"Estimated reading time":"1 minute"},"schema":{"@context":"https:\/\/schema.org","@graph":[{"@type":"WebPage","@id":"https:\/\/invertas.lt\/produktai\/duju-analizatoriai\/ndir-co%e2%82%82-analizatorius-zfp9\/","url":"https:\/\/invertas.lt\/produktai\/duju-analizatoriai\/ndir-co%e2%82%82-analizatorius-zfp9\/","name":"Fuji Electric NDIR CO\u2082 analizatorius \u2013 ZFP9 - Invertas","isPartOf":{"@id":"https:\/\/invertas.lt\/#website"},"primaryImageOfPage":{"@id":"https:\/\/invertas.lt\/produktai\/duju-analizatoriai\/ndir-co%e2%82%82-analizatorius-zfp9\/#primaryimage"},"image":{"@id":"https:\/\/invertas.lt\/produktai\/duju-analizatoriai\/ndir-co%e2%82%82-analizatorius-zfp9\/#primaryimage"},"thumbnailUrl":"https:\/\/invertas.lt\/wp-content\/uploads\/2025\/06\/zfp9-vue-generale-header-fr-en.webp","datePublished":"2025-06-30T18:01:44+00:00","dateModified":"2025-08-08T17:00:46+00:00","description":"Infraraudon\u0173j\u0173 spinduli\u0173 CO\u2082 analizatorius ZFP9 leid\u017eia tiksliai ir patikimai matuoti CO\u2082 koncentracij\u0105 kontroliuojamose aplinkose","breadcrumb":{"@id":"https:\/\/invertas.lt\/produktai\/duju-analizatoriai\/ndir-co%e2%82%82-analizatorius-zfp9\/#breadcrumb"},"inLanguage":"en-GB","potentialAction":[{"@type":"ReadAction","target":["https:\/\/invertas.lt\/produktai\/duju-analizatoriai\/ndir-co%e2%82%82-analizatorius-zfp9\/"]}]},{"@type":"ImageObject","inLanguage":"en-GB","@id":"https:\/\/invertas.lt\/produktai\/duju-analizatoriai\/ndir-co%e2%82%82-analizatorius-zfp9\/#primaryimage","url":"https:\/\/invertas.lt\/wp-content\/uploads\/2025\/06\/zfp9-vue-generale-header-fr-en.webp","contentUrl":"https:\/\/invertas.lt\/wp-content\/uploads\/2025\/06\/zfp9-vue-generale-header-fr-en.webp","width":682,"height":682},{"@type":"BreadcrumbList","@id":"https:\/\/invertas.lt\/produktai\/duju-analizatoriai\/ndir-co%e2%82%82-analizatorius-zfp9\/#breadcrumb","itemListElement":[{"@type":"ListItem","position":1,"name":"Prad\u017eia","item":"https:\/\/invertas.lt\/"},{"@type":"ListItem","position":2,"name":"Products","item":"https:\/\/invertas.lt\/shop\/"},{"@type":"ListItem","position":3,"name":"Duj\u0173 analizatoriai","item":"https:\/\/invertas.lt\/.\/duju-analizatoriai\/"},{"@type":"ListItem","position":4,"name":"Fuji Electric NDIR CO\u2082 analizatorius \u2013 ZFP9"}]},{"@type":"WebSite","@id":"https:\/\/invertas.lt\/#website","url":"https:\/\/invertas.lt\/","name":"Invert","description":"","publisher":{"@id":"https:\/\/invertas.lt\/#organization"},"potentialAction":[{"@type":"SearchAction","target":{"@type":"EntryPoint","urlTemplate":"https:\/\/invertas.lt\/?s={search_term_string}"},"query-input":{"@type":"PropertyValueSpecification","valueRequired":true,"valueName":"search_term_string"}}],"inLanguage":"en-GB"},{"@type":"Organization","@id":"https:\/\/invertas.lt\/#organization","name":"Invert","url":"https:\/\/invertas.lt\/","logo":{"@type":"ImageObject","inLanguage":"en-GB","@id":"https:\/\/invertas.lt\/#\/schema\/logo\/image\/","url":"https:\/\/invertas.lt\/wp-content\/uploads\/2025\/03\/New-Text-Document-2.svg","contentUrl":"https:\/\/invertas.lt\/wp-content\/uploads\/2025\/03\/New-Text-Document-2.svg","width":140,"height":39,"caption":"Invertas"},"image":{"@id":"https:\/\/invertas.lt\/#\/schema\/logo\/image\/"}}]}},"_links":{"self":[{"href":"https:\/\/invertas.lt\/en\/wp-json\/wp\/v2\/product\/7571","targetHints":{"allow":["GET"]}}],"collection":[{"href":"https:\/\/invertas.lt\/en\/wp-json\/wp\/v2\/product"}],"about":[{"href":"https:\/\/invertas.lt\/en\/wp-json\/wp\/v2\/types\/product"}],"replies":[{"embeddable":true,"href":"https:\/\/invertas.lt\/en\/wp-json\/wp\/v2\/comments?post=7571"}],"wp:featuredmedia":[{"embeddable":true,"href":"https:\/\/invertas.lt\/en\/wp-json\/wp\/v2\/media\/7620"}],"wp:attachment":[{"href":"https:\/\/invertas.lt\/en\/wp-json\/wp\/v2\/media?parent=7571"}],"wp:term":[{"taxonomy":"product_brand","embeddable":true,"href":"https:\/\/invertas.lt\/en\/wp-json\/wp\/v2\/product_brand?post=7571"},{"taxonomy":"product_cat","embeddable":true,"href":"https:\/\/invertas.lt\/en\/wp-json\/wp\/v2\/product_cat?post=7571"},{"taxonomy":"product_tag","embeddable":true,"href":"https:\/\/invertas.lt\/en\/wp-json\/wp\/v2\/product_tag?post=7571"}],"curies":[{"name":"wp","href":"https:\/\/api.w.org\/{rel}","templated":true}]}}