{"id":7517,"date":"2025-06-30T12:23:41","date_gmt":"2025-06-30T12:23:41","guid":{"rendered":"https:\/\/aurimasb15.sg-host.com\/?post_type=product&#038;p=7517"},"modified":"2025-08-08T16:59:42","modified_gmt":"2025-08-08T16:59:42","slug":"paramagnetinis-deguonies-duju-analizatorius-zaj","status":"publish","type":"product","link":"https:\/\/invertas.lt\/en\/produktai\/duju-analizatoriai\/paramagnetinis-deguonies-duju-analizatorius-zaj\/","title":{"rendered":"Fuji Electric paramagnetic oxygen gas analyzer \u2013 ZAJ"},"content":{"rendered":"<h3 data-start=\"0\" data-end=\"14\">Fields of application<\/h3>\n<p data-start=\"19\" data-end=\"161\">Reliable process control for furnaces, metallurgy, semiconductor industry and gas separation.<\/p>\n<h3 data-start=\"16\" data-end=\"183\">Features<\/h3>\n<ul>\n<li data-start=\"16\" data-end=\"183\">Fast response within 2 seconds<\/li>\n<li data-start=\"16\" data-end=\"183\">Precise, stable measurements with low sensitivity to interference<\/li>\n<li data-start=\"16\" data-end=\"183\">Very long (&gt;12 years) sensor life, no contact with process gas<\/li>\n<li data-start=\"16\" data-end=\"183\">Robust, corrosion-resistant ZAJ paramagnetic technology with no moving parts<\/li>\n<\/ul>","protected":false},"excerpt":{"rendered":"<p>Taikymo sritys Patikima proces\u0173 kontrol\u0117 krosnyse, metalurgijoje, puslaidininki\u0173 pramon\u0117je ir duj\u0173 atskyrimo procesuose. Savyb\u0117s Greita reakcija \u2013 per 2 sekundes Tiksl\u016bs, stabil\u016bs matavimai, ma\u017eas jautrumas trikd\u017eiams Labai ilgas jutiklio tarnavimo laikas (&gt;12 met\u0173), be kontakto su proceso dujomis Patvari, korozijai atspari ZAJ paramagnetin\u0117 technologija be judan\u010di\u0173 dali\u0173<\/p>","protected":false},"featured_media":7518,"comment_status":"open","ping_status":"closed","template":"","meta":{"_acf_changed":false,"inline_featured_image":false},"product_brand":[],"product_cat":[422],"product_tag":[],"class_list":{"0":"post-7517","1":"product","2":"type-product","3":"status-publish","4":"has-post-thumbnail","6":"product_cat-duju-analizatoriai","8":"first","9":"instock","10":"shipping-taxable","11":"purchasable","12":"product-type-variable"},"acf":[],"yoast_head":"<!-- This site is optimized with the Yoast SEO plugin v25.5 - https:\/\/yoast.com\/wordpress\/plugins\/seo\/ -->\n<title>Fuji Electric paramagnetinis deguonies duj\u0173 analizatorius \u2013 ZAJ - Invertas<\/title>\n<meta name=\"description\" content=\"Patikima proces\u0173 kontrol\u0117 krosnyse, metalurgijoje, puslaidininki\u0173 pramon\u0117je ir duj\u0173 atskyrimo procesuose. Greita reakcija \u2013 per 2 sekundes.\" \/>\n<meta name=\"robots\" content=\"index, follow, max-snippet:-1, max-image-preview:large, max-video-preview:-1\" \/>\n<link rel=\"canonical\" href=\"https:\/\/invertas.lt\/en\/produktai\/duju-analizatoriai\/paramagnetinis-deguonies-duju-analizatorius-zaj\/\" \/>\n<meta property=\"og:locale\" content=\"en_GB\" \/>\n<meta property=\"og:type\" content=\"article\" \/>\n<meta property=\"og:title\" content=\"Fuji Electric paramagnetinis deguonies duj\u0173 analizatorius \u2013 ZAJ - Invertas\" \/>\n<meta property=\"og:description\" content=\"Patikima proces\u0173 kontrol\u0117 krosnyse, metalurgijoje, puslaidininki\u0173 pramon\u0117je ir duj\u0173 atskyrimo procesuose. Greita reakcija \u2013 per 2 sekundes.\" \/>\n<meta property=\"og:url\" content=\"https:\/\/invertas.lt\/en\/produktai\/duju-analizatoriai\/paramagnetinis-deguonies-duju-analizatorius-zaj\/\" \/>\n<meta property=\"og:site_name\" content=\"Invertas\" \/>\n<meta property=\"article:modified_time\" content=\"2025-08-08T16:59:42+00:00\" \/>\n<meta property=\"og:image\" content=\"https:\/\/invertas.lt\/wp-content\/uploads\/2025\/06\/zaj-vue-generale-header-fr-en-e1753101660147.webp\" \/>\n\t<meta property=\"og:image:width\" content=\"682\" \/>\n\t<meta property=\"og:image:height\" content=\"360\" \/>\n\t<meta property=\"og:image:type\" content=\"image\/webp\" \/>\n<meta name=\"twitter:card\" content=\"summary_large_image\" \/>\n<meta name=\"twitter:label1\" content=\"Estimated reading time\" \/>\n\t<meta name=\"twitter:data1\" content=\"1 minute\" \/>\n<script type=\"application\/ld+json\" class=\"yoast-schema-graph\">{\"@context\":\"https:\/\/schema.org\",\"@graph\":[{\"@type\":\"WebPage\",\"@id\":\"https:\/\/invertas.lt\/produktai\/duju-analizatoriai\/paramagnetinis-deguonies-duju-analizatorius-zaj\/\",\"url\":\"https:\/\/invertas.lt\/produktai\/duju-analizatoriai\/paramagnetinis-deguonies-duju-analizatorius-zaj\/\",\"name\":\"Fuji Electric paramagnetinis deguonies duj\u0173 analizatorius \u2013 ZAJ - Invertas\",\"isPartOf\":{\"@id\":\"https:\/\/invertas.lt\/#website\"},\"primaryImageOfPage\":{\"@id\":\"https:\/\/invertas.lt\/produktai\/duju-analizatoriai\/paramagnetinis-deguonies-duju-analizatorius-zaj\/#primaryimage\"},\"image\":{\"@id\":\"https:\/\/invertas.lt\/produktai\/duju-analizatoriai\/paramagnetinis-deguonies-duju-analizatorius-zaj\/#primaryimage\"},\"thumbnailUrl\":\"https:\/\/invertas.lt\/wp-content\/uploads\/2025\/06\/zaj-vue-generale-header-fr-en-e1753101660147.webp\",\"datePublished\":\"2025-06-30T12:23:41+00:00\",\"dateModified\":\"2025-08-08T16:59:42+00:00\",\"description\":\"Patikima proces\u0173 kontrol\u0117 krosnyse, metalurgijoje, puslaidininki\u0173 pramon\u0117je ir duj\u0173 atskyrimo procesuose. Greita reakcija \u2013 per 2 sekundes.\",\"breadcrumb\":{\"@id\":\"https:\/\/invertas.lt\/produktai\/duju-analizatoriai\/paramagnetinis-deguonies-duju-analizatorius-zaj\/#breadcrumb\"},\"inLanguage\":\"en-GB\",\"potentialAction\":[{\"@type\":\"ReadAction\",\"target\":[\"https:\/\/invertas.lt\/produktai\/duju-analizatoriai\/paramagnetinis-deguonies-duju-analizatorius-zaj\/\"]}]},{\"@type\":\"ImageObject\",\"inLanguage\":\"en-GB\",\"@id\":\"https:\/\/invertas.lt\/produktai\/duju-analizatoriai\/paramagnetinis-deguonies-duju-analizatorius-zaj\/#primaryimage\",\"url\":\"https:\/\/invertas.lt\/wp-content\/uploads\/2025\/06\/zaj-vue-generale-header-fr-en-e1753101660147.webp\",\"contentUrl\":\"https:\/\/invertas.lt\/wp-content\/uploads\/2025\/06\/zaj-vue-generale-header-fr-en-e1753101660147.webp\",\"width\":682,\"height\":360},{\"@type\":\"BreadcrumbList\",\"@id\":\"https:\/\/invertas.lt\/produktai\/duju-analizatoriai\/paramagnetinis-deguonies-duju-analizatorius-zaj\/#breadcrumb\",\"itemListElement\":[{\"@type\":\"ListItem\",\"position\":1,\"name\":\"Prad\u017eia\",\"item\":\"https:\/\/invertas.lt\/\"},{\"@type\":\"ListItem\",\"position\":2,\"name\":\"Products\",\"item\":\"https:\/\/invertas.lt\/shop\/\"},{\"@type\":\"ListItem\",\"position\":3,\"name\":\"Duj\u0173 analizatoriai\",\"item\":\"https:\/\/invertas.lt\/.\/duju-analizatoriai\/\"},{\"@type\":\"ListItem\",\"position\":4,\"name\":\"Fuji Electric paramagnetinis deguonies duj\u0173 analizatorius \u2013 ZAJ\"}]},{\"@type\":\"WebSite\",\"@id\":\"https:\/\/invertas.lt\/#website\",\"url\":\"https:\/\/invertas.lt\/\",\"name\":\"Invertas\",\"description\":\"\",\"publisher\":{\"@id\":\"https:\/\/invertas.lt\/#organization\"},\"potentialAction\":[{\"@type\":\"SearchAction\",\"target\":{\"@type\":\"EntryPoint\",\"urlTemplate\":\"https:\/\/invertas.lt\/?s={search_term_string}\"},\"query-input\":{\"@type\":\"PropertyValueSpecification\",\"valueRequired\":true,\"valueName\":\"search_term_string\"}}],\"inLanguage\":\"en-GB\"},{\"@type\":\"Organization\",\"@id\":\"https:\/\/invertas.lt\/#organization\",\"name\":\"Invertas\",\"url\":\"https:\/\/invertas.lt\/\",\"logo\":{\"@type\":\"ImageObject\",\"inLanguage\":\"en-GB\",\"@id\":\"https:\/\/invertas.lt\/#\/schema\/logo\/image\/\",\"url\":\"https:\/\/invertas.lt\/wp-content\/uploads\/2025\/03\/New-Text-Document-2.svg\",\"contentUrl\":\"https:\/\/invertas.lt\/wp-content\/uploads\/2025\/03\/New-Text-Document-2.svg\",\"width\":140,\"height\":39,\"caption\":\"Invertas\"},\"image\":{\"@id\":\"https:\/\/invertas.lt\/#\/schema\/logo\/image\/\"}}]}<\/script>\n<!-- \/ Yoast SEO plugin. -->","yoast_head_json":{"title":"Fuji Electric paramagnetinis deguonies duj\u0173 analizatorius \u2013 ZAJ - Invertas","description":"Patikima proces\u0173 kontrol\u0117 krosnyse, metalurgijoje, puslaidininki\u0173 pramon\u0117je ir duj\u0173 atskyrimo procesuose. Greita reakcija \u2013 per 2 sekundes.","robots":{"index":"index","follow":"follow","max-snippet":"max-snippet:-1","max-image-preview":"max-image-preview:large","max-video-preview":"max-video-preview:-1"},"canonical":"https:\/\/invertas.lt\/en\/produktai\/duju-analizatoriai\/paramagnetinis-deguonies-duju-analizatorius-zaj\/","og_locale":"en_GB","og_type":"article","og_title":"Fuji Electric paramagnetinis deguonies duj\u0173 analizatorius \u2013 ZAJ - Invertas","og_description":"Patikima proces\u0173 kontrol\u0117 krosnyse, metalurgijoje, puslaidininki\u0173 pramon\u0117je ir duj\u0173 atskyrimo procesuose. Greita reakcija \u2013 per 2 sekundes.","og_url":"https:\/\/invertas.lt\/en\/produktai\/duju-analizatoriai\/paramagnetinis-deguonies-duju-analizatorius-zaj\/","og_site_name":"Invertas","article_modified_time":"2025-08-08T16:59:42+00:00","og_image":[{"width":682,"height":360,"url":"https:\/\/invertas.lt\/wp-content\/uploads\/2025\/06\/zaj-vue-generale-header-fr-en-e1753101660147.webp","type":"image\/webp"}],"twitter_card":"summary_large_image","twitter_misc":{"Estimated reading time":"1 minute"},"schema":{"@context":"https:\/\/schema.org","@graph":[{"@type":"WebPage","@id":"https:\/\/invertas.lt\/produktai\/duju-analizatoriai\/paramagnetinis-deguonies-duju-analizatorius-zaj\/","url":"https:\/\/invertas.lt\/produktai\/duju-analizatoriai\/paramagnetinis-deguonies-duju-analizatorius-zaj\/","name":"Fuji Electric paramagnetinis deguonies duj\u0173 analizatorius \u2013 ZAJ - Invertas","isPartOf":{"@id":"https:\/\/invertas.lt\/#website"},"primaryImageOfPage":{"@id":"https:\/\/invertas.lt\/produktai\/duju-analizatoriai\/paramagnetinis-deguonies-duju-analizatorius-zaj\/#primaryimage"},"image":{"@id":"https:\/\/invertas.lt\/produktai\/duju-analizatoriai\/paramagnetinis-deguonies-duju-analizatorius-zaj\/#primaryimage"},"thumbnailUrl":"https:\/\/invertas.lt\/wp-content\/uploads\/2025\/06\/zaj-vue-generale-header-fr-en-e1753101660147.webp","datePublished":"2025-06-30T12:23:41+00:00","dateModified":"2025-08-08T16:59:42+00:00","description":"Patikima proces\u0173 kontrol\u0117 krosnyse, metalurgijoje, puslaidininki\u0173 pramon\u0117je ir duj\u0173 atskyrimo procesuose. Greita reakcija \u2013 per 2 sekundes.","breadcrumb":{"@id":"https:\/\/invertas.lt\/produktai\/duju-analizatoriai\/paramagnetinis-deguonies-duju-analizatorius-zaj\/#breadcrumb"},"inLanguage":"en-GB","potentialAction":[{"@type":"ReadAction","target":["https:\/\/invertas.lt\/produktai\/duju-analizatoriai\/paramagnetinis-deguonies-duju-analizatorius-zaj\/"]}]},{"@type":"ImageObject","inLanguage":"en-GB","@id":"https:\/\/invertas.lt\/produktai\/duju-analizatoriai\/paramagnetinis-deguonies-duju-analizatorius-zaj\/#primaryimage","url":"https:\/\/invertas.lt\/wp-content\/uploads\/2025\/06\/zaj-vue-generale-header-fr-en-e1753101660147.webp","contentUrl":"https:\/\/invertas.lt\/wp-content\/uploads\/2025\/06\/zaj-vue-generale-header-fr-en-e1753101660147.webp","width":682,"height":360},{"@type":"BreadcrumbList","@id":"https:\/\/invertas.lt\/produktai\/duju-analizatoriai\/paramagnetinis-deguonies-duju-analizatorius-zaj\/#breadcrumb","itemListElement":[{"@type":"ListItem","position":1,"name":"Prad\u017eia","item":"https:\/\/invertas.lt\/"},{"@type":"ListItem","position":2,"name":"Products","item":"https:\/\/invertas.lt\/shop\/"},{"@type":"ListItem","position":3,"name":"Duj\u0173 analizatoriai","item":"https:\/\/invertas.lt\/.\/duju-analizatoriai\/"},{"@type":"ListItem","position":4,"name":"Fuji Electric paramagnetinis deguonies duj\u0173 analizatorius \u2013 ZAJ"}]},{"@type":"WebSite","@id":"https:\/\/invertas.lt\/#website","url":"https:\/\/invertas.lt\/","name":"Invert","description":"","publisher":{"@id":"https:\/\/invertas.lt\/#organization"},"potentialAction":[{"@type":"SearchAction","target":{"@type":"EntryPoint","urlTemplate":"https:\/\/invertas.lt\/?s={search_term_string}"},"query-input":{"@type":"PropertyValueSpecification","valueRequired":true,"valueName":"search_term_string"}}],"inLanguage":"en-GB"},{"@type":"Organization","@id":"https:\/\/invertas.lt\/#organization","name":"Invert","url":"https:\/\/invertas.lt\/","logo":{"@type":"ImageObject","inLanguage":"en-GB","@id":"https:\/\/invertas.lt\/#\/schema\/logo\/image\/","url":"https:\/\/invertas.lt\/wp-content\/uploads\/2025\/03\/New-Text-Document-2.svg","contentUrl":"https:\/\/invertas.lt\/wp-content\/uploads\/2025\/03\/New-Text-Document-2.svg","width":140,"height":39,"caption":"Invertas"},"image":{"@id":"https:\/\/invertas.lt\/#\/schema\/logo\/image\/"}}]}},"_links":{"self":[{"href":"https:\/\/invertas.lt\/en\/wp-json\/wp\/v2\/product\/7517","targetHints":{"allow":["GET"]}}],"collection":[{"href":"https:\/\/invertas.lt\/en\/wp-json\/wp\/v2\/product"}],"about":[{"href":"https:\/\/invertas.lt\/en\/wp-json\/wp\/v2\/types\/product"}],"replies":[{"embeddable":true,"href":"https:\/\/invertas.lt\/en\/wp-json\/wp\/v2\/comments?post=7517"}],"wp:featuredmedia":[{"embeddable":true,"href":"https:\/\/invertas.lt\/en\/wp-json\/wp\/v2\/media\/7518"}],"wp:attachment":[{"href":"https:\/\/invertas.lt\/en\/wp-json\/wp\/v2\/media?parent=7517"}],"wp:term":[{"taxonomy":"product_brand","embeddable":true,"href":"https:\/\/invertas.lt\/en\/wp-json\/wp\/v2\/product_brand?post=7517"},{"taxonomy":"product_cat","embeddable":true,"href":"https:\/\/invertas.lt\/en\/wp-json\/wp\/v2\/product_cat?post=7517"},{"taxonomy":"product_tag","embeddable":true,"href":"https:\/\/invertas.lt\/en\/wp-json\/wp\/v2\/product_tag?post=7517"}],"curies":[{"name":"wp","href":"https:\/\/api.w.org\/{rel}","templated":true}]}}