{"id":7454,"date":"2025-06-22T09:41:17","date_gmt":"2025-06-22T09:41:17","guid":{"rendered":"https:\/\/aurimasb15.sg-host.com\/?post_type=product&#038;p=7454"},"modified":"2025-08-07T15:49:40","modified_gmt":"2025-08-07T15:49:40","slug":"signaline-lempa-nivoled-nl-9000","status":"publish","type":"product","link":"https:\/\/invertas.lt\/en\/produktai\/lygio-matuokliai\/signaline-lempa-nivoled-nl-9000\/","title":{"rendered":"UWT signal lamp NivoLED\u00ae \u2013 NL 9000"},"content":{"rendered":"<p data-start=\"0\" data-end=\"18\"><strong data-start=\"0\" data-end=\"18\">Fields of application<\/strong><\/p>\n<p data-start=\"20\" data-end=\"292\">NivoLED\u00ae 9000 \u2013 LED signal lamp for hazardous areas, indicating the switching status of level sensors in green and red. Allows the operator to quickly notice problems and prevent downtime. Can be integrated into systems or used in conjunction with sensors.<\/p>\n<p data-start=\"294\" data-end=\"305\"><strong data-start=\"294\" data-end=\"305\">Features<\/strong><\/p>\n<ul>\n<li data-start=\"309\" data-end=\"372\">Clear status indicator in hazardous areas (zone 21 and zone 2)<\/li>\n<li data-start=\"375\" data-end=\"426\">Easy integration with sensors and devices<\/li>\n<li data-start=\"429\" data-end=\"473\">Energy-saving, long-lasting LED technology<\/li>\n<\/ul>","protected":false},"excerpt":{"rendered":"<p>Taikymo sritys NivoLED\u00ae 9000 \u2013 signalin\u0117 LED lempa pavojingose zonose, rodanti lygio jutikli\u0173 perjungimo b\u016bsen\u0105 \u017ealia ir raudona spalvomis. Leid\u017eia operatoriui greitai pasteb\u0117ti problemas ir u\u017ekirsti keli\u0105 prastovoms. Gali b\u016bti integruojama \u012f sistemas arba naudojama kartu su jutikliais. Savyb\u0117s Ai\u0161kus b\u016bsenos indikatorius pavojingose zonose (21 ir 2 zona) Paprasta integracija su jutikliais ir \u012frenginiais Energij\u0105 [&hellip;]<\/p>","protected":false},"featured_media":7463,"comment_status":"open","ping_status":"closed","template":"","meta":{"_acf_changed":false,"inline_featured_image":false},"product_brand":[],"product_cat":[411],"product_tag":[],"class_list":{"0":"post-7454","1":"product","2":"type-product","3":"status-publish","4":"has-post-thumbnail","6":"product_cat-lygio-matuokliai","8":"first","9":"instock","10":"shipping-taxable","11":"purchasable","12":"product-type-simple"},"acf":[],"yoast_head":"<!-- This site is optimized with the Yoast SEO plugin v25.5 - https:\/\/yoast.com\/wordpress\/plugins\/seo\/ -->\n<title>UWT signalin\u0117 lempa NivoLED\u00ae - NL 9000 - Invertas<\/title>\n<meta name=\"description\" content=\"NivoLED\u00ae 9000 \u2013 signalin\u0117 LED lempa pavojingose zonose, rodanti lygio jutikli\u0173 perjungimo b\u016bsen\u0105 \u017ealia ir raudona spalvomis.\" \/>\n<meta name=\"robots\" content=\"index, follow, max-snippet:-1, max-image-preview:large, max-video-preview:-1\" \/>\n<link rel=\"canonical\" href=\"https:\/\/invertas.lt\/en\/produktai\/lygio-matuokliai\/signaline-lempa-nivoled-nl-9000\/\" \/>\n<meta property=\"og:locale\" content=\"en_GB\" \/>\n<meta property=\"og:type\" content=\"article\" \/>\n<meta property=\"og:title\" content=\"UWT signalin\u0117 lempa NivoLED\u00ae - NL 9000 - Invertas\" \/>\n<meta property=\"og:description\" content=\"NivoLED\u00ae 9000 \u2013 signalin\u0117 LED lempa pavojingose zonose, rodanti lygio jutikli\u0173 perjungimo b\u016bsen\u0105 \u017ealia ir raudona spalvomis.\" \/>\n<meta property=\"og:url\" content=\"https:\/\/invertas.lt\/en\/produktai\/lygio-matuokliai\/signaline-lempa-nivoled-nl-9000\/\" \/>\n<meta property=\"og:site_name\" content=\"Invertas\" \/>\n<meta property=\"article:modified_time\" content=\"2025-08-07T15:49:40+00:00\" \/>\n<meta property=\"og:image\" content=\"https:\/\/invertas.lt\/wp-content\/uploads\/2025\/06\/nivoled-9000-green-signallight_1.jpg\" \/>\n\t<meta property=\"og:image:width\" content=\"1000\" \/>\n\t<meta property=\"og:image:height\" content=\"1000\" \/>\n\t<meta property=\"og:image:type\" content=\"image\/jpeg\" \/>\n<meta name=\"twitter:card\" content=\"summary_large_image\" \/>\n<meta name=\"twitter:label1\" content=\"Estimated reading time\" \/>\n\t<meta name=\"twitter:data1\" content=\"1 minute\" \/>\n<script type=\"application\/ld+json\" class=\"yoast-schema-graph\">{\"@context\":\"https:\/\/schema.org\",\"@graph\":[{\"@type\":\"WebPage\",\"@id\":\"https:\/\/invertas.lt\/produktai\/lygio-matuokliai\/signaline-lempa-nivoled-nl-9000\/\",\"url\":\"https:\/\/invertas.lt\/produktai\/lygio-matuokliai\/signaline-lempa-nivoled-nl-9000\/\",\"name\":\"UWT signalin\u0117 lempa NivoLED\u00ae - NL 9000 - Invertas\",\"isPartOf\":{\"@id\":\"https:\/\/invertas.lt\/#website\"},\"primaryImageOfPage\":{\"@id\":\"https:\/\/invertas.lt\/produktai\/lygio-matuokliai\/signaline-lempa-nivoled-nl-9000\/#primaryimage\"},\"image\":{\"@id\":\"https:\/\/invertas.lt\/produktai\/lygio-matuokliai\/signaline-lempa-nivoled-nl-9000\/#primaryimage\"},\"thumbnailUrl\":\"https:\/\/invertas.lt\/wp-content\/uploads\/2025\/06\/nivoled-9000-green-signallight_1.jpg\",\"datePublished\":\"2025-06-22T09:41:17+00:00\",\"dateModified\":\"2025-08-07T15:49:40+00:00\",\"description\":\"NivoLED\u00ae 9000 \u2013 signalin\u0117 LED lempa pavojingose zonose, rodanti lygio jutikli\u0173 perjungimo b\u016bsen\u0105 \u017ealia ir raudona spalvomis.\",\"breadcrumb\":{\"@id\":\"https:\/\/invertas.lt\/produktai\/lygio-matuokliai\/signaline-lempa-nivoled-nl-9000\/#breadcrumb\"},\"inLanguage\":\"en-GB\",\"potentialAction\":[{\"@type\":\"ReadAction\",\"target\":[\"https:\/\/invertas.lt\/produktai\/lygio-matuokliai\/signaline-lempa-nivoled-nl-9000\/\"]}]},{\"@type\":\"ImageObject\",\"inLanguage\":\"en-GB\",\"@id\":\"https:\/\/invertas.lt\/produktai\/lygio-matuokliai\/signaline-lempa-nivoled-nl-9000\/#primaryimage\",\"url\":\"https:\/\/invertas.lt\/wp-content\/uploads\/2025\/06\/nivoled-9000-green-signallight_1.jpg\",\"contentUrl\":\"https:\/\/invertas.lt\/wp-content\/uploads\/2025\/06\/nivoled-9000-green-signallight_1.jpg\",\"width\":1000,\"height\":1000},{\"@type\":\"BreadcrumbList\",\"@id\":\"https:\/\/invertas.lt\/produktai\/lygio-matuokliai\/signaline-lempa-nivoled-nl-9000\/#breadcrumb\",\"itemListElement\":[{\"@type\":\"ListItem\",\"position\":1,\"name\":\"Prad\u017eia\",\"item\":\"https:\/\/invertas.lt\/\"},{\"@type\":\"ListItem\",\"position\":2,\"name\":\"Products\",\"item\":\"https:\/\/invertas.lt\/shop\/\"},{\"@type\":\"ListItem\",\"position\":3,\"name\":\"Lygio matuokliai\",\"item\":\"https:\/\/invertas.lt\/.\/lygio-matuokliai\/\"},{\"@type\":\"ListItem\",\"position\":4,\"name\":\"UWT signalin\u0117 lempa NivoLED\u00ae &#8211; NL 9000\"}]},{\"@type\":\"WebSite\",\"@id\":\"https:\/\/invertas.lt\/#website\",\"url\":\"https:\/\/invertas.lt\/\",\"name\":\"Invertas\",\"description\":\"\",\"publisher\":{\"@id\":\"https:\/\/invertas.lt\/#organization\"},\"potentialAction\":[{\"@type\":\"SearchAction\",\"target\":{\"@type\":\"EntryPoint\",\"urlTemplate\":\"https:\/\/invertas.lt\/?s={search_term_string}\"},\"query-input\":{\"@type\":\"PropertyValueSpecification\",\"valueRequired\":true,\"valueName\":\"search_term_string\"}}],\"inLanguage\":\"en-GB\"},{\"@type\":\"Organization\",\"@id\":\"https:\/\/invertas.lt\/#organization\",\"name\":\"Invertas\",\"url\":\"https:\/\/invertas.lt\/\",\"logo\":{\"@type\":\"ImageObject\",\"inLanguage\":\"en-GB\",\"@id\":\"https:\/\/invertas.lt\/#\/schema\/logo\/image\/\",\"url\":\"https:\/\/invertas.lt\/wp-content\/uploads\/2025\/03\/New-Text-Document-2.svg\",\"contentUrl\":\"https:\/\/invertas.lt\/wp-content\/uploads\/2025\/03\/New-Text-Document-2.svg\",\"width\":140,\"height\":39,\"caption\":\"Invertas\"},\"image\":{\"@id\":\"https:\/\/invertas.lt\/#\/schema\/logo\/image\/\"}}]}<\/script>\n<!-- \/ Yoast SEO plugin. -->","yoast_head_json":{"title":"UWT signalin\u0117 lempa NivoLED\u00ae - NL 9000 - Invertas","description":"NivoLED\u00ae 9000 \u2013 signalin\u0117 LED lempa pavojingose zonose, rodanti lygio jutikli\u0173 perjungimo b\u016bsen\u0105 \u017ealia ir raudona spalvomis.","robots":{"index":"index","follow":"follow","max-snippet":"max-snippet:-1","max-image-preview":"max-image-preview:large","max-video-preview":"max-video-preview:-1"},"canonical":"https:\/\/invertas.lt\/en\/produktai\/lygio-matuokliai\/signaline-lempa-nivoled-nl-9000\/","og_locale":"en_GB","og_type":"article","og_title":"UWT signalin\u0117 lempa NivoLED\u00ae - NL 9000 - Invertas","og_description":"NivoLED\u00ae 9000 \u2013 signalin\u0117 LED lempa pavojingose zonose, rodanti lygio jutikli\u0173 perjungimo b\u016bsen\u0105 \u017ealia ir raudona spalvomis.","og_url":"https:\/\/invertas.lt\/en\/produktai\/lygio-matuokliai\/signaline-lempa-nivoled-nl-9000\/","og_site_name":"Invertas","article_modified_time":"2025-08-07T15:49:40+00:00","og_image":[{"width":1000,"height":1000,"url":"https:\/\/invertas.lt\/wp-content\/uploads\/2025\/06\/nivoled-9000-green-signallight_1.jpg","type":"image\/jpeg"}],"twitter_card":"summary_large_image","twitter_misc":{"Estimated reading time":"1 minute"},"schema":{"@context":"https:\/\/schema.org","@graph":[{"@type":"WebPage","@id":"https:\/\/invertas.lt\/produktai\/lygio-matuokliai\/signaline-lempa-nivoled-nl-9000\/","url":"https:\/\/invertas.lt\/produktai\/lygio-matuokliai\/signaline-lempa-nivoled-nl-9000\/","name":"UWT signalin\u0117 lempa NivoLED\u00ae - NL 9000 - Invertas","isPartOf":{"@id":"https:\/\/invertas.lt\/#website"},"primaryImageOfPage":{"@id":"https:\/\/invertas.lt\/produktai\/lygio-matuokliai\/signaline-lempa-nivoled-nl-9000\/#primaryimage"},"image":{"@id":"https:\/\/invertas.lt\/produktai\/lygio-matuokliai\/signaline-lempa-nivoled-nl-9000\/#primaryimage"},"thumbnailUrl":"https:\/\/invertas.lt\/wp-content\/uploads\/2025\/06\/nivoled-9000-green-signallight_1.jpg","datePublished":"2025-06-22T09:41:17+00:00","dateModified":"2025-08-07T15:49:40+00:00","description":"NivoLED\u00ae 9000 \u2013 signalin\u0117 LED lempa pavojingose zonose, rodanti lygio jutikli\u0173 perjungimo b\u016bsen\u0105 \u017ealia ir raudona spalvomis.","breadcrumb":{"@id":"https:\/\/invertas.lt\/produktai\/lygio-matuokliai\/signaline-lempa-nivoled-nl-9000\/#breadcrumb"},"inLanguage":"en-GB","potentialAction":[{"@type":"ReadAction","target":["https:\/\/invertas.lt\/produktai\/lygio-matuokliai\/signaline-lempa-nivoled-nl-9000\/"]}]},{"@type":"ImageObject","inLanguage":"en-GB","@id":"https:\/\/invertas.lt\/produktai\/lygio-matuokliai\/signaline-lempa-nivoled-nl-9000\/#primaryimage","url":"https:\/\/invertas.lt\/wp-content\/uploads\/2025\/06\/nivoled-9000-green-signallight_1.jpg","contentUrl":"https:\/\/invertas.lt\/wp-content\/uploads\/2025\/06\/nivoled-9000-green-signallight_1.jpg","width":1000,"height":1000},{"@type":"BreadcrumbList","@id":"https:\/\/invertas.lt\/produktai\/lygio-matuokliai\/signaline-lempa-nivoled-nl-9000\/#breadcrumb","itemListElement":[{"@type":"ListItem","position":1,"name":"Prad\u017eia","item":"https:\/\/invertas.lt\/"},{"@type":"ListItem","position":2,"name":"Products","item":"https:\/\/invertas.lt\/shop\/"},{"@type":"ListItem","position":3,"name":"Lygio matuokliai","item":"https:\/\/invertas.lt\/.\/lygio-matuokliai\/"},{"@type":"ListItem","position":4,"name":"UWT signalin\u0117 lempa NivoLED\u00ae &#8211; NL 9000"}]},{"@type":"WebSite","@id":"https:\/\/invertas.lt\/#website","url":"https:\/\/invertas.lt\/","name":"Invert","description":"","publisher":{"@id":"https:\/\/invertas.lt\/#organization"},"potentialAction":[{"@type":"SearchAction","target":{"@type":"EntryPoint","urlTemplate":"https:\/\/invertas.lt\/?s={search_term_string}"},"query-input":{"@type":"PropertyValueSpecification","valueRequired":true,"valueName":"search_term_string"}}],"inLanguage":"en-GB"},{"@type":"Organization","@id":"https:\/\/invertas.lt\/#organization","name":"Invert","url":"https:\/\/invertas.lt\/","logo":{"@type":"ImageObject","inLanguage":"en-GB","@id":"https:\/\/invertas.lt\/#\/schema\/logo\/image\/","url":"https:\/\/invertas.lt\/wp-content\/uploads\/2025\/03\/New-Text-Document-2.svg","contentUrl":"https:\/\/invertas.lt\/wp-content\/uploads\/2025\/03\/New-Text-Document-2.svg","width":140,"height":39,"caption":"Invertas"},"image":{"@id":"https:\/\/invertas.lt\/#\/schema\/logo\/image\/"}}]}},"_links":{"self":[{"href":"https:\/\/invertas.lt\/en\/wp-json\/wp\/v2\/product\/7454","targetHints":{"allow":["GET"]}}],"collection":[{"href":"https:\/\/invertas.lt\/en\/wp-json\/wp\/v2\/product"}],"about":[{"href":"https:\/\/invertas.lt\/en\/wp-json\/wp\/v2\/types\/product"}],"replies":[{"embeddable":true,"href":"https:\/\/invertas.lt\/en\/wp-json\/wp\/v2\/comments?post=7454"}],"wp:featuredmedia":[{"embeddable":true,"href":"https:\/\/invertas.lt\/en\/wp-json\/wp\/v2\/media\/7463"}],"wp:attachment":[{"href":"https:\/\/invertas.lt\/en\/wp-json\/wp\/v2\/media?parent=7454"}],"wp:term":[{"taxonomy":"product_brand","embeddable":true,"href":"https:\/\/invertas.lt\/en\/wp-json\/wp\/v2\/product_brand?post=7454"},{"taxonomy":"product_cat","embeddable":true,"href":"https:\/\/invertas.lt\/en\/wp-json\/wp\/v2\/product_cat?post=7454"},{"taxonomy":"product_tag","embeddable":true,"href":"https:\/\/invertas.lt\/en\/wp-json\/wp\/v2\/product_tag?post=7454"}],"curies":[{"name":"wp","href":"https:\/\/api.w.org\/{rel}","templated":true}]}}