{"id":7448,"date":"2025-06-21T21:12:59","date_gmt":"2025-06-21T21:12:59","guid":{"rendered":"https:\/\/aurimasb15.sg-host.com\/?post_type=product&#038;p=7448"},"modified":"2025-08-07T15:49:13","modified_gmt":"2025-08-07T15:49:13","slug":"atsargu-stebejimas-nivotec-nt-9000-vietinis-uzpildymo-lygio-indikatorius","status":"publish","type":"product","link":"https:\/\/invertas.lt\/en\/produktai\/lygio-matuokliai\/atsargu-stebejimas-nivotec-nt-9000-vietinis-uzpildymo-lygio-indikatorius\/","title":{"rendered":"UWT inventory monitoring NivoTec\u00ae \u2013 NT 9000"},"content":{"rendered":"<p data-start=\"0\" data-end=\"18\"><strong data-start=\"0\" data-end=\"18\">Fields of application<\/strong><\/p>\n<p data-start=\"20\" data-end=\"209\">NivoTec\u00ae NT 9000 \u2013 local display device for 4\u202620 mA signal. Suitable for passive (2-wire) and active (4-wire) sensors. Allows the display of current or output values (e.g. volume, mass).<\/p>\n<p data-start=\"211\" data-end=\"222\"><strong data-start=\"211\" data-end=\"222\">Features<\/strong><\/p>\n<ul>\n<li data-start=\"226\" data-end=\"259\">Level display in convenient locations<\/li>\n<li data-start=\"262\" data-end=\"309\">Easy installation, suitable for outdoor conditions<\/li>\n<li data-start=\"312\" data-end=\"352\">Compatible with all 4\u202620 mA sensors<\/li>\n<\/ul>","protected":false},"excerpt":{"rendered":"<p>Taikymo sritys NivoTec\u00ae NT 9000 \u2013 vietinio rodymo \u012frenginys 4\u202620 mA signalui. Tinka pasyviems (2 laid\u0173) ir aktyviems (4 laid\u0173) jutikliams. Leid\u017eia rodyti srov\u0117s arba i\u0161skal\u0117s reik\u0161mes (pvz., t\u016bris, mas\u0117). Savyb\u0117s Lygio rodymas patogiose vietose Paprastas montavimas, tinkamas lauko s\u0105lygoms Suderinamas su visais 4\u202620 mA jutikliais<\/p>","protected":false},"featured_media":7449,"comment_status":"open","ping_status":"closed","template":"","meta":{"_acf_changed":false,"inline_featured_image":false},"product_brand":[],"product_cat":[411],"product_tag":[],"class_list":{"0":"post-7448","1":"product","2":"type-product","3":"status-publish","4":"has-post-thumbnail","6":"product_cat-lygio-matuokliai","8":"first","9":"instock","10":"shipping-taxable","11":"purchasable","12":"product-type-simple"},"acf":[],"yoast_head":"<!-- This site is optimized with the Yoast SEO plugin v25.5 - https:\/\/yoast.com\/wordpress\/plugins\/seo\/ -->\n<title>UWT atsarg\u0173 steb\u0117jimas NivoTec\u00ae - NT 9000 - Invertas<\/title>\n<meta name=\"description\" content=\"NivoTec\u00ae NT 9000 \u2013 vietinio rodymo \u012frenginys 4\u202620 mA signalui. Tinka pasyviems (2 laid\u0173) ir aktyviems (4 laid\u0173) jutikliams.\" \/>\n<meta name=\"robots\" content=\"index, follow, max-snippet:-1, max-image-preview:large, max-video-preview:-1\" \/>\n<link rel=\"canonical\" href=\"https:\/\/invertas.lt\/en\/produktai\/lygio-matuokliai\/atsargu-stebejimas-nivotec-nt-9000-vietinis-uzpildymo-lygio-indikatorius\/\" \/>\n<meta property=\"og:locale\" content=\"en_GB\" \/>\n<meta property=\"og:type\" content=\"article\" \/>\n<meta property=\"og:title\" content=\"UWT atsarg\u0173 steb\u0117jimas NivoTec\u00ae - NT 9000 - Invertas\" \/>\n<meta property=\"og:description\" content=\"NivoTec\u00ae NT 9000 \u2013 vietinio rodymo \u012frenginys 4\u202620 mA signalui. Tinka pasyviems (2 laid\u0173) ir aktyviems (4 laid\u0173) jutikliams.\" \/>\n<meta property=\"og:url\" content=\"https:\/\/invertas.lt\/en\/produktai\/lygio-matuokliai\/atsargu-stebejimas-nivotec-nt-9000-vietinis-uzpildymo-lygio-indikatorius\/\" \/>\n<meta property=\"og:site_name\" content=\"Invertas\" \/>\n<meta property=\"article:modified_time\" content=\"2025-08-07T15:49:13+00:00\" \/>\n<meta property=\"og:image\" content=\"https:\/\/invertas.lt\/wp-content\/uploads\/2025\/06\/nt90000-nivotec-local-level-visualisation-digit-display-new.jpg\" \/>\n\t<meta property=\"og:image:width\" content=\"1000\" \/>\n\t<meta property=\"og:image:height\" content=\"1000\" \/>\n\t<meta property=\"og:image:type\" content=\"image\/jpeg\" \/>\n<meta name=\"twitter:card\" content=\"summary_large_image\" \/>\n<meta name=\"twitter:label1\" content=\"Estimated reading time\" \/>\n\t<meta name=\"twitter:data1\" content=\"1 minute\" \/>\n<script type=\"application\/ld+json\" class=\"yoast-schema-graph\">{\"@context\":\"https:\/\/schema.org\",\"@graph\":[{\"@type\":\"WebPage\",\"@id\":\"https:\/\/invertas.lt\/produktai\/lygio-matuokliai\/atsargu-stebejimas-nivotec-nt-9000-vietinis-uzpildymo-lygio-indikatorius\/\",\"url\":\"https:\/\/invertas.lt\/produktai\/lygio-matuokliai\/atsargu-stebejimas-nivotec-nt-9000-vietinis-uzpildymo-lygio-indikatorius\/\",\"name\":\"UWT atsarg\u0173 steb\u0117jimas NivoTec\u00ae - NT 9000 - Invertas\",\"isPartOf\":{\"@id\":\"https:\/\/invertas.lt\/#website\"},\"primaryImageOfPage\":{\"@id\":\"https:\/\/invertas.lt\/produktai\/lygio-matuokliai\/atsargu-stebejimas-nivotec-nt-9000-vietinis-uzpildymo-lygio-indikatorius\/#primaryimage\"},\"image\":{\"@id\":\"https:\/\/invertas.lt\/produktai\/lygio-matuokliai\/atsargu-stebejimas-nivotec-nt-9000-vietinis-uzpildymo-lygio-indikatorius\/#primaryimage\"},\"thumbnailUrl\":\"https:\/\/invertas.lt\/wp-content\/uploads\/2025\/06\/nt90000-nivotec-local-level-visualisation-digit-display-new.jpg\",\"datePublished\":\"2025-06-21T21:12:59+00:00\",\"dateModified\":\"2025-08-07T15:49:13+00:00\",\"description\":\"NivoTec\u00ae NT 9000 \u2013 vietinio rodymo \u012frenginys 4\u202620 mA signalui. Tinka pasyviems (2 laid\u0173) ir aktyviems (4 laid\u0173) jutikliams.\",\"breadcrumb\":{\"@id\":\"https:\/\/invertas.lt\/produktai\/lygio-matuokliai\/atsargu-stebejimas-nivotec-nt-9000-vietinis-uzpildymo-lygio-indikatorius\/#breadcrumb\"},\"inLanguage\":\"en-GB\",\"potentialAction\":[{\"@type\":\"ReadAction\",\"target\":[\"https:\/\/invertas.lt\/produktai\/lygio-matuokliai\/atsargu-stebejimas-nivotec-nt-9000-vietinis-uzpildymo-lygio-indikatorius\/\"]}]},{\"@type\":\"ImageObject\",\"inLanguage\":\"en-GB\",\"@id\":\"https:\/\/invertas.lt\/produktai\/lygio-matuokliai\/atsargu-stebejimas-nivotec-nt-9000-vietinis-uzpildymo-lygio-indikatorius\/#primaryimage\",\"url\":\"https:\/\/invertas.lt\/wp-content\/uploads\/2025\/06\/nt90000-nivotec-local-level-visualisation-digit-display-new.jpg\",\"contentUrl\":\"https:\/\/invertas.lt\/wp-content\/uploads\/2025\/06\/nt90000-nivotec-local-level-visualisation-digit-display-new.jpg\",\"width\":1000,\"height\":1000},{\"@type\":\"BreadcrumbList\",\"@id\":\"https:\/\/invertas.lt\/produktai\/lygio-matuokliai\/atsargu-stebejimas-nivotec-nt-9000-vietinis-uzpildymo-lygio-indikatorius\/#breadcrumb\",\"itemListElement\":[{\"@type\":\"ListItem\",\"position\":1,\"name\":\"Prad\u017eia\",\"item\":\"https:\/\/invertas.lt\/\"},{\"@type\":\"ListItem\",\"position\":2,\"name\":\"Products\",\"item\":\"https:\/\/invertas.lt\/shop\/\"},{\"@type\":\"ListItem\",\"position\":3,\"name\":\"Lygio matuokliai\",\"item\":\"https:\/\/invertas.lt\/.\/lygio-matuokliai\/\"},{\"@type\":\"ListItem\",\"position\":4,\"name\":\"UWT atsarg\u0173 steb\u0117jimas NivoTec\u00ae &#8211; NT 9000\"}]},{\"@type\":\"WebSite\",\"@id\":\"https:\/\/invertas.lt\/#website\",\"url\":\"https:\/\/invertas.lt\/\",\"name\":\"Invertas\",\"description\":\"\",\"publisher\":{\"@id\":\"https:\/\/invertas.lt\/#organization\"},\"potentialAction\":[{\"@type\":\"SearchAction\",\"target\":{\"@type\":\"EntryPoint\",\"urlTemplate\":\"https:\/\/invertas.lt\/?s={search_term_string}\"},\"query-input\":{\"@type\":\"PropertyValueSpecification\",\"valueRequired\":true,\"valueName\":\"search_term_string\"}}],\"inLanguage\":\"en-GB\"},{\"@type\":\"Organization\",\"@id\":\"https:\/\/invertas.lt\/#organization\",\"name\":\"Invertas\",\"url\":\"https:\/\/invertas.lt\/\",\"logo\":{\"@type\":\"ImageObject\",\"inLanguage\":\"en-GB\",\"@id\":\"https:\/\/invertas.lt\/#\/schema\/logo\/image\/\",\"url\":\"https:\/\/invertas.lt\/wp-content\/uploads\/2025\/03\/New-Text-Document-2.svg\",\"contentUrl\":\"https:\/\/invertas.lt\/wp-content\/uploads\/2025\/03\/New-Text-Document-2.svg\",\"width\":140,\"height\":39,\"caption\":\"Invertas\"},\"image\":{\"@id\":\"https:\/\/invertas.lt\/#\/schema\/logo\/image\/\"}}]}<\/script>\n<!-- \/ Yoast SEO plugin. -->","yoast_head_json":{"title":"UWT atsarg\u0173 steb\u0117jimas NivoTec\u00ae - NT 9000 - Invertas","description":"NivoTec\u00ae NT 9000 \u2013 vietinio rodymo \u012frenginys 4\u202620 mA signalui. Tinka pasyviems (2 laid\u0173) ir aktyviems (4 laid\u0173) jutikliams.","robots":{"index":"index","follow":"follow","max-snippet":"max-snippet:-1","max-image-preview":"max-image-preview:large","max-video-preview":"max-video-preview:-1"},"canonical":"https:\/\/invertas.lt\/en\/produktai\/lygio-matuokliai\/atsargu-stebejimas-nivotec-nt-9000-vietinis-uzpildymo-lygio-indikatorius\/","og_locale":"en_GB","og_type":"article","og_title":"UWT atsarg\u0173 steb\u0117jimas NivoTec\u00ae - NT 9000 - Invertas","og_description":"NivoTec\u00ae NT 9000 \u2013 vietinio rodymo \u012frenginys 4\u202620 mA signalui. Tinka pasyviems (2 laid\u0173) ir aktyviems (4 laid\u0173) jutikliams.","og_url":"https:\/\/invertas.lt\/en\/produktai\/lygio-matuokliai\/atsargu-stebejimas-nivotec-nt-9000-vietinis-uzpildymo-lygio-indikatorius\/","og_site_name":"Invertas","article_modified_time":"2025-08-07T15:49:13+00:00","og_image":[{"width":1000,"height":1000,"url":"https:\/\/invertas.lt\/wp-content\/uploads\/2025\/06\/nt90000-nivotec-local-level-visualisation-digit-display-new.jpg","type":"image\/jpeg"}],"twitter_card":"summary_large_image","twitter_misc":{"Estimated reading time":"1 minute"},"schema":{"@context":"https:\/\/schema.org","@graph":[{"@type":"WebPage","@id":"https:\/\/invertas.lt\/produktai\/lygio-matuokliai\/atsargu-stebejimas-nivotec-nt-9000-vietinis-uzpildymo-lygio-indikatorius\/","url":"https:\/\/invertas.lt\/produktai\/lygio-matuokliai\/atsargu-stebejimas-nivotec-nt-9000-vietinis-uzpildymo-lygio-indikatorius\/","name":"UWT atsarg\u0173 steb\u0117jimas NivoTec\u00ae - NT 9000 - Invertas","isPartOf":{"@id":"https:\/\/invertas.lt\/#website"},"primaryImageOfPage":{"@id":"https:\/\/invertas.lt\/produktai\/lygio-matuokliai\/atsargu-stebejimas-nivotec-nt-9000-vietinis-uzpildymo-lygio-indikatorius\/#primaryimage"},"image":{"@id":"https:\/\/invertas.lt\/produktai\/lygio-matuokliai\/atsargu-stebejimas-nivotec-nt-9000-vietinis-uzpildymo-lygio-indikatorius\/#primaryimage"},"thumbnailUrl":"https:\/\/invertas.lt\/wp-content\/uploads\/2025\/06\/nt90000-nivotec-local-level-visualisation-digit-display-new.jpg","datePublished":"2025-06-21T21:12:59+00:00","dateModified":"2025-08-07T15:49:13+00:00","description":"NivoTec\u00ae NT 9000 \u2013 vietinio rodymo \u012frenginys 4\u202620 mA signalui. Tinka pasyviems (2 laid\u0173) ir aktyviems (4 laid\u0173) jutikliams.","breadcrumb":{"@id":"https:\/\/invertas.lt\/produktai\/lygio-matuokliai\/atsargu-stebejimas-nivotec-nt-9000-vietinis-uzpildymo-lygio-indikatorius\/#breadcrumb"},"inLanguage":"en-GB","potentialAction":[{"@type":"ReadAction","target":["https:\/\/invertas.lt\/produktai\/lygio-matuokliai\/atsargu-stebejimas-nivotec-nt-9000-vietinis-uzpildymo-lygio-indikatorius\/"]}]},{"@type":"ImageObject","inLanguage":"en-GB","@id":"https:\/\/invertas.lt\/produktai\/lygio-matuokliai\/atsargu-stebejimas-nivotec-nt-9000-vietinis-uzpildymo-lygio-indikatorius\/#primaryimage","url":"https:\/\/invertas.lt\/wp-content\/uploads\/2025\/06\/nt90000-nivotec-local-level-visualisation-digit-display-new.jpg","contentUrl":"https:\/\/invertas.lt\/wp-content\/uploads\/2025\/06\/nt90000-nivotec-local-level-visualisation-digit-display-new.jpg","width":1000,"height":1000},{"@type":"BreadcrumbList","@id":"https:\/\/invertas.lt\/produktai\/lygio-matuokliai\/atsargu-stebejimas-nivotec-nt-9000-vietinis-uzpildymo-lygio-indikatorius\/#breadcrumb","itemListElement":[{"@type":"ListItem","position":1,"name":"Prad\u017eia","item":"https:\/\/invertas.lt\/"},{"@type":"ListItem","position":2,"name":"Products","item":"https:\/\/invertas.lt\/shop\/"},{"@type":"ListItem","position":3,"name":"Lygio matuokliai","item":"https:\/\/invertas.lt\/.\/lygio-matuokliai\/"},{"@type":"ListItem","position":4,"name":"UWT atsarg\u0173 steb\u0117jimas NivoTec\u00ae &#8211; NT 9000"}]},{"@type":"WebSite","@id":"https:\/\/invertas.lt\/#website","url":"https:\/\/invertas.lt\/","name":"Invert","description":"","publisher":{"@id":"https:\/\/invertas.lt\/#organization"},"potentialAction":[{"@type":"SearchAction","target":{"@type":"EntryPoint","urlTemplate":"https:\/\/invertas.lt\/?s={search_term_string}"},"query-input":{"@type":"PropertyValueSpecification","valueRequired":true,"valueName":"search_term_string"}}],"inLanguage":"en-GB"},{"@type":"Organization","@id":"https:\/\/invertas.lt\/#organization","name":"Invert","url":"https:\/\/invertas.lt\/","logo":{"@type":"ImageObject","inLanguage":"en-GB","@id":"https:\/\/invertas.lt\/#\/schema\/logo\/image\/","url":"https:\/\/invertas.lt\/wp-content\/uploads\/2025\/03\/New-Text-Document-2.svg","contentUrl":"https:\/\/invertas.lt\/wp-content\/uploads\/2025\/03\/New-Text-Document-2.svg","width":140,"height":39,"caption":"Invertas"},"image":{"@id":"https:\/\/invertas.lt\/#\/schema\/logo\/image\/"}}]}},"_links":{"self":[{"href":"https:\/\/invertas.lt\/en\/wp-json\/wp\/v2\/product\/7448","targetHints":{"allow":["GET"]}}],"collection":[{"href":"https:\/\/invertas.lt\/en\/wp-json\/wp\/v2\/product"}],"about":[{"href":"https:\/\/invertas.lt\/en\/wp-json\/wp\/v2\/types\/product"}],"replies":[{"embeddable":true,"href":"https:\/\/invertas.lt\/en\/wp-json\/wp\/v2\/comments?post=7448"}],"wp:featuredmedia":[{"embeddable":true,"href":"https:\/\/invertas.lt\/en\/wp-json\/wp\/v2\/media\/7449"}],"wp:attachment":[{"href":"https:\/\/invertas.lt\/en\/wp-json\/wp\/v2\/media?parent=7448"}],"wp:term":[{"taxonomy":"product_brand","embeddable":true,"href":"https:\/\/invertas.lt\/en\/wp-json\/wp\/v2\/product_brand?post=7448"},{"taxonomy":"product_cat","embeddable":true,"href":"https:\/\/invertas.lt\/en\/wp-json\/wp\/v2\/product_cat?post=7448"},{"taxonomy":"product_tag","embeddable":true,"href":"https:\/\/invertas.lt\/en\/wp-json\/wp\/v2\/product_tag?post=7448"}],"curies":[{"name":"wp","href":"https:\/\/api.w.org\/{rel}","templated":true}]}}